{"id":1220,"date":"2022-09-16T12:45:25","date_gmt":"2022-09-16T12:45:25","guid":{"rendered":"https:\/\/www.jy-electric.com\/?post_type=product&#038;p=1220"},"modified":"2025-03-09T11:38:51","modified_gmt":"2025-03-09T11:38:51","slug":"zn85-40-5-high-voltage-vacuum-circuit-breaker","status":"publish","type":"product","link":"https:\/\/www.jyiele.com\/da\/product\/zn85-40-5-high-voltage-vacuum-circuit-breaker\/","title":{"rendered":"ZN85-40.5 H\u00f8jsp\u00e6ndings-vakuumafbryder"},"content":{"rendered":"<h2>Beskrivelse<\/h2>\n<p>ZN85 er en h\u00f8jsp\u00e6ndings-vakuumafbryder med en frekvens p\u00e5 50 Hz og en nominel sp\u00e6nding p\u00e5 40,5 kV. Den er meget velegnet til brug i industri- og minevirksomheder, kraftv\u00e6rker og transformerstationer, hvor hyppig drift er p\u00e5kr\u00e6vet. Dens stabile ydeevne og nemme installation g\u00f8r den til et ideelt valg til styring og beskyttelse i h\u00f8jsp\u00e6ndingstransmissions- og distributionssystemer.<\/p>\n<h2>Produktstandard<\/h2>\n<p>ZN85-40.5 h\u00f8jsp\u00e6ndings-vakuumafbryder overholder f\u00f8lgende standarder:<\/p>\n<p>IEC 62271-100 AC-afbryder til h\u00f8jsp\u00e6nding<br \/>\nGB\/T 11022-2011 Standard generel specifikation for h\u00f8jsp\u00e6ndingskoblingsudstyr og kontroludstyr<br \/>\nGB 1984 AC-afbryder til h\u00f8jsp\u00e6nding<br \/>\nGB 311.1 Isolationskoordinering af h\u00f8jsp\u00e6ndingsudstyr til transmission og distribution af str\u00f8m<\/p>\n<h2>Arbejdsforhold<\/h2>\n<p>Normale driftsforhold:<br \/>\nOmgivelsestemperatur: -40\u00b0C til +40\u00b0C (temperatur under 35\u00b0C inden for 24 timer)<br \/>\nRelativ luftfugtighed: \u226495% (dagligt gennemsnit) eller \u226490% (m\u00e5nedligt gennemsnit)<br \/>\nH\u00f8jde: \u22641000 meter<\/p>\n<h2 class=\"wp-block-heading\">Tekniske parametre<\/h2>\n<h3>1.1 Tekniske parametre<\/h3>\n<figure class=\"wp-block-table\">\n<div class=\"scroll\">\n<table>\n<tbody>\n<tr>\n<td colspan=\"2\">Vareenhed<\/td>\n<td>Referencev\u00e6rdi<\/td>\n<\/tr>\n<tr>\n<td>\u00a0\u00a0\u00a0 Bed\u00f8mmelse yoltag<\/td>\n<td>kV<\/td>\n<td>40.5<\/td>\n<\/tr>\n<tr>\n<td>Modstandsdygtig sp\u00e6nding ved lynimpuls<\/td>\n<td>kV<\/td>\n<td>185<\/td>\n<\/tr>\n<tr>\n<td>\u00a0\u00a0\u00a0 Nominelt isolationsniveau 1min effektfrekvensmodstandssp\u00e6nding<\/td>\n<td>kV<\/td>\n<td>95<\/td>\n<\/tr>\n<tr>\n<td>\u00a0\u00a0\u00a0 Nominel frekvens,<\/td>\n<td>Hz<\/td>\n<td>50\/60<\/td>\n<\/tr>\n<tr>\n<td>\u00a0\u00a0\u00a0 Nominel str\u00f8m<\/td>\n<td>A<\/td>\n<td>630\/1250\/1600\/2000\/2500\/3150<\/td>\n<\/tr>\n<tr>\n<td>\u00a0\u00a0\u00a0 Nominel kortslutningsstr\u00f8m<\/td>\n<td>kA<\/td>\n<td>20\/25\/31.5<\/td>\n<\/tr>\n<tr>\n<td>\u00a0\u00a0\u00a0 Nominel kortslutningsstr\u00f8m (spidsv\u00e6rdi)<\/td>\n<td>kA<\/td>\n<td>506,380<\/td>\n<\/tr>\n<tr>\n<td>\u00a0\u00a0\u00a0 Nominel kortvarig modstandsstr\u00f8m<\/td>\n<td>kA<\/td>\n<td>20\/25\/31.5<\/td>\n<\/tr>\n<tr>\n<td>\u00a0\u00a0\u00a0 Nominel modstandsstr\u00f8m (spidsv\u00e6rdi)<\/td>\n<td>kA<\/td>\n<td>506,380<\/td>\n<\/tr>\n<tr>\n<td>\u00a0\u00a0\u00a0 N\u00f8dvendig operationssekvens<\/td>\n<td><\/td>\n<td>0-0,3s-CO-180s-CO<\/td>\n<\/tr>\n<tr>\n<td>\u00a0\u00a0\u00a0 Nominel kortslutningsvarighed<\/td>\n<td>5<\/td>\n<td>4<\/td>\n<\/tr>\n<tr>\n<td>\u00a0\u00a0\u00a0 Tider for at lave brud med den nominelle kortslutningsstr\u00f8m<\/td>\n<td>Tid<\/td>\n<td>30<\/td>\n<\/tr>\n<tr>\n<td>\u00a0\u00a0\u00a0 Mekanisk levetid<\/td>\n<td><\/td>\n<td>M2-niveau<\/td>\n<\/tr>\n<tr>\n<td>\u00a0\u00a0\u00a0 Vejer<\/td>\n<td>kg<\/td>\n<td>350<\/td>\n<\/tr>\n<\/tbody>\n<\/table>\n<\/div>\n<\/figure>\n<h3 class=\"wp-block-heading\">1.2 Mekaniske parametre<\/h3>\n<figure class=\"wp-block-table\">\n<div class=\"scroll\">\n<table>\n<tbody>\n<tr>\n<td>\u00a0 ltem<\/td>\n<td>Enhed<\/td>\n<td>Referencev\u00e6rdi<\/td>\n<\/tr>\n<tr>\n<td>\u00a0 Hul i kontakterne<\/td>\n<td>mm<\/td>\n<td>20\u00b12<\/td>\n<\/tr>\n<tr>\n<td>\u00a0\u00a0 Kontakt overtravel<\/td>\n<td>mm<\/td>\n<td>6\u00b11<\/td>\n<\/tr>\n<tr>\n<td>\u00a0 Gennemsnitlig fremstillingshastighed<\/td>\n<td>m\/s<\/td>\n<td>0.6\u00b10.2<\/td>\n<\/tr>\n<tr>\n<td>\u00a0 Gennemsnitlig bremsehastighed<\/td>\n<td>m\/s<\/td>\n<td>1.5~2.0<\/td>\n<\/tr>\n<tr>\n<td>\u00a0 Afvisningstid ved kontaktskabelse<\/td>\n<td>ms<\/td>\n<td>\u22643<\/td>\n<\/tr>\n<tr>\n<td>\u00a0 Ikke-synkron oprettelse\/afbrydelse af kontakt<\/td>\n<td>ms<\/td>\n<td>\u22642<\/td>\n<\/tr>\n<tr>\n<td>\u00a0 Modstand i kredsl\u00f8bet for hver fase<\/td>\n<td>\u03bc Q<\/td>\n<td>\u226480<\/td>\n<\/tr>\n<tr>\n<td>\u00a0 Tilladt samlet slidtykkelse p\u00e5 den bev\u00e6gelige\/faste kontakt<\/td>\n<td>mm<\/td>\n<td>3<\/td>\n<\/tr>\n<\/tbody>\n<\/table>\n<\/div>\n<\/figure>\n<h2 class=\"wp-block-heading\">Samlet og installationsdimension<\/h2>\n<p>Samlet dimension af ZN85-40.5 (isolerende cylinder h\u00e5ndvogn) indend\u00f8rs h\u00f8jsp\u00e6ndingsvekselstr\u00f8msafbryder<\/p>\n<figure class=\"wp-block-image size-full\"><img fetchpriority=\"high\" decoding=\"async\" class=\"alignnone wp-image-1224 size-full\" src=\"https:\/\/www.jy-electric.com\/wp-content\/uploads\/2024\/09\/voltage-vacuum-circuit-breaker.webp\" alt=\"sp\u00e6nding-vakuum-afbryder\" width=\"799\" height=\"473\" srcset=\"https:\/\/www.jyiele.com\/wp-content\/uploads\/2024\/09\/voltage-vacuum-circuit-breaker.webp 799w, https:\/\/www.jyiele.com\/wp-content\/uploads\/2024\/09\/voltage-vacuum-circuit-breaker-300x178.webp 300w, https:\/\/www.jyiele.com\/wp-content\/uploads\/2024\/09\/voltage-vacuum-circuit-breaker-768x455.webp 768w, https:\/\/www.jyiele.com\/wp-content\/uploads\/2024\/09\/voltage-vacuum-circuit-breaker-18x12.webp 18w, https:\/\/www.jyiele.com\/wp-content\/uploads\/2024\/09\/voltage-vacuum-circuit-breaker-600x355.webp 600w\" sizes=\"(max-width: 799px) 100vw, 799px\" \/><\/figure>\n<figure class=\"wp-block-table\">\n<div class=\"scroll\">\n<table>\n<tbody>\n<tr>\n<td>\u00a0\u00a0 Nominel str\u00f8m (A)<\/td>\n<td>630<\/td>\n<td>1250<\/td>\n<td>1600<\/td>\n<td>2000<\/td>\n<td>\u00a0\u00a0\u00a0 2500<\/td>\n<\/tr>\n<tr>\n<td>\u00a0\u00a0 Nominel afbrydelsesstr\u00f8m (kA)<\/td>\n<td>202,531.5<\/td>\n<td>202,531.5<\/td>\n<td>2,531.5<\/td>\n<td>31.5<\/td>\n<td>\u00a0\u00a0\u00a0 31.5<\/td>\n<\/tr>\n<tr>\n<td>\u00a0\u00a0 Fast kontaktst\u00f8rrelse D(mm)<\/td>\n<td>\u03c635<\/td>\n<td>\u03c649<\/td>\n<td>\u4e2d55<\/td>\n<td>\u03c679<\/td>\n<td>\u00a0\u00a0\u00a0 \u03c6109<\/td>\n<\/tr>\n<tr>\n<td>\u00a0\u00a0 Afstand mellem faser (mm)<\/td>\n<td colspan=\"5\">300\u00b11.5<\/td>\n<\/tr>\n<tr>\n<td>\u00a0\u00a0 K\u00f8rsel med h\u00e5ndvogn (mm)<\/td>\n<td colspan=\"5\">610\u00b12<\/td>\n<\/tr>\n<\/tbody>\n<\/table>\n<\/div>\n<\/figure>","protected":false},"excerpt":{"rendered":"<p>ZN85-40.5 er en slags h\u00f8jsp\u00e6ndings-vakuumafbryder til indend\u00f8rs brug, som er velegnet til AC 50Hz og 35kV elsystem. Det bruges hovedsageligt til beskyttelses- og kontroludstyr i kraftv\u00e6rker, understationer og andre steder.<\/p>","protected":false},"featured_media":1222,"template":"","meta":{"site-sidebar-layout":"default","site-content-layout":"","ast-site-content-layout":"default","site-content-style":"default","site-sidebar-style":"default","ast-global-header-display":"","ast-banner-title-visibility":"","ast-main-header-display":"","ast-hfb-above-header-display":"","ast-hfb-below-header-display":"","ast-hfb-mobile-header-display":"","site-post-title":"","ast-breadcrumbs-content":"","ast-featured-img":"","footer-sml-layout":"","ast-disable-related-posts":"","theme-transparent-header-meta":"default","adv-header-id-meta":"","stick-header-meta":"","header-above-stick-meta":"","header-main-stick-meta":"","header-below-stick-meta":"","astra-migrate-meta-layouts":"set","ast-page-background-enabled":"default","ast-page-background-meta":{"desktop":{"background-color":"var(--ast-global-color-4)","background-image":"","background-repeat":"repeat","background-position":"center center","background-size":"auto","background-attachment":"scroll","background-type":"","background-media":"","overlay-type":"","overlay-color":"","overlay-opacity":"","overlay-gradient":""},"tablet":{"background-color":"","background-image":"","background-repeat":"repeat","background-position":"center center","background-size":"auto","background-attachment":"scroll","background-type":"","background-media":"","overlay-type":"","overlay-color":"","overlay-opacity":"","overlay-gradient":""},"mobile":{"background-color":"","background-image":"","background-repeat":"repeat","background-position":"center center","background-size":"auto","background-attachment":"scroll","background-type":"","background-media":"","overlay-type":"","overlay-color":"","overlay-opacity":"","overlay-gradient":""}},"ast-content-background-meta":{"desktop":{"background-color":"var(--ast-global-color-5)","background-image":"","background-repeat":"repeat","background-position":"center center","background-size":"auto","background-attachment":"scroll","background-type":"","background-media":"","overlay-type":"","overlay-color":"","overlay-opacity":"","overlay-gradient":""},"tablet":{"background-color":"var(--ast-global-color-5)","background-image":"","background-repeat":"repeat","background-position":"center center","background-size":"auto","background-attachment":"scroll","background-type":"","background-media":"","overlay-type":"","overlay-color":"","overlay-opacity":"","overlay-gradient":""},"mobile":{"background-color":"var(--ast-global-color-5)","background-image":"","background-repeat":"repeat","background-position":"center center","background-size":"auto","background-attachment":"scroll","background-type":"","background-media":"","overlay-type":"","overlay-color":"","overlay-opacity":"","overlay-gradient":""}}},"product_brand":[],"product_cat":[26],"product_tag":[],"class_list":{"0":"post-1220","1":"product","2":"type-product","3":"status-publish","4":"has-post-thumbnail","6":"product_cat-vacuum-circuit-breaker","7":"desktop-align-left","8":"tablet-align-left","9":"mobile-align-left","11":"first","12":"instock","13":"shipping-taxable","14":"product-type-simple"},"yoast_head":"<!-- This site is optimized with the Yoast SEO plugin v24.8.1 - https:\/\/yoast.com\/wordpress\/plugins\/seo\/ -->\n<title>ZN85-40.5 High Voltage Vacuum Circuit Breaker | Reliable Circuit Protection Solutions - JYIELE<\/title>\n<meta name=\"description\" content=\"Explore ZN85-40.5 high voltage vacuum circuit breakers renowned for their reliability and efficiency. Our circuit breakers provide robust protection for high voltage applications, ensuring uninterrupted power supply and safety. Discover superior quality and performance with our range of circuit protection solutions.\" \/>\n<meta name=\"robots\" content=\"index, follow, max-snippet:-1, max-image-preview:large, max-video-preview:-1\" \/>\n<link rel=\"canonical\" href=\"https:\/\/www.jyiele.com\/da\/product\/zn85-40-5-high-voltage-vacuum-circuit-breaker\/\" \/>\n<meta property=\"og:locale\" content=\"da_DK\" \/>\n<meta property=\"og:type\" content=\"article\" \/>\n<meta property=\"og:title\" content=\"ZN85-40.5 High Voltage Vacuum Circuit Breaker | Reliable Circuit Protection Solutions - JYIELE\" \/>\n<meta property=\"og:description\" content=\"Explore ZN85-40.5 high voltage vacuum circuit breakers renowned for their reliability and efficiency. Our circuit breakers provide robust protection for high voltage applications, ensuring uninterrupted power supply and safety. Discover superior quality and performance with our range of circuit protection solutions.\" \/>\n<meta property=\"og:url\" content=\"https:\/\/www.jyiele.com\/da\/product\/zn85-40-5-high-voltage-vacuum-circuit-breaker\/\" \/>\n<meta property=\"og:site_name\" content=\"JYIELE\" \/>\n<meta property=\"article:modified_time\" content=\"2025-03-09T11:38:51+00:00\" \/>\n<meta property=\"og:image\" content=\"https:\/\/www.jyiele.com\/wp-content\/uploads\/2024\/09\/high-voltage-vacuum-circuit-breaker-1.webp\" \/>\n\t<meta property=\"og:image:width\" content=\"600\" \/>\n\t<meta property=\"og:image:height\" content=\"600\" \/>\n\t<meta property=\"og:image:type\" content=\"image\/webp\" \/>\n<meta name=\"twitter:card\" content=\"summary_large_image\" \/>\n<meta name=\"twitter:label1\" content=\"Estimeret l\u00e6setid\" \/>\n\t<meta name=\"twitter:data1\" content=\"2 minutter\" \/>\n<script type=\"application\/ld+json\" class=\"yoast-schema-graph\">{\"@context\":\"https:\/\/schema.org\",\"@graph\":[{\"@type\":\"WebPage\",\"@id\":\"https:\/\/www.jyiele.com\/product\/zn85-40-5-high-voltage-vacuum-circuit-breaker\/\",\"url\":\"https:\/\/www.jyiele.com\/product\/zn85-40-5-high-voltage-vacuum-circuit-breaker\/\",\"name\":\"ZN85-40.5 High Voltage Vacuum Circuit Breaker | Reliable Circuit Protection Solutions - JYIELE\",\"isPartOf\":{\"@id\":\"https:\/\/www.jyiele.com\/#website\"},\"primaryImageOfPage\":{\"@id\":\"https:\/\/www.jyiele.com\/product\/zn85-40-5-high-voltage-vacuum-circuit-breaker\/#primaryimage\"},\"image\":{\"@id\":\"https:\/\/www.jyiele.com\/product\/zn85-40-5-high-voltage-vacuum-circuit-breaker\/#primaryimage\"},\"thumbnailUrl\":\"https:\/\/www.jyiele.com\/wp-content\/uploads\/2024\/09\/high-voltage-vacuum-circuit-breaker-1.webp\",\"datePublished\":\"2022-09-16T12:45:25+00:00\",\"dateModified\":\"2025-03-09T11:38:51+00:00\",\"description\":\"Explore ZN85-40.5 high voltage vacuum circuit breakers renowned for their reliability and efficiency. Our circuit breakers provide robust protection for high voltage applications, ensuring uninterrupted power supply and safety. Discover superior quality and performance with our range of circuit protection solutions.\",\"breadcrumb\":{\"@id\":\"https:\/\/www.jyiele.com\/product\/zn85-40-5-high-voltage-vacuum-circuit-breaker\/#breadcrumb\"},\"inLanguage\":\"da-DK\",\"potentialAction\":[{\"@type\":\"ReadAction\",\"target\":[\"https:\/\/www.jyiele.com\/product\/zn85-40-5-high-voltage-vacuum-circuit-breaker\/\"]}]},{\"@type\":\"ImageObject\",\"inLanguage\":\"da-DK\",\"@id\":\"https:\/\/www.jyiele.com\/product\/zn85-40-5-high-voltage-vacuum-circuit-breaker\/#primaryimage\",\"url\":\"https:\/\/www.jyiele.com\/wp-content\/uploads\/2024\/09\/high-voltage-vacuum-circuit-breaker-1.webp\",\"contentUrl\":\"https:\/\/www.jyiele.com\/wp-content\/uploads\/2024\/09\/high-voltage-vacuum-circuit-breaker-1.webp\",\"width\":600,\"height\":600,\"caption\":\"high-voltage-vacuum-circuit-breaker\"},{\"@type\":\"BreadcrumbList\",\"@id\":\"https:\/\/www.jyiele.com\/product\/zn85-40-5-high-voltage-vacuum-circuit-breaker\/#breadcrumb\",\"itemListElement\":[{\"@type\":\"ListItem\",\"position\":1,\"name\":\"Home\",\"item\":\"https:\/\/www.jyiele.com\/\"},{\"@type\":\"ListItem\",\"position\":2,\"name\":\"Product\",\"item\":\"https:\/\/www.jyiele.com\/product\/\"},{\"@type\":\"ListItem\",\"position\":3,\"name\":\"Vacuum Circuit Breaker\",\"item\":\"https:\/\/www.jyiele.com\/product-category\/vacuum-circuit-breaker\/\"},{\"@type\":\"ListItem\",\"position\":4,\"name\":\"ZN85-40.5 High Voltage Vacuum Circuit Breaker\"}]},{\"@type\":\"WebSite\",\"@id\":\"https:\/\/www.jyiele.com\/#website\",\"url\":\"https:\/\/www.jyiele.com\/\",\"name\":\"JYIELE\",\"description\":\"Vacuum Circuit Breaker manufacturer\",\"publisher\":{\"@id\":\"https:\/\/www.jyiele.com\/#organization\"},\"potentialAction\":[{\"@type\":\"SearchAction\",\"target\":{\"@type\":\"EntryPoint\",\"urlTemplate\":\"https:\/\/www.jyiele.com\/?s={search_term_string}\"},\"query-input\":{\"@type\":\"PropertyValueSpecification\",\"valueRequired\":true,\"valueName\":\"search_term_string\"}}],\"inLanguage\":\"da-DK\"},{\"@type\":\"Organization\",\"@id\":\"https:\/\/www.jyiele.com\/#organization\",\"name\":\"JYIELE\",\"url\":\"https:\/\/www.jyiele.com\/\",\"logo\":{\"@type\":\"ImageObject\",\"inLanguage\":\"da-DK\",\"@id\":\"https:\/\/www.jyiele.com\/#\/schema\/logo\/image\/\",\"url\":\"https:\/\/www.jyiele.com\/wp-content\/uploads\/2024\/09\/cropped-jyele-1.webp\",\"contentUrl\":\"https:\/\/www.jyiele.com\/wp-content\/uploads\/2024\/09\/cropped-jyele-1.webp\",\"width\":137,\"height\":60,\"caption\":\"JYIELE\"},\"image\":{\"@id\":\"https:\/\/www.jyiele.com\/#\/schema\/logo\/image\/\"}}]}<\/script>\n<!-- \/ Yoast SEO plugin. -->","yoast_head_json":{"title":"ZN85-40.5 h\u00f8jsp\u00e6ndings-vakuumafbryder | P\u00e5lidelige l\u00f8sninger til beskyttelse af kredsl\u00f8b - JYIELE","description":"Udforsk ZN85-40.5 h\u00f8jsp\u00e6ndings-vakuumafbrydere, der er kendt for deres p\u00e5lidelighed og effektivitet. Vores afbrydere giver robust beskyttelse til h\u00f8jsp\u00e6ndingsapplikationer og sikrer uafbrudt str\u00f8mforsyning og sikkerhed. Oplev overlegen kvalitet og ydeevne med vores udvalg af l\u00f8sninger til kredsl\u00f8bsbeskyttelse.","robots":{"index":"index","follow":"follow","max-snippet":"max-snippet:-1","max-image-preview":"max-image-preview:large","max-video-preview":"max-video-preview:-1"},"canonical":"https:\/\/www.jyiele.com\/da\/product\/zn85-40-5-high-voltage-vacuum-circuit-breaker\/","og_locale":"da_DK","og_type":"article","og_title":"ZN85-40.5 High Voltage Vacuum Circuit Breaker | Reliable Circuit Protection Solutions - JYIELE","og_description":"Explore ZN85-40.5 high voltage vacuum circuit breakers renowned for their reliability and efficiency. Our circuit breakers provide robust protection for high voltage applications, ensuring uninterrupted power supply and safety. Discover superior quality and performance with our range of circuit protection solutions.","og_url":"https:\/\/www.jyiele.com\/da\/product\/zn85-40-5-high-voltage-vacuum-circuit-breaker\/","og_site_name":"JYIELE","article_modified_time":"2025-03-09T11:38:51+00:00","og_image":[{"width":600,"height":600,"url":"https:\/\/www.jyiele.com\/wp-content\/uploads\/2024\/09\/high-voltage-vacuum-circuit-breaker-1.webp","type":"image\/webp"}],"twitter_card":"summary_large_image","twitter_misc":{"Estimeret l\u00e6setid":"2 minutter"},"schema":{"@context":"https:\/\/schema.org","@graph":[{"@type":"WebPage","@id":"https:\/\/www.jyiele.com\/product\/zn85-40-5-high-voltage-vacuum-circuit-breaker\/","url":"https:\/\/www.jyiele.com\/product\/zn85-40-5-high-voltage-vacuum-circuit-breaker\/","name":"ZN85-40.5 h\u00f8jsp\u00e6ndings-vakuumafbryder | P\u00e5lidelige l\u00f8sninger til beskyttelse af kredsl\u00f8b - JYIELE","isPartOf":{"@id":"https:\/\/www.jyiele.com\/#website"},"primaryImageOfPage":{"@id":"https:\/\/www.jyiele.com\/product\/zn85-40-5-high-voltage-vacuum-circuit-breaker\/#primaryimage"},"image":{"@id":"https:\/\/www.jyiele.com\/product\/zn85-40-5-high-voltage-vacuum-circuit-breaker\/#primaryimage"},"thumbnailUrl":"https:\/\/www.jyiele.com\/wp-content\/uploads\/2024\/09\/high-voltage-vacuum-circuit-breaker-1.webp","datePublished":"2022-09-16T12:45:25+00:00","dateModified":"2025-03-09T11:38:51+00:00","description":"Udforsk ZN85-40.5 h\u00f8jsp\u00e6ndings-vakuumafbrydere, der er kendt for deres p\u00e5lidelighed og effektivitet. Vores afbrydere giver robust beskyttelse til h\u00f8jsp\u00e6ndingsapplikationer og sikrer uafbrudt str\u00f8mforsyning og sikkerhed. Oplev overlegen kvalitet og ydeevne med vores udvalg af l\u00f8sninger til kredsl\u00f8bsbeskyttelse.","breadcrumb":{"@id":"https:\/\/www.jyiele.com\/product\/zn85-40-5-high-voltage-vacuum-circuit-breaker\/#breadcrumb"},"inLanguage":"da-DK","potentialAction":[{"@type":"ReadAction","target":["https:\/\/www.jyiele.com\/product\/zn85-40-5-high-voltage-vacuum-circuit-breaker\/"]}]},{"@type":"ImageObject","inLanguage":"da-DK","@id":"https:\/\/www.jyiele.com\/product\/zn85-40-5-high-voltage-vacuum-circuit-breaker\/#primaryimage","url":"https:\/\/www.jyiele.com\/wp-content\/uploads\/2024\/09\/high-voltage-vacuum-circuit-breaker-1.webp","contentUrl":"https:\/\/www.jyiele.com\/wp-content\/uploads\/2024\/09\/high-voltage-vacuum-circuit-breaker-1.webp","width":600,"height":600,"caption":"high-voltage-vacuum-circuit-breaker"},{"@type":"BreadcrumbList","@id":"https:\/\/www.jyiele.com\/product\/zn85-40-5-high-voltage-vacuum-circuit-breaker\/#breadcrumb","itemListElement":[{"@type":"ListItem","position":1,"name":"Home","item":"https:\/\/www.jyiele.com\/"},{"@type":"ListItem","position":2,"name":"Product","item":"https:\/\/www.jyiele.com\/product\/"},{"@type":"ListItem","position":3,"name":"Vacuum Circuit Breaker","item":"https:\/\/www.jyiele.com\/product-category\/vacuum-circuit-breaker\/"},{"@type":"ListItem","position":4,"name":"ZN85-40.5 High Voltage Vacuum Circuit Breaker"}]},{"@type":"WebSite","@id":"https:\/\/www.jyiele.com\/#website","url":"https:\/\/www.jyiele.com\/","name":"JYIELE","description":"Producent af vakuumafbrydere","publisher":{"@id":"https:\/\/www.jyiele.com\/#organization"},"potentialAction":[{"@type":"SearchAction","target":{"@type":"EntryPoint","urlTemplate":"https:\/\/www.jyiele.com\/?s={search_term_string}"},"query-input":{"@type":"PropertyValueSpecification","valueRequired":true,"valueName":"search_term_string"}}],"inLanguage":"da-DK"},{"@type":"Organization","@id":"https:\/\/www.jyiele.com\/#organization","name":"JYIELE","url":"https:\/\/www.jyiele.com\/","logo":{"@type":"ImageObject","inLanguage":"da-DK","@id":"https:\/\/www.jyiele.com\/#\/schema\/logo\/image\/","url":"https:\/\/www.jyiele.com\/wp-content\/uploads\/2024\/09\/cropped-jyele-1.webp","contentUrl":"https:\/\/www.jyiele.com\/wp-content\/uploads\/2024\/09\/cropped-jyele-1.webp","width":137,"height":60,"caption":"JYIELE"},"image":{"@id":"https:\/\/www.jyiele.com\/#\/schema\/logo\/image\/"}}]}},"_links":{"self":[{"href":"https:\/\/www.jyiele.com\/da\/wp-json\/wp\/v2\/product\/1220","targetHints":{"allow":["GET"]}}],"collection":[{"href":"https:\/\/www.jyiele.com\/da\/wp-json\/wp\/v2\/product"}],"about":[{"href":"https:\/\/www.jyiele.com\/da\/wp-json\/wp\/v2\/types\/product"}],"version-history":[{"count":2,"href":"https:\/\/www.jyiele.com\/da\/wp-json\/wp\/v2\/product\/1220\/revisions"}],"predecessor-version":[{"id":1479,"href":"https:\/\/www.jyiele.com\/da\/wp-json\/wp\/v2\/product\/1220\/revisions\/1479"}],"wp:featuredmedia":[{"embeddable":true,"href":"https:\/\/www.jyiele.com\/da\/wp-json\/wp\/v2\/media\/1222"}],"wp:attachment":[{"href":"https:\/\/www.jyiele.com\/da\/wp-json\/wp\/v2\/media?parent=1220"}],"wp:term":[{"taxonomy":"product_brand","embeddable":true,"href":"https:\/\/www.jyiele.com\/da\/wp-json\/wp\/v2\/product_brand?post=1220"},{"taxonomy":"product_cat","embeddable":true,"href":"https:\/\/www.jyiele.com\/da\/wp-json\/wp\/v2\/product_cat?post=1220"},{"taxonomy":"product_tag","embeddable":true,"href":"https:\/\/www.jyiele.com\/da\/wp-json\/wp\/v2\/product_tag?post=1220"}],"curies":[{"name":"wp","href":"https:\/\/api.w.org\/{rel}","templated":true}]}}