{"id":1228,"date":"2022-09-16T13:33:48","date_gmt":"2022-09-16T13:33:48","guid":{"rendered":"https:\/\/www.jy-electric.com\/?post_type=product&#038;p=1228"},"modified":"2025-03-09T11:38:45","modified_gmt":"2025-03-09T11:38:45","slug":"high-voltage-ac-vacuum-load-switch","status":"publish","type":"product","link":"https:\/\/www.jyiele.com\/da\/product\/high-voltage-ac-vacuum-load-switch\/","title":{"rendered":"VF(R)-12 indbygget h\u00f8jsp\u00e6ndings AC-vakuumafbryder"},"content":{"rendered":"<h2>Oversigt over VF(R)-12<\/h2>\n<p>VF(R)-12 er en slags indend\u00f8rs indbygget h\u00f8jsp\u00e6ndings AC-vakuumbelastningsafbryder-sikringskombinationsenhed. Den er velegnet til forskellige elnet og fungerer sikkert og stabilt inden for sine tekniske parametre. Med avanceret design bruges denne enhed i vid udstr\u00e6kning i moderne elsystemer.<\/p>\n<h2>Produktstandard<\/h2>\n<p>VF(R)-12 Vakuumbelastningsafbryder er i overensstemmelse med f\u00f8lgende standarder:<\/p>\n<p>GB 3804-2004: AC-afbrydere til h\u00f8jsp\u00e6ndingsbelastning med nominel sp\u00e6nding mellem 3,6 kV og 40,5 kV.<br \/>\nGB 16926-2009: Standard for h\u00f8jsp\u00e6ndingsbelastning AC switch-sikringskombinationer.<\/p>\n<h2>Tekniske parametre<\/h2>\n<figure class=\"wp-block-table\">\n<div class=\"scroll\">\n<table>\n<tbody>\n<tr>\n<td rowspan=\"2\">\u00a0\u00a0\u00a0Vare<\/td>\n<td rowspan=\"2\">Enhed<\/td>\n<td colspan=\"4\">Referencev\u00e6rdi<\/td>\n<\/tr>\n<tr>\n<td>VF-12\/T630-20<br \/>\nVakuumbelastning<br \/>\nSkift<\/td>\n<td>VFR-12\/T125-50<br \/>\nVakuumbelastning<br \/>\nAfbryder-sikring<br \/>\nkombination<\/td>\n<td>VFH-12\/T630-25<br \/>\nH\u00f8j brudstyrke<br \/>\nkapacitet vakuum<br \/>\nSkift<\/td>\n<td>VFHR-12\/T125-50<br \/>\nH\u00f8j brudstyrke<br \/>\nkapacitet vakuum<br \/>\nswitch-tuse<br \/>\nkombination<\/td>\n<\/tr>\n<tr>\n<td>\u00a0\u00a0 Nominel yoltage<\/td>\n<td>kV<\/td>\n<td>12<\/td>\n<td>12<\/td>\n<td>12<\/td>\n<td>12<\/td>\n<\/tr>\n<tr>\n<td>T\u00e5lesp\u00e6nding for lynimpuls<\/td>\n<td>kV<\/td>\n<td>75<\/td>\n<td>75<\/td>\n<td>75<\/td>\n<td>75<\/td>\n<\/tr>\n<tr>\n<td>\u00a0\u00a0\u00a0 Nominelt isolationsniveau 1min effekt-frekvens modst\u00e5 sp\u00e6nding<\/td>\n<td>kV<\/td>\n<td>42<\/td>\n<td>42<\/td>\n<td>42<\/td>\n<td>42<\/td>\n<\/tr>\n<tr>\n<td>\u00a0\u00a0 Nominel frekvens<\/td>\n<td>Hz<\/td>\n<td>50\/60<\/td>\n<td>50\/60<\/td>\n<td>50\/60<\/td>\n<td>50\/60<\/td>\n<\/tr>\n<tr>\n<td>\u00a0\u00a0 Nominel str\u00f8m<\/td>\n<td>A<\/td>\n<td>630<\/td>\n<td>125(sikring)<\/td>\n<td>630<\/td>\n<td>125(sikring)<\/td>\n<\/tr>\n<tr>\n<td>\u00a0\u00a0 Nominel kortslutningsstr\u00f8m<\/td>\n<td>kA<\/td>\n<td><\/td>\n<td>50(sikring<\/td>\n<td>25 (er suppresonkammer)<\/td>\n<td>25im pcesson harx<\/td>\n<\/tr>\n<tr>\n<td>\u00a0\u00a0 Nominel kortslutningsstr\u00f8m (spidsv\u00e6rdi)<\/td>\n<td>kA<\/td>\n<td>50<\/td>\n<td><\/td>\n<td>63<\/td>\n<td><\/td>\n<\/tr>\n<tr>\n<td>\u00a0\u00a0 Nominel kortvarig modstandsstr\u00f8m<\/td>\n<td>kA<\/td>\n<td>20<\/td>\n<td><\/td>\n<td>25<\/td>\n<td><\/td>\n<\/tr>\n<tr>\n<td>\u00a0\u00a0 Nominel modstandsstr\u00f8m (spidsv\u00e6rdi)<\/td>\n<td>kA<\/td>\n<td>50<\/td>\n<td><\/td>\n<td>63<\/td>\n<td><\/td>\n<\/tr>\n<tr>\n<td>\u00a0\u00a0 Kablets nominelle brudstr\u00f8m under opladning<\/td>\n<td>A<\/td>\n<td>16<\/td>\n<td><\/td>\n<td><\/td>\n<td><\/td>\n<\/tr>\n<tr>\n<td>\u00a0\u00a0 Nominel brydestr\u00f8m for transformator uden belastning<\/td>\n<td>kVA<\/td>\n<td>1250<\/td>\n<td><\/td>\n<td>1250<\/td>\n<td><\/td>\n<\/tr>\n<tr>\n<td>\u00a0\u00a0 Nominel afbrydelsesstr\u00f8m<\/td>\n<td>A<\/td>\n<td><\/td>\n<td>3150<\/td>\n<td><\/td>\n<td>3150<\/td>\n<\/tr>\n<tr>\n<td>\u00a0\u00a0 Brydningstider for den nominelle kortslutningsstr\u00f8m<\/td>\n<td>Tider<\/td>\n<td><\/td>\n<td><\/td>\n<td><\/td>\n<td><\/td>\n<\/tr>\n<tr>\n<td>\u00a0\u00a0 Mekanisk levetid<\/td>\n<td><\/td>\n<td>M2-niveau<\/td>\n<td>M2 niveau<\/td>\n<td>M2 niveau<\/td>\n<td>M2-niveau<\/td>\n<\/tr>\n<tr>\n<td>\u00a0\u00a0 V\u00e6gt<\/td>\n<td>kg<\/td>\n<td colspan=\"4\">125<\/td>\n<\/tr>\n<\/tbody>\n<\/table>\n<\/div>\n<\/figure>\n<h2>Driftsbetingelser<\/h2>\n<p>Omgivelsestemperatur: -40\u00b0C til +40\u00b0C (mindre end 35\u00b0C inden for 24 timer)<br \/>\nRelativ luftfugtighed: \u226495% (dagligt gennemsnit) eller \u226490% (m\u00e5nedligt gennemsnit)<br \/>\nH\u00f8jde: \u22641000 meter<\/p>\n<h2>Valg af transformator og sikring<\/h2>\n<p>Sikringer har evnen til at afbryde h\u00f8je str\u00f8mme p\u00e5 mindre end 10 millisekunder og har en brydeevne p\u00e5 op til 50KA, hvilket g\u00f8r dem effektive til at beskytte transformere. N\u00e5r man v\u00e6lger sikringer, er det vigtigt at overveje, at sikringsstr\u00f8mmen skal v\u00e6re 1,6 gange dens nominelle v\u00e6rdi for at kunne klare potentielle indkoblingsstr\u00f8mme. Designeren b\u00f8r ogs\u00e5 tillade en margin for sikringen under hensyntagen til udsvingene i nettet. Hvis sikringen skal bruges til h\u00f8jsp\u00e6ndingsmotorbeskyttelse, skal der ogs\u00e5 tages hensyn til hyppigheden af motoropstarter, da hyppige opstarter kan resultere i, at sikringen ikke kan n\u00e5 at k\u00f8le ned i tide og derfor svigter.<\/p>\n<h2 class=\"wp-block-heading\">Valg af sikring<\/h2>\n<figure class=\"wp-block-table\">\n<div class=\"scroll\">\n<table>\n<tbody>\n<tr>\n<td rowspan=\"2\">Prim\u00e6r sp\u00e6nding p\u00e5<br \/>\ntransformeren (kV)<\/td>\n<td rowspan=\"2\">Kapacitet af<br \/>\ntransformeren (kVA)<\/td>\n<td colspan=\"2\">Model af sikringen<\/td>\n<td rowspan=\"2\">Nominel str\u00f8m<br \/>\naf sikringen(A<\/td>\n<\/tr>\n<tr>\n<td>Model til hjemmemarkedet<\/td>\n<td>Model til det internationale marked<\/td>\n<\/tr>\n<tr>\n<td rowspan=\"6\">6.6<\/td>\n<td>200<\/td>\n<td rowspan=\"6\">XRNT-10<\/td>\n<td rowspan=\"3\">12kV BDGHC<\/td>\n<td>31.5<\/td>\n<\/tr>\n<tr>\n<td>250<\/td>\n<td>40<\/td>\n<\/tr>\n<tr>\n<td>300\/315<\/td>\n<td>50<\/td>\n<\/tr>\n<tr>\n<td>400<\/td>\n<td rowspan=\"3\">12kV BDGHC<\/td>\n<td>63<\/td>\n<\/tr>\n<tr>\n<td>500<\/td>\n<td>80<\/td>\n<\/tr>\n<tr>\n<td>630<\/td>\n<td>90<\/td>\n<\/tr>\n<\/tbody>\n<\/table>\n<\/div>\n<\/figure>\n<h2 class=\"wp-block-heading\">Samlet og installationsdimension<\/h2>\n<p>Samlet dimension af VF(R)-12 (p\u00e5 hjul) indend\u00f8rs h\u00f8jsp\u00e6ndingsvekselstr\u00f8ms-vakuumafbryder<\/p>\n<figure class=\"wp-block-image size-full is-resized\"><img fetchpriority=\"high\" decoding=\"async\" class=\"alignnone wp-image-1229 size-full\" src=\"https:\/\/www.jy-electric.com\/wp-content\/uploads\/2024\/09\/AC-Vacuum-Load-Switch.webp\" alt=\"AC-vakuumbelastningsafbryder\" width=\"845\" height=\"388\" srcset=\"https:\/\/www.jyiele.com\/wp-content\/uploads\/2024\/09\/AC-Vacuum-Load-Switch.webp 845w, https:\/\/www.jyiele.com\/wp-content\/uploads\/2024\/09\/AC-Vacuum-Load-Switch-300x138.webp 300w, https:\/\/www.jyiele.com\/wp-content\/uploads\/2024\/09\/AC-Vacuum-Load-Switch-768x353.webp 768w, https:\/\/www.jyiele.com\/wp-content\/uploads\/2024\/09\/AC-Vacuum-Load-Switch-18x8.webp 18w, https:\/\/www.jyiele.com\/wp-content\/uploads\/2024\/09\/AC-Vacuum-Load-Switch-600x276.webp 600w\" sizes=\"(max-width: 845px) 100vw, 845px\" \/><\/figure>\n<figure class=\"wp-block-table\">\n<div class=\"scroll\">\n<table>\n<tbody>\n<tr>\n<td>Skabets bredde (mm)<\/td>\n<td>P(mm)<\/td>\n<td>A(mm)<\/td>\n<td>B(mm)<\/td>\n<td>C(mm)<\/td>\n<td>E(mm)<\/td>\n<td>\u03c6W(mm)<\/td>\n<\/tr>\n<tr>\n<td>650<\/td>\n<td>150<\/td>\n<td>500<\/td>\n<td>530<\/td>\n<td>490<\/td>\n<td>203<\/td>\n<td>35<\/td>\n<\/tr>\n<tr>\n<td>800<\/td>\n<td>210<\/td>\n<td>650<\/td>\n<td>680<\/td>\n<td>640<\/td>\n<td>278<\/td>\n<td>35<\/td>\n<\/tr>\n<tr>\n<td>1000<\/td>\n<td>275<\/td>\n<td>850<\/td>\n<td>880<\/td>\n<td>840<\/td>\n<td>378<\/td>\n<td>35<\/td>\n<\/tr>\n<\/tbody>\n<\/table>\n<\/div>\n<\/figure>","protected":false},"excerpt":{"rendered":"<p>VFR-12R AC Vacuum Load Switch er en ny generation af h\u00f8jsp\u00e6ndings-vakuumafbryderudstyr, der er udviklet specifikt til at im\u00f8dekomme markedets eftersp\u00f8rgsel og moderne designkoncepter. Den bruges hovedsageligt i indend\u00f8rs pansrede luftisolerede koblingsanl\u00e6g og er i stand til stabil drift inden for det specificerede sp\u00e6ndingsomr\u00e5de under normale forhold.<\/p>","protected":false},"featured_media":1230,"template":"","meta":{"site-sidebar-layout":"default","site-content-layout":"","ast-site-content-layout":"default","site-content-style":"default","site-sidebar-style":"default","ast-global-header-display":"","ast-banner-title-visibility":"","ast-main-header-display":"","ast-hfb-above-header-display":"","ast-hfb-below-header-display":"","ast-hfb-mobile-header-display":"","site-post-title":"","ast-breadcrumbs-content":"","ast-featured-img":"","footer-sml-layout":"","ast-disable-related-posts":"","theme-transparent-header-meta":"default","adv-header-id-meta":"","stick-header-meta":"","header-above-stick-meta":"","header-main-stick-meta":"","header-below-stick-meta":"","astra-migrate-meta-layouts":"set","ast-page-background-enabled":"default","ast-page-background-meta":{"desktop":{"background-color":"var(--ast-global-color-4)","background-image":"","background-repeat":"repeat","background-position":"center center","background-size":"auto","background-attachment":"scroll","background-type":"","background-media":"","overlay-type":"","overlay-color":"","overlay-opacity":"","overlay-gradient":""},"tablet":{"background-color":"","background-image":"","background-repeat":"repeat","background-position":"center center","background-size":"auto","background-attachment":"scroll","background-type":"","background-media":"","overlay-type":"","overlay-color":"","overlay-opacity":"","overlay-gradient":""},"mobile":{"background-color":"","background-image":"","background-repeat":"repeat","background-position":"center center","background-size":"auto","background-attachment":"scroll","background-type":"","background-media":"","overlay-type":"","overlay-color":"","overlay-opacity":"","overlay-gradient":""}},"ast-content-background-meta":{"desktop":{"background-color":"var(--ast-global-color-5)","background-image":"","background-repeat":"repeat","background-position":"center center","background-size":"auto","background-attachment":"scroll","background-type":"","background-media":"","overlay-type":"","overlay-color":"","overlay-opacity":"","overlay-gradient":""},"tablet":{"background-color":"var(--ast-global-color-5)","background-image":"","background-repeat":"repeat","background-position":"center center","background-size":"auto","background-attachment":"scroll","background-type":"","background-media":"","overlay-type":"","overlay-color":"","overlay-opacity":"","overlay-gradient":""},"mobile":{"background-color":"var(--ast-global-color-5)","background-image":"","background-repeat":"repeat","background-position":"center center","background-size":"auto","background-attachment":"scroll","background-type":"","background-media":"","overlay-type":"","overlay-color":"","overlay-opacity":"","overlay-gradient":""}}},"product_brand":[],"product_cat":[26],"product_tag":[],"class_list":{"0":"post-1228","1":"product","2":"type-product","3":"status-publish","4":"has-post-thumbnail","6":"product_cat-vacuum-circuit-breaker","7":"desktop-align-left","8":"tablet-align-left","9":"mobile-align-left","11":"first","12":"instock","13":"shipping-taxable","14":"product-type-simple"},"yoast_head":"<!-- This site is optimized with the Yoast SEO plugin v24.8.1 - https:\/\/yoast.com\/wordpress\/plugins\/seo\/ -->\n<title>VF(R)-12 Embedded High Voltage AC Vacuum Load Switch from China manufacturer - JYIELE<\/title>\n<meta name=\"description\" content=\"High Voltage AC Vacuum Load Switch offered by China manufacturer JYIELE Electric Manufacture. Buy Vacuum Circuit Breaker directly with low price and high quality.\" \/>\n<meta name=\"robots\" content=\"index, follow, max-snippet:-1, max-image-preview:large, max-video-preview:-1\" \/>\n<link rel=\"canonical\" href=\"https:\/\/www.jyiele.com\/da\/product\/high-voltage-ac-vacuum-load-switch\/\" \/>\n<meta property=\"og:locale\" content=\"da_DK\" \/>\n<meta property=\"og:type\" content=\"article\" \/>\n<meta property=\"og:title\" content=\"VF(R)-12 Embedded High Voltage AC Vacuum Load Switch from China manufacturer - JYIELE\" \/>\n<meta property=\"og:description\" content=\"High Voltage AC Vacuum Load Switch offered by China manufacturer JYIELE Electric Manufacture. Buy Vacuum Circuit Breaker directly with low price and high quality.\" \/>\n<meta property=\"og:url\" content=\"https:\/\/www.jyiele.com\/da\/product\/high-voltage-ac-vacuum-load-switch\/\" \/>\n<meta property=\"og:site_name\" content=\"JYIELE\" \/>\n<meta property=\"article:modified_time\" content=\"2025-03-09T11:38:45+00:00\" \/>\n<meta property=\"og:image\" content=\"https:\/\/www.jyiele.com\/wp-content\/uploads\/2024\/09\/High-Voltage-AC-Vacuum-Load-Switch.webp\" \/>\n\t<meta property=\"og:image:width\" content=\"600\" \/>\n\t<meta property=\"og:image:height\" content=\"600\" \/>\n\t<meta property=\"og:image:type\" content=\"image\/webp\" \/>\n<meta name=\"twitter:card\" content=\"summary_large_image\" \/>\n<meta name=\"twitter:label1\" content=\"Estimeret l\u00e6setid\" \/>\n\t<meta name=\"twitter:data1\" content=\"3 minutter\" \/>\n<script type=\"application\/ld+json\" class=\"yoast-schema-graph\">{\"@context\":\"https:\/\/schema.org\",\"@graph\":[{\"@type\":\"WebPage\",\"@id\":\"https:\/\/www.jyiele.com\/product\/high-voltage-ac-vacuum-load-switch\/\",\"url\":\"https:\/\/www.jyiele.com\/product\/high-voltage-ac-vacuum-load-switch\/\",\"name\":\"VF(R)-12 Embedded High Voltage AC Vacuum Load Switch from China manufacturer - JYIELE\",\"isPartOf\":{\"@id\":\"https:\/\/www.jyiele.com\/#website\"},\"primaryImageOfPage\":{\"@id\":\"https:\/\/www.jyiele.com\/product\/high-voltage-ac-vacuum-load-switch\/#primaryimage\"},\"image\":{\"@id\":\"https:\/\/www.jyiele.com\/product\/high-voltage-ac-vacuum-load-switch\/#primaryimage\"},\"thumbnailUrl\":\"https:\/\/www.jyiele.com\/wp-content\/uploads\/2024\/09\/High-Voltage-AC-Vacuum-Load-Switch.webp\",\"datePublished\":\"2022-09-16T13:33:48+00:00\",\"dateModified\":\"2025-03-09T11:38:45+00:00\",\"description\":\"High Voltage AC Vacuum Load Switch offered by China manufacturer JYIELE Electric Manufacture. Buy Vacuum Circuit Breaker directly with low price and high quality.\",\"breadcrumb\":{\"@id\":\"https:\/\/www.jyiele.com\/product\/high-voltage-ac-vacuum-load-switch\/#breadcrumb\"},\"inLanguage\":\"da-DK\",\"potentialAction\":[{\"@type\":\"ReadAction\",\"target\":[\"https:\/\/www.jyiele.com\/product\/high-voltage-ac-vacuum-load-switch\/\"]}]},{\"@type\":\"ImageObject\",\"inLanguage\":\"da-DK\",\"@id\":\"https:\/\/www.jyiele.com\/product\/high-voltage-ac-vacuum-load-switch\/#primaryimage\",\"url\":\"https:\/\/www.jyiele.com\/wp-content\/uploads\/2024\/09\/High-Voltage-AC-Vacuum-Load-Switch.webp\",\"contentUrl\":\"https:\/\/www.jyiele.com\/wp-content\/uploads\/2024\/09\/High-Voltage-AC-Vacuum-Load-Switch.webp\",\"width\":600,\"height\":600,\"caption\":\"High Voltage AC Vacuum Load Switch\"},{\"@type\":\"BreadcrumbList\",\"@id\":\"https:\/\/www.jyiele.com\/product\/high-voltage-ac-vacuum-load-switch\/#breadcrumb\",\"itemListElement\":[{\"@type\":\"ListItem\",\"position\":1,\"name\":\"Home\",\"item\":\"https:\/\/www.jyiele.com\/\"},{\"@type\":\"ListItem\",\"position\":2,\"name\":\"Product\",\"item\":\"https:\/\/www.jyiele.com\/product\/\"},{\"@type\":\"ListItem\",\"position\":3,\"name\":\"Vacuum Circuit Breaker\",\"item\":\"https:\/\/www.jyiele.com\/product-category\/vacuum-circuit-breaker\/\"},{\"@type\":\"ListItem\",\"position\":4,\"name\":\"VF(R)-12 Embedded High Voltage AC Vacuum Load Switch\"}]},{\"@type\":\"WebSite\",\"@id\":\"https:\/\/www.jyiele.com\/#website\",\"url\":\"https:\/\/www.jyiele.com\/\",\"name\":\"JYIELE\",\"description\":\"Vacuum Circuit Breaker manufacturer\",\"publisher\":{\"@id\":\"https:\/\/www.jyiele.com\/#organization\"},\"potentialAction\":[{\"@type\":\"SearchAction\",\"target\":{\"@type\":\"EntryPoint\",\"urlTemplate\":\"https:\/\/www.jyiele.com\/?s={search_term_string}\"},\"query-input\":{\"@type\":\"PropertyValueSpecification\",\"valueRequired\":true,\"valueName\":\"search_term_string\"}}],\"inLanguage\":\"da-DK\"},{\"@type\":\"Organization\",\"@id\":\"https:\/\/www.jyiele.com\/#organization\",\"name\":\"JYIELE\",\"url\":\"https:\/\/www.jyiele.com\/\",\"logo\":{\"@type\":\"ImageObject\",\"inLanguage\":\"da-DK\",\"@id\":\"https:\/\/www.jyiele.com\/#\/schema\/logo\/image\/\",\"url\":\"https:\/\/www.jyiele.com\/wp-content\/uploads\/2024\/09\/cropped-jyele-1.webp\",\"contentUrl\":\"https:\/\/www.jyiele.com\/wp-content\/uploads\/2024\/09\/cropped-jyele-1.webp\",\"width\":137,\"height\":60,\"caption\":\"JYIELE\"},\"image\":{\"@id\":\"https:\/\/www.jyiele.com\/#\/schema\/logo\/image\/\"}}]}<\/script>\n<!-- \/ Yoast SEO plugin. -->","yoast_head_json":{"title":"VF(R)-12 Embedded High Voltage AC Vacuum Load Switch fra den kinesiske producent - JYIELE","description":"High Voltage AC Vacuum Load Switch tilbydes af den kinesiske producent JYIELE Electric Manufacture. K\u00f8b vakuumafbryder direkte med lav pris og h\u00f8j kvalitet.","robots":{"index":"index","follow":"follow","max-snippet":"max-snippet:-1","max-image-preview":"max-image-preview:large","max-video-preview":"max-video-preview:-1"},"canonical":"https:\/\/www.jyiele.com\/da\/product\/high-voltage-ac-vacuum-load-switch\/","og_locale":"da_DK","og_type":"article","og_title":"VF(R)-12 Embedded High Voltage AC Vacuum Load Switch from China manufacturer - JYIELE","og_description":"High Voltage AC Vacuum Load Switch offered by China manufacturer JYIELE Electric Manufacture. Buy Vacuum Circuit Breaker directly with low price and high quality.","og_url":"https:\/\/www.jyiele.com\/da\/product\/high-voltage-ac-vacuum-load-switch\/","og_site_name":"JYIELE","article_modified_time":"2025-03-09T11:38:45+00:00","og_image":[{"width":600,"height":600,"url":"https:\/\/www.jyiele.com\/wp-content\/uploads\/2024\/09\/High-Voltage-AC-Vacuum-Load-Switch.webp","type":"image\/webp"}],"twitter_card":"summary_large_image","twitter_misc":{"Estimeret l\u00e6setid":"3 minutter"},"schema":{"@context":"https:\/\/schema.org","@graph":[{"@type":"WebPage","@id":"https:\/\/www.jyiele.com\/product\/high-voltage-ac-vacuum-load-switch\/","url":"https:\/\/www.jyiele.com\/product\/high-voltage-ac-vacuum-load-switch\/","name":"VF(R)-12 Embedded High Voltage AC Vacuum Load Switch fra den kinesiske producent - JYIELE","isPartOf":{"@id":"https:\/\/www.jyiele.com\/#website"},"primaryImageOfPage":{"@id":"https:\/\/www.jyiele.com\/product\/high-voltage-ac-vacuum-load-switch\/#primaryimage"},"image":{"@id":"https:\/\/www.jyiele.com\/product\/high-voltage-ac-vacuum-load-switch\/#primaryimage"},"thumbnailUrl":"https:\/\/www.jyiele.com\/wp-content\/uploads\/2024\/09\/High-Voltage-AC-Vacuum-Load-Switch.webp","datePublished":"2022-09-16T13:33:48+00:00","dateModified":"2025-03-09T11:38:45+00:00","description":"High Voltage AC Vacuum Load Switch tilbydes af den kinesiske producent JYIELE Electric Manufacture. K\u00f8b vakuumafbryder direkte med lav pris og h\u00f8j kvalitet.","breadcrumb":{"@id":"https:\/\/www.jyiele.com\/product\/high-voltage-ac-vacuum-load-switch\/#breadcrumb"},"inLanguage":"da-DK","potentialAction":[{"@type":"ReadAction","target":["https:\/\/www.jyiele.com\/product\/high-voltage-ac-vacuum-load-switch\/"]}]},{"@type":"ImageObject","inLanguage":"da-DK","@id":"https:\/\/www.jyiele.com\/product\/high-voltage-ac-vacuum-load-switch\/#primaryimage","url":"https:\/\/www.jyiele.com\/wp-content\/uploads\/2024\/09\/High-Voltage-AC-Vacuum-Load-Switch.webp","contentUrl":"https:\/\/www.jyiele.com\/wp-content\/uploads\/2024\/09\/High-Voltage-AC-Vacuum-Load-Switch.webp","width":600,"height":600,"caption":"High Voltage AC Vacuum Load Switch"},{"@type":"BreadcrumbList","@id":"https:\/\/www.jyiele.com\/product\/high-voltage-ac-vacuum-load-switch\/#breadcrumb","itemListElement":[{"@type":"ListItem","position":1,"name":"Home","item":"https:\/\/www.jyiele.com\/"},{"@type":"ListItem","position":2,"name":"Product","item":"https:\/\/www.jyiele.com\/product\/"},{"@type":"ListItem","position":3,"name":"Vacuum Circuit Breaker","item":"https:\/\/www.jyiele.com\/product-category\/vacuum-circuit-breaker\/"},{"@type":"ListItem","position":4,"name":"VF(R)-12 Embedded High Voltage AC Vacuum Load Switch"}]},{"@type":"WebSite","@id":"https:\/\/www.jyiele.com\/#website","url":"https:\/\/www.jyiele.com\/","name":"JYIELE","description":"Producent af vakuumafbrydere","publisher":{"@id":"https:\/\/www.jyiele.com\/#organization"},"potentialAction":[{"@type":"SearchAction","target":{"@type":"EntryPoint","urlTemplate":"https:\/\/www.jyiele.com\/?s={search_term_string}"},"query-input":{"@type":"PropertyValueSpecification","valueRequired":true,"valueName":"search_term_string"}}],"inLanguage":"da-DK"},{"@type":"Organization","@id":"https:\/\/www.jyiele.com\/#organization","name":"JYIELE","url":"https:\/\/www.jyiele.com\/","logo":{"@type":"ImageObject","inLanguage":"da-DK","@id":"https:\/\/www.jyiele.com\/#\/schema\/logo\/image\/","url":"https:\/\/www.jyiele.com\/wp-content\/uploads\/2024\/09\/cropped-jyele-1.webp","contentUrl":"https:\/\/www.jyiele.com\/wp-content\/uploads\/2024\/09\/cropped-jyele-1.webp","width":137,"height":60,"caption":"JYIELE"},"image":{"@id":"https:\/\/www.jyiele.com\/#\/schema\/logo\/image\/"}}]}},"_links":{"self":[{"href":"https:\/\/www.jyiele.com\/da\/wp-json\/wp\/v2\/product\/1228","targetHints":{"allow":["GET"]}}],"collection":[{"href":"https:\/\/www.jyiele.com\/da\/wp-json\/wp\/v2\/product"}],"about":[{"href":"https:\/\/www.jyiele.com\/da\/wp-json\/wp\/v2\/types\/product"}],"version-history":[{"count":1,"href":"https:\/\/www.jyiele.com\/da\/wp-json\/wp\/v2\/product\/1228\/revisions"}],"predecessor-version":[{"id":2447,"href":"https:\/\/www.jyiele.com\/da\/wp-json\/wp\/v2\/product\/1228\/revisions\/2447"}],"wp:featuredmedia":[{"embeddable":true,"href":"https:\/\/www.jyiele.com\/da\/wp-json\/wp\/v2\/media\/1230"}],"wp:attachment":[{"href":"https:\/\/www.jyiele.com\/da\/wp-json\/wp\/v2\/media?parent=1228"}],"wp:term":[{"taxonomy":"product_brand","embeddable":true,"href":"https:\/\/www.jyiele.com\/da\/wp-json\/wp\/v2\/product_brand?post=1228"},{"taxonomy":"product_cat","embeddable":true,"href":"https:\/\/www.jyiele.com\/da\/wp-json\/wp\/v2\/product_cat?post=1228"},{"taxonomy":"product_tag","embeddable":true,"href":"https:\/\/www.jyiele.com\/da\/wp-json\/wp\/v2\/product_tag?post=1228"}],"curies":[{"name":"wp","href":"https:\/\/api.w.org\/{rel}","templated":true}]}}