{"id":1250,"date":"2020-04-08T07:05:18","date_gmt":"2020-04-08T07:05:18","guid":{"rendered":"https:\/\/www.jy-electric.com\/?post_type=product&#038;p=1250"},"modified":"2024-09-22T06:02:40","modified_gmt":"2024-09-22T06:02:40","slug":"plastic-cable-zip-ties","status":"publish","type":"product","link":"https:\/\/www.jyiele.com\/da\/product\/plastic-cable-zip-ties\/","title":{"rendered":"Kabelbindere i plast"},"content":{"rendered":"<h2>Egenskaber og fordele ved plastb\u00e5nd<\/h2>\n<p><strong>Materiale af h\u00f8j kvalitet<\/strong>: lavet af slidst\u00e6rk nylon 66, st\u00e6rk og holdbar.<\/p>\n<p><strong>SUPERHOLDBAR<\/strong>: Korrosionsbestandig, lavtemperaturbestandig, ikke let at \u00e6lde, velegnet til forskellige milj\u00f8er.<\/p>\n<p><strong>St\u00e6rk fastg\u00f8relse<\/strong>: kompakt design, fastg\u00f8r alle slags genstande og l\u00f8sner sig ikke.<\/p>\n<p><strong>NEM AT INSTALLERE<\/strong>: Let at betjene, bare vikl rundt om emnet og tr\u00e6k det stramt, intet v\u00e6rkt\u00f8j er n\u00f8dvendigt.<\/p>\n<p><strong>Sikker at bruge<\/strong>: glatte kanter, skader ikke fingre eller genstande, sikker at bruge.<\/p>\n<p><strong>Flere valgmuligheder<\/strong>: der er forskellige farver og st\u00f8rrelser til at opfylde forskellige behov.<\/p>\n<p><strong>Prisbillig<\/strong>: Rimelig pris, langvarig brug vil ikke tilf\u00f8je ekstra omkostninger.<\/p>\n<p><strong>Milj\u00f8venligt materiale<\/strong>: opfylder milj\u00f8standarder og er milj\u00f8venlig.<\/p>\n<p><strong>Meget udbredt<\/strong>: velegnet til hjem, kontor, industri osv. Den er velegnet til fastg\u00f8relse af ledninger og genstande.<\/p>\n<p><strong>Certificeret og garanteret:<\/strong> certificeret af ISO9001 og andre certificeringer, kvaliteten er garanteret.<\/p>\n<h2><strong>Genneml\u00f8bstid<\/strong><\/h2>\n<figure class=\"wp-block-table\">\n<div class=\"scroll\">\n<table>\n<tbody>\n<tr>\n<td>M\u00e6ngde (poser)<\/td>\n<td>1 - 2000<\/td>\n<td>2001 - 10000<\/td>\n<td>&gt; 10000<\/td>\n<\/tr>\n<tr>\n<td>Genneml\u00f8bstid (dage)<\/td>\n<td>7<\/td>\n<td>20<\/td>\n<td>Skal forhandles p\u00e5 plads<\/td>\n<\/tr>\n<\/tbody>\n<\/table>\n<\/div>\n<\/figure>\n<p>Tilpasning:<\/p>\n<p>Tilpasset logo (min. ordre 10000 poser)<\/p>\n<p>Tilpasset emballage (min. ordre 10000 poser)<\/p>\n<h2 class=\"wp-block-heading\">Vigtige detaljer<\/h2>\n<figure class=\"wp-block-table\">\n<div class=\"scroll\">\n<table>\n<tbody>\n<tr>\n<td>Oprindelsessted:<\/td>\n<td>Zhejiang, Kina<\/td>\n<td>Brand Name:<\/td>\n<td>JYIELE<\/td>\n<\/tr>\n<tr>\n<td>Modelnummer:<\/td>\n<td>YN-NBT001<\/td>\n<td>Type:<\/td>\n<td>Selvl\u00e5sende<\/td>\n<\/tr>\n<tr>\n<td>Materiale:<\/td>\n<td>Nylon<\/td>\n<td>Bredde:<\/td>\n<td>Brandh\u00e6mmende, varmebestandig<\/td>\n<\/tr>\n<tr>\n<td>L\u00e6ngde:<\/td>\n<td>100-500 mm<\/td>\n<td>Farve<\/td>\n<td>Naturlig, sort, andre farver efter din anmodning<\/td>\n<\/tr>\n<tr>\n<td>Anvendelse:<\/td>\n<td>Fastg\u00f8r kablerne<\/td>\n<td>Driftstemperatur:<\/td>\n<td>280\u00b0C-300\u00b0C<\/td>\n<\/tr>\n<tr>\n<td>St\u00f8rrelse:<\/td>\n<td>7,6*500 mm<\/td>\n<td>Pr\u00f8ve:<\/td>\n<td>S\u00f8rg for<\/td>\n<\/tr>\n<tr>\n<td>Driftstemperatur:<\/td>\n<td>280\u00b0C-300\u00b0C<\/td>\n<td>Tr\u00e6kstyrke:<\/td>\n<td>120LBS\/55KGS<\/td>\n<\/tr>\n<tr>\n<td>Flammeklasse:<\/td>\n<td>UL94V-2<\/td>\n<td>Certificering:<\/td>\n<td>CE CCC PAHS<\/td>\n<\/tr>\n<\/tbody>\n<\/table>\n<\/div>\n<\/figure>\n<h2 class=\"wp-block-heading\"><strong>Beskrivelse af produktet<\/strong><\/h2>\n<figure class=\"wp-block-table\">\n<div class=\"scroll\">\n<table>\n<tbody>\n<tr>\n<td><strong>ARTIKEL NR.<\/strong><\/td>\n<td colspan=\"2\"><strong>\u00a0L\u00c6NGDE<\/strong><\/td>\n<td><strong>BREDDE<\/strong><\/td>\n<td><strong>Bundtets diameterE(mm)<\/strong><\/td>\n<td colspan=\"2\"><strong>Min. tr\u00e6kstyrke i l\u00f8kken<\/strong><\/td>\n<\/tr>\n<tr>\n<td>3X90<\/td>\n<td>3 5\/8\"<\/td>\n<td>90<\/td>\n<td>2.5<\/td>\n<td>2-18<\/td>\n<td>18<\/td>\n<td>8<\/td>\n<\/tr>\n<tr>\n<td>3X100<\/td>\n<td>4\u2033<\/td>\n<td>100<\/td>\n<td>2.5<\/td>\n<td>2-22<\/td>\n<td>18<\/td>\n<td>8<\/td>\n<\/tr>\n<tr>\n<td>3X120<\/td>\n<td>4 3\/4\"<\/td>\n<td>120<\/td>\n<td>2.5<\/td>\n<td>2-30<\/td>\n<td>18<\/td>\n<td>8<\/td>\n<\/tr>\n<tr>\n<td>3X140<\/td>\n<td>5 1\/2\"<\/td>\n<td>140<\/td>\n<td>2.5<\/td>\n<td>2-33<\/td>\n<td>18<\/td>\n<td>8<\/td>\n<\/tr>\n<tr>\n<td>3X150<\/td>\n<td>6\u2033<\/td>\n<td>150<\/td>\n<td>2.5<\/td>\n<td>2-35<\/td>\n<td>18<\/td>\n<td>8<\/td>\n<\/tr>\n<tr>\n<td>3X160<\/td>\n<td>6 1\/4\"<\/td>\n<td>160<\/td>\n<td>2.5<\/td>\n<td>2-40<\/td>\n<td>18<\/td>\n<td>8<\/td>\n<\/tr>\n<tr>\n<td>3X200<\/td>\n<td>8\u2033<\/td>\n<td>200<\/td>\n<td>2.5<\/td>\n<td>3-50<\/td>\n<td>18<\/td>\n<td>8<\/td>\n<\/tr>\n<tr>\n<td>4X200<\/td>\n<td>8\u2033<\/td>\n<td>200<\/td>\n<td>3.6<\/td>\n<td>3-50<\/td>\n<td>40<\/td>\n<td>18<\/td>\n<\/tr>\n<tr>\n<td>4X220<\/td>\n<td>8 5\/8\"<\/td>\n<td>220<\/td>\n<td>3.5<\/td>\n<td>3-58<\/td>\n<td>40<\/td>\n<td>18<\/td>\n<\/tr>\n<tr>\n<td>4X250<\/td>\n<td>10\u2033<\/td>\n<td>250<\/td>\n<td>3.6<\/td>\n<td>3-65<\/td>\n<td>40<\/td>\n<td>18<\/td>\n<\/tr>\n<tr>\n<td>4X280<\/td>\n<td>11\"<\/td>\n<td>280<\/td>\n<td>3.5<\/td>\n<td>3-70<\/td>\n<td>40<\/td>\n<td>18<\/td>\n<\/tr>\n<tr>\n<td>4X300<\/td>\n<td>11 5\/8\u2033<\/td>\n<td>300<\/td>\n<td>3.6<\/td>\n<td>3-80<\/td>\n<td>40<\/td>\n<td>18<\/td>\n<\/tr>\n<tr>\n<td>5X120<\/td>\n<td>4 3\/4\u2033<\/td>\n<td>120<\/td>\n<td>4.8<\/td>\n<td>3-24<\/td>\n<td>50<\/td>\n<td>22<\/td>\n<\/tr>\n<tr>\n<td>5X180<\/td>\n<td>7\u2033<\/td>\n<td>180<\/td>\n<td>4.8<\/td>\n<td>3-42<\/td>\n<td>50<\/td>\n<td>22<\/td>\n<\/tr>\n<tr>\n<td>5X190<\/td>\n<td>7 1\/2\"<\/td>\n<td>190<\/td>\n<td>4.5<\/td>\n<td>3-46<\/td>\n<td>50<\/td>\n<td>22<\/td>\n<\/tr>\n<tr>\n<td>5X200<\/td>\n<td>8\u2033<\/td>\n<td>200<\/td>\n<td>4.8<\/td>\n<td>3-50<\/td>\n<td>50<\/td>\n<td>22<\/td>\n<\/tr>\n<tr>\n<td>5X250<\/td>\n<td>10\u2033<\/td>\n<td>250<\/td>\n<td>4.8<\/td>\n<td>3-65<\/td>\n<td>50<\/td>\n<td>22<\/td>\n<\/tr>\n<tr>\n<td>5X280<\/td>\n<td>11\"<\/td>\n<td>280<\/td>\n<td>4.5<\/td>\n<td>3-70<\/td>\n<td>50<\/td>\n<td>22<\/td>\n<\/tr>\n<tr>\n<td>5X300<\/td>\n<td>12\u2033<\/td>\n<td>300<\/td>\n<td>4.8<\/td>\n<td>3-82<\/td>\n<td>50<\/td>\n<td>22<\/td>\n<\/tr>\n<tr>\n<td>5X350<\/td>\n<td>13 3\/4\u2033<\/td>\n<td>350<\/td>\n<td>4.8<\/td>\n<td>3-90<\/td>\n<td>50<\/td>\n<td>22<\/td>\n<\/tr>\n<tr>\n<td>5X380<\/td>\n<td>15\u2033<\/td>\n<td>380<\/td>\n<td>4.8<\/td>\n<td>3-102<\/td>\n<td>50<\/td>\n<td>22<\/td>\n<\/tr>\n<tr>\n<td>5X400<\/td>\n<td>15 3\/4\u2033<\/td>\n<td>400<\/td>\n<td>4.8<\/td>\n<td>3-105<\/td>\n<td>50<\/td>\n<td>22<\/td>\n<\/tr>\n<tr>\n<td>8X200<\/td>\n<td>8\u2033<\/td>\n<td>200<\/td>\n<td>7.2<\/td>\n<td>3-50<\/td>\n<td>120<\/td>\n<td>55<\/td>\n<\/tr>\n<tr>\n<td>8X250<\/td>\n<td>10\u2033<\/td>\n<td>250<\/td>\n<td>7.2<\/td>\n<td>4-63<\/td>\n<td>120<\/td>\n<td>55<\/td>\n<\/tr>\n<tr>\n<td>8X270<\/td>\n<td>10 5\/8\"<\/td>\n<td>270<\/td>\n<td>6<\/td>\n<td>4-65<\/td>\n<td>65<\/td>\n<td>30<\/td>\n<\/tr>\n<tr>\n<td>8X300<\/td>\n<td>11 5\/8\u2033<\/td>\n<td>300<\/td>\n<td>7.2<\/td>\n<td>4-82<\/td>\n<td>120<\/td>\n<td>55<\/td>\n<\/tr>\n<tr>\n<td>8X350<\/td>\n<td>13 3\/4\u2033<\/td>\n<td>350<\/td>\n<td>7.2<\/td>\n<td>4-90<\/td>\n<td>120<\/td>\n<td>55<\/td>\n<\/tr>\n<tr>\n<td>8X370<\/td>\n<td>14 1\/4\u2033<\/td>\n<td>370<\/td>\n<td>7.2<\/td>\n<td>4-98<\/td>\n<td>120<\/td>\n<td>55<\/td>\n<\/tr>\n<tr>\n<td>8X400<\/td>\n<td>15 3\/4\u2033<\/td>\n<td>400<\/td>\n<td>7.2<\/td>\n<td>4-105<\/td>\n<td>120<\/td>\n<td>55<\/td>\n<\/tr>\n<tr>\n<td>8X450<\/td>\n<td>17 3\/4\u2033<\/td>\n<td>450<\/td>\n<td>7.2<\/td>\n<td>4-118<\/td>\n<td>120<\/td>\n<td>55<\/td>\n<\/tr>\n<tr>\n<td>8X500<\/td>\n<td>19 11\/16\u2033<\/td>\n<td>500<\/td>\n<td>7.2<\/td>\n<td>4-150<\/td>\n<td>120<\/td>\n<td>55<\/td>\n<\/tr>\n<tr>\n<td>8X550<\/td>\n<td>21.6<\/td>\n<td>550<\/td>\n<td>7.2<\/td>\n<td>4-165<\/td>\n<td>120<\/td>\n<td>55<\/td>\n<\/tr>\n<tr>\n<td>9X530<\/td>\n<td>20 3\/4\"<\/td>\n<td>530<\/td>\n<td>9<\/td>\n<td>8-155<\/td>\n<td>175<\/td>\n<td>80<\/td>\n<\/tr>\n<tr>\n<td>9X550<\/td>\n<td>21 1\/16\u2033<\/td>\n<td>550<\/td>\n<td>9<\/td>\n<td>8-160<\/td>\n<td>175<\/td>\n<td>80<\/td>\n<\/tr>\n<tr>\n<td>9X600<\/td>\n<td>23 5\/8\u2033<\/td>\n<td>600<\/td>\n<td>9<\/td>\n<td>8-170<\/td>\n<td>175<\/td>\n<td>80<\/td>\n<\/tr>\n<tr>\n<td>9X650<\/td>\n<td>25 9\/16\u2033<\/td>\n<td>650<\/td>\n<td>9<\/td>\n<td>8-190<\/td>\n<td>175<\/td>\n<td>80<\/td>\n<\/tr>\n<tr>\n<td>9X700<\/td>\n<td>27 1\/2\u2033<\/td>\n<td>700<\/td>\n<td>9<\/td>\n<td>10-205<\/td>\n<td>175<\/td>\n<td>80<\/td>\n<\/tr>\n<tr>\n<td>9X760<\/td>\n<td>30\"<\/td>\n<td>760<\/td>\n<td>9<\/td>\n<td>10-225<\/td>\n<td>175<\/td>\n<td>80<\/td>\n<\/tr>\n<tr>\n<td>9X920<\/td>\n<td>36 1\/4\u2033<\/td>\n<td>920<\/td>\n<td>9<\/td>\n<td>10-265<\/td>\n<td>175<\/td>\n<td>80<\/td>\n<\/tr>\n<tr>\n<td>9X1020<\/td>\n<td>40 1\/6\u2033<\/td>\n<td>1020<\/td>\n<td>9<\/td>\n<td>10-295<\/td>\n<td>175<\/td>\n<td>80<\/td>\n<\/tr>\n<tr>\n<td>9X1150<\/td>\n<td>45 1\/4\u2033<\/td>\n<td>1150<\/td>\n<td>9<\/td>\n<td>10-310<\/td>\n<td>175<\/td>\n<td>80<\/td>\n<\/tr>\n<tr>\n<td>9X1200<\/td>\n<td>47 1\/5\u2033<\/td>\n<td>1200<\/td>\n<td>9<\/td>\n<td>10-340<\/td>\n<td>175<\/td>\n<td>80<\/td>\n<\/tr>\n<tr>\n<td>10X450<\/td>\n<td>17 3\/4\"<\/td>\n<td>450<\/td>\n<td>10<\/td>\n<td>10-125<\/td>\n<td>200<\/td>\n<td>91<\/td>\n<\/tr>\n<tr>\n<td>10X500<\/td>\n<td>19 11\/16\"<\/td>\n<td>500<\/td>\n<td>10<\/td>\n<td>12-150<\/td>\n<td>200<\/td>\n<td>91<\/td>\n<\/tr>\n<\/tbody>\n<\/table>\n<\/div>\n<\/figure>","protected":false},"excerpt":{"rendered":"<p>JYIELE producerer plastb\u00e5nd med komplette specifikationer, st\u00e6rke og holdbare, nemme at betjene og bredt anvendelige, hvilket g\u00f8r det til en ideel leverand\u00f8r til dig i en r\u00e6kke forskellige fastg\u00f8relsesbehov<\/p>","protected":false},"featured_media":1252,"template":"","meta":{"site-sidebar-layout":"default","site-content-layout":"","ast-site-content-layout":"default","site-content-style":"default","site-sidebar-style":"default","ast-global-header-display":"","ast-banner-title-visibility":"","ast-main-header-display":"","ast-hfb-above-header-display":"","ast-hfb-below-header-display":"","ast-hfb-mobile-header-display":"","site-post-title":"","ast-breadcrumbs-content":"","ast-featured-img":"","footer-sml-layout":"","theme-transparent-header-meta":"default","adv-header-id-meta":"","stick-header-meta":"","header-above-stick-meta":"","header-main-stick-meta":"","header-below-stick-meta":"","astra-migrate-meta-layouts":"set","ast-page-background-enabled":"default","ast-page-background-meta":{"desktop":{"background-color":"var(--ast-global-color-4)","background-image":"","background-repeat":"repeat","background-position":"center center","background-size":"auto","background-attachment":"scroll","background-type":"","background-media":"","overlay-type":"","overlay-color":"","overlay-opacity":"","overlay-gradient":""},"tablet":{"background-color":"","background-image":"","background-repeat":"repeat","background-position":"center center","background-size":"auto","background-attachment":"scroll","background-type":"","background-media":"","overlay-type":"","overlay-color":"","overlay-opacity":"","overlay-gradient":""},"mobile":{"background-color":"","background-image":"","background-repeat":"repeat","background-position":"center center","background-size":"auto","background-attachment":"scroll","background-type":"","background-media":"","overlay-type":"","overlay-color":"","overlay-opacity":"","overlay-gradient":""}},"ast-content-background-meta":{"desktop":{"background-color":"var(--ast-global-color-5)","background-image":"","background-repeat":"repeat","background-position":"center center","background-size":"auto","background-attachment":"scroll","background-type":"","background-media":"","overlay-type":"","overlay-color":"","overlay-opacity":"","overlay-gradient":""},"tablet":{"background-color":"var(--ast-global-color-5)","background-image":"","background-repeat":"repeat","background-position":"center center","background-size":"auto","background-attachment":"scroll","background-type":"","background-media":"","overlay-type":"","overlay-color":"","overlay-opacity":"","overlay-gradient":""},"mobile":{"background-color":"var(--ast-global-color-5)","background-image":"","background-repeat":"repeat","background-position":"center center","background-size":"auto","background-attachment":"scroll","background-type":"","background-media":"","overlay-type":"","overlay-color":"","overlay-opacity":"","overlay-gradient":""}}},"product_brand":[],"product_cat":[20],"product_tag":[],"class_list":{"0":"post-1250","1":"product","2":"type-product","3":"status-publish","4":"has-post-thumbnail","6":"product_cat-zip-ties","7":"desktop-align-left","8":"tablet-align-left","9":"mobile-align-left","11":"first","12":"instock","13":"shipping-taxable","14":"product-type-simple"},"yoast_head":"<!-- This site is optimized with the Yoast SEO plugin v24.8.1 - https:\/\/yoast.com\/wordpress\/plugins\/seo\/ -->\n<title>Leading Plastic Cable Zip Ties Manufacturers | High-Quality Solutions<\/title>\n<meta name=\"description\" content=\"Explore top-quality plastic cable zip ties from leading manufacturers. Our durable and reliable cable ties are perfect for securing cables in various applications. Find the perfect solution for your needs today!\" \/>\n<meta name=\"robots\" content=\"index, follow, max-snippet:-1, max-image-preview:large, max-video-preview:-1\" \/>\n<link rel=\"canonical\" href=\"https:\/\/www.jyiele.com\/da\/product\/plastic-cable-zip-ties\/\" \/>\n<meta property=\"og:locale\" content=\"da_DK\" \/>\n<meta property=\"og:type\" content=\"article\" \/>\n<meta property=\"og:title\" content=\"Leading Plastic Cable Zip Ties Manufacturers | High-Quality Solutions\" \/>\n<meta property=\"og:description\" content=\"Explore top-quality plastic cable zip ties from leading manufacturers. Our durable and reliable cable ties are perfect for securing cables in various applications. Find the perfect solution for your needs today!\" \/>\n<meta property=\"og:url\" content=\"https:\/\/www.jyiele.com\/da\/product\/plastic-cable-zip-ties\/\" \/>\n<meta property=\"og:site_name\" content=\"JYIELE\" \/>\n<meta property=\"article:modified_time\" content=\"2024-09-22T06:02:40+00:00\" \/>\n<meta property=\"og:image\" content=\"https:\/\/www.jyiele.com\/wp-content\/uploads\/2024\/09\/Plastic-Cable-Zip-Ties-Manufacturers.webp\" \/>\n\t<meta property=\"og:image:width\" content=\"800\" \/>\n\t<meta property=\"og:image:height\" content=\"800\" \/>\n\t<meta property=\"og:image:type\" content=\"image\/webp\" \/>\n<meta name=\"twitter:card\" content=\"summary_large_image\" \/>\n<meta name=\"twitter:label1\" content=\"Estimeret l\u00e6setid\" \/>\n\t<meta name=\"twitter:data1\" content=\"3 minutter\" \/>\n<script type=\"application\/ld+json\" class=\"yoast-schema-graph\">{\"@context\":\"https:\/\/schema.org\",\"@graph\":[{\"@type\":\"WebPage\",\"@id\":\"https:\/\/www.jyiele.com\/de\/product\/plastic-cable-zip-ties\/\",\"url\":\"https:\/\/www.jyiele.com\/de\/product\/plastic-cable-zip-ties\/\",\"name\":\"Leading Plastic Cable Zip Ties Manufacturers | High-Quality Solutions\",\"isPartOf\":{\"@id\":\"https:\/\/www.jyiele.com\/#website\"},\"primaryImageOfPage\":{\"@id\":\"https:\/\/www.jyiele.com\/de\/product\/plastic-cable-zip-ties\/#primaryimage\"},\"image\":{\"@id\":\"https:\/\/www.jyiele.com\/de\/product\/plastic-cable-zip-ties\/#primaryimage\"},\"thumbnailUrl\":\"https:\/\/www.jyiele.com\/wp-content\/uploads\/2024\/09\/Plastic-Cable-Zip-Ties-Manufacturers.webp\",\"datePublished\":\"2020-04-08T07:05:18+00:00\",\"dateModified\":\"2024-09-22T06:02:40+00:00\",\"description\":\"Explore top-quality plastic cable zip ties from leading manufacturers. Our durable and reliable cable ties are perfect for securing cables in various applications. Find the perfect solution for your needs today!\",\"breadcrumb\":{\"@id\":\"https:\/\/www.jyiele.com\/de\/product\/plastic-cable-zip-ties\/#breadcrumb\"},\"inLanguage\":\"da-DK\",\"potentialAction\":[{\"@type\":\"ReadAction\",\"target\":[\"https:\/\/www.jyiele.com\/de\/product\/plastic-cable-zip-ties\/\"]}]},{\"@type\":\"ImageObject\",\"inLanguage\":\"da-DK\",\"@id\":\"https:\/\/www.jyiele.com\/de\/product\/plastic-cable-zip-ties\/#primaryimage\",\"url\":\"https:\/\/www.jyiele.com\/wp-content\/uploads\/2024\/09\/Plastic-Cable-Zip-Ties-Manufacturers.webp\",\"contentUrl\":\"https:\/\/www.jyiele.com\/wp-content\/uploads\/2024\/09\/Plastic-Cable-Zip-Ties-Manufacturers.webp\",\"width\":800,\"height\":800,\"caption\":\"Plastic-Cable-Zip-Ties-Manufacturers\"},{\"@type\":\"BreadcrumbList\",\"@id\":\"https:\/\/www.jyiele.com\/de\/product\/plastic-cable-zip-ties\/#breadcrumb\",\"itemListElement\":[{\"@type\":\"ListItem\",\"position\":1,\"name\":\"Home\",\"item\":\"https:\/\/www.jyiele.com\/\"},{\"@type\":\"ListItem\",\"position\":2,\"name\":\"Product\",\"item\":\"https:\/\/www.jyiele.com\/product\/\"},{\"@type\":\"ListItem\",\"position\":3,\"name\":\"Zip Ties\",\"item\":\"https:\/\/www.jyiele.com\/de\/product-category\/zip-ties\/\"},{\"@type\":\"ListItem\",\"position\":4,\"name\":\"Plastic Cable Zip Ties\"}]},{\"@type\":\"WebSite\",\"@id\":\"https:\/\/www.jyiele.com\/#website\",\"url\":\"https:\/\/www.jyiele.com\/\",\"name\":\"JYIELE\",\"description\":\"Vacuum Circuit Breaker manufacturer\",\"publisher\":{\"@id\":\"https:\/\/www.jyiele.com\/#organization\"},\"potentialAction\":[{\"@type\":\"SearchAction\",\"target\":{\"@type\":\"EntryPoint\",\"urlTemplate\":\"https:\/\/www.jyiele.com\/?s={search_term_string}\"},\"query-input\":{\"@type\":\"PropertyValueSpecification\",\"valueRequired\":true,\"valueName\":\"search_term_string\"}}],\"inLanguage\":\"da-DK\"},{\"@type\":\"Organization\",\"@id\":\"https:\/\/www.jyiele.com\/#organization\",\"name\":\"JYIELE\",\"url\":\"https:\/\/www.jyiele.com\/\",\"logo\":{\"@type\":\"ImageObject\",\"inLanguage\":\"da-DK\",\"@id\":\"https:\/\/www.jyiele.com\/#\/schema\/logo\/image\/\",\"url\":\"https:\/\/www.jyiele.com\/wp-content\/uploads\/2024\/09\/cropped-jyele-1.webp\",\"contentUrl\":\"https:\/\/www.jyiele.com\/wp-content\/uploads\/2024\/09\/cropped-jyele-1.webp\",\"width\":137,\"height\":60,\"caption\":\"JYIELE\"},\"image\":{\"@id\":\"https:\/\/www.jyiele.com\/#\/schema\/logo\/image\/\"}}]}<\/script>\n<!-- \/ Yoast SEO plugin. -->","yoast_head_json":{"title":"F\u00f8rende producenter af lynl\u00e5sb\u00e5nd til plastkabler - l\u00f8sninger af h\u00f8j kvalitet","description":"Udforsk plastkabelbindere i topkvalitet fra f\u00f8rende producenter. Vores holdbare og p\u00e5lidelige kabelbindere er perfekte til at fastg\u00f8re kabler i forskellige applikationer. Find den perfekte l\u00f8sning til dine behov i dag!","robots":{"index":"index","follow":"follow","max-snippet":"max-snippet:-1","max-image-preview":"max-image-preview:large","max-video-preview":"max-video-preview:-1"},"canonical":"https:\/\/www.jyiele.com\/da\/product\/plastic-cable-zip-ties\/","og_locale":"da_DK","og_type":"article","og_title":"Leading Plastic Cable Zip Ties Manufacturers | High-Quality Solutions","og_description":"Explore top-quality plastic cable zip ties from leading manufacturers. Our durable and reliable cable ties are perfect for securing cables in various applications. Find the perfect solution for your needs today!","og_url":"https:\/\/www.jyiele.com\/da\/product\/plastic-cable-zip-ties\/","og_site_name":"JYIELE","article_modified_time":"2024-09-22T06:02:40+00:00","og_image":[{"width":800,"height":800,"url":"https:\/\/www.jyiele.com\/wp-content\/uploads\/2024\/09\/Plastic-Cable-Zip-Ties-Manufacturers.webp","type":"image\/webp"}],"twitter_card":"summary_large_image","twitter_misc":{"Estimeret l\u00e6setid":"3 minutter"},"schema":{"@context":"https:\/\/schema.org","@graph":[{"@type":"WebPage","@id":"https:\/\/www.jyiele.com\/de\/product\/plastic-cable-zip-ties\/","url":"https:\/\/www.jyiele.com\/de\/product\/plastic-cable-zip-ties\/","name":"F\u00f8rende producenter af lynl\u00e5sb\u00e5nd til plastkabler - l\u00f8sninger af h\u00f8j kvalitet","isPartOf":{"@id":"https:\/\/www.jyiele.com\/#website"},"primaryImageOfPage":{"@id":"https:\/\/www.jyiele.com\/de\/product\/plastic-cable-zip-ties\/#primaryimage"},"image":{"@id":"https:\/\/www.jyiele.com\/de\/product\/plastic-cable-zip-ties\/#primaryimage"},"thumbnailUrl":"https:\/\/www.jyiele.com\/wp-content\/uploads\/2024\/09\/Plastic-Cable-Zip-Ties-Manufacturers.webp","datePublished":"2020-04-08T07:05:18+00:00","dateModified":"2024-09-22T06:02:40+00:00","description":"Udforsk plastkabelbindere i topkvalitet fra f\u00f8rende producenter. Vores holdbare og p\u00e5lidelige kabelbindere er perfekte til at fastg\u00f8re kabler i forskellige applikationer. Find den perfekte l\u00f8sning til dine behov i dag!","breadcrumb":{"@id":"https:\/\/www.jyiele.com\/de\/product\/plastic-cable-zip-ties\/#breadcrumb"},"inLanguage":"da-DK","potentialAction":[{"@type":"ReadAction","target":["https:\/\/www.jyiele.com\/de\/product\/plastic-cable-zip-ties\/"]}]},{"@type":"ImageObject","inLanguage":"da-DK","@id":"https:\/\/www.jyiele.com\/de\/product\/plastic-cable-zip-ties\/#primaryimage","url":"https:\/\/www.jyiele.com\/wp-content\/uploads\/2024\/09\/Plastic-Cable-Zip-Ties-Manufacturers.webp","contentUrl":"https:\/\/www.jyiele.com\/wp-content\/uploads\/2024\/09\/Plastic-Cable-Zip-Ties-Manufacturers.webp","width":800,"height":800,"caption":"Plastic-Cable-Zip-Ties-Manufacturers"},{"@type":"BreadcrumbList","@id":"https:\/\/www.jyiele.com\/de\/product\/plastic-cable-zip-ties\/#breadcrumb","itemListElement":[{"@type":"ListItem","position":1,"name":"Home","item":"https:\/\/www.jyiele.com\/"},{"@type":"ListItem","position":2,"name":"Product","item":"https:\/\/www.jyiele.com\/product\/"},{"@type":"ListItem","position":3,"name":"Zip Ties","item":"https:\/\/www.jyiele.com\/de\/product-category\/zip-ties\/"},{"@type":"ListItem","position":4,"name":"Plastic Cable Zip Ties"}]},{"@type":"WebSite","@id":"https:\/\/www.jyiele.com\/#website","url":"https:\/\/www.jyiele.com\/","name":"JYIELE","description":"Producent af vakuumafbrydere","publisher":{"@id":"https:\/\/www.jyiele.com\/#organization"},"potentialAction":[{"@type":"SearchAction","target":{"@type":"EntryPoint","urlTemplate":"https:\/\/www.jyiele.com\/?s={search_term_string}"},"query-input":{"@type":"PropertyValueSpecification","valueRequired":true,"valueName":"search_term_string"}}],"inLanguage":"da-DK"},{"@type":"Organization","@id":"https:\/\/www.jyiele.com\/#organization","name":"JYIELE","url":"https:\/\/www.jyiele.com\/","logo":{"@type":"ImageObject","inLanguage":"da-DK","@id":"https:\/\/www.jyiele.com\/#\/schema\/logo\/image\/","url":"https:\/\/www.jyiele.com\/wp-content\/uploads\/2024\/09\/cropped-jyele-1.webp","contentUrl":"https:\/\/www.jyiele.com\/wp-content\/uploads\/2024\/09\/cropped-jyele-1.webp","width":137,"height":60,"caption":"JYIELE"},"image":{"@id":"https:\/\/www.jyiele.com\/#\/schema\/logo\/image\/"}}]}},"_links":{"self":[{"href":"https:\/\/www.jyiele.com\/da\/wp-json\/wp\/v2\/product\/1250","targetHints":{"allow":["GET"]}}],"collection":[{"href":"https:\/\/www.jyiele.com\/da\/wp-json\/wp\/v2\/product"}],"about":[{"href":"https:\/\/www.jyiele.com\/da\/wp-json\/wp\/v2\/types\/product"}],"version-history":[{"count":1,"href":"https:\/\/www.jyiele.com\/da\/wp-json\/wp\/v2\/product\/1250\/revisions"}],"predecessor-version":[{"id":1251,"href":"https:\/\/www.jyiele.com\/da\/wp-json\/wp\/v2\/product\/1250\/revisions\/1251"}],"wp:featuredmedia":[{"embeddable":true,"href":"https:\/\/www.jyiele.com\/da\/wp-json\/wp\/v2\/media\/1252"}],"wp:attachment":[{"href":"https:\/\/www.jyiele.com\/da\/wp-json\/wp\/v2\/media?parent=1250"}],"wp:term":[{"taxonomy":"product_brand","embeddable":true,"href":"https:\/\/www.jyiele.com\/da\/wp-json\/wp\/v2\/product_brand?post=1250"},{"taxonomy":"product_cat","embeddable":true,"href":"https:\/\/www.jyiele.com\/da\/wp-json\/wp\/v2\/product_cat?post=1250"},{"taxonomy":"product_tag","embeddable":true,"href":"https:\/\/www.jyiele.com\/da\/wp-json\/wp\/v2\/product_tag?post=1250"}],"curies":[{"name":"wp","href":"https:\/\/api.w.org\/{rel}","templated":true}]}}