{"id":1253,"date":"2024-11-01T08:09:42","date_gmt":"2024-11-01T08:09:42","guid":{"rendered":"https:\/\/www.jy-electric.com\/?post_type=product&#038;p=1253"},"modified":"2025-03-09T11:43:55","modified_gmt":"2025-03-09T11:43:55","slug":"ip68-plastic-mc4-solar-connectors-1500v-dc","status":"publish","type":"product","link":"https:\/\/www.jyiele.com\/da\/product\/ip68-plastic-mc4-solar-connectors-1500v-dc\/","title":{"rendered":"IP68 Plastic MC4 Solar Connectors 1500V DC"},"content":{"rendered":"<h2>Tilslutningsdel<\/h2>\n<p>Brug fortinnet kobber for god ledningsevne og lav kontaktmodstand.<br \/>\nIkke let at oxidere eller ruste.<\/p>\n<h2>Skal<\/h2>\n<p>Der anvendes PPO-plast, som er modstandsdygtig over for h\u00f8je temperaturer, flammeh\u00e6mmende og slid- og smudsafvisende.<\/p>\n<h2>Anvendelser<\/h2>\n<p>Velegnet til fotovoltaiske (sol)energisystemer.<\/p>\n<h2>Produktets fordele<\/h2>\n<p>PREMIUM KONDUKTIVITET: Det fortinnede kobbermateriale bruges til at give fremragende ledningsevne, hvilket sikrer lav kontaktmodstand og mere stabil str\u00f8moverf\u00f8rsel.<\/p>\n<p>St\u00e6rk holdbarhed: Skallen er lavet af PPO-plast, som ikke kun er h\u00f8jtemperaturbestandig og flammeh\u00e6mmende, men ogs\u00e5 har fremragende modstandsdygtighed over for slid og forurening, hvilket g\u00f8r den velegnet til en r\u00e6kke barske milj\u00f8er.<\/p>\n<p>Avanceret beskyttelse: IP68-klassificeret beskyttelsesdesign forhindrer effektivt indtr\u00e6ngen af vand og st\u00f8v og sikrer, at stikket kan opretholde en god ydeevne, selv n\u00e5r det bruges udend\u00f8rs.<\/p>\n<p>Bredt temperaturomr\u00e5de: Kan fungere normalt i et bredt temperaturomr\u00e5de fra -40 \u00b0C til 90 \u00b0C og tilpasse sig en r\u00e6kke ekstreme klimatiske forhold.<\/p>\n<p>H\u00f8j sikkerhed: Flammeh\u00e6mmende klassificering op til UL94V-0 \u00f8ger sikkerheden ved brug og reducerer risikoen for brand.<\/p>\n<p>Fleksible sp\u00e6ndings- og str\u00f8mspecifikationer: Underst\u00f8tter 1000V (1500V) DC-sp\u00e6nding og 30A eller 50A str\u00f8m for at im\u00f8dekomme behovene i forskellige solsystemer.<\/p>\n<p>Nem installation: Crimp-tilslutningsmetoden er designet til hurtig og nem installation, hvilket sikrer en p\u00e5lidelig elektrisk forbindelse.<\/p>\n<h2>Detaljer<\/h2>\n<div class=\"bot_con\">\n<div class=\"des show\">\n<figure class=\"wp-block-table\">\n<div class=\"scroll\">\n<table>\n<tbody>\n<tr>\n<td>Oprindelsessted<\/td>\n<td>Zhejiang, Kina<\/td>\n<\/tr>\n<tr>\n<td>Modelnummer<\/td>\n<td>RMC4.0-03A<\/td>\n<\/tr>\n<tr>\n<td>Farve<\/td>\n<td>Sort<\/td>\n<\/tr>\n<tr>\n<td>Nominel sp\u00e6nding<\/td>\n<td>1000V DC<\/td>\n<\/tr>\n<tr>\n<td>Nominel str\u00f8m<\/td>\n<td>30A<\/td>\n<\/tr>\n<tr>\n<td>Isolationsmateriale<\/td>\n<td>PPO<\/td>\n<\/tr>\n<tr>\n<td>Kabel-specifikationer<\/td>\n<td>2,5 mm\u00b2-6,0 mm\u00b2 14AWG-10AWG<\/td>\n<\/tr>\n<tr>\n<td>Pin-dimension<\/td>\n<td>4,0 mm<\/td>\n<\/tr>\n<tr>\n<td>Bevissp\u00e6nding<\/td>\n<td>6000V AC(1Min) 2200V DC(1Min)<\/td>\n<\/tr>\n<tr>\n<td>Temperaturomr\u00e5de<\/td>\n<td>-40\u2103 ~ +90\u2103<\/td>\n<\/tr>\n<tr>\n<td>Kontaktmateriale<\/td>\n<td>Kobber, tinbelagt<\/td>\n<\/tr>\n<tr>\n<td>Beskyttelsesgrad<\/td>\n<td>IP67<\/td>\n<\/tr>\n<tr>\n<td>Tilbagetr\u00e6kning\/temperatur Kraft<\/td>\n<td>\u226550N\/\u2264 50N<\/td>\n<\/tr>\n<\/tbody>\n<\/table>\n<\/div>\n<\/figure>\n<\/div>\n<\/div>","protected":false},"excerpt":{"rendered":"<p>Farve: Sort<br \/>\nNominel sp\u00e6nding: 1000V (1500V f\u00e5s ogs\u00e5)<br \/>\nNominel str\u00f8m: 30A eller 50A<br \/>\nBeskyttelsesgrad: IP67 (vandt\u00e6t og st\u00f8vt\u00e6t)<br \/>\nKontaktmodstand: \u22641m\u03a9<br \/>\nDriftstemperaturomr\u00e5de: -40 \u2103 til 90<br \/>\nKontaktmateriale: fortinnet kobber<br \/>\nTilslutningsmetode: krympning<br \/>\nFlammeh\u00e6mmende klasse: UL94V-0<\/p>","protected":false},"featured_media":1255,"template":"","meta":{"site-sidebar-layout":"default","site-content-layout":"","ast-site-content-layout":"default","site-content-style":"default","site-sidebar-style":"default","ast-global-header-display":"","ast-banner-title-visibility":"","ast-main-header-display":"","ast-hfb-above-header-display":"","ast-hfb-below-header-display":"","ast-hfb-mobile-header-display":"","site-post-title":"","ast-breadcrumbs-content":"","ast-featured-img":"","footer-sml-layout":"","ast-disable-related-posts":"","theme-transparent-header-meta":"default","adv-header-id-meta":"","stick-header-meta":"","header-above-stick-meta":"","header-main-stick-meta":"","header-below-stick-meta":"","astra-migrate-meta-layouts":"set","ast-page-background-enabled":"default","ast-page-background-meta":{"desktop":{"background-color":"var(--ast-global-color-4)","background-image":"","background-repeat":"repeat","background-position":"center center","background-size":"auto","background-attachment":"scroll","background-type":"","background-media":"","overlay-type":"","overlay-color":"","overlay-opacity":"","overlay-gradient":""},"tablet":{"background-color":"","background-image":"","background-repeat":"repeat","background-position":"center center","background-size":"auto","background-attachment":"scroll","background-type":"","background-media":"","overlay-type":"","overlay-color":"","overlay-opacity":"","overlay-gradient":""},"mobile":{"background-color":"","background-image":"","background-repeat":"repeat","background-position":"center center","background-size":"auto","background-attachment":"scroll","background-type":"","background-media":"","overlay-type":"","overlay-color":"","overlay-opacity":"","overlay-gradient":""}},"ast-content-background-meta":{"desktop":{"background-color":"var(--ast-global-color-5)","background-image":"","background-repeat":"repeat","background-position":"center center","background-size":"auto","background-attachment":"scroll","background-type":"","background-media":"","overlay-type":"","overlay-color":"","overlay-opacity":"","overlay-gradient":""},"tablet":{"background-color":"var(--ast-global-color-5)","background-image":"","background-repeat":"repeat","background-position":"center center","background-size":"auto","background-attachment":"scroll","background-type":"","background-media":"","overlay-type":"","overlay-color":"","overlay-opacity":"","overlay-gradient":""},"mobile":{"background-color":"var(--ast-global-color-5)","background-image":"","background-repeat":"repeat","background-position":"center center","background-size":"auto","background-attachment":"scroll","background-type":"","background-media":"","overlay-type":"","overlay-color":"","overlay-opacity":"","overlay-gradient":""}}},"product_brand":[],"product_cat":[19],"product_tag":[40],"class_list":{"0":"post-1253","1":"product","2":"type-product","3":"status-publish","4":"has-post-thumbnail","6":"product_cat-mc4-connector","7":"product_tag-mc4-solar-connector","8":"desktop-align-left","9":"tablet-align-left","10":"mobile-align-left","12":"first","13":"instock","14":"shipping-taxable","15":"product-type-simple"},"yoast_head":"<!-- This site is optimized with the Yoast SEO plugin v24.8.1 - https:\/\/yoast.com\/wordpress\/plugins\/seo\/ -->\n<title>China IP68 Plastic MC4 Solar Connectors 1500V DC Suppliers - JYIELE<\/title>\n<meta name=\"description\" content=\"JYIELE\u2018s IP68 Plastic MC4 Solar Connectors 1500V DCJYIELE&#039;s IP68 Plastic MC4 Solar Connectors 1500V DC are designed for high performance in solar energy systems, with high safety and reliability, conforming to international certification standards.\" \/>\n<meta name=\"robots\" content=\"index, follow, max-snippet:-1, max-image-preview:large, max-video-preview:-1\" \/>\n<link rel=\"canonical\" href=\"https:\/\/www.jyiele.com\/da\/product\/ip68-plastic-mc4-solar-connectors-1500v-dc\/\" \/>\n<meta property=\"og:locale\" content=\"da_DK\" \/>\n<meta property=\"og:type\" content=\"article\" \/>\n<meta property=\"og:title\" content=\"China IP68 Plastic MC4 Solar Connectors 1500V DC Suppliers - JYIELE\" \/>\n<meta property=\"og:description\" content=\"JYIELE\u2018s IP68 Plastic MC4 Solar Connectors 1500V DCJYIELE&#039;s IP68 Plastic MC4 Solar Connectors 1500V DC are designed for high performance in solar energy systems, with high safety and reliability, conforming to international certification standards.\" \/>\n<meta property=\"og:url\" content=\"https:\/\/www.jyiele.com\/da\/product\/ip68-plastic-mc4-solar-connectors-1500v-dc\/\" \/>\n<meta property=\"og:site_name\" content=\"JYIELE\" \/>\n<meta property=\"article:modified_time\" content=\"2025-03-09T11:43:55+00:00\" \/>\n<meta property=\"og:image\" content=\"https:\/\/www.jyiele.com\/wp-content\/uploads\/2024\/09\/IP68-Plastic-MC4-Solar-Connectors.webp\" \/>\n\t<meta property=\"og:image:width\" content=\"800\" \/>\n\t<meta property=\"og:image:height\" content=\"800\" \/>\n\t<meta property=\"og:image:type\" content=\"image\/webp\" \/>\n<meta name=\"twitter:card\" content=\"summary_large_image\" \/>\n<meta name=\"twitter:label1\" content=\"Estimeret l\u00e6setid\" \/>\n\t<meta name=\"twitter:data1\" content=\"2 minutter\" \/>\n<script type=\"application\/ld+json\" class=\"yoast-schema-graph\">{\"@context\":\"https:\/\/schema.org\",\"@graph\":[{\"@type\":\"WebPage\",\"@id\":\"https:\/\/www.jyiele.com\/product\/ip68-plastic-mc4-solar-connectors-1500v-dc\/\",\"url\":\"https:\/\/www.jyiele.com\/product\/ip68-plastic-mc4-solar-connectors-1500v-dc\/\",\"name\":\"China IP68 Plastic MC4 Solar Connectors 1500V DC Suppliers - JYIELE\",\"isPartOf\":{\"@id\":\"https:\/\/www.jyiele.com\/#website\"},\"primaryImageOfPage\":{\"@id\":\"https:\/\/www.jyiele.com\/product\/ip68-plastic-mc4-solar-connectors-1500v-dc\/#primaryimage\"},\"image\":{\"@id\":\"https:\/\/www.jyiele.com\/product\/ip68-plastic-mc4-solar-connectors-1500v-dc\/#primaryimage\"},\"thumbnailUrl\":\"https:\/\/www.jyiele.com\/wp-content\/uploads\/2024\/09\/IP68-Plastic-MC4-Solar-Connectors.webp\",\"datePublished\":\"2024-11-01T08:09:42+00:00\",\"dateModified\":\"2025-03-09T11:43:55+00:00\",\"description\":\"JYIELE\u2018s IP68 Plastic MC4 Solar Connectors 1500V DCJYIELE's IP68 Plastic MC4 Solar Connectors 1500V DC are designed for high performance in solar energy systems, with high safety and reliability, conforming to international certification standards.\",\"breadcrumb\":{\"@id\":\"https:\/\/www.jyiele.com\/product\/ip68-plastic-mc4-solar-connectors-1500v-dc\/#breadcrumb\"},\"inLanguage\":\"da-DK\",\"potentialAction\":[{\"@type\":\"ReadAction\",\"target\":[\"https:\/\/www.jyiele.com\/product\/ip68-plastic-mc4-solar-connectors-1500v-dc\/\"]}]},{\"@type\":\"ImageObject\",\"inLanguage\":\"da-DK\",\"@id\":\"https:\/\/www.jyiele.com\/product\/ip68-plastic-mc4-solar-connectors-1500v-dc\/#primaryimage\",\"url\":\"https:\/\/www.jyiele.com\/wp-content\/uploads\/2024\/09\/IP68-Plastic-MC4-Solar-Connectors.webp\",\"contentUrl\":\"https:\/\/www.jyiele.com\/wp-content\/uploads\/2024\/09\/IP68-Plastic-MC4-Solar-Connectors.webp\",\"width\":800,\"height\":800,\"caption\":\"IP68 Plastic MC4 Solar Connectors\"},{\"@type\":\"BreadcrumbList\",\"@id\":\"https:\/\/www.jyiele.com\/product\/ip68-plastic-mc4-solar-connectors-1500v-dc\/#breadcrumb\",\"itemListElement\":[{\"@type\":\"ListItem\",\"position\":1,\"name\":\"Home\",\"item\":\"https:\/\/www.jyiele.com\/\"},{\"@type\":\"ListItem\",\"position\":2,\"name\":\"Product\",\"item\":\"https:\/\/www.jyiele.com\/product\/\"},{\"@type\":\"ListItem\",\"position\":3,\"name\":\"MC4 Connector\",\"item\":\"https:\/\/www.jyiele.com\/product-category\/mc4-connector\/\"},{\"@type\":\"ListItem\",\"position\":4,\"name\":\"IP68 Plastic MC4 Solar Connectors 1500V DC\"}]},{\"@type\":\"WebSite\",\"@id\":\"https:\/\/www.jyiele.com\/#website\",\"url\":\"https:\/\/www.jyiele.com\/\",\"name\":\"JYIELE\",\"description\":\"Vacuum Circuit Breaker manufacturer\",\"publisher\":{\"@id\":\"https:\/\/www.jyiele.com\/#organization\"},\"potentialAction\":[{\"@type\":\"SearchAction\",\"target\":{\"@type\":\"EntryPoint\",\"urlTemplate\":\"https:\/\/www.jyiele.com\/?s={search_term_string}\"},\"query-input\":{\"@type\":\"PropertyValueSpecification\",\"valueRequired\":true,\"valueName\":\"search_term_string\"}}],\"inLanguage\":\"da-DK\"},{\"@type\":\"Organization\",\"@id\":\"https:\/\/www.jyiele.com\/#organization\",\"name\":\"JYIELE\",\"url\":\"https:\/\/www.jyiele.com\/\",\"logo\":{\"@type\":\"ImageObject\",\"inLanguage\":\"da-DK\",\"@id\":\"https:\/\/www.jyiele.com\/#\/schema\/logo\/image\/\",\"url\":\"https:\/\/www.jyiele.com\/wp-content\/uploads\/2024\/09\/cropped-jyele-1.webp\",\"contentUrl\":\"https:\/\/www.jyiele.com\/wp-content\/uploads\/2024\/09\/cropped-jyele-1.webp\",\"width\":137,\"height\":60,\"caption\":\"JYIELE\"},\"image\":{\"@id\":\"https:\/\/www.jyiele.com\/#\/schema\/logo\/image\/\"}}]}<\/script>\n<!-- \/ Yoast SEO plugin. -->","yoast_head_json":{"title":"Kina IP68 Plastic MC4 Solar Connectors 1500V DC Leverand\u00f8rer - JYIELE","description":"JYIELE's IP68 Plastic MC4 Solar Connectors 1500V DCJYIELE's IP68 Plastic MC4 Solar Connectors 1500V DC er designet til h\u00f8j ydeevne i solenergisystemer, med h\u00f8j sikkerhed og p\u00e5lidelighed, i overensstemmelse med internationale certificeringsstandarder.","robots":{"index":"index","follow":"follow","max-snippet":"max-snippet:-1","max-image-preview":"max-image-preview:large","max-video-preview":"max-video-preview:-1"},"canonical":"https:\/\/www.jyiele.com\/da\/product\/ip68-plastic-mc4-solar-connectors-1500v-dc\/","og_locale":"da_DK","og_type":"article","og_title":"China IP68 Plastic MC4 Solar Connectors 1500V DC Suppliers - JYIELE","og_description":"JYIELE\u2018s IP68 Plastic MC4 Solar Connectors 1500V DCJYIELE's IP68 Plastic MC4 Solar Connectors 1500V DC are designed for high performance in solar energy systems, with high safety and reliability, conforming to international certification standards.","og_url":"https:\/\/www.jyiele.com\/da\/product\/ip68-plastic-mc4-solar-connectors-1500v-dc\/","og_site_name":"JYIELE","article_modified_time":"2025-03-09T11:43:55+00:00","og_image":[{"width":800,"height":800,"url":"https:\/\/www.jyiele.com\/wp-content\/uploads\/2024\/09\/IP68-Plastic-MC4-Solar-Connectors.webp","type":"image\/webp"}],"twitter_card":"summary_large_image","twitter_misc":{"Estimeret l\u00e6setid":"2 minutter"},"schema":{"@context":"https:\/\/schema.org","@graph":[{"@type":"WebPage","@id":"https:\/\/www.jyiele.com\/product\/ip68-plastic-mc4-solar-connectors-1500v-dc\/","url":"https:\/\/www.jyiele.com\/product\/ip68-plastic-mc4-solar-connectors-1500v-dc\/","name":"Kina IP68 Plastic MC4 Solar Connectors 1500V DC Leverand\u00f8rer - JYIELE","isPartOf":{"@id":"https:\/\/www.jyiele.com\/#website"},"primaryImageOfPage":{"@id":"https:\/\/www.jyiele.com\/product\/ip68-plastic-mc4-solar-connectors-1500v-dc\/#primaryimage"},"image":{"@id":"https:\/\/www.jyiele.com\/product\/ip68-plastic-mc4-solar-connectors-1500v-dc\/#primaryimage"},"thumbnailUrl":"https:\/\/www.jyiele.com\/wp-content\/uploads\/2024\/09\/IP68-Plastic-MC4-Solar-Connectors.webp","datePublished":"2024-11-01T08:09:42+00:00","dateModified":"2025-03-09T11:43:55+00:00","description":"JYIELE's IP68 Plastic MC4 Solar Connectors 1500V DCJYIELE's IP68 Plastic MC4 Solar Connectors 1500V DC er designet til h\u00f8j ydeevne i solenergisystemer, med h\u00f8j sikkerhed og p\u00e5lidelighed, i overensstemmelse med internationale certificeringsstandarder.","breadcrumb":{"@id":"https:\/\/www.jyiele.com\/product\/ip68-plastic-mc4-solar-connectors-1500v-dc\/#breadcrumb"},"inLanguage":"da-DK","potentialAction":[{"@type":"ReadAction","target":["https:\/\/www.jyiele.com\/product\/ip68-plastic-mc4-solar-connectors-1500v-dc\/"]}]},{"@type":"ImageObject","inLanguage":"da-DK","@id":"https:\/\/www.jyiele.com\/product\/ip68-plastic-mc4-solar-connectors-1500v-dc\/#primaryimage","url":"https:\/\/www.jyiele.com\/wp-content\/uploads\/2024\/09\/IP68-Plastic-MC4-Solar-Connectors.webp","contentUrl":"https:\/\/www.jyiele.com\/wp-content\/uploads\/2024\/09\/IP68-Plastic-MC4-Solar-Connectors.webp","width":800,"height":800,"caption":"IP68 Plastic MC4 Solar Connectors"},{"@type":"BreadcrumbList","@id":"https:\/\/www.jyiele.com\/product\/ip68-plastic-mc4-solar-connectors-1500v-dc\/#breadcrumb","itemListElement":[{"@type":"ListItem","position":1,"name":"Home","item":"https:\/\/www.jyiele.com\/"},{"@type":"ListItem","position":2,"name":"Product","item":"https:\/\/www.jyiele.com\/product\/"},{"@type":"ListItem","position":3,"name":"MC4 Connector","item":"https:\/\/www.jyiele.com\/product-category\/mc4-connector\/"},{"@type":"ListItem","position":4,"name":"IP68 Plastic MC4 Solar Connectors 1500V DC"}]},{"@type":"WebSite","@id":"https:\/\/www.jyiele.com\/#website","url":"https:\/\/www.jyiele.com\/","name":"JYIELE","description":"Producent af vakuumafbrydere","publisher":{"@id":"https:\/\/www.jyiele.com\/#organization"},"potentialAction":[{"@type":"SearchAction","target":{"@type":"EntryPoint","urlTemplate":"https:\/\/www.jyiele.com\/?s={search_term_string}"},"query-input":{"@type":"PropertyValueSpecification","valueRequired":true,"valueName":"search_term_string"}}],"inLanguage":"da-DK"},{"@type":"Organization","@id":"https:\/\/www.jyiele.com\/#organization","name":"JYIELE","url":"https:\/\/www.jyiele.com\/","logo":{"@type":"ImageObject","inLanguage":"da-DK","@id":"https:\/\/www.jyiele.com\/#\/schema\/logo\/image\/","url":"https:\/\/www.jyiele.com\/wp-content\/uploads\/2024\/09\/cropped-jyele-1.webp","contentUrl":"https:\/\/www.jyiele.com\/wp-content\/uploads\/2024\/09\/cropped-jyele-1.webp","width":137,"height":60,"caption":"JYIELE"},"image":{"@id":"https:\/\/www.jyiele.com\/#\/schema\/logo\/image\/"}}]}},"_links":{"self":[{"href":"https:\/\/www.jyiele.com\/da\/wp-json\/wp\/v2\/product\/1253","targetHints":{"allow":["GET"]}}],"collection":[{"href":"https:\/\/www.jyiele.com\/da\/wp-json\/wp\/v2\/product"}],"about":[{"href":"https:\/\/www.jyiele.com\/da\/wp-json\/wp\/v2\/types\/product"}],"version-history":[{"count":2,"href":"https:\/\/www.jyiele.com\/da\/wp-json\/wp\/v2\/product\/1253\/revisions"}],"predecessor-version":[{"id":1470,"href":"https:\/\/www.jyiele.com\/da\/wp-json\/wp\/v2\/product\/1253\/revisions\/1470"}],"wp:featuredmedia":[{"embeddable":true,"href":"https:\/\/www.jyiele.com\/da\/wp-json\/wp\/v2\/media\/1255"}],"wp:attachment":[{"href":"https:\/\/www.jyiele.com\/da\/wp-json\/wp\/v2\/media?parent=1253"}],"wp:term":[{"taxonomy":"product_brand","embeddable":true,"href":"https:\/\/www.jyiele.com\/da\/wp-json\/wp\/v2\/product_brand?post=1253"},{"taxonomy":"product_cat","embeddable":true,"href":"https:\/\/www.jyiele.com\/da\/wp-json\/wp\/v2\/product_cat?post=1253"},{"taxonomy":"product_tag","embeddable":true,"href":"https:\/\/www.jyiele.com\/da\/wp-json\/wp\/v2\/product_tag?post=1253"}],"curies":[{"name":"wp","href":"https:\/\/api.w.org\/{rel}","templated":true}]}}