{"id":1257,"date":"2024-11-01T08:45:38","date_gmt":"2024-11-01T08:45:38","guid":{"rendered":"https:\/\/www.jy-electric.com\/?post_type=product&#038;p=1257"},"modified":"2025-03-09T11:43:30","modified_gmt":"2025-03-09T11:43:30","slug":"abs-spanners-wrench-tool-for-solar-panel-connector-disconnect","status":"publish","type":"product","link":"https:\/\/www.jyiele.com\/da\/product\/abs-spanners-wrench-tool-for-solar-panel-connector-disconnect\/","title":{"rendered":"ABS-n\u00f8glev\u00e6rkt\u00f8j til frakobling af solpanel-stik"},"content":{"rendered":"<h2>N\u00f8gle til solcellestik med flere kontakter<br \/>\nProduktfunktioner<\/h2>\n<p>DUAL DESIGN: Stram hurtigt PV-stikkenes han\/hun-stik.<br \/>\nLET OG SLIDST\u00c6RKT: Meget let, robust og glat overflade.<br \/>\nSpar tid og arbejdskraft: kan spare installationstid og arbejdskraft.<br \/>\nAnvendelsesomr\u00e5de: velegnet til montering og demontering af PV-stik.<\/p>\n<h2>Produktparametre<\/h2>\n<table>\n<tbody>\n<tr>\n<td>Serienummer<\/td>\n<td>Parameter<\/td>\n<td>Parameter<\/td>\n<\/tr>\n<tr>\n<td>1<\/td>\n<td>Produktets navn<\/td>\n<td>Sp\u00e6nden\u00f8gle til solcellestik<\/td>\n<\/tr>\n<tr>\n<td>2<\/td>\n<td>Anvendelse<\/td>\n<td>Skruer<\/td>\n<\/tr>\n<tr>\n<td>3<\/td>\n<td>Farve<\/td>\n<td>Bl\u00e5<\/td>\n<\/tr>\n<tr>\n<td>4<\/td>\n<td>Materiale<\/td>\n<td>ABS<\/td>\n<\/tr>\n<tr>\n<td>5<\/td>\n<td>L\u00e6ngde<\/td>\n<td>12 cm<\/td>\n<\/tr>\n<tr>\n<td>6<\/td>\n<td>Bredde<\/td>\n<td>4 cm<\/td>\n<\/tr>\n<tr>\n<td>7<\/td>\n<td>V\u00e6gt<\/td>\n<td>15g<\/td>\n<\/tr>\n<tr>\n<td>8<\/td>\n<td>H\u00e5ndtag<\/td>\n<td>Lige ud<\/td>\n<\/tr>\n<\/tbody>\n<\/table>","protected":false},"excerpt":{"rendered":"<p>Oprindelsessted: Zhejiang, Kina<br \/>\nKlasse: G\u00d8R-DET-SELV<br \/>\nTilpasning: Underst\u00f8tter OEM<br \/>\nModel \uff1aBM-SpannerD<br \/>\nMateriale: h\u00e5rd plast<br \/>\nType: skruen\u00f8gle med \u00e5ben ende<br \/>\nAnvendelse: til krympning af solcelleadaptere<br \/>\nV\u00e6gt: 50 gram<\/p>","protected":false},"featured_media":1258,"template":"","meta":{"site-sidebar-layout":"default","site-content-layout":"","ast-site-content-layout":"default","site-content-style":"default","site-sidebar-style":"default","ast-global-header-display":"","ast-banner-title-visibility":"","ast-main-header-display":"","ast-hfb-above-header-display":"","ast-hfb-below-header-display":"","ast-hfb-mobile-header-display":"","site-post-title":"","ast-breadcrumbs-content":"","ast-featured-img":"","footer-sml-layout":"","ast-disable-related-posts":"","theme-transparent-header-meta":"default","adv-header-id-meta":"","stick-header-meta":"","header-above-stick-meta":"","header-main-stick-meta":"","header-below-stick-meta":"","astra-migrate-meta-layouts":"set","ast-page-background-enabled":"default","ast-page-background-meta":{"desktop":{"background-color":"var(--ast-global-color-4)","background-image":"","background-repeat":"repeat","background-position":"center center","background-size":"auto","background-attachment":"scroll","background-type":"","background-media":"","overlay-type":"","overlay-color":"","overlay-opacity":"","overlay-gradient":""},"tablet":{"background-color":"","background-image":"","background-repeat":"repeat","background-position":"center center","background-size":"auto","background-attachment":"scroll","background-type":"","background-media":"","overlay-type":"","overlay-color":"","overlay-opacity":"","overlay-gradient":""},"mobile":{"background-color":"","background-image":"","background-repeat":"repeat","background-position":"center center","background-size":"auto","background-attachment":"scroll","background-type":"","background-media":"","overlay-type":"","overlay-color":"","overlay-opacity":"","overlay-gradient":""}},"ast-content-background-meta":{"desktop":{"background-color":"var(--ast-global-color-5)","background-image":"","background-repeat":"repeat","background-position":"center center","background-size":"auto","background-attachment":"scroll","background-type":"","background-media":"","overlay-type":"","overlay-color":"","overlay-opacity":"","overlay-gradient":""},"tablet":{"background-color":"var(--ast-global-color-5)","background-image":"","background-repeat":"repeat","background-position":"center center","background-size":"auto","background-attachment":"scroll","background-type":"","background-media":"","overlay-type":"","overlay-color":"","overlay-opacity":"","overlay-gradient":""},"mobile":{"background-color":"var(--ast-global-color-5)","background-image":"","background-repeat":"repeat","background-position":"center center","background-size":"auto","background-attachment":"scroll","background-type":"","background-media":"","overlay-type":"","overlay-color":"","overlay-opacity":"","overlay-gradient":""}}},"product_brand":[],"product_cat":[19],"product_tag":[],"class_list":{"0":"post-1257","1":"product","2":"type-product","3":"status-publish","4":"has-post-thumbnail","6":"product_cat-mc4-connector","7":"desktop-align-left","8":"tablet-align-left","9":"mobile-align-left","11":"first","12":"instock","13":"shipping-taxable","14":"product-type-simple"},"yoast_head":"<!-- This site is optimized with the Yoast SEO plugin v24.8.1 - https:\/\/yoast.com\/wordpress\/plugins\/seo\/ -->\n<title>ABS Spanners Wrench Tool for Solar Panel Connector Disconnect- JYIELE<\/title>\n<meta name=\"description\" content=\"High efficiency solar connector wrench, lightweight and durable, double design for fast tightening. Save time and labor, source manufacturer price.\" \/>\n<meta name=\"robots\" content=\"index, follow, max-snippet:-1, max-image-preview:large, max-video-preview:-1\" \/>\n<link rel=\"canonical\" href=\"https:\/\/www.jyiele.com\/da\/product\/abs-spanners-wrench-tool-for-solar-panel-connector-disconnect\/\" \/>\n<meta property=\"og:locale\" content=\"da_DK\" \/>\n<meta property=\"og:type\" content=\"article\" \/>\n<meta property=\"og:title\" content=\"ABS Spanners Wrench Tool for Solar Panel Connector Disconnect- JYIELE\" \/>\n<meta property=\"og:description\" content=\"High efficiency solar connector wrench, lightweight and durable, double design for fast tightening. Save time and labor, source manufacturer price.\" \/>\n<meta property=\"og:url\" content=\"https:\/\/www.jyiele.com\/da\/product\/abs-spanners-wrench-tool-for-solar-panel-connector-disconnect\/\" \/>\n<meta property=\"og:site_name\" content=\"JYIELE\" \/>\n<meta property=\"article:modified_time\" content=\"2025-03-09T11:43:30+00:00\" \/>\n<meta property=\"og:image\" content=\"https:\/\/www.jyiele.com\/wp-content\/uploads\/2024\/09\/ABS-Spanners-Wrench-Tool-for-Solar-Panel-Connector-Disconnect.webp\" \/>\n\t<meta property=\"og:image:width\" content=\"800\" \/>\n\t<meta property=\"og:image:height\" content=\"800\" \/>\n\t<meta property=\"og:image:type\" content=\"image\/webp\" \/>\n<meta name=\"twitter:card\" content=\"summary_large_image\" \/>\n<meta name=\"twitter:label1\" content=\"Estimeret l\u00e6setid\" \/>\n\t<meta name=\"twitter:data1\" content=\"1 minut\" \/>\n<script type=\"application\/ld+json\" class=\"yoast-schema-graph\">{\"@context\":\"https:\/\/schema.org\",\"@graph\":[{\"@type\":\"WebPage\",\"@id\":\"https:\/\/www.jyiele.com\/product\/abs-spanners-wrench-tool-for-solar-panel-connector-disconnect\/\",\"url\":\"https:\/\/www.jyiele.com\/product\/abs-spanners-wrench-tool-for-solar-panel-connector-disconnect\/\",\"name\":\"ABS Spanners Wrench Tool for Solar Panel Connector Disconnect- JYIELE\",\"isPartOf\":{\"@id\":\"https:\/\/www.jyiele.com\/#website\"},\"primaryImageOfPage\":{\"@id\":\"https:\/\/www.jyiele.com\/product\/abs-spanners-wrench-tool-for-solar-panel-connector-disconnect\/#primaryimage\"},\"image\":{\"@id\":\"https:\/\/www.jyiele.com\/product\/abs-spanners-wrench-tool-for-solar-panel-connector-disconnect\/#primaryimage\"},\"thumbnailUrl\":\"https:\/\/www.jyiele.com\/wp-content\/uploads\/2024\/09\/ABS-Spanners-Wrench-Tool-for-Solar-Panel-Connector-Disconnect.webp\",\"datePublished\":\"2024-11-01T08:45:38+00:00\",\"dateModified\":\"2025-03-09T11:43:30+00:00\",\"description\":\"High efficiency solar connector wrench, lightweight and durable, double design for fast tightening. Save time and labor, source manufacturer price.\",\"breadcrumb\":{\"@id\":\"https:\/\/www.jyiele.com\/product\/abs-spanners-wrench-tool-for-solar-panel-connector-disconnect\/#breadcrumb\"},\"inLanguage\":\"da-DK\",\"potentialAction\":[{\"@type\":\"ReadAction\",\"target\":[\"https:\/\/www.jyiele.com\/product\/abs-spanners-wrench-tool-for-solar-panel-connector-disconnect\/\"]}]},{\"@type\":\"ImageObject\",\"inLanguage\":\"da-DK\",\"@id\":\"https:\/\/www.jyiele.com\/product\/abs-spanners-wrench-tool-for-solar-panel-connector-disconnect\/#primaryimage\",\"url\":\"https:\/\/www.jyiele.com\/wp-content\/uploads\/2024\/09\/ABS-Spanners-Wrench-Tool-for-Solar-Panel-Connector-Disconnect.webp\",\"contentUrl\":\"https:\/\/www.jyiele.com\/wp-content\/uploads\/2024\/09\/ABS-Spanners-Wrench-Tool-for-Solar-Panel-Connector-Disconnect.webp\",\"width\":800,\"height\":800,\"caption\":\"ABS Spanners Wrench Tool for Solar Panel Connector Disconnect\"},{\"@type\":\"BreadcrumbList\",\"@id\":\"https:\/\/www.jyiele.com\/product\/abs-spanners-wrench-tool-for-solar-panel-connector-disconnect\/#breadcrumb\",\"itemListElement\":[{\"@type\":\"ListItem\",\"position\":1,\"name\":\"Home\",\"item\":\"https:\/\/www.jyiele.com\/\"},{\"@type\":\"ListItem\",\"position\":2,\"name\":\"Product\",\"item\":\"https:\/\/www.jyiele.com\/product\/\"},{\"@type\":\"ListItem\",\"position\":3,\"name\":\"MC4 Connector\",\"item\":\"https:\/\/www.jyiele.com\/product-category\/mc4-connector\/\"},{\"@type\":\"ListItem\",\"position\":4,\"name\":\"ABS Spanners Wrench Tool for Solar Panel Connector Disconnect\"}]},{\"@type\":\"WebSite\",\"@id\":\"https:\/\/www.jyiele.com\/#website\",\"url\":\"https:\/\/www.jyiele.com\/\",\"name\":\"JYIELE\",\"description\":\"Vacuum Circuit Breaker manufacturer\",\"publisher\":{\"@id\":\"https:\/\/www.jyiele.com\/#organization\"},\"potentialAction\":[{\"@type\":\"SearchAction\",\"target\":{\"@type\":\"EntryPoint\",\"urlTemplate\":\"https:\/\/www.jyiele.com\/?s={search_term_string}\"},\"query-input\":{\"@type\":\"PropertyValueSpecification\",\"valueRequired\":true,\"valueName\":\"search_term_string\"}}],\"inLanguage\":\"da-DK\"},{\"@type\":\"Organization\",\"@id\":\"https:\/\/www.jyiele.com\/#organization\",\"name\":\"JYIELE\",\"url\":\"https:\/\/www.jyiele.com\/\",\"logo\":{\"@type\":\"ImageObject\",\"inLanguage\":\"da-DK\",\"@id\":\"https:\/\/www.jyiele.com\/#\/schema\/logo\/image\/\",\"url\":\"https:\/\/www.jyiele.com\/wp-content\/uploads\/2024\/09\/cropped-jyele-1.webp\",\"contentUrl\":\"https:\/\/www.jyiele.com\/wp-content\/uploads\/2024\/09\/cropped-jyele-1.webp\",\"width\":137,\"height\":60,\"caption\":\"JYIELE\"},\"image\":{\"@id\":\"https:\/\/www.jyiele.com\/#\/schema\/logo\/image\/\"}}]}<\/script>\n<!-- \/ Yoast SEO plugin. -->","yoast_head_json":{"title":"ABS-n\u00f8glev\u00e6rkt\u00f8j til frakobling af solpanel-stik - JYIELE","description":"H\u00f8jeffektiv solcellestikn\u00f8gle, let og holdbar, dobbelt design til hurtig tilsp\u00e6nding. Spar tid og arbejde, og f\u00e5 producentens pris.","robots":{"index":"index","follow":"follow","max-snippet":"max-snippet:-1","max-image-preview":"max-image-preview:large","max-video-preview":"max-video-preview:-1"},"canonical":"https:\/\/www.jyiele.com\/da\/product\/abs-spanners-wrench-tool-for-solar-panel-connector-disconnect\/","og_locale":"da_DK","og_type":"article","og_title":"ABS Spanners Wrench Tool for Solar Panel Connector Disconnect- JYIELE","og_description":"High efficiency solar connector wrench, lightweight and durable, double design for fast tightening. Save time and labor, source manufacturer price.","og_url":"https:\/\/www.jyiele.com\/da\/product\/abs-spanners-wrench-tool-for-solar-panel-connector-disconnect\/","og_site_name":"JYIELE","article_modified_time":"2025-03-09T11:43:30+00:00","og_image":[{"width":800,"height":800,"url":"https:\/\/www.jyiele.com\/wp-content\/uploads\/2024\/09\/ABS-Spanners-Wrench-Tool-for-Solar-Panel-Connector-Disconnect.webp","type":"image\/webp"}],"twitter_card":"summary_large_image","twitter_misc":{"Estimeret l\u00e6setid":"1 minut"},"schema":{"@context":"https:\/\/schema.org","@graph":[{"@type":"WebPage","@id":"https:\/\/www.jyiele.com\/product\/abs-spanners-wrench-tool-for-solar-panel-connector-disconnect\/","url":"https:\/\/www.jyiele.com\/product\/abs-spanners-wrench-tool-for-solar-panel-connector-disconnect\/","name":"ABS-n\u00f8glev\u00e6rkt\u00f8j til frakobling af solpanel-stik - JYIELE","isPartOf":{"@id":"https:\/\/www.jyiele.com\/#website"},"primaryImageOfPage":{"@id":"https:\/\/www.jyiele.com\/product\/abs-spanners-wrench-tool-for-solar-panel-connector-disconnect\/#primaryimage"},"image":{"@id":"https:\/\/www.jyiele.com\/product\/abs-spanners-wrench-tool-for-solar-panel-connector-disconnect\/#primaryimage"},"thumbnailUrl":"https:\/\/www.jyiele.com\/wp-content\/uploads\/2024\/09\/ABS-Spanners-Wrench-Tool-for-Solar-Panel-Connector-Disconnect.webp","datePublished":"2024-11-01T08:45:38+00:00","dateModified":"2025-03-09T11:43:30+00:00","description":"H\u00f8jeffektiv solcellestikn\u00f8gle, let og holdbar, dobbelt design til hurtig tilsp\u00e6nding. Spar tid og arbejde, og f\u00e5 producentens pris.","breadcrumb":{"@id":"https:\/\/www.jyiele.com\/product\/abs-spanners-wrench-tool-for-solar-panel-connector-disconnect\/#breadcrumb"},"inLanguage":"da-DK","potentialAction":[{"@type":"ReadAction","target":["https:\/\/www.jyiele.com\/product\/abs-spanners-wrench-tool-for-solar-panel-connector-disconnect\/"]}]},{"@type":"ImageObject","inLanguage":"da-DK","@id":"https:\/\/www.jyiele.com\/product\/abs-spanners-wrench-tool-for-solar-panel-connector-disconnect\/#primaryimage","url":"https:\/\/www.jyiele.com\/wp-content\/uploads\/2024\/09\/ABS-Spanners-Wrench-Tool-for-Solar-Panel-Connector-Disconnect.webp","contentUrl":"https:\/\/www.jyiele.com\/wp-content\/uploads\/2024\/09\/ABS-Spanners-Wrench-Tool-for-Solar-Panel-Connector-Disconnect.webp","width":800,"height":800,"caption":"ABS Spanners Wrench Tool for Solar Panel Connector Disconnect"},{"@type":"BreadcrumbList","@id":"https:\/\/www.jyiele.com\/product\/abs-spanners-wrench-tool-for-solar-panel-connector-disconnect\/#breadcrumb","itemListElement":[{"@type":"ListItem","position":1,"name":"Home","item":"https:\/\/www.jyiele.com\/"},{"@type":"ListItem","position":2,"name":"Product","item":"https:\/\/www.jyiele.com\/product\/"},{"@type":"ListItem","position":3,"name":"MC4 Connector","item":"https:\/\/www.jyiele.com\/product-category\/mc4-connector\/"},{"@type":"ListItem","position":4,"name":"ABS Spanners Wrench Tool for Solar Panel Connector Disconnect"}]},{"@type":"WebSite","@id":"https:\/\/www.jyiele.com\/#website","url":"https:\/\/www.jyiele.com\/","name":"JYIELE","description":"Producent af vakuumafbrydere","publisher":{"@id":"https:\/\/www.jyiele.com\/#organization"},"potentialAction":[{"@type":"SearchAction","target":{"@type":"EntryPoint","urlTemplate":"https:\/\/www.jyiele.com\/?s={search_term_string}"},"query-input":{"@type":"PropertyValueSpecification","valueRequired":true,"valueName":"search_term_string"}}],"inLanguage":"da-DK"},{"@type":"Organization","@id":"https:\/\/www.jyiele.com\/#organization","name":"JYIELE","url":"https:\/\/www.jyiele.com\/","logo":{"@type":"ImageObject","inLanguage":"da-DK","@id":"https:\/\/www.jyiele.com\/#\/schema\/logo\/image\/","url":"https:\/\/www.jyiele.com\/wp-content\/uploads\/2024\/09\/cropped-jyele-1.webp","contentUrl":"https:\/\/www.jyiele.com\/wp-content\/uploads\/2024\/09\/cropped-jyele-1.webp","width":137,"height":60,"caption":"JYIELE"},"image":{"@id":"https:\/\/www.jyiele.com\/#\/schema\/logo\/image\/"}}]}},"_links":{"self":[{"href":"https:\/\/www.jyiele.com\/da\/wp-json\/wp\/v2\/product\/1257","targetHints":{"allow":["GET"]}}],"collection":[{"href":"https:\/\/www.jyiele.com\/da\/wp-json\/wp\/v2\/product"}],"about":[{"href":"https:\/\/www.jyiele.com\/da\/wp-json\/wp\/v2\/types\/product"}],"version-history":[{"count":3,"href":"https:\/\/www.jyiele.com\/da\/wp-json\/wp\/v2\/product\/1257\/revisions"}],"predecessor-version":[{"id":1528,"href":"https:\/\/www.jyiele.com\/da\/wp-json\/wp\/v2\/product\/1257\/revisions\/1528"}],"wp:featuredmedia":[{"embeddable":true,"href":"https:\/\/www.jyiele.com\/da\/wp-json\/wp\/v2\/media\/1258"}],"wp:attachment":[{"href":"https:\/\/www.jyiele.com\/da\/wp-json\/wp\/v2\/media?parent=1257"}],"wp:term":[{"taxonomy":"product_brand","embeddable":true,"href":"https:\/\/www.jyiele.com\/da\/wp-json\/wp\/v2\/product_brand?post=1257"},{"taxonomy":"product_cat","embeddable":true,"href":"https:\/\/www.jyiele.com\/da\/wp-json\/wp\/v2\/product_cat?post=1257"},{"taxonomy":"product_tag","embeddable":true,"href":"https:\/\/www.jyiele.com\/da\/wp-json\/wp\/v2\/product_tag?post=1257"}],"curies":[{"name":"wp","href":"https:\/\/api.w.org\/{rel}","templated":true}]}}