{"id":1321,"date":"2024-11-03T10:59:29","date_gmt":"2024-11-03T10:59:29","guid":{"rendered":"https:\/\/www.jy-electric.com\/?post_type=product&#038;p=1321"},"modified":"2025-03-09T11:43:12","modified_gmt":"2025-03-09T11:43:12","slug":"solar-wire-connectors","status":"publish","type":"product","link":"https:\/\/www.jyiele.com\/da\/product\/solar-wire-connectors\/","title":{"rendered":"1000V 1500V DC 50Amp Y-gren 3 m\u00e5der Y3 Y4 solcellestik parallelt"},"content":{"rendered":"<h2>JYIELEs Y-type solcellestik har bem\u00e6rkelsesv\u00e6rdige funktioner og fordele<\/h2>\n<p>H\u00f8j sp\u00e6nding og str\u00f8mkapacitet: Med en nominel sp\u00e6nding p\u00e5 op til 1500V og en nominel str\u00f8m p\u00e5 op til 45A er de velegnede til en r\u00e6kke forskellige solenergisystemer.<\/p>\n<p>Kraftig testsp\u00e6nding: Testsp\u00e6nding p\u00e5 8000V sikrer, at konnektorens isoleringsevne er ekstremt p\u00e5lidelig.<\/p>\n<p>Bredt temperaturtilpasningsomr\u00e5de: i stand til normal drift i temperaturomr\u00e5det -40 \u00b0C til +90 \u00b0C, op til +105 \u00b0C, tilpasning til en r\u00e6kke forskellige milj\u00f8er.<\/p>\n<p>Fremragende beskyttelse: IP68-klassificering betyder, at den er helt st\u00f8vt\u00e6t og kan bruges i lange perioder med neds\u00e6nkning i vand, hvilket g\u00f8r den velegnet til en lang r\u00e6kke barske milj\u00f8er.<\/p>\n<p>Lav kontaktmodstand: Kontaktmodstand p\u00e5 kun 0,5 milliohm sikrer effektiv kraftoverf\u00f8rsel og minimalt energitab.<\/p>\n<p>H\u00f8je sikkerhedsstandarder: Overholdelse af sikkerhedsklasse II sikrer sikkerhed under brug.<\/p>\n<p>Materialer af h\u00f8j kvalitet: Der bruges fortinnet kobber til kontakterne, og det isolerende materiale er PPO, hvilket giver fremragende ledningsevne og holdbarhed.<\/p>\n<p>ST\u00c6RKT L\u00c5SSYSTEM: Snap-in-l\u00e5sesystemet bruges til at sikre en st\u00e6rk forbindelse og nem tilslutning og frakobling.<\/p>\n<p>Flammeh\u00e6mmende ydeevne: Opfylder UL-94-V0 flammeh\u00e6mmende klassificering, hvilket forbedrer produktets sikkerhed.<\/p>\n<p>Kan tilpasses en lang r\u00e6kke kabler: Kompatibel med kabelst\u00f8rrelser fra 2,5 mm\u00b2 til 6,0 mm\u00b2, velegnet til en bred vifte af installationsbehov.<\/p>\n<h2>Egenskaber ved forskellige modeller<\/h2>\n<p>Y3 Tee: Egnet til DC1000V, m\u00e6rkestr\u00f8m 30A, egnet til tee-tilslutning.<br \/>\nY3 Phillips: egnet til DC1500V, nominel str\u00f8m 30A, krydsforbindelse.<br \/>\nY4 Cross: egnet til DC1000V, m\u00e6rkestr\u00f8m 30A, med krydsdesign.<br \/>\nY5 Cross 1500V: Velegnet til DC1500V, m\u00e6rkestr\u00f8m 30A, designet til h\u00f8jsp\u00e6ndingsmilj\u00f8er.<\/p>\n<h2 class=\"bot_tit flex f-js\">Produktparametre<\/h2>\n<div class=\"bot_con\">\n<div class=\"des show\">\n<figure class=\"wp-block-table\">\n<div class=\"scroll\">\n<table>\n<tbody>\n<tr>\n<td>Serienummer<\/td>\n<td>Parameter<\/td>\n<td>Parameter<\/td>\n<\/tr>\n<tr>\n<td>1<\/td>\n<td>Type<\/td>\n<td>Solcelle-sikringsstik<\/td>\n<\/tr>\n<tr>\n<td>2<\/td>\n<td>Nominel sp\u00e6nding<\/td>\n<td>1000V \/ 1500V J\u00c6VNSTR\u00d8M<\/td>\n<\/tr>\n<tr>\n<td>3<\/td>\n<td>Nominel str\u00f8m<\/td>\n<td>2A-45A<\/td>\n<\/tr>\n<tr>\n<td>4<\/td>\n<td>Testsp\u00e6nding<\/td>\n<td>8000V(50Hz,1min)<\/td>\n<\/tr>\n<tr>\n<td>5<\/td>\n<td>Temperaturomr\u00e5de<\/td>\n<td>-40\u00b0C ...+90\u00b0C<\/td>\n<\/tr>\n<tr>\n<td>6<\/td>\n<td>\u00d8vre gr\u00e6nsetemperatur<\/td>\n<td>+105\u00b0C<\/td>\n<\/tr>\n<tr>\n<td>7<\/td>\n<td>Grad af beskyttelse<\/td>\n<td>IP2X\/ IP68<\/td>\n<\/tr>\n<tr>\n<td>8<\/td>\n<td>Kontaktmodstand for stikforbindelser<\/td>\n<td>0,5 m\u03a9<\/td>\n<\/tr>\n<tr>\n<td>9<\/td>\n<td>Sikkerhedsklasse<\/td>\n<td>\u2161<\/td>\n<\/tr>\n<tr>\n<td>10<\/td>\n<td>Kontaktmateriale<\/td>\n<td>Kobber, tinbelagt<\/td>\n<\/tr>\n<tr>\n<td>11<\/td>\n<td>Isolationsmateriale<\/td>\n<td>PPO<\/td>\n<\/tr>\n<tr>\n<td>12<\/td>\n<td>Tilbagetr\u00e6kningskraft\/indf\u00f8ringskraft<\/td>\n<td>\u226550N\/\u226450N<\/td>\n<\/tr>\n<tr>\n<td>13<\/td>\n<td>L\u00e5sesystem<\/td>\n<td>Snap-in<\/td>\n<\/tr>\n<tr>\n<td>14<\/td>\n<td>Flamme-klasse<\/td>\n<td>UL-94-V0<\/td>\n<\/tr>\n<tr>\n<td>15<\/td>\n<td>Kabel-specifikationer<\/td>\n<td>2,5 mm\u00b2-6,0 mm\u00b2 14AWG-10AWG<\/td>\n<\/tr>\n<tr>\n<td>16<\/td>\n<td>Bevissp\u00e6nding<\/td>\n<td>6000V AC(1Min) 2200V DC(1Min)<\/td>\n<\/tr>\n<\/tbody>\n<\/table>\n<\/div>\n<\/figure>\n<div class=\"wp-block-media-text is-stacked-on-mobile\">\n<figure class=\"wp-block-media-text__media\"><img fetchpriority=\"high\" decoding=\"async\" class=\"alignnone wp-image-1324 size-full\" src=\"https:\/\/www.jy-electric.com\/wp-content\/uploads\/2024\/09\/Y3-Tee-connector.webp\" alt=\"Y3 T-stykke\" width=\"693\" height=\"345\" srcset=\"https:\/\/www.jyiele.com\/wp-content\/uploads\/2024\/09\/Y3-Tee-connector.webp 693w, https:\/\/www.jyiele.com\/wp-content\/uploads\/2024\/09\/Y3-Tee-connector-300x149.webp 300w, https:\/\/www.jyiele.com\/wp-content\/uploads\/2024\/09\/Y3-Tee-connector-18x9.webp 18w, https:\/\/www.jyiele.com\/wp-content\/uploads\/2024\/09\/Y3-Tee-connector-600x299.webp 600w\" sizes=\"(max-width: 693px) 100vw, 693px\" \/><\/figure>\n<div class=\"wp-block-media-text__content\">\n<p>Produktmodel:Y3 tee<br \/>\nKernemateriale Kobber fortinnet \u00e5ben type<br \/>\nNominel sp\u00e6nding\u2264DC1000V<br \/>\nNominel str\u00f8m\u226430A<\/p>\n<\/div>\n<\/div>\n<div class=\"wp-block-media-text is-stacked-on-mobile\">\n<figure class=\"wp-block-media-text__media\"><img decoding=\"async\" class=\"alignnone wp-image-1323 size-full\" src=\"https:\/\/www.jy-electric.com\/wp-content\/uploads\/2024\/09\/Y3-Phillips-connector.webp\" alt=\"Y3 Phillips-stik\" width=\"719\" height=\"322\" srcset=\"https:\/\/www.jyiele.com\/wp-content\/uploads\/2024\/09\/Y3-Phillips-connector.webp 719w, https:\/\/www.jyiele.com\/wp-content\/uploads\/2024\/09\/Y3-Phillips-connector-300x134.webp 300w, https:\/\/www.jyiele.com\/wp-content\/uploads\/2024\/09\/Y3-Phillips-connector-18x8.webp 18w, https:\/\/www.jyiele.com\/wp-content\/uploads\/2024\/09\/Y3-Phillips-connector-600x269.webp 600w\" sizes=\"(max-width: 719px) 100vw, 719px\" \/><\/figure>\n<div class=\"wp-block-media-text__content\">\n<p>Produktmodel: Y3 Cross<br \/>\nKernemateriale Coppertinbelagt \u00e5ben type<br \/>\nNominel sp\u00e6nding\u2264DC1500V<br \/>\nNominel str\u00f8m\u226430A<\/p>\n<\/div>\n<\/div>\n<div class=\"wp-block-media-text is-stacked-on-mobile\">\n<figure class=\"wp-block-media-text__media\"><img decoding=\"async\" class=\"alignnone wp-image-1325 size-full\" title=\"Y4 Phillips solcellestik\" src=\"https:\/\/www.jy-electric.com\/wp-content\/uploads\/2024\/09\/Y4-Phillips-Solar-Connector.webp\" alt=\"Y4 Phillips solcellestik\" width=\"779\" height=\"374\" srcset=\"https:\/\/www.jyiele.com\/wp-content\/uploads\/2024\/09\/Y4-Phillips-Solar-Connector.webp 779w, https:\/\/www.jyiele.com\/wp-content\/uploads\/2024\/09\/Y4-Phillips-Solar-Connector-300x144.webp 300w, https:\/\/www.jyiele.com\/wp-content\/uploads\/2024\/09\/Y4-Phillips-Solar-Connector-768x369.webp 768w, https:\/\/www.jyiele.com\/wp-content\/uploads\/2024\/09\/Y4-Phillips-Solar-Connector-18x9.webp 18w, https:\/\/www.jyiele.com\/wp-content\/uploads\/2024\/09\/Y4-Phillips-Solar-Connector-600x288.webp 600w\" sizes=\"(max-width: 779px) 100vw, 779px\" \/><\/figure>\n<div class=\"wp-block-media-text__content\">\n<p>Produktmodel:Y4 Cross<br \/>\nKernemateriale kobberbelagt \u00e5ben type<br \/>\nNominel sp\u00e6nding\u2264DC1000V<br \/>\nNominel str\u00f8m\u226430A<\/p>\n<\/div>\n<\/div>\n<div class=\"wp-block-media-text is-stacked-on-mobile\">\n<figure class=\"wp-block-media-text__media\"><img loading=\"lazy\" decoding=\"async\" class=\"alignnone wp-image-1326 size-full\" title=\"Y5 Cross 1500V solcellestik\" src=\"https:\/\/www.jy-electric.com\/wp-content\/uploads\/2024\/09\/Y5-Cross-1500V-Solar-Connector.webp\" alt=\"Y5 Cross 1500V solcellestik\" width=\"734\" height=\"367\" srcset=\"https:\/\/www.jyiele.com\/wp-content\/uploads\/2024\/09\/Y5-Cross-1500V-Solar-Connector.webp 734w, https:\/\/www.jyiele.com\/wp-content\/uploads\/2024\/09\/Y5-Cross-1500V-Solar-Connector-300x150.webp 300w, https:\/\/www.jyiele.com\/wp-content\/uploads\/2024\/09\/Y5-Cross-1500V-Solar-Connector-18x9.webp 18w, https:\/\/www.jyiele.com\/wp-content\/uploads\/2024\/09\/Y5-Cross-1500V-Solar-Connector-600x300.webp 600w\" sizes=\"(max-width: 734px) 100vw, 734px\" \/><\/figure>\n<div class=\"wp-block-media-text__content\">\n<p>Produktmodel: y5 Cross 1500V<br \/>\nKernemateriale Coppertinbelagt \u00e5ben type<br \/>\nNominel sp\u00e6nding\u2264DC1500V<br \/>\nNominel str\u00f8m\u226430A<\/p>\n<\/div>\n<\/div>\n<\/div>\n<\/div>","protected":false},"excerpt":{"rendered":"<p>JYIELEs solcellestik gennemg\u00e5r strenge kvalitetskontroller for at sikre, at hvert produkt har en ensartet og p\u00e5lidelig ydeevne. Uanset om du har brug for h\u00f8j sp\u00e6nding, lav kontaktmodstand eller h\u00f8jt beskyttelsesniveau, kan dette stik opfylde dem alle.<\/p>","protected":false},"featured_media":1322,"template":"","meta":{"site-sidebar-layout":"default","site-content-layout":"","ast-site-content-layout":"default","site-content-style":"default","site-sidebar-style":"default","ast-global-header-display":"","ast-banner-title-visibility":"","ast-main-header-display":"","ast-hfb-above-header-display":"","ast-hfb-below-header-display":"","ast-hfb-mobile-header-display":"","site-post-title":"","ast-breadcrumbs-content":"","ast-featured-img":"","footer-sml-layout":"","ast-disable-related-posts":"","theme-transparent-header-meta":"default","adv-header-id-meta":"","stick-header-meta":"","header-above-stick-meta":"","header-main-stick-meta":"","header-below-stick-meta":"","astra-migrate-meta-layouts":"set","ast-page-background-enabled":"default","ast-page-background-meta":{"desktop":{"background-color":"var(--ast-global-color-4)","background-image":"","background-repeat":"repeat","background-position":"center center","background-size":"auto","background-attachment":"scroll","background-type":"","background-media":"","overlay-type":"","overlay-color":"","overlay-opacity":"","overlay-gradient":""},"tablet":{"background-color":"","background-image":"","background-repeat":"repeat","background-position":"center center","background-size":"auto","background-attachment":"scroll","background-type":"","background-media":"","overlay-type":"","overlay-color":"","overlay-opacity":"","overlay-gradient":""},"mobile":{"background-color":"","background-image":"","background-repeat":"repeat","background-position":"center center","background-size":"auto","background-attachment":"scroll","background-type":"","background-media":"","overlay-type":"","overlay-color":"","overlay-opacity":"","overlay-gradient":""}},"ast-content-background-meta":{"desktop":{"background-color":"var(--ast-global-color-5)","background-image":"","background-repeat":"repeat","background-position":"center center","background-size":"auto","background-attachment":"scroll","background-type":"","background-media":"","overlay-type":"","overlay-color":"","overlay-opacity":"","overlay-gradient":""},"tablet":{"background-color":"var(--ast-global-color-5)","background-image":"","background-repeat":"repeat","background-position":"center center","background-size":"auto","background-attachment":"scroll","background-type":"","background-media":"","overlay-type":"","overlay-color":"","overlay-opacity":"","overlay-gradient":""},"mobile":{"background-color":"var(--ast-global-color-5)","background-image":"","background-repeat":"repeat","background-position":"center center","background-size":"auto","background-attachment":"scroll","background-type":"","background-media":"","overlay-type":"","overlay-color":"","overlay-opacity":"","overlay-gradient":""}}},"product_brand":[],"product_cat":[19],"product_tag":[],"class_list":{"0":"post-1321","1":"product","2":"type-product","3":"status-publish","4":"has-post-thumbnail","6":"product_cat-mc4-connector","7":"desktop-align-left","8":"tablet-align-left","9":"mobile-align-left","11":"first","12":"instock","13":"shipping-taxable","14":"product-type-simple"},"yoast_head":"<!-- This site is optimized with the Yoast SEO plugin v24.8.1 - https:\/\/yoast.com\/wordpress\/plugins\/seo\/ -->\n<title>Best China Solar Wire Connectors Manufacturer - JYIELE<\/title>\n<meta name=\"description\" content=\"JYIELE&#039;s solar wire connectors pass rigorous quality checks to ensure that each product provides consistent and reliable performance. Whether your needs are for high voltage, low contact resistance, or a high level of protection, this connector will meet them all.\" \/>\n<meta name=\"robots\" content=\"index, follow, max-snippet:-1, max-image-preview:large, max-video-preview:-1\" \/>\n<link rel=\"canonical\" href=\"https:\/\/www.jyiele.com\/da\/product\/solar-wire-connectors\/\" \/>\n<meta property=\"og:locale\" content=\"da_DK\" \/>\n<meta property=\"og:type\" content=\"article\" \/>\n<meta property=\"og:title\" content=\"Best China Solar Wire Connectors Manufacturer - JYIELE\" \/>\n<meta property=\"og:description\" content=\"JYIELE&#039;s solar wire connectors pass rigorous quality checks to ensure that each product provides consistent and reliable performance. Whether your needs are for high voltage, low contact resistance, or a high level of protection, this connector will meet them all.\" \/>\n<meta property=\"og:url\" content=\"https:\/\/www.jyiele.com\/da\/product\/solar-wire-connectors\/\" \/>\n<meta property=\"og:site_name\" content=\"JYIELE\" \/>\n<meta property=\"article:modified_time\" content=\"2025-03-09T11:43:12+00:00\" \/>\n<meta property=\"og:image\" content=\"https:\/\/www.jyiele.com\/wp-content\/uploads\/2024\/09\/1000V-1500V-DC-50Amp-Y-branch-3-ways-Y3-Y4-solar-wire-connectors-parallel.webp\" \/>\n\t<meta property=\"og:image:width\" content=\"800\" \/>\n\t<meta property=\"og:image:height\" content=\"800\" \/>\n\t<meta property=\"og:image:type\" content=\"image\/webp\" \/>\n<meta name=\"twitter:card\" content=\"summary_large_image\" \/>\n<meta name=\"twitter:label1\" content=\"Estimeret l\u00e6setid\" \/>\n\t<meta name=\"twitter:data1\" content=\"3 minutter\" \/>\n<script type=\"application\/ld+json\" class=\"yoast-schema-graph\">{\"@context\":\"https:\/\/schema.org\",\"@graph\":[{\"@type\":\"WebPage\",\"@id\":\"https:\/\/www.jyiele.com\/product\/solar-wire-connectors\/\",\"url\":\"https:\/\/www.jyiele.com\/product\/solar-wire-connectors\/\",\"name\":\"Best China Solar Wire Connectors Manufacturer - JYIELE\",\"isPartOf\":{\"@id\":\"https:\/\/www.jyiele.com\/#website\"},\"primaryImageOfPage\":{\"@id\":\"https:\/\/www.jyiele.com\/product\/solar-wire-connectors\/#primaryimage\"},\"image\":{\"@id\":\"https:\/\/www.jyiele.com\/product\/solar-wire-connectors\/#primaryimage\"},\"thumbnailUrl\":\"https:\/\/www.jyiele.com\/wp-content\/uploads\/2024\/09\/1000V-1500V-DC-50Amp-Y-branch-3-ways-Y3-Y4-solar-wire-connectors-parallel.webp\",\"datePublished\":\"2024-11-03T10:59:29+00:00\",\"dateModified\":\"2025-03-09T11:43:12+00:00\",\"description\":\"JYIELE's solar wire connectors pass rigorous quality checks to ensure that each product provides consistent and reliable performance. Whether your needs are for high voltage, low contact resistance, or a high level of protection, this connector will meet them all.\",\"breadcrumb\":{\"@id\":\"https:\/\/www.jyiele.com\/product\/solar-wire-connectors\/#breadcrumb\"},\"inLanguage\":\"da-DK\",\"potentialAction\":[{\"@type\":\"ReadAction\",\"target\":[\"https:\/\/www.jyiele.com\/product\/solar-wire-connectors\/\"]}]},{\"@type\":\"ImageObject\",\"inLanguage\":\"da-DK\",\"@id\":\"https:\/\/www.jyiele.com\/product\/solar-wire-connectors\/#primaryimage\",\"url\":\"https:\/\/www.jyiele.com\/wp-content\/uploads\/2024\/09\/1000V-1500V-DC-50Amp-Y-branch-3-ways-Y3-Y4-solar-wire-connectors-parallel.webp\",\"contentUrl\":\"https:\/\/www.jyiele.com\/wp-content\/uploads\/2024\/09\/1000V-1500V-DC-50Amp-Y-branch-3-ways-Y3-Y4-solar-wire-connectors-parallel.webp\",\"width\":800,\"height\":800,\"caption\":\"1000V 1500V DC 50Amp Y branch 3 ways Y3 Y4 solar wire connectors parallel\"},{\"@type\":\"BreadcrumbList\",\"@id\":\"https:\/\/www.jyiele.com\/product\/solar-wire-connectors\/#breadcrumb\",\"itemListElement\":[{\"@type\":\"ListItem\",\"position\":1,\"name\":\"Home\",\"item\":\"https:\/\/www.jyiele.com\/\"},{\"@type\":\"ListItem\",\"position\":2,\"name\":\"Product\",\"item\":\"https:\/\/www.jyiele.com\/product\/\"},{\"@type\":\"ListItem\",\"position\":3,\"name\":\"MC4 Connector\",\"item\":\"https:\/\/www.jyiele.com\/product-category\/mc4-connector\/\"},{\"@type\":\"ListItem\",\"position\":4,\"name\":\"1000V 1500V DC 50Amp Y branch 3 ways Y3 Y4 solar wire connectors parallel\"}]},{\"@type\":\"WebSite\",\"@id\":\"https:\/\/www.jyiele.com\/#website\",\"url\":\"https:\/\/www.jyiele.com\/\",\"name\":\"JYIELE\",\"description\":\"Vacuum Circuit Breaker manufacturer\",\"publisher\":{\"@id\":\"https:\/\/www.jyiele.com\/#organization\"},\"potentialAction\":[{\"@type\":\"SearchAction\",\"target\":{\"@type\":\"EntryPoint\",\"urlTemplate\":\"https:\/\/www.jyiele.com\/?s={search_term_string}\"},\"query-input\":{\"@type\":\"PropertyValueSpecification\",\"valueRequired\":true,\"valueName\":\"search_term_string\"}}],\"inLanguage\":\"da-DK\"},{\"@type\":\"Organization\",\"@id\":\"https:\/\/www.jyiele.com\/#organization\",\"name\":\"JYIELE\",\"url\":\"https:\/\/www.jyiele.com\/\",\"logo\":{\"@type\":\"ImageObject\",\"inLanguage\":\"da-DK\",\"@id\":\"https:\/\/www.jyiele.com\/#\/schema\/logo\/image\/\",\"url\":\"https:\/\/www.jyiele.com\/wp-content\/uploads\/2024\/09\/cropped-jyele-1.webp\",\"contentUrl\":\"https:\/\/www.jyiele.com\/wp-content\/uploads\/2024\/09\/cropped-jyele-1.webp\",\"width\":137,\"height\":60,\"caption\":\"JYIELE\"},\"image\":{\"@id\":\"https:\/\/www.jyiele.com\/#\/schema\/logo\/image\/\"}}]}<\/script>\n<!-- \/ Yoast SEO plugin. -->","yoast_head_json":{"title":"Kinas bedste producent af solcelledningsforbindelser - JYIELE","description":"JYIELEs solcellestik gennemg\u00e5r strenge kvalitetskontroller for at sikre, at hvert produkt har en ensartet og p\u00e5lidelig ydeevne. Uanset om du har brug for h\u00f8j sp\u00e6nding, lav kontaktmodstand eller et h\u00f8jt beskyttelsesniveau, vil dette stik opfylde dem alle.","robots":{"index":"index","follow":"follow","max-snippet":"max-snippet:-1","max-image-preview":"max-image-preview:large","max-video-preview":"max-video-preview:-1"},"canonical":"https:\/\/www.jyiele.com\/da\/product\/solar-wire-connectors\/","og_locale":"da_DK","og_type":"article","og_title":"Best China Solar Wire Connectors Manufacturer - JYIELE","og_description":"JYIELE's solar wire connectors pass rigorous quality checks to ensure that each product provides consistent and reliable performance. Whether your needs are for high voltage, low contact resistance, or a high level of protection, this connector will meet them all.","og_url":"https:\/\/www.jyiele.com\/da\/product\/solar-wire-connectors\/","og_site_name":"JYIELE","article_modified_time":"2025-03-09T11:43:12+00:00","og_image":[{"width":800,"height":800,"url":"https:\/\/www.jyiele.com\/wp-content\/uploads\/2024\/09\/1000V-1500V-DC-50Amp-Y-branch-3-ways-Y3-Y4-solar-wire-connectors-parallel.webp","type":"image\/webp"}],"twitter_card":"summary_large_image","twitter_misc":{"Estimeret l\u00e6setid":"3 minutter"},"schema":{"@context":"https:\/\/schema.org","@graph":[{"@type":"WebPage","@id":"https:\/\/www.jyiele.com\/product\/solar-wire-connectors\/","url":"https:\/\/www.jyiele.com\/product\/solar-wire-connectors\/","name":"Kinas bedste producent af solcelledningsforbindelser - JYIELE","isPartOf":{"@id":"https:\/\/www.jyiele.com\/#website"},"primaryImageOfPage":{"@id":"https:\/\/www.jyiele.com\/product\/solar-wire-connectors\/#primaryimage"},"image":{"@id":"https:\/\/www.jyiele.com\/product\/solar-wire-connectors\/#primaryimage"},"thumbnailUrl":"https:\/\/www.jyiele.com\/wp-content\/uploads\/2024\/09\/1000V-1500V-DC-50Amp-Y-branch-3-ways-Y3-Y4-solar-wire-connectors-parallel.webp","datePublished":"2024-11-03T10:59:29+00:00","dateModified":"2025-03-09T11:43:12+00:00","description":"JYIELEs solcellestik gennemg\u00e5r strenge kvalitetskontroller for at sikre, at hvert produkt har en ensartet og p\u00e5lidelig ydeevne. Uanset om du har brug for h\u00f8j sp\u00e6nding, lav kontaktmodstand eller et h\u00f8jt beskyttelsesniveau, vil dette stik opfylde dem alle.","breadcrumb":{"@id":"https:\/\/www.jyiele.com\/product\/solar-wire-connectors\/#breadcrumb"},"inLanguage":"da-DK","potentialAction":[{"@type":"ReadAction","target":["https:\/\/www.jyiele.com\/product\/solar-wire-connectors\/"]}]},{"@type":"ImageObject","inLanguage":"da-DK","@id":"https:\/\/www.jyiele.com\/product\/solar-wire-connectors\/#primaryimage","url":"https:\/\/www.jyiele.com\/wp-content\/uploads\/2024\/09\/1000V-1500V-DC-50Amp-Y-branch-3-ways-Y3-Y4-solar-wire-connectors-parallel.webp","contentUrl":"https:\/\/www.jyiele.com\/wp-content\/uploads\/2024\/09\/1000V-1500V-DC-50Amp-Y-branch-3-ways-Y3-Y4-solar-wire-connectors-parallel.webp","width":800,"height":800,"caption":"1000V 1500V DC 50Amp Y branch 3 ways Y3 Y4 solar wire connectors parallel"},{"@type":"BreadcrumbList","@id":"https:\/\/www.jyiele.com\/product\/solar-wire-connectors\/#breadcrumb","itemListElement":[{"@type":"ListItem","position":1,"name":"Home","item":"https:\/\/www.jyiele.com\/"},{"@type":"ListItem","position":2,"name":"Product","item":"https:\/\/www.jyiele.com\/product\/"},{"@type":"ListItem","position":3,"name":"MC4 Connector","item":"https:\/\/www.jyiele.com\/product-category\/mc4-connector\/"},{"@type":"ListItem","position":4,"name":"1000V 1500V DC 50Amp Y branch 3 ways Y3 Y4 solar wire connectors parallel"}]},{"@type":"WebSite","@id":"https:\/\/www.jyiele.com\/#website","url":"https:\/\/www.jyiele.com\/","name":"JYIELE","description":"Producent af vakuumafbrydere","publisher":{"@id":"https:\/\/www.jyiele.com\/#organization"},"potentialAction":[{"@type":"SearchAction","target":{"@type":"EntryPoint","urlTemplate":"https:\/\/www.jyiele.com\/?s={search_term_string}"},"query-input":{"@type":"PropertyValueSpecification","valueRequired":true,"valueName":"search_term_string"}}],"inLanguage":"da-DK"},{"@type":"Organization","@id":"https:\/\/www.jyiele.com\/#organization","name":"JYIELE","url":"https:\/\/www.jyiele.com\/","logo":{"@type":"ImageObject","inLanguage":"da-DK","@id":"https:\/\/www.jyiele.com\/#\/schema\/logo\/image\/","url":"https:\/\/www.jyiele.com\/wp-content\/uploads\/2024\/09\/cropped-jyele-1.webp","contentUrl":"https:\/\/www.jyiele.com\/wp-content\/uploads\/2024\/09\/cropped-jyele-1.webp","width":137,"height":60,"caption":"JYIELE"},"image":{"@id":"https:\/\/www.jyiele.com\/#\/schema\/logo\/image\/"}}]}},"_links":{"self":[{"href":"https:\/\/www.jyiele.com\/da\/wp-json\/wp\/v2\/product\/1321","targetHints":{"allow":["GET"]}}],"collection":[{"href":"https:\/\/www.jyiele.com\/da\/wp-json\/wp\/v2\/product"}],"about":[{"href":"https:\/\/www.jyiele.com\/da\/wp-json\/wp\/v2\/types\/product"}],"version-history":[{"count":2,"href":"https:\/\/www.jyiele.com\/da\/wp-json\/wp\/v2\/product\/1321\/revisions"}],"predecessor-version":[{"id":1472,"href":"https:\/\/www.jyiele.com\/da\/wp-json\/wp\/v2\/product\/1321\/revisions\/1472"}],"wp:featuredmedia":[{"embeddable":true,"href":"https:\/\/www.jyiele.com\/da\/wp-json\/wp\/v2\/media\/1322"}],"wp:attachment":[{"href":"https:\/\/www.jyiele.com\/da\/wp-json\/wp\/v2\/media?parent=1321"}],"wp:term":[{"taxonomy":"product_brand","embeddable":true,"href":"https:\/\/www.jyiele.com\/da\/wp-json\/wp\/v2\/product_brand?post=1321"},{"taxonomy":"product_cat","embeddable":true,"href":"https:\/\/www.jyiele.com\/da\/wp-json\/wp\/v2\/product_cat?post=1321"},{"taxonomy":"product_tag","embeddable":true,"href":"https:\/\/www.jyiele.com\/da\/wp-json\/wp\/v2\/product_tag?post=1321"}],"curies":[{"name":"wp","href":"https:\/\/api.w.org\/{rel}","templated":true}]}}