{"id":1616,"date":"2023-10-01T00:47:34","date_gmt":"2023-10-01T00:47:34","guid":{"rendered":"https:\/\/www.jy-electric.com\/?post_type=product&#038;p=1616"},"modified":"2024-10-09T13:07:20","modified_gmt":"2024-10-09T13:07:20","slug":"mechanical-shear-bolt-lug","status":"publish","type":"product","link":"https:\/\/www.jyiele.com\/da\/product\/mechanical-shear-bolt-lug\/","title":{"rendered":"Mekanisk forskydningsbolt Lug Haplopore"},"content":{"rendered":"<h2>Hvad er forskydningsbolte<\/h2>\n<p>A <strong>forskydningsbolt<\/strong> er en specialiseret fastg\u00f8relse til mekaniske forbindelser, der typisk bruges til lav- og mellemsp\u00e6nding. Den best\u00e5r af en fortinnet krop og en sekskantet bolt, der er fremstillet af en s\u00e6rlig aluminiumslegering og behandlet med en sm\u00f8rende voks for at \u00f8ge holdbarheden.<br \/>\nJYIELE's <strong>forskydningsbolte<\/strong> f\u00e5s i to typer, aftagelige og ikke-aftagelige, der passer til forskellige installationsbehov. Forskydningsboltene, der er designet til at sikre en stabil og p\u00e5lidelig forbindelse, er hurtige at installere og st\u00e6rke, giver et ensartet forskydningsmoment og kompressionskraft og er designet med riller i inderv\u00e6ggen for at forbedre de elektriske og mekaniske egenskaber, hvilket g\u00f8r dem velegnede til en lang r\u00e6kke milj\u00f8er, b\u00e5de indend\u00f8rs og udend\u00f8rs.<\/p>\n<h2><strong>Produktfunktioner<\/strong><\/h2>\n<p>Materiale: Fortinnet aluminiumslegering<\/p>\n<p>Driftstemperaturomr\u00e5de: -55 \u00b0C til 155 \u00b0C (-67 \u00b0F til 311 \u00b0F)<\/p>\n<p>Standard: GB\/T 2314, IEC 61238-1<\/p>\n<h2><strong>Funktioner og fordele<\/strong><\/h2>\n<p>Bred vifte af anvendelsesmuligheder: velegnet til en lang r\u00e6kke ledere og materialer<\/p>\n<p>Kompakt design: pladsbesparende og let at installere<\/p>\n<p>Stabilt drejningsmoment: forskydningshovedm\u00f8trik sikrer fremragende elektrisk kontakt<\/p>\n<p>Enkel installation: fungerer med en standard topn\u00f8gle<\/p>\n<p>St\u00e6rk kompatibilitet: pr\u00e6fabrikeret design egnet til mellemsp\u00e6ndingskabler op til 42 kV<\/p>\n<p>Overlegen evne til overstr\u00f8m og kortvarig str\u00f8mindgang: forbedret sikkerhed og stabilitet.<\/p>\n<h2><strong>Konklusion<\/strong><\/h2>\n<p>Den mekaniske <strong>forskydningsbolt<\/strong> Kroppen er konstrueret af en h\u00f8jstyrket fortinnet aluminiumslegering og er velegnet til en lang r\u00e6kke indend\u00f8rs og udend\u00f8rs anvendelser med et udvalg af st\u00f8rrelser, der passer til forskellige behov.<\/p>\n<figure class=\"wp-block-table\">\n<div class=\"scroll\">\n<table>\n<tbody>\n<tr>\n<td>Egenskaber og fordele ved mekaniske kabelsko og stik<\/td>\n<td>Funktion<\/td>\n<\/tr>\n<tr>\n<td>Bredt anvendelsesomr\u00e5de og stor alsidighed<\/td>\n<td>For eksempel kan tre specifikationer d\u00e6kke ledere p\u00e5 25 mm2 til 400 mm2.<\/td>\n<\/tr>\n<tr>\n<td>Kroppen er lavet af en fortinnet aluminiumslegering med h\u00f8j tr\u00e6kstyrke<\/td>\n<td>Og den kan bruges med n\u00e6sten alle typer ledere og materialer.<\/td>\n<\/tr>\n<tr>\n<td>Boltene er lavet af en s\u00e6rlig aluminiumslegering<\/td>\n<td>Gode kontaktegenskaber, kan realisere forbindelsen mellem kobberlederen og aluminiumlederen.<\/td>\n<\/tr>\n<tr>\n<td>Kompakt design<\/td>\n<td>Beh\u00f8ver kun lidt installationsplads, s\u00e6rligt velegnet til store applikationer.<\/td>\n<\/tr>\n<tr>\n<td>R\u00f8rformet spiraldesign inde i kroppen for at forbedre kontaktydelsen<\/td>\n<td>Fremragende elektrisk ydeevne.<\/td>\n<\/tr>\n<tr>\n<td>Centreringshul og indsats<\/td>\n<td>Det ledende oxidlag er delt.<\/td>\n<\/tr>\n<tr>\n<td>M\u00f8trik med konstant drejningsmoment<\/td>\n<td>Plug-in-stykket justerer en st\u00f8rrelse p\u00e5 forbindelsen eller terminalen, s\u00e5 den passer til flere typer ledninger.<\/td>\n<\/tr>\n<tr>\n<td>Smurt m\u00f8trik<\/td>\n<td>Indsatserne hj\u00e6lper lederen med at blive bedre centreret og deformerer ikke lederen, n\u00e5r bolten sp\u00e6ndes.<\/td>\n<\/tr>\n<tr>\n<td colspan=\"2\">S\u00e6rlige egenskaber ved mekaniske terminaler<\/td>\n<\/tr>\n<tr>\n<td>Langt h\u00e5ndtag<\/td>\n<td>Med ekstra lang l\u00e6ngde kan den bruges som fugtbarriere<\/td>\n<\/tr>\n<tr>\n<td>Vandret forsegling er velegnet<\/td>\n<td>Velegnet til indend\u00f8rs og udend\u00f8rs brug<\/td>\n<\/tr>\n<\/tbody>\n<\/table>\n<\/div>\n<\/figure>\n<h2 class=\"wp-block-heading\"><strong>Installation<\/strong><\/h2>\n<p>Der kr\u00e6ves ikke specialv\u00e6rkt\u00f8j til installationen, kun en topn\u00f8gle. Alle typer af\u00a0 <strong>Forskydningsbolt<\/strong> udnytter den samme forkortede l\u00e6ngde og indeholder de n\u00f8dvendige indsatser. Der anvendes en forskydningsm\u00f8trik med fast drejningsmoment for at sikre en p\u00e5lidelig forbindelse. Hver konnektor eller kabelsko leveres med separate installationsinstruktioner. For at forhindre b\u00f8jning af lederen anbefales det at bruge et st\u00f8ttev\u00e6rkt\u00f8j (se tilbeh\u00f8r for detaljer).<\/p>\n<h4 class=\"wp-block-heading\"><strong>Udv\u00e6lgelsestabel<\/strong><\/h4>\n<figure class=\"wp-block-image size-full is-resized\">\u00a0<img fetchpriority=\"high\" decoding=\"async\" class=\"alignnone wp-image-1625 size-full\" src=\"https:\/\/www.jy-electric.com\/wp-content\/uploads\/2024\/10\/What-are-shear-bolts.webp\" alt=\"Hvad er forskydningsbolte\" width=\"579\" height=\"268\" srcset=\"https:\/\/www.jyiele.com\/wp-content\/uploads\/2024\/10\/What-are-shear-bolts.webp 579w, https:\/\/www.jyiele.com\/wp-content\/uploads\/2024\/10\/What-are-shear-bolts-300x139.webp 300w, https:\/\/www.jyiele.com\/wp-content\/uploads\/2024\/10\/What-are-shear-bolts-18x8.webp 18w\" sizes=\"(max-width: 579px) 100vw, 579px\" \/><\/figure>\n<figure class=\"wp-block-table\">\n<div class=\"scroll\">\n<table>\n<tbody>\n<tr>\n<td rowspan=\"2\">Produktmodel<\/td>\n<td rowspan=\"2\">Tr\u00e5dtv\u00e6rsnit mm\u00b2<\/td>\n<td colspan=\"4\">St\u00f8rrelse (mm)<\/td>\n<td rowspan=\"2\">Monteringshullerdiameter<\/td>\n<td rowspan=\"2\">Antal bolte<\/td>\n<td rowspan=\"2\">Bolt p\u00e5 tv\u00e6rs af fladeAF(mm)<\/td>\n<td rowspan=\"2\">Skr\u00e6lningsl\u00e6ngde (mm)<\/td>\n<\/tr>\n<tr>\n<td>L1<\/td>\n<td>L2<\/td>\n<td>D1<\/td>\n<td>D2<\/td>\n<\/tr>\n<tr>\n<td>BLMT-25\/95-13<\/td>\n<td>25-95<\/td>\n<td>60<\/td>\n<td>30<\/td>\n<td>24<\/td>\n<td>12.8<\/td>\n<td>13<\/td>\n<td>1<\/td>\n<td>13<\/td>\n<td>34<\/td>\n<\/tr>\n<tr>\n<td>BLMT-25\/95-17<\/td>\n<td>25-95<\/td>\n<td>60<\/td>\n<td>30<\/td>\n<td>24<\/td>\n<td>12.8<\/td>\n<td>17<\/td>\n<td>1<\/td>\n<td>13<\/td>\n<td>34<\/td>\n<\/tr>\n<tr>\n<td>BLMT-35\/150-13<\/td>\n<td>35-150<\/td>\n<td>86<\/td>\n<td>36<\/td>\n<td>28<\/td>\n<td>15.8<\/td>\n<td>13<\/td>\n<td>1<\/td>\n<td>17<\/td>\n<td>41<\/td>\n<\/tr>\n<tr>\n<td>BLMT-35\/150-17<\/td>\n<td>35-150<\/td>\n<td>86<\/td>\n<td>36<\/td>\n<td>28<\/td>\n<td>15.8<\/td>\n<td>17<\/td>\n<td>1<\/td>\n<td>17<\/td>\n<td>41<\/td>\n<\/tr>\n<tr>\n<td>BLMT-95\/240-13<\/td>\n<td>95-240<\/td>\n<td>112<\/td>\n<td>60<\/td>\n<td>33<\/td>\n<td>20<\/td>\n<td>13<\/td>\n<td>2<\/td>\n<td>19<\/td>\n<td>70<\/td>\n<\/tr>\n<tr>\n<td>BLMT-95\/240-17<\/td>\n<td>95-240<\/td>\n<td>112<\/td>\n<td>60<\/td>\n<td>33<\/td>\n<td>20<\/td>\n<td>17<\/td>\n<td>2<\/td>\n<td>19<\/td>\n<td>70<\/td>\n<\/tr>\n<tr>\n<td>BLMT-95\/240-21<\/td>\n<td>95-240<\/td>\n<td>112<\/td>\n<td>60<\/td>\n<td>33<\/td>\n<td>20<\/td>\n<td>21<\/td>\n<td>2<\/td>\n<td>19<\/td>\n<td>70<\/td>\n<\/tr>\n<tr>\n<td>BLMT-120\/300-13<\/td>\n<td>120-300<\/td>\n<td>120<\/td>\n<td>65<\/td>\n<td>37<\/td>\n<td>24<\/td>\n<td>13<\/td>\n<td>2<\/td>\n<td>22<\/td>\n<td>70<\/td>\n<\/tr>\n<tr>\n<td>BLMT-120\/300-17<\/td>\n<td>120-300<\/td>\n<td>120<\/td>\n<td>65<\/td>\n<td>37<\/td>\n<td>24<\/td>\n<td>17<\/td>\n<td>2<\/td>\n<td>22<\/td>\n<td>70<\/td>\n<\/tr>\n<tr>\n<td>BLMT-185\/400-13<\/td>\n<td>185-400<\/td>\n<td>137<\/td>\n<td>80<\/td>\n<td>42<\/td>\n<td>25.5<\/td>\n<td>13<\/td>\n<td>3<\/td>\n<td>22<\/td>\n<td>90<\/td>\n<\/tr>\n<tr>\n<td>BLMT-185\/400-17<\/td>\n<td>185-400<\/td>\n<td>137<\/td>\n<td>80<\/td>\n<td>42<\/td>\n<td>25.5<\/td>\n<td>17<\/td>\n<td>3<\/td>\n<td>22<\/td>\n<td>90<\/td>\n<\/tr>\n<tr>\n<td>BLMT-185\/400-21<\/td>\n<td>185-400<\/td>\n<td>137<\/td>\n<td>80<\/td>\n<td>42<\/td>\n<td>25.5<\/td>\n<td>21<\/td>\n<td>3<\/td>\n<td>22<\/td>\n<td>90<\/td>\n<\/tr>\n<tr>\n<td>BLMT-500\/630-13<\/td>\n<td>500-630<\/td>\n<td>150<\/td>\n<td>95<\/td>\n<td>50<\/td>\n<td>33<\/td>\n<td>13<\/td>\n<td>3<\/td>\n<td>27<\/td>\n<td>100<\/td>\n<\/tr>\n<tr>\n<td>BLMT-500\/630-17<\/td>\n<td>500-630<\/td>\n<td>150<\/td>\n<td>95<\/td>\n<td>50<\/td>\n<td>33<\/td>\n<td>17<\/td>\n<td>3<\/td>\n<td>27<\/td>\n<td>100<\/td>\n<\/tr>\n<tr>\n<td>BLMT-500\/630-21<\/td>\n<td>500-630<\/td>\n<td>150<\/td>\n<td>95<\/td>\n<td>50<\/td>\n<td>33<\/td>\n<td>21<\/td>\n<td>3<\/td>\n<td>27<\/td>\n<td>100<\/td>\n<\/tr>\n<tr>\n<td>BLMT-800-13 (specialfremstillet)<\/td>\n<td>630-800<\/td>\n<td>180<\/td>\n<td>105<\/td>\n<td>61<\/td>\n<td>40.5<\/td>\n<td>13<\/td>\n<td>4<\/td>\n<td>19<\/td>\n<td>118<\/td>\n<\/tr>\n<tr>\n<td>BLMT-800-17 (specialfremstillet)<\/td>\n<td>630-800<\/td>\n<td>180<\/td>\n<td>105<\/td>\n<td>61<\/td>\n<td>40.5<\/td>\n<td>17<\/td>\n<td>4<\/td>\n<td>19<\/td>\n<td>118<\/td>\n<\/tr>\n<tr>\n<td>BLMT-800\/1000-17<\/td>\n<td>800-1000<\/td>\n<td>153<\/td>\n<td>86<\/td>\n<td>60<\/td>\n<td>40.5<\/td>\n<td>17<\/td>\n<td>4<\/td>\n<td>13<\/td>\n<td>94<\/td>\n<\/tr>\n<tr>\n<td>BLMT-1500-17(specialfremstillet)<\/td>\n<td>1500<\/td>\n<td>200<\/td>\n<td>120<\/td>\n<td>65<\/td>\n<td>46<\/td>\n<td>17<\/td>\n<td>4<\/td>\n<td>19<\/td>\n<td>130<\/td>\n<\/tr>\n<\/tbody>\n<\/table>\n<\/div>\n<\/figure>\n<h4 class=\"wp-block-heading\"><strong>Drejningsmoment terminal<\/strong><\/h4>\n<figure class=\"wp-block-image size-full is-resized\"><img decoding=\"async\" class=\"alignnone wp-image-1624 size-full\" src=\"https:\/\/www.jy-electric.com\/wp-content\/uploads\/2024\/10\/shear-bolts.webp\" alt=\"forskydningsbolte\" width=\"549\" height=\"238\" srcset=\"https:\/\/www.jyiele.com\/wp-content\/uploads\/2024\/10\/shear-bolts.webp 549w, https:\/\/www.jyiele.com\/wp-content\/uploads\/2024\/10\/shear-bolts-300x130.webp 300w, https:\/\/www.jyiele.com\/wp-content\/uploads\/2024\/10\/shear-bolts-18x8.webp 18w\" sizes=\"(max-width: 549px) 100vw, 549px\" \/><\/figure>\n<figure class=\"wp-block-table\">\n<div class=\"scroll\">\n<table>\n<tbody>\n<tr>\n<td rowspan=\"2\">TYPE<\/td>\n<td rowspan=\"2\">\u00a0 Omr\u00e5de for tv\u00e6rsnit<br \/>\nmm\u00b2<\/td>\n<td rowspan=\"2\">Antal kontaktbolte<\/td>\n<td>St\u00f8rrelse p\u00e5 bolthoved (mm)<\/td>\n<td>St\u00f8rrelse p\u00e5 pladehul (mm)<\/td>\n<td colspan=\"2\">L\u00e6ngde (mm)<\/td>\n<td>Indvendig diameter (mm)<\/td>\n<td>Udvendig diameter (mm)<\/td>\n<\/tr>\n<tr>\n<td>AF(mm)<\/td>\n<td>LB<\/td>\n<td>L1<\/td>\n<td>L2<\/td>\n<td>D2<\/td>\n<td>D1<\/td>\n<\/tr>\n<tr>\n<td>BLMC-25\/95<\/td>\n<td>25-95<\/td>\n<td>1<\/td>\n<td>13<\/td>\n<td>16.3<\/td>\n<td>77.5<\/td>\n<td>31.5<\/td>\n<td>12.8<\/td>\n<td>29<\/td>\n<\/tr>\n<tr>\n<td>BLMC-95\/240<\/td>\n<td>95-240<\/td>\n<td>2<\/td>\n<td>13<\/td>\n<td>16.3<\/td>\n<td>107.5<\/td>\n<td>61.5<\/td>\n<td>20<\/td>\n<td>34..5<\/td>\n<\/tr>\n<tr>\n<td>BLMC-120\/300<\/td>\n<td>120-300<\/td>\n<td>2<\/td>\n<td>13<\/td>\n<td>16.3<\/td>\n<td>112.5<\/td>\n<td>66.5<\/td>\n<td>24<\/td>\n<td>38<\/td>\n<\/tr>\n<tr>\n<td>BLMC-185\/400<\/td>\n<td>185-400<\/td>\n<td>3<\/td>\n<td>13<\/td>\n<td>16.3<\/td>\n<td>155<\/td>\n<td>100<\/td>\n<td>25.5<\/td>\n<td>50<\/td>\n<\/tr>\n<tr>\n<td>BLMC-500\/630<\/td>\n<td>500-630<\/td>\n<td>3<\/td>\n<td>27<\/td>\n<td>16.3<\/td>\n<td>155<\/td>\n<td>100<\/td>\n<td>33<\/td>\n<td>50<\/td>\n<\/tr>\n<\/tbody>\n<\/table>\n<\/div>\n<\/figure>\n<h2>N\u00f8dvendige v\u00e6rkt\u00f8jer<\/h2>\n<p>Stik eller kabelsko: separate installationsinstruktioner medf\u00f8lger.<\/p>\n<p>St\u00f8ttev\u00e6rkt\u00f8j: anbefales for at forhindre, at lederen b\u00f8jes.<\/p>\n<p>Passende A\/F-sekskantstik.<\/p>\n<p>Skralde eller elektrisk slagn\u00f8gle.<\/p>\n<p>Klemmer: anbefales st\u00e6rkt til at st\u00f8tte lederne og sikre stabilitet, n\u00e5r der l\u00e6gges pres p\u00e5.<\/p>\n<h2>Installationstrin<\/h2>\n<ol>\n<li>Bekr\u00e6ft den korrekte st\u00f8rrelse p\u00e5 den valgte klemme i henhold til produktvalgsguiden, og s\u00f8rg for, at lederst\u00f8rrelsen passer til kabel- og klemmem\u00e6rkningen.<\/li>\n<li>Skru forskydningsbolten ud for at sikre, at der er plads nok til at s\u00e6tte kablet i.<\/li>\n<li>Trim lederen j\u00e6vnt i henhold til den anbefalede afisoleringsl\u00e6ngde for at undg\u00e5 overklipning.<\/li>\n<li>S\u00e6t forsigtigt lederen ind i bunden af momentklemmen.<\/li>\n<li>Sp\u00e6nd forskydningsbolten for at holde lederen sikkert p\u00e5 plads. N\u00e5r du bruger en skralden\u00f8gle eller en elektrisk slagn\u00f8gle, skal du anvende kraften gradvist i r\u00e6kkef\u00f8lgen 1-2-3 og anvende et moment p\u00e5 15N-m f\u00f8rste gang.<\/li>\n<li>Gentag den anden og tredje p\u00e5f\u00f8ring af 15N-m moment, indtil bolthovedet er helt afsk\u00e5ret.<\/li>\n<li>Forts\u00e6t klippeprocessen, og s\u00f8rg for at starte med 1-2-3 hver gang og sikre terminalen under klipningen.<\/li>\n<li>Tjek snittet, og fjern eventuelle rester af sm\u00f8remiddel.<\/li>\n<\/ol>\n<h4 class=\"wp-block-heading\"><\/h4>","protected":false},"excerpt":{"rendered":"<p>Oprindelsessted\uff1aZhejiang, Kina<br \/>\nVarem\u00e6rke: JYIELE<br \/>\nModelnummer \uff1aBLMT<br \/>\nType\uff1aslug<br \/>\nMateriale:BIMETAL<br \/>\nAnvendelse:Ledningstilslutning<br \/>\nService\uff1aOEM<\/p>","protected":false},"featured_media":1619,"template":"","meta":{"site-sidebar-layout":"default","site-content-layout":"","ast-site-content-layout":"default","site-content-style":"default","site-sidebar-style":"default","ast-global-header-display":"","ast-banner-title-visibility":"","ast-main-header-display":"","ast-hfb-above-header-display":"","ast-hfb-below-header-display":"","ast-hfb-mobile-header-display":"","site-post-title":"","ast-breadcrumbs-content":"","ast-featured-img":"","footer-sml-layout":"","ast-disable-related-posts":"","theme-transparent-header-meta":"default","adv-header-id-meta":"","stick-header-meta":"","header-above-stick-meta":"","header-main-stick-meta":"","header-below-stick-meta":"","astra-migrate-meta-layouts":"set","ast-page-background-enabled":"default","ast-page-background-meta":{"desktop":{"background-color":"var(--ast-global-color-4)","background-image":"","background-repeat":"repeat","background-position":"center center","background-size":"auto","background-attachment":"scroll","background-type":"","background-media":"","overlay-type":"","overlay-color":"","overlay-opacity":"","overlay-gradient":""},"tablet":{"background-color":"","background-image":"","background-repeat":"repeat","background-position":"center center","background-size":"auto","background-attachment":"scroll","background-type":"","background-media":"","overlay-type":"","overlay-color":"","overlay-opacity":"","overlay-gradient":""},"mobile":{"background-color":"","background-image":"","background-repeat":"repeat","background-position":"center center","background-size":"auto","background-attachment":"scroll","background-type":"","background-media":"","overlay-type":"","overlay-color":"","overlay-opacity":"","overlay-gradient":""}},"ast-content-background-meta":{"desktop":{"background-color":"var(--ast-global-color-5)","background-image":"","background-repeat":"repeat","background-position":"center center","background-size":"auto","background-attachment":"scroll","background-type":"","background-media":"","overlay-type":"","overlay-color":"","overlay-opacity":"","overlay-gradient":""},"tablet":{"background-color":"var(--ast-global-color-5)","background-image":"","background-repeat":"repeat","background-position":"center center","background-size":"auto","background-attachment":"scroll","background-type":"","background-media":"","overlay-type":"","overlay-color":"","overlay-opacity":"","overlay-gradient":""},"mobile":{"background-color":"var(--ast-global-color-5)","background-image":"","background-repeat":"repeat","background-position":"center center","background-size":"auto","background-attachment":"scroll","background-type":"","background-media":"","overlay-type":"","overlay-color":"","overlay-opacity":"","overlay-gradient":""}}},"product_brand":[],"product_cat":[21],"product_tag":[],"class_list":{"0":"post-1616","1":"product","2":"type-product","3":"status-publish","4":"has-post-thumbnail","6":"product_cat-power-fittings","7":"desktop-align-left","8":"tablet-align-left","9":"mobile-align-left","11":"first","12":"instock","13":"shipping-taxable","14":"product-type-simple"},"yoast_head":"<!-- This site is optimized with the Yoast SEO plugin v24.8.1 - https:\/\/yoast.com\/wordpress\/plugins\/seo\/ -->\n<title>China Mechanical Shear Bolt Factory &amp; Manufacturers &amp; Suppliers - JYIELE<\/title>\n<meta name=\"description\" content=\"JYIELE produces mechanical shear bolts with high quality raw materials, high quality and low price, source factory price, support customization, welcome to free consultation!\" \/>\n<meta name=\"robots\" content=\"index, follow, max-snippet:-1, max-image-preview:large, max-video-preview:-1\" \/>\n<link rel=\"canonical\" href=\"https:\/\/www.jyiele.com\/da\/product\/mechanical-shear-bolt-lug\/\" \/>\n<meta property=\"og:locale\" content=\"da_DK\" \/>\n<meta property=\"og:type\" content=\"article\" \/>\n<meta property=\"og:title\" content=\"China Mechanical Shear Bolt Factory &amp; Manufacturers &amp; Suppliers - JYIELE\" \/>\n<meta property=\"og:description\" content=\"JYIELE produces mechanical shear bolts with high quality raw materials, high quality and low price, source factory price, support customization, welcome to free consultation!\" \/>\n<meta property=\"og:url\" content=\"https:\/\/www.jyiele.com\/da\/product\/mechanical-shear-bolt-lug\/\" \/>\n<meta property=\"og:site_name\" content=\"JYIELE\" \/>\n<meta property=\"article:modified_time\" content=\"2024-10-09T13:07:20+00:00\" \/>\n<meta property=\"og:image\" content=\"https:\/\/www.jyiele.com\/wp-content\/uploads\/2024\/10\/Mechanical-Shear-Bolt-Lug.webp\" \/>\n\t<meta property=\"og:image:width\" content=\"800\" \/>\n\t<meta property=\"og:image:height\" content=\"800\" \/>\n\t<meta property=\"og:image:type\" content=\"image\/webp\" \/>\n<meta name=\"twitter:card\" content=\"summary_large_image\" \/>\n<meta name=\"twitter:label1\" content=\"Estimeret l\u00e6setid\" \/>\n\t<meta name=\"twitter:data1\" content=\"5 minutter\" \/>\n<script type=\"application\/ld+json\" class=\"yoast-schema-graph\">{\"@context\":\"https:\/\/schema.org\",\"@graph\":[{\"@type\":\"WebPage\",\"@id\":\"https:\/\/www.jyiele.com\/product\/mechanical-shear-bolt-lug\/\",\"url\":\"https:\/\/www.jyiele.com\/product\/mechanical-shear-bolt-lug\/\",\"name\":\"China Mechanical Shear Bolt Factory & Manufacturers & Suppliers - JYIELE\",\"isPartOf\":{\"@id\":\"https:\/\/www.jyiele.com\/#website\"},\"primaryImageOfPage\":{\"@id\":\"https:\/\/www.jyiele.com\/product\/mechanical-shear-bolt-lug\/#primaryimage\"},\"image\":{\"@id\":\"https:\/\/www.jyiele.com\/product\/mechanical-shear-bolt-lug\/#primaryimage\"},\"thumbnailUrl\":\"https:\/\/www.jyiele.com\/wp-content\/uploads\/2024\/10\/Mechanical-Shear-Bolt-Lug.webp\",\"datePublished\":\"2023-10-01T00:47:34+00:00\",\"dateModified\":\"2024-10-09T13:07:20+00:00\",\"description\":\"JYIELE produces mechanical shear bolts with high quality raw materials, high quality and low price, source factory price, support customization, welcome to free consultation!\",\"breadcrumb\":{\"@id\":\"https:\/\/www.jyiele.com\/product\/mechanical-shear-bolt-lug\/#breadcrumb\"},\"inLanguage\":\"da-DK\",\"potentialAction\":[{\"@type\":\"ReadAction\",\"target\":[\"https:\/\/www.jyiele.com\/product\/mechanical-shear-bolt-lug\/\"]}]},{\"@type\":\"ImageObject\",\"inLanguage\":\"da-DK\",\"@id\":\"https:\/\/www.jyiele.com\/product\/mechanical-shear-bolt-lug\/#primaryimage\",\"url\":\"https:\/\/www.jyiele.com\/wp-content\/uploads\/2024\/10\/Mechanical-Shear-Bolt-Lug.webp\",\"contentUrl\":\"https:\/\/www.jyiele.com\/wp-content\/uploads\/2024\/10\/Mechanical-Shear-Bolt-Lug.webp\",\"width\":800,\"height\":800,\"caption\":\"Mechanical Shear Bolt Lug\"},{\"@type\":\"BreadcrumbList\",\"@id\":\"https:\/\/www.jyiele.com\/product\/mechanical-shear-bolt-lug\/#breadcrumb\",\"itemListElement\":[{\"@type\":\"ListItem\",\"position\":1,\"name\":\"Home\",\"item\":\"https:\/\/www.jyiele.com\/\"},{\"@type\":\"ListItem\",\"position\":2,\"name\":\"Product\",\"item\":\"https:\/\/www.jyiele.com\/product\/\"},{\"@type\":\"ListItem\",\"position\":3,\"name\":\"Power Fittings\",\"item\":\"https:\/\/www.jyiele.com\/product-category\/power-fittings\/\"},{\"@type\":\"ListItem\",\"position\":4,\"name\":\"Mechanical Shear Bolt Lug Haplopore\"}]},{\"@type\":\"WebSite\",\"@id\":\"https:\/\/www.jyiele.com\/#website\",\"url\":\"https:\/\/www.jyiele.com\/\",\"name\":\"JYIELE\",\"description\":\"Vacuum Circuit Breaker manufacturer\",\"publisher\":{\"@id\":\"https:\/\/www.jyiele.com\/#organization\"},\"potentialAction\":[{\"@type\":\"SearchAction\",\"target\":{\"@type\":\"EntryPoint\",\"urlTemplate\":\"https:\/\/www.jyiele.com\/?s={search_term_string}\"},\"query-input\":{\"@type\":\"PropertyValueSpecification\",\"valueRequired\":true,\"valueName\":\"search_term_string\"}}],\"inLanguage\":\"da-DK\"},{\"@type\":\"Organization\",\"@id\":\"https:\/\/www.jyiele.com\/#organization\",\"name\":\"JYIELE\",\"url\":\"https:\/\/www.jyiele.com\/\",\"logo\":{\"@type\":\"ImageObject\",\"inLanguage\":\"da-DK\",\"@id\":\"https:\/\/www.jyiele.com\/#\/schema\/logo\/image\/\",\"url\":\"https:\/\/www.jyiele.com\/wp-content\/uploads\/2024\/09\/cropped-jyele-1.webp\",\"contentUrl\":\"https:\/\/www.jyiele.com\/wp-content\/uploads\/2024\/09\/cropped-jyele-1.webp\",\"width\":137,\"height\":60,\"caption\":\"JYIELE\"},\"image\":{\"@id\":\"https:\/\/www.jyiele.com\/#\/schema\/logo\/image\/\"}}]}<\/script>\n<!-- \/ Yoast SEO plugin. -->","yoast_head_json":{"title":"Kina Mekanisk forskydningsbolt fabrik &amp; producenter &amp; leverand\u00f8rer - JYIELE","description":"JYIELE producerer mekaniske forskydningsbolte med r\u00e5materialer af h\u00f8j kvalitet, h\u00f8j kvalitet og lav pris, kildefabrikspris, supporttilpasning, velkommen til gratis konsultation!","robots":{"index":"index","follow":"follow","max-snippet":"max-snippet:-1","max-image-preview":"max-image-preview:large","max-video-preview":"max-video-preview:-1"},"canonical":"https:\/\/www.jyiele.com\/da\/product\/mechanical-shear-bolt-lug\/","og_locale":"da_DK","og_type":"article","og_title":"China Mechanical Shear Bolt Factory & Manufacturers & Suppliers - JYIELE","og_description":"JYIELE produces mechanical shear bolts with high quality raw materials, high quality and low price, source factory price, support customization, welcome to free consultation!","og_url":"https:\/\/www.jyiele.com\/da\/product\/mechanical-shear-bolt-lug\/","og_site_name":"JYIELE","article_modified_time":"2024-10-09T13:07:20+00:00","og_image":[{"width":800,"height":800,"url":"https:\/\/www.jyiele.com\/wp-content\/uploads\/2024\/10\/Mechanical-Shear-Bolt-Lug.webp","type":"image\/webp"}],"twitter_card":"summary_large_image","twitter_misc":{"Estimeret l\u00e6setid":"5 minutter"},"schema":{"@context":"https:\/\/schema.org","@graph":[{"@type":"WebPage","@id":"https:\/\/www.jyiele.com\/product\/mechanical-shear-bolt-lug\/","url":"https:\/\/www.jyiele.com\/product\/mechanical-shear-bolt-lug\/","name":"Kina Mekanisk forskydningsbolt fabrik &amp; producenter &amp; leverand\u00f8rer - JYIELE","isPartOf":{"@id":"https:\/\/www.jyiele.com\/#website"},"primaryImageOfPage":{"@id":"https:\/\/www.jyiele.com\/product\/mechanical-shear-bolt-lug\/#primaryimage"},"image":{"@id":"https:\/\/www.jyiele.com\/product\/mechanical-shear-bolt-lug\/#primaryimage"},"thumbnailUrl":"https:\/\/www.jyiele.com\/wp-content\/uploads\/2024\/10\/Mechanical-Shear-Bolt-Lug.webp","datePublished":"2023-10-01T00:47:34+00:00","dateModified":"2024-10-09T13:07:20+00:00","description":"JYIELE producerer mekaniske forskydningsbolte med r\u00e5materialer af h\u00f8j kvalitet, h\u00f8j kvalitet og lav pris, kildefabrikspris, supporttilpasning, velkommen til gratis konsultation!","breadcrumb":{"@id":"https:\/\/www.jyiele.com\/product\/mechanical-shear-bolt-lug\/#breadcrumb"},"inLanguage":"da-DK","potentialAction":[{"@type":"ReadAction","target":["https:\/\/www.jyiele.com\/product\/mechanical-shear-bolt-lug\/"]}]},{"@type":"ImageObject","inLanguage":"da-DK","@id":"https:\/\/www.jyiele.com\/product\/mechanical-shear-bolt-lug\/#primaryimage","url":"https:\/\/www.jyiele.com\/wp-content\/uploads\/2024\/10\/Mechanical-Shear-Bolt-Lug.webp","contentUrl":"https:\/\/www.jyiele.com\/wp-content\/uploads\/2024\/10\/Mechanical-Shear-Bolt-Lug.webp","width":800,"height":800,"caption":"Mechanical Shear Bolt Lug"},{"@type":"BreadcrumbList","@id":"https:\/\/www.jyiele.com\/product\/mechanical-shear-bolt-lug\/#breadcrumb","itemListElement":[{"@type":"ListItem","position":1,"name":"Home","item":"https:\/\/www.jyiele.com\/"},{"@type":"ListItem","position":2,"name":"Product","item":"https:\/\/www.jyiele.com\/product\/"},{"@type":"ListItem","position":3,"name":"Power Fittings","item":"https:\/\/www.jyiele.com\/product-category\/power-fittings\/"},{"@type":"ListItem","position":4,"name":"Mechanical Shear Bolt Lug Haplopore"}]},{"@type":"WebSite","@id":"https:\/\/www.jyiele.com\/#website","url":"https:\/\/www.jyiele.com\/","name":"JYIELE","description":"Producent af vakuumafbrydere","publisher":{"@id":"https:\/\/www.jyiele.com\/#organization"},"potentialAction":[{"@type":"SearchAction","target":{"@type":"EntryPoint","urlTemplate":"https:\/\/www.jyiele.com\/?s={search_term_string}"},"query-input":{"@type":"PropertyValueSpecification","valueRequired":true,"valueName":"search_term_string"}}],"inLanguage":"da-DK"},{"@type":"Organization","@id":"https:\/\/www.jyiele.com\/#organization","name":"JYIELE","url":"https:\/\/www.jyiele.com\/","logo":{"@type":"ImageObject","inLanguage":"da-DK","@id":"https:\/\/www.jyiele.com\/#\/schema\/logo\/image\/","url":"https:\/\/www.jyiele.com\/wp-content\/uploads\/2024\/09\/cropped-jyele-1.webp","contentUrl":"https:\/\/www.jyiele.com\/wp-content\/uploads\/2024\/09\/cropped-jyele-1.webp","width":137,"height":60,"caption":"JYIELE"},"image":{"@id":"https:\/\/www.jyiele.com\/#\/schema\/logo\/image\/"}}]}},"_links":{"self":[{"href":"https:\/\/www.jyiele.com\/da\/wp-json\/wp\/v2\/product\/1616","targetHints":{"allow":["GET"]}}],"collection":[{"href":"https:\/\/www.jyiele.com\/da\/wp-json\/wp\/v2\/product"}],"about":[{"href":"https:\/\/www.jyiele.com\/da\/wp-json\/wp\/v2\/types\/product"}],"version-history":[{"count":6,"href":"https:\/\/www.jyiele.com\/da\/wp-json\/wp\/v2\/product\/1616\/revisions"}],"predecessor-version":[{"id":1626,"href":"https:\/\/www.jyiele.com\/da\/wp-json\/wp\/v2\/product\/1616\/revisions\/1626"}],"wp:featuredmedia":[{"embeddable":true,"href":"https:\/\/www.jyiele.com\/da\/wp-json\/wp\/v2\/media\/1619"}],"wp:attachment":[{"href":"https:\/\/www.jyiele.com\/da\/wp-json\/wp\/v2\/media?parent=1616"}],"wp:term":[{"taxonomy":"product_brand","embeddable":true,"href":"https:\/\/www.jyiele.com\/da\/wp-json\/wp\/v2\/product_brand?post=1616"},{"taxonomy":"product_cat","embeddable":true,"href":"https:\/\/www.jyiele.com\/da\/wp-json\/wp\/v2\/product_cat?post=1616"},{"taxonomy":"product_tag","embeddable":true,"href":"https:\/\/www.jyiele.com\/da\/wp-json\/wp\/v2\/product_tag?post=1616"}],"curies":[{"name":"wp","href":"https:\/\/api.w.org\/{rel}","templated":true}]}}