{"id":1627,"date":"2023-10-01T05:58:51","date_gmt":"2023-10-01T05:58:51","guid":{"rendered":"https:\/\/www.jy-electric.com\/?post_type=product&#038;p=1627"},"modified":"2024-10-09T13:07:14","modified_gmt":"2024-10-09T13:07:14","slug":"shear-bolt-connector","status":"publish","type":"product","link":"https:\/\/www.jyiele.com\/da\/product\/shear-bolt-connector\/","title":{"rendered":"BSM-serien af aluminiumsstik med forskydningsbolt"},"content":{"rendered":"<p>Forskydningsstik er designet til at optimere forbindelsen mellem lederen og enheden. Forskydningsboltmekanismen sikrer en stabil og p\u00e5lidelig fastg\u00f8relse med h\u00f8jere installationseffektivitet og ensartet forskydningsmoment sammenlignet med traditionelle krympemetoder. R\u00f8rlegemet er fremstillet af en fortinnet aluminiumslegering med et rillet inderv\u00e6gsdesign, der hj\u00e6lper med at forbedre de elektriske og mekaniske egenskaber og samtidig reducerer behovet for manuel h\u00e5ndtering.<\/p>\n<p>Aluminiumslegeringen med h\u00f8j styrke er kobberbelagt og fortinnet for yderligere at forbedre lederens egnethed og holdbarhed.<\/p>\n<p>Momentbolte: Pr\u00e6cisionsfremstillet gennem CNC-bearbejdning, installationsprocessen er enkel og kan nemt sikres med et lille antal sekskantbolte.<\/p>\n<h2>Beskrivelse af komponenten<\/h2>\n<p>Hoveddel: lavet af aluminiumslegering af h\u00f8j kvalitet, gennem smedeproces og tinbel\u00e6gningsbehandling, tykkelsen af bel\u00e6gningen er mere end 7 \u03bcm.<br \/>\nMomentbolt (forskydningsbolt): CNC-drejeb\u00e6nk, h\u00f8j pr\u00e6cision.<br \/>\nMellemliggende ledeplade: Produkterne er opdelt i olieblokerende type og ikke-olieblokerende type, den olieblokerende type er udstyret med ledeplade.<br \/>\nKrympning: Fra og med BSM-500\/630-modellen eliminerer forbindelsesr\u00f8ret crimp-designet.<\/p>\n<h2>Strukturelle egenskaber<\/h2>\n<p>Bredt anvendelsesomr\u00e5de: Underst\u00f8tter ledere i omr\u00e5det 10 mm\u00b2 til 1000 mm\u00b2 og er velegnet til en lang r\u00e6kke ledertyper og -materialer;<br \/>\nHoldbart design: velegnet til tilbeh\u00f8r til h\u00f8jsp\u00e6ndingskabler p\u00e5 op til 42 kV;<br \/>\nP\u00e5lidelig forbindelse: Lederne er fastgjort i samlingsr\u00f8ret ved hj\u00e6lp af forsp\u00e6ndte skruer for at sikre fast kontakt;<br \/>\nNem installation: Det kompakte design g\u00f8r det nemt at installere med en almindelig topn\u00f8gle;<br \/>\nInstallationsvejledning: Der kr\u00e6ves ikke specialv\u00e6rkt\u00f8j til installationen, blot en almindelig topn\u00f8gle. Hvert stik eller kabelsko leveres med en detaljeret installationsvejledning, og det dobbelte boltedesign sikrer en sikker og stabil forbindelse. For at undg\u00e5, at lederen b\u00f8jes, anbefales det at bruge det matchende st\u00f8ttev\u00e6rkt\u00f8j.<\/p>\n<h4 class=\"wp-block-heading\"><strong>Tabel over parametre for forskydningsbolte<\/strong><\/h4>\n<figure class=\"wp-block-image size-full is-resized\"><img fetchpriority=\"high\" decoding=\"async\" class=\"alignnone wp-image-1634 size-full\" src=\"https:\/\/www.jy-electric.com\/wp-content\/uploads\/2024\/10\/Shear-Bolt-Connector-Parameter-Table.webp\" alt=\"Tabel over parametre for forskydningsbolte\" width=\"660\" height=\"254\" srcset=\"https:\/\/www.jyiele.com\/wp-content\/uploads\/2024\/10\/Shear-Bolt-Connector-Parameter-Table.webp 660w, https:\/\/www.jyiele.com\/wp-content\/uploads\/2024\/10\/Shear-Bolt-Connector-Parameter-Table-300x115.webp 300w, https:\/\/www.jyiele.com\/wp-content\/uploads\/2024\/10\/Shear-Bolt-Connector-Parameter-Table-18x7.webp 18w, https:\/\/www.jyiele.com\/wp-content\/uploads\/2024\/10\/Shear-Bolt-Connector-Parameter-Table-600x231.webp 600w\" sizes=\"(max-width: 660px) 100vw, 660px\" \/><\/figure>\n<figure class=\"wp-block-table\">\n<div class=\"scroll\">\n<table>\n<tbody>\n<tr>\n<td rowspan=\"2\">TYPE<\/td>\n<td rowspan=\"2\">Tr\u00e5dkryds<br \/>\nsektion mm\u00b2<\/td>\n<td rowspan=\"2\">Med central<br \/>\nbarriere<br \/>\n(ja\/nej)<\/td>\n<td colspan=\"4\">Dimensio n (mm)<\/td>\n<td rowspan=\"2\">Antal af<br \/>\nBolt<\/td>\n<td>Bolthoved<br \/>\nSpecifikationer<\/td>\n<\/tr>\n<tr>\n<td>L1<\/td>\n<td>D2<\/td>\n<td>D1<\/td>\n<td>D2<\/td>\n<td>AF(mm)<\/td>\n<\/tr>\n<tr>\n<td>BSM-10\/35<\/td>\n<td>10-35<\/td>\n<td>Ja<\/td>\n<td>45<\/td>\n<td>20<\/td>\n<td>19<\/td>\n<td>8.5<\/td>\n<td>2<\/td>\n<td>10<\/td>\n<\/tr>\n<tr>\n<td>BSM-25\/95<\/td>\n<td>25-95<\/td>\n<td>Ja<\/td>\n<td>65<\/td>\n<td>30<\/td>\n<td>24<\/td>\n<td>12.8<\/td>\n<td>2<\/td>\n<td>13<\/td>\n<\/tr>\n<tr>\n<td>BSMU-25\/95<\/td>\n<td>25-95<\/td>\n<td>nej<\/td>\n<td>65<\/td>\n<td><\/td>\n<td>24<\/td>\n<td>12.8<\/td>\n<td>2<\/td>\n<td>13<\/td>\n<\/tr>\n<tr>\n<td>BSM-35\/150<\/td>\n<td>35-150<\/td>\n<td>Ja<\/td>\n<td>80<\/td>\n<td>35<\/td>\n<td>28<\/td>\n<td>15.8<\/td>\n<td>2<\/td>\n<td>17<\/td>\n<\/tr>\n<tr>\n<td>BSMU-35\/150<\/td>\n<td>35-150<\/td>\n<td>nej<\/td>\n<td>80<\/td>\n<td><\/td>\n<td>28<\/td>\n<td>15.8<\/td>\n<td>2<\/td>\n<td>17<\/td>\n<\/tr>\n<tr>\n<td>BSM-95\/240<\/td>\n<td>95-240<\/td>\n<td>Ja<\/td>\n<td>125<\/td>\n<td>60<\/td>\n<td>33<\/td>\n<td>20<\/td>\n<td>4<\/td>\n<td>19<\/td>\n<\/tr>\n<tr>\n<td>BSMU-95\/240<\/td>\n<td>95-240<\/td>\n<td>nej<\/td>\n<td>125<\/td>\n<td><\/td>\n<td>33<\/td>\n<td>20<\/td>\n<td>4<\/td>\n<td>19<\/td>\n<\/tr>\n<tr>\n<td>BSM-95\/240-34<\/td>\n<td>95-240<\/td>\n<td>Ja<\/td>\n<td>125<\/td>\n<td>60<\/td>\n<td>34<\/td>\n<td>22<\/td>\n<td>4<\/td>\n<td>19<\/td>\n<\/tr>\n<tr>\n<td>BSM-120\/300<\/td>\n<td>120-300<\/td>\n<td>Ja<\/td>\n<td>140<\/td>\n<td>65<\/td>\n<td>37<\/td>\n<td>24<\/td>\n<td>4<\/td>\n<td>22<\/td>\n<\/tr>\n<tr>\n<td>BSMU-120\/300<\/td>\n<td>120-300<\/td>\n<td>nej<\/td>\n<td>140<\/td>\n<td><\/td>\n<td>37<\/td>\n<td>24<\/td>\n<td>4<\/td>\n<td>22<\/td>\n<\/tr>\n<tr>\n<td>BSM-185\/400<\/td>\n<td>185-400<\/td>\n<td>Ja<\/td>\n<td>170<\/td>\n<td>80<\/td>\n<td>42<\/td>\n<td>25.5<\/td>\n<td>6<\/td>\n<td>22<\/td>\n<\/tr>\n<tr>\n<td>BSMU-185\/400<\/td>\n<td>185-400<\/td>\n<td>nej<\/td>\n<td>170<\/td>\n<td><\/td>\n<td>42<\/td>\n<td>25.5<\/td>\n<td>6<\/td>\n<td>22<\/td>\n<\/tr>\n<tr>\n<td>BSM-500\/630<\/td>\n<td>500-630<\/td>\n<td>Ja<\/td>\n<td>200<\/td>\n<td>95<\/td>\n<td>50<\/td>\n<td>33<\/td>\n<td>6<\/td>\n<td>27<\/td>\n<\/tr>\n<tr>\n<td>BSMU-500\/630<\/td>\n<td>500-630<\/td>\n<td>nej<\/td>\n<td>200<\/td>\n<td>95<\/td>\n<td>50<\/td>\n<td>33<\/td>\n<td>6<\/td>\n<td>27<\/td>\n<\/tr>\n<tr>\n<td>BSM-800\/1000<\/td>\n<td>800-1000<\/td>\n<td>Ja<\/td>\n<td>230<\/td>\n<td>110<\/td>\n<td>60<\/td>\n<td>40.5<\/td>\n<td>8<\/td>\n<td>13<\/td>\n<\/tr>\n<\/tbody>\n<\/table>\n<\/div>\n<\/figure>\n<figure class=\"wp-block-image size-full is-resized\"><img decoding=\"async\" class=\"alignnone wp-image-1635 size-full\" src=\"https:\/\/www.jy-electric.com\/wp-content\/uploads\/2024\/10\/Shear-Bolt-Connector-Parameter.webp\" alt=\"Parameter for forskydningsboltforbindelse\" width=\"923\" height=\"321\" srcset=\"https:\/\/www.jyiele.com\/wp-content\/uploads\/2024\/10\/Shear-Bolt-Connector-Parameter.webp 923w, https:\/\/www.jyiele.com\/wp-content\/uploads\/2024\/10\/Shear-Bolt-Connector-Parameter-300x104.webp 300w, https:\/\/www.jyiele.com\/wp-content\/uploads\/2024\/10\/Shear-Bolt-Connector-Parameter-768x267.webp 768w, https:\/\/www.jyiele.com\/wp-content\/uploads\/2024\/10\/Shear-Bolt-Connector-Parameter-18x6.webp 18w, https:\/\/www.jyiele.com\/wp-content\/uploads\/2024\/10\/Shear-Bolt-Connector-Parameter-600x209.webp 600w\" sizes=\"(max-width: 923px) 100vw, 923px\" \/><\/figure>\n<figure class=\"wp-block-table\">\n<div class=\"scroll\">\n<table>\n<tbody>\n<tr>\n<td rowspan=\"2\">TYPE<\/td>\n<td colspan=\"2\">Lederens tv\u00e6rsnit<br \/>\nareal mm?<\/td>\n<td rowspan=\"2\">Med central<br \/>\nbarriere<br \/>\n(ja\/nej)<\/td>\n<td colspan=\"5\">St\u00f8rrelse (mm)<\/td>\n<td colspan=\"2\">Antal bolte<\/td>\n<td colspan=\"2\">Specifikation af bolthoved<br \/>\nAF(mm )<\/td>\n<\/tr>\n<tr>\n<td>Hovedlinje<\/td>\n<td>Forgrening<\/td>\n<td>\u00a0\u00a0\u00a0L<\/td>\n<td>D1<\/td>\n<td>D2<\/td>\n<td>D3<\/td>\n<td>D4<\/td>\n<td>Hovedlinje<\/td>\n<td>Gren<br \/>\nlinje<\/td>\n<td>Hovedlinje<\/td>\n<td>Gren<br \/>\nlinje<\/td>\n<\/tr>\n<tr>\n<td>BSMB 25\/95-95\/240<\/td>\n<td>95-240<\/td>\n<td>25-95<\/td>\n<td>Ja<\/td>\n<td>125<\/td>\n<td>24<\/td>\n<td>33<\/td>\n<td>33<\/td>\n<td>20<\/td>\n<td>2<\/td>\n<td>1<\/td>\n<td>19<\/td>\n<td>13<\/td>\n<\/tr>\n<tr>\n<td>BSMB 95\/240-185\/400<\/td>\n<td>185-400<\/td>\n<td>95-240<\/td>\n<td>Ja<\/td>\n<td>170<\/td>\n<td>33<\/td>\n<td>42<\/td>\n<td>42<\/td>\n<td>25.5<\/td>\n<td>3<\/td>\n<td>2<\/td>\n<td>22<\/td>\n<td>19<\/td>\n<\/tr>\n<tr>\n<td>BSMB 185\/400-500<\/td>\n<td>500<\/td>\n<td>185-400<\/td>\n<td>Ja<\/td>\n<td>190<\/td>\n<td>42<\/td>\n<td>25.5<\/td>\n<td>46<\/td>\n<td>30<\/td>\n<td>3<\/td>\n<td>3<\/td>\n<td>27<\/td>\n<td>22<\/td>\n<\/tr>\n<tr>\n<td>BSMB 185\/400-630<\/td>\n<td>630<\/td>\n<td>185-400<\/td>\n<td>Ja<\/td>\n<td>200<\/td>\n<td>42<\/td>\n<td>50<\/td>\n<td>50<\/td>\n<td>33<\/td>\n<td>3<\/td>\n<td>3<\/td>\n<td>27<\/td>\n<td>22<\/td>\n<\/tr>\n<tr>\n<td>BSMB 500-800<\/td>\n<td>800<\/td>\n<td>500<\/td>\n<td>Ja<\/td>\n<td>180<\/td>\n<td>46<\/td>\n<td>56<\/td>\n<td>56<\/td>\n<td>36<\/td>\n<td>4<\/td>\n<td>3<\/td>\n<td>13<\/td>\n<td>13<\/td>\n<\/tr>\n<tr>\n<td>BSMB 630-800<\/td>\n<td>800<\/td>\n<td>630<\/td>\n<td>Ja<\/td>\n<td>180<\/td>\n<td>50<\/td>\n<td>56<\/td>\n<td>56<\/td>\n<td>36<\/td>\n<td>4<\/td>\n<td>3<\/td>\n<td>13<\/td>\n<td>13<\/td>\n<\/tr>\n<tr>\n<td>BSMB 630-1000<\/td>\n<td>1000<\/td>\n<td>630<\/td>\n<td>Ja<\/td>\n<td>180<\/td>\n<td>50<\/td>\n<td>60<\/td>\n<td>60<\/td>\n<td>40<\/td>\n<td>4<\/td>\n<td>3<\/td>\n<td>13<\/td>\n<td>13<\/td>\n<\/tr>\n<tr>\n<td>BSMB 800-1000<\/td>\n<td>1000<\/td>\n<td>800<\/td>\n<td>Ja<\/td>\n<td>180<\/td>\n<td>56<\/td>\n<td>60<\/td>\n<td>60<\/td>\n<td>40<\/td>\n<td>4<\/td>\n<td>3<\/td>\n<td>13<\/td>\n<td>13<\/td>\n<\/tr>\n<tr>\n<td>BSMB 95\/240-34-120\/300<\/td>\n<td>120-300<\/td>\n<td>95-240<\/td>\n<td>Ja<\/td>\n<td>140<\/td>\n<td>34<\/td>\n<td>22<\/td>\n<td>37<\/td>\n<td>24<\/td>\n<td>2<\/td>\n<td>2<\/td>\n<td>22<\/td>\n<td>19<\/td>\n<\/tr>\n<tr>\n<td>BSMB 95\/240-34-500<\/td>\n<td>500<\/td>\n<td>95-240<\/td>\n<td>Ja<\/td>\n<td>160<\/td>\n<td>34<\/td>\n<td>22<\/td>\n<td>46<\/td>\n<td>30<\/td>\n<td>3<\/td>\n<td>2<\/td>\n<td>19<\/td>\n<td>13<\/td>\n<\/tr>\n<\/tbody>\n<\/table>\n<\/div>\n<\/figure>\n<h4 class=\"wp-block-heading\"><strong>S\u00e5dan klipper du kabler korrekt<\/strong><\/h4>\n<p>N\u00e5r du monterer splejsningen, skal du s\u00f8rge for at s\u00e6tte ledningen helt ind i r\u00f8rhullet: der m\u00e5 ikke v\u00e6re noget mellemrum mellem kablet og splejsningen.<\/p>\n<figure class=\"wp-block-gallery has-nested-images columns-default is-cropped wp-block-gallery-1 is-layout-flex wp-block-gallery-is-layout-flex\">\n<figure class=\"wp-block-image size-large\"><img decoding=\"async\" class=\"alignnone wp-image-1631 size-full\" src=\"https:\/\/www.jy-electric.com\/wp-content\/uploads\/2024\/10\/installing-splice-connector.webp\" alt=\"Installation af splejsestik\" width=\"1024\" height=\"191\" srcset=\"https:\/\/www.jyiele.com\/wp-content\/uploads\/2024\/10\/installing-splice-connector.webp 1024w, https:\/\/www.jyiele.com\/wp-content\/uploads\/2024\/10\/installing-splice-connector-300x56.webp 300w, https:\/\/www.jyiele.com\/wp-content\/uploads\/2024\/10\/installing-splice-connector-768x143.webp 768w, https:\/\/www.jyiele.com\/wp-content\/uploads\/2024\/10\/installing-splice-connector-18x3.webp 18w, https:\/\/www.jyiele.com\/wp-content\/uploads\/2024\/10\/installing-splice-connector-600x112.webp 600w\" sizes=\"(max-width: 1024px) 100vw, 1024px\" \/><\/figure>\n<\/figure>","protected":false},"excerpt":{"rendered":"<p>BSM Shear Bolt Connectors best\u00e5r af en tinbelagt aluminiumslegering, et shearbolthoved og en indsats og er velegnet til at forbinde sm\u00e5 ledere. Boltene er fremstillet af en s\u00e6rlig aluminiumslegering med h\u00f8j styrke, dobbelt forskydning og sekskantet hoved, og de er smurt for at sikre en problemfri montering. Boltens hoved klipper automatisk af, n\u00e5r det indstillede moment er n\u00e5et, hvilket sikrer, at den ikke kan afmonteres, og dermed \u00f8ger sikkerheden. Kabelskoens krop er ogs\u00e5 lavet af fortinnet aluminiumslegering med riller p\u00e5 indersiden af lederhullerne for at forbedre kontaktstabiliteten.<\/p>","protected":false},"featured_media":1630,"template":"","meta":{"site-sidebar-layout":"default","site-content-layout":"","ast-site-content-layout":"default","site-content-style":"default","site-sidebar-style":"default","ast-global-header-display":"","ast-banner-title-visibility":"","ast-main-header-display":"","ast-hfb-above-header-display":"","ast-hfb-below-header-display":"","ast-hfb-mobile-header-display":"","site-post-title":"","ast-breadcrumbs-content":"","ast-featured-img":"","footer-sml-layout":"","ast-disable-related-posts":"","theme-transparent-header-meta":"default","adv-header-id-meta":"","stick-header-meta":"","header-above-stick-meta":"","header-main-stick-meta":"","header-below-stick-meta":"","astra-migrate-meta-layouts":"set","ast-page-background-enabled":"default","ast-page-background-meta":{"desktop":{"background-color":"var(--ast-global-color-4)","background-image":"","background-repeat":"repeat","background-position":"center center","background-size":"auto","background-attachment":"scroll","background-type":"","background-media":"","overlay-type":"","overlay-color":"","overlay-opacity":"","overlay-gradient":""},"tablet":{"background-color":"","background-image":"","background-repeat":"repeat","background-position":"center center","background-size":"auto","background-attachment":"scroll","background-type":"","background-media":"","overlay-type":"","overlay-color":"","overlay-opacity":"","overlay-gradient":""},"mobile":{"background-color":"","background-image":"","background-repeat":"repeat","background-position":"center center","background-size":"auto","background-attachment":"scroll","background-type":"","background-media":"","overlay-type":"","overlay-color":"","overlay-opacity":"","overlay-gradient":""}},"ast-content-background-meta":{"desktop":{"background-color":"var(--ast-global-color-5)","background-image":"","background-repeat":"repeat","background-position":"center center","background-size":"auto","background-attachment":"scroll","background-type":"","background-media":"","overlay-type":"","overlay-color":"","overlay-opacity":"","overlay-gradient":""},"tablet":{"background-color":"var(--ast-global-color-5)","background-image":"","background-repeat":"repeat","background-position":"center center","background-size":"auto","background-attachment":"scroll","background-type":"","background-media":"","overlay-type":"","overlay-color":"","overlay-opacity":"","overlay-gradient":""},"mobile":{"background-color":"var(--ast-global-color-5)","background-image":"","background-repeat":"repeat","background-position":"center center","background-size":"auto","background-attachment":"scroll","background-type":"","background-media":"","overlay-type":"","overlay-color":"","overlay-opacity":"","overlay-gradient":""}}},"product_brand":[],"product_cat":[21],"product_tag":[],"class_list":{"0":"post-1627","1":"product","2":"type-product","3":"status-publish","4":"has-post-thumbnail","6":"product_cat-power-fittings","7":"desktop-align-left","8":"tablet-align-left","9":"mobile-align-left","11":"first","12":"instock","13":"shipping-taxable","14":"product-type-simple"},"yoast_head":"<!-- This site is optimized with the Yoast SEO plugin v24.8.1 - https:\/\/yoast.com\/wordpress\/plugins\/seo\/ -->\n<title>China Aluminum Shear Bolt Connector Manufacturers &amp; Suppliers - JYIELE<\/title>\n<meta name=\"description\" content=\"JYIELE&#039;s shear stud connectors are made of high-strength tinned aluminum alloy to ensure stable electrical performance, easy and efficient installation, and are suitable for a wide range of wire sizes.\" \/>\n<meta name=\"robots\" content=\"index, follow, max-snippet:-1, max-image-preview:large, max-video-preview:-1\" \/>\n<link rel=\"canonical\" href=\"https:\/\/www.jyiele.com\/da\/product\/shear-bolt-connector\/\" \/>\n<meta property=\"og:locale\" content=\"da_DK\" \/>\n<meta property=\"og:type\" content=\"article\" \/>\n<meta property=\"og:title\" content=\"China Aluminum Shear Bolt Connector Manufacturers &amp; Suppliers - JYIELE\" \/>\n<meta property=\"og:description\" content=\"JYIELE&#039;s shear stud connectors are made of high-strength tinned aluminum alloy to ensure stable electrical performance, easy and efficient installation, and are suitable for a wide range of wire sizes.\" \/>\n<meta property=\"og:url\" content=\"https:\/\/www.jyiele.com\/da\/product\/shear-bolt-connector\/\" \/>\n<meta property=\"og:site_name\" content=\"JYIELE\" \/>\n<meta property=\"article:modified_time\" content=\"2024-10-09T13:07:14+00:00\" \/>\n<meta property=\"og:image\" content=\"https:\/\/www.jyiele.com\/wp-content\/uploads\/2024\/10\/Aluminum-Shear-Bolt-Connector.webp\" \/>\n\t<meta property=\"og:image:width\" content=\"800\" \/>\n\t<meta property=\"og:image:height\" content=\"800\" \/>\n\t<meta property=\"og:image:type\" content=\"image\/webp\" \/>\n<meta name=\"twitter:card\" content=\"summary_large_image\" \/>\n<meta name=\"twitter:label1\" content=\"Estimeret l\u00e6setid\" \/>\n\t<meta name=\"twitter:data1\" content=\"4 minutter\" \/>\n<script type=\"application\/ld+json\" class=\"yoast-schema-graph\">{\"@context\":\"https:\/\/schema.org\",\"@graph\":[{\"@type\":\"WebPage\",\"@id\":\"https:\/\/www.jyiele.com\/product\/shear-bolt-connector\/\",\"url\":\"https:\/\/www.jyiele.com\/product\/shear-bolt-connector\/\",\"name\":\"China Aluminum Shear Bolt Connector Manufacturers & Suppliers - JYIELE\",\"isPartOf\":{\"@id\":\"https:\/\/www.jyiele.com\/#website\"},\"primaryImageOfPage\":{\"@id\":\"https:\/\/www.jyiele.com\/product\/shear-bolt-connector\/#primaryimage\"},\"image\":{\"@id\":\"https:\/\/www.jyiele.com\/product\/shear-bolt-connector\/#primaryimage\"},\"thumbnailUrl\":\"https:\/\/www.jyiele.com\/wp-content\/uploads\/2024\/10\/Aluminum-Shear-Bolt-Connector.webp\",\"datePublished\":\"2023-10-01T05:58:51+00:00\",\"dateModified\":\"2024-10-09T13:07:14+00:00\",\"description\":\"JYIELE's shear stud connectors are made of high-strength tinned aluminum alloy to ensure stable electrical performance, easy and efficient installation, and are suitable for a wide range of wire sizes.\",\"breadcrumb\":{\"@id\":\"https:\/\/www.jyiele.com\/product\/shear-bolt-connector\/#breadcrumb\"},\"inLanguage\":\"da-DK\",\"potentialAction\":[{\"@type\":\"ReadAction\",\"target\":[\"https:\/\/www.jyiele.com\/product\/shear-bolt-connector\/\"]}]},{\"@type\":\"ImageObject\",\"inLanguage\":\"da-DK\",\"@id\":\"https:\/\/www.jyiele.com\/product\/shear-bolt-connector\/#primaryimage\",\"url\":\"https:\/\/www.jyiele.com\/wp-content\/uploads\/2024\/10\/Aluminum-Shear-Bolt-Connector.webp\",\"contentUrl\":\"https:\/\/www.jyiele.com\/wp-content\/uploads\/2024\/10\/Aluminum-Shear-Bolt-Connector.webp\",\"width\":800,\"height\":800,\"caption\":\"Aluminum Shear Bolt Connector\"},{\"@type\":\"BreadcrumbList\",\"@id\":\"https:\/\/www.jyiele.com\/product\/shear-bolt-connector\/#breadcrumb\",\"itemListElement\":[{\"@type\":\"ListItem\",\"position\":1,\"name\":\"Home\",\"item\":\"https:\/\/www.jyiele.com\/\"},{\"@type\":\"ListItem\",\"position\":2,\"name\":\"Product\",\"item\":\"https:\/\/www.jyiele.com\/product\/\"},{\"@type\":\"ListItem\",\"position\":3,\"name\":\"Power Fittings\",\"item\":\"https:\/\/www.jyiele.com\/product-category\/power-fittings\/\"},{\"@type\":\"ListItem\",\"position\":4,\"name\":\"BSM Series Aluminum Shear Bolt Connector\"}]},{\"@type\":\"WebSite\",\"@id\":\"https:\/\/www.jyiele.com\/#website\",\"url\":\"https:\/\/www.jyiele.com\/\",\"name\":\"JYIELE\",\"description\":\"Vacuum Circuit Breaker manufacturer\",\"publisher\":{\"@id\":\"https:\/\/www.jyiele.com\/#organization\"},\"potentialAction\":[{\"@type\":\"SearchAction\",\"target\":{\"@type\":\"EntryPoint\",\"urlTemplate\":\"https:\/\/www.jyiele.com\/?s={search_term_string}\"},\"query-input\":{\"@type\":\"PropertyValueSpecification\",\"valueRequired\":true,\"valueName\":\"search_term_string\"}}],\"inLanguage\":\"da-DK\"},{\"@type\":\"Organization\",\"@id\":\"https:\/\/www.jyiele.com\/#organization\",\"name\":\"JYIELE\",\"url\":\"https:\/\/www.jyiele.com\/\",\"logo\":{\"@type\":\"ImageObject\",\"inLanguage\":\"da-DK\",\"@id\":\"https:\/\/www.jyiele.com\/#\/schema\/logo\/image\/\",\"url\":\"https:\/\/www.jyiele.com\/wp-content\/uploads\/2024\/09\/cropped-jyele-1.webp\",\"contentUrl\":\"https:\/\/www.jyiele.com\/wp-content\/uploads\/2024\/09\/cropped-jyele-1.webp\",\"width\":137,\"height\":60,\"caption\":\"JYIELE\"},\"image\":{\"@id\":\"https:\/\/www.jyiele.com\/#\/schema\/logo\/image\/\"}}]}<\/script>\n<!-- \/ Yoast SEO plugin. -->","yoast_head_json":{"title":"Kina producenter og leverand\u00f8rer af forskydningsbolte i aluminium - JYIELE","description":"JYIELEs shear stud-stik er lavet af en fortinnet aluminiumslegering med h\u00f8j styrke for at sikre stabil elektrisk ydeevne, nem og effektiv installation og er velegnet til en bred vifte af ledningsst\u00f8rrelser.","robots":{"index":"index","follow":"follow","max-snippet":"max-snippet:-1","max-image-preview":"max-image-preview:large","max-video-preview":"max-video-preview:-1"},"canonical":"https:\/\/www.jyiele.com\/da\/product\/shear-bolt-connector\/","og_locale":"da_DK","og_type":"article","og_title":"China Aluminum Shear Bolt Connector Manufacturers & Suppliers - JYIELE","og_description":"JYIELE's shear stud connectors are made of high-strength tinned aluminum alloy to ensure stable electrical performance, easy and efficient installation, and are suitable for a wide range of wire sizes.","og_url":"https:\/\/www.jyiele.com\/da\/product\/shear-bolt-connector\/","og_site_name":"JYIELE","article_modified_time":"2024-10-09T13:07:14+00:00","og_image":[{"width":800,"height":800,"url":"https:\/\/www.jyiele.com\/wp-content\/uploads\/2024\/10\/Aluminum-Shear-Bolt-Connector.webp","type":"image\/webp"}],"twitter_card":"summary_large_image","twitter_misc":{"Estimeret l\u00e6setid":"4 minutter"},"schema":{"@context":"https:\/\/schema.org","@graph":[{"@type":"WebPage","@id":"https:\/\/www.jyiele.com\/product\/shear-bolt-connector\/","url":"https:\/\/www.jyiele.com\/product\/shear-bolt-connector\/","name":"Kina producenter og leverand\u00f8rer af forskydningsbolte i aluminium - JYIELE","isPartOf":{"@id":"https:\/\/www.jyiele.com\/#website"},"primaryImageOfPage":{"@id":"https:\/\/www.jyiele.com\/product\/shear-bolt-connector\/#primaryimage"},"image":{"@id":"https:\/\/www.jyiele.com\/product\/shear-bolt-connector\/#primaryimage"},"thumbnailUrl":"https:\/\/www.jyiele.com\/wp-content\/uploads\/2024\/10\/Aluminum-Shear-Bolt-Connector.webp","datePublished":"2023-10-01T05:58:51+00:00","dateModified":"2024-10-09T13:07:14+00:00","description":"JYIELEs shear stud-stik er lavet af en fortinnet aluminiumslegering med h\u00f8j styrke for at sikre stabil elektrisk ydeevne, nem og effektiv installation og er velegnet til en bred vifte af ledningsst\u00f8rrelser.","breadcrumb":{"@id":"https:\/\/www.jyiele.com\/product\/shear-bolt-connector\/#breadcrumb"},"inLanguage":"da-DK","potentialAction":[{"@type":"ReadAction","target":["https:\/\/www.jyiele.com\/product\/shear-bolt-connector\/"]}]},{"@type":"ImageObject","inLanguage":"da-DK","@id":"https:\/\/www.jyiele.com\/product\/shear-bolt-connector\/#primaryimage","url":"https:\/\/www.jyiele.com\/wp-content\/uploads\/2024\/10\/Aluminum-Shear-Bolt-Connector.webp","contentUrl":"https:\/\/www.jyiele.com\/wp-content\/uploads\/2024\/10\/Aluminum-Shear-Bolt-Connector.webp","width":800,"height":800,"caption":"Aluminum Shear Bolt Connector"},{"@type":"BreadcrumbList","@id":"https:\/\/www.jyiele.com\/product\/shear-bolt-connector\/#breadcrumb","itemListElement":[{"@type":"ListItem","position":1,"name":"Home","item":"https:\/\/www.jyiele.com\/"},{"@type":"ListItem","position":2,"name":"Product","item":"https:\/\/www.jyiele.com\/product\/"},{"@type":"ListItem","position":3,"name":"Power Fittings","item":"https:\/\/www.jyiele.com\/product-category\/power-fittings\/"},{"@type":"ListItem","position":4,"name":"BSM Series Aluminum Shear Bolt Connector"}]},{"@type":"WebSite","@id":"https:\/\/www.jyiele.com\/#website","url":"https:\/\/www.jyiele.com\/","name":"JYIELE","description":"Producent af vakuumafbrydere","publisher":{"@id":"https:\/\/www.jyiele.com\/#organization"},"potentialAction":[{"@type":"SearchAction","target":{"@type":"EntryPoint","urlTemplate":"https:\/\/www.jyiele.com\/?s={search_term_string}"},"query-input":{"@type":"PropertyValueSpecification","valueRequired":true,"valueName":"search_term_string"}}],"inLanguage":"da-DK"},{"@type":"Organization","@id":"https:\/\/www.jyiele.com\/#organization","name":"JYIELE","url":"https:\/\/www.jyiele.com\/","logo":{"@type":"ImageObject","inLanguage":"da-DK","@id":"https:\/\/www.jyiele.com\/#\/schema\/logo\/image\/","url":"https:\/\/www.jyiele.com\/wp-content\/uploads\/2024\/09\/cropped-jyele-1.webp","contentUrl":"https:\/\/www.jyiele.com\/wp-content\/uploads\/2024\/09\/cropped-jyele-1.webp","width":137,"height":60,"caption":"JYIELE"},"image":{"@id":"https:\/\/www.jyiele.com\/#\/schema\/logo\/image\/"}}]}},"_links":{"self":[{"href":"https:\/\/www.jyiele.com\/da\/wp-json\/wp\/v2\/product\/1627","targetHints":{"allow":["GET"]}}],"collection":[{"href":"https:\/\/www.jyiele.com\/da\/wp-json\/wp\/v2\/product"}],"about":[{"href":"https:\/\/www.jyiele.com\/da\/wp-json\/wp\/v2\/types\/product"}],"version-history":[{"count":3,"href":"https:\/\/www.jyiele.com\/da\/wp-json\/wp\/v2\/product\/1627\/revisions"}],"predecessor-version":[{"id":1629,"href":"https:\/\/www.jyiele.com\/da\/wp-json\/wp\/v2\/product\/1627\/revisions\/1629"}],"wp:featuredmedia":[{"embeddable":true,"href":"https:\/\/www.jyiele.com\/da\/wp-json\/wp\/v2\/media\/1630"}],"wp:attachment":[{"href":"https:\/\/www.jyiele.com\/da\/wp-json\/wp\/v2\/media?parent=1627"}],"wp:term":[{"taxonomy":"product_brand","embeddable":true,"href":"https:\/\/www.jyiele.com\/da\/wp-json\/wp\/v2\/product_brand?post=1627"},{"taxonomy":"product_cat","embeddable":true,"href":"https:\/\/www.jyiele.com\/da\/wp-json\/wp\/v2\/product_cat?post=1627"},{"taxonomy":"product_tag","embeddable":true,"href":"https:\/\/www.jyiele.com\/da\/wp-json\/wp\/v2\/product_tag?post=1627"}],"curies":[{"name":"wp","href":"https:\/\/api.w.org\/{rel}","templated":true}]}}