{"id":1654,"date":"2024-11-03T08:03:27","date_gmt":"2024-11-03T08:03:27","guid":{"rendered":"https:\/\/www.jy-electric.com\/?post_type=product&#038;p=1654"},"modified":"2025-03-09T11:43:21","modified_gmt":"2025-03-09T11:43:21","slug":"mc4-branch-connector","status":"publish","type":"product","link":"https:\/\/www.jyiele.com\/da\/product\/mc4-branch-connector\/","title":{"rendered":"Mc4 Branch Connector Et par Male Female 1000V 1500V DC 50Amp en ind fire ud solsystem vandt\u00e6t"},"content":{"rendered":"<h2>Mc4 Branch Circuit Connector Produktbeskrivelse<\/h2>\n<p><strong>PPO-materiale af h\u00f8j kvalitet<\/strong><br \/>\nDer anvendes holdbart PPO-materiale med str\u00e5lingsmodstand, lav temperatur, h\u00f8j temperatur, slagfasthed, flammeh\u00e6mmende og fremragende vandt\u00e6t ydeevne, der er velegnet til en r\u00e6kke barske milj\u00f8er.<\/p>\n<p><strong>T2 kobberleder<\/strong><br \/>\nUdstyret med U-type eller O-type valgfri \u00e5ben kobberleder, kobber tin eller kobber s\u00f8lvbel\u00e6gning behandling, med fremragende slidstyrke, korrosionsbestandighed, oxidationsmodstand, lav modstand og st\u00e6rk ledningsevne.<\/p>\n<p><strong>Vandt\u00e6t ring med h\u00f8j styrke<\/strong><br \/>\nBrug af vandt\u00e6t ring med h\u00f8j styrke indlejret i silikone for at sikre vandt\u00e6t og st\u00f8vt\u00e6t, for at opn\u00e5 IP68-beskyttelsesniveau, for at sikre, at stikket stadig kan betjenes sikkert under ugunstige forhold.<\/p>\n<p><strong>Selvl\u00e5sende struktur<\/strong><br \/>\nHan- og hunforbindelserne har en stabil selvl\u00e5sende struktur, som giver en st\u00e6rk forbindelse og let kan \u00e5bnes og lukkes, hvilket sikrer nem installation og demontering.<\/p>\n<p><strong>Integreret vandt\u00e6t struktur<\/strong><br \/>\nEnkelt strukturelt design, bedre vandt\u00e6thed, nem og hurtig montering.<\/p>\n<h2>Produktparametre<\/h2>\n<figure class=\"wp-block-table\">\n<div class=\"scroll\">\n<table>\n<tbody>\n<tr>\n<td>Serienummer<\/td>\n<td>Parameter<\/td>\n<td>Parameter<\/td>\n<\/tr>\n<tr>\n<td>1<\/td>\n<td>Type<\/td>\n<td>Solcelle-sikringsstik<\/td>\n<\/tr>\n<tr>\n<td>2<\/td>\n<td>Nominel sp\u00e6nding<\/td>\n<td>1000V \/ 1500V J\u00c6VNSTR\u00d8M<\/td>\n<\/tr>\n<tr>\n<td>3<\/td>\n<td>Nominel str\u00f8m<\/td>\n<td>2A-45A<\/td>\n<\/tr>\n<tr>\n<td>4<\/td>\n<td>Testsp\u00e6nding<\/td>\n<td>8000V(50Hz,1min)<\/td>\n<\/tr>\n<tr>\n<td>5<\/td>\n<td>Temperaturomr\u00e5de<\/td>\n<td>-40\u00b0C ...+90\u00b0C<\/td>\n<\/tr>\n<tr>\n<td>6<\/td>\n<td>\u00d8vre gr\u00e6nsetemperatur<\/td>\n<td>+105\u00b0C<\/td>\n<\/tr>\n<tr>\n<td>7<\/td>\n<td>Grad af beskyttelse<\/td>\n<td>IP2X\/ IP68<\/td>\n<\/tr>\n<tr>\n<td>8<\/td>\n<td>Kontaktmodstand for stikforbindelser<\/td>\n<td>0,5 m\u03a9<\/td>\n<\/tr>\n<tr>\n<td>9<\/td>\n<td>Sikkerhedsklasse<\/td>\n<td>\u2161<\/td>\n<\/tr>\n<tr>\n<td>10<\/td>\n<td>Kontaktmateriale<\/td>\n<td>Kobber, tinbelagt<\/td>\n<\/tr>\n<tr>\n<td>11<\/td>\n<td>Isolationsmateriale<\/td>\n<td>PPO<\/td>\n<\/tr>\n<tr>\n<td>12<\/td>\n<td>Tilbagetr\u00e6kningskraft\/indf\u00f8ringskraft<\/td>\n<td>\u226550N\/\u226450N<\/td>\n<\/tr>\n<tr>\n<td>13<\/td>\n<td>L\u00e5sesystem<\/td>\n<td>Snap-in<\/td>\n<\/tr>\n<tr>\n<td>14<\/td>\n<td>Flamme-klasse<\/td>\n<td>UL-94-V0<\/td>\n<\/tr>\n<tr>\n<td>15<\/td>\n<td>Modelnummer<\/td>\n<td>RMC4.0-T4<\/td>\n<\/tr>\n<tr>\n<td>16<\/td>\n<td>K\u00f8n<\/td>\n<td>Kvinde \/ mand<\/td>\n<\/tr>\n<tr>\n<td>17<\/td>\n<td>Anvendelse<\/td>\n<td>Stik til solcellekabel<\/td>\n<\/tr>\n<tr>\n<td>18<\/td>\n<td>Type<\/td>\n<td>ADAPTER<\/td>\n<\/tr>\n<\/tbody>\n<\/table>\n<\/div>\n<\/figure>\n<h4 class=\"wp-block-heading\"><\/h4>\n<h2>Hvorfor v\u00e6lge os?<\/h2>\n<p><strong>Strukturelle fordele<\/strong><br \/>\nIntegreret vandt\u00e6t design sikrer st\u00f8rre beskyttelse.<br \/>\nKompakt struktur, leder og isolering er t\u00e6t kombineret, lav indf\u00f8ringskraft, underst\u00f8tter brugen af fleksible kabler.<br \/>\nLet at samle, sparer tid.<\/p>\n<p><strong>Vandt\u00e6t klasse<\/strong><br \/>\nMed IP68-vandt\u00e6thedsgrad er den vandt\u00e6tte effekt enest\u00e5ende og velegnet til udend\u00f8rs brug.<\/p>\n<p><strong>Materiale af h\u00f8j kvalitet<\/strong><br \/>\nBrug af PPO-materiale af h\u00f8j kvalitet, h\u00f8j temperatur og korrosionsbestandigt, med god elektrisk isolering og slagfasthed.<br \/>\nT2 fortinnet kobberleder forbedrer ledningsevnen og holdbarheden yderligere.<br \/>\n<strong>Specifikationer for ledningsf\u00f8ring<\/strong><\/p>\n<p>Velegnet til kabler fra 3 mm til 7,5 mm, kompatibel med solcellekabler og elektroniske kabler med mindre diameter, fleksibel til en lang r\u00e6kke anvendelser.<\/p>","protected":false},"excerpt":{"rendered":"<p><strong>MC4-afgreningsstik<\/strong> er designet til solenergisystemer, der underst\u00f8tter h\u00f8j sp\u00e6nding og str\u00f8m og er velegnet til forskellige str\u00f8mkrav. Den er modstandsdygtig over for h\u00f8je og lave temperaturer, certificeret IP68 vandt\u00e6t og st\u00f8vt\u00e6t og kan fungere stabilt i barske milj\u00f8er. Nem installation og lav kontaktmodstand reducerer energitabet. Ved hj\u00e6lp af flammeh\u00e6mmende materialer og fortinnede kobberkontakter er den b\u00e5de sikker og holdbar, ideel til tilslutning af solcellekabler.<\/p>","protected":false},"featured_media":1657,"template":"","meta":{"site-sidebar-layout":"default","site-content-layout":"","ast-site-content-layout":"default","site-content-style":"default","site-sidebar-style":"default","ast-global-header-display":"","ast-banner-title-visibility":"","ast-main-header-display":"","ast-hfb-above-header-display":"","ast-hfb-below-header-display":"","ast-hfb-mobile-header-display":"","site-post-title":"","ast-breadcrumbs-content":"","ast-featured-img":"","footer-sml-layout":"","ast-disable-related-posts":"","theme-transparent-header-meta":"default","adv-header-id-meta":"","stick-header-meta":"","header-above-stick-meta":"","header-main-stick-meta":"","header-below-stick-meta":"","astra-migrate-meta-layouts":"set","ast-page-background-enabled":"default","ast-page-background-meta":{"desktop":{"background-color":"var(--ast-global-color-4)","background-image":"","background-repeat":"repeat","background-position":"center center","background-size":"auto","background-attachment":"scroll","background-type":"","background-media":"","overlay-type":"","overlay-color":"","overlay-opacity":"","overlay-gradient":""},"tablet":{"background-color":"","background-image":"","background-repeat":"repeat","background-position":"center center","background-size":"auto","background-attachment":"scroll","background-type":"","background-media":"","overlay-type":"","overlay-color":"","overlay-opacity":"","overlay-gradient":""},"mobile":{"background-color":"","background-image":"","background-repeat":"repeat","background-position":"center center","background-size":"auto","background-attachment":"scroll","background-type":"","background-media":"","overlay-type":"","overlay-color":"","overlay-opacity":"","overlay-gradient":""}},"ast-content-background-meta":{"desktop":{"background-color":"var(--ast-global-color-5)","background-image":"","background-repeat":"repeat","background-position":"center center","background-size":"auto","background-attachment":"scroll","background-type":"","background-media":"","overlay-type":"","overlay-color":"","overlay-opacity":"","overlay-gradient":""},"tablet":{"background-color":"var(--ast-global-color-5)","background-image":"","background-repeat":"repeat","background-position":"center center","background-size":"auto","background-attachment":"scroll","background-type":"","background-media":"","overlay-type":"","overlay-color":"","overlay-opacity":"","overlay-gradient":""},"mobile":{"background-color":"var(--ast-global-color-5)","background-image":"","background-repeat":"repeat","background-position":"center center","background-size":"auto","background-attachment":"scroll","background-type":"","background-media":"","overlay-type":"","overlay-color":"","overlay-opacity":"","overlay-gradient":""}}},"product_brand":[],"product_cat":[19],"product_tag":[],"class_list":{"0":"post-1654","1":"product","2":"type-product","3":"status-publish","4":"has-post-thumbnail","6":"product_cat-mc4-connector","7":"desktop-align-left","8":"tablet-align-left","9":"mobile-align-left","11":"first","12":"instock","13":"shipping-taxable","14":"product-type-simple"},"yoast_head":"<!-- This site is optimized with the Yoast SEO plugin v24.8.1 - https:\/\/yoast.com\/wordpress\/plugins\/seo\/ -->\n<title>China Mc4 Branch Connector Manufacturers &amp; Suppliers- JYIELE<\/title>\n<meta name=\"description\" content=\"Mc4 Branch Connector is suitable for solar energy system, high efficiency, safety, easy to install, safety and durability, source manufacturers cost-effective, come and compare prices now.\" \/>\n<meta name=\"robots\" content=\"index, follow, max-snippet:-1, max-image-preview:large, max-video-preview:-1\" \/>\n<link rel=\"canonical\" href=\"https:\/\/www.jyiele.com\/da\/product\/mc4-branch-connector\/\" \/>\n<meta property=\"og:locale\" content=\"da_DK\" \/>\n<meta property=\"og:type\" content=\"article\" \/>\n<meta property=\"og:title\" content=\"China Mc4 Branch Connector Manufacturers &amp; Suppliers- JYIELE\" \/>\n<meta property=\"og:description\" content=\"Mc4 Branch Connector is suitable for solar energy system, high efficiency, safety, easy to install, safety and durability, source manufacturers cost-effective, come and compare prices now.\" \/>\n<meta property=\"og:url\" content=\"https:\/\/www.jyiele.com\/da\/product\/mc4-branch-connector\/\" \/>\n<meta property=\"og:site_name\" content=\"JYIELE\" \/>\n<meta property=\"article:modified_time\" content=\"2025-03-09T11:43:21+00:00\" \/>\n<meta property=\"og:image\" content=\"https:\/\/www.jyiele.com\/wp-content\/uploads\/2024\/10\/Mc4-Branch-Connector.webp\" \/>\n\t<meta property=\"og:image:width\" content=\"800\" \/>\n\t<meta property=\"og:image:height\" content=\"800\" \/>\n\t<meta property=\"og:image:type\" content=\"image\/webp\" \/>\n<meta name=\"twitter:card\" content=\"summary_large_image\" \/>\n<meta name=\"twitter:label1\" content=\"Estimeret l\u00e6setid\" \/>\n\t<meta name=\"twitter:data1\" content=\"2 minutter\" \/>\n<script type=\"application\/ld+json\" class=\"yoast-schema-graph\">{\"@context\":\"https:\/\/schema.org\",\"@graph\":[{\"@type\":\"WebPage\",\"@id\":\"https:\/\/www.jyiele.com\/product\/mc4-branch-connector\/\",\"url\":\"https:\/\/www.jyiele.com\/product\/mc4-branch-connector\/\",\"name\":\"China Mc4 Branch Connector Manufacturers & Suppliers- JYIELE\",\"isPartOf\":{\"@id\":\"https:\/\/www.jyiele.com\/#website\"},\"primaryImageOfPage\":{\"@id\":\"https:\/\/www.jyiele.com\/product\/mc4-branch-connector\/#primaryimage\"},\"image\":{\"@id\":\"https:\/\/www.jyiele.com\/product\/mc4-branch-connector\/#primaryimage\"},\"thumbnailUrl\":\"https:\/\/www.jyiele.com\/wp-content\/uploads\/2024\/10\/Mc4-Branch-Connector.webp\",\"datePublished\":\"2024-11-03T08:03:27+00:00\",\"dateModified\":\"2025-03-09T11:43:21+00:00\",\"description\":\"Mc4 Branch Connector is suitable for solar energy system, high efficiency, safety, easy to install, safety and durability, source manufacturers cost-effective, come and compare prices now.\",\"breadcrumb\":{\"@id\":\"https:\/\/www.jyiele.com\/product\/mc4-branch-connector\/#breadcrumb\"},\"inLanguage\":\"da-DK\",\"potentialAction\":[{\"@type\":\"ReadAction\",\"target\":[\"https:\/\/www.jyiele.com\/product\/mc4-branch-connector\/\"]}]},{\"@type\":\"ImageObject\",\"inLanguage\":\"da-DK\",\"@id\":\"https:\/\/www.jyiele.com\/product\/mc4-branch-connector\/#primaryimage\",\"url\":\"https:\/\/www.jyiele.com\/wp-content\/uploads\/2024\/10\/Mc4-Branch-Connector.webp\",\"contentUrl\":\"https:\/\/www.jyiele.com\/wp-content\/uploads\/2024\/10\/Mc4-Branch-Connector.webp\",\"width\":800,\"height\":800,\"caption\":\"Mc4 Branch Connector\"},{\"@type\":\"BreadcrumbList\",\"@id\":\"https:\/\/www.jyiele.com\/product\/mc4-branch-connector\/#breadcrumb\",\"itemListElement\":[{\"@type\":\"ListItem\",\"position\":1,\"name\":\"Home\",\"item\":\"https:\/\/www.jyiele.com\/\"},{\"@type\":\"ListItem\",\"position\":2,\"name\":\"Product\",\"item\":\"https:\/\/www.jyiele.com\/product\/\"},{\"@type\":\"ListItem\",\"position\":3,\"name\":\"MC4 Connector\",\"item\":\"https:\/\/www.jyiele.com\/product-category\/mc4-connector\/\"},{\"@type\":\"ListItem\",\"position\":4,\"name\":\"Mc4 Branch Connector A pair of Male Female 1000V 1500V DC 50Amp one in four out solar system waterproof\"}]},{\"@type\":\"WebSite\",\"@id\":\"https:\/\/www.jyiele.com\/#website\",\"url\":\"https:\/\/www.jyiele.com\/\",\"name\":\"JYIELE\",\"description\":\"Vacuum Circuit Breaker manufacturer\",\"publisher\":{\"@id\":\"https:\/\/www.jyiele.com\/#organization\"},\"potentialAction\":[{\"@type\":\"SearchAction\",\"target\":{\"@type\":\"EntryPoint\",\"urlTemplate\":\"https:\/\/www.jyiele.com\/?s={search_term_string}\"},\"query-input\":{\"@type\":\"PropertyValueSpecification\",\"valueRequired\":true,\"valueName\":\"search_term_string\"}}],\"inLanguage\":\"da-DK\"},{\"@type\":\"Organization\",\"@id\":\"https:\/\/www.jyiele.com\/#organization\",\"name\":\"JYIELE\",\"url\":\"https:\/\/www.jyiele.com\/\",\"logo\":{\"@type\":\"ImageObject\",\"inLanguage\":\"da-DK\",\"@id\":\"https:\/\/www.jyiele.com\/#\/schema\/logo\/image\/\",\"url\":\"https:\/\/www.jyiele.com\/wp-content\/uploads\/2024\/09\/cropped-jyele-1.webp\",\"contentUrl\":\"https:\/\/www.jyiele.com\/wp-content\/uploads\/2024\/09\/cropped-jyele-1.webp\",\"width\":137,\"height\":60,\"caption\":\"JYIELE\"},\"image\":{\"@id\":\"https:\/\/www.jyiele.com\/#\/schema\/logo\/image\/\"}}]}<\/script>\n<!-- \/ Yoast SEO plugin. -->","yoast_head_json":{"title":"Kina Mc4 Branch Connector Producenter og leverand\u00f8rer - JYIELE","description":"Mc4 Branch Connector er velegnet til solenergisystemer, h\u00f8j effektivitet, sikkerhed, nem at installere, sikkerhed og holdbarhed, kildeproducenter omkostningseffektive, kom og sammenlign priser nu.","robots":{"index":"index","follow":"follow","max-snippet":"max-snippet:-1","max-image-preview":"max-image-preview:large","max-video-preview":"max-video-preview:-1"},"canonical":"https:\/\/www.jyiele.com\/da\/product\/mc4-branch-connector\/","og_locale":"da_DK","og_type":"article","og_title":"China Mc4 Branch Connector Manufacturers & Suppliers- JYIELE","og_description":"Mc4 Branch Connector is suitable for solar energy system, high efficiency, safety, easy to install, safety and durability, source manufacturers cost-effective, come and compare prices now.","og_url":"https:\/\/www.jyiele.com\/da\/product\/mc4-branch-connector\/","og_site_name":"JYIELE","article_modified_time":"2025-03-09T11:43:21+00:00","og_image":[{"width":800,"height":800,"url":"https:\/\/www.jyiele.com\/wp-content\/uploads\/2024\/10\/Mc4-Branch-Connector.webp","type":"image\/webp"}],"twitter_card":"summary_large_image","twitter_misc":{"Estimeret l\u00e6setid":"2 minutter"},"schema":{"@context":"https:\/\/schema.org","@graph":[{"@type":"WebPage","@id":"https:\/\/www.jyiele.com\/product\/mc4-branch-connector\/","url":"https:\/\/www.jyiele.com\/product\/mc4-branch-connector\/","name":"Kina Mc4 Branch Connector Producenter og leverand\u00f8rer - JYIELE","isPartOf":{"@id":"https:\/\/www.jyiele.com\/#website"},"primaryImageOfPage":{"@id":"https:\/\/www.jyiele.com\/product\/mc4-branch-connector\/#primaryimage"},"image":{"@id":"https:\/\/www.jyiele.com\/product\/mc4-branch-connector\/#primaryimage"},"thumbnailUrl":"https:\/\/www.jyiele.com\/wp-content\/uploads\/2024\/10\/Mc4-Branch-Connector.webp","datePublished":"2024-11-03T08:03:27+00:00","dateModified":"2025-03-09T11:43:21+00:00","description":"Mc4 Branch Connector er velegnet til solenergisystemer, h\u00f8j effektivitet, sikkerhed, nem at installere, sikkerhed og holdbarhed, kildeproducenter omkostningseffektive, kom og sammenlign priser nu.","breadcrumb":{"@id":"https:\/\/www.jyiele.com\/product\/mc4-branch-connector\/#breadcrumb"},"inLanguage":"da-DK","potentialAction":[{"@type":"ReadAction","target":["https:\/\/www.jyiele.com\/product\/mc4-branch-connector\/"]}]},{"@type":"ImageObject","inLanguage":"da-DK","@id":"https:\/\/www.jyiele.com\/product\/mc4-branch-connector\/#primaryimage","url":"https:\/\/www.jyiele.com\/wp-content\/uploads\/2024\/10\/Mc4-Branch-Connector.webp","contentUrl":"https:\/\/www.jyiele.com\/wp-content\/uploads\/2024\/10\/Mc4-Branch-Connector.webp","width":800,"height":800,"caption":"Mc4 Branch Connector"},{"@type":"BreadcrumbList","@id":"https:\/\/www.jyiele.com\/product\/mc4-branch-connector\/#breadcrumb","itemListElement":[{"@type":"ListItem","position":1,"name":"Home","item":"https:\/\/www.jyiele.com\/"},{"@type":"ListItem","position":2,"name":"Product","item":"https:\/\/www.jyiele.com\/product\/"},{"@type":"ListItem","position":3,"name":"MC4 Connector","item":"https:\/\/www.jyiele.com\/product-category\/mc4-connector\/"},{"@type":"ListItem","position":4,"name":"Mc4 Branch Connector A pair of Male Female 1000V 1500V DC 50Amp one in four out solar system waterproof"}]},{"@type":"WebSite","@id":"https:\/\/www.jyiele.com\/#website","url":"https:\/\/www.jyiele.com\/","name":"JYIELE","description":"Producent af vakuumafbrydere","publisher":{"@id":"https:\/\/www.jyiele.com\/#organization"},"potentialAction":[{"@type":"SearchAction","target":{"@type":"EntryPoint","urlTemplate":"https:\/\/www.jyiele.com\/?s={search_term_string}"},"query-input":{"@type":"PropertyValueSpecification","valueRequired":true,"valueName":"search_term_string"}}],"inLanguage":"da-DK"},{"@type":"Organization","@id":"https:\/\/www.jyiele.com\/#organization","name":"JYIELE","url":"https:\/\/www.jyiele.com\/","logo":{"@type":"ImageObject","inLanguage":"da-DK","@id":"https:\/\/www.jyiele.com\/#\/schema\/logo\/image\/","url":"https:\/\/www.jyiele.com\/wp-content\/uploads\/2024\/09\/cropped-jyele-1.webp","contentUrl":"https:\/\/www.jyiele.com\/wp-content\/uploads\/2024\/09\/cropped-jyele-1.webp","width":137,"height":60,"caption":"JYIELE"},"image":{"@id":"https:\/\/www.jyiele.com\/#\/schema\/logo\/image\/"}}]}},"_links":{"self":[{"href":"https:\/\/www.jyiele.com\/da\/wp-json\/wp\/v2\/product\/1654","targetHints":{"allow":["GET"]}}],"collection":[{"href":"https:\/\/www.jyiele.com\/da\/wp-json\/wp\/v2\/product"}],"about":[{"href":"https:\/\/www.jyiele.com\/da\/wp-json\/wp\/v2\/types\/product"}],"version-history":[{"count":3,"href":"https:\/\/www.jyiele.com\/da\/wp-json\/wp\/v2\/product\/1654\/revisions"}],"predecessor-version":[{"id":1658,"href":"https:\/\/www.jyiele.com\/da\/wp-json\/wp\/v2\/product\/1654\/revisions\/1658"}],"wp:featuredmedia":[{"embeddable":true,"href":"https:\/\/www.jyiele.com\/da\/wp-json\/wp\/v2\/media\/1657"}],"wp:attachment":[{"href":"https:\/\/www.jyiele.com\/da\/wp-json\/wp\/v2\/media?parent=1654"}],"wp:term":[{"taxonomy":"product_brand","embeddable":true,"href":"https:\/\/www.jyiele.com\/da\/wp-json\/wp\/v2\/product_brand?post=1654"},{"taxonomy":"product_cat","embeddable":true,"href":"https:\/\/www.jyiele.com\/da\/wp-json\/wp\/v2\/product_cat?post=1654"},{"taxonomy":"product_tag","embeddable":true,"href":"https:\/\/www.jyiele.com\/da\/wp-json\/wp\/v2\/product_tag?post=1654"}],"curies":[{"name":"wp","href":"https:\/\/api.w.org\/{rel}","templated":true}]}}