{"id":1871,"date":"2021-10-10T12:16:59","date_gmt":"2021-10-10T12:16:59","guid":{"rendered":"https:\/\/www.jy-electric.com\/?post_type=product&#038;p=1871"},"modified":"2024-10-10T12:31:10","modified_gmt":"2024-10-10T12:31:10","slug":"k75-95-high-voltage-fireproof-pa66-switch-cabinet-cable-clip","status":"publish","type":"product","link":"https:\/\/www.jyiele.com\/da\/product\/k75-95-high-voltage-fireproof-pa66-switch-cabinet-cable-clip\/","title":{"rendered":"K75-95 H\u00f8jsp\u00e6ndingsbrandsikkert PA66-kabinet Kabelklemme"},"content":{"rendered":"<h2>Funktioner for kabelclips<\/h2>\n<p>Brandsikkert PA66-flammeh\u00e6mmende nylonmateriale er fremragende i flammeh\u00e6mning og sejhed, h\u00f8j temperaturbestandighed, velegnet til fastg\u00f8relse af kabler i en r\u00e6kke forskellige situationer. I sit design sikrer det sikkerheden ved installation af kabler og er designet til installationsudstyr, bygninger, elektriske skabe og h\u00f8jsp\u00e6ndingskabler.<\/p>\n<h2>Fastsp\u00e6nding af netkabler med kabelclips<\/h2>\n<p>N\u00e5r netkablet skal sp\u00e6ndes fast, skal du v\u00e6lge den rigtige st\u00f8rrelse kabelklemme i forhold til netkablets diameter og s\u00e6tte den i et beslag. Fastg\u00f8r kabelklemmen ved hj\u00e6lp af skruer eller en l\u00e5seanordning p\u00e5 et beslag. S\u00f8rg for at g\u00f8re netkablet stabilt uden at glide og sl\u00e6kke. Pas p\u00e5 ikke at oversp\u00e6nde og beskadige netkablets yderkappe.<\/p>\n<p><img fetchpriority=\"high\" decoding=\"async\" class=\"alignnone wp-image-1877\" src=\"https:\/\/www.jy-electric.com\/wp-content\/uploads\/2021\/10\/Cable-Clip-Dimensions.webp\" alt=\"Dimensioner p\u00e5 kabelclips\" width=\"686\" height=\"686\" srcset=\"https:\/\/www.jyiele.com\/wp-content\/uploads\/2021\/10\/Cable-Clip-Dimensions.webp 800w, https:\/\/www.jyiele.com\/wp-content\/uploads\/2021\/10\/Cable-Clip-Dimensions-300x300.webp 300w, https:\/\/www.jyiele.com\/wp-content\/uploads\/2021\/10\/Cable-Clip-Dimensions-150x150.webp 150w, https:\/\/www.jyiele.com\/wp-content\/uploads\/2021\/10\/Cable-Clip-Dimensions-768x768.webp 768w, https:\/\/www.jyiele.com\/wp-content\/uploads\/2021\/10\/Cable-Clip-Dimensions-12x12.webp 12w, https:\/\/www.jyiele.com\/wp-content\/uploads\/2021\/10\/Cable-Clip-Dimensions-600x600.webp 600w, https:\/\/www.jyiele.com\/wp-content\/uploads\/2021\/10\/Cable-Clip-Dimensions-100x100.webp 100w\" sizes=\"(max-width: 686px) 100vw, 686px\" \/><\/p>\n<h2>Hvor langt skal der v\u00e6re mellem kabelklemmerne?<\/h2>\n<p>Afstanden mellem kabelklemmerne bestemmes i de fleste tilf\u00e6lde af kablets type og diameter; den generelle anbefaling er dog, at de skal v\u00e6re 30 til 50 centimeter fra hinanden. P\u00e5 den m\u00e5de kan kablerne ikke blive beskadiget af eksterne kr\u00e6fter, mens de forbliver p\u00e6ne og ser godt ud. Denne afstand kan selvf\u00f8lgelig \u00e6ndres i visse anvendelser, som skal v\u00e6lges p\u00e5 passende vis.<\/p>\n<figure class=\"wp-block-image size-full is-resized\"><img decoding=\"async\" class=\"alignnone wp-image-1875 size-full\" src=\"https:\/\/www.jy-electric.com\/wp-content\/uploads\/2021\/10\/Cable-Clamp-Dimensions.webp\" alt=\"Dimensioner p\u00e5 kabelklemmer\" width=\"790\" height=\"377\" srcset=\"https:\/\/www.jyiele.com\/wp-content\/uploads\/2021\/10\/Cable-Clamp-Dimensions.webp 790w, https:\/\/www.jyiele.com\/wp-content\/uploads\/2021\/10\/Cable-Clamp-Dimensions-300x143.webp 300w, https:\/\/www.jyiele.com\/wp-content\/uploads\/2021\/10\/Cable-Clamp-Dimensions-768x367.webp 768w, https:\/\/www.jyiele.com\/wp-content\/uploads\/2021\/10\/Cable-Clamp-Dimensions-18x9.webp 18w, https:\/\/www.jyiele.com\/wp-content\/uploads\/2021\/10\/Cable-Clamp-Dimensions-600x286.webp 600w\" sizes=\"(max-width: 790px) 100vw, 790px\" \/><\/figure>\n<h2>Produktparametre<\/h2>\n<figure class=\"wp-block-table\">\n<div class=\"scroll\">\n<table>\n<tbody>\n<tr>\n<td>St\u00f8rrelse<\/td>\n<td>A<\/td>\n<td>B<\/td>\n<td>C<\/td>\n<td>D<\/td>\n<td>E<\/td>\n<td>F<\/td>\n<td>Dia<\/td>\n<\/tr>\n<tr>\n<td>20-36<\/td>\n<td>89<\/td>\n<td>44<\/td>\n<td>60<\/td>\n<td>24<\/td>\n<td>36<\/td>\n<td>58<\/td>\n<td>12<\/td>\n<\/tr>\n<tr>\n<td>36-52<\/td>\n<td>108<\/td>\n<td>50<\/td>\n<td>75<\/td>\n<td>34<\/td>\n<td>50<\/td>\n<td>59<\/td>\n<td>13<\/td>\n<\/tr>\n<tr>\n<td>55-75<\/td>\n<td>115<\/td>\n<td>52<\/td>\n<td>84<\/td>\n<td>37<\/td>\n<td>58<\/td>\n<td>59<\/td>\n<td>13<\/td>\n<\/tr>\n<tr>\n<td>75-95<\/td>\n<td>128<\/td>\n<td>66<\/td>\n<td>96<\/td>\n<td>48<\/td>\n<td>68<\/td>\n<td>60<\/td>\n<td>14<\/td>\n<\/tr>\n<tr>\n<td>90-150<\/td>\n<td>150<\/td>\n<td>87<\/td>\n<td>120<\/td>\n<td>66<\/td>\n<td>102<\/td>\n<td>60<\/td>\n<td>14<\/td>\n<\/tr>\n<\/tbody>\n<\/table>\n<\/div>\n<\/figure>\n<div class=\"wp-block-image\">\n<figure class=\"aligncenter size-large\"><img decoding=\"async\" class=\"wp-image-1876 size-full alignleft\" src=\"https:\/\/www.jy-electric.com\/wp-content\/uploads\/2021\/10\/Cable-Clamps-Dimensions.webp\" alt=\"Kabelklemmer Dimensioner\" width=\"653\" height=\"1024\" srcset=\"https:\/\/www.jyiele.com\/wp-content\/uploads\/2021\/10\/Cable-Clamps-Dimensions.webp 653w, https:\/\/www.jyiele.com\/wp-content\/uploads\/2021\/10\/Cable-Clamps-Dimensions-191x300.webp 191w, https:\/\/www.jyiele.com\/wp-content\/uploads\/2021\/10\/Cable-Clamps-Dimensions-8x12.webp 8w, https:\/\/www.jyiele.com\/wp-content\/uploads\/2021\/10\/Cable-Clamps-Dimensions-600x941.webp 600w\" sizes=\"(max-width: 653px) 100vw, 653px\" \/><\/figure>\n<\/div>","protected":false},"excerpt":{"rendered":"<p>En meget brugt<strong> Kabelklemme<\/strong> er et tilbeh\u00f8r, der holder kablerne p\u00e5 plads. Det fungerer derfor prim\u00e6rt til at holde kablerne p\u00e5 plads ved at forhindre dem i at bev\u00e6ge sig eller l\u00f8sne sig, s\u00e5 de er sikre og p\u00e6ne. <strong>Kabelklemme<\/strong> er normalt lavet af h\u00f8jtemperaturbestandige og flammeh\u00e6mmende materialer, s\u00e5som PA66, med et profileret design, der passer til de fleste slags kabler, herunder lavsp\u00e6ndings- og h\u00f8jsp\u00e6ndingskabler. Kabeldiametrene varierer fra nogle f\u00e5 millimeter til flere centimeter til forskellige anvendelser.<\/p>\n<p>Oprindelsessted: zhejiang, Kina<br \/>\nModelnummer: CA-C001<br \/>\nType: C-form<br \/>\nMateriale: Plast, nylon PA66<br \/>\nProduktnavn: Kabelklemme til kontaktskab<br \/>\nAnvendelse: HV-kabel<br \/>\nFarve: Sort<br \/>\nArbejdstemperatur: -40 \u2103 til +120 \u2103<br \/>\nSpecifikationer: Kabel 13mm\u00b2-150mm\u00b2<br \/>\nProduktionstid: 5-7 dage<\/p>","protected":false},"featured_media":1873,"template":"","meta":{"site-sidebar-layout":"default","site-content-layout":"","ast-site-content-layout":"default","site-content-style":"default","site-sidebar-style":"default","ast-global-header-display":"","ast-banner-title-visibility":"","ast-main-header-display":"","ast-hfb-above-header-display":"","ast-hfb-below-header-display":"","ast-hfb-mobile-header-display":"","site-post-title":"","ast-breadcrumbs-content":"","ast-featured-img":"","footer-sml-layout":"","ast-disable-related-posts":"","theme-transparent-header-meta":"default","adv-header-id-meta":"","stick-header-meta":"","header-above-stick-meta":"","header-main-stick-meta":"","header-below-stick-meta":"","astra-migrate-meta-layouts":"set","ast-page-background-enabled":"default","ast-page-background-meta":{"desktop":{"background-color":"var(--ast-global-color-4)","background-image":"","background-repeat":"repeat","background-position":"center center","background-size":"auto","background-attachment":"scroll","background-type":"","background-media":"","overlay-type":"","overlay-color":"","overlay-opacity":"","overlay-gradient":""},"tablet":{"background-color":"","background-image":"","background-repeat":"repeat","background-position":"center center","background-size":"auto","background-attachment":"scroll","background-type":"","background-media":"","overlay-type":"","overlay-color":"","overlay-opacity":"","overlay-gradient":""},"mobile":{"background-color":"","background-image":"","background-repeat":"repeat","background-position":"center center","background-size":"auto","background-attachment":"scroll","background-type":"","background-media":"","overlay-type":"","overlay-color":"","overlay-opacity":"","overlay-gradient":""}},"ast-content-background-meta":{"desktop":{"background-color":"var(--ast-global-color-5)","background-image":"","background-repeat":"repeat","background-position":"center center","background-size":"auto","background-attachment":"scroll","background-type":"","background-media":"","overlay-type":"","overlay-color":"","overlay-opacity":"","overlay-gradient":""},"tablet":{"background-color":"var(--ast-global-color-5)","background-image":"","background-repeat":"repeat","background-position":"center center","background-size":"auto","background-attachment":"scroll","background-type":"","background-media":"","overlay-type":"","overlay-color":"","overlay-opacity":"","overlay-gradient":""},"mobile":{"background-color":"var(--ast-global-color-5)","background-image":"","background-repeat":"repeat","background-position":"center center","background-size":"auto","background-attachment":"scroll","background-type":"","background-media":"","overlay-type":"","overlay-color":"","overlay-opacity":"","overlay-gradient":""}}},"product_brand":[],"product_cat":[27],"product_tag":[],"class_list":{"0":"post-1871","1":"product","2":"type-product","3":"status-publish","4":"has-post-thumbnail","6":"product_cat-other","7":"desktop-align-left","8":"tablet-align-left","9":"mobile-align-left","11":"first","12":"instock","13":"shipping-taxable","14":"product-type-simple"},"yoast_head":"<!-- This site is optimized with the Yoast SEO plugin v24.8.1 - https:\/\/yoast.com\/wordpress\/plugins\/seo\/ -->\n<title>High Voltage Cable Clip Manufacturer- High Temperature Flame Retardant Cable Clamps | Industrial Cable Installation<\/title>\n<meta name=\"description\" content=\"High-quality PA66 flame retardant high-voltage cable clip for electrical cabinets, high-voltage cables and other installation and fixing. High temperature resistance, strong toughness, to ensure that the cable is safe and solid, widely used in industrial electrical equipment.\" \/>\n<meta name=\"robots\" content=\"index, follow, max-snippet:-1, max-image-preview:large, max-video-preview:-1\" \/>\n<link rel=\"canonical\" href=\"https:\/\/www.jyiele.com\/da\/product\/k75-95-high-voltage-fireproof-pa66-switch-cabinet-cable-clip\/\" \/>\n<meta property=\"og:locale\" content=\"da_DK\" \/>\n<meta property=\"og:type\" content=\"article\" \/>\n<meta property=\"og:title\" content=\"High Voltage Cable Clip Manufacturer- High Temperature Flame Retardant Cable Clamps | Industrial Cable Installation\" \/>\n<meta property=\"og:description\" content=\"High-quality PA66 flame retardant high-voltage cable clip for electrical cabinets, high-voltage cables and other installation and fixing. High temperature resistance, strong toughness, to ensure that the cable is safe and solid, widely used in industrial electrical equipment.\" \/>\n<meta property=\"og:url\" content=\"https:\/\/www.jyiele.com\/da\/product\/k75-95-high-voltage-fireproof-pa66-switch-cabinet-cable-clip\/\" \/>\n<meta property=\"og:site_name\" content=\"JYIELE\" \/>\n<meta property=\"article:modified_time\" content=\"2024-10-10T12:31:10+00:00\" \/>\n<meta property=\"og:image\" content=\"https:\/\/www.jyiele.com\/wp-content\/uploads\/2021\/10\/K75-95-High-Voltage-Fireproof-PA66-Switch-Cabinet-Cable-Clip.webp\" \/>\n\t<meta property=\"og:image:width\" content=\"800\" \/>\n\t<meta property=\"og:image:height\" content=\"800\" \/>\n\t<meta property=\"og:image:type\" content=\"image\/webp\" \/>\n<meta name=\"twitter:card\" content=\"summary_large_image\" \/>\n<meta name=\"twitter:label1\" content=\"Estimeret l\u00e6setid\" \/>\n\t<meta name=\"twitter:data1\" content=\"2 minutter\" \/>\n<script type=\"application\/ld+json\" class=\"yoast-schema-graph\">{\"@context\":\"https:\/\/schema.org\",\"@graph\":[{\"@type\":\"WebPage\",\"@id\":\"https:\/\/www.jyiele.com\/product\/k75-95-high-voltage-fireproof-pa66-switch-cabinet-cable-clip\/\",\"url\":\"https:\/\/www.jyiele.com\/product\/k75-95-high-voltage-fireproof-pa66-switch-cabinet-cable-clip\/\",\"name\":\"High Voltage Cable Clip Manufacturer- High Temperature Flame Retardant Cable Clamps | Industrial Cable Installation\",\"isPartOf\":{\"@id\":\"https:\/\/www.jyiele.com\/#website\"},\"primaryImageOfPage\":{\"@id\":\"https:\/\/www.jyiele.com\/product\/k75-95-high-voltage-fireproof-pa66-switch-cabinet-cable-clip\/#primaryimage\"},\"image\":{\"@id\":\"https:\/\/www.jyiele.com\/product\/k75-95-high-voltage-fireproof-pa66-switch-cabinet-cable-clip\/#primaryimage\"},\"thumbnailUrl\":\"https:\/\/www.jyiele.com\/wp-content\/uploads\/2021\/10\/K75-95-High-Voltage-Fireproof-PA66-Switch-Cabinet-Cable-Clip.webp\",\"datePublished\":\"2021-10-10T12:16:59+00:00\",\"dateModified\":\"2024-10-10T12:31:10+00:00\",\"description\":\"High-quality PA66 flame retardant high-voltage cable clip for electrical cabinets, high-voltage cables and other installation and fixing. High temperature resistance, strong toughness, to ensure that the cable is safe and solid, widely used in industrial electrical equipment.\",\"breadcrumb\":{\"@id\":\"https:\/\/www.jyiele.com\/product\/k75-95-high-voltage-fireproof-pa66-switch-cabinet-cable-clip\/#breadcrumb\"},\"inLanguage\":\"da-DK\",\"potentialAction\":[{\"@type\":\"ReadAction\",\"target\":[\"https:\/\/www.jyiele.com\/product\/k75-95-high-voltage-fireproof-pa66-switch-cabinet-cable-clip\/\"]}]},{\"@type\":\"ImageObject\",\"inLanguage\":\"da-DK\",\"@id\":\"https:\/\/www.jyiele.com\/product\/k75-95-high-voltage-fireproof-pa66-switch-cabinet-cable-clip\/#primaryimage\",\"url\":\"https:\/\/www.jyiele.com\/wp-content\/uploads\/2021\/10\/K75-95-High-Voltage-Fireproof-PA66-Switch-Cabinet-Cable-Clip.webp\",\"contentUrl\":\"https:\/\/www.jyiele.com\/wp-content\/uploads\/2021\/10\/K75-95-High-Voltage-Fireproof-PA66-Switch-Cabinet-Cable-Clip.webp\",\"width\":800,\"height\":800,\"caption\":\"Cable Clamp Dimensions\"},{\"@type\":\"BreadcrumbList\",\"@id\":\"https:\/\/www.jyiele.com\/product\/k75-95-high-voltage-fireproof-pa66-switch-cabinet-cable-clip\/#breadcrumb\",\"itemListElement\":[{\"@type\":\"ListItem\",\"position\":1,\"name\":\"Home\",\"item\":\"https:\/\/www.jyiele.com\/\"},{\"@type\":\"ListItem\",\"position\":2,\"name\":\"Product\",\"item\":\"https:\/\/www.jyiele.com\/product\/\"},{\"@type\":\"ListItem\",\"position\":3,\"name\":\"Other\",\"item\":\"https:\/\/www.jyiele.com\/product-category\/other\/\"},{\"@type\":\"ListItem\",\"position\":4,\"name\":\"K75-95 High Voltage Fireproof PA66 Switch Cabinet Cable Clip\"}]},{\"@type\":\"WebSite\",\"@id\":\"https:\/\/www.jyiele.com\/#website\",\"url\":\"https:\/\/www.jyiele.com\/\",\"name\":\"JYIELE\",\"description\":\"Vacuum Circuit Breaker manufacturer\",\"publisher\":{\"@id\":\"https:\/\/www.jyiele.com\/#organization\"},\"potentialAction\":[{\"@type\":\"SearchAction\",\"target\":{\"@type\":\"EntryPoint\",\"urlTemplate\":\"https:\/\/www.jyiele.com\/?s={search_term_string}\"},\"query-input\":{\"@type\":\"PropertyValueSpecification\",\"valueRequired\":true,\"valueName\":\"search_term_string\"}}],\"inLanguage\":\"da-DK\"},{\"@type\":\"Organization\",\"@id\":\"https:\/\/www.jyiele.com\/#organization\",\"name\":\"JYIELE\",\"url\":\"https:\/\/www.jyiele.com\/\",\"logo\":{\"@type\":\"ImageObject\",\"inLanguage\":\"da-DK\",\"@id\":\"https:\/\/www.jyiele.com\/#\/schema\/logo\/image\/\",\"url\":\"https:\/\/www.jyiele.com\/wp-content\/uploads\/2024\/09\/cropped-jyele-1.webp\",\"contentUrl\":\"https:\/\/www.jyiele.com\/wp-content\/uploads\/2024\/09\/cropped-jyele-1.webp\",\"width\":137,\"height\":60,\"caption\":\"JYIELE\"},\"image\":{\"@id\":\"https:\/\/www.jyiele.com\/#\/schema\/logo\/image\/\"}}]}<\/script>\n<!-- \/ Yoast SEO plugin. -->","yoast_head_json":{"title":"Producent af h\u00f8jsp\u00e6ndingskabelklemmer - Flammeh\u00e6mmende kabelklemmer til h\u00f8j temperatur - Industriel kabelinstallation","description":"H\u00f8jkvalitets PA66 flammeh\u00e6mmende h\u00f8jsp\u00e6ndingskabelklemme til elektriske skabe, h\u00f8jsp\u00e6ndingskabler og anden installation og fastg\u00f8relse. H\u00f8j temperaturbestandighed, st\u00e6rk sejhed for at sikre, at kablet er sikkert og solidt, meget brugt i industrielt elektrisk udstyr.","robots":{"index":"index","follow":"follow","max-snippet":"max-snippet:-1","max-image-preview":"max-image-preview:large","max-video-preview":"max-video-preview:-1"},"canonical":"https:\/\/www.jyiele.com\/da\/product\/k75-95-high-voltage-fireproof-pa66-switch-cabinet-cable-clip\/","og_locale":"da_DK","og_type":"article","og_title":"High Voltage Cable Clip Manufacturer- High Temperature Flame Retardant Cable Clamps | Industrial Cable Installation","og_description":"High-quality PA66 flame retardant high-voltage cable clip for electrical cabinets, high-voltage cables and other installation and fixing. High temperature resistance, strong toughness, to ensure that the cable is safe and solid, widely used in industrial electrical equipment.","og_url":"https:\/\/www.jyiele.com\/da\/product\/k75-95-high-voltage-fireproof-pa66-switch-cabinet-cable-clip\/","og_site_name":"JYIELE","article_modified_time":"2024-10-10T12:31:10+00:00","og_image":[{"width":800,"height":800,"url":"https:\/\/www.jyiele.com\/wp-content\/uploads\/2021\/10\/K75-95-High-Voltage-Fireproof-PA66-Switch-Cabinet-Cable-Clip.webp","type":"image\/webp"}],"twitter_card":"summary_large_image","twitter_misc":{"Estimeret l\u00e6setid":"2 minutter"},"schema":{"@context":"https:\/\/schema.org","@graph":[{"@type":"WebPage","@id":"https:\/\/www.jyiele.com\/product\/k75-95-high-voltage-fireproof-pa66-switch-cabinet-cable-clip\/","url":"https:\/\/www.jyiele.com\/product\/k75-95-high-voltage-fireproof-pa66-switch-cabinet-cable-clip\/","name":"Producent af h\u00f8jsp\u00e6ndingskabelklemmer - Flammeh\u00e6mmende kabelklemmer til h\u00f8j temperatur - Industriel kabelinstallation","isPartOf":{"@id":"https:\/\/www.jyiele.com\/#website"},"primaryImageOfPage":{"@id":"https:\/\/www.jyiele.com\/product\/k75-95-high-voltage-fireproof-pa66-switch-cabinet-cable-clip\/#primaryimage"},"image":{"@id":"https:\/\/www.jyiele.com\/product\/k75-95-high-voltage-fireproof-pa66-switch-cabinet-cable-clip\/#primaryimage"},"thumbnailUrl":"https:\/\/www.jyiele.com\/wp-content\/uploads\/2021\/10\/K75-95-High-Voltage-Fireproof-PA66-Switch-Cabinet-Cable-Clip.webp","datePublished":"2021-10-10T12:16:59+00:00","dateModified":"2024-10-10T12:31:10+00:00","description":"H\u00f8jkvalitets PA66 flammeh\u00e6mmende h\u00f8jsp\u00e6ndingskabelklemme til elektriske skabe, h\u00f8jsp\u00e6ndingskabler og anden installation og fastg\u00f8relse. H\u00f8j temperaturbestandighed, st\u00e6rk sejhed for at sikre, at kablet er sikkert og solidt, meget brugt i industrielt elektrisk udstyr.","breadcrumb":{"@id":"https:\/\/www.jyiele.com\/product\/k75-95-high-voltage-fireproof-pa66-switch-cabinet-cable-clip\/#breadcrumb"},"inLanguage":"da-DK","potentialAction":[{"@type":"ReadAction","target":["https:\/\/www.jyiele.com\/product\/k75-95-high-voltage-fireproof-pa66-switch-cabinet-cable-clip\/"]}]},{"@type":"ImageObject","inLanguage":"da-DK","@id":"https:\/\/www.jyiele.com\/product\/k75-95-high-voltage-fireproof-pa66-switch-cabinet-cable-clip\/#primaryimage","url":"https:\/\/www.jyiele.com\/wp-content\/uploads\/2021\/10\/K75-95-High-Voltage-Fireproof-PA66-Switch-Cabinet-Cable-Clip.webp","contentUrl":"https:\/\/www.jyiele.com\/wp-content\/uploads\/2021\/10\/K75-95-High-Voltage-Fireproof-PA66-Switch-Cabinet-Cable-Clip.webp","width":800,"height":800,"caption":"Cable Clamp Dimensions"},{"@type":"BreadcrumbList","@id":"https:\/\/www.jyiele.com\/product\/k75-95-high-voltage-fireproof-pa66-switch-cabinet-cable-clip\/#breadcrumb","itemListElement":[{"@type":"ListItem","position":1,"name":"Home","item":"https:\/\/www.jyiele.com\/"},{"@type":"ListItem","position":2,"name":"Product","item":"https:\/\/www.jyiele.com\/product\/"},{"@type":"ListItem","position":3,"name":"Other","item":"https:\/\/www.jyiele.com\/product-category\/other\/"},{"@type":"ListItem","position":4,"name":"K75-95 High Voltage Fireproof PA66 Switch Cabinet Cable Clip"}]},{"@type":"WebSite","@id":"https:\/\/www.jyiele.com\/#website","url":"https:\/\/www.jyiele.com\/","name":"JYIELE","description":"Producent af vakuumafbrydere","publisher":{"@id":"https:\/\/www.jyiele.com\/#organization"},"potentialAction":[{"@type":"SearchAction","target":{"@type":"EntryPoint","urlTemplate":"https:\/\/www.jyiele.com\/?s={search_term_string}"},"query-input":{"@type":"PropertyValueSpecification","valueRequired":true,"valueName":"search_term_string"}}],"inLanguage":"da-DK"},{"@type":"Organization","@id":"https:\/\/www.jyiele.com\/#organization","name":"JYIELE","url":"https:\/\/www.jyiele.com\/","logo":{"@type":"ImageObject","inLanguage":"da-DK","@id":"https:\/\/www.jyiele.com\/#\/schema\/logo\/image\/","url":"https:\/\/www.jyiele.com\/wp-content\/uploads\/2024\/09\/cropped-jyele-1.webp","contentUrl":"https:\/\/www.jyiele.com\/wp-content\/uploads\/2024\/09\/cropped-jyele-1.webp","width":137,"height":60,"caption":"JYIELE"},"image":{"@id":"https:\/\/www.jyiele.com\/#\/schema\/logo\/image\/"}}]}},"_links":{"self":[{"href":"https:\/\/www.jyiele.com\/da\/wp-json\/wp\/v2\/product\/1871","targetHints":{"allow":["GET"]}}],"collection":[{"href":"https:\/\/www.jyiele.com\/da\/wp-json\/wp\/v2\/product"}],"about":[{"href":"https:\/\/www.jyiele.com\/da\/wp-json\/wp\/v2\/types\/product"}],"version-history":[{"count":4,"href":"https:\/\/www.jyiele.com\/da\/wp-json\/wp\/v2\/product\/1871\/revisions"}],"predecessor-version":[{"id":1878,"href":"https:\/\/www.jyiele.com\/da\/wp-json\/wp\/v2\/product\/1871\/revisions\/1878"}],"wp:featuredmedia":[{"embeddable":true,"href":"https:\/\/www.jyiele.com\/da\/wp-json\/wp\/v2\/media\/1873"}],"wp:attachment":[{"href":"https:\/\/www.jyiele.com\/da\/wp-json\/wp\/v2\/media?parent=1871"}],"wp:term":[{"taxonomy":"product_brand","embeddable":true,"href":"https:\/\/www.jyiele.com\/da\/wp-json\/wp\/v2\/product_brand?post=1871"},{"taxonomy":"product_cat","embeddable":true,"href":"https:\/\/www.jyiele.com\/da\/wp-json\/wp\/v2\/product_cat?post=1871"},{"taxonomy":"product_tag","embeddable":true,"href":"https:\/\/www.jyiele.com\/da\/wp-json\/wp\/v2\/product_tag?post=1871"}],"curies":[{"name":"wp","href":"https:\/\/api.w.org\/{rel}","templated":true}]}}