{"id":1888,"date":"2022-10-11T13:06:57","date_gmt":"2022-10-11T13:06:57","guid":{"rendered":"https:\/\/www.jy-electric.com\/?post_type=product&#038;p=1888"},"modified":"2025-03-09T11:39:25","modified_gmt":"2025-03-09T11:39:25","slug":"ac-distribution-cabinets-metal-clad-switchgear-enclosed-kyn28-12kv","status":"publish","type":"product","link":"https:\/\/www.jyiele.com\/da\/product\/ac-distribution-cabinets-metal-clad-switchgear-enclosed-kyn28-12kv\/","title":{"rendered":"AC-fordelingsskabe med metalplade, lukket KYN28-12KV"},"content":{"rendered":"<h2>Arbejdsmilj\u00f8:<\/h2>\n<p>Omgivelsestemperatur: fra -25 \u00b0C til +45 \u00b0C og med en gennemsnitsv\u00e6rdi p\u00e5 h\u00f8jst 35 \u00b0C pr. dag.<br \/>\nH\u00f8jde: 1000m og max. 4500 m med specielt design.<br \/>\nLuftfugtighed: Dagligt gennemsnit \u2264 95%, m\u00e5nedligt gennemsnit \u2264 90%.<br \/>\nSeismisk aktivitet: Udstyret er jordsk\u00e6lvsresistent op til den maksimale intensitet p\u00e5 8 grader.<br \/>\nMilj\u00f8m\u00e6ssige forhold: Monteringsstedet er ubr\u00e6ndbart, fri for spr\u00e6ngstoffer, \u00e6tsende kemikalier og ingen kraftige vibrationer.<\/p>\n<h2>Produktdifinition<\/h2>\n<p><img fetchpriority=\"high\" decoding=\"async\" class=\"alignnone wp-image-1892 size-full\" src=\"https:\/\/www.jy-electric.com\/wp-content\/uploads\/2024\/10\/metal-clad-switchgear-Model-Meaning.webp\" alt=\"metalbekl\u00e6dt koblingsanl\u00e6g Model Betydning\" width=\"630\" height=\"310\" srcset=\"https:\/\/www.jyiele.com\/wp-content\/uploads\/2024\/10\/metal-clad-switchgear-Model-Meaning.webp 630w, https:\/\/www.jyiele.com\/wp-content\/uploads\/2024\/10\/metal-clad-switchgear-Model-Meaning-300x148.webp 300w, https:\/\/www.jyiele.com\/wp-content\/uploads\/2024\/10\/metal-clad-switchgear-Model-Meaning-18x9.webp 18w, https:\/\/www.jyiele.com\/wp-content\/uploads\/2024\/10\/metal-clad-switchgear-Model-Meaning-600x295.webp 600w\" sizes=\"(max-width: 630px) 100vw, 630px\" \/><\/p>\n<p>Bem\u00e6rk: Velegnet til ABB\/ Siemens, Schneider osv. m\u00e6rker af vakuumafbrydere<\/p>\n<h2>N\u00f8glefunktioner i KYN28-12KV metalbekl\u00e6dt koblingsanl\u00e6g:<\/h2>\n<p>Kompatibel: Kompatibel med vores egenudviklede GPyN-12kV indlejrede eller isolerede vakuumafbrydere eller ABB's VD4 vakuumafbrydere. Derudover er den ogs\u00e5 kompatibel med GPVC-vakuumkontaktor-sikringskombinationer eller ABB's VC-vakuumkontaktorer, hvilket g\u00f8r det muligt for F-C-loopkabinetter at opfylde de elektriske behov p\u00e5 kraftv\u00e6rker og transformerstationer \".<\/p>\n<p>H\u00f8jpr\u00e6cisionsteknik: Skabet bruger dobbeltb\u00f8jningsteknikker med h\u00f8jstyrke aluminium-zink-st\u00e5lplader ved hj\u00e6lp af det nyeste CNC-maskineri. Det har overlegen styrke og pr\u00e6cision.<\/p>\n<p>Avanceret overfladebehandling: Skabsl\u00e5gerne er belagt med elektrostatisk pulverspr\u00f8jteteknologi med epoxyharpiks, der er modstandsdygtig over for korrosion, oxidering og slag. Dette har gjort skabet mere holdbart og forbedret holdbarheden i lang tid.<\/p>\n<p>Fuldt lukket konstruktion Det pansrede design af kabinettet isolerer de funktionelle dele fuldst\u00e6ndigt og giver dermed den ultimative driftssikkerhed. Det g\u00f8r det muligt at betjene str\u00f8mafbrydere og jordingsafbrydere, selv n\u00e5r d\u00f8ren er lukket.<\/p>\n<p>Udskiftelighed Chassiset er udstyret med en pr\u00e6cisionsskruemekanisme. Alle chassiser kan udskiftes, hvilket letter vedligeholdelse og drift.<\/p>\n<p>Fleksibel prim\u00e6rkonstruktion Denne serie af prim\u00e6re konstruktioner opfylder de mange forskellige brugerkrav. Den tilbyder et dobbelt chassis som ekstraudstyr.<\/p>\n<p>Motoriseret jordforbindelse og kortslutningsbeskyttelse: En hurtig jordingsafbryder giver mulighed for elektrisk (motoriseret) betjening og sikrer dermed hurtig jording og kortslutningsbeskyttelse.<\/p>\n<p>Forbedret sikkerhed: L\u00e5semekanismen \"Five Protection\" forhindrer fejlbetjening, hvilket giver en h\u00f8j grad af beskyttelse af operat\u00f8rerne.<\/p>\n<p>Lysbuesikkert design: Trykaflastningsanordninger i busrummet, afbryderrummet og kabelterminalrummet er nogle af de lysbuesikre funktioner, der tilf\u00f8jer lag af sikkerhed.<\/p>\n<p>Det designede kabelrum er rummeligt og giver mulighed for at samle flere kabler i passende afstande, s\u00e5 kablerne kan monteres i den rigtige h\u00f8jde i deres stik.<\/p>\n<p>H\u00f8j beskyttelsesgrad: Koblingsudstyret har en beskyttelsesgrad p\u00e5 IP4X, som g\u00f8r det umuligt for fremmedlegemer eller skadedyr at tr\u00e6nge ind.<\/p>\n<p>Avanceret overv\u00e5gning og kontrol: Valgfri integration med sekund\u00e6re systemsikkerhedsoverv\u00e5gningsenheder gennem selvdiagnosticering g\u00f8r fjernstyring, telemetri og justeringer mulige i systemet.<\/p>\n<p>Overholdelse af standarder Koblingsudstyret er i overensstemmelse med standarderne GB3906, GB\/T1022, DL404 og IEC62271-1. Det har gennemf\u00f8rt overordnede h\u00f8jdetest i 3000 meters h\u00f8jde og elektromagnetiske kompatibilitetstest under bekr\u00e6ftede forhold i specificerede laboratorier for h\u00f8jsp\u00e6ndingsudstyr.<\/p>\n<p>Denne kombination af robusthed, sikkerhed og topmoderne teknik i en metalbekl\u00e6dt pakke giver passende l\u00f8sninger til en lang r\u00e6kke anvendelser ved mellemsp\u00e6nding. Mellemsp\u00e6ndingssystemer vil have en st\u00e6rk platform for p\u00e5lidelig, sikker drift p\u00e5 grund af dette.<\/p>\n<h2>Teknisk specifikation<\/h2>\n<p><img decoding=\"async\" class=\"alignnone wp-image-1895 size-full\" src=\"https:\/\/www.jy-electric.com\/wp-content\/uploads\/2024\/10\/Distribution-Cabinets-Metal-Clad.webp\" alt=\"Fordelingsskabe i metal\" width=\"1292\" height=\"573\" srcset=\"https:\/\/www.jyiele.com\/wp-content\/uploads\/2024\/10\/Distribution-Cabinets-Metal-Clad.webp 1292w, https:\/\/www.jyiele.com\/wp-content\/uploads\/2024\/10\/Distribution-Cabinets-Metal-Clad-300x133.webp 300w, https:\/\/www.jyiele.com\/wp-content\/uploads\/2024\/10\/Distribution-Cabinets-Metal-Clad-1024x454.webp 1024w, https:\/\/www.jyiele.com\/wp-content\/uploads\/2024\/10\/Distribution-Cabinets-Metal-Clad-768x341.webp 768w, https:\/\/www.jyiele.com\/wp-content\/uploads\/2024\/10\/Distribution-Cabinets-Metal-Clad-18x8.webp 18w, https:\/\/www.jyiele.com\/wp-content\/uploads\/2024\/10\/Distribution-Cabinets-Metal-Clad-600x266.webp 600w\" sizes=\"(max-width: 1292px) 100vw, 1292px\" \/><\/p>\n<p><img decoding=\"async\" class=\"alignnone wp-image-1894 size-full\" src=\"https:\/\/www.jy-electric.com\/wp-content\/uploads\/2024\/10\/metal-clad-switchgear-Meaning.webp\" alt=\"metalbekl\u00e6dt koblingsudstyr Betydning\" width=\"1254\" height=\"670\" srcset=\"https:\/\/www.jyiele.com\/wp-content\/uploads\/2024\/10\/metal-clad-switchgear-Meaning.webp 1254w, https:\/\/www.jyiele.com\/wp-content\/uploads\/2024\/10\/metal-clad-switchgear-Meaning-300x160.webp 300w, https:\/\/www.jyiele.com\/wp-content\/uploads\/2024\/10\/metal-clad-switchgear-Meaning-1024x547.webp 1024w, https:\/\/www.jyiele.com\/wp-content\/uploads\/2024\/10\/metal-clad-switchgear-Meaning-768x410.webp 768w, https:\/\/www.jyiele.com\/wp-content\/uploads\/2024\/10\/metal-clad-switchgear-Meaning-18x10.webp 18w, https:\/\/www.jyiele.com\/wp-content\/uploads\/2024\/10\/metal-clad-switchgear-Meaning-600x321.webp 600w\" sizes=\"(max-width: 1254px) 100vw, 1254px\" \/><\/p>\n<h2>Omridsdimension (mm)<\/h2>\n<p><img loading=\"lazy\" decoding=\"async\" class=\"alignnone wp-image-1896 size-full\" src=\"https:\/\/www.jy-electric.com\/wp-content\/uploads\/2024\/10\/Distribution-Cabinets.webp\" alt=\"Distributionsskabe\" width=\"1300\" height=\"142\" srcset=\"https:\/\/www.jyiele.com\/wp-content\/uploads\/2024\/10\/Distribution-Cabinets.webp 1300w, https:\/\/www.jyiele.com\/wp-content\/uploads\/2024\/10\/Distribution-Cabinets-300x33.webp 300w, https:\/\/www.jyiele.com\/wp-content\/uploads\/2024\/10\/Distribution-Cabinets-1024x112.webp 1024w, https:\/\/www.jyiele.com\/wp-content\/uploads\/2024\/10\/Distribution-Cabinets-768x84.webp 768w, https:\/\/www.jyiele.com\/wp-content\/uploads\/2024\/10\/Distribution-Cabinets-18x2.webp 18w, https:\/\/www.jyiele.com\/wp-content\/uploads\/2024\/10\/Distribution-Cabinets-600x66.webp 600w\" sizes=\"(max-width: 1300px) 100vw, 1300px\" \/><\/p>","protected":false},"excerpt":{"rendered":"<p>Den <strong>KYN28-12KV udtr\u00e6kkeligt AC metalbekl\u00e6dt indend\u00f8rs koblingsanl\u00e6g<\/strong> er af h\u00f8j kvalitet og h\u00e5rdf\u00f8r til brug i 3-fasede AC 50Hz-netv\u00e6rk ved m\u00e5lsp\u00e6ndingsniveauer mellem 3,6kV og 12kV. Med sin korte eller indre rum-tilgang giver udenlandsk teknologi dette koblingsudstyr den banebrydende ydeevne og beskyttelse i milj\u00f8er, der er h\u00e5rde. Koblingsudstyret produceres som en lukket, pansret struktur, der er pr\u00e6cisionsfremstillet ved hj\u00e6lp af CNC-bearbejdning for at \u00f8ge styrken og p\u00e5lideligheden. Det er under udvikling med sikkerhed som den vigtigste overvejelse. Alle lysbuesikre konstruktioner, st\u00e6rke l\u00e5se og h\u00f8je beskyttelsessystemer er vedtaget og overholder de internationale standarder. Den har best\u00e5et elektromagnetisk kompatibilitet og plateau-test i 3000 meters h\u00f8jde.<\/p>","protected":false},"featured_media":1890,"template":"","meta":{"site-sidebar-layout":"default","site-content-layout":"","ast-site-content-layout":"default","site-content-style":"default","site-sidebar-style":"default","ast-global-header-display":"","ast-banner-title-visibility":"","ast-main-header-display":"","ast-hfb-above-header-display":"","ast-hfb-below-header-display":"","ast-hfb-mobile-header-display":"","site-post-title":"","ast-breadcrumbs-content":"","ast-featured-img":"","footer-sml-layout":"","theme-transparent-header-meta":"default","adv-header-id-meta":"","stick-header-meta":"","header-above-stick-meta":"","header-main-stick-meta":"","header-below-stick-meta":"","astra-migrate-meta-layouts":"set","ast-page-background-enabled":"default","ast-page-background-meta":{"desktop":{"background-color":"var(--ast-global-color-4)","background-image":"","background-repeat":"repeat","background-position":"center center","background-size":"auto","background-attachment":"scroll","background-type":"","background-media":"","overlay-type":"","overlay-color":"","overlay-opacity":"","overlay-gradient":""},"tablet":{"background-color":"","background-image":"","background-repeat":"repeat","background-position":"center center","background-size":"auto","background-attachment":"scroll","background-type":"","background-media":"","overlay-type":"","overlay-color":"","overlay-opacity":"","overlay-gradient":""},"mobile":{"background-color":"","background-image":"","background-repeat":"repeat","background-position":"center center","background-size":"auto","background-attachment":"scroll","background-type":"","background-media":"","overlay-type":"","overlay-color":"","overlay-opacity":"","overlay-gradient":""}},"ast-content-background-meta":{"desktop":{"background-color":"var(--ast-global-color-5)","background-image":"","background-repeat":"repeat","background-position":"center center","background-size":"auto","background-attachment":"scroll","background-type":"","background-media":"","overlay-type":"","overlay-color":"","overlay-opacity":"","overlay-gradient":""},"tablet":{"background-color":"var(--ast-global-color-5)","background-image":"","background-repeat":"repeat","background-position":"center center","background-size":"auto","background-attachment":"scroll","background-type":"","background-media":"","overlay-type":"","overlay-color":"","overlay-opacity":"","overlay-gradient":""},"mobile":{"background-color":"var(--ast-global-color-5)","background-image":"","background-repeat":"repeat","background-position":"center center","background-size":"auto","background-attachment":"scroll","background-type":"","background-media":"","overlay-type":"","overlay-color":"","overlay-opacity":"","overlay-gradient":""}}},"product_brand":[],"product_cat":[26],"product_tag":[],"class_list":{"0":"post-1888","1":"product","2":"type-product","3":"status-publish","4":"has-post-thumbnail","6":"product_cat-vacuum-circuit-breaker","7":"desktop-align-left","8":"tablet-align-left","9":"mobile-align-left","11":"first","12":"instock","13":"shipping-taxable","14":"product-type-simple"},"yoast_head":"<!-- This site is optimized with the Yoast SEO plugin v24.8.1 - https:\/\/yoast.com\/wordpress\/plugins\/seo\/ -->\n<title>KYN28-12KV Metal-clad Switchgear: Advanced, Reliable, Arc-proof<\/title>\n<meta name=\"description\" content=\"Discover the KYN28-12KV removable metal-clad switchgear, designed for 3.6~12kV networks. Offers arc-proof design, advanced protection, and compliance with global standards.\" \/>\n<meta name=\"robots\" content=\"index, follow, max-snippet:-1, max-image-preview:large, max-video-preview:-1\" \/>\n<link rel=\"canonical\" href=\"https:\/\/www.jyiele.com\/da\/product\/ac-distribution-cabinets-metal-clad-switchgear-enclosed-kyn28-12kv\/\" \/>\n<meta property=\"og:locale\" content=\"da_DK\" \/>\n<meta property=\"og:type\" content=\"article\" \/>\n<meta property=\"og:title\" content=\"KYN28-12KV Metal-clad Switchgear: Advanced, Reliable, Arc-proof\" \/>\n<meta property=\"og:description\" content=\"Discover the KYN28-12KV removable metal-clad switchgear, designed for 3.6~12kV networks. Offers arc-proof design, advanced protection, and compliance with global standards.\" \/>\n<meta property=\"og:url\" content=\"https:\/\/www.jyiele.com\/da\/product\/ac-distribution-cabinets-metal-clad-switchgear-enclosed-kyn28-12kv\/\" \/>\n<meta property=\"og:site_name\" content=\"JYIELE\" \/>\n<meta property=\"article:modified_time\" content=\"2025-03-09T11:39:25+00:00\" \/>\n<meta property=\"og:image\" content=\"https:\/\/www.jyiele.com\/wp-content\/uploads\/2024\/10\/Distribution-Cabinets-Metal-Clad-Switchgear-Kyn28-12Kv.webp\" \/>\n\t<meta property=\"og:image:width\" content=\"800\" \/>\n\t<meta property=\"og:image:height\" content=\"800\" \/>\n\t<meta property=\"og:image:type\" content=\"image\/webp\" \/>\n<meta name=\"twitter:card\" content=\"summary_large_image\" \/>\n<meta name=\"twitter:label1\" content=\"Estimeret l\u00e6setid\" \/>\n\t<meta name=\"twitter:data1\" content=\"4 minutter\" \/>\n<script type=\"application\/ld+json\" class=\"yoast-schema-graph\">{\"@context\":\"https:\/\/schema.org\",\"@graph\":[{\"@type\":\"WebPage\",\"@id\":\"https:\/\/www.jyiele.com\/product\/ac-distribution-cabinets-metal-clad-switchgear-enclosed-kyn28-12kv\/\",\"url\":\"https:\/\/www.jyiele.com\/product\/ac-distribution-cabinets-metal-clad-switchgear-enclosed-kyn28-12kv\/\",\"name\":\"KYN28-12KV Metal-clad Switchgear: Advanced, Reliable, Arc-proof\",\"isPartOf\":{\"@id\":\"https:\/\/www.jyiele.com\/#website\"},\"primaryImageOfPage\":{\"@id\":\"https:\/\/www.jyiele.com\/product\/ac-distribution-cabinets-metal-clad-switchgear-enclosed-kyn28-12kv\/#primaryimage\"},\"image\":{\"@id\":\"https:\/\/www.jyiele.com\/product\/ac-distribution-cabinets-metal-clad-switchgear-enclosed-kyn28-12kv\/#primaryimage\"},\"thumbnailUrl\":\"https:\/\/www.jyiele.com\/wp-content\/uploads\/2024\/10\/Distribution-Cabinets-Metal-Clad-Switchgear-Kyn28-12Kv.webp\",\"datePublished\":\"2022-10-11T13:06:57+00:00\",\"dateModified\":\"2025-03-09T11:39:25+00:00\",\"description\":\"Discover the KYN28-12KV removable metal-clad switchgear, designed for 3.6~12kV networks. Offers arc-proof design, advanced protection, and compliance with global standards.\",\"breadcrumb\":{\"@id\":\"https:\/\/www.jyiele.com\/product\/ac-distribution-cabinets-metal-clad-switchgear-enclosed-kyn28-12kv\/#breadcrumb\"},\"inLanguage\":\"da-DK\",\"potentialAction\":[{\"@type\":\"ReadAction\",\"target\":[\"https:\/\/www.jyiele.com\/product\/ac-distribution-cabinets-metal-clad-switchgear-enclosed-kyn28-12kv\/\"]}]},{\"@type\":\"ImageObject\",\"inLanguage\":\"da-DK\",\"@id\":\"https:\/\/www.jyiele.com\/product\/ac-distribution-cabinets-metal-clad-switchgear-enclosed-kyn28-12kv\/#primaryimage\",\"url\":\"https:\/\/www.jyiele.com\/wp-content\/uploads\/2024\/10\/Distribution-Cabinets-Metal-Clad-Switchgear-Kyn28-12Kv.webp\",\"contentUrl\":\"https:\/\/www.jyiele.com\/wp-content\/uploads\/2024\/10\/Distribution-Cabinets-Metal-Clad-Switchgear-Kyn28-12Kv.webp\",\"width\":800,\"height\":800,\"caption\":\"Distribution Cabinets Metal-Clad Switchgear Kyn28-12Kv\"},{\"@type\":\"BreadcrumbList\",\"@id\":\"https:\/\/www.jyiele.com\/product\/ac-distribution-cabinets-metal-clad-switchgear-enclosed-kyn28-12kv\/#breadcrumb\",\"itemListElement\":[{\"@type\":\"ListItem\",\"position\":1,\"name\":\"Home\",\"item\":\"https:\/\/www.jyiele.com\/\"},{\"@type\":\"ListItem\",\"position\":2,\"name\":\"Product\",\"item\":\"https:\/\/www.jyiele.com\/product\/\"},{\"@type\":\"ListItem\",\"position\":3,\"name\":\"Vacuum Circuit Breaker\",\"item\":\"https:\/\/www.jyiele.com\/product-category\/vacuum-circuit-breaker\/\"},{\"@type\":\"ListItem\",\"position\":4,\"name\":\"AC Distribution Cabinets Metal-Clad Switchgear Enclosed KYN28-12KV\"}]},{\"@type\":\"WebSite\",\"@id\":\"https:\/\/www.jyiele.com\/#website\",\"url\":\"https:\/\/www.jyiele.com\/\",\"name\":\"JYIELE\",\"description\":\"Vacuum Circuit Breaker manufacturer\",\"publisher\":{\"@id\":\"https:\/\/www.jyiele.com\/#organization\"},\"potentialAction\":[{\"@type\":\"SearchAction\",\"target\":{\"@type\":\"EntryPoint\",\"urlTemplate\":\"https:\/\/www.jyiele.com\/?s={search_term_string}\"},\"query-input\":{\"@type\":\"PropertyValueSpecification\",\"valueRequired\":true,\"valueName\":\"search_term_string\"}}],\"inLanguage\":\"da-DK\"},{\"@type\":\"Organization\",\"@id\":\"https:\/\/www.jyiele.com\/#organization\",\"name\":\"JYIELE\",\"url\":\"https:\/\/www.jyiele.com\/\",\"logo\":{\"@type\":\"ImageObject\",\"inLanguage\":\"da-DK\",\"@id\":\"https:\/\/www.jyiele.com\/#\/schema\/logo\/image\/\",\"url\":\"https:\/\/www.jyiele.com\/wp-content\/uploads\/2024\/09\/cropped-jyele-1.webp\",\"contentUrl\":\"https:\/\/www.jyiele.com\/wp-content\/uploads\/2024\/09\/cropped-jyele-1.webp\",\"width\":137,\"height\":60,\"caption\":\"JYIELE\"},\"image\":{\"@id\":\"https:\/\/www.jyiele.com\/#\/schema\/logo\/image\/\"}}]}<\/script>\n<!-- \/ Yoast SEO plugin. -->","yoast_head_json":{"title":"KYN28-12KV metalbekl\u00e6dt koblingsanl\u00e6g: Avanceret, p\u00e5lidelig, lysbuesikker","description":"Oplev KYN28-12KV aftageligt metalbekl\u00e6dt koblingsanl\u00e6g, designet til 3,6~12kV netv\u00e6rk. Tilbyder lysbuesikkert design, avanceret beskyttelse og overholdelse af globale standarder.","robots":{"index":"index","follow":"follow","max-snippet":"max-snippet:-1","max-image-preview":"max-image-preview:large","max-video-preview":"max-video-preview:-1"},"canonical":"https:\/\/www.jyiele.com\/da\/product\/ac-distribution-cabinets-metal-clad-switchgear-enclosed-kyn28-12kv\/","og_locale":"da_DK","og_type":"article","og_title":"KYN28-12KV Metal-clad Switchgear: Advanced, Reliable, Arc-proof","og_description":"Discover the KYN28-12KV removable metal-clad switchgear, designed for 3.6~12kV networks. Offers arc-proof design, advanced protection, and compliance with global standards.","og_url":"https:\/\/www.jyiele.com\/da\/product\/ac-distribution-cabinets-metal-clad-switchgear-enclosed-kyn28-12kv\/","og_site_name":"JYIELE","article_modified_time":"2025-03-09T11:39:25+00:00","og_image":[{"width":800,"height":800,"url":"https:\/\/www.jyiele.com\/wp-content\/uploads\/2024\/10\/Distribution-Cabinets-Metal-Clad-Switchgear-Kyn28-12Kv.webp","type":"image\/webp"}],"twitter_card":"summary_large_image","twitter_misc":{"Estimeret l\u00e6setid":"4 minutter"},"schema":{"@context":"https:\/\/schema.org","@graph":[{"@type":"WebPage","@id":"https:\/\/www.jyiele.com\/product\/ac-distribution-cabinets-metal-clad-switchgear-enclosed-kyn28-12kv\/","url":"https:\/\/www.jyiele.com\/product\/ac-distribution-cabinets-metal-clad-switchgear-enclosed-kyn28-12kv\/","name":"KYN28-12KV metalbekl\u00e6dt koblingsanl\u00e6g: Avanceret, p\u00e5lidelig, lysbuesikker","isPartOf":{"@id":"https:\/\/www.jyiele.com\/#website"},"primaryImageOfPage":{"@id":"https:\/\/www.jyiele.com\/product\/ac-distribution-cabinets-metal-clad-switchgear-enclosed-kyn28-12kv\/#primaryimage"},"image":{"@id":"https:\/\/www.jyiele.com\/product\/ac-distribution-cabinets-metal-clad-switchgear-enclosed-kyn28-12kv\/#primaryimage"},"thumbnailUrl":"https:\/\/www.jyiele.com\/wp-content\/uploads\/2024\/10\/Distribution-Cabinets-Metal-Clad-Switchgear-Kyn28-12Kv.webp","datePublished":"2022-10-11T13:06:57+00:00","dateModified":"2025-03-09T11:39:25+00:00","description":"Oplev KYN28-12KV aftageligt metalbekl\u00e6dt koblingsanl\u00e6g, designet til 3,6~12kV netv\u00e6rk. Tilbyder lysbuesikkert design, avanceret beskyttelse og overholdelse af globale standarder.","breadcrumb":{"@id":"https:\/\/www.jyiele.com\/product\/ac-distribution-cabinets-metal-clad-switchgear-enclosed-kyn28-12kv\/#breadcrumb"},"inLanguage":"da-DK","potentialAction":[{"@type":"ReadAction","target":["https:\/\/www.jyiele.com\/product\/ac-distribution-cabinets-metal-clad-switchgear-enclosed-kyn28-12kv\/"]}]},{"@type":"ImageObject","inLanguage":"da-DK","@id":"https:\/\/www.jyiele.com\/product\/ac-distribution-cabinets-metal-clad-switchgear-enclosed-kyn28-12kv\/#primaryimage","url":"https:\/\/www.jyiele.com\/wp-content\/uploads\/2024\/10\/Distribution-Cabinets-Metal-Clad-Switchgear-Kyn28-12Kv.webp","contentUrl":"https:\/\/www.jyiele.com\/wp-content\/uploads\/2024\/10\/Distribution-Cabinets-Metal-Clad-Switchgear-Kyn28-12Kv.webp","width":800,"height":800,"caption":"Distribution Cabinets Metal-Clad Switchgear Kyn28-12Kv"},{"@type":"BreadcrumbList","@id":"https:\/\/www.jyiele.com\/product\/ac-distribution-cabinets-metal-clad-switchgear-enclosed-kyn28-12kv\/#breadcrumb","itemListElement":[{"@type":"ListItem","position":1,"name":"Home","item":"https:\/\/www.jyiele.com\/"},{"@type":"ListItem","position":2,"name":"Product","item":"https:\/\/www.jyiele.com\/product\/"},{"@type":"ListItem","position":3,"name":"Vacuum Circuit Breaker","item":"https:\/\/www.jyiele.com\/product-category\/vacuum-circuit-breaker\/"},{"@type":"ListItem","position":4,"name":"AC Distribution Cabinets Metal-Clad Switchgear Enclosed KYN28-12KV"}]},{"@type":"WebSite","@id":"https:\/\/www.jyiele.com\/#website","url":"https:\/\/www.jyiele.com\/","name":"JYIELE","description":"Producent af vakuumafbrydere","publisher":{"@id":"https:\/\/www.jyiele.com\/#organization"},"potentialAction":[{"@type":"SearchAction","target":{"@type":"EntryPoint","urlTemplate":"https:\/\/www.jyiele.com\/?s={search_term_string}"},"query-input":{"@type":"PropertyValueSpecification","valueRequired":true,"valueName":"search_term_string"}}],"inLanguage":"da-DK"},{"@type":"Organization","@id":"https:\/\/www.jyiele.com\/#organization","name":"JYIELE","url":"https:\/\/www.jyiele.com\/","logo":{"@type":"ImageObject","inLanguage":"da-DK","@id":"https:\/\/www.jyiele.com\/#\/schema\/logo\/image\/","url":"https:\/\/www.jyiele.com\/wp-content\/uploads\/2024\/09\/cropped-jyele-1.webp","contentUrl":"https:\/\/www.jyiele.com\/wp-content\/uploads\/2024\/09\/cropped-jyele-1.webp","width":137,"height":60,"caption":"JYIELE"},"image":{"@id":"https:\/\/www.jyiele.com\/#\/schema\/logo\/image\/"}}]}},"_links":{"self":[{"href":"https:\/\/www.jyiele.com\/da\/wp-json\/wp\/v2\/product\/1888","targetHints":{"allow":["GET"]}}],"collection":[{"href":"https:\/\/www.jyiele.com\/da\/wp-json\/wp\/v2\/product"}],"about":[{"href":"https:\/\/www.jyiele.com\/da\/wp-json\/wp\/v2\/types\/product"}],"version-history":[{"count":4,"href":"https:\/\/www.jyiele.com\/da\/wp-json\/wp\/v2\/product\/1888\/revisions"}],"predecessor-version":[{"id":1897,"href":"https:\/\/www.jyiele.com\/da\/wp-json\/wp\/v2\/product\/1888\/revisions\/1897"}],"wp:featuredmedia":[{"embeddable":true,"href":"https:\/\/www.jyiele.com\/da\/wp-json\/wp\/v2\/media\/1890"}],"wp:attachment":[{"href":"https:\/\/www.jyiele.com\/da\/wp-json\/wp\/v2\/media?parent=1888"}],"wp:term":[{"taxonomy":"product_brand","embeddable":true,"href":"https:\/\/www.jyiele.com\/da\/wp-json\/wp\/v2\/product_brand?post=1888"},{"taxonomy":"product_cat","embeddable":true,"href":"https:\/\/www.jyiele.com\/da\/wp-json\/wp\/v2\/product_cat?post=1888"},{"taxonomy":"product_tag","embeddable":true,"href":"https:\/\/www.jyiele.com\/da\/wp-json\/wp\/v2\/product_tag?post=1888"}],"curies":[{"name":"wp","href":"https:\/\/api.w.org\/{rel}","templated":true}]}}