{"id":19,"date":"2022-09-07T08:57:09","date_gmt":"2022-09-07T08:57:09","guid":{"rendered":"http:\/\/jyiele.com\/?post_type=product&#038;p=19"},"modified":"2025-03-09T11:39:06","modified_gmt":"2025-03-09T11:39:06","slug":"three-station-indoor-vacuum-ckt-breaker","status":"publish","type":"product","link":"https:\/\/www.jyiele.com\/da\/product\/three-station-indoor-vacuum-ckt-breaker\/","title":{"rendered":"BQVN-12GD Indend\u00f8rs vakuumafbryder med tre stationer"},"content":{"rendered":"<h2>Produktprofil<\/h2>\n<p>Denne vakuumafbryder med tre positioner integrerer en vakuumafbryder, en afbryder, en jordafbryder og en sensor i \u00e9n enhed. Dens sidemonterede design er i tr\u00e5d med miniaturiseringstrenden og passer ind i skabe med dimensioner p\u00e5 450 \u00d7 1000 \u00d7 1800. Den er velegnet til mellemsp\u00e6ndingsnet p\u00e5 6-12 kV. Den s\u00e5ledes designede afbryder har fremragende elektriske og mekaniske egenskaber, en p\u00e5lidelig og stabil struktur og kr\u00e6ver kun lidt vedligeholdelse.<\/p>\n<p>I \u00f8jeblikket er der to modeller: BQVN-12GD\/630-25 og BQVN-12GD\/1250-31.5.<\/p>\n<p>Traditionelle h\u00f8jsp\u00e6ndingskoblingsanl\u00e6g som XGN2 eller XGN66 kr\u00e6ver separat installation af afbrydere, vakuumafbrydere, jordingsafbrydere, sensorer og mekaniske forriglingsanordninger i hele anl\u00e6gget, hvilket er en kompleks og tidskr\u00e6vende proces. Med dette nye produkt, der er udstyret med en multifunktionel vakuumafbryder med integreret frakoblingsstation, afbryderstation og jordingsstation, er installationen enklere, hurtigere og nemmere.<\/p>\n<p>N\u00e5r den er i brug, kan den betjenes manuelt eller elektrisk:<\/p>\n<h2>Manuel betjening:<\/h2>\n<p>Brug det s\u00e6rlige energilagringsh\u00e5ndtag til at lagre energi.<br \/>\nLUK: Tryk p\u00e5 lukkeknappen (hvis der er en lukkel\u00e5s eller en undersp\u00e6ndingsanordning, skal str\u00f8mmen til det sekund\u00e6re kredsl\u00f8b t\u00e6ndes f\u00f8rst).<br \/>\n\u00c5bn: Tryk p\u00e5 knappen \u00c5bn.<\/p>\n<h2>Motoriseret betjening:<\/h2>\n<p>N\u00e5r det sekund\u00e6re kredsl\u00f8b f\u00e5r str\u00f8m, vil energilagringsenheden automatisk lagre energi.<br \/>\nLUK: Tryk p\u00e5 lukkeknappen i styrekredsen.<br \/>\n\u00c5ben: Tryk p\u00e5 afbryderknappen i styrekredsen.<br \/>\nN\u00e5r du kontrollerer h\u00f8jsp\u00e6ndingsvakuumafbryderen, skal du v\u00e6re opm\u00e6rksom p\u00e5 f\u00f8lgende punkter:<\/p>\n<p>N\u00e5r man bruger vakuumafbryderen til at kontrollere elektriciteten, skal en person betjene den, og en person skal overv\u00e5ge den.<br \/>\nOperat\u00f8ren sidder foran, og vogteren sidder bagved.<br \/>\nV\u00e6r opm\u00e6rksom p\u00e5 sp\u00e6ndingsniveauet i det elektriske udstyr for at sikre sikker drift.<br \/>\nUds\u00e6t ikke afbryderen for varm sol, opbevar den p\u00e5 et t\u00f8rt og ventileret sted, og undg\u00e5 kontakt med \u00e6tsende kemikalier.<br \/>\nDen isolerede del er delen fra metalforbindelsesskruen p\u00e5 den nederste del af indikatoren til enden af beskyttelsesringen; den gribende del er delen under beskyttelsesringen, og l\u00e6ngden af disse dele varierer afh\u00e6ngigt af sp\u00e6ndingsniveauet.<br \/>\nH\u00f8jsp\u00e6ndingsvakuumafbrydere b\u00f8r kun fremstilles og bruges p\u00e5 normal vis for at sikre, at systemet fungerer sikkert.<\/p>\n<p>Test af udstyr, der kr\u00e6ver elektrisk verifikation.<br \/>\nVed elektrisk verificering af flerlagsledninger, der er installeret p\u00e5 samme mast, skal lavsp\u00e6ndingen testes f\u00f8r h\u00f8jsp\u00e6ndingen, og det nederste lag f\u00f8r det \u00f8verste lag.<br \/>\nUndg\u00e5 kraftige vibrationer eller st\u00f8d under opbevaring og transport, juster og skil den ikke ad efter forgodtbefindende, og brug den ikke i regn- eller snevejr for ikke at p\u00e5virke isoleringsevnen.<\/p>","protected":false},"excerpt":{"rendered":"<p>Denne indend\u00f8rs h\u00f8jsp\u00e6ndings-vakuumafbryder med tre positioner fungerer godt med hensyn til b\u00e5de elektriske og mekaniske egenskaber med en stabil struktur og lang levetid. Den bruger faste t\u00e6tningspoler i hovedkredsl\u00f8bet, hvilket g\u00f8r det muligt for afbryderen at tilpasse sig milj\u00f8et bedre og forbedre isoleringens p\u00e5lidelighed.<\/p>","protected":false},"featured_media":1217,"template":"","meta":{"site-sidebar-layout":"default","site-content-layout":"","ast-site-content-layout":"default","site-content-style":"default","site-sidebar-style":"default","ast-global-header-display":"","ast-banner-title-visibility":"","ast-main-header-display":"","ast-hfb-above-header-display":"","ast-hfb-below-header-display":"","ast-hfb-mobile-header-display":"","site-post-title":"","ast-breadcrumbs-content":"","ast-featured-img":"","footer-sml-layout":"","ast-disable-related-posts":"","theme-transparent-header-meta":"default","adv-header-id-meta":"","stick-header-meta":"","header-above-stick-meta":"","header-main-stick-meta":"","header-below-stick-meta":"","astra-migrate-meta-layouts":"set","ast-page-background-enabled":"default","ast-page-background-meta":{"desktop":{"background-color":"var(--ast-global-color-4)","background-image":"","background-repeat":"repeat","background-position":"center center","background-size":"auto","background-attachment":"scroll","background-type":"","background-media":"","overlay-type":"","overlay-color":"","overlay-opacity":"","overlay-gradient":""},"tablet":{"background-color":"","background-image":"","background-repeat":"repeat","background-position":"center center","background-size":"auto","background-attachment":"scroll","background-type":"","background-media":"","overlay-type":"","overlay-color":"","overlay-opacity":"","overlay-gradient":""},"mobile":{"background-color":"","background-image":"","background-repeat":"repeat","background-position":"center center","background-size":"auto","background-attachment":"scroll","background-type":"","background-media":"","overlay-type":"","overlay-color":"","overlay-opacity":"","overlay-gradient":""}},"ast-content-background-meta":{"desktop":{"background-color":"var(--ast-global-color-5)","background-image":"","background-repeat":"repeat","background-position":"center center","background-size":"auto","background-attachment":"scroll","background-type":"","background-media":"","overlay-type":"","overlay-color":"","overlay-opacity":"","overlay-gradient":""},"tablet":{"background-color":"var(--ast-global-color-5)","background-image":"","background-repeat":"repeat","background-position":"center center","background-size":"auto","background-attachment":"scroll","background-type":"","background-media":"","overlay-type":"","overlay-color":"","overlay-opacity":"","overlay-gradient":""},"mobile":{"background-color":"var(--ast-global-color-5)","background-image":"","background-repeat":"repeat","background-position":"center center","background-size":"auto","background-attachment":"scroll","background-type":"","background-media":"","overlay-type":"","overlay-color":"","overlay-opacity":"","overlay-gradient":""}}},"product_brand":[],"product_cat":[26],"product_tag":[],"class_list":{"0":"post-19","1":"product","2":"type-product","3":"status-publish","4":"has-post-thumbnail","6":"product_cat-vacuum-circuit-breaker","7":"desktop-align-left","8":"tablet-align-left","9":"mobile-align-left","11":"first","12":"instock","13":"virtual","14":"product-type-simple"},"yoast_head":"<!-- This site is optimized with the Yoast SEO plugin v24.8.1 - https:\/\/yoast.com\/wordpress\/plugins\/seo\/ -->\n<title>Indoor Vacuum Circuit Breaker | Three-Station Switchgear Solution - JYIELE<\/title>\n<meta name=\"description\" content=\"Explore the JYIELE indoor vacuum circuit breaker, featuring three stations for efficient electrical control and protection. Built for reliability and performance, this breaker ensures seamless operation in indoor environments, providing essential circuit protection for various applications.\" \/>\n<meta name=\"robots\" content=\"index, follow, max-snippet:-1, max-image-preview:large, max-video-preview:-1\" \/>\n<link rel=\"canonical\" href=\"https:\/\/www.jyiele.com\/da\/product\/three-station-indoor-vacuum-ckt-breaker\/\" \/>\n<meta property=\"og:locale\" content=\"da_DK\" \/>\n<meta property=\"og:type\" content=\"article\" \/>\n<meta property=\"og:title\" content=\"Indoor Vacuum Circuit Breaker | Three-Station Switchgear Solution - JYIELE\" \/>\n<meta property=\"og:description\" content=\"Explore the JYIELE indoor vacuum circuit breaker, featuring three stations for efficient electrical control and protection. Built for reliability and performance, this breaker ensures seamless operation in indoor environments, providing essential circuit protection for various applications.\" \/>\n<meta property=\"og:url\" content=\"https:\/\/www.jyiele.com\/da\/product\/three-station-indoor-vacuum-ckt-breaker\/\" \/>\n<meta property=\"og:site_name\" content=\"JYIELE\" \/>\n<meta property=\"article:modified_time\" content=\"2025-03-09T11:39:06+00:00\" \/>\n<meta property=\"og:image\" content=\"https:\/\/www.jyiele.com\/wp-content\/uploads\/2020\/04\/three-station-indoor-vacuum-ckt-breaker.webp\" \/>\n\t<meta property=\"og:image:width\" content=\"600\" \/>\n\t<meta property=\"og:image:height\" content=\"600\" \/>\n\t<meta property=\"og:image:type\" content=\"image\/webp\" \/>\n<meta name=\"twitter:card\" content=\"summary_large_image\" \/>\n<meta name=\"twitter:label1\" content=\"Estimeret l\u00e6setid\" \/>\n\t<meta name=\"twitter:data1\" content=\"3 minutter\" \/>\n<script type=\"application\/ld+json\" class=\"yoast-schema-graph\">{\"@context\":\"https:\/\/schema.org\",\"@graph\":[{\"@type\":\"WebPage\",\"@id\":\"https:\/\/www.jyiele.com\/product\/three-station-indoor-vacuum-ckt-breaker\/\",\"url\":\"https:\/\/www.jyiele.com\/product\/three-station-indoor-vacuum-ckt-breaker\/\",\"name\":\"Indoor Vacuum Circuit Breaker | Three-Station Switchgear Solution - JYIELE\",\"isPartOf\":{\"@id\":\"https:\/\/www.jyiele.com\/#website\"},\"primaryImageOfPage\":{\"@id\":\"https:\/\/www.jyiele.com\/product\/three-station-indoor-vacuum-ckt-breaker\/#primaryimage\"},\"image\":{\"@id\":\"https:\/\/www.jyiele.com\/product\/three-station-indoor-vacuum-ckt-breaker\/#primaryimage\"},\"thumbnailUrl\":\"https:\/\/www.jyiele.com\/wp-content\/uploads\/2020\/04\/three-station-indoor-vacuum-ckt-breaker.webp\",\"datePublished\":\"2022-09-07T08:57:09+00:00\",\"dateModified\":\"2025-03-09T11:39:06+00:00\",\"description\":\"Explore the JYIELE indoor vacuum circuit breaker, featuring three stations for efficient electrical control and protection. Built for reliability and performance, this breaker ensures seamless operation in indoor environments, providing essential circuit protection for various applications.\",\"breadcrumb\":{\"@id\":\"https:\/\/www.jyiele.com\/product\/three-station-indoor-vacuum-ckt-breaker\/#breadcrumb\"},\"inLanguage\":\"da-DK\",\"potentialAction\":[{\"@type\":\"ReadAction\",\"target\":[\"https:\/\/www.jyiele.com\/product\/three-station-indoor-vacuum-ckt-breaker\/\"]}]},{\"@type\":\"ImageObject\",\"inLanguage\":\"da-DK\",\"@id\":\"https:\/\/www.jyiele.com\/product\/three-station-indoor-vacuum-ckt-breaker\/#primaryimage\",\"url\":\"https:\/\/www.jyiele.com\/wp-content\/uploads\/2020\/04\/three-station-indoor-vacuum-ckt-breaker.webp\",\"contentUrl\":\"https:\/\/www.jyiele.com\/wp-content\/uploads\/2020\/04\/three-station-indoor-vacuum-ckt-breaker.webp\",\"width\":600,\"height\":600,\"caption\":\"three-station-indoor-vacuum-ckt-breaker\"},{\"@type\":\"BreadcrumbList\",\"@id\":\"https:\/\/www.jyiele.com\/product\/three-station-indoor-vacuum-ckt-breaker\/#breadcrumb\",\"itemListElement\":[{\"@type\":\"ListItem\",\"position\":1,\"name\":\"Home\",\"item\":\"https:\/\/www.jyiele.com\/\"},{\"@type\":\"ListItem\",\"position\":2,\"name\":\"Product\",\"item\":\"https:\/\/www.jyiele.com\/product\/\"},{\"@type\":\"ListItem\",\"position\":3,\"name\":\"Vacuum Circuit Breaker\",\"item\":\"https:\/\/www.jyiele.com\/product-category\/vacuum-circuit-breaker\/\"},{\"@type\":\"ListItem\",\"position\":4,\"name\":\"BQVN-12GD Three Station Indoor Vacuum Ckt Breaker\"}]},{\"@type\":\"WebSite\",\"@id\":\"https:\/\/www.jyiele.com\/#website\",\"url\":\"https:\/\/www.jyiele.com\/\",\"name\":\"JYIELE\",\"description\":\"Vacuum Circuit Breaker manufacturer\",\"publisher\":{\"@id\":\"https:\/\/www.jyiele.com\/#organization\"},\"potentialAction\":[{\"@type\":\"SearchAction\",\"target\":{\"@type\":\"EntryPoint\",\"urlTemplate\":\"https:\/\/www.jyiele.com\/?s={search_term_string}\"},\"query-input\":{\"@type\":\"PropertyValueSpecification\",\"valueRequired\":true,\"valueName\":\"search_term_string\"}}],\"inLanguage\":\"da-DK\"},{\"@type\":\"Organization\",\"@id\":\"https:\/\/www.jyiele.com\/#organization\",\"name\":\"JYIELE\",\"url\":\"https:\/\/www.jyiele.com\/\",\"logo\":{\"@type\":\"ImageObject\",\"inLanguage\":\"da-DK\",\"@id\":\"https:\/\/www.jyiele.com\/#\/schema\/logo\/image\/\",\"url\":\"https:\/\/www.jyiele.com\/wp-content\/uploads\/2024\/09\/cropped-jyele-1.webp\",\"contentUrl\":\"https:\/\/www.jyiele.com\/wp-content\/uploads\/2024\/09\/cropped-jyele-1.webp\",\"width\":137,\"height\":60,\"caption\":\"JYIELE\"},\"image\":{\"@id\":\"https:\/\/www.jyiele.com\/#\/schema\/logo\/image\/\"}}]}<\/script>\n<!-- \/ Yoast SEO plugin. -->","yoast_head_json":{"title":"Indend\u00f8rs vakuumafbryder | l\u00f8sning til tre-stations koblingsanl\u00e6g - JYIELE","description":"Udforsk JYIELEs indend\u00f8rs vakuumafbryder med tre stationer til effektiv elektrisk kontrol og beskyttelse. Denne afbryder er bygget til p\u00e5lidelighed og ydeevne og sikrer problemfri drift i indend\u00f8rsmilj\u00f8er og giver vigtig kredsl\u00f8bsbeskyttelse til forskellige anvendelser.","robots":{"index":"index","follow":"follow","max-snippet":"max-snippet:-1","max-image-preview":"max-image-preview:large","max-video-preview":"max-video-preview:-1"},"canonical":"https:\/\/www.jyiele.com\/da\/product\/three-station-indoor-vacuum-ckt-breaker\/","og_locale":"da_DK","og_type":"article","og_title":"Indoor Vacuum Circuit Breaker | Three-Station Switchgear Solution - JYIELE","og_description":"Explore the JYIELE indoor vacuum circuit breaker, featuring three stations for efficient electrical control and protection. Built for reliability and performance, this breaker ensures seamless operation in indoor environments, providing essential circuit protection for various applications.","og_url":"https:\/\/www.jyiele.com\/da\/product\/three-station-indoor-vacuum-ckt-breaker\/","og_site_name":"JYIELE","article_modified_time":"2025-03-09T11:39:06+00:00","og_image":[{"width":600,"height":600,"url":"https:\/\/www.jyiele.com\/wp-content\/uploads\/2020\/04\/three-station-indoor-vacuum-ckt-breaker.webp","type":"image\/webp"}],"twitter_card":"summary_large_image","twitter_misc":{"Estimeret l\u00e6setid":"3 minutter"},"schema":{"@context":"https:\/\/schema.org","@graph":[{"@type":"WebPage","@id":"https:\/\/www.jyiele.com\/product\/three-station-indoor-vacuum-ckt-breaker\/","url":"https:\/\/www.jyiele.com\/product\/three-station-indoor-vacuum-ckt-breaker\/","name":"Indend\u00f8rs vakuumafbryder | l\u00f8sning til tre-stations koblingsanl\u00e6g - JYIELE","isPartOf":{"@id":"https:\/\/www.jyiele.com\/#website"},"primaryImageOfPage":{"@id":"https:\/\/www.jyiele.com\/product\/three-station-indoor-vacuum-ckt-breaker\/#primaryimage"},"image":{"@id":"https:\/\/www.jyiele.com\/product\/three-station-indoor-vacuum-ckt-breaker\/#primaryimage"},"thumbnailUrl":"https:\/\/www.jyiele.com\/wp-content\/uploads\/2020\/04\/three-station-indoor-vacuum-ckt-breaker.webp","datePublished":"2022-09-07T08:57:09+00:00","dateModified":"2025-03-09T11:39:06+00:00","description":"Udforsk JYIELEs indend\u00f8rs vakuumafbryder med tre stationer til effektiv elektrisk kontrol og beskyttelse. Denne afbryder er bygget til p\u00e5lidelighed og ydeevne og sikrer problemfri drift i indend\u00f8rsmilj\u00f8er og giver vigtig kredsl\u00f8bsbeskyttelse til forskellige anvendelser.","breadcrumb":{"@id":"https:\/\/www.jyiele.com\/product\/three-station-indoor-vacuum-ckt-breaker\/#breadcrumb"},"inLanguage":"da-DK","potentialAction":[{"@type":"ReadAction","target":["https:\/\/www.jyiele.com\/product\/three-station-indoor-vacuum-ckt-breaker\/"]}]},{"@type":"ImageObject","inLanguage":"da-DK","@id":"https:\/\/www.jyiele.com\/product\/three-station-indoor-vacuum-ckt-breaker\/#primaryimage","url":"https:\/\/www.jyiele.com\/wp-content\/uploads\/2020\/04\/three-station-indoor-vacuum-ckt-breaker.webp","contentUrl":"https:\/\/www.jyiele.com\/wp-content\/uploads\/2020\/04\/three-station-indoor-vacuum-ckt-breaker.webp","width":600,"height":600,"caption":"three-station-indoor-vacuum-ckt-breaker"},{"@type":"BreadcrumbList","@id":"https:\/\/www.jyiele.com\/product\/three-station-indoor-vacuum-ckt-breaker\/#breadcrumb","itemListElement":[{"@type":"ListItem","position":1,"name":"Home","item":"https:\/\/www.jyiele.com\/"},{"@type":"ListItem","position":2,"name":"Product","item":"https:\/\/www.jyiele.com\/product\/"},{"@type":"ListItem","position":3,"name":"Vacuum Circuit Breaker","item":"https:\/\/www.jyiele.com\/product-category\/vacuum-circuit-breaker\/"},{"@type":"ListItem","position":4,"name":"BQVN-12GD Three Station Indoor Vacuum Ckt Breaker"}]},{"@type":"WebSite","@id":"https:\/\/www.jyiele.com\/#website","url":"https:\/\/www.jyiele.com\/","name":"JYIELE","description":"Producent af vakuumafbrydere","publisher":{"@id":"https:\/\/www.jyiele.com\/#organization"},"potentialAction":[{"@type":"SearchAction","target":{"@type":"EntryPoint","urlTemplate":"https:\/\/www.jyiele.com\/?s={search_term_string}"},"query-input":{"@type":"PropertyValueSpecification","valueRequired":true,"valueName":"search_term_string"}}],"inLanguage":"da-DK"},{"@type":"Organization","@id":"https:\/\/www.jyiele.com\/#organization","name":"JYIELE","url":"https:\/\/www.jyiele.com\/","logo":{"@type":"ImageObject","inLanguage":"da-DK","@id":"https:\/\/www.jyiele.com\/#\/schema\/logo\/image\/","url":"https:\/\/www.jyiele.com\/wp-content\/uploads\/2024\/09\/cropped-jyele-1.webp","contentUrl":"https:\/\/www.jyiele.com\/wp-content\/uploads\/2024\/09\/cropped-jyele-1.webp","width":137,"height":60,"caption":"JYIELE"},"image":{"@id":"https:\/\/www.jyiele.com\/#\/schema\/logo\/image\/"}}]}},"_links":{"self":[{"href":"https:\/\/www.jyiele.com\/da\/wp-json\/wp\/v2\/product\/19","targetHints":{"allow":["GET"]}}],"collection":[{"href":"https:\/\/www.jyiele.com\/da\/wp-json\/wp\/v2\/product"}],"about":[{"href":"https:\/\/www.jyiele.com\/da\/wp-json\/wp\/v2\/types\/product"}],"version-history":[{"count":1,"href":"https:\/\/www.jyiele.com\/da\/wp-json\/wp\/v2\/product\/19\/revisions"}],"predecessor-version":[{"id":1483,"href":"https:\/\/www.jyiele.com\/da\/wp-json\/wp\/v2\/product\/19\/revisions\/1483"}],"wp:featuredmedia":[{"embeddable":true,"href":"https:\/\/www.jyiele.com\/da\/wp-json\/wp\/v2\/media\/1217"}],"wp:attachment":[{"href":"https:\/\/www.jyiele.com\/da\/wp-json\/wp\/v2\/media?parent=19"}],"wp:term":[{"taxonomy":"product_brand","embeddable":true,"href":"https:\/\/www.jyiele.com\/da\/wp-json\/wp\/v2\/product_brand?post=19"},{"taxonomy":"product_cat","embeddable":true,"href":"https:\/\/www.jyiele.com\/da\/wp-json\/wp\/v2\/product_cat?post=19"},{"taxonomy":"product_tag","embeddable":true,"href":"https:\/\/www.jyiele.com\/da\/wp-json\/wp\/v2\/product_tag?post=19"}],"curies":[{"name":"wp","href":"https:\/\/api.w.org\/{rel}","templated":true}]}}