{"id":2057,"date":"2023-03-09T11:29:21","date_gmt":"2023-03-09T11:29:21","guid":{"rendered":"https:\/\/www.jy-electric.com\/?post_type=product&#038;p=2057"},"modified":"2025-03-09T11:41:06","modified_gmt":"2025-03-09T11:41:06","slug":"isolation-type-dual-power-ats-automatic-transfer-switch","status":"publish","type":"product","link":"https:\/\/www.jyiele.com\/da\/product\/isolation-type-dual-power-ats-automatic-transfer-switch\/","title":{"rendered":"Isolationstype Dual Power ATS automatisk overf\u00f8rselsafbryder"},"content":{"rendered":"<h4 class=\"wp-block-heading\"><strong>Produktfunktioner<\/strong><\/h4>\n<p>Kontrolenhed: indbygget controller<br \/>\nProduktstruktur: lille st\u00f8rrelse, stor str\u00f8mstyrke, enkel struktur, ATS-integreret<br \/>\nFunktioner: hurtig skiftehastighed, lav fejlrate, praktisk vedligeholdelse, p\u00e5lidelig ydeevne<br \/>\nLedningsmetode: ledningsf\u00f8ring foran<br \/>\nKonverteringstilstand: net-til-net, net-til-generator, selvswitching og selvgendannelse<br \/>\nProduktramme: 100, 160, 250, 400, 630, 1000, 1250, 1600, 2000, 2500, 3200<br \/>\nProduktstr\u00f8m: 20, 32, 40, 63, 80, 100, 125, 160, 200, 225, 250, 315, 400, 500, 630, 800, 1000, 1250, 1600, 2000, 2500, 3200A<br \/>\nProduktkategori: Afbryder Lastafbryder Type<br \/>\nAntal produktst\u00e6nger: 3, 4<br \/>\nProduktstandard: GB\/T14048.11<br \/>\nATSE: PC-klasse<\/p>\n<p><strong>Model og betydning<\/strong><\/p>\n<p>Afbryderen kan opn\u00e5 fuldautomatisk, obligatorisk \"0\", fjernbetjening, presserende manuel betjening; Den har ogs\u00e5 funktionerne til unders\u00f8gelse og beskyttelse af manglende fase, l\u00e5sning af elektrisk mekanisme osv.<\/p>\n<h4 class=\"wp-block-heading\"><strong>Produktfunktioner<\/strong><\/h4>\n<figure class=\"wp-block-table\">\n<div class=\"scroll\">\n<table>\n<tbody>\n<tr>\n<td>Type: Automatisk overf\u00f8rselskontakt<br \/>\nAntal poler: 3P, 4P<br \/>\nNominel sp\u00e6nding: 380V<br \/>\nBCD-kurve: C<br \/>\nNominel frekvens: 50Hz<br \/>\nProduktnavn: Automatisk overf\u00f8rselskontakt<br \/>\nNominel str\u00f8m: 630A<br \/>\nNominel sp\u00e6nding: 400V<br \/>\nNominel frekvens: 50 Hz<\/td>\n<td>Certifikat: ISO9001,3C<br \/>\nNominel kortslutningsforbindelseskapacitet: 26KA<br \/>\nOverf\u00f8rselstid I-II eller II-I: 0,6S<br \/>\nKontrolsp\u00e6nding: AC220V<br \/>\nNominel kortvarig modstandsstr\u00f8m (Icw): 12,6 kA\/60 ms<br \/>\nBrug af kategori: AC-33B<br \/>\nOprindelsessted: Zhejiang, Kina, Kina<br \/>\nModelnummer: CJQ3-400GA\/4P<br \/>\nS\u00e6lger enheder: Enkelt vare<\/td>\n<\/tr>\n<\/tbody>\n<\/table>\n<\/div><figcaption class=\"wp-element-caption\">\u25c6God sikkerhed: Med dobbeltr\u00e6kket kompositkontakt, j\u00e6vn tr\u00e6kkende \u00e5bnings- og lukkemekanisme, mikromotorens energilagringsteknologi samt mikroelektronisk styringsteknologi kan den stort set ikke realisere nogen flashover (ingen lysbue).<br \/>\n\u25c6 Anvend p\u00e5lidelig mekanisk og elektrisk sammenl\u00e5sning<br \/>\n\u25c6P\u00e5 grund af nulgennemgangsteknologien kan den indstilles til nul i n\u00f8dstilf\u00e6lde (afbryder str\u00f8mmen i dobbelt kredsl\u00f8b synkront).<br \/>\n\u25c6 Med synlig indikation af t\u00e6nd\/sluk-position og h\u00e6ngel\u00e5sfunktion kan den f\u00e5 plads mellem str\u00f8mforsyning og belastning.<br \/>\n\u25c6H\u00f8j p\u00e5lidelighed, levetid p\u00e5 op til 8000 gange<br \/>\n\u25c6Designet med elektromekanisk integration overf\u00f8rer kontakten pr\u00e6cist, fleksibelt og problemfrit. Overlegen elektromagnetisk kompatibilitet, st\u00e6rk evne til at modst\u00e5 interferens, ingen interferens udefra.<br \/>\n\u25c6 Kontakten har input\/output-gr\u00e6nseflade med flere kredsl\u00f8b, der kan realisere PLC-fjernstyring samt automatisering af systemet.<br \/>\n\u25c6 Kontakten beh\u00f8ver ingen eksterne kontrolelementer.<br \/>\n\u25c6P\u00e6nt udseende, lille volumen, lav v\u00e6gt.<br \/>\n\u25c6Produktet er i overensstemmelse med f\u00f8lgende standarder: GB\/T 14048.11-2008\/IEC60947-6-1 Automatisk overf\u00f8rselsudstyr, GB\/T14048.3-2008\/IEC60947-1 Generelle regler for lavsp\u00e6ndingskoblingsudstyr og kontroludstyr samt GB\/14048.3-2008\/IEC60947-3 Lavsp\u00e6ndingskoblingsudstyr og kontroludstyr - lavsp\u00e6ndingsafbrydere, afbrydere, afbryderafbrydere og sikringskombinationsenheder.<\/figcaption><\/figure>\n<p><strong>Teknisk indeks<\/strong><\/p>\n<figure class=\"wp-block-table\">\n<div class=\"scroll\">\n<table>\n<tbody>\n<tr>\n<td>Konventionel varmestr\u00f8m<\/td>\n<td>16A,20A,25A,32A,40A,50A,63A,80A,100A<\/td>\n<\/tr>\n<tr>\n<td>Nominel isolationssp\u00e6nding Ui<\/td>\n<td>690V<\/td>\n<\/tr>\n<tr>\n<td>Nominel modstandsdygtig sp\u00e6nding Uimp<\/td>\n<td>8KV<\/td>\n<\/tr>\n<tr>\n<td>Nominel arbejdssp\u00e6nding Ue<\/td>\n<td>AC440V<\/td>\n<\/tr>\n<tr>\n<td>Nominel arbejdsstr\u00f8m Ie<\/td>\n<td>16A,20A,25A,32A,40A,50A,63A,80A,100A<\/td>\n<\/tr>\n<tr>\n<td>Indl\u00e6s tegn<\/td>\n<td>AC33iB<\/td>\n<\/tr>\n<tr>\n<td>Nominel produktionskapacitet<\/td>\n<td>10Ie<\/td>\n<\/tr>\n<tr>\n<td>Nominel brudstyrke<\/td>\n<td>8Ie<\/td>\n<\/tr>\n<tr>\n<td>Nominel begr\u00e6nsende kortslutningsstr\u00f8m<\/td>\n<td>50KA<\/td>\n<\/tr>\n<tr>\n<td>Nominel kortvarig modstandsstr\u00f8m Ie<\/td>\n<td>7KA<\/td>\n<\/tr>\n<tr>\n<td>Overf\u00f8rselstid II-I eller I-II<\/td>\n<td>2S<\/td>\n<\/tr>\n<tr>\n<td>Sp\u00e6nding i kontrolstr\u00f8mforsyningen<\/td>\n<td>AC220V (anden sp\u00e6nding skal tilpasses)<\/td>\n<\/tr>\n<tr>\n<td>Motorens energiforbrug<\/td>\n<td>40W<\/td>\n<\/tr>\n<tr>\n<td>V\u00e6gt Kg 4Poles<\/td>\n<td>3.5<\/td>\n<\/tr>\n<\/tbody>\n<\/table>\n<\/div>\n<\/figure>\n<figure class=\"wp-block-table\">\n<div class=\"scroll\">\n<table>\n<tbody>\n<tr>\n<td colspan=\"2\">Konventionel varmestr\u00f8m<\/td>\n<td colspan=\"16\">100A,160A,250A,400A,630A,800A,1000A,1250A,1600A,2000A,2500A,3200A<\/td>\n<td colspan=\"2\"><\/td>\n<\/tr>\n<tr>\n<td colspan=\"2\">Nominel isolationssp\u00e6nding Ui<\/td>\n<td colspan=\"16\">800V<\/td>\n<td colspan=\"2\"><\/td>\n<\/tr>\n<tr>\n<td colspan=\"2\">Nominel modstandsdygtig sp\u00e6nding Uimp<\/td>\n<td colspan=\"8\">8KV<\/td>\n<td colspan=\"8\">12KV<\/td>\n<td colspan=\"2\"><\/td>\n<\/tr>\n<tr>\n<td colspan=\"2\">Nominel arbejdssp\u00e6nding Ue<\/td>\n<td colspan=\"16\">AC440V<\/td>\n<td colspan=\"2\"><\/td>\n<\/tr>\n<tr>\n<td colspan=\"2\">Nominel arbejdsstr\u00f8m Ie<\/td>\n<td colspan=\"16\">125A,160A,250A,400A,630A,800A,1000A,1250A,1600A,2000A,2500A,3200A<\/td>\n<td colspan=\"2\"><\/td>\n<\/tr>\n<tr>\n<td colspan=\"2\">Indl\u00e6s tegn<\/td>\n<td colspan=\"16\">AC33iB<\/td>\n<td colspan=\"2\"><\/td>\n<\/tr>\n<tr>\n<td colspan=\"2\">Nominel produktionskapacitet<\/td>\n<td colspan=\"3\">17KA<\/td>\n<td colspan=\"3\">25.2KA<\/td>\n<td colspan=\"10\">34KA<\/td>\n<td colspan=\"2\"><\/td>\n<\/tr>\n<tr>\n<td colspan=\"2\">Nominel brudstyrke<\/td>\n<td colspan=\"16\"><\/td>\n<td colspan=\"2\"><\/td>\n<\/tr>\n<tr>\n<td colspan=\"2\">Nominel begr\u00e6nsende kortslutningsstr\u00f8m<\/td>\n<td colspan=\"7\">20KA<\/td>\n<td colspan=\"9\">50KA<\/td>\n<td colspan=\"2\"><\/td>\n<\/tr>\n<tr>\n<td colspan=\"2\">Nominel kortvarig modstandsstr\u00f8m Ie<\/td>\n<td colspan=\"3\">10KA<\/td>\n<td colspan=\"4\">12.6KA<\/td>\n<td colspan=\"9\">20KA<\/td>\n<td colspan=\"2\"><\/td>\n<\/tr>\n<tr>\n<td colspan=\"2\">Overf\u00f8rselstid II-I eller I-II<\/td>\n<td colspan=\"7\">2S<\/td>\n<td colspan=\"9\">3S<\/td>\n<td colspan=\"2\"><\/td>\n<\/tr>\n<tr>\n<td colspan=\"2\">Sp\u00e6nding i kontrolstr\u00f8mforsyningen<\/td>\n<td colspan=\"16\">AC220V (anden sp\u00e6nding skal tilpasses)<\/td>\n<td colspan=\"2\"><\/td>\n<\/tr>\n<tr>\n<td rowspan=\"3\">Motorens energiforbrug<\/td>\n<td>Start<\/td>\n<td>300W<\/td>\n<td colspan=\"3\">325W<\/td>\n<td colspan=\"3\">355W<\/td>\n<td colspan=\"2\">400W<\/td>\n<td colspan=\"4\">440W<\/td>\n<td colspan=\"3\">600W<\/td>\n<td colspan=\"2\"><\/td>\n<\/tr>\n<tr>\n<td rowspan=\"2\">Normal<\/td>\n<td rowspan=\"2\">355W<\/td>\n<td colspan=\"3\" rowspan=\"2\">362W<\/td>\n<td colspan=\"3\" rowspan=\"2\">374W<\/td>\n<td colspan=\"2\" rowspan=\"2\">390W<\/td>\n<td colspan=\"4\" rowspan=\"2\">398W<\/td>\n<td colspan=\"3\"><\/td>\n<td colspan=\"2\" rowspan=\"2\"><\/td>\n<\/tr>\n<tr>\n<td colspan=\"3\">120W<\/td>\n<\/tr>\n<tr>\n<td colspan=\"2\" rowspan=\"2\">V\u00e6gt Kg 4Poles<\/td>\n<td>3<\/td>\n<td rowspan=\"2\">.8.8<\/td>\n<td colspan=\"2\">9<\/td>\n<td rowspan=\"2\">116.5<\/td>\n<td colspan=\"2\" rowspan=\"2\">17<\/td>\n<td colspan=\"3\" rowspan=\"2\">32<\/td>\n<td rowspan=\"2\">36<\/td>\n<td rowspan=\"2\">40<\/td>\n<td colspan=\"2\" rowspan=\"2\">49<\/td>\n<td rowspan=\"2\">95<\/td>\n<td colspan=\"2\" rowspan=\"2\">98<\/td>\n<td rowspan=\"2\">135<\/td>\n<\/tr>\n<\/tbody>\n<\/table>\n<\/div>\n<\/figure>","protected":false},"excerpt":{"rendered":"<p>CJQ3 Dual Power Automatic Transfer Switch Series er en slags ny automatisk overf\u00f8rselsafbryder samlet med switch og logisk controller \uff0c opn\u00e5 mekanik og elektricitet til en integreret helhed. Det er velegnet til brug i distributionsudstyret i industri og forretning med nominel isoleringssp\u00e6nding op til 690V, nominel frekvens 50Hz \/ 60Hz, nominel sp\u00e6nding 380V, konventionel varmestr\u00f8m op til 3200A, det bruges til automatisk at overf\u00f8re mellem normal str\u00f8m og reservekraft i elsystemet eller overf\u00f8re automatisk og sikkerhedsisolering af to s\u00e6t belastningsenhed osv. Det kan bruges til hospital, butik, bank, h\u00f8j bygning, kulmine, telekommunikation, jernmine, motorvej, lufthavn, industriel flydende vandlinje og milit\u00e6r installation osv. Vigtig situation, hvor str\u00f8mforsyningsfejl ikke er tilladt.<\/p>","protected":false},"featured_media":2061,"template":"","meta":{"site-sidebar-layout":"default","site-content-layout":"","ast-site-content-layout":"default","site-content-style":"default","site-sidebar-style":"default","ast-global-header-display":"","ast-banner-title-visibility":"","ast-main-header-display":"","ast-hfb-above-header-display":"","ast-hfb-below-header-display":"","ast-hfb-mobile-header-display":"","site-post-title":"","ast-breadcrumbs-content":"","ast-featured-img":"","footer-sml-layout":"","ast-disable-related-posts":"","theme-transparent-header-meta":"default","adv-header-id-meta":"","stick-header-meta":"","header-above-stick-meta":"","header-main-stick-meta":"","header-below-stick-meta":"","astra-migrate-meta-layouts":"set","ast-page-background-enabled":"default","ast-page-background-meta":{"desktop":{"background-color":"var(--ast-global-color-4)","background-image":"","background-repeat":"repeat","background-position":"center center","background-size":"auto","background-attachment":"scroll","background-type":"","background-media":"","overlay-type":"","overlay-color":"","overlay-opacity":"","overlay-gradient":""},"tablet":{"background-color":"","background-image":"","background-repeat":"repeat","background-position":"center center","background-size":"auto","background-attachment":"scroll","background-type":"","background-media":"","overlay-type":"","overlay-color":"","overlay-opacity":"","overlay-gradient":""},"mobile":{"background-color":"","background-image":"","background-repeat":"repeat","background-position":"center center","background-size":"auto","background-attachment":"scroll","background-type":"","background-media":"","overlay-type":"","overlay-color":"","overlay-opacity":"","overlay-gradient":""}},"ast-content-background-meta":{"desktop":{"background-color":"var(--ast-global-color-5)","background-image":"","background-repeat":"repeat","background-position":"center center","background-size":"auto","background-attachment":"scroll","background-type":"","background-media":"","overlay-type":"","overlay-color":"","overlay-opacity":"","overlay-gradient":""},"tablet":{"background-color":"var(--ast-global-color-5)","background-image":"","background-repeat":"repeat","background-position":"center center","background-size":"auto","background-attachment":"scroll","background-type":"","background-media":"","overlay-type":"","overlay-color":"","overlay-opacity":"","overlay-gradient":""},"mobile":{"background-color":"var(--ast-global-color-5)","background-image":"","background-repeat":"repeat","background-position":"center center","background-size":"auto","background-attachment":"scroll","background-type":"","background-media":"","overlay-type":"","overlay-color":"","overlay-opacity":"","overlay-gradient":""}}},"product_brand":[],"product_cat":[24],"product_tag":[],"class_list":{"0":"post-2057","1":"product","2":"type-product","3":"status-publish","4":"has-post-thumbnail","6":"product_cat-dual-power-automatic-transfer-switch","7":"desktop-align-left","8":"tablet-align-left","9":"mobile-align-left","11":"first","12":"instock","13":"shipping-taxable","14":"product-type-simple"},"yoast_head":"<!-- This site is optimized with the Yoast SEO plugin v24.8.1 - https:\/\/yoast.com\/wordpress\/plugins\/seo\/ -->\n<title>Isolation Type Dual Power ATS Automatic Transfer Switch Manufacturer - JYIELE<\/title>\n<meta name=\"robots\" content=\"index, follow, max-snippet:-1, max-image-preview:large, max-video-preview:-1\" \/>\n<link rel=\"canonical\" href=\"https:\/\/www.jyiele.com\/da\/product\/isolation-type-dual-power-ats-automatic-transfer-switch\/\" \/>\n<meta property=\"og:locale\" content=\"da_DK\" \/>\n<meta property=\"og:type\" content=\"article\" \/>\n<meta property=\"og:title\" content=\"Isolation Type Dual Power ATS Automatic Transfer Switch Manufacturer - JYIELE\" \/>\n<meta property=\"og:description\" content=\"CJQ3 Dual Power Automatic Transfer Switch Series is a kind of new automatic transfer switch gathered with switch and logic controller\uff0cachieve mechanic and electricity turn into a integral whole. It is suitable for using in the distribution equipment in industry and business with rated insulating voltage up to 690V, rated frequency 50Hz\/60Hz, rated voltage 380V, conventional heating current up to 3200A ,it is used to transfer automatically between Normal power and reserve power in power system or transfer automatically and safety isolation of two sets load device etc. It can be used for hospital, shop, bank, high building, coal mine, telecommunication, iron mine, superhighway, airport, industrial flowing water line and military installation etc. Important situation where disallow power supply failure.\" \/>\n<meta property=\"og:url\" content=\"https:\/\/www.jyiele.com\/da\/product\/isolation-type-dual-power-ats-automatic-transfer-switch\/\" \/>\n<meta property=\"og:site_name\" content=\"JYIELE\" \/>\n<meta property=\"article:modified_time\" content=\"2025-03-09T11:41:06+00:00\" \/>\n<meta property=\"og:image\" content=\"https:\/\/www.jyiele.com\/wp-content\/uploads\/2024\/10\/Isolation-Type-Dual-Power-ATS-Automatic-Transfer-Switch.webp\" \/>\n\t<meta property=\"og:image:width\" content=\"800\" \/>\n\t<meta property=\"og:image:height\" content=\"800\" \/>\n\t<meta property=\"og:image:type\" content=\"image\/webp\" \/>\n<meta name=\"twitter:card\" content=\"summary_large_image\" \/>\n<meta name=\"twitter:label1\" content=\"Estimeret l\u00e6setid\" \/>\n\t<meta name=\"twitter:data1\" content=\"3 minutter\" \/>\n<script type=\"application\/ld+json\" class=\"yoast-schema-graph\">{\"@context\":\"https:\/\/schema.org\",\"@graph\":[{\"@type\":\"WebPage\",\"@id\":\"https:\/\/www.jyiele.com\/product\/isolation-type-dual-power-ats-automatic-transfer-switch\/\",\"url\":\"https:\/\/www.jyiele.com\/product\/isolation-type-dual-power-ats-automatic-transfer-switch\/\",\"name\":\"Isolation Type Dual Power ATS Automatic Transfer Switch Manufacturer - JYIELE\",\"isPartOf\":{\"@id\":\"https:\/\/www.jyiele.com\/#website\"},\"primaryImageOfPage\":{\"@id\":\"https:\/\/www.jyiele.com\/product\/isolation-type-dual-power-ats-automatic-transfer-switch\/#primaryimage\"},\"image\":{\"@id\":\"https:\/\/www.jyiele.com\/product\/isolation-type-dual-power-ats-automatic-transfer-switch\/#primaryimage\"},\"thumbnailUrl\":\"https:\/\/www.jyiele.com\/wp-content\/uploads\/2024\/10\/Isolation-Type-Dual-Power-ATS-Automatic-Transfer-Switch.webp\",\"datePublished\":\"2023-03-09T11:29:21+00:00\",\"dateModified\":\"2025-03-09T11:41:06+00:00\",\"breadcrumb\":{\"@id\":\"https:\/\/www.jyiele.com\/product\/isolation-type-dual-power-ats-automatic-transfer-switch\/#breadcrumb\"},\"inLanguage\":\"da-DK\",\"potentialAction\":[{\"@type\":\"ReadAction\",\"target\":[\"https:\/\/www.jyiele.com\/product\/isolation-type-dual-power-ats-automatic-transfer-switch\/\"]}]},{\"@type\":\"ImageObject\",\"inLanguage\":\"da-DK\",\"@id\":\"https:\/\/www.jyiele.com\/product\/isolation-type-dual-power-ats-automatic-transfer-switch\/#primaryimage\",\"url\":\"https:\/\/www.jyiele.com\/wp-content\/uploads\/2024\/10\/Isolation-Type-Dual-Power-ATS-Automatic-Transfer-Switch.webp\",\"contentUrl\":\"https:\/\/www.jyiele.com\/wp-content\/uploads\/2024\/10\/Isolation-Type-Dual-Power-ATS-Automatic-Transfer-Switch.webp\",\"width\":800,\"height\":800,\"caption\":\"Isolation Type Dual Power ATS Automatic Transfer Switch\"},{\"@type\":\"BreadcrumbList\",\"@id\":\"https:\/\/www.jyiele.com\/product\/isolation-type-dual-power-ats-automatic-transfer-switch\/#breadcrumb\",\"itemListElement\":[{\"@type\":\"ListItem\",\"position\":1,\"name\":\"Home\",\"item\":\"https:\/\/www.jyiele.com\/\"},{\"@type\":\"ListItem\",\"position\":2,\"name\":\"Product\",\"item\":\"https:\/\/www.jyiele.com\/product\/\"},{\"@type\":\"ListItem\",\"position\":3,\"name\":\"Dual Power Automatic Transfer Switch\",\"item\":\"https:\/\/www.jyiele.com\/it\/categoria-prodotto\/dual-power-automatic-transfer-switch\/\"},{\"@type\":\"ListItem\",\"position\":4,\"name\":\"Isolation Type Dual Power ATS Automatic Transfer Switch\"}]},{\"@type\":\"WebSite\",\"@id\":\"https:\/\/www.jyiele.com\/#website\",\"url\":\"https:\/\/www.jyiele.com\/\",\"name\":\"JYIELE\",\"description\":\"Vacuum Circuit Breaker manufacturer\",\"publisher\":{\"@id\":\"https:\/\/www.jyiele.com\/#organization\"},\"potentialAction\":[{\"@type\":\"SearchAction\",\"target\":{\"@type\":\"EntryPoint\",\"urlTemplate\":\"https:\/\/www.jyiele.com\/?s={search_term_string}\"},\"query-input\":{\"@type\":\"PropertyValueSpecification\",\"valueRequired\":true,\"valueName\":\"search_term_string\"}}],\"inLanguage\":\"da-DK\"},{\"@type\":\"Organization\",\"@id\":\"https:\/\/www.jyiele.com\/#organization\",\"name\":\"JYIELE\",\"url\":\"https:\/\/www.jyiele.com\/\",\"logo\":{\"@type\":\"ImageObject\",\"inLanguage\":\"da-DK\",\"@id\":\"https:\/\/www.jyiele.com\/#\/schema\/logo\/image\/\",\"url\":\"https:\/\/www.jyiele.com\/wp-content\/uploads\/2024\/09\/cropped-jyele-1.webp\",\"contentUrl\":\"https:\/\/www.jyiele.com\/wp-content\/uploads\/2024\/09\/cropped-jyele-1.webp\",\"width\":137,\"height\":60,\"caption\":\"JYIELE\"},\"image\":{\"@id\":\"https:\/\/www.jyiele.com\/#\/schema\/logo\/image\/\"}}]}<\/script>\n<!-- \/ Yoast SEO plugin. -->","yoast_head_json":{"title":"Isolation Type Dual Power ATS Automatic Transfer Switch Producent - JYIELE","robots":{"index":"index","follow":"follow","max-snippet":"max-snippet:-1","max-image-preview":"max-image-preview:large","max-video-preview":"max-video-preview:-1"},"canonical":"https:\/\/www.jyiele.com\/da\/product\/isolation-type-dual-power-ats-automatic-transfer-switch\/","og_locale":"da_DK","og_type":"article","og_title":"Isolation Type Dual Power ATS Automatic Transfer Switch Manufacturer - JYIELE","og_description":"CJQ3 Dual Power Automatic Transfer Switch Series is a kind of new automatic transfer switch gathered with switch and logic controller\uff0cachieve mechanic and electricity turn into a integral whole. It is suitable for using in the distribution equipment in industry and business with rated insulating voltage up to 690V, rated frequency 50Hz\/60Hz, rated voltage 380V, conventional heating current up to 3200A ,it is used to transfer automatically between Normal power and reserve power in power system or transfer automatically and safety isolation of two sets load device etc. It can be used for hospital, shop, bank, high building, coal mine, telecommunication, iron mine, superhighway, airport, industrial flowing water line and military installation etc. Important situation where disallow power supply failure.","og_url":"https:\/\/www.jyiele.com\/da\/product\/isolation-type-dual-power-ats-automatic-transfer-switch\/","og_site_name":"JYIELE","article_modified_time":"2025-03-09T11:41:06+00:00","og_image":[{"width":800,"height":800,"url":"https:\/\/www.jyiele.com\/wp-content\/uploads\/2024\/10\/Isolation-Type-Dual-Power-ATS-Automatic-Transfer-Switch.webp","type":"image\/webp"}],"twitter_card":"summary_large_image","twitter_misc":{"Estimeret l\u00e6setid":"3 minutter"},"schema":{"@context":"https:\/\/schema.org","@graph":[{"@type":"WebPage","@id":"https:\/\/www.jyiele.com\/product\/isolation-type-dual-power-ats-automatic-transfer-switch\/","url":"https:\/\/www.jyiele.com\/product\/isolation-type-dual-power-ats-automatic-transfer-switch\/","name":"Isolation Type Dual Power ATS Automatic Transfer Switch Producent - JYIELE","isPartOf":{"@id":"https:\/\/www.jyiele.com\/#website"},"primaryImageOfPage":{"@id":"https:\/\/www.jyiele.com\/product\/isolation-type-dual-power-ats-automatic-transfer-switch\/#primaryimage"},"image":{"@id":"https:\/\/www.jyiele.com\/product\/isolation-type-dual-power-ats-automatic-transfer-switch\/#primaryimage"},"thumbnailUrl":"https:\/\/www.jyiele.com\/wp-content\/uploads\/2024\/10\/Isolation-Type-Dual-Power-ATS-Automatic-Transfer-Switch.webp","datePublished":"2023-03-09T11:29:21+00:00","dateModified":"2025-03-09T11:41:06+00:00","breadcrumb":{"@id":"https:\/\/www.jyiele.com\/product\/isolation-type-dual-power-ats-automatic-transfer-switch\/#breadcrumb"},"inLanguage":"da-DK","potentialAction":[{"@type":"ReadAction","target":["https:\/\/www.jyiele.com\/product\/isolation-type-dual-power-ats-automatic-transfer-switch\/"]}]},{"@type":"ImageObject","inLanguage":"da-DK","@id":"https:\/\/www.jyiele.com\/product\/isolation-type-dual-power-ats-automatic-transfer-switch\/#primaryimage","url":"https:\/\/www.jyiele.com\/wp-content\/uploads\/2024\/10\/Isolation-Type-Dual-Power-ATS-Automatic-Transfer-Switch.webp","contentUrl":"https:\/\/www.jyiele.com\/wp-content\/uploads\/2024\/10\/Isolation-Type-Dual-Power-ATS-Automatic-Transfer-Switch.webp","width":800,"height":800,"caption":"Isolation Type Dual Power ATS Automatic Transfer Switch"},{"@type":"BreadcrumbList","@id":"https:\/\/www.jyiele.com\/product\/isolation-type-dual-power-ats-automatic-transfer-switch\/#breadcrumb","itemListElement":[{"@type":"ListItem","position":1,"name":"Home","item":"https:\/\/www.jyiele.com\/"},{"@type":"ListItem","position":2,"name":"Product","item":"https:\/\/www.jyiele.com\/product\/"},{"@type":"ListItem","position":3,"name":"Dual Power Automatic Transfer Switch","item":"https:\/\/www.jyiele.com\/it\/categoria-prodotto\/dual-power-automatic-transfer-switch\/"},{"@type":"ListItem","position":4,"name":"Isolation Type Dual Power ATS Automatic Transfer Switch"}]},{"@type":"WebSite","@id":"https:\/\/www.jyiele.com\/#website","url":"https:\/\/www.jyiele.com\/","name":"JYIELE","description":"Producent af vakuumafbrydere","publisher":{"@id":"https:\/\/www.jyiele.com\/#organization"},"potentialAction":[{"@type":"SearchAction","target":{"@type":"EntryPoint","urlTemplate":"https:\/\/www.jyiele.com\/?s={search_term_string}"},"query-input":{"@type":"PropertyValueSpecification","valueRequired":true,"valueName":"search_term_string"}}],"inLanguage":"da-DK"},{"@type":"Organization","@id":"https:\/\/www.jyiele.com\/#organization","name":"JYIELE","url":"https:\/\/www.jyiele.com\/","logo":{"@type":"ImageObject","inLanguage":"da-DK","@id":"https:\/\/www.jyiele.com\/#\/schema\/logo\/image\/","url":"https:\/\/www.jyiele.com\/wp-content\/uploads\/2024\/09\/cropped-jyele-1.webp","contentUrl":"https:\/\/www.jyiele.com\/wp-content\/uploads\/2024\/09\/cropped-jyele-1.webp","width":137,"height":60,"caption":"JYIELE"},"image":{"@id":"https:\/\/www.jyiele.com\/#\/schema\/logo\/image\/"}}]}},"_links":{"self":[{"href":"https:\/\/www.jyiele.com\/da\/wp-json\/wp\/v2\/product\/2057","targetHints":{"allow":["GET"]}}],"collection":[{"href":"https:\/\/www.jyiele.com\/da\/wp-json\/wp\/v2\/product"}],"about":[{"href":"https:\/\/www.jyiele.com\/da\/wp-json\/wp\/v2\/types\/product"}],"version-history":[{"count":1,"href":"https:\/\/www.jyiele.com\/da\/wp-json\/wp\/v2\/product\/2057\/revisions"}],"predecessor-version":[{"id":2062,"href":"https:\/\/www.jyiele.com\/da\/wp-json\/wp\/v2\/product\/2057\/revisions\/2062"}],"wp:featuredmedia":[{"embeddable":true,"href":"https:\/\/www.jyiele.com\/da\/wp-json\/wp\/v2\/media\/2061"}],"wp:attachment":[{"href":"https:\/\/www.jyiele.com\/da\/wp-json\/wp\/v2\/media?parent=2057"}],"wp:term":[{"taxonomy":"product_brand","embeddable":true,"href":"https:\/\/www.jyiele.com\/da\/wp-json\/wp\/v2\/product_brand?post=2057"},{"taxonomy":"product_cat","embeddable":true,"href":"https:\/\/www.jyiele.com\/da\/wp-json\/wp\/v2\/product_cat?post=2057"},{"taxonomy":"product_tag","embeddable":true,"href":"https:\/\/www.jyiele.com\/da\/wp-json\/wp\/v2\/product_tag?post=2057"}],"curies":[{"name":"wp","href":"https:\/\/api.w.org\/{rel}","templated":true}]}}