{"id":2101,"date":"2024-10-16T11:33:35","date_gmt":"2024-10-16T11:33:35","guid":{"rendered":"https:\/\/www.jy-electric.com\/?post_type=product&#038;p=2101"},"modified":"2025-03-09T11:35:21","modified_gmt":"2025-03-09T11:35:21","slug":"hpc-series-ip65-plastic-waterproof-electrical-circuit-breaker-junction-box","status":"publish","type":"product","link":"https:\/\/www.jyiele.com\/da\/product\/hpc-series-ip65-plastic-waterproof-electrical-circuit-breaker-junction-box\/","title":{"rendered":"HPC-serien IP65 plast vandt\u00e6t elektrisk afbryder samled\u00e5se"},"content":{"rendered":"<h2>Vigtige funktioner:<\/h2>\n<p>Panelets materiale<br \/>\nPanelet er lavet af ABS-materiale med h\u00f8j styrke, der giver holdbarhed og farvefastholdelse, mens det gennemsigtige d\u00e6ksel er lavet af polykarbonat (PC), der sikrer klart udsyn.<\/p>\n<p>D\u00e6ksel til \u00e5bning og lukning af push-type<br \/>\nD\u00e6kslet har en trykmekanisme, der g\u00f8r det nemt at \u00e5bne. Et let tryk \u00e5bner panelet, og det selvl\u00e5sende positioneringsh\u00e6ngsel sikrer sikker og stabil drift, n\u00e5r det er \u00e5bent.<\/p>\n<p>Design af ledninger<br \/>\nStyreskinnens st\u00f8tteplade kan l\u00f8ftes til den maksimale bev\u00e6gelige position, hvilket g\u00f8r det lettere at installere ledninger uden pladsbegr\u00e6nsninger. Boksen er designet med ledningsriller og udgangshuller til forskellige ledningsbehov, hvilket giver mulighed for problemfri installation af kabler og r\u00f8r.<\/p>\n<p>Installation af base<br \/>\nI bunden af kassen er der selvsk\u00e6rende skruehuller, som g\u00f8r det nemt at samle og installere. H\u00e6ngselssp\u00e6ndet kan monteres p\u00e5 enten den lange eller den korte side af kassen for at give fleksibilitet.<\/p>\n<p>Valgfri konfigurationer<br \/>\nDer findes et frontpanel og forskelligt monteringstilbeh\u00f8r til tilpasning. Denne serie er ogs\u00e5 velegnet til solcelleanl\u00e6g, hvor den fungerer som en kombinationsboks.<\/p>\n<h4 class=\"wp-block-heading\">Produktspecifikation<\/h4>\n<figure class=\"wp-block-table\">\n<div class=\"scroll\">\n<table>\n<tbody>\n<tr>\n<td>Model<\/td>\n<td>M\u00e5der<\/td>\n<td>IP-klassificering<\/td>\n<td>Produktst\u00f8rrelser (L*B*H) mm<\/td>\n<\/tr>\n<tr>\n<td>HPC-4<\/td>\n<td>24 m\u00e5der<\/td>\n<td>IP65<\/td>\n<td>107*212*92<\/td>\n<\/tr>\n<tr>\n<td>HPC-6<\/td>\n<td>6 m\u00e5der<\/td>\n<td>IP65<\/td>\n<td>165*200*100<\/td>\n<\/tr>\n<tr>\n<td>HPC-9<\/td>\n<td>9 m\u00e5der<\/td>\n<td>IP65<\/td>\n<td>219*200*100<\/td>\n<\/tr>\n<tr>\n<td>HPC-12<\/td>\n<td>12 m\u00e5der<\/td>\n<td>IP65<\/td>\n<td>273*230*110<\/td>\n<\/tr>\n<tr>\n<td>HPC-18<\/td>\n<td>18 m\u00e5der<\/td>\n<td>IP65<\/td>\n<td>381*230*110<\/td>\n<\/tr>\n<tr>\n<td>HPC-24<\/td>\n<td>24 m\u00e5der<\/td>\n<td>IP65<\/td>\n<td>273*380*110<\/td>\n<\/tr>\n<tr>\n<td>HPC-36<\/td>\n<td>36 m\u00e5der<\/td>\n<td>IP65<\/td>\n<td>381*380*110<\/td>\n<\/tr>\n<\/tbody>\n<\/table>\n<\/div>\n<\/figure>","protected":false},"excerpt":{"rendered":"<p>De v\u00e6gmonterede elskabe AG, AT, PG og PT er fremstillet af slagfast polykarbonat eller ABS og er designet til at modst\u00e5 barske industrimilj\u00f8er.<\/p>\n<p>Produktfunktioner<br \/>\nProduktnavn: Distributionsboks<br \/>\nN\u00f8gleord: Fordelingsboks elektrisk<br \/>\nMateriale: Polykarbonat (PC)\/ABS<br \/>\nM\u00e5der: 4 til 54 m\u00e5der<br \/>\nFunktion: Lang levetid<br \/>\nAnvendelse: Elektrisk kontrolboks til byggeri<br \/>\nFordel: OEM-service tilg\u00e6ngelig<br \/>\nAnvendelse: Terminalfordeling, solcellekombinationsboks<\/p>","protected":false},"featured_media":2105,"template":"","meta":{"site-sidebar-layout":"default","site-content-layout":"","ast-site-content-layout":"default","site-content-style":"default","site-sidebar-style":"default","ast-global-header-display":"","ast-banner-title-visibility":"","ast-main-header-display":"","ast-hfb-above-header-display":"","ast-hfb-below-header-display":"","ast-hfb-mobile-header-display":"","site-post-title":"","ast-breadcrumbs-content":"","ast-featured-img":"","footer-sml-layout":"","ast-disable-related-posts":"","theme-transparent-header-meta":"default","adv-header-id-meta":"","stick-header-meta":"","header-above-stick-meta":"","header-main-stick-meta":"","header-below-stick-meta":"","astra-migrate-meta-layouts":"set","ast-page-background-enabled":"default","ast-page-background-meta":{"desktop":{"background-color":"var(--ast-global-color-4)","background-image":"","background-repeat":"repeat","background-position":"center center","background-size":"auto","background-attachment":"scroll","background-type":"","background-media":"","overlay-type":"","overlay-color":"","overlay-opacity":"","overlay-gradient":""},"tablet":{"background-color":"","background-image":"","background-repeat":"repeat","background-position":"center center","background-size":"auto","background-attachment":"scroll","background-type":"","background-media":"","overlay-type":"","overlay-color":"","overlay-opacity":"","overlay-gradient":""},"mobile":{"background-color":"","background-image":"","background-repeat":"repeat","background-position":"center center","background-size":"auto","background-attachment":"scroll","background-type":"","background-media":"","overlay-type":"","overlay-color":"","overlay-opacity":"","overlay-gradient":""}},"ast-content-background-meta":{"desktop":{"background-color":"var(--ast-global-color-5)","background-image":"","background-repeat":"repeat","background-position":"center center","background-size":"auto","background-attachment":"scroll","background-type":"","background-media":"","overlay-type":"","overlay-color":"","overlay-opacity":"","overlay-gradient":""},"tablet":{"background-color":"var(--ast-global-color-5)","background-image":"","background-repeat":"repeat","background-position":"center center","background-size":"auto","background-attachment":"scroll","background-type":"","background-media":"","overlay-type":"","overlay-color":"","overlay-opacity":"","overlay-gradient":""},"mobile":{"background-color":"var(--ast-global-color-5)","background-image":"","background-repeat":"repeat","background-position":"center center","background-size":"auto","background-attachment":"scroll","background-type":"","background-media":"","overlay-type":"","overlay-color":"","overlay-opacity":"","overlay-gradient":""}}},"product_brand":[],"product_cat":[23],"product_tag":[],"class_list":{"0":"post-2101","1":"product","2":"type-product","3":"status-publish","4":"has-post-thumbnail","6":"product_cat-waterproof-plastic-enclosure","7":"desktop-align-left","8":"tablet-align-left","9":"mobile-align-left","11":"first","12":"instock","13":"shipping-taxable","14":"product-type-simple"},"yoast_head":"<!-- This site is optimized with the Yoast SEO plugin v24.8.1 - https:\/\/yoast.com\/wordpress\/plugins\/seo\/ -->\n<title>HPC Series IP65 Plastic Waterproof Electrical Circuit Breaker Junction Box - JYIELE<\/title>\n<meta name=\"robots\" content=\"index, follow, max-snippet:-1, max-image-preview:large, max-video-preview:-1\" \/>\n<link rel=\"canonical\" href=\"https:\/\/www.jyiele.com\/da\/product\/hpc-series-ip65-plastic-waterproof-electrical-circuit-breaker-junction-box\/\" \/>\n<meta property=\"og:locale\" content=\"da_DK\" \/>\n<meta property=\"og:type\" content=\"article\" \/>\n<meta property=\"og:title\" content=\"HPC Series IP65 Plastic Waterproof Electrical Circuit Breaker Junction Box - JYIELE\" \/>\n<meta property=\"og:description\" content=\"The AG, AT, PG, and PT wall-mounted electrical enclosures are made from impact-resistant polycarbonate or ABS, designed to withstand tough industrial environments.  Product Features Product Name: Distribution Box Keyword: Distribution Box Electrical Material: Polycarbonate (PC)\/ABS Ways: 4 to 54 ways Feature: Long Service Life Application: Construction Electrical Control Box Advantage: OEM Service Available Usage: Terminal Distribution, Solar Combiner Box\" \/>\n<meta property=\"og:url\" content=\"https:\/\/www.jyiele.com\/da\/product\/hpc-series-ip65-plastic-waterproof-electrical-circuit-breaker-junction-box\/\" \/>\n<meta property=\"og:site_name\" content=\"JYIELE\" \/>\n<meta property=\"article:modified_time\" content=\"2025-03-09T11:35:21+00:00\" \/>\n<meta property=\"og:image\" content=\"https:\/\/www.jyiele.com\/wp-content\/uploads\/2024\/10\/HPC-Series-IP65-Plastic-Waterproof-Electrical-Circuit-Breaker-Junction-Box.webp\" \/>\n\t<meta property=\"og:image:width\" content=\"800\" \/>\n\t<meta property=\"og:image:height\" content=\"800\" \/>\n\t<meta property=\"og:image:type\" content=\"image\/webp\" \/>\n<meta name=\"twitter:card\" content=\"summary_large_image\" \/>\n<meta name=\"twitter:label1\" content=\"Estimeret l\u00e6setid\" \/>\n\t<meta name=\"twitter:data1\" content=\"2 minutter\" \/>\n<script type=\"application\/ld+json\" class=\"yoast-schema-graph\">{\"@context\":\"https:\/\/schema.org\",\"@graph\":[{\"@type\":\"WebPage\",\"@id\":\"https:\/\/www.jyiele.com\/product\/hpc-series-ip65-plastic-waterproof-electrical-circuit-breaker-junction-box\/\",\"url\":\"https:\/\/www.jyiele.com\/product\/hpc-series-ip65-plastic-waterproof-electrical-circuit-breaker-junction-box\/\",\"name\":\"HPC Series IP65 Plastic Waterproof Electrical Circuit Breaker Junction Box - JYIELE\",\"isPartOf\":{\"@id\":\"https:\/\/www.jyiele.com\/#website\"},\"primaryImageOfPage\":{\"@id\":\"https:\/\/www.jyiele.com\/product\/hpc-series-ip65-plastic-waterproof-electrical-circuit-breaker-junction-box\/#primaryimage\"},\"image\":{\"@id\":\"https:\/\/www.jyiele.com\/product\/hpc-series-ip65-plastic-waterproof-electrical-circuit-breaker-junction-box\/#primaryimage\"},\"thumbnailUrl\":\"https:\/\/www.jyiele.com\/wp-content\/uploads\/2024\/10\/HPC-Series-IP65-Plastic-Waterproof-Electrical-Circuit-Breaker-Junction-Box.webp\",\"datePublished\":\"2024-10-16T11:33:35+00:00\",\"dateModified\":\"2025-03-09T11:35:21+00:00\",\"breadcrumb\":{\"@id\":\"https:\/\/www.jyiele.com\/product\/hpc-series-ip65-plastic-waterproof-electrical-circuit-breaker-junction-box\/#breadcrumb\"},\"inLanguage\":\"da-DK\",\"potentialAction\":[{\"@type\":\"ReadAction\",\"target\":[\"https:\/\/www.jyiele.com\/product\/hpc-series-ip65-plastic-waterproof-electrical-circuit-breaker-junction-box\/\"]}]},{\"@type\":\"ImageObject\",\"inLanguage\":\"da-DK\",\"@id\":\"https:\/\/www.jyiele.com\/product\/hpc-series-ip65-plastic-waterproof-electrical-circuit-breaker-junction-box\/#primaryimage\",\"url\":\"https:\/\/www.jyiele.com\/wp-content\/uploads\/2024\/10\/HPC-Series-IP65-Plastic-Waterproof-Electrical-Circuit-Breaker-Junction-Box.webp\",\"contentUrl\":\"https:\/\/www.jyiele.com\/wp-content\/uploads\/2024\/10\/HPC-Series-IP65-Plastic-Waterproof-Electrical-Circuit-Breaker-Junction-Box.webp\",\"width\":800,\"height\":800,\"caption\":\"HPC Series IP65 Plastic Waterproof Electrical Circuit Breaker Junction Box\"},{\"@type\":\"BreadcrumbList\",\"@id\":\"https:\/\/www.jyiele.com\/product\/hpc-series-ip65-plastic-waterproof-electrical-circuit-breaker-junction-box\/#breadcrumb\",\"itemListElement\":[{\"@type\":\"ListItem\",\"position\":1,\"name\":\"Home\",\"item\":\"https:\/\/www.jyiele.com\/\"},{\"@type\":\"ListItem\",\"position\":2,\"name\":\"Product\",\"item\":\"https:\/\/www.jyiele.com\/product\/\"},{\"@type\":\"ListItem\",\"position\":3,\"name\":\"Waterproof Plastic Enclosure\",\"item\":\"https:\/\/www.jyiele.com\/ja\/product-category\/waterproof-plastic-enclosure\/\"},{\"@type\":\"ListItem\",\"position\":4,\"name\":\"HPC Series IP65 Plastic Waterproof Electrical Circuit Breaker Junction Box\"}]},{\"@type\":\"WebSite\",\"@id\":\"https:\/\/www.jyiele.com\/#website\",\"url\":\"https:\/\/www.jyiele.com\/\",\"name\":\"JYIELE\",\"description\":\"Vacuum Circuit Breaker manufacturer\",\"publisher\":{\"@id\":\"https:\/\/www.jyiele.com\/#organization\"},\"potentialAction\":[{\"@type\":\"SearchAction\",\"target\":{\"@type\":\"EntryPoint\",\"urlTemplate\":\"https:\/\/www.jyiele.com\/?s={search_term_string}\"},\"query-input\":{\"@type\":\"PropertyValueSpecification\",\"valueRequired\":true,\"valueName\":\"search_term_string\"}}],\"inLanguage\":\"da-DK\"},{\"@type\":\"Organization\",\"@id\":\"https:\/\/www.jyiele.com\/#organization\",\"name\":\"JYIELE\",\"url\":\"https:\/\/www.jyiele.com\/\",\"logo\":{\"@type\":\"ImageObject\",\"inLanguage\":\"da-DK\",\"@id\":\"https:\/\/www.jyiele.com\/#\/schema\/logo\/image\/\",\"url\":\"https:\/\/www.jyiele.com\/wp-content\/uploads\/2024\/09\/cropped-jyele-1.webp\",\"contentUrl\":\"https:\/\/www.jyiele.com\/wp-content\/uploads\/2024\/09\/cropped-jyele-1.webp\",\"width\":137,\"height\":60,\"caption\":\"JYIELE\"},\"image\":{\"@id\":\"https:\/\/www.jyiele.com\/#\/schema\/logo\/image\/\"}}]}<\/script>\n<!-- \/ Yoast SEO plugin. -->","yoast_head_json":{"title":"HPC-serien IP65 vandt\u00e6t elektrisk afbryderkasse af plast - JYIELE","robots":{"index":"index","follow":"follow","max-snippet":"max-snippet:-1","max-image-preview":"max-image-preview:large","max-video-preview":"max-video-preview:-1"},"canonical":"https:\/\/www.jyiele.com\/da\/product\/hpc-series-ip65-plastic-waterproof-electrical-circuit-breaker-junction-box\/","og_locale":"da_DK","og_type":"article","og_title":"HPC Series IP65 Plastic Waterproof Electrical Circuit Breaker Junction Box - JYIELE","og_description":"The AG, AT, PG, and PT wall-mounted electrical enclosures are made from impact-resistant polycarbonate or ABS, designed to withstand tough industrial environments.  Product Features Product Name: Distribution Box Keyword: Distribution Box Electrical Material: Polycarbonate (PC)\/ABS Ways: 4 to 54 ways Feature: Long Service Life Application: Construction Electrical Control Box Advantage: OEM Service Available Usage: Terminal Distribution, Solar Combiner Box","og_url":"https:\/\/www.jyiele.com\/da\/product\/hpc-series-ip65-plastic-waterproof-electrical-circuit-breaker-junction-box\/","og_site_name":"JYIELE","article_modified_time":"2025-03-09T11:35:21+00:00","og_image":[{"width":800,"height":800,"url":"https:\/\/www.jyiele.com\/wp-content\/uploads\/2024\/10\/HPC-Series-IP65-Plastic-Waterproof-Electrical-Circuit-Breaker-Junction-Box.webp","type":"image\/webp"}],"twitter_card":"summary_large_image","twitter_misc":{"Estimeret l\u00e6setid":"2 minutter"},"schema":{"@context":"https:\/\/schema.org","@graph":[{"@type":"WebPage","@id":"https:\/\/www.jyiele.com\/product\/hpc-series-ip65-plastic-waterproof-electrical-circuit-breaker-junction-box\/","url":"https:\/\/www.jyiele.com\/product\/hpc-series-ip65-plastic-waterproof-electrical-circuit-breaker-junction-box\/","name":"HPC-serien IP65 vandt\u00e6t elektrisk afbryderkasse af plast - JYIELE","isPartOf":{"@id":"https:\/\/www.jyiele.com\/#website"},"primaryImageOfPage":{"@id":"https:\/\/www.jyiele.com\/product\/hpc-series-ip65-plastic-waterproof-electrical-circuit-breaker-junction-box\/#primaryimage"},"image":{"@id":"https:\/\/www.jyiele.com\/product\/hpc-series-ip65-plastic-waterproof-electrical-circuit-breaker-junction-box\/#primaryimage"},"thumbnailUrl":"https:\/\/www.jyiele.com\/wp-content\/uploads\/2024\/10\/HPC-Series-IP65-Plastic-Waterproof-Electrical-Circuit-Breaker-Junction-Box.webp","datePublished":"2024-10-16T11:33:35+00:00","dateModified":"2025-03-09T11:35:21+00:00","breadcrumb":{"@id":"https:\/\/www.jyiele.com\/product\/hpc-series-ip65-plastic-waterproof-electrical-circuit-breaker-junction-box\/#breadcrumb"},"inLanguage":"da-DK","potentialAction":[{"@type":"ReadAction","target":["https:\/\/www.jyiele.com\/product\/hpc-series-ip65-plastic-waterproof-electrical-circuit-breaker-junction-box\/"]}]},{"@type":"ImageObject","inLanguage":"da-DK","@id":"https:\/\/www.jyiele.com\/product\/hpc-series-ip65-plastic-waterproof-electrical-circuit-breaker-junction-box\/#primaryimage","url":"https:\/\/www.jyiele.com\/wp-content\/uploads\/2024\/10\/HPC-Series-IP65-Plastic-Waterproof-Electrical-Circuit-Breaker-Junction-Box.webp","contentUrl":"https:\/\/www.jyiele.com\/wp-content\/uploads\/2024\/10\/HPC-Series-IP65-Plastic-Waterproof-Electrical-Circuit-Breaker-Junction-Box.webp","width":800,"height":800,"caption":"HPC Series IP65 Plastic Waterproof Electrical Circuit Breaker Junction Box"},{"@type":"BreadcrumbList","@id":"https:\/\/www.jyiele.com\/product\/hpc-series-ip65-plastic-waterproof-electrical-circuit-breaker-junction-box\/#breadcrumb","itemListElement":[{"@type":"ListItem","position":1,"name":"Home","item":"https:\/\/www.jyiele.com\/"},{"@type":"ListItem","position":2,"name":"Product","item":"https:\/\/www.jyiele.com\/product\/"},{"@type":"ListItem","position":3,"name":"Waterproof Plastic Enclosure","item":"https:\/\/www.jyiele.com\/ja\/product-category\/waterproof-plastic-enclosure\/"},{"@type":"ListItem","position":4,"name":"HPC Series IP65 Plastic Waterproof Electrical Circuit Breaker Junction Box"}]},{"@type":"WebSite","@id":"https:\/\/www.jyiele.com\/#website","url":"https:\/\/www.jyiele.com\/","name":"JYIELE","description":"Producent af vakuumafbrydere","publisher":{"@id":"https:\/\/www.jyiele.com\/#organization"},"potentialAction":[{"@type":"SearchAction","target":{"@type":"EntryPoint","urlTemplate":"https:\/\/www.jyiele.com\/?s={search_term_string}"},"query-input":{"@type":"PropertyValueSpecification","valueRequired":true,"valueName":"search_term_string"}}],"inLanguage":"da-DK"},{"@type":"Organization","@id":"https:\/\/www.jyiele.com\/#organization","name":"JYIELE","url":"https:\/\/www.jyiele.com\/","logo":{"@type":"ImageObject","inLanguage":"da-DK","@id":"https:\/\/www.jyiele.com\/#\/schema\/logo\/image\/","url":"https:\/\/www.jyiele.com\/wp-content\/uploads\/2024\/09\/cropped-jyele-1.webp","contentUrl":"https:\/\/www.jyiele.com\/wp-content\/uploads\/2024\/09\/cropped-jyele-1.webp","width":137,"height":60,"caption":"JYIELE"},"image":{"@id":"https:\/\/www.jyiele.com\/#\/schema\/logo\/image\/"}}]}},"_links":{"self":[{"href":"https:\/\/www.jyiele.com\/da\/wp-json\/wp\/v2\/product\/2101","targetHints":{"allow":["GET"]}}],"collection":[{"href":"https:\/\/www.jyiele.com\/da\/wp-json\/wp\/v2\/product"}],"about":[{"href":"https:\/\/www.jyiele.com\/da\/wp-json\/wp\/v2\/types\/product"}],"version-history":[{"count":7,"href":"https:\/\/www.jyiele.com\/da\/wp-json\/wp\/v2\/product\/2101\/revisions"}],"predecessor-version":[{"id":2112,"href":"https:\/\/www.jyiele.com\/da\/wp-json\/wp\/v2\/product\/2101\/revisions\/2112"}],"wp:featuredmedia":[{"embeddable":true,"href":"https:\/\/www.jyiele.com\/da\/wp-json\/wp\/v2\/media\/2105"}],"wp:attachment":[{"href":"https:\/\/www.jyiele.com\/da\/wp-json\/wp\/v2\/media?parent=2101"}],"wp:term":[{"taxonomy":"product_brand","embeddable":true,"href":"https:\/\/www.jyiele.com\/da\/wp-json\/wp\/v2\/product_brand?post=2101"},{"taxonomy":"product_cat","embeddable":true,"href":"https:\/\/www.jyiele.com\/da\/wp-json\/wp\/v2\/product_cat?post=2101"},{"taxonomy":"product_tag","embeddable":true,"href":"https:\/\/www.jyiele.com\/da\/wp-json\/wp\/v2\/product_tag?post=2101"}],"curies":[{"name":"wp","href":"https:\/\/api.w.org\/{rel}","templated":true}]}}