{"id":2113,"date":"2024-10-16T11:51:04","date_gmt":"2024-10-16T11:51:04","guid":{"rendered":"https:\/\/www.jy-electric.com\/?post_type=product&#038;p=2113"},"modified":"2025-03-09T11:35:15","modified_gmt":"2025-03-09T11:35:15","slug":"ip65-outdoorusing-waterproof-pc-plastic-electrical-mcb-distribution-box","status":"publish","type":"product","link":"https:\/\/www.jyiele.com\/da\/product\/ip65-outdoorusing-waterproof-pc-plastic-electrical-mcb-distribution-box\/","title":{"rendered":"HT-serie Ip65 udend\u00f8rs brug vandt\u00e6t pc-plast elektrisk Mcb-distributionsboks"},"content":{"rendered":"<h2>HT-serie IP65 udend\u00f8rs vandt\u00e6t pc-plast elektrisk MCB-distributionsboks<\/h2>\n<h2>Vigtige funktioner:<\/h2>\n<p>Ind- og udl\u00f8bsmuligheder Flere<br \/>\nBoksen er designet med pr\u00e6reserverede ind- og udl\u00f8bshuller og inkluderer matchende nylonfuger for flere vandt\u00e6tningsmuligheder.<\/p>\n<p>Vandt\u00e6t PVC-strip<br \/>\nEn modstandsdygtig, korrosionsbeskyttende PVC-strimmel er fastgjort til kassen for holdbar vandt\u00e6thed.<\/p>\n<p>Fleksibelt installationsdesign<br \/>\nForborede monteringshuller og en 35 mm monteringsskinne g\u00f8r det nemt at installere nulr\u00e6kke- og jordklemmer, hvor det er n\u00f8dvendigt.<\/p>\n<p>Montering til flere form\u00e5l<br \/>\nHusene har flere reserverede monteringshuller for at give mulighed for lettere og mere tilpassede metoder til installation i forskellige milj\u00f8er.<\/p>\n<p>Robuste boliger<br \/>\nKabinettet er lavet af slagfast polykarbonat eller ABS og er velegnet til h\u00e5rde industrielle forhold.<\/p>\n<h4 class=\"wp-block-heading\">Produktspecifikation<\/h4>\n<figure class=\"wp-block-table\">\n<div class=\"scroll\">\n<table>\n<tbody>\n<tr>\n<td>Model<\/td>\n<td>M\u00e5der<\/td>\n<td>IP-klassificering<\/td>\n<td>Produktst\u00f8rrelser (L*B*H) (mm)<\/td>\n<td>Produktets v\u00e6gt<\/td>\n<\/tr>\n<tr>\n<td>HT-5<\/td>\n<td>5ways<\/td>\n<td>IP65<\/td>\n<td>120*160*95<\/td>\n<td>0,34 KG<\/td>\n<\/tr>\n<tr>\n<td>HT-8<\/td>\n<td>8 m\u00e5der<\/td>\n<td>IP65<\/td>\n<td>200*155*95<\/td>\n<td>0,53 KG<\/td>\n<\/tr>\n<tr>\n<td>HT-12<\/td>\n<td>12ways<\/td>\n<td>IP65<\/td>\n<td>250*195*110<\/td>\n<td>0,84 KG<\/td>\n<\/tr>\n<tr>\n<td>HT-15<\/td>\n<td>15 m\u00e5der<\/td>\n<td>IP65<\/td>\n<td>310*195*110<\/td>\n<td>0,9 KG<\/td>\n<\/tr>\n<tr>\n<td>HT-18<\/td>\n<td>18 m\u00e5der<\/td>\n<td>IP65<\/td>\n<td>365*195*110<\/td>\n<td>1,07 KG<\/td>\n<\/tr>\n<tr>\n<td>HT-24<\/td>\n<td>24 m\u00e5der<\/td>\n<td>IP65<\/td>\n<td>360*280*110<\/td>\n<td>1,35 KG<\/td>\n<\/tr>\n<\/tbody>\n<\/table>\n<\/div>\n<\/figure>","protected":false},"excerpt":{"rendered":"<p>HT-serien <strong>Fordelingsboks i plast<\/strong> designet efter international standard er en slags attraktiv og holdbar. Det er sikkert, p\u00e5lideligt og meget brugt i fabrikker, bygninger, boliger, indk\u00f8bscentre og mange andre steder.<\/p>\n<p>Modelnummer: HT-3<br \/>\nProduktnavn: Elektrisk fordelingsboks<br \/>\nAnvendelse: Lavsp\u00e6ndingsstr\u00f8mfordelingssystem<br \/>\nFarve: Lysegr\u00e5<br \/>\nInstallationstype: Overflademontering<br \/>\nBeskyttelsesgrad: IP65\/IP55\/IP44<br \/>\nM\u00e5der: 3 til 24 m\u00e5der<br \/>\nGaranti: 24 m\u00e5neder<br \/>\nNominel sp\u00e6nding: 220V-380V<br \/>\nNominel frekvens: 50-60HZ<br \/>\nCertificering: CE, ROHS<\/p>\n<p>&nbsp;<\/p>","protected":false},"featured_media":2116,"template":"","meta":{"site-sidebar-layout":"default","site-content-layout":"","ast-site-content-layout":"default","site-content-style":"default","site-sidebar-style":"default","ast-global-header-display":"","ast-banner-title-visibility":"","ast-main-header-display":"","ast-hfb-above-header-display":"","ast-hfb-below-header-display":"","ast-hfb-mobile-header-display":"","site-post-title":"","ast-breadcrumbs-content":"","ast-featured-img":"","footer-sml-layout":"","ast-disable-related-posts":"","theme-transparent-header-meta":"default","adv-header-id-meta":"","stick-header-meta":"","header-above-stick-meta":"","header-main-stick-meta":"","header-below-stick-meta":"","astra-migrate-meta-layouts":"set","ast-page-background-enabled":"default","ast-page-background-meta":{"desktop":{"background-color":"var(--ast-global-color-4)","background-image":"","background-repeat":"repeat","background-position":"center center","background-size":"auto","background-attachment":"scroll","background-type":"","background-media":"","overlay-type":"","overlay-color":"","overlay-opacity":"","overlay-gradient":""},"tablet":{"background-color":"","background-image":"","background-repeat":"repeat","background-position":"center center","background-size":"auto","background-attachment":"scroll","background-type":"","background-media":"","overlay-type":"","overlay-color":"","overlay-opacity":"","overlay-gradient":""},"mobile":{"background-color":"","background-image":"","background-repeat":"repeat","background-position":"center center","background-size":"auto","background-attachment":"scroll","background-type":"","background-media":"","overlay-type":"","overlay-color":"","overlay-opacity":"","overlay-gradient":""}},"ast-content-background-meta":{"desktop":{"background-color":"var(--ast-global-color-5)","background-image":"","background-repeat":"repeat","background-position":"center center","background-size":"auto","background-attachment":"scroll","background-type":"","background-media":"","overlay-type":"","overlay-color":"","overlay-opacity":"","overlay-gradient":""},"tablet":{"background-color":"var(--ast-global-color-5)","background-image":"","background-repeat":"repeat","background-position":"center center","background-size":"auto","background-attachment":"scroll","background-type":"","background-media":"","overlay-type":"","overlay-color":"","overlay-opacity":"","overlay-gradient":""},"mobile":{"background-color":"var(--ast-global-color-5)","background-image":"","background-repeat":"repeat","background-position":"center center","background-size":"auto","background-attachment":"scroll","background-type":"","background-media":"","overlay-type":"","overlay-color":"","overlay-opacity":"","overlay-gradient":""}}},"product_brand":[],"product_cat":[23],"product_tag":[],"class_list":{"0":"post-2113","1":"product","2":"type-product","3":"status-publish","4":"has-post-thumbnail","6":"product_cat-waterproof-plastic-enclosure","7":"desktop-align-left","8":"tablet-align-left","9":"mobile-align-left","11":"first","12":"instock","13":"shipping-taxable","14":"product-type-simple"},"yoast_head":"<!-- This site is optimized with the Yoast SEO plugin v24.8.1 - https:\/\/yoast.com\/wordpress\/plugins\/seo\/ -->\n<title>Ip65 Outdoorusing Waterproof PC Plastic Electrical Mcb Distribution Box Factory - JYIELE<\/title>\n<meta name=\"robots\" content=\"index, follow, max-snippet:-1, max-image-preview:large, max-video-preview:-1\" \/>\n<link rel=\"canonical\" href=\"https:\/\/www.jyiele.com\/da\/product\/ip65-outdoorusing-waterproof-pc-plastic-electrical-mcb-distribution-box\/\" \/>\n<meta property=\"og:locale\" content=\"da_DK\" \/>\n<meta property=\"og:type\" content=\"article\" \/>\n<meta property=\"og:title\" content=\"Ip65 Outdoorusing Waterproof PC Plastic Electrical Mcb Distribution Box Factory - JYIELE\" \/>\n<meta property=\"og:description\" content=\"HT Series Plastic Distribution Box designed by international standard is a kind of attractive and durable one. It is safe, reliable, and widely used in factories, buildings, residences, shopping centers, and many other places.  Model Number: HT-3 Product Name: Electrical Distribution Box Application: Low Voltage Power Distribution System Color: Light Grey Installation Type: Surface Mount Protection Degree: IP65\/IP55\/IP44 Ways: 3 to 24 ways Warranty: 24 Months Rated Voltage: 220V-380V Rated Frequency: 50-60HZ Certification: CE, ROHS  &nbsp;\" \/>\n<meta property=\"og:url\" content=\"https:\/\/www.jyiele.com\/da\/product\/ip65-outdoorusing-waterproof-pc-plastic-electrical-mcb-distribution-box\/\" \/>\n<meta property=\"og:site_name\" content=\"JYIELE\" \/>\n<meta property=\"article:modified_time\" content=\"2025-03-09T11:35:15+00:00\" \/>\n<meta property=\"og:image\" content=\"https:\/\/www.jyiele.com\/wp-content\/uploads\/2024\/10\/HT-Series-Ip65-Outdoorusing-Waterproof-PC-Plastic-Electrical-Mcb-Distribution-Box.webp\" \/>\n\t<meta property=\"og:image:width\" content=\"800\" \/>\n\t<meta property=\"og:image:height\" content=\"800\" \/>\n\t<meta property=\"og:image:type\" content=\"image\/webp\" \/>\n<meta name=\"twitter:card\" content=\"summary_large_image\" \/>\n<meta name=\"twitter:label1\" content=\"Estimeret l\u00e6setid\" \/>\n\t<meta name=\"twitter:data1\" content=\"1 minut\" \/>\n<script type=\"application\/ld+json\" class=\"yoast-schema-graph\">{\"@context\":\"https:\/\/schema.org\",\"@graph\":[{\"@type\":\"WebPage\",\"@id\":\"https:\/\/www.jyiele.com\/product\/ip65-outdoorusing-waterproof-pc-plastic-electrical-mcb-distribution-box\/\",\"url\":\"https:\/\/www.jyiele.com\/product\/ip65-outdoorusing-waterproof-pc-plastic-electrical-mcb-distribution-box\/\",\"name\":\"Ip65 Outdoorusing Waterproof PC Plastic Electrical Mcb Distribution Box Factory - JYIELE\",\"isPartOf\":{\"@id\":\"https:\/\/www.jyiele.com\/#website\"},\"primaryImageOfPage\":{\"@id\":\"https:\/\/www.jyiele.com\/product\/ip65-outdoorusing-waterproof-pc-plastic-electrical-mcb-distribution-box\/#primaryimage\"},\"image\":{\"@id\":\"https:\/\/www.jyiele.com\/product\/ip65-outdoorusing-waterproof-pc-plastic-electrical-mcb-distribution-box\/#primaryimage\"},\"thumbnailUrl\":\"https:\/\/www.jyiele.com\/wp-content\/uploads\/2024\/10\/HT-Series-Ip65-Outdoorusing-Waterproof-PC-Plastic-Electrical-Mcb-Distribution-Box.webp\",\"datePublished\":\"2024-10-16T11:51:04+00:00\",\"dateModified\":\"2025-03-09T11:35:15+00:00\",\"breadcrumb\":{\"@id\":\"https:\/\/www.jyiele.com\/product\/ip65-outdoorusing-waterproof-pc-plastic-electrical-mcb-distribution-box\/#breadcrumb\"},\"inLanguage\":\"da-DK\",\"potentialAction\":[{\"@type\":\"ReadAction\",\"target\":[\"https:\/\/www.jyiele.com\/product\/ip65-outdoorusing-waterproof-pc-plastic-electrical-mcb-distribution-box\/\"]}]},{\"@type\":\"ImageObject\",\"inLanguage\":\"da-DK\",\"@id\":\"https:\/\/www.jyiele.com\/product\/ip65-outdoorusing-waterproof-pc-plastic-electrical-mcb-distribution-box\/#primaryimage\",\"url\":\"https:\/\/www.jyiele.com\/wp-content\/uploads\/2024\/10\/HT-Series-Ip65-Outdoorusing-Waterproof-PC-Plastic-Electrical-Mcb-Distribution-Box.webp\",\"contentUrl\":\"https:\/\/www.jyiele.com\/wp-content\/uploads\/2024\/10\/HT-Series-Ip65-Outdoorusing-Waterproof-PC-Plastic-Electrical-Mcb-Distribution-Box.webp\",\"width\":800,\"height\":800,\"caption\":\"HT Series Ip65 Outdoorusing Waterproof PC Plastic Electrical Mcb Distribution Box\"},{\"@type\":\"BreadcrumbList\",\"@id\":\"https:\/\/www.jyiele.com\/product\/ip65-outdoorusing-waterproof-pc-plastic-electrical-mcb-distribution-box\/#breadcrumb\",\"itemListElement\":[{\"@type\":\"ListItem\",\"position\":1,\"name\":\"Home\",\"item\":\"https:\/\/www.jyiele.com\/\"},{\"@type\":\"ListItem\",\"position\":2,\"name\":\"Product\",\"item\":\"https:\/\/www.jyiele.com\/product\/\"},{\"@type\":\"ListItem\",\"position\":3,\"name\":\"Waterproof Plastic Enclosure\",\"item\":\"https:\/\/www.jyiele.com\/ja\/product-category\/waterproof-plastic-enclosure\/\"},{\"@type\":\"ListItem\",\"position\":4,\"name\":\"HT Series Ip65 Outdoorusing Waterproof PC Plastic Electrical Mcb Distribution Box\"}]},{\"@type\":\"WebSite\",\"@id\":\"https:\/\/www.jyiele.com\/#website\",\"url\":\"https:\/\/www.jyiele.com\/\",\"name\":\"JYIELE\",\"description\":\"Vacuum Circuit Breaker manufacturer\",\"publisher\":{\"@id\":\"https:\/\/www.jyiele.com\/#organization\"},\"potentialAction\":[{\"@type\":\"SearchAction\",\"target\":{\"@type\":\"EntryPoint\",\"urlTemplate\":\"https:\/\/www.jyiele.com\/?s={search_term_string}\"},\"query-input\":{\"@type\":\"PropertyValueSpecification\",\"valueRequired\":true,\"valueName\":\"search_term_string\"}}],\"inLanguage\":\"da-DK\"},{\"@type\":\"Organization\",\"@id\":\"https:\/\/www.jyiele.com\/#organization\",\"name\":\"JYIELE\",\"url\":\"https:\/\/www.jyiele.com\/\",\"logo\":{\"@type\":\"ImageObject\",\"inLanguage\":\"da-DK\",\"@id\":\"https:\/\/www.jyiele.com\/#\/schema\/logo\/image\/\",\"url\":\"https:\/\/www.jyiele.com\/wp-content\/uploads\/2024\/09\/cropped-jyele-1.webp\",\"contentUrl\":\"https:\/\/www.jyiele.com\/wp-content\/uploads\/2024\/09\/cropped-jyele-1.webp\",\"width\":137,\"height\":60,\"caption\":\"JYIELE\"},\"image\":{\"@id\":\"https:\/\/www.jyiele.com\/#\/schema\/logo\/image\/\"}}]}<\/script>\n<!-- \/ Yoast SEO plugin. -->","yoast_head_json":{"title":"Ip65 udend\u00f8rs brug af vandt\u00e6t pc-plast elektrisk Mcb-distributionsboks fabrik - JYIELE","robots":{"index":"index","follow":"follow","max-snippet":"max-snippet:-1","max-image-preview":"max-image-preview:large","max-video-preview":"max-video-preview:-1"},"canonical":"https:\/\/www.jyiele.com\/da\/product\/ip65-outdoorusing-waterproof-pc-plastic-electrical-mcb-distribution-box\/","og_locale":"da_DK","og_type":"article","og_title":"Ip65 Outdoorusing Waterproof PC Plastic Electrical Mcb Distribution Box Factory - JYIELE","og_description":"HT Series Plastic Distribution Box designed by international standard is a kind of attractive and durable one. It is safe, reliable, and widely used in factories, buildings, residences, shopping centers, and many other places.  Model Number: HT-3 Product Name: Electrical Distribution Box Application: Low Voltage Power Distribution System Color: Light Grey Installation Type: Surface Mount Protection Degree: IP65\/IP55\/IP44 Ways: 3 to 24 ways Warranty: 24 Months Rated Voltage: 220V-380V Rated Frequency: 50-60HZ Certification: CE, ROHS  &nbsp;","og_url":"https:\/\/www.jyiele.com\/da\/product\/ip65-outdoorusing-waterproof-pc-plastic-electrical-mcb-distribution-box\/","og_site_name":"JYIELE","article_modified_time":"2025-03-09T11:35:15+00:00","og_image":[{"width":800,"height":800,"url":"https:\/\/www.jyiele.com\/wp-content\/uploads\/2024\/10\/HT-Series-Ip65-Outdoorusing-Waterproof-PC-Plastic-Electrical-Mcb-Distribution-Box.webp","type":"image\/webp"}],"twitter_card":"summary_large_image","twitter_misc":{"Estimeret l\u00e6setid":"1 minut"},"schema":{"@context":"https:\/\/schema.org","@graph":[{"@type":"WebPage","@id":"https:\/\/www.jyiele.com\/product\/ip65-outdoorusing-waterproof-pc-plastic-electrical-mcb-distribution-box\/","url":"https:\/\/www.jyiele.com\/product\/ip65-outdoorusing-waterproof-pc-plastic-electrical-mcb-distribution-box\/","name":"Ip65 udend\u00f8rs brug af vandt\u00e6t pc-plast elektrisk Mcb-distributionsboks fabrik - JYIELE","isPartOf":{"@id":"https:\/\/www.jyiele.com\/#website"},"primaryImageOfPage":{"@id":"https:\/\/www.jyiele.com\/product\/ip65-outdoorusing-waterproof-pc-plastic-electrical-mcb-distribution-box\/#primaryimage"},"image":{"@id":"https:\/\/www.jyiele.com\/product\/ip65-outdoorusing-waterproof-pc-plastic-electrical-mcb-distribution-box\/#primaryimage"},"thumbnailUrl":"https:\/\/www.jyiele.com\/wp-content\/uploads\/2024\/10\/HT-Series-Ip65-Outdoorusing-Waterproof-PC-Plastic-Electrical-Mcb-Distribution-Box.webp","datePublished":"2024-10-16T11:51:04+00:00","dateModified":"2025-03-09T11:35:15+00:00","breadcrumb":{"@id":"https:\/\/www.jyiele.com\/product\/ip65-outdoorusing-waterproof-pc-plastic-electrical-mcb-distribution-box\/#breadcrumb"},"inLanguage":"da-DK","potentialAction":[{"@type":"ReadAction","target":["https:\/\/www.jyiele.com\/product\/ip65-outdoorusing-waterproof-pc-plastic-electrical-mcb-distribution-box\/"]}]},{"@type":"ImageObject","inLanguage":"da-DK","@id":"https:\/\/www.jyiele.com\/product\/ip65-outdoorusing-waterproof-pc-plastic-electrical-mcb-distribution-box\/#primaryimage","url":"https:\/\/www.jyiele.com\/wp-content\/uploads\/2024\/10\/HT-Series-Ip65-Outdoorusing-Waterproof-PC-Plastic-Electrical-Mcb-Distribution-Box.webp","contentUrl":"https:\/\/www.jyiele.com\/wp-content\/uploads\/2024\/10\/HT-Series-Ip65-Outdoorusing-Waterproof-PC-Plastic-Electrical-Mcb-Distribution-Box.webp","width":800,"height":800,"caption":"HT Series Ip65 Outdoorusing Waterproof PC Plastic Electrical Mcb Distribution Box"},{"@type":"BreadcrumbList","@id":"https:\/\/www.jyiele.com\/product\/ip65-outdoorusing-waterproof-pc-plastic-electrical-mcb-distribution-box\/#breadcrumb","itemListElement":[{"@type":"ListItem","position":1,"name":"Home","item":"https:\/\/www.jyiele.com\/"},{"@type":"ListItem","position":2,"name":"Product","item":"https:\/\/www.jyiele.com\/product\/"},{"@type":"ListItem","position":3,"name":"Waterproof Plastic Enclosure","item":"https:\/\/www.jyiele.com\/ja\/product-category\/waterproof-plastic-enclosure\/"},{"@type":"ListItem","position":4,"name":"HT Series Ip65 Outdoorusing Waterproof PC Plastic Electrical Mcb Distribution Box"}]},{"@type":"WebSite","@id":"https:\/\/www.jyiele.com\/#website","url":"https:\/\/www.jyiele.com\/","name":"JYIELE","description":"Producent af vakuumafbrydere","publisher":{"@id":"https:\/\/www.jyiele.com\/#organization"},"potentialAction":[{"@type":"SearchAction","target":{"@type":"EntryPoint","urlTemplate":"https:\/\/www.jyiele.com\/?s={search_term_string}"},"query-input":{"@type":"PropertyValueSpecification","valueRequired":true,"valueName":"search_term_string"}}],"inLanguage":"da-DK"},{"@type":"Organization","@id":"https:\/\/www.jyiele.com\/#organization","name":"JYIELE","url":"https:\/\/www.jyiele.com\/","logo":{"@type":"ImageObject","inLanguage":"da-DK","@id":"https:\/\/www.jyiele.com\/#\/schema\/logo\/image\/","url":"https:\/\/www.jyiele.com\/wp-content\/uploads\/2024\/09\/cropped-jyele-1.webp","contentUrl":"https:\/\/www.jyiele.com\/wp-content\/uploads\/2024\/09\/cropped-jyele-1.webp","width":137,"height":60,"caption":"JYIELE"},"image":{"@id":"https:\/\/www.jyiele.com\/#\/schema\/logo\/image\/"}}]}},"_links":{"self":[{"href":"https:\/\/www.jyiele.com\/da\/wp-json\/wp\/v2\/product\/2113","targetHints":{"allow":["GET"]}}],"collection":[{"href":"https:\/\/www.jyiele.com\/da\/wp-json\/wp\/v2\/product"}],"about":[{"href":"https:\/\/www.jyiele.com\/da\/wp-json\/wp\/v2\/types\/product"}],"version-history":[{"count":1,"href":"https:\/\/www.jyiele.com\/da\/wp-json\/wp\/v2\/product\/2113\/revisions"}],"predecessor-version":[{"id":2118,"href":"https:\/\/www.jyiele.com\/da\/wp-json\/wp\/v2\/product\/2113\/revisions\/2118"}],"wp:featuredmedia":[{"embeddable":true,"href":"https:\/\/www.jyiele.com\/da\/wp-json\/wp\/v2\/media\/2116"}],"wp:attachment":[{"href":"https:\/\/www.jyiele.com\/da\/wp-json\/wp\/v2\/media?parent=2113"}],"wp:term":[{"taxonomy":"product_brand","embeddable":true,"href":"https:\/\/www.jyiele.com\/da\/wp-json\/wp\/v2\/product_brand?post=2113"},{"taxonomy":"product_cat","embeddable":true,"href":"https:\/\/www.jyiele.com\/da\/wp-json\/wp\/v2\/product_cat?post=2113"},{"taxonomy":"product_tag","embeddable":true,"href":"https:\/\/www.jyiele.com\/da\/wp-json\/wp\/v2\/product_tag?post=2113"}],"curies":[{"name":"wp","href":"https:\/\/api.w.org\/{rel}","templated":true}]}}