{"id":2119,"date":"2024-10-16T12:03:50","date_gmt":"2024-10-16T12:03:50","guid":{"rendered":"https:\/\/www.jy-electric.com\/?post_type=product&#038;p=2119"},"modified":"2025-03-09T11:35:07","modified_gmt":"2025-03-09T11:35:07","slug":"ha-clear-cover-surface-waterproof-outdoor-waterproof-enclosure","status":"publish","type":"product","link":"https:\/\/www.jyiele.com\/da\/product\/ha-clear-cover-surface-waterproof-outdoor-waterproof-enclosure\/","title":{"rendered":"HA Series Clear Cover Overflade Vandt\u00e6t Udend\u00f8rs Vandt\u00e6t Kabinet"},"content":{"rendered":"<h2>N\u00f8glefunktioner og fordele:<\/h2>\n<p><strong>Skjult sp\u00e6nde:<\/strong> Elegant design med skjult sp\u00e6nde for ekstra sikkerhed og et p\u00e6nt udseende.<br \/>\n<strong>Vandt\u00e6t og st\u00f8vt\u00e6t:<\/strong> IP65-klassificering med forseglede skruehuller og vandt\u00e6tte strips for maksimal beskyttelse mod vand og st\u00f8v.<br \/>\n<strong>Modstandsdygtig over for slag:<\/strong> IK08-klassificering sikrer st\u00e6rk modstandsdygtighed over for st\u00f8d, velegnet til barske milj\u00f8er.<br \/>\n<strong>Nem installation:<\/strong> Forborede monteringshuller og reserverede porte g\u00f8r ops\u00e6tningen hurtig og enkel.<br \/>\n<strong>UV- og vejrbestandig:<\/strong> Holdbare ABS\/PC-materialer beskytter mod UV-eksponering og korrosion, perfekt til udend\u00f8rs brug.<\/p>\n<h2 class=\"wp-block-heading\">Produktspecifikation<\/h2>\n<figure class=\"wp-block-table\">\n<div class=\"scroll\">\n<table>\n<tbody>\n<tr>\n<td>Model<\/td>\n<td>M\u00e5der<\/td>\n<td>IP-klassificering<\/td>\n<td>Produktst\u00f8rrelser (L*B*H) mm<\/td>\n<td>Produktets v\u00e6gt<\/td>\n<\/tr>\n<tr>\n<td>HA-4<\/td>\n<td>4 veje<\/td>\n<td>IP65<\/td>\n<td>140*210*100<\/td>\n<td>0,49 KG<\/td>\n<\/tr>\n<tr>\n<td>HA-8<\/td>\n<td>8 m\u00e5der<\/td>\n<td>IP65<\/td>\n<td>215*210*100<\/td>\n<td>0,66 KG<\/td>\n<\/tr>\n<tr>\n<td>HA-12<\/td>\n<td>12ways<\/td>\n<td>IP65<\/td>\n<td>300*260*140<\/td>\n<td>1,32 KG<\/td>\n<\/tr>\n<tr>\n<td>HA-18<\/td>\n<td>15 m\u00e5der<\/td>\n<td>IP65<\/td>\n<td>410*285*140<\/td>\n<td>1.9JKG<\/td>\n<\/tr>\n<tr>\n<td>HA-24<\/td>\n<td>18 m\u00e5der<\/td>\n<td>IP65<\/td>\n<td>415*300*140<\/td>\n<td>2,1 KG<\/td>\n<\/tr>\n<tr>\n<td>HA-36<\/td>\n<td>24 m\u00e5der<\/td>\n<td>IP65<\/td>\n<td>570*300*140<\/td>\n<td>3 KG<\/td>\n<\/tr>\n<\/tbody>\n<\/table>\n<\/div>\n<\/figure>","protected":false},"excerpt":{"rendered":"<p>HA Series Clear Cover Surface Waterproof Outdoor Waterproof Enclosure er fremstillet af slagfast polykarbonat eller ABS og er ideelle til kr\u00e6vende udend\u00f8rs- og industrimilj\u00f8er.<\/p>\n<p>Model nr: HA-4<br \/>\nSkalmateriale: ABS\/PC<br \/>\nKlassificering af p\u00e5virkning: IK08<br \/>\nBeskyttelsesgrad: IP65<br \/>\nFarve: Lysegr\u00e5<br \/>\nDimensioner: 140210100mm<br \/>\nProduktionskapacitet: 100.000 enheder\/m\u00e5ned<br \/>\nAnvendelsesomr\u00e5de: H\u00f8jhuse, udend\u00f8rs elektriske systemer<\/p>","protected":false},"featured_media":2124,"template":"","meta":{"site-sidebar-layout":"default","site-content-layout":"","ast-site-content-layout":"default","site-content-style":"default","site-sidebar-style":"default","ast-global-header-display":"","ast-banner-title-visibility":"","ast-main-header-display":"","ast-hfb-above-header-display":"","ast-hfb-below-header-display":"","ast-hfb-mobile-header-display":"","site-post-title":"","ast-breadcrumbs-content":"","ast-featured-img":"","footer-sml-layout":"","theme-transparent-header-meta":"default","adv-header-id-meta":"","stick-header-meta":"","header-above-stick-meta":"","header-main-stick-meta":"","header-below-stick-meta":"","astra-migrate-meta-layouts":"set","ast-page-background-enabled":"default","ast-page-background-meta":{"desktop":{"background-color":"var(--ast-global-color-4)","background-image":"","background-repeat":"repeat","background-position":"center center","background-size":"auto","background-attachment":"scroll","background-type":"","background-media":"","overlay-type":"","overlay-color":"","overlay-opacity":"","overlay-gradient":""},"tablet":{"background-color":"","background-image":"","background-repeat":"repeat","background-position":"center center","background-size":"auto","background-attachment":"scroll","background-type":"","background-media":"","overlay-type":"","overlay-color":"","overlay-opacity":"","overlay-gradient":""},"mobile":{"background-color":"","background-image":"","background-repeat":"repeat","background-position":"center center","background-size":"auto","background-attachment":"scroll","background-type":"","background-media":"","overlay-type":"","overlay-color":"","overlay-opacity":"","overlay-gradient":""}},"ast-content-background-meta":{"desktop":{"background-color":"var(--ast-global-color-5)","background-image":"","background-repeat":"repeat","background-position":"center center","background-size":"auto","background-attachment":"scroll","background-type":"","background-media":"","overlay-type":"","overlay-color":"","overlay-opacity":"","overlay-gradient":""},"tablet":{"background-color":"var(--ast-global-color-5)","background-image":"","background-repeat":"repeat","background-position":"center center","background-size":"auto","background-attachment":"scroll","background-type":"","background-media":"","overlay-type":"","overlay-color":"","overlay-opacity":"","overlay-gradient":""},"mobile":{"background-color":"var(--ast-global-color-5)","background-image":"","background-repeat":"repeat","background-position":"center center","background-size":"auto","background-attachment":"scroll","background-type":"","background-media":"","overlay-type":"","overlay-color":"","overlay-opacity":"","overlay-gradient":""}}},"product_brand":[],"product_cat":[23],"product_tag":[],"class_list":{"0":"post-2119","1":"product","2":"type-product","3":"status-publish","4":"has-post-thumbnail","6":"product_cat-waterproof-plastic-enclosure","7":"desktop-align-left","8":"tablet-align-left","9":"mobile-align-left","11":"first","12":"instock","13":"shipping-taxable","14":"product-type-simple"},"yoast_head":"<!-- This site is optimized with the Yoast SEO plugin v24.8.1 - https:\/\/yoast.com\/wordpress\/plugins\/seo\/ -->\n<title>Clear Cover Surface Outdoor Waterproof Enclosure Manufacturer - JYIELE<\/title>\n<meta name=\"robots\" content=\"index, follow, max-snippet:-1, max-image-preview:large, max-video-preview:-1\" \/>\n<link rel=\"canonical\" href=\"https:\/\/www.jyiele.com\/da\/product\/ha-clear-cover-surface-waterproof-outdoor-waterproof-enclosure\/\" \/>\n<meta property=\"og:locale\" content=\"da_DK\" \/>\n<meta property=\"og:type\" content=\"article\" \/>\n<meta property=\"og:title\" content=\"Clear Cover Surface Outdoor Waterproof Enclosure Manufacturer - JYIELE\" \/>\n<meta property=\"og:description\" content=\"The HA Series Clear Cover Surface Waterproof Outdoor Waterproof Enclosure, made from impact-resistant polycarbonate or ABS, are ideal for tough outdoor and industrial environments.  Model NO.: HA-4 Shell Material: ABS\/PC Impact Rating: IK08 Protection Rating: IP65 Color: Light Gray Dimensions: 140210100mm Production Capacity: 100,000 units\/month Application Range: High-rise Buildings, Outdoor Electrical Systems\" \/>\n<meta property=\"og:url\" content=\"https:\/\/www.jyiele.com\/da\/product\/ha-clear-cover-surface-waterproof-outdoor-waterproof-enclosure\/\" \/>\n<meta property=\"og:site_name\" content=\"JYIELE\" \/>\n<meta property=\"article:modified_time\" content=\"2025-03-09T11:35:07+00:00\" \/>\n<meta property=\"og:image\" content=\"https:\/\/www.jyiele.com\/wp-content\/uploads\/2024\/10\/HA-Series-Clear-Cover-Surface-Waterproof-Outdoor-Waterproof-Enclosure.webp\" \/>\n\t<meta property=\"og:image:width\" content=\"800\" \/>\n\t<meta property=\"og:image:height\" content=\"800\" \/>\n\t<meta property=\"og:image:type\" content=\"image\/webp\" \/>\n<meta name=\"twitter:card\" content=\"summary_large_image\" \/>\n<meta name=\"twitter:label1\" content=\"Estimeret l\u00e6setid\" \/>\n\t<meta name=\"twitter:data1\" content=\"1 minut\" \/>\n<script type=\"application\/ld+json\" class=\"yoast-schema-graph\">{\"@context\":\"https:\/\/schema.org\",\"@graph\":[{\"@type\":\"WebPage\",\"@id\":\"https:\/\/www.jyiele.com\/product\/ha-clear-cover-surface-waterproof-outdoor-waterproof-enclosure\/\",\"url\":\"https:\/\/www.jyiele.com\/product\/ha-clear-cover-surface-waterproof-outdoor-waterproof-enclosure\/\",\"name\":\"Clear Cover Surface Outdoor Waterproof Enclosure Manufacturer - JYIELE\",\"isPartOf\":{\"@id\":\"https:\/\/www.jyiele.com\/#website\"},\"primaryImageOfPage\":{\"@id\":\"https:\/\/www.jyiele.com\/product\/ha-clear-cover-surface-waterproof-outdoor-waterproof-enclosure\/#primaryimage\"},\"image\":{\"@id\":\"https:\/\/www.jyiele.com\/product\/ha-clear-cover-surface-waterproof-outdoor-waterproof-enclosure\/#primaryimage\"},\"thumbnailUrl\":\"https:\/\/www.jyiele.com\/wp-content\/uploads\/2024\/10\/HA-Series-Clear-Cover-Surface-Waterproof-Outdoor-Waterproof-Enclosure.webp\",\"datePublished\":\"2024-10-16T12:03:50+00:00\",\"dateModified\":\"2025-03-09T11:35:07+00:00\",\"breadcrumb\":{\"@id\":\"https:\/\/www.jyiele.com\/product\/ha-clear-cover-surface-waterproof-outdoor-waterproof-enclosure\/#breadcrumb\"},\"inLanguage\":\"da-DK\",\"potentialAction\":[{\"@type\":\"ReadAction\",\"target\":[\"https:\/\/www.jyiele.com\/product\/ha-clear-cover-surface-waterproof-outdoor-waterproof-enclosure\/\"]}]},{\"@type\":\"ImageObject\",\"inLanguage\":\"da-DK\",\"@id\":\"https:\/\/www.jyiele.com\/product\/ha-clear-cover-surface-waterproof-outdoor-waterproof-enclosure\/#primaryimage\",\"url\":\"https:\/\/www.jyiele.com\/wp-content\/uploads\/2024\/10\/HA-Series-Clear-Cover-Surface-Waterproof-Outdoor-Waterproof-Enclosure.webp\",\"contentUrl\":\"https:\/\/www.jyiele.com\/wp-content\/uploads\/2024\/10\/HA-Series-Clear-Cover-Surface-Waterproof-Outdoor-Waterproof-Enclosure.webp\",\"width\":800,\"height\":800,\"caption\":\"HA Series Clear Cover Surface Waterproof Outdoor Waterproof Enclosure\"},{\"@type\":\"BreadcrumbList\",\"@id\":\"https:\/\/www.jyiele.com\/product\/ha-clear-cover-surface-waterproof-outdoor-waterproof-enclosure\/#breadcrumb\",\"itemListElement\":[{\"@type\":\"ListItem\",\"position\":1,\"name\":\"Home\",\"item\":\"https:\/\/www.jyiele.com\/\"},{\"@type\":\"ListItem\",\"position\":2,\"name\":\"Product\",\"item\":\"https:\/\/www.jyiele.com\/product\/\"},{\"@type\":\"ListItem\",\"position\":3,\"name\":\"Waterproof Plastic Enclosure\",\"item\":\"https:\/\/www.jyiele.com\/ja\/product-category\/waterproof-plastic-enclosure\/\"},{\"@type\":\"ListItem\",\"position\":4,\"name\":\"HA Series Clear Cover Surface Waterproof Outdoor Waterproof Enclosure\"}]},{\"@type\":\"WebSite\",\"@id\":\"https:\/\/www.jyiele.com\/#website\",\"url\":\"https:\/\/www.jyiele.com\/\",\"name\":\"JYIELE\",\"description\":\"Vacuum Circuit Breaker manufacturer\",\"publisher\":{\"@id\":\"https:\/\/www.jyiele.com\/#organization\"},\"potentialAction\":[{\"@type\":\"SearchAction\",\"target\":{\"@type\":\"EntryPoint\",\"urlTemplate\":\"https:\/\/www.jyiele.com\/?s={search_term_string}\"},\"query-input\":{\"@type\":\"PropertyValueSpecification\",\"valueRequired\":true,\"valueName\":\"search_term_string\"}}],\"inLanguage\":\"da-DK\"},{\"@type\":\"Organization\",\"@id\":\"https:\/\/www.jyiele.com\/#organization\",\"name\":\"JYIELE\",\"url\":\"https:\/\/www.jyiele.com\/\",\"logo\":{\"@type\":\"ImageObject\",\"inLanguage\":\"da-DK\",\"@id\":\"https:\/\/www.jyiele.com\/#\/schema\/logo\/image\/\",\"url\":\"https:\/\/www.jyiele.com\/wp-content\/uploads\/2024\/09\/cropped-jyele-1.webp\",\"contentUrl\":\"https:\/\/www.jyiele.com\/wp-content\/uploads\/2024\/09\/cropped-jyele-1.webp\",\"width\":137,\"height\":60,\"caption\":\"JYIELE\"},\"image\":{\"@id\":\"https:\/\/www.jyiele.com\/#\/schema\/logo\/image\/\"}}]}<\/script>\n<!-- \/ Yoast SEO plugin. -->","yoast_head_json":{"title":"Klar overflade udend\u00f8rs vandt\u00e6t kabinet Producent - JYIELE","robots":{"index":"index","follow":"follow","max-snippet":"max-snippet:-1","max-image-preview":"max-image-preview:large","max-video-preview":"max-video-preview:-1"},"canonical":"https:\/\/www.jyiele.com\/da\/product\/ha-clear-cover-surface-waterproof-outdoor-waterproof-enclosure\/","og_locale":"da_DK","og_type":"article","og_title":"Clear Cover Surface Outdoor Waterproof Enclosure Manufacturer - JYIELE","og_description":"The HA Series Clear Cover Surface Waterproof Outdoor Waterproof Enclosure, made from impact-resistant polycarbonate or ABS, are ideal for tough outdoor and industrial environments.  Model NO.: HA-4 Shell Material: ABS\/PC Impact Rating: IK08 Protection Rating: IP65 Color: Light Gray Dimensions: 140210100mm Production Capacity: 100,000 units\/month Application Range: High-rise Buildings, Outdoor Electrical Systems","og_url":"https:\/\/www.jyiele.com\/da\/product\/ha-clear-cover-surface-waterproof-outdoor-waterproof-enclosure\/","og_site_name":"JYIELE","article_modified_time":"2025-03-09T11:35:07+00:00","og_image":[{"width":800,"height":800,"url":"https:\/\/www.jyiele.com\/wp-content\/uploads\/2024\/10\/HA-Series-Clear-Cover-Surface-Waterproof-Outdoor-Waterproof-Enclosure.webp","type":"image\/webp"}],"twitter_card":"summary_large_image","twitter_misc":{"Estimeret l\u00e6setid":"1 minut"},"schema":{"@context":"https:\/\/schema.org","@graph":[{"@type":"WebPage","@id":"https:\/\/www.jyiele.com\/product\/ha-clear-cover-surface-waterproof-outdoor-waterproof-enclosure\/","url":"https:\/\/www.jyiele.com\/product\/ha-clear-cover-surface-waterproof-outdoor-waterproof-enclosure\/","name":"Klar overflade udend\u00f8rs vandt\u00e6t kabinet Producent - JYIELE","isPartOf":{"@id":"https:\/\/www.jyiele.com\/#website"},"primaryImageOfPage":{"@id":"https:\/\/www.jyiele.com\/product\/ha-clear-cover-surface-waterproof-outdoor-waterproof-enclosure\/#primaryimage"},"image":{"@id":"https:\/\/www.jyiele.com\/product\/ha-clear-cover-surface-waterproof-outdoor-waterproof-enclosure\/#primaryimage"},"thumbnailUrl":"https:\/\/www.jyiele.com\/wp-content\/uploads\/2024\/10\/HA-Series-Clear-Cover-Surface-Waterproof-Outdoor-Waterproof-Enclosure.webp","datePublished":"2024-10-16T12:03:50+00:00","dateModified":"2025-03-09T11:35:07+00:00","breadcrumb":{"@id":"https:\/\/www.jyiele.com\/product\/ha-clear-cover-surface-waterproof-outdoor-waterproof-enclosure\/#breadcrumb"},"inLanguage":"da-DK","potentialAction":[{"@type":"ReadAction","target":["https:\/\/www.jyiele.com\/product\/ha-clear-cover-surface-waterproof-outdoor-waterproof-enclosure\/"]}]},{"@type":"ImageObject","inLanguage":"da-DK","@id":"https:\/\/www.jyiele.com\/product\/ha-clear-cover-surface-waterproof-outdoor-waterproof-enclosure\/#primaryimage","url":"https:\/\/www.jyiele.com\/wp-content\/uploads\/2024\/10\/HA-Series-Clear-Cover-Surface-Waterproof-Outdoor-Waterproof-Enclosure.webp","contentUrl":"https:\/\/www.jyiele.com\/wp-content\/uploads\/2024\/10\/HA-Series-Clear-Cover-Surface-Waterproof-Outdoor-Waterproof-Enclosure.webp","width":800,"height":800,"caption":"HA Series Clear Cover Surface Waterproof Outdoor Waterproof Enclosure"},{"@type":"BreadcrumbList","@id":"https:\/\/www.jyiele.com\/product\/ha-clear-cover-surface-waterproof-outdoor-waterproof-enclosure\/#breadcrumb","itemListElement":[{"@type":"ListItem","position":1,"name":"Home","item":"https:\/\/www.jyiele.com\/"},{"@type":"ListItem","position":2,"name":"Product","item":"https:\/\/www.jyiele.com\/product\/"},{"@type":"ListItem","position":3,"name":"Waterproof Plastic Enclosure","item":"https:\/\/www.jyiele.com\/ja\/product-category\/waterproof-plastic-enclosure\/"},{"@type":"ListItem","position":4,"name":"HA Series Clear Cover Surface Waterproof Outdoor Waterproof Enclosure"}]},{"@type":"WebSite","@id":"https:\/\/www.jyiele.com\/#website","url":"https:\/\/www.jyiele.com\/","name":"JYIELE","description":"Producent af vakuumafbrydere","publisher":{"@id":"https:\/\/www.jyiele.com\/#organization"},"potentialAction":[{"@type":"SearchAction","target":{"@type":"EntryPoint","urlTemplate":"https:\/\/www.jyiele.com\/?s={search_term_string}"},"query-input":{"@type":"PropertyValueSpecification","valueRequired":true,"valueName":"search_term_string"}}],"inLanguage":"da-DK"},{"@type":"Organization","@id":"https:\/\/www.jyiele.com\/#organization","name":"JYIELE","url":"https:\/\/www.jyiele.com\/","logo":{"@type":"ImageObject","inLanguage":"da-DK","@id":"https:\/\/www.jyiele.com\/#\/schema\/logo\/image\/","url":"https:\/\/www.jyiele.com\/wp-content\/uploads\/2024\/09\/cropped-jyele-1.webp","contentUrl":"https:\/\/www.jyiele.com\/wp-content\/uploads\/2024\/09\/cropped-jyele-1.webp","width":137,"height":60,"caption":"JYIELE"},"image":{"@id":"https:\/\/www.jyiele.com\/#\/schema\/logo\/image\/"}}]}},"_links":{"self":[{"href":"https:\/\/www.jyiele.com\/da\/wp-json\/wp\/v2\/product\/2119","targetHints":{"allow":["GET"]}}],"collection":[{"href":"https:\/\/www.jyiele.com\/da\/wp-json\/wp\/v2\/product"}],"about":[{"href":"https:\/\/www.jyiele.com\/da\/wp-json\/wp\/v2\/types\/product"}],"version-history":[{"count":3,"href":"https:\/\/www.jyiele.com\/da\/wp-json\/wp\/v2\/product\/2119\/revisions"}],"predecessor-version":[{"id":2126,"href":"https:\/\/www.jyiele.com\/da\/wp-json\/wp\/v2\/product\/2119\/revisions\/2126"}],"wp:featuredmedia":[{"embeddable":true,"href":"https:\/\/www.jyiele.com\/da\/wp-json\/wp\/v2\/media\/2124"}],"wp:attachment":[{"href":"https:\/\/www.jyiele.com\/da\/wp-json\/wp\/v2\/media?parent=2119"}],"wp:term":[{"taxonomy":"product_brand","embeddable":true,"href":"https:\/\/www.jyiele.com\/da\/wp-json\/wp\/v2\/product_brand?post=2119"},{"taxonomy":"product_cat","embeddable":true,"href":"https:\/\/www.jyiele.com\/da\/wp-json\/wp\/v2\/product_cat?post=2119"},{"taxonomy":"product_tag","embeddable":true,"href":"https:\/\/www.jyiele.com\/da\/wp-json\/wp\/v2\/product_tag?post=2119"}],"curies":[{"name":"wp","href":"https:\/\/api.w.org\/{rel}","templated":true}]}}