{"id":2138,"date":"2024-10-16T12:32:07","date_gmt":"2024-10-16T12:32:07","guid":{"rendered":"https:\/\/www.jy-electric.com\/?post_type=product&#038;p=2138"},"modified":"2025-03-09T11:34:08","modified_gmt":"2025-03-09T11:34:08","slug":"waterproof-electrical-plastic-junction-box-with-hinge","status":"publish","type":"product","link":"https:\/\/www.jyiele.com\/da\/product\/waterproof-electrical-plastic-junction-box-with-hinge\/","title":{"rendered":"F-serie vandt\u00e6t elektrisk plastforbindelsesboks med h\u00e6ngsel"},"content":{"rendered":"<h2>Vandt\u00e6t elektrisk samled\u00e5se i plast med h\u00e6ngsel<\/h2>\n<p>Denne samled\u00e5se har et h\u00e6ngsel- og l\u00e5sedesign, der giver nem adgang, og er udstyret med robuste sp\u00e6nder, der sikrer en sikker forsegling og forbedrer b\u00e5de vandt\u00e6theden og den elektriske sikkerhed. Det holdbare materiale giver fremragende modstandsdygtighed over for UV-str\u00e5ler, vejrforhold og korrosion, hvilket g\u00f8r den ideel til langvarig brug.<\/p>\n<h2>Anvendelse:<\/h2>\n<p>Denne vandt\u00e6tte samled\u00e5se er velegnet til en lang r\u00e6kke indend\u00f8rs og udend\u00f8rs anvendelser, herunder elektriske systemer, kommunikation, brandslukningsudstyr, st\u00e5lproduktion, petrokemisk industri, elektronik, elnet, jernbaner, bygninger, minedrift, lufthavne, havne, hoteller, skibe, industrianl\u00e6g, spildevandsrensning og milj\u00f8beskyttelsesudstyr.<\/p>\n<h2>Installation:<\/h2>\n<p>Indvendig: Basen har forborede installationshuller til montering af printkort eller DIN-skinner (hver boks leveres med mere end 2 M4-messingm\u00f8trikker).<br \/>\nUdvendig: Kan monteres direkte p\u00e5 v\u00e6gge eller flade overflader ved hj\u00e6lp af skruer eller s\u00f8m gennem de forborede huller i basen.<\/p>\n<p>Udl\u00f8bshul:<\/p>\n<p>Der kan tilf\u00f8jes tilpassede udgangshuller i henhold til kundens krav, og installation af kabelforskruninger forbedrer den vandt\u00e6tte ydeevne.<\/p>\n<h4 class=\"wp-block-heading\">Produktmodel med navn<\/h4>\n<figure class=\"wp-block-table\">\n<div class=\"scroll\">\n<table>\n<tbody>\n<tr>\n<td rowspan=\"8\">Model AGF-20\/30\/160<\/td>\n<td>A<\/td>\n<td>materiale<\/td>\n<td>A:ABS P:PC<\/td>\n<\/tr>\n<tr>\n<td>G<\/td>\n<td>Farve p\u00e5 l\u00e5g<\/td>\n<td>G:Gr\u00e5 T:Gennemsigtig<\/td>\n<\/tr>\n<tr>\n<td rowspan=\"3\">F<\/td>\n<td rowspan=\"3\">type<\/td>\n<td>F: H\u00e6ngsler af plast i form<\/td>\n<\/tr>\n<tr>\n<td>P: Plasth\u00e6ngsel i form<\/td>\n<\/tr>\n<tr>\n<td>H: H\u00e6ngsel og l\u00e5s i rustfrit st\u00e5l<\/td>\n<\/tr>\n<tr>\n<td>20<\/td>\n<td>Bredde (W)<\/td>\n<td><\/td>\n<\/tr>\n<tr>\n<td>30<\/td>\n<td>L\u00e6ngde (L)<\/td>\n<td>h\u00e6ngsel, l\u00e5s monteringsoverfladen<\/td>\n<\/tr>\n<tr>\n<td>160<\/td>\n<td>H\u00f8jt(H)<\/td>\n<td>Med l\u00e5g<\/td>\n<\/tr>\n<\/tbody>\n<\/table>\n<\/div>\n<\/figure>\n<h4 class=\"wp-block-heading\">Tekniske parametre<\/h4>\n<figure class=\"wp-block-table\">\n<div class=\"scroll\">\n<table>\n<tbody>\n<tr>\n<td colspan=\"2\"><strong>Beskrive<\/strong><\/td>\n<td>PC (polykarbonat)<\/td>\n<td>ABS<\/td>\n<\/tr>\n<tr>\n<td colspan=\"2\">Beskyttelsesgrad (EN 60529)<\/td>\n<td>IP65<\/td>\n<td>IP65<\/td>\n<\/tr>\n<tr>\n<td colspan=\"2\">Modstandsdygtighed over for st\u00f8d (EN 62262)<\/td>\n<td>IK08<\/td>\n<td>IK08<\/td>\n<\/tr>\n<tr>\n<td colspan=\"2\">Temperaturomr\u00e5de (p\u00e5 kort sigt)<\/td>\n<td>-40\u2103~120\u2103<\/td>\n<td>-40\u2103~80\u2103<\/td>\n<\/tr>\n<tr>\n<td colspan=\"2\">Temperaturomr\u00e5de (kontinuerligt)<\/td>\n<td>-40\u2103~80\u2103<\/td>\n<td>-40\u2103~60\u2103<\/td>\n<\/tr>\n<tr>\n<td colspan=\"2\">Isolering<\/td>\n<td>Fuldt isoleret<\/td>\n<td>Fuldt isoleret<\/td>\n<\/tr>\n<tr>\n<td rowspan=\"2\">Farve og glans<\/td>\n<td>uigennemsigtig-lys gr\u00e5 del<\/td>\n<td>RAL 7035<\/td>\n<td>RAL 7035<\/td>\n<\/tr>\n<tr>\n<td>gennemsigtig-PC-d\u00e6kseldel<\/td>\n<td>transparent\/r\u00f8ggr\u00e5<\/td>\n<td>transparent\/r\u00f8ggr\u00e5<\/td>\n<\/tr>\n<tr>\n<td colspan=\"2\">H\u00e6ngsel\/sp\u00e6nder farve (PC)<\/td>\n<td>RAL 7035<\/td>\n<td>RAL 7035<\/td>\n<\/tr>\n<tr>\n<td colspan=\"2\">Pakning<\/td>\n<td>PUR\/EPDM<\/td>\n<td>PUR\/EPDM<\/td>\n<\/tr>\n<tr>\n<td colspan=\"2\">Flammeh\u00e6mmende kvalitet<\/td>\n<td>UL94-5V<\/td>\n<td>UL94HB<\/td>\n<\/tr>\n<tr>\n<td colspan=\"2\">Test af br\u00e6ndende ledning (IEC695-2-1)<\/td>\n<td>960\u2103<\/td>\n<td>650\u2103<\/td>\n<\/tr>\n<tr>\n<td colspan=\"2\">Ikke-giftig<\/td>\n<td>Halogenfri<\/td>\n<td>Halogenfri<\/td>\n<\/tr>\n<tr>\n<td colspan=\"2\">Uv-test<\/td>\n<td>UL 508(IN aldrende maskine 720h)<\/td>\n<td><\/td>\n<\/tr>\n<tr>\n<td colspan=\"2\">Kemisk modstandsdygtighed<\/td>\n<td>God<\/td>\n<td>God<\/td>\n<\/tr>\n<\/tbody>\n<\/table>\n<\/div>\n<\/figure>\n<h4 class=\"wp-block-heading\">Produktspecifikation<\/h4>\n<figure class=\"wp-block-table\">\n<div class=\"scroll\">\n<table>\n<tbody>\n<tr>\n<td>W*H*D<\/td>\n<td colspan=\"2\">ABS Massivt d\u00e6ksel<\/td>\n<td colspan=\"2\">PC solidt d\u00e6ksel<\/td>\n<td>IP-klassificering<\/td>\n<\/tr>\n<tr>\n<td>Omridsdimension (MM)<\/td>\n<td>Model<\/td>\n<td>Bestillingskode<\/td>\n<td>Model<\/td>\n<td>Bestillingskode<\/td>\n<td>IP65<\/td>\n<\/tr>\n<tr>\n<td>300*200*160<\/td>\n<td>AG-3020160<\/td>\n<td>042429191400017<\/td>\n<td>PG-3020160<\/td>\n<td>042429191400019<\/td>\n<td>IP65<\/td>\n<\/tr>\n<tr>\n<td>300*200*170<\/td>\n<td>AG-3020170<\/td>\n<td>00203020170069<\/td>\n<td>PG-3020170<\/td>\n<td>00203020170075<\/td>\n<td>IP65<\/td>\n<\/tr>\n<tr>\n<td>300*200*180<\/td>\n<td>AG-3020180<\/td>\n<td>00303020180075<\/td>\n<td>PG-3020180<\/td>\n<td>00303020180081<\/td>\n<td>IP65<\/td>\n<\/tr>\n<tr>\n<td>400*300*170<\/td>\n<td>AG-3040170<\/td>\n<td>00403040170081<\/td>\n<td>PG-3040170<\/td>\n<td>00403040170115<\/td>\n<td>IP65<\/td>\n<\/tr>\n<tr>\n<td>400*300*180<\/td>\n<td>AG-3040180<\/td>\n<td>005030400180081<\/td>\n<td>PG-3040180<\/td>\n<td>005030400180122<\/td>\n<td>IP65<\/td>\n<\/tr>\n<tr>\n<td>500*400*200<\/td>\n<td>AG-4050200<\/td>\n<td>00604050222140<\/td>\n<td>PG-4050200<\/td>\n<td>00604050200209<\/td>\n<td>IP65<\/td>\n<\/tr>\n<tr>\n<td>600*500*220<\/td>\n<td>AG-5060220<\/td>\n<td>007050600205<\/td>\n<td>PG-5060220<\/td>\n<td>007050600235<\/td>\n<td>IP65<\/td>\n<\/tr>\n<tr>\n<td>150*100*70<\/td>\n<td>AG-151070<\/td>\n<td>04201510700001<\/td>\n<td>PG-151070<\/td>\n<td>04201510700003<\/td>\n<td>IP65<\/td>\n<\/tr>\n<tr>\n<td>150*150*90<\/td>\n<td>AG-151590<\/td>\n<td>04211515900005<\/td>\n<td>PG-151590<\/td>\n<td>04211515900007<\/td>\n<td>IP65<\/td>\n<\/tr>\n<tr>\n<td>200*100*70<\/td>\n<td>AG-201070<\/td>\n<td>04222010700009<\/td>\n<td>PG-201070<\/td>\n<td>04222010700011<\/td>\n<td>IP65<\/td>\n<\/tr>\n<tr>\n<td>220*170*110<\/td>\n<td>AG-2217110<\/td>\n<td>042322171100013<\/td>\n<td>PG-2217110<\/td>\n<td>042322171100015<\/td>\n<td>IP65<\/td>\n<\/tr>\n<tr>\n<td>290*190*140<\/td>\n<td>AG-2919140<\/td>\n<td>042429191400017<\/td>\n<td>PG-2919140<\/td>\n<td>042429191400019<\/td>\n<td>IP65<\/td>\n<\/tr>\n<tr>\n<td>330*330*130<\/td>\n<td>AG-3333130<\/td>\n<td>042533331300021<\/td>\n<td>PG-3333130<\/td>\n<td>042533331300023<\/td>\n<td>IP65<\/td>\n<\/tr>\n<tr>\n<td>390*290*160<\/td>\n<td>AG-3929160<\/td>\n<td>042639291600025<\/td>\n<td>PG-3929160<\/td>\n<td>042639291600027<\/td>\n<td>IP65<\/td>\n<\/tr>\n<\/tbody>\n<\/table>\n<\/div>\n<\/figure>\n<h4 class=\"wp-block-heading\"><\/h4>","protected":false},"excerpt":{"rendered":"<p>Den <strong>Vandt\u00e6t elektrisk samled\u00e5se af plast<\/strong> er designet til at beskytte og sikre din applikation mod vejrliget med et h\u00e6ngslet og l\u00e5st l\u00e5g. Fremstillet af kraftigt UV-bestandigt materiale til lang levetid i barske milj\u00f8er. Passer til kundens udgangshuller til indl\u00f8b eller montering af ledninger med flere nemme, enkle installationsmuligheder, hvilket g\u00f8r den velegnet til indend\u00f8rs og udend\u00f8rs brug i mange applikationer.<\/p>","protected":false},"featured_media":2141,"template":"","meta":{"site-sidebar-layout":"default","site-content-layout":"","ast-site-content-layout":"default","site-content-style":"default","site-sidebar-style":"default","ast-global-header-display":"","ast-banner-title-visibility":"","ast-main-header-display":"","ast-hfb-above-header-display":"","ast-hfb-below-header-display":"","ast-hfb-mobile-header-display":"","site-post-title":"","ast-breadcrumbs-content":"","ast-featured-img":"","footer-sml-layout":"","ast-disable-related-posts":"","theme-transparent-header-meta":"default","adv-header-id-meta":"","stick-header-meta":"","header-above-stick-meta":"","header-main-stick-meta":"","header-below-stick-meta":"","astra-migrate-meta-layouts":"set","ast-page-background-enabled":"default","ast-page-background-meta":{"desktop":{"background-color":"var(--ast-global-color-4)","background-image":"","background-repeat":"repeat","background-position":"center center","background-size":"auto","background-attachment":"scroll","background-type":"","background-media":"","overlay-type":"","overlay-color":"","overlay-opacity":"","overlay-gradient":""},"tablet":{"background-color":"","background-image":"","background-repeat":"repeat","background-position":"center center","background-size":"auto","background-attachment":"scroll","background-type":"","background-media":"","overlay-type":"","overlay-color":"","overlay-opacity":"","overlay-gradient":""},"mobile":{"background-color":"","background-image":"","background-repeat":"repeat","background-position":"center center","background-size":"auto","background-attachment":"scroll","background-type":"","background-media":"","overlay-type":"","overlay-color":"","overlay-opacity":"","overlay-gradient":""}},"ast-content-background-meta":{"desktop":{"background-color":"var(--ast-global-color-5)","background-image":"","background-repeat":"repeat","background-position":"center center","background-size":"auto","background-attachment":"scroll","background-type":"","background-media":"","overlay-type":"","overlay-color":"","overlay-opacity":"","overlay-gradient":""},"tablet":{"background-color":"var(--ast-global-color-5)","background-image":"","background-repeat":"repeat","background-position":"center center","background-size":"auto","background-attachment":"scroll","background-type":"","background-media":"","overlay-type":"","overlay-color":"","overlay-opacity":"","overlay-gradient":""},"mobile":{"background-color":"var(--ast-global-color-5)","background-image":"","background-repeat":"repeat","background-position":"center center","background-size":"auto","background-attachment":"scroll","background-type":"","background-media":"","overlay-type":"","overlay-color":"","overlay-opacity":"","overlay-gradient":""}}},"product_brand":[],"product_cat":[23],"product_tag":[],"class_list":{"0":"post-2138","1":"product","2":"type-product","3":"status-publish","4":"has-post-thumbnail","6":"product_cat-waterproof-plastic-enclosure","7":"desktop-align-left","8":"tablet-align-left","9":"mobile-align-left","11":"first","12":"instock","13":"shipping-taxable","14":"product-type-simple"},"yoast_head":"<!-- This site is optimized with the Yoast SEO plugin v24.8.1 - https:\/\/yoast.com\/wordpress\/plugins\/seo\/ -->\n<title>F Series Waterproof Electrical Plastic Junction Box With Hinge - JYIELE<\/title>\n<meta name=\"robots\" content=\"index, follow, max-snippet:-1, max-image-preview:large, max-video-preview:-1\" \/>\n<link rel=\"canonical\" href=\"https:\/\/www.jyiele.com\/da\/product\/waterproof-electrical-plastic-junction-box-with-hinge\/\" \/>\n<meta property=\"og:locale\" content=\"da_DK\" \/>\n<meta property=\"og:type\" content=\"article\" \/>\n<meta property=\"og:title\" content=\"F Series Waterproof Electrical Plastic Junction Box With Hinge - JYIELE\" \/>\n<meta property=\"og:description\" content=\"The Waterproof Electrical Plastic Junction Box is designed to protect and safely weatherproof your application with a hinged and latched lid. Manufactured from heavy-duty UV-resistant material for long service in harsh environments. Accommodates customer outlet holes for inlets or mounting wires with several easy, simple installation options, making it suitable for indoor and outdoor usage in many applications.\" \/>\n<meta property=\"og:url\" content=\"https:\/\/www.jyiele.com\/da\/product\/waterproof-electrical-plastic-junction-box-with-hinge\/\" \/>\n<meta property=\"og:site_name\" content=\"JYIELE\" \/>\n<meta property=\"article:modified_time\" content=\"2025-03-09T11:34:08+00:00\" \/>\n<meta property=\"og:image\" content=\"https:\/\/www.jyiele.com\/wp-content\/uploads\/2024\/10\/Electrical-Plastic-Junction-Box.webp\" \/>\n\t<meta property=\"og:image:width\" content=\"800\" \/>\n\t<meta property=\"og:image:height\" content=\"800\" \/>\n\t<meta property=\"og:image:type\" content=\"image\/webp\" \/>\n<meta name=\"twitter:card\" content=\"summary_large_image\" \/>\n<meta name=\"twitter:label1\" content=\"Estimeret l\u00e6setid\" \/>\n\t<meta name=\"twitter:data1\" content=\"2 minutter\" \/>\n<script type=\"application\/ld+json\" class=\"yoast-schema-graph\">{\"@context\":\"https:\/\/schema.org\",\"@graph\":[{\"@type\":\"WebPage\",\"@id\":\"https:\/\/www.jyiele.com\/ja\/product\/waterproof-electrical-plastic-junction-box-with-hinge\/\",\"url\":\"https:\/\/www.jyiele.com\/ja\/product\/waterproof-electrical-plastic-junction-box-with-hinge\/\",\"name\":\"F Series Waterproof Electrical Plastic Junction Box With Hinge - JYIELE\",\"isPartOf\":{\"@id\":\"https:\/\/www.jyiele.com\/#website\"},\"primaryImageOfPage\":{\"@id\":\"https:\/\/www.jyiele.com\/ja\/product\/waterproof-electrical-plastic-junction-box-with-hinge\/#primaryimage\"},\"image\":{\"@id\":\"https:\/\/www.jyiele.com\/ja\/product\/waterproof-electrical-plastic-junction-box-with-hinge\/#primaryimage\"},\"thumbnailUrl\":\"https:\/\/www.jyiele.com\/wp-content\/uploads\/2024\/10\/Electrical-Plastic-Junction-Box.webp\",\"datePublished\":\"2024-10-16T12:32:07+00:00\",\"dateModified\":\"2025-03-09T11:34:08+00:00\",\"breadcrumb\":{\"@id\":\"https:\/\/www.jyiele.com\/ja\/product\/waterproof-electrical-plastic-junction-box-with-hinge\/#breadcrumb\"},\"inLanguage\":\"da-DK\",\"potentialAction\":[{\"@type\":\"ReadAction\",\"target\":[\"https:\/\/www.jyiele.com\/ja\/product\/waterproof-electrical-plastic-junction-box-with-hinge\/\"]}]},{\"@type\":\"ImageObject\",\"inLanguage\":\"da-DK\",\"@id\":\"https:\/\/www.jyiele.com\/ja\/product\/waterproof-electrical-plastic-junction-box-with-hinge\/#primaryimage\",\"url\":\"https:\/\/www.jyiele.com\/wp-content\/uploads\/2024\/10\/Electrical-Plastic-Junction-Box.webp\",\"contentUrl\":\"https:\/\/www.jyiele.com\/wp-content\/uploads\/2024\/10\/Electrical-Plastic-Junction-Box.webp\",\"width\":800,\"height\":800,\"caption\":\"Electrical Plastic Junction Box\"},{\"@type\":\"BreadcrumbList\",\"@id\":\"https:\/\/www.jyiele.com\/ja\/product\/waterproof-electrical-plastic-junction-box-with-hinge\/#breadcrumb\",\"itemListElement\":[{\"@type\":\"ListItem\",\"position\":1,\"name\":\"Home\",\"item\":\"https:\/\/www.jyiele.com\/\"},{\"@type\":\"ListItem\",\"position\":2,\"name\":\"Product\",\"item\":\"https:\/\/www.jyiele.com\/product\/\"},{\"@type\":\"ListItem\",\"position\":3,\"name\":\"Waterproof Plastic Enclosure\",\"item\":\"https:\/\/www.jyiele.com\/ja\/product-category\/waterproof-plastic-enclosure\/\"},{\"@type\":\"ListItem\",\"position\":4,\"name\":\"F Series Waterproof Electrical Plastic Junction Box With Hinge\"}]},{\"@type\":\"WebSite\",\"@id\":\"https:\/\/www.jyiele.com\/#website\",\"url\":\"https:\/\/www.jyiele.com\/\",\"name\":\"JYIELE\",\"description\":\"Vacuum Circuit Breaker manufacturer\",\"publisher\":{\"@id\":\"https:\/\/www.jyiele.com\/#organization\"},\"potentialAction\":[{\"@type\":\"SearchAction\",\"target\":{\"@type\":\"EntryPoint\",\"urlTemplate\":\"https:\/\/www.jyiele.com\/?s={search_term_string}\"},\"query-input\":{\"@type\":\"PropertyValueSpecification\",\"valueRequired\":true,\"valueName\":\"search_term_string\"}}],\"inLanguage\":\"da-DK\"},{\"@type\":\"Organization\",\"@id\":\"https:\/\/www.jyiele.com\/#organization\",\"name\":\"JYIELE\",\"url\":\"https:\/\/www.jyiele.com\/\",\"logo\":{\"@type\":\"ImageObject\",\"inLanguage\":\"da-DK\",\"@id\":\"https:\/\/www.jyiele.com\/#\/schema\/logo\/image\/\",\"url\":\"https:\/\/www.jyiele.com\/wp-content\/uploads\/2024\/09\/cropped-jyele-1.webp\",\"contentUrl\":\"https:\/\/www.jyiele.com\/wp-content\/uploads\/2024\/09\/cropped-jyele-1.webp\",\"width\":137,\"height\":60,\"caption\":\"JYIELE\"},\"image\":{\"@id\":\"https:\/\/www.jyiele.com\/#\/schema\/logo\/image\/\"}}]}<\/script>\n<!-- \/ Yoast SEO plugin. -->","yoast_head_json":{"title":"F-serie vandt\u00e6t elektrisk plastforbindelsesboks med h\u00e6ngsel - JYIELE","robots":{"index":"index","follow":"follow","max-snippet":"max-snippet:-1","max-image-preview":"max-image-preview:large","max-video-preview":"max-video-preview:-1"},"canonical":"https:\/\/www.jyiele.com\/da\/product\/waterproof-electrical-plastic-junction-box-with-hinge\/","og_locale":"da_DK","og_type":"article","og_title":"F Series Waterproof Electrical Plastic Junction Box With Hinge - JYIELE","og_description":"The Waterproof Electrical Plastic Junction Box is designed to protect and safely weatherproof your application with a hinged and latched lid. Manufactured from heavy-duty UV-resistant material for long service in harsh environments. Accommodates customer outlet holes for inlets or mounting wires with several easy, simple installation options, making it suitable for indoor and outdoor usage in many applications.","og_url":"https:\/\/www.jyiele.com\/da\/product\/waterproof-electrical-plastic-junction-box-with-hinge\/","og_site_name":"JYIELE","article_modified_time":"2025-03-09T11:34:08+00:00","og_image":[{"width":800,"height":800,"url":"https:\/\/www.jyiele.com\/wp-content\/uploads\/2024\/10\/Electrical-Plastic-Junction-Box.webp","type":"image\/webp"}],"twitter_card":"summary_large_image","twitter_misc":{"Estimeret l\u00e6setid":"2 minutter"},"schema":{"@context":"https:\/\/schema.org","@graph":[{"@type":"WebPage","@id":"https:\/\/www.jyiele.com\/ja\/product\/waterproof-electrical-plastic-junction-box-with-hinge\/","url":"https:\/\/www.jyiele.com\/ja\/product\/waterproof-electrical-plastic-junction-box-with-hinge\/","name":"F-serie vandt\u00e6t elektrisk plastforbindelsesboks med h\u00e6ngsel - JYIELE","isPartOf":{"@id":"https:\/\/www.jyiele.com\/#website"},"primaryImageOfPage":{"@id":"https:\/\/www.jyiele.com\/ja\/product\/waterproof-electrical-plastic-junction-box-with-hinge\/#primaryimage"},"image":{"@id":"https:\/\/www.jyiele.com\/ja\/product\/waterproof-electrical-plastic-junction-box-with-hinge\/#primaryimage"},"thumbnailUrl":"https:\/\/www.jyiele.com\/wp-content\/uploads\/2024\/10\/Electrical-Plastic-Junction-Box.webp","datePublished":"2024-10-16T12:32:07+00:00","dateModified":"2025-03-09T11:34:08+00:00","breadcrumb":{"@id":"https:\/\/www.jyiele.com\/ja\/product\/waterproof-electrical-plastic-junction-box-with-hinge\/#breadcrumb"},"inLanguage":"da-DK","potentialAction":[{"@type":"ReadAction","target":["https:\/\/www.jyiele.com\/ja\/product\/waterproof-electrical-plastic-junction-box-with-hinge\/"]}]},{"@type":"ImageObject","inLanguage":"da-DK","@id":"https:\/\/www.jyiele.com\/ja\/product\/waterproof-electrical-plastic-junction-box-with-hinge\/#primaryimage","url":"https:\/\/www.jyiele.com\/wp-content\/uploads\/2024\/10\/Electrical-Plastic-Junction-Box.webp","contentUrl":"https:\/\/www.jyiele.com\/wp-content\/uploads\/2024\/10\/Electrical-Plastic-Junction-Box.webp","width":800,"height":800,"caption":"Electrical Plastic Junction Box"},{"@type":"BreadcrumbList","@id":"https:\/\/www.jyiele.com\/ja\/product\/waterproof-electrical-plastic-junction-box-with-hinge\/#breadcrumb","itemListElement":[{"@type":"ListItem","position":1,"name":"Home","item":"https:\/\/www.jyiele.com\/"},{"@type":"ListItem","position":2,"name":"Product","item":"https:\/\/www.jyiele.com\/product\/"},{"@type":"ListItem","position":3,"name":"Waterproof Plastic Enclosure","item":"https:\/\/www.jyiele.com\/ja\/product-category\/waterproof-plastic-enclosure\/"},{"@type":"ListItem","position":4,"name":"F Series Waterproof Electrical Plastic Junction Box With Hinge"}]},{"@type":"WebSite","@id":"https:\/\/www.jyiele.com\/#website","url":"https:\/\/www.jyiele.com\/","name":"JYIELE","description":"Producent af vakuumafbrydere","publisher":{"@id":"https:\/\/www.jyiele.com\/#organization"},"potentialAction":[{"@type":"SearchAction","target":{"@type":"EntryPoint","urlTemplate":"https:\/\/www.jyiele.com\/?s={search_term_string}"},"query-input":{"@type":"PropertyValueSpecification","valueRequired":true,"valueName":"search_term_string"}}],"inLanguage":"da-DK"},{"@type":"Organization","@id":"https:\/\/www.jyiele.com\/#organization","name":"JYIELE","url":"https:\/\/www.jyiele.com\/","logo":{"@type":"ImageObject","inLanguage":"da-DK","@id":"https:\/\/www.jyiele.com\/#\/schema\/logo\/image\/","url":"https:\/\/www.jyiele.com\/wp-content\/uploads\/2024\/09\/cropped-jyele-1.webp","contentUrl":"https:\/\/www.jyiele.com\/wp-content\/uploads\/2024\/09\/cropped-jyele-1.webp","width":137,"height":60,"caption":"JYIELE"},"image":{"@id":"https:\/\/www.jyiele.com\/#\/schema\/logo\/image\/"}}]}},"_links":{"self":[{"href":"https:\/\/www.jyiele.com\/da\/wp-json\/wp\/v2\/product\/2138","targetHints":{"allow":["GET"]}}],"collection":[{"href":"https:\/\/www.jyiele.com\/da\/wp-json\/wp\/v2\/product"}],"about":[{"href":"https:\/\/www.jyiele.com\/da\/wp-json\/wp\/v2\/types\/product"}],"version-history":[{"count":2,"href":"https:\/\/www.jyiele.com\/da\/wp-json\/wp\/v2\/product\/2138\/revisions"}],"predecessor-version":[{"id":2142,"href":"https:\/\/www.jyiele.com\/da\/wp-json\/wp\/v2\/product\/2138\/revisions\/2142"}],"wp:featuredmedia":[{"embeddable":true,"href":"https:\/\/www.jyiele.com\/da\/wp-json\/wp\/v2\/media\/2141"}],"wp:attachment":[{"href":"https:\/\/www.jyiele.com\/da\/wp-json\/wp\/v2\/media?parent=2138"}],"wp:term":[{"taxonomy":"product_brand","embeddable":true,"href":"https:\/\/www.jyiele.com\/da\/wp-json\/wp\/v2\/product_brand?post=2138"},{"taxonomy":"product_cat","embeddable":true,"href":"https:\/\/www.jyiele.com\/da\/wp-json\/wp\/v2\/product_cat?post=2138"},{"taxonomy":"product_tag","embeddable":true,"href":"https:\/\/www.jyiele.com\/da\/wp-json\/wp\/v2\/product_tag?post=2138"}],"curies":[{"name":"wp","href":"https:\/\/api.w.org\/{rel}","templated":true}]}}