{"id":2143,"date":"2024-10-16T12:45:56","date_gmt":"2024-10-16T12:45:56","guid":{"rendered":"https:\/\/www.jy-electric.com\/?post_type=product&#038;p=2143"},"modified":"2025-03-09T11:34:16","modified_gmt":"2025-03-09T11:34:16","slug":"water-proof-control-panel-enclosure","status":"publish","type":"product","link":"https:\/\/www.jyiele.com\/da\/product\/water-proof-control-panel-enclosure\/","title":{"rendered":"Vandt\u00e6t kontrolpanelskab af \u00f8konomitype -A-serie \u00d8konomisk"},"content":{"rendered":"<h2>Vigtige funktioner:<\/h2>\n<p>Aftageligt installationspanel: Det aftagelige panel til flere geninstallationer forenkler montering og fastg\u00f8relse af forskellige elektroniske komponenter.<br \/>\nMange forskellige muligheder: F\u00e5s i forskellige st\u00f8rrelser, materialer, stilarter, farver og monteringsmetoder, s\u00e5 de passer til alle former for brug.<br \/>\nTilpasset \u00e5bning: Cirkul\u00e6r \u00e5bning og specialbehandling (CNC, laserm\u00e6rkning, serigrafi) accepteres efter anmodning.<\/p>\n<h2>Applikationer:<\/h2>\n<p>Velegnet til b\u00e5de indend\u00f8rs og udend\u00f8rs applikationer, herunder men ikke begr\u00e6nset til elektriske systemer, telekommunikation, brandslukningsudstyr, st\u00e5lproduktion, petrokemi, elektronisk industri, kraftoverf\u00f8rsel og -distribution, jernbane, byggeri, minedrift, lufthavn, havn, hotel, skib, industriel automatisering, spildevandsbehandling og milj\u00f8beskyttelse.<\/p>\n<h2>Installation<\/h2>\n<p>Indvendigt: F\u00f8lgende installationsmuligheder findes inde i boksen - huller med mere end to M4-messingm\u00f8trikker til montering af printkort eller DIN-skinner.<br \/>\nUdvendig: Kan monteres p\u00e5 v\u00e6gge eller andre flade overflader med skruer eller s\u00f8m gennem de forborede huller i bunden af skabet. Udgangshul: Der kan leveres et brugerdefineret udgangshul, og installation af kabelforskruninger er ogs\u00e5 acceptabelt for ekstra vandt\u00e6t ydeevne.<\/p>\n<h4 class=\"wp-block-heading\">Produktspecifikation<\/h4>\n<figure class=\"wp-block-table\">\n<div class=\"scroll\">\n<table>\n<tbody>\n<tr>\n<td>Specifikationer<\/td>\n<td>L*B*H(mm)<\/td>\n<\/tr>\n<tr>\n<td>A-10060500<\/td>\n<td rowspan=\"2\">100*68*50<\/td>\n<\/tr>\n<tr>\n<td>A-1006050T<\/td>\n<\/tr>\n<tr>\n<td>A-2012075G<\/td>\n<td rowspan=\"2\">200*120*75<\/td>\n<\/tr>\n<tr>\n<td>A-2012075T<\/td>\n<\/tr>\n<tr>\n<td>A-1611090G<\/td>\n<td rowspan=\"2\">160*110*90<\/td>\n<\/tr>\n<tr>\n<td>A-1611090T<\/td>\n<\/tr>\n<tr>\n<td>A-1109055G<\/td>\n<td rowspan=\"2\">115*90*55<\/td>\n<\/tr>\n<tr>\n<td>A-1109055T<\/td>\n<\/tr>\n<tr>\n<td>A-1010070G<\/td>\n<td rowspan=\"2\">100*100*70<\/td>\n<\/tr>\n<tr>\n<td>A-1010070T<\/td>\n<\/tr>\n<tr>\n<td>A-1212090G<\/td>\n<td rowspan=\"2\">120*120*90<\/td>\n<\/tr>\n<tr>\n<td>A-12120907<\/td>\n<\/tr>\n<tr>\n<td>A-1509060G<\/td>\n<td rowspan=\"2\">158*90*60<\/td>\n<\/tr>\n<tr>\n<td>A-15090601<\/td>\n<\/tr>\n<tr>\n<td>A-1616090G<\/td>\n<td rowspan=\"2\">160*160*90<\/td>\n<\/tr>\n<tr>\n<td>A-16160901<\/td>\n<\/tr>\n<tr>\n<td>A-2020095G<\/td>\n<td rowspan=\"2\">200*200*95<\/td>\n<\/tr>\n<tr>\n<td>A-2020095T<\/td>\n<\/tr>\n<tr>\n<td>A-2315080G<\/td>\n<td rowspan=\"2\">230*150*87<\/td>\n<\/tr>\n<tr>\n<td>A-2315080T<\/td>\n<\/tr>\n<tr>\n<td>A-3224110G<\/td>\n<td rowspan=\"2\">320*240*110<\/td>\n<\/tr>\n<tr>\n<td>A-3224110T<\/td>\n<\/tr>\n<\/tbody>\n<\/table>\n<\/div>\n<\/figure>\n<h4 class=\"wp-block-heading\"><\/h4>","protected":false},"excerpt":{"rendered":"<p>Denne <strong>\u00d8konomisk vandt\u00e6t kontrolpanelskab<\/strong> er exceptionelt designet med fleksibilitet og tilpasning for \u00f8je. Den har et let aftageligt installationspanel til enkel placering af elektronik, et stort antal st\u00f8rrelser, materialer, farver og monteringsmuligheder. Cirkul\u00e6re \u00e5bninger kan skr\u00e6ddersys, og CNC-bearbejdning, laserm\u00e6rkning og serigrafi er ogs\u00e5 muligt i henhold til individuelle krav.<\/p>","protected":false},"featured_media":2145,"template":"","meta":{"site-sidebar-layout":"default","site-content-layout":"","ast-site-content-layout":"default","site-content-style":"default","site-sidebar-style":"default","ast-global-header-display":"","ast-banner-title-visibility":"","ast-main-header-display":"","ast-hfb-above-header-display":"","ast-hfb-below-header-display":"","ast-hfb-mobile-header-display":"","site-post-title":"","ast-breadcrumbs-content":"","ast-featured-img":"","footer-sml-layout":"","ast-disable-related-posts":"","theme-transparent-header-meta":"default","adv-header-id-meta":"","stick-header-meta":"","header-above-stick-meta":"","header-main-stick-meta":"","header-below-stick-meta":"","astra-migrate-meta-layouts":"set","ast-page-background-enabled":"default","ast-page-background-meta":{"desktop":{"background-color":"var(--ast-global-color-4)","background-image":"","background-repeat":"repeat","background-position":"center center","background-size":"auto","background-attachment":"scroll","background-type":"","background-media":"","overlay-type":"","overlay-color":"","overlay-opacity":"","overlay-gradient":""},"tablet":{"background-color":"","background-image":"","background-repeat":"repeat","background-position":"center center","background-size":"auto","background-attachment":"scroll","background-type":"","background-media":"","overlay-type":"","overlay-color":"","overlay-opacity":"","overlay-gradient":""},"mobile":{"background-color":"","background-image":"","background-repeat":"repeat","background-position":"center center","background-size":"auto","background-attachment":"scroll","background-type":"","background-media":"","overlay-type":"","overlay-color":"","overlay-opacity":"","overlay-gradient":""}},"ast-content-background-meta":{"desktop":{"background-color":"var(--ast-global-color-5)","background-image":"","background-repeat":"repeat","background-position":"center center","background-size":"auto","background-attachment":"scroll","background-type":"","background-media":"","overlay-type":"","overlay-color":"","overlay-opacity":"","overlay-gradient":""},"tablet":{"background-color":"var(--ast-global-color-5)","background-image":"","background-repeat":"repeat","background-position":"center center","background-size":"auto","background-attachment":"scroll","background-type":"","background-media":"","overlay-type":"","overlay-color":"","overlay-opacity":"","overlay-gradient":""},"mobile":{"background-color":"var(--ast-global-color-5)","background-image":"","background-repeat":"repeat","background-position":"center center","background-size":"auto","background-attachment":"scroll","background-type":"","background-media":"","overlay-type":"","overlay-color":"","overlay-opacity":"","overlay-gradient":""}}},"product_brand":[],"product_cat":[23],"product_tag":[],"class_list":{"0":"post-2143","1":"product","2":"type-product","3":"status-publish","4":"has-post-thumbnail","6":"product_cat-waterproof-plastic-enclosure","7":"desktop-align-left","8":"tablet-align-left","9":"mobile-align-left","11":"first","12":"instock","13":"shipping-taxable","14":"product-type-simple"},"yoast_head":"<!-- This site is optimized with the Yoast SEO plugin v24.8.1 - https:\/\/yoast.com\/wordpress\/plugins\/seo\/ -->\n<title>ChinaEconomy Type Water Proof Control Panel Enclosure -A Series Economical Manufacturer - JYIELE<\/title>\n<meta name=\"description\" content=\"Choose our Water Proof Control Panel Enclosure for a waterproof control panel. Cost-effective protection for your electrical components.\" \/>\n<meta name=\"robots\" content=\"index, follow, max-snippet:-1, max-image-preview:large, max-video-preview:-1\" \/>\n<link rel=\"canonical\" href=\"https:\/\/www.jyiele.com\/da\/product\/water-proof-control-panel-enclosure\/\" \/>\n<meta property=\"og:locale\" content=\"da_DK\" \/>\n<meta property=\"og:type\" content=\"article\" \/>\n<meta property=\"og:title\" content=\"ChinaEconomy Type Water Proof Control Panel Enclosure -A Series Economical Manufacturer - JYIELE\" \/>\n<meta property=\"og:description\" content=\"Choose our Water Proof Control Panel Enclosure for a waterproof control panel. Cost-effective protection for your electrical components.\" \/>\n<meta property=\"og:url\" content=\"https:\/\/www.jyiele.com\/da\/product\/water-proof-control-panel-enclosure\/\" \/>\n<meta property=\"og:site_name\" content=\"JYIELE\" \/>\n<meta property=\"article:modified_time\" content=\"2025-03-09T11:34:16+00:00\" \/>\n<meta property=\"og:image\" content=\"https:\/\/www.jyiele.com\/wp-content\/uploads\/2024\/10\/Water-Proof-Control-Panel-Enclosure.webp\" \/>\n\t<meta property=\"og:image:width\" content=\"800\" \/>\n\t<meta property=\"og:image:height\" content=\"800\" \/>\n\t<meta property=\"og:image:type\" content=\"image\/webp\" \/>\n<meta name=\"twitter:card\" content=\"summary_large_image\" \/>\n<meta name=\"twitter:label1\" content=\"Estimeret l\u00e6setid\" \/>\n\t<meta name=\"twitter:data1\" content=\"2 minutter\" \/>\n<script type=\"application\/ld+json\" class=\"yoast-schema-graph\">{\"@context\":\"https:\/\/schema.org\",\"@graph\":[{\"@type\":\"WebPage\",\"@id\":\"https:\/\/www.jyiele.com\/product\/water-proof-control-panel-enclosure\/\",\"url\":\"https:\/\/www.jyiele.com\/product\/water-proof-control-panel-enclosure\/\",\"name\":\"ChinaEconomy Type Water Proof Control Panel Enclosure -A Series Economical Manufacturer - JYIELE\",\"isPartOf\":{\"@id\":\"https:\/\/www.jyiele.com\/#website\"},\"primaryImageOfPage\":{\"@id\":\"https:\/\/www.jyiele.com\/product\/water-proof-control-panel-enclosure\/#primaryimage\"},\"image\":{\"@id\":\"https:\/\/www.jyiele.com\/product\/water-proof-control-panel-enclosure\/#primaryimage\"},\"thumbnailUrl\":\"https:\/\/www.jyiele.com\/wp-content\/uploads\/2024\/10\/Water-Proof-Control-Panel-Enclosure.webp\",\"datePublished\":\"2024-10-16T12:45:56+00:00\",\"dateModified\":\"2025-03-09T11:34:16+00:00\",\"description\":\"Choose our Water Proof Control Panel Enclosure for a waterproof control panel. Cost-effective protection for your electrical components.\",\"breadcrumb\":{\"@id\":\"https:\/\/www.jyiele.com\/product\/water-proof-control-panel-enclosure\/#breadcrumb\"},\"inLanguage\":\"da-DK\",\"potentialAction\":[{\"@type\":\"ReadAction\",\"target\":[\"https:\/\/www.jyiele.com\/product\/water-proof-control-panel-enclosure\/\"]}]},{\"@type\":\"ImageObject\",\"inLanguage\":\"da-DK\",\"@id\":\"https:\/\/www.jyiele.com\/product\/water-proof-control-panel-enclosure\/#primaryimage\",\"url\":\"https:\/\/www.jyiele.com\/wp-content\/uploads\/2024\/10\/Water-Proof-Control-Panel-Enclosure.webp\",\"contentUrl\":\"https:\/\/www.jyiele.com\/wp-content\/uploads\/2024\/10\/Water-Proof-Control-Panel-Enclosure.webp\",\"width\":800,\"height\":800,\"caption\":\"Water Proof Control Panel Enclosure\"},{\"@type\":\"BreadcrumbList\",\"@id\":\"https:\/\/www.jyiele.com\/product\/water-proof-control-panel-enclosure\/#breadcrumb\",\"itemListElement\":[{\"@type\":\"ListItem\",\"position\":1,\"name\":\"Home\",\"item\":\"https:\/\/www.jyiele.com\/\"},{\"@type\":\"ListItem\",\"position\":2,\"name\":\"Product\",\"item\":\"https:\/\/www.jyiele.com\/product\/\"},{\"@type\":\"ListItem\",\"position\":3,\"name\":\"Waterproof Plastic Enclosure\",\"item\":\"https:\/\/www.jyiele.com\/ja\/product-category\/waterproof-plastic-enclosure\/\"},{\"@type\":\"ListItem\",\"position\":4,\"name\":\"Economy Type Water Proof Control Panel Enclosure -A Series Economical\"}]},{\"@type\":\"WebSite\",\"@id\":\"https:\/\/www.jyiele.com\/#website\",\"url\":\"https:\/\/www.jyiele.com\/\",\"name\":\"JYIELE\",\"description\":\"Vacuum Circuit Breaker manufacturer\",\"publisher\":{\"@id\":\"https:\/\/www.jyiele.com\/#organization\"},\"potentialAction\":[{\"@type\":\"SearchAction\",\"target\":{\"@type\":\"EntryPoint\",\"urlTemplate\":\"https:\/\/www.jyiele.com\/?s={search_term_string}\"},\"query-input\":{\"@type\":\"PropertyValueSpecification\",\"valueRequired\":true,\"valueName\":\"search_term_string\"}}],\"inLanguage\":\"da-DK\"},{\"@type\":\"Organization\",\"@id\":\"https:\/\/www.jyiele.com\/#organization\",\"name\":\"JYIELE\",\"url\":\"https:\/\/www.jyiele.com\/\",\"logo\":{\"@type\":\"ImageObject\",\"inLanguage\":\"da-DK\",\"@id\":\"https:\/\/www.jyiele.com\/#\/schema\/logo\/image\/\",\"url\":\"https:\/\/www.jyiele.com\/wp-content\/uploads\/2024\/09\/cropped-jyele-1.webp\",\"contentUrl\":\"https:\/\/www.jyiele.com\/wp-content\/uploads\/2024\/09\/cropped-jyele-1.webp\",\"width\":137,\"height\":60,\"caption\":\"JYIELE\"},\"image\":{\"@id\":\"https:\/\/www.jyiele.com\/#\/schema\/logo\/image\/\"}}]}<\/script>\n<!-- \/ Yoast SEO plugin. -->","yoast_head_json":{"title":"KinaEkonomisk type vandt\u00e6t kontrolpanelkabinet -A-serie \u00f8konomisk producent - JYIELE","description":"V\u00e6lg vores Water Proof Control Panel Enclosure for at f\u00e5 et vandt\u00e6t kontrolpanel. Omkostningseffektiv beskyttelse af dine elektriske komponenter.","robots":{"index":"index","follow":"follow","max-snippet":"max-snippet:-1","max-image-preview":"max-image-preview:large","max-video-preview":"max-video-preview:-1"},"canonical":"https:\/\/www.jyiele.com\/da\/product\/water-proof-control-panel-enclosure\/","og_locale":"da_DK","og_type":"article","og_title":"ChinaEconomy Type Water Proof Control Panel Enclosure -A Series Economical Manufacturer - JYIELE","og_description":"Choose our Water Proof Control Panel Enclosure for a waterproof control panel. Cost-effective protection for your electrical components.","og_url":"https:\/\/www.jyiele.com\/da\/product\/water-proof-control-panel-enclosure\/","og_site_name":"JYIELE","article_modified_time":"2025-03-09T11:34:16+00:00","og_image":[{"width":800,"height":800,"url":"https:\/\/www.jyiele.com\/wp-content\/uploads\/2024\/10\/Water-Proof-Control-Panel-Enclosure.webp","type":"image\/webp"}],"twitter_card":"summary_large_image","twitter_misc":{"Estimeret l\u00e6setid":"2 minutter"},"schema":{"@context":"https:\/\/schema.org","@graph":[{"@type":"WebPage","@id":"https:\/\/www.jyiele.com\/product\/water-proof-control-panel-enclosure\/","url":"https:\/\/www.jyiele.com\/product\/water-proof-control-panel-enclosure\/","name":"KinaEkonomisk type vandt\u00e6t kontrolpanelkabinet -A-serie \u00f8konomisk producent - JYIELE","isPartOf":{"@id":"https:\/\/www.jyiele.com\/#website"},"primaryImageOfPage":{"@id":"https:\/\/www.jyiele.com\/product\/water-proof-control-panel-enclosure\/#primaryimage"},"image":{"@id":"https:\/\/www.jyiele.com\/product\/water-proof-control-panel-enclosure\/#primaryimage"},"thumbnailUrl":"https:\/\/www.jyiele.com\/wp-content\/uploads\/2024\/10\/Water-Proof-Control-Panel-Enclosure.webp","datePublished":"2024-10-16T12:45:56+00:00","dateModified":"2025-03-09T11:34:16+00:00","description":"V\u00e6lg vores Water Proof Control Panel Enclosure for at f\u00e5 et vandt\u00e6t kontrolpanel. Omkostningseffektiv beskyttelse af dine elektriske komponenter.","breadcrumb":{"@id":"https:\/\/www.jyiele.com\/product\/water-proof-control-panel-enclosure\/#breadcrumb"},"inLanguage":"da-DK","potentialAction":[{"@type":"ReadAction","target":["https:\/\/www.jyiele.com\/product\/water-proof-control-panel-enclosure\/"]}]},{"@type":"ImageObject","inLanguage":"da-DK","@id":"https:\/\/www.jyiele.com\/product\/water-proof-control-panel-enclosure\/#primaryimage","url":"https:\/\/www.jyiele.com\/wp-content\/uploads\/2024\/10\/Water-Proof-Control-Panel-Enclosure.webp","contentUrl":"https:\/\/www.jyiele.com\/wp-content\/uploads\/2024\/10\/Water-Proof-Control-Panel-Enclosure.webp","width":800,"height":800,"caption":"Water Proof Control Panel Enclosure"},{"@type":"BreadcrumbList","@id":"https:\/\/www.jyiele.com\/product\/water-proof-control-panel-enclosure\/#breadcrumb","itemListElement":[{"@type":"ListItem","position":1,"name":"Home","item":"https:\/\/www.jyiele.com\/"},{"@type":"ListItem","position":2,"name":"Product","item":"https:\/\/www.jyiele.com\/product\/"},{"@type":"ListItem","position":3,"name":"Waterproof Plastic Enclosure","item":"https:\/\/www.jyiele.com\/ja\/product-category\/waterproof-plastic-enclosure\/"},{"@type":"ListItem","position":4,"name":"Economy Type Water Proof Control Panel Enclosure -A Series Economical"}]},{"@type":"WebSite","@id":"https:\/\/www.jyiele.com\/#website","url":"https:\/\/www.jyiele.com\/","name":"JYIELE","description":"Producent af vakuumafbrydere","publisher":{"@id":"https:\/\/www.jyiele.com\/#organization"},"potentialAction":[{"@type":"SearchAction","target":{"@type":"EntryPoint","urlTemplate":"https:\/\/www.jyiele.com\/?s={search_term_string}"},"query-input":{"@type":"PropertyValueSpecification","valueRequired":true,"valueName":"search_term_string"}}],"inLanguage":"da-DK"},{"@type":"Organization","@id":"https:\/\/www.jyiele.com\/#organization","name":"JYIELE","url":"https:\/\/www.jyiele.com\/","logo":{"@type":"ImageObject","inLanguage":"da-DK","@id":"https:\/\/www.jyiele.com\/#\/schema\/logo\/image\/","url":"https:\/\/www.jyiele.com\/wp-content\/uploads\/2024\/09\/cropped-jyele-1.webp","contentUrl":"https:\/\/www.jyiele.com\/wp-content\/uploads\/2024\/09\/cropped-jyele-1.webp","width":137,"height":60,"caption":"JYIELE"},"image":{"@id":"https:\/\/www.jyiele.com\/#\/schema\/logo\/image\/"}}]}},"_links":{"self":[{"href":"https:\/\/www.jyiele.com\/da\/wp-json\/wp\/v2\/product\/2143","targetHints":{"allow":["GET"]}}],"collection":[{"href":"https:\/\/www.jyiele.com\/da\/wp-json\/wp\/v2\/product"}],"about":[{"href":"https:\/\/www.jyiele.com\/da\/wp-json\/wp\/v2\/types\/product"}],"version-history":[{"count":1,"href":"https:\/\/www.jyiele.com\/da\/wp-json\/wp\/v2\/product\/2143\/revisions"}],"predecessor-version":[{"id":2144,"href":"https:\/\/www.jyiele.com\/da\/wp-json\/wp\/v2\/product\/2143\/revisions\/2144"}],"wp:featuredmedia":[{"embeddable":true,"href":"https:\/\/www.jyiele.com\/da\/wp-json\/wp\/v2\/media\/2145"}],"wp:attachment":[{"href":"https:\/\/www.jyiele.com\/da\/wp-json\/wp\/v2\/media?parent=2143"}],"wp:term":[{"taxonomy":"product_brand","embeddable":true,"href":"https:\/\/www.jyiele.com\/da\/wp-json\/wp\/v2\/product_brand?post=2143"},{"taxonomy":"product_cat","embeddable":true,"href":"https:\/\/www.jyiele.com\/da\/wp-json\/wp\/v2\/product_cat?post=2143"},{"taxonomy":"product_tag","embeddable":true,"href":"https:\/\/www.jyiele.com\/da\/wp-json\/wp\/v2\/product_tag?post=2143"}],"curies":[{"name":"wp","href":"https:\/\/api.w.org\/{rel}","templated":true}]}}