{"id":95,"date":"2022-09-08T17:17:26","date_gmt":"2022-09-08T17:17:26","guid":{"rendered":"http:\/\/jyiele.com\/?post_type=product&#038;p=49"},"modified":"2025-03-09T11:40:04","modified_gmt":"2025-03-09T11:40:04","slug":"indoor-auxiliary-handcart-switchgear-breaker","status":"publish","type":"product","link":"https:\/\/www.jyiele.com\/da\/product\/indoor-auxiliary-handcart-switchgear-breaker\/","title":{"rendered":"ZN85-40.5 Indend\u00f8rs hj\u00e6lpeafbryder til h\u00e5ndvogne"},"content":{"rendered":"<h2 class=\"wp-block-heading\">Generelt<\/h2>\n<p>ZN85-hj\u00e6lpevogn designet og produceret af os har en skruestangsmekanisme og kan let flyttes og undg\u00e5 skader p\u00e5 drivmekanismen p\u00e5 grund af forkert betjening. Det g\u00e6lder for 50Hz og 40.5kV trefaset vekselstr\u00f8ms enkeltbussegmenterede elsystemer i KYN61-40.5 pansrede mobile metalliske metalindkapslede koblingsanl\u00e6g. Brugt med forskellige prim\u00e6re komponenter kan den realisere busforbindelse, m\u00e5ling af elektrisk energi og overbelastningsbeskyttelse eller kortslutningsbeskyttelse for str\u00f8mudstyr og under systemrevisioner, funktionel komponent og sammenl\u00e5sning.<\/p>\n<h2 class=\"wp-block-heading\">Produktstandarder<\/h2>\n<p>ZN85-hj\u00e6lpevognen er produceret i overensstemmelse med f\u00f8lgende standard og kode.<\/p>\n<p>GB\/T 11022-2011 F\u00e6lles specifikationer for standarder for h\u00f8jsp\u00e6ndingskoblingsudstyr og kontroludstyr<\/p>\n<p>\u25cf IEC 62271-2007 H\u00f8jsp\u00e6ndingskoblingsudstyr og kontroludstyr - Del 1: F\u00e6lles specifikationer<\/p>\n<h2 class=\"wp-block-heading\">Driftsbetingelser<\/h2>\n<p>Normale driftsforhold<\/p>\n<p>Omgivelsestemperatur:-40\u00b0C~+40\u00b0C(under 35\u00b0C inden for 24 timer)<\/p>\n<p>Relativ luftfugtighed: \u226495% (dagligt gennemsnit) eller \u226490% (m\u00e5nedligt gennemsnit)<\/p>\n<p>\u25cf H\u00f8jde:\u22641000m<\/p>\n<h2 class=\"wp-block-heading\">Tekniske parametre<\/h2>\n<p>1.1 Tekniske parametre<\/p>\n<figure class=\"wp-block-table\">\n<div class=\"scroll\">\n<table>\n<tbody>\n<tr>\n<td>\u00a0\u00a0 Vare<\/td>\n<td>Enhed<\/td>\n<td>Referencev\u00e6rdi<\/td>\n<\/tr>\n<tr>\n<td>\u00a0\u00a0 Nominel sp\u00e6nding<\/td>\n<td>kV<\/td>\n<td>40.5<\/td>\n<\/tr>\n<tr>\n<td>Modstandsdygtig sp\u00e6nding ved lynimpuls<\/td>\n<td>kV<\/td>\n<td>185<\/td>\n<\/tr>\n<tr>\n<td>\u00a0\u00a0 Nominelt isolationsniveau 1min effektfrekvensmodstandssp\u00e6nding<\/td>\n<td>kV<\/td>\n<td>95<\/td>\n<\/tr>\n<tr>\n<td>\u00a0\u00a0 Nominel frekvens<\/td>\n<td>Hz<\/td>\n<td>50\/60<\/td>\n<\/tr>\n<\/tbody>\n<\/table>\n<\/div>\n<\/figure>\n<p>1.2 Tegning af forbindelsen mellem den bev\u00e6gelige kontakt og den faste kontakt<\/p>\n<figure class=\"wp-block-image size-full\"><img fetchpriority=\"high\" decoding=\"async\" class=\"alignnone wp-image-789 size-full\" src=\"http:\/\/jyiele.com\/wp-content\/uploads\/2020\/04\/High-Voltage-Vcb-01.webp\" alt=\"H\u00f8jsp\u00e6ndings-Vcb\" width=\"845\" height=\"146\" srcset=\"https:\/\/www.jyiele.com\/wp-content\/uploads\/2020\/04\/High-Voltage-Vcb-01.webp 845w, https:\/\/www.jyiele.com\/wp-content\/uploads\/2020\/04\/High-Voltage-Vcb-01-300x52.webp 300w, https:\/\/www.jyiele.com\/wp-content\/uploads\/2020\/04\/High-Voltage-Vcb-01-768x133.webp 768w, https:\/\/www.jyiele.com\/wp-content\/uploads\/2020\/04\/High-Voltage-Vcb-01-18x3.webp 18w, https:\/\/www.jyiele.com\/wp-content\/uploads\/2020\/04\/High-Voltage-Vcb-01-600x104.webp 600w\" sizes=\"(max-width: 845px) 100vw, 845px\" \/><\/figure>\n<p>Samlet m\u00e5l og installationsm\u00e5l<\/p>\n<p>Samlet dimension af ZN85-40.5 isolerende h\u00e5ndvogn (skabsbredde: 1400 mm)<\/p>\n<figure class=\"wp-block-image size-full\"><img decoding=\"async\" class=\"alignnone wp-image-790 size-full\" src=\"http:\/\/jyiele.com\/wp-content\/uploads\/2020\/04\/High-Voltage-Vcb-02.webp\" alt=\"H\u00f8jsp\u00e6ndings-Vcb\" width=\"845\" height=\"376\" srcset=\"https:\/\/www.jyiele.com\/wp-content\/uploads\/2020\/04\/High-Voltage-Vcb-02.webp 845w, https:\/\/www.jyiele.com\/wp-content\/uploads\/2020\/04\/High-Voltage-Vcb-02-300x133.webp 300w, https:\/\/www.jyiele.com\/wp-content\/uploads\/2020\/04\/High-Voltage-Vcb-02-768x342.webp 768w, https:\/\/www.jyiele.com\/wp-content\/uploads\/2020\/04\/High-Voltage-Vcb-02-18x8.webp 18w, https:\/\/www.jyiele.com\/wp-content\/uploads\/2020\/04\/High-Voltage-Vcb-02-600x267.webp 600w\" sizes=\"(max-width: 845px) 100vw, 845px\" \/><\/figure>\n<figure class=\"wp-block-table\">\n<div class=\"scroll\">\n<table>\n<tbody>\n<tr>\n<td>\u00a0\u00a0 Nominel str\u00f8m (A)<\/td>\n<td>630<\/td>\n<td>1250<\/td>\n<\/tr>\n<tr>\n<td>\u00a0\u00a0 Fast kontaktst\u00f8rrelse D(mm)<\/td>\n<td>\u03c635<\/td>\n<td>midten 49<\/td>\n<\/tr>\n<tr>\n<td>\u00a0\u00a0 Afstand mellem faser (mm)<\/td>\n<td colspan=\"2\">300<\/td>\n<\/tr>\n<tr>\n<td>\u00a0\u00a0 K\u00f8rsel med h\u00e5ndvogn (mm)<\/td>\n<td colspan=\"2\">610\u00b12<\/td>\n<\/tr>\n<\/tbody>\n<\/table>\n<\/div>\n<\/figure>\n<figure class=\"wp-block-image size-full\"><img decoding=\"async\" class=\"alignnone wp-image-788 size-full\" src=\"http:\/\/jyiele.com\/wp-content\/uploads\/2020\/04\/High-Voltage-Vcb-03.webp\" alt=\"H\u00f8jsp\u00e6ndings-Vcb\" width=\"845\" height=\"342\" srcset=\"https:\/\/www.jyiele.com\/wp-content\/uploads\/2020\/04\/High-Voltage-Vcb-03.webp 845w, https:\/\/www.jyiele.com\/wp-content\/uploads\/2020\/04\/High-Voltage-Vcb-03-300x121.webp 300w, https:\/\/www.jyiele.com\/wp-content\/uploads\/2020\/04\/High-Voltage-Vcb-03-768x311.webp 768w, https:\/\/www.jyiele.com\/wp-content\/uploads\/2020\/04\/High-Voltage-Vcb-03-18x7.webp 18w, https:\/\/www.jyiele.com\/wp-content\/uploads\/2020\/04\/High-Voltage-Vcb-03-600x243.webp 600w\" sizes=\"(max-width: 845px) 100vw, 845px\" \/><\/figure>\n<figure class=\"wp-block-table\">\n<div class=\"scroll\">\n<table>\n<tbody>\n<tr>\n<td>59<\/td>\n<td>For hj\u00e6lpekontakten i driftsposition<\/td>\n<\/tr>\n<tr>\n<td>58<\/td>\n<td>eller hj\u00e6lpekontakten i driftsposition<\/td>\n<\/tr>\n<tr>\n<td>Y1<\/td>\n<td>Blokeringselektromagnet (valgfri del)<\/td>\n<\/tr>\n<\/tbody>\n<\/table>\n<\/div>\n<\/figure>","protected":false},"excerpt":{"rendered":"<p>ZN85-40.5 indend\u00f8rs AC-h\u00f8jsp\u00e6ndingsafbryder til hj\u00e6lpevogn er velegnet til AC 50Hz. 35kV elsystem, der bruges som en beskyttelses- og kontrolenhed i kraftv\u00e6rker, transformerstationer osv,<\/p>","protected":false},"featured_media":780,"template":"","meta":{"site-sidebar-layout":"default","site-content-layout":"","ast-site-content-layout":"default","site-content-style":"default","site-sidebar-style":"default","ast-global-header-display":"","ast-banner-title-visibility":"","ast-main-header-display":"","ast-hfb-above-header-display":"","ast-hfb-below-header-display":"","ast-hfb-mobile-header-display":"","site-post-title":"","ast-breadcrumbs-content":"","ast-featured-img":"","footer-sml-layout":"","ast-disable-related-posts":"","theme-transparent-header-meta":"default","adv-header-id-meta":"","stick-header-meta":"","header-above-stick-meta":"","header-main-stick-meta":"","header-below-stick-meta":"","astra-migrate-meta-layouts":"set","ast-page-background-enabled":"default","ast-page-background-meta":{"desktop":{"background-color":"var(--ast-global-color-4)","background-image":"","background-repeat":"repeat","background-position":"center center","background-size":"auto","background-attachment":"scroll","background-type":"","background-media":"","overlay-type":"","overlay-color":"","overlay-opacity":"","overlay-gradient":""},"tablet":{"background-color":"","background-image":"","background-repeat":"repeat","background-position":"center center","background-size":"auto","background-attachment":"scroll","background-type":"","background-media":"","overlay-type":"","overlay-color":"","overlay-opacity":"","overlay-gradient":""},"mobile":{"background-color":"","background-image":"","background-repeat":"repeat","background-position":"center center","background-size":"auto","background-attachment":"scroll","background-type":"","background-media":"","overlay-type":"","overlay-color":"","overlay-opacity":"","overlay-gradient":""}},"ast-content-background-meta":{"desktop":{"background-color":"var(--ast-global-color-5)","background-image":"","background-repeat":"repeat","background-position":"center center","background-size":"auto","background-attachment":"scroll","background-type":"","background-media":"","overlay-type":"","overlay-color":"","overlay-opacity":"","overlay-gradient":""},"tablet":{"background-color":"var(--ast-global-color-5)","background-image":"","background-repeat":"repeat","background-position":"center center","background-size":"auto","background-attachment":"scroll","background-type":"","background-media":"","overlay-type":"","overlay-color":"","overlay-opacity":"","overlay-gradient":""},"mobile":{"background-color":"var(--ast-global-color-5)","background-image":"","background-repeat":"repeat","background-position":"center center","background-size":"auto","background-attachment":"scroll","background-type":"","background-media":"","overlay-type":"","overlay-color":"","overlay-opacity":"","overlay-gradient":""}}},"product_brand":[],"product_cat":[26],"product_tag":[],"class_list":{"0":"post-95","1":"product","2":"type-product","3":"status-publish","4":"has-post-thumbnail","6":"product_cat-vacuum-circuit-breaker","7":"desktop-align-left","8":"tablet-align-left","9":"mobile-align-left","11":"first","12":"instock","13":"shipping-taxable","14":"purchasable","15":"product-type-simple"},"yoast_head":"<!-- This site is optimized with the Yoast SEO plugin v24.8.1 - https:\/\/yoast.com\/wordpress\/plugins\/seo\/ -->\n<title>ZN85-40.5 Indoor Auxiliary Handcart Switchgear Breaker - JYIELE<\/title>\n<meta name=\"description\" content=\"ZN85-40.5 Indoor Auxiliary Handcart switchgear breaker offered by China manufacturer JYIELE Electric Manufacture. Buy directly with low price and high quality.our circuit breaker ensures efficient power distribution and maximum safety.\" \/>\n<meta name=\"robots\" content=\"index, follow, max-snippet:-1, max-image-preview:large, max-video-preview:-1\" \/>\n<link rel=\"canonical\" href=\"https:\/\/www.jyiele.com\/da\/product\/indoor-auxiliary-handcart-switchgear-breaker\/\" \/>\n<meta property=\"og:locale\" content=\"da_DK\" \/>\n<meta property=\"og:type\" content=\"article\" \/>\n<meta property=\"og:title\" content=\"ZN85-40.5 Indoor Auxiliary Handcart Switchgear Breaker - JYIELE\" \/>\n<meta property=\"og:description\" content=\"ZN85-40.5 Indoor Auxiliary Handcart switchgear breaker offered by China manufacturer JYIELE Electric Manufacture. Buy directly with low price and high quality.our circuit breaker ensures efficient power distribution and maximum safety.\" \/>\n<meta property=\"og:url\" content=\"https:\/\/www.jyiele.com\/da\/product\/indoor-auxiliary-handcart-switchgear-breaker\/\" \/>\n<meta property=\"og:site_name\" content=\"JYIELE\" \/>\n<meta property=\"article:modified_time\" content=\"2025-03-09T11:40:04+00:00\" \/>\n<meta property=\"og:image\" content=\"https:\/\/www.jyiele.com\/wp-content\/uploads\/2020\/04\/Indoor-Auxiliary-Handcart-Switchgear-Breaker.webp\" \/>\n\t<meta property=\"og:image:width\" content=\"600\" \/>\n\t<meta property=\"og:image:height\" content=\"600\" \/>\n\t<meta property=\"og:image:type\" content=\"image\/webp\" \/>\n<meta name=\"twitter:card\" content=\"summary_large_image\" \/>\n<meta name=\"twitter:label1\" content=\"Estimeret l\u00e6setid\" \/>\n\t<meta name=\"twitter:data1\" content=\"2 minutter\" \/>\n<script type=\"application\/ld+json\" class=\"yoast-schema-graph\">{\"@context\":\"https:\/\/schema.org\",\"@graph\":[{\"@type\":\"WebPage\",\"@id\":\"https:\/\/www.jyiele.com\/product\/indoor-auxiliary-handcart-switchgear-breaker\/\",\"url\":\"https:\/\/www.jyiele.com\/product\/indoor-auxiliary-handcart-switchgear-breaker\/\",\"name\":\"ZN85-40.5 Indoor Auxiliary Handcart Switchgear Breaker - JYIELE\",\"isPartOf\":{\"@id\":\"https:\/\/www.jyiele.com\/#website\"},\"primaryImageOfPage\":{\"@id\":\"https:\/\/www.jyiele.com\/product\/indoor-auxiliary-handcart-switchgear-breaker\/#primaryimage\"},\"image\":{\"@id\":\"https:\/\/www.jyiele.com\/product\/indoor-auxiliary-handcart-switchgear-breaker\/#primaryimage\"},\"thumbnailUrl\":\"https:\/\/www.jyiele.com\/wp-content\/uploads\/2020\/04\/Indoor-Auxiliary-Handcart-Switchgear-Breaker.webp\",\"datePublished\":\"2022-09-08T17:17:26+00:00\",\"dateModified\":\"2025-03-09T11:40:04+00:00\",\"description\":\"ZN85-40.5 Indoor Auxiliary Handcart switchgear breaker offered by China manufacturer JYIELE Electric Manufacture. Buy directly with low price and high quality.our circuit breaker ensures efficient power distribution and maximum safety.\",\"breadcrumb\":{\"@id\":\"https:\/\/www.jyiele.com\/product\/indoor-auxiliary-handcart-switchgear-breaker\/#breadcrumb\"},\"inLanguage\":\"da-DK\",\"potentialAction\":[{\"@type\":\"ReadAction\",\"target\":[\"https:\/\/www.jyiele.com\/product\/indoor-auxiliary-handcart-switchgear-breaker\/\"]}]},{\"@type\":\"ImageObject\",\"inLanguage\":\"da-DK\",\"@id\":\"https:\/\/www.jyiele.com\/product\/indoor-auxiliary-handcart-switchgear-breaker\/#primaryimage\",\"url\":\"https:\/\/www.jyiele.com\/wp-content\/uploads\/2020\/04\/Indoor-Auxiliary-Handcart-Switchgear-Breaker.webp\",\"contentUrl\":\"https:\/\/www.jyiele.com\/wp-content\/uploads\/2020\/04\/Indoor-Auxiliary-Handcart-Switchgear-Breaker.webp\",\"width\":600,\"height\":600,\"caption\":\"Indoor Auxiliary Handcart Switchgear Breaker\"},{\"@type\":\"BreadcrumbList\",\"@id\":\"https:\/\/www.jyiele.com\/product\/indoor-auxiliary-handcart-switchgear-breaker\/#breadcrumb\",\"itemListElement\":[{\"@type\":\"ListItem\",\"position\":1,\"name\":\"Home\",\"item\":\"https:\/\/www.jyiele.com\/\"},{\"@type\":\"ListItem\",\"position\":2,\"name\":\"Product\",\"item\":\"https:\/\/www.jyiele.com\/product\/\"},{\"@type\":\"ListItem\",\"position\":3,\"name\":\"Vacuum Circuit Breaker\",\"item\":\"https:\/\/www.jyiele.com\/product-category\/vacuum-circuit-breaker\/\"},{\"@type\":\"ListItem\",\"position\":4,\"name\":\"ZN85-40.5 Indoor Auxiliary Handcart Switchgear Breaker\"}]},{\"@type\":\"WebSite\",\"@id\":\"https:\/\/www.jyiele.com\/#website\",\"url\":\"https:\/\/www.jyiele.com\/\",\"name\":\"JYIELE\",\"description\":\"Vacuum Circuit Breaker manufacturer\",\"publisher\":{\"@id\":\"https:\/\/www.jyiele.com\/#organization\"},\"potentialAction\":[{\"@type\":\"SearchAction\",\"target\":{\"@type\":\"EntryPoint\",\"urlTemplate\":\"https:\/\/www.jyiele.com\/?s={search_term_string}\"},\"query-input\":{\"@type\":\"PropertyValueSpecification\",\"valueRequired\":true,\"valueName\":\"search_term_string\"}}],\"inLanguage\":\"da-DK\"},{\"@type\":\"Organization\",\"@id\":\"https:\/\/www.jyiele.com\/#organization\",\"name\":\"JYIELE\",\"url\":\"https:\/\/www.jyiele.com\/\",\"logo\":{\"@type\":\"ImageObject\",\"inLanguage\":\"da-DK\",\"@id\":\"https:\/\/www.jyiele.com\/#\/schema\/logo\/image\/\",\"url\":\"https:\/\/www.jyiele.com\/wp-content\/uploads\/2024\/09\/cropped-jyele-1.webp\",\"contentUrl\":\"https:\/\/www.jyiele.com\/wp-content\/uploads\/2024\/09\/cropped-jyele-1.webp\",\"width\":137,\"height\":60,\"caption\":\"JYIELE\"},\"image\":{\"@id\":\"https:\/\/www.jyiele.com\/#\/schema\/logo\/image\/\"}}]}<\/script>\n<!-- \/ Yoast SEO plugin. -->","yoast_head_json":{"title":"ZN85-40.5 Indend\u00f8rs hj\u00e6lpeafbryder til h\u00e5ndvogne - JYIELE","description":"ZN85-40.5 Indoor Auxiliary Handcart switchgear breaker tilbydes af den kinesiske producent JYIELE Electric Manufacture. K\u00f8b direkte med lav pris og h\u00f8j kvalitet. Vores afbryder sikrer effektiv str\u00f8mfordeling og maksimal sikkerhed.","robots":{"index":"index","follow":"follow","max-snippet":"max-snippet:-1","max-image-preview":"max-image-preview:large","max-video-preview":"max-video-preview:-1"},"canonical":"https:\/\/www.jyiele.com\/da\/product\/indoor-auxiliary-handcart-switchgear-breaker\/","og_locale":"da_DK","og_type":"article","og_title":"ZN85-40.5 Indoor Auxiliary Handcart Switchgear Breaker - JYIELE","og_description":"ZN85-40.5 Indoor Auxiliary Handcart switchgear breaker offered by China manufacturer JYIELE Electric Manufacture. Buy directly with low price and high quality.our circuit breaker ensures efficient power distribution and maximum safety.","og_url":"https:\/\/www.jyiele.com\/da\/product\/indoor-auxiliary-handcart-switchgear-breaker\/","og_site_name":"JYIELE","article_modified_time":"2025-03-09T11:40:04+00:00","og_image":[{"width":600,"height":600,"url":"https:\/\/www.jyiele.com\/wp-content\/uploads\/2020\/04\/Indoor-Auxiliary-Handcart-Switchgear-Breaker.webp","type":"image\/webp"}],"twitter_card":"summary_large_image","twitter_misc":{"Estimeret l\u00e6setid":"2 minutter"},"schema":{"@context":"https:\/\/schema.org","@graph":[{"@type":"WebPage","@id":"https:\/\/www.jyiele.com\/product\/indoor-auxiliary-handcart-switchgear-breaker\/","url":"https:\/\/www.jyiele.com\/product\/indoor-auxiliary-handcart-switchgear-breaker\/","name":"ZN85-40.5 Indend\u00f8rs hj\u00e6lpeafbryder til h\u00e5ndvogne - JYIELE","isPartOf":{"@id":"https:\/\/www.jyiele.com\/#website"},"primaryImageOfPage":{"@id":"https:\/\/www.jyiele.com\/product\/indoor-auxiliary-handcart-switchgear-breaker\/#primaryimage"},"image":{"@id":"https:\/\/www.jyiele.com\/product\/indoor-auxiliary-handcart-switchgear-breaker\/#primaryimage"},"thumbnailUrl":"https:\/\/www.jyiele.com\/wp-content\/uploads\/2020\/04\/Indoor-Auxiliary-Handcart-Switchgear-Breaker.webp","datePublished":"2022-09-08T17:17:26+00:00","dateModified":"2025-03-09T11:40:04+00:00","description":"ZN85-40.5 Indoor Auxiliary Handcart switchgear breaker tilbydes af den kinesiske producent JYIELE Electric Manufacture. K\u00f8b direkte med lav pris og h\u00f8j kvalitet. Vores afbryder sikrer effektiv str\u00f8mfordeling og maksimal sikkerhed.","breadcrumb":{"@id":"https:\/\/www.jyiele.com\/product\/indoor-auxiliary-handcart-switchgear-breaker\/#breadcrumb"},"inLanguage":"da-DK","potentialAction":[{"@type":"ReadAction","target":["https:\/\/www.jyiele.com\/product\/indoor-auxiliary-handcart-switchgear-breaker\/"]}]},{"@type":"ImageObject","inLanguage":"da-DK","@id":"https:\/\/www.jyiele.com\/product\/indoor-auxiliary-handcart-switchgear-breaker\/#primaryimage","url":"https:\/\/www.jyiele.com\/wp-content\/uploads\/2020\/04\/Indoor-Auxiliary-Handcart-Switchgear-Breaker.webp","contentUrl":"https:\/\/www.jyiele.com\/wp-content\/uploads\/2020\/04\/Indoor-Auxiliary-Handcart-Switchgear-Breaker.webp","width":600,"height":600,"caption":"Indoor Auxiliary Handcart Switchgear Breaker"},{"@type":"BreadcrumbList","@id":"https:\/\/www.jyiele.com\/product\/indoor-auxiliary-handcart-switchgear-breaker\/#breadcrumb","itemListElement":[{"@type":"ListItem","position":1,"name":"Home","item":"https:\/\/www.jyiele.com\/"},{"@type":"ListItem","position":2,"name":"Product","item":"https:\/\/www.jyiele.com\/product\/"},{"@type":"ListItem","position":3,"name":"Vacuum Circuit Breaker","item":"https:\/\/www.jyiele.com\/product-category\/vacuum-circuit-breaker\/"},{"@type":"ListItem","position":4,"name":"ZN85-40.5 Indoor Auxiliary Handcart Switchgear Breaker"}]},{"@type":"WebSite","@id":"https:\/\/www.jyiele.com\/#website","url":"https:\/\/www.jyiele.com\/","name":"JYIELE","description":"Producent af vakuumafbrydere","publisher":{"@id":"https:\/\/www.jyiele.com\/#organization"},"potentialAction":[{"@type":"SearchAction","target":{"@type":"EntryPoint","urlTemplate":"https:\/\/www.jyiele.com\/?s={search_term_string}"},"query-input":{"@type":"PropertyValueSpecification","valueRequired":true,"valueName":"search_term_string"}}],"inLanguage":"da-DK"},{"@type":"Organization","@id":"https:\/\/www.jyiele.com\/#organization","name":"JYIELE","url":"https:\/\/www.jyiele.com\/","logo":{"@type":"ImageObject","inLanguage":"da-DK","@id":"https:\/\/www.jyiele.com\/#\/schema\/logo\/image\/","url":"https:\/\/www.jyiele.com\/wp-content\/uploads\/2024\/09\/cropped-jyele-1.webp","contentUrl":"https:\/\/www.jyiele.com\/wp-content\/uploads\/2024\/09\/cropped-jyele-1.webp","width":137,"height":60,"caption":"JYIELE"},"image":{"@id":"https:\/\/www.jyiele.com\/#\/schema\/logo\/image\/"}}]}},"_links":{"self":[{"href":"https:\/\/www.jyiele.com\/da\/wp-json\/wp\/v2\/product\/95","targetHints":{"allow":["GET"]}}],"collection":[{"href":"https:\/\/www.jyiele.com\/da\/wp-json\/wp\/v2\/product"}],"about":[{"href":"https:\/\/www.jyiele.com\/da\/wp-json\/wp\/v2\/types\/product"}],"version-history":[{"count":2,"href":"https:\/\/www.jyiele.com\/da\/wp-json\/wp\/v2\/product\/95\/revisions"}],"predecessor-version":[{"id":1481,"href":"https:\/\/www.jyiele.com\/da\/wp-json\/wp\/v2\/product\/95\/revisions\/1481"}],"wp:featuredmedia":[{"embeddable":true,"href":"https:\/\/www.jyiele.com\/da\/wp-json\/wp\/v2\/media\/780"}],"wp:attachment":[{"href":"https:\/\/www.jyiele.com\/da\/wp-json\/wp\/v2\/media?parent=95"}],"wp:term":[{"taxonomy":"product_brand","embeddable":true,"href":"https:\/\/www.jyiele.com\/da\/wp-json\/wp\/v2\/product_brand?post=95"},{"taxonomy":"product_cat","embeddable":true,"href":"https:\/\/www.jyiele.com\/da\/wp-json\/wp\/v2\/product_cat?post=95"},{"taxonomy":"product_tag","embeddable":true,"href":"https:\/\/www.jyiele.com\/da\/wp-json\/wp\/v2\/product_tag?post=95"}],"curies":[{"name":"wp","href":"https:\/\/api.w.org\/{rel}","templated":true}]}}