{"id":1223,"date":"2020-04-06T13:11:11","date_gmt":"2020-04-06T13:11:11","guid":{"rendered":"https:\/\/www.jy-electric.com\/?post_type=product&#038;p=1223"},"modified":"2024-09-16T13:59:33","modified_gmt":"2024-09-16T13:59:33","slug":"plastic-self-locking-eco-friendly-nylon-cable-tie-wraps","status":"publish","type":"product","link":"https:\/\/www.jyiele.com\/de\/product\/plastic-self-locking-eco-friendly-nylon-cable-tie-wraps\/","title":{"rendered":"Selbstverriegelnde, umweltfreundliche Nylon-Kabelbinder aus Kunststoff"},"content":{"rendered":"<p>Herkunftsort: Zhejiang, China<br \/>\nMarke\uff1aJYIELE<br \/>\nModell\uff1aYN-NBT002<br \/>\nTyp\uff1aSelbsthemmend<br \/>\nMaterial: Nylon 66<br \/>\nFarbe: natur, schwarz, andere Farben k\u00f6nnen angepasst werden<br \/>\nGr\u00f6\u00dfe: kundenspezifisch<br \/>\nVerwendung: Fixierkabel<br \/>\nArbeitstemperatur: -35\u00b0C bis 85\u00b0C<br \/>\nMuster: Unentgeltlich<br \/>\nZugfestigkeit: 120LBS (55KG)<br \/>\nEntflammbarkeitsklasse: UL94V-2<br \/>\nVerpackung: 100Stk\/Beutel<br \/>\nZertifizierung: CE, CCC, PAHS<\/p>\n<p><a href=\"https:\/\/www.jy-electric.com\/wp-content\/uploads\/2024\/09\/Plastic-Self-Locking-Eco-Friendly-Nylon-Cable-Tie-Wraps.webp\"><img fetchpriority=\"high\" decoding=\"async\" class=\"alignnone wp-image-1225 size-medium\" src=\"https:\/\/www.jy-electric.com\/wp-content\/uploads\/2024\/09\/Plastic-Self-Locking-Eco-Friendly-Nylon-Cable-Tie-Wraps-300x300.webp\" alt=\"Selbstverriegelnde, umweltfreundliche Nylon-Kabelbinder aus Kunststoff\" width=\"300\" height=\"300\" srcset=\"https:\/\/www.jyiele.com\/wp-content\/uploads\/2024\/09\/Plastic-Self-Locking-Eco-Friendly-Nylon-Cable-Tie-Wraps-300x300.webp 300w, https:\/\/www.jyiele.com\/wp-content\/uploads\/2024\/09\/Plastic-Self-Locking-Eco-Friendly-Nylon-Cable-Tie-Wraps-150x150.webp 150w, https:\/\/www.jyiele.com\/wp-content\/uploads\/2024\/09\/Plastic-Self-Locking-Eco-Friendly-Nylon-Cable-Tie-Wraps-768x768.webp 768w, https:\/\/www.jyiele.com\/wp-content\/uploads\/2024\/09\/Plastic-Self-Locking-Eco-Friendly-Nylon-Cable-Tie-Wraps-12x12.webp 12w, https:\/\/www.jyiele.com\/wp-content\/uploads\/2024\/09\/Plastic-Self-Locking-Eco-Friendly-Nylon-Cable-Tie-Wraps-600x600.webp 600w, https:\/\/www.jyiele.com\/wp-content\/uploads\/2024\/09\/Plastic-Self-Locking-Eco-Friendly-Nylon-Cable-Tie-Wraps-100x100.webp 100w, https:\/\/www.jyiele.com\/wp-content\/uploads\/2024\/09\/Plastic-Self-Locking-Eco-Friendly-Nylon-Cable-Tie-Wraps.webp 800w\" sizes=\"(max-width: 300px) 100vw, 300px\" \/><\/a><\/p>\n<h2>Produktmerkmale:<\/h2>\n<p>Widerhaken aus rostfreiem Stahl: gew\u00e4hrleisten eine stabile Leistung und k\u00f6nnen stufenlos eingestellt werden.<br \/>\nHohe Festigkeit: dehnungsarm, geringe Einf\u00e4delkraft.<br \/>\nGewellter Bandk\u00f6rper: verhindert seitliche Bewegungen des Kabelbaums.<br \/>\nGebogene Spitze: Einfacher Zugang von einer flachen Oberfl\u00e4che aus, was die Geschwindigkeit des Einf\u00e4delns und die Effizienz der Installation erh\u00f6ht.<br \/>\nHohe Ringfestigkeit: \u00fcbertrifft die Industrienormen.<br \/>\nMehrere Materialoptionen: erf\u00fcllt verschiedene Anwendungsanforderungen.<br \/>\nAnwendbare Umgebung: f\u00fcr den Innen- und Au\u00dfenbereich.<br \/>\nBreites Anwendungsspektrum: geeignet f\u00fcr die Organisation und Befestigung von mechanischen Ger\u00e4ten, Automatisierungsger\u00e4ten und allen Arten von Kabeln.<\/p>\n<p>&nbsp;<\/p>","protected":false},"excerpt":{"rendered":"<p>Die selbstsichernden Kunststoffbinder von JYIELE bieten mit ihrem hochfesten Nylon 66-Material und der starken selbstsichernden Konstruktion eine zuverl\u00e4ssige Befestigungsleistung und lange Haltbarkeit.<\/p>\n<p>Ihr gebogenes Spitzendesign erm\u00f6glicht eine schnellere Installation und der gewellte Bandk\u00f6rper verhindert eine seitliche Bewegung des Kabelbaums, w\u00e4hrend er in einem Temperaturbereich von -35\u00b0C bis 85\u00b0C eingesetzt werden kann. Erh\u00e4ltlich in einer breiten Palette von kundenspezifischen Farben und Gr\u00f6\u00dfen, um einer Vielzahl von Umgebungen und Anwendungen gerecht zu werden, gew\u00e4hrleistet es hohe Sicherheit und breite Anwendbarkeit.<\/p>","protected":false},"featured_media":1225,"template":"","meta":{"site-sidebar-layout":"default","site-content-layout":"","ast-site-content-layout":"default","site-content-style":"default","site-sidebar-style":"default","ast-global-header-display":"","ast-banner-title-visibility":"","ast-main-header-display":"","ast-hfb-above-header-display":"","ast-hfb-below-header-display":"","ast-hfb-mobile-header-display":"","site-post-title":"","ast-breadcrumbs-content":"","ast-featured-img":"","footer-sml-layout":"","theme-transparent-header-meta":"default","adv-header-id-meta":"","stick-header-meta":"","header-above-stick-meta":"","header-main-stick-meta":"","header-below-stick-meta":"","astra-migrate-meta-layouts":"set","ast-page-background-enabled":"default","ast-page-background-meta":{"desktop":{"background-color":"var(--ast-global-color-4)","background-image":"","background-repeat":"repeat","background-position":"center center","background-size":"auto","background-attachment":"scroll","background-type":"","background-media":"","overlay-type":"","overlay-color":"","overlay-opacity":"","overlay-gradient":""},"tablet":{"background-color":"","background-image":"","background-repeat":"repeat","background-position":"center center","background-size":"auto","background-attachment":"scroll","background-type":"","background-media":"","overlay-type":"","overlay-color":"","overlay-opacity":"","overlay-gradient":""},"mobile":{"background-color":"","background-image":"","background-repeat":"repeat","background-position":"center center","background-size":"auto","background-attachment":"scroll","background-type":"","background-media":"","overlay-type":"","overlay-color":"","overlay-opacity":"","overlay-gradient":""}},"ast-content-background-meta":{"desktop":{"background-color":"var(--ast-global-color-5)","background-image":"","background-repeat":"repeat","background-position":"center center","background-size":"auto","background-attachment":"scroll","background-type":"","background-media":"","overlay-type":"","overlay-color":"","overlay-opacity":"","overlay-gradient":""},"tablet":{"background-color":"var(--ast-global-color-5)","background-image":"","background-repeat":"repeat","background-position":"center center","background-size":"auto","background-attachment":"scroll","background-type":"","background-media":"","overlay-type":"","overlay-color":"","overlay-opacity":"","overlay-gradient":""},"mobile":{"background-color":"var(--ast-global-color-5)","background-image":"","background-repeat":"repeat","background-position":"center center","background-size":"auto","background-attachment":"scroll","background-type":"","background-media":"","overlay-type":"","overlay-color":"","overlay-opacity":"","overlay-gradient":""}}},"product_brand":[],"product_cat":[20],"product_tag":[],"class_list":{"0":"post-1223","1":"product","2":"type-product","3":"status-publish","4":"has-post-thumbnail","6":"product_cat-zip-ties","7":"desktop-align-left","8":"tablet-align-left","9":"mobile-align-left","11":"first","12":"instock","13":"shipping-taxable","14":"product-type-simple"},"yoast_head":"<!-- This site is optimized with the Yoast SEO plugin v24.8.1 - https:\/\/yoast.com\/wordpress\/plugins\/seo\/ -->\n<title>Plastic Self-Locking Eco-Friendly Nylon Cable Tie Wraps from China manufacturer - JYIELE Electric<\/title>\n<meta name=\"description\" content=\"Plastic Self-Locking Eco-Friendly Nylon Cable Tie Wraps offered by China manufacturer JYIELE Electric Manufacture. Buy directly with low price and high quality.\" \/>\n<meta name=\"robots\" content=\"index, follow, max-snippet:-1, max-image-preview:large, max-video-preview:-1\" \/>\n<link rel=\"canonical\" href=\"https:\/\/www.jyiele.com\/de\/product\/plastic-self-locking-eco-friendly-nylon-cable-tie-wraps\/\" \/>\n<meta property=\"og:locale\" content=\"de_DE\" \/>\n<meta property=\"og:type\" content=\"article\" \/>\n<meta property=\"og:title\" content=\"Plastic Self-Locking Eco-Friendly Nylon Cable Tie Wraps from China manufacturer - JYIELE Electric\" \/>\n<meta property=\"og:description\" content=\"Plastic Self-Locking Eco-Friendly Nylon Cable Tie Wraps offered by China manufacturer JYIELE Electric Manufacture. Buy directly with low price and high quality.\" \/>\n<meta property=\"og:url\" content=\"https:\/\/www.jyiele.com\/de\/product\/plastic-self-locking-eco-friendly-nylon-cable-tie-wraps\/\" \/>\n<meta property=\"og:site_name\" content=\"JYIELE\" \/>\n<meta property=\"article:modified_time\" content=\"2024-09-16T13:59:33+00:00\" \/>\n<meta property=\"og:image\" content=\"https:\/\/www.jyiele.com\/wp-content\/uploads\/2024\/09\/Plastic-Self-Locking-Eco-Friendly-Nylon-Cable-Tie-Wraps.webp\" \/>\n\t<meta property=\"og:image:width\" content=\"800\" \/>\n\t<meta property=\"og:image:height\" content=\"800\" \/>\n\t<meta property=\"og:image:type\" content=\"image\/webp\" \/>\n<meta name=\"twitter:card\" content=\"summary_large_image\" \/>\n<meta name=\"twitter:label1\" content=\"Gesch\u00e4tzte Lesezeit\" \/>\n\t<meta name=\"twitter:data1\" content=\"1\u00a0Minute\" \/>\n<script type=\"application\/ld+json\" class=\"yoast-schema-graph\">{\"@context\":\"https:\/\/schema.org\",\"@graph\":[{\"@type\":\"WebPage\",\"@id\":\"https:\/\/www.jyiele.com\/product\/plastic-self-locking-eco-friendly-nylon-cable-tie-wraps\/\",\"url\":\"https:\/\/www.jyiele.com\/product\/plastic-self-locking-eco-friendly-nylon-cable-tie-wraps\/\",\"name\":\"Plastic Self-Locking Eco-Friendly Nylon Cable Tie Wraps from China manufacturer - JYIELE Electric\",\"isPartOf\":{\"@id\":\"https:\/\/www.jyiele.com\/#website\"},\"primaryImageOfPage\":{\"@id\":\"https:\/\/www.jyiele.com\/product\/plastic-self-locking-eco-friendly-nylon-cable-tie-wraps\/#primaryimage\"},\"image\":{\"@id\":\"https:\/\/www.jyiele.com\/product\/plastic-self-locking-eco-friendly-nylon-cable-tie-wraps\/#primaryimage\"},\"thumbnailUrl\":\"https:\/\/www.jyiele.com\/wp-content\/uploads\/2024\/09\/Plastic-Self-Locking-Eco-Friendly-Nylon-Cable-Tie-Wraps.webp\",\"datePublished\":\"2020-04-06T13:11:11+00:00\",\"dateModified\":\"2024-09-16T13:59:33+00:00\",\"description\":\"Plastic Self-Locking Eco-Friendly Nylon Cable Tie Wraps offered by China manufacturer JYIELE Electric Manufacture. Buy directly with low price and high quality.\",\"breadcrumb\":{\"@id\":\"https:\/\/www.jyiele.com\/product\/plastic-self-locking-eco-friendly-nylon-cable-tie-wraps\/#breadcrumb\"},\"inLanguage\":\"de\",\"potentialAction\":[{\"@type\":\"ReadAction\",\"target\":[\"https:\/\/www.jyiele.com\/product\/plastic-self-locking-eco-friendly-nylon-cable-tie-wraps\/\"]}]},{\"@type\":\"ImageObject\",\"inLanguage\":\"de\",\"@id\":\"https:\/\/www.jyiele.com\/product\/plastic-self-locking-eco-friendly-nylon-cable-tie-wraps\/#primaryimage\",\"url\":\"https:\/\/www.jyiele.com\/wp-content\/uploads\/2024\/09\/Plastic-Self-Locking-Eco-Friendly-Nylon-Cable-Tie-Wraps.webp\",\"contentUrl\":\"https:\/\/www.jyiele.com\/wp-content\/uploads\/2024\/09\/Plastic-Self-Locking-Eco-Friendly-Nylon-Cable-Tie-Wraps.webp\",\"width\":800,\"height\":800,\"caption\":\"Plastic Self-Locking Eco-Friendly Nylon Cable Tie Wraps\"},{\"@type\":\"BreadcrumbList\",\"@id\":\"https:\/\/www.jyiele.com\/product\/plastic-self-locking-eco-friendly-nylon-cable-tie-wraps\/#breadcrumb\",\"itemListElement\":[{\"@type\":\"ListItem\",\"position\":1,\"name\":\"Home\",\"item\":\"https:\/\/www.jyiele.com\/\"},{\"@type\":\"ListItem\",\"position\":2,\"name\":\"Product\",\"item\":\"https:\/\/www.jyiele.com\/product\/\"},{\"@type\":\"ListItem\",\"position\":3,\"name\":\"Zip Ties\",\"item\":\"https:\/\/www.jyiele.com\/de\/product-category\/zip-ties\/\"},{\"@type\":\"ListItem\",\"position\":4,\"name\":\"Plastic Self-Locking Eco-Friendly Nylon Cable Tie Wraps\"}]},{\"@type\":\"WebSite\",\"@id\":\"https:\/\/www.jyiele.com\/#website\",\"url\":\"https:\/\/www.jyiele.com\/\",\"name\":\"JYIELE\",\"description\":\"Vacuum Circuit Breaker manufacturer\",\"publisher\":{\"@id\":\"https:\/\/www.jyiele.com\/#organization\"},\"potentialAction\":[{\"@type\":\"SearchAction\",\"target\":{\"@type\":\"EntryPoint\",\"urlTemplate\":\"https:\/\/www.jyiele.com\/?s={search_term_string}\"},\"query-input\":{\"@type\":\"PropertyValueSpecification\",\"valueRequired\":true,\"valueName\":\"search_term_string\"}}],\"inLanguage\":\"de\"},{\"@type\":\"Organization\",\"@id\":\"https:\/\/www.jyiele.com\/#organization\",\"name\":\"JYIELE\",\"url\":\"https:\/\/www.jyiele.com\/\",\"logo\":{\"@type\":\"ImageObject\",\"inLanguage\":\"de\",\"@id\":\"https:\/\/www.jyiele.com\/#\/schema\/logo\/image\/\",\"url\":\"https:\/\/www.jyiele.com\/wp-content\/uploads\/2024\/09\/cropped-jyele-1.webp\",\"contentUrl\":\"https:\/\/www.jyiele.com\/wp-content\/uploads\/2024\/09\/cropped-jyele-1.webp\",\"width\":137,\"height\":60,\"caption\":\"JYIELE\"},\"image\":{\"@id\":\"https:\/\/www.jyiele.com\/#\/schema\/logo\/image\/\"}}]}<\/script>\n<!-- \/ Yoast SEO plugin. -->","yoast_head_json":{"title":"Selbstsichernde, umweltfreundliche Nylon-Kabelbinder aus Kunststoff von einem chinesischen Hersteller - JYIELE Electric","description":"Selbstsichernde, umweltfreundliche Nylon-Kabelbinder aus Kunststoff, angeboten vom chinesischen Hersteller JYIELE Electric Manufacture. Kaufen Sie direkt mit niedrigem Preis und hoher Qualit\u00e4t.","robots":{"index":"index","follow":"follow","max-snippet":"max-snippet:-1","max-image-preview":"max-image-preview:large","max-video-preview":"max-video-preview:-1"},"canonical":"https:\/\/www.jyiele.com\/de\/product\/plastic-self-locking-eco-friendly-nylon-cable-tie-wraps\/","og_locale":"de_DE","og_type":"article","og_title":"Plastic Self-Locking Eco-Friendly Nylon Cable Tie Wraps from China manufacturer - JYIELE Electric","og_description":"Plastic Self-Locking Eco-Friendly Nylon Cable Tie Wraps offered by China manufacturer JYIELE Electric Manufacture. Buy directly with low price and high quality.","og_url":"https:\/\/www.jyiele.com\/de\/product\/plastic-self-locking-eco-friendly-nylon-cable-tie-wraps\/","og_site_name":"JYIELE","article_modified_time":"2024-09-16T13:59:33+00:00","og_image":[{"width":800,"height":800,"url":"https:\/\/www.jyiele.com\/wp-content\/uploads\/2024\/09\/Plastic-Self-Locking-Eco-Friendly-Nylon-Cable-Tie-Wraps.webp","type":"image\/webp"}],"twitter_card":"summary_large_image","twitter_misc":{"Gesch\u00e4tzte Lesezeit":"1\u00a0Minute"},"schema":{"@context":"https:\/\/schema.org","@graph":[{"@type":"WebPage","@id":"https:\/\/www.jyiele.com\/product\/plastic-self-locking-eco-friendly-nylon-cable-tie-wraps\/","url":"https:\/\/www.jyiele.com\/product\/plastic-self-locking-eco-friendly-nylon-cable-tie-wraps\/","name":"Selbstsichernde, umweltfreundliche Nylon-Kabelbinder aus Kunststoff von einem chinesischen Hersteller - JYIELE Electric","isPartOf":{"@id":"https:\/\/www.jyiele.com\/#website"},"primaryImageOfPage":{"@id":"https:\/\/www.jyiele.com\/product\/plastic-self-locking-eco-friendly-nylon-cable-tie-wraps\/#primaryimage"},"image":{"@id":"https:\/\/www.jyiele.com\/product\/plastic-self-locking-eco-friendly-nylon-cable-tie-wraps\/#primaryimage"},"thumbnailUrl":"https:\/\/www.jyiele.com\/wp-content\/uploads\/2024\/09\/Plastic-Self-Locking-Eco-Friendly-Nylon-Cable-Tie-Wraps.webp","datePublished":"2020-04-06T13:11:11+00:00","dateModified":"2024-09-16T13:59:33+00:00","description":"Selbstsichernde, umweltfreundliche Nylon-Kabelbinder aus Kunststoff, angeboten vom chinesischen Hersteller JYIELE Electric Manufacture. Kaufen Sie direkt mit niedrigem Preis und hoher Qualit\u00e4t.","breadcrumb":{"@id":"https:\/\/www.jyiele.com\/product\/plastic-self-locking-eco-friendly-nylon-cable-tie-wraps\/#breadcrumb"},"inLanguage":"de","potentialAction":[{"@type":"ReadAction","target":["https:\/\/www.jyiele.com\/product\/plastic-self-locking-eco-friendly-nylon-cable-tie-wraps\/"]}]},{"@type":"ImageObject","inLanguage":"de","@id":"https:\/\/www.jyiele.com\/product\/plastic-self-locking-eco-friendly-nylon-cable-tie-wraps\/#primaryimage","url":"https:\/\/www.jyiele.com\/wp-content\/uploads\/2024\/09\/Plastic-Self-Locking-Eco-Friendly-Nylon-Cable-Tie-Wraps.webp","contentUrl":"https:\/\/www.jyiele.com\/wp-content\/uploads\/2024\/09\/Plastic-Self-Locking-Eco-Friendly-Nylon-Cable-Tie-Wraps.webp","width":800,"height":800,"caption":"Plastic Self-Locking Eco-Friendly Nylon Cable Tie Wraps"},{"@type":"BreadcrumbList","@id":"https:\/\/www.jyiele.com\/product\/plastic-self-locking-eco-friendly-nylon-cable-tie-wraps\/#breadcrumb","itemListElement":[{"@type":"ListItem","position":1,"name":"Home","item":"https:\/\/www.jyiele.com\/"},{"@type":"ListItem","position":2,"name":"Product","item":"https:\/\/www.jyiele.com\/product\/"},{"@type":"ListItem","position":3,"name":"Zip Ties","item":"https:\/\/www.jyiele.com\/de\/product-category\/zip-ties\/"},{"@type":"ListItem","position":4,"name":"Plastic Self-Locking Eco-Friendly Nylon Cable Tie Wraps"}]},{"@type":"WebSite","@id":"https:\/\/www.jyiele.com\/#website","url":"https:\/\/www.jyiele.com\/","name":"JYIELE","description":"Hersteller von Vakuum-Leistungsschaltern","publisher":{"@id":"https:\/\/www.jyiele.com\/#organization"},"potentialAction":[{"@type":"SearchAction","target":{"@type":"EntryPoint","urlTemplate":"https:\/\/www.jyiele.com\/?s={search_term_string}"},"query-input":{"@type":"PropertyValueSpecification","valueRequired":true,"valueName":"search_term_string"}}],"inLanguage":"de"},{"@type":"Organization","@id":"https:\/\/www.jyiele.com\/#organization","name":"JYIELE","url":"https:\/\/www.jyiele.com\/","logo":{"@type":"ImageObject","inLanguage":"de","@id":"https:\/\/www.jyiele.com\/#\/schema\/logo\/image\/","url":"https:\/\/www.jyiele.com\/wp-content\/uploads\/2024\/09\/cropped-jyele-1.webp","contentUrl":"https:\/\/www.jyiele.com\/wp-content\/uploads\/2024\/09\/cropped-jyele-1.webp","width":137,"height":60,"caption":"JYIELE"},"image":{"@id":"https:\/\/www.jyiele.com\/#\/schema\/logo\/image\/"}}]}},"_links":{"self":[{"href":"https:\/\/www.jyiele.com\/de\/wp-json\/wp\/v2\/product\/1223","targetHints":{"allow":["GET"]}}],"collection":[{"href":"https:\/\/www.jyiele.com\/de\/wp-json\/wp\/v2\/product"}],"about":[{"href":"https:\/\/www.jyiele.com\/de\/wp-json\/wp\/v2\/types\/product"}],"version-history":[{"count":1,"href":"https:\/\/www.jyiele.com\/de\/wp-json\/wp\/v2\/product\/1223\/revisions"}],"predecessor-version":[{"id":1226,"href":"https:\/\/www.jyiele.com\/de\/wp-json\/wp\/v2\/product\/1223\/revisions\/1226"}],"wp:featuredmedia":[{"embeddable":true,"href":"https:\/\/www.jyiele.com\/de\/wp-json\/wp\/v2\/media\/1225"}],"wp:attachment":[{"href":"https:\/\/www.jyiele.com\/de\/wp-json\/wp\/v2\/media?parent=1223"}],"wp:term":[{"taxonomy":"product_brand","embeddable":true,"href":"https:\/\/www.jyiele.com\/de\/wp-json\/wp\/v2\/product_brand?post=1223"},{"taxonomy":"product_cat","embeddable":true,"href":"https:\/\/www.jyiele.com\/de\/wp-json\/wp\/v2\/product_cat?post=1223"},{"taxonomy":"product_tag","embeddable":true,"href":"https:\/\/www.jyiele.com\/de\/wp-json\/wp\/v2\/product_tag?post=1223"}],"curies":[{"name":"wp","href":"https:\/\/api.w.org\/{rel}","templated":true}]}}