{"id":1228,"date":"2022-09-16T13:33:48","date_gmt":"2022-09-16T13:33:48","guid":{"rendered":"https:\/\/www.jy-electric.com\/?post_type=product&#038;p=1228"},"modified":"2025-03-09T11:38:45","modified_gmt":"2025-03-09T11:38:45","slug":"high-voltage-ac-vacuum-load-switch","status":"publish","type":"product","link":"https:\/\/www.jyiele.com\/de\/product\/high-voltage-ac-vacuum-load-switch\/","title":{"rendered":"VF(R)-12 Integrierter Hochspannungs-AC-Vakuumlastschalter"},"content":{"rendered":"<h2>\u00dcberblick \u00fcber VF(R)-12<\/h2>\n<p>VF(R)-12 ist eine Art Innenraum-Hochspannungs-AC-Vakuumlastschalter-Sicherungs-Kombinationsger\u00e4t. Es ist f\u00fcr verschiedene Stromnetze geeignet und arbeitet sicher und stabil innerhalb seiner technischen Parameter. Mit seinem fortschrittlichen Design ist dieses Ger\u00e4t in modernen Stromnetzen weit verbreitet.<\/p>\n<h2>Produktnorm<\/h2>\n<p>Der Vakuumlastschalter VF(R)-12 entspricht den folgenden Normen:<\/p>\n<p>GB 3804-2004: AC-Hochspannungslastschalter mit einer Nennspannung zwischen 3,6 kV und 40,5 kV.<br \/>\nGB 16926-2009: Norm f\u00fcr Hochspannungslast AC-Schalter-Sicherungs-Kombinationen.<\/p>\n<h2>Technische Parameter<\/h2>\n<figure class=\"wp-block-table\">\n<div class=\"scroll\">\n<table>\n<tbody>\n<tr>\n<td rowspan=\"2\">\u00a0\u00a0\u00a0Artikel<\/td>\n<td rowspan=\"2\">Einheit<\/td>\n<td colspan=\"4\">Referenzwert<\/td>\n<\/tr>\n<tr>\n<td>VF-12\/T630-20<br \/>\nVakuum-Belastung<br \/>\nSchalter<\/td>\n<td>VFR-12\/T125-50<br \/>\nVakuum-Belastung<br \/>\nSchalter-Sicherung<br \/>\nKombination<\/td>\n<td>VFH-12\/T630-25<br \/>\nHochbrechend<br \/>\nKapazit\u00e4tsvakuum<br \/>\nSchalter<\/td>\n<td>VFHR-12\/T125-50<br \/>\nHochbrechend<br \/>\nKapazit\u00e4tsvakuum<br \/>\nSchalter-Sicherung<br \/>\nKombination<\/td>\n<\/tr>\n<tr>\n<td>\u00a0\u00a0 Nennspannung<\/td>\n<td>kV<\/td>\n<td>12<\/td>\n<td>12<\/td>\n<td>12<\/td>\n<td>12<\/td>\n<\/tr>\n<tr>\n<td>Blitzsto\u00dfspannungsfestigkeit<\/td>\n<td>kV<\/td>\n<td>75<\/td>\n<td>75<\/td>\n<td>75<\/td>\n<td>75<\/td>\n<\/tr>\n<tr>\n<td>\u00a0\u00a0\u00a0 Bemessungsisolationsgrad 1min Netzfrequenz-Stehspannung<\/td>\n<td>kV<\/td>\n<td>42<\/td>\n<td>42<\/td>\n<td>42<\/td>\n<td>42<\/td>\n<\/tr>\n<tr>\n<td>\u00a0\u00a0 Nennfrequenz<\/td>\n<td>Hz<\/td>\n<td>50\/60<\/td>\n<td>50\/60<\/td>\n<td>50\/60<\/td>\n<td>50\/60<\/td>\n<\/tr>\n<tr>\n<td>\u00a0\u00a0 Nennstrom<\/td>\n<td>A<\/td>\n<td>630<\/td>\n<td>125(Sicherung)<\/td>\n<td>630<\/td>\n<td>125(Sicherung)<\/td>\n<\/tr>\n<tr>\n<td>\u00a0\u00a0 Nenn-Kurzschluss-Ausschaltstrom<\/td>\n<td>kA<\/td>\n<td><\/td>\n<td>50(Sicherung<\/td>\n<td>25(sind Suppresonkammer)<\/td>\n<td>25im pcesson harx<\/td>\n<\/tr>\n<tr>\n<td>\u00a0\u00a0 Bemessungs-Kurzschlusseinschaltstrom (Spitzenwert)<\/td>\n<td>kA<\/td>\n<td>50<\/td>\n<td><\/td>\n<td>63<\/td>\n<td><\/td>\n<\/tr>\n<tr>\n<td>\u00a0\u00a0 Bemessungs-Kurzzeitstromfestigkeit<\/td>\n<td>kA<\/td>\n<td>20<\/td>\n<td><\/td>\n<td>25<\/td>\n<td><\/td>\n<\/tr>\n<tr>\n<td>\u00a0\u00a0 Nennstrombelastbarkeit (Spitzenwert)<\/td>\n<td>kA<\/td>\n<td>50<\/td>\n<td><\/td>\n<td>63<\/td>\n<td><\/td>\n<\/tr>\n<tr>\n<td>\u00a0\u00a0 Nennausschaltstrom des Kabels beim Laden<\/td>\n<td>A<\/td>\n<td>16<\/td>\n<td><\/td>\n<td><\/td>\n<td><\/td>\n<\/tr>\n<tr>\n<td>\u00a0\u00a0 Nennausschaltstrom des Leerlauftransformators<\/td>\n<td>kVA<\/td>\n<td>1250<\/td>\n<td><\/td>\n<td>1250<\/td>\n<td><\/td>\n<\/tr>\n<tr>\n<td>\u00a0\u00a0 Bemessungs-Ausschalt-\u00dcbernahmestrom<\/td>\n<td>A<\/td>\n<td><\/td>\n<td>3150<\/td>\n<td><\/td>\n<td>3150<\/td>\n<\/tr>\n<tr>\n<td>\u00a0\u00a0 Ausschaltzeiten des Nennkurzschlussstroms<\/td>\n<td>Zeiten<\/td>\n<td><\/td>\n<td><\/td>\n<td><\/td>\n<td><\/td>\n<\/tr>\n<tr>\n<td>\u00a0\u00a0 Mechanische Lebensdauer<\/td>\n<td><\/td>\n<td>Ebene M2<\/td>\n<td>Niveau M2<\/td>\n<td>Niveau M2<\/td>\n<td>Ebene M2<\/td>\n<\/tr>\n<tr>\n<td>\u00a0\u00a0 Gewicht<\/td>\n<td>kg<\/td>\n<td colspan=\"4\">125<\/td>\n<\/tr>\n<\/tbody>\n<\/table>\n<\/div>\n<\/figure>\n<h2>Betriebsbedingungen<\/h2>\n<p>Umgebungstemperatur: -40\u00b0C bis +40\u00b0C (weniger als 35\u00b0C innerhalb von 24 Stunden)<br \/>\nRelative Luftfeuchtigkeit: \u226495% (Tagesdurchschnitt), oder \u226490% (Monatsdurchschnitt)<br \/>\nH\u00f6henlage: \u22641000 Meter<\/p>\n<h2>Auswahl von Transformatoren und Sicherungen<\/h2>\n<p>Schmelzsicherungen sind in der Lage, hohe Str\u00f6me in weniger als 10 Millisekunden abzuschalten und haben ein Ausschaltverm\u00f6gen von bis zu 50KA, was sie zu einem wirksamen Schutz f\u00fcr Transformatoren macht. Bei der Auswahl von Sicherungen ist zu beachten, dass der Sicherungsstrom das 1,6-fache seines Nennwerts betragen muss, um m\u00f6gliche Einschaltstr\u00f6me zu bew\u00e4ltigen. Der Konstrukteur sollte auch einen Spielraum f\u00fcr die Sicherung einplanen, der die Schwankungen im Netz ber\u00fccksichtigt. Wenn die Sicherung f\u00fcr den Schutz von Hochspannungsmotoren verwendet werden soll, sollte auch die H\u00e4ufigkeit der Motoranl\u00e4ufe ber\u00fccksichtigt werden, da h\u00e4ufige Anl\u00e4ufe dazu f\u00fchren k\u00f6nnen, dass die Sicherung nicht rechtzeitig abk\u00fchlen kann und somit ausf\u00e4llt.<\/p>\n<h2 class=\"wp-block-heading\">Auswahl der Sicherungen<\/h2>\n<figure class=\"wp-block-table\">\n<div class=\"scroll\">\n<table>\n<tbody>\n<tr>\n<td rowspan=\"2\">Prim\u00e4rspannung von<br \/>\nder Transformator(kV)<\/td>\n<td rowspan=\"2\">Kapazit\u00e4t von<br \/>\nder Transformator(kVA)<\/td>\n<td colspan=\"2\">Modell der Sicherung<\/td>\n<td rowspan=\"2\">Nennstrom<br \/>\nder Schmelzsicherung(A<\/td>\n<\/tr>\n<tr>\n<td>Modell f\u00fcr den Inlandsmarkt<\/td>\n<td>Modell f\u00fcr den internationalen Markt<\/td>\n<\/tr>\n<tr>\n<td rowspan=\"6\">6.6<\/td>\n<td>200<\/td>\n<td rowspan=\"6\">XRNT-10<\/td>\n<td rowspan=\"3\">12kV BDGHC<\/td>\n<td>31.5<\/td>\n<\/tr>\n<tr>\n<td>250<\/td>\n<td>40<\/td>\n<\/tr>\n<tr>\n<td>300\/315<\/td>\n<td>50<\/td>\n<\/tr>\n<tr>\n<td>400<\/td>\n<td rowspan=\"3\">12kV BDGHC<\/td>\n<td>63<\/td>\n<\/tr>\n<tr>\n<td>500<\/td>\n<td>80<\/td>\n<\/tr>\n<tr>\n<td>630<\/td>\n<td>90<\/td>\n<\/tr>\n<\/tbody>\n<\/table>\n<\/div>\n<\/figure>\n<h2 class=\"wp-block-heading\">Gesamt- und Einbauma\u00dfe<\/h2>\n<p>Gesamtabmessungen des Hochspannungs-Wechselstrom-Vakuum-Leistungsschalters VF(R)-12(auf R\u00e4dern) f\u00fcr den Innenbereich<\/p>\n<figure class=\"wp-block-image size-full is-resized\"><img fetchpriority=\"high\" decoding=\"async\" class=\"alignnone wp-image-1229 size-full\" src=\"https:\/\/www.jy-electric.com\/wp-content\/uploads\/2024\/09\/AC-Vacuum-Load-Switch.webp\" alt=\"AC-Vakuum-Lastschalter\" width=\"845\" height=\"388\" srcset=\"https:\/\/www.jyiele.com\/wp-content\/uploads\/2024\/09\/AC-Vacuum-Load-Switch.webp 845w, https:\/\/www.jyiele.com\/wp-content\/uploads\/2024\/09\/AC-Vacuum-Load-Switch-300x138.webp 300w, https:\/\/www.jyiele.com\/wp-content\/uploads\/2024\/09\/AC-Vacuum-Load-Switch-768x353.webp 768w, https:\/\/www.jyiele.com\/wp-content\/uploads\/2024\/09\/AC-Vacuum-Load-Switch-18x8.webp 18w, https:\/\/www.jyiele.com\/wp-content\/uploads\/2024\/09\/AC-Vacuum-Load-Switch-600x276.webp 600w\" sizes=\"(max-width: 845px) 100vw, 845px\" \/><\/figure>\n<figure class=\"wp-block-table\">\n<div class=\"scroll\">\n<table>\n<tbody>\n<tr>\n<td>Korpusbreite(mm)<\/td>\n<td>P(mm)<\/td>\n<td>A(mm)<\/td>\n<td>B(mm)<\/td>\n<td>C(mm)<\/td>\n<td>E(mm)<\/td>\n<td>\u03c6W(mm)<\/td>\n<\/tr>\n<tr>\n<td>650<\/td>\n<td>150<\/td>\n<td>500<\/td>\n<td>530<\/td>\n<td>490<\/td>\n<td>203<\/td>\n<td>35<\/td>\n<\/tr>\n<tr>\n<td>800<\/td>\n<td>210<\/td>\n<td>650<\/td>\n<td>680<\/td>\n<td>640<\/td>\n<td>278<\/td>\n<td>35<\/td>\n<\/tr>\n<tr>\n<td>1000<\/td>\n<td>275<\/td>\n<td>850<\/td>\n<td>880<\/td>\n<td>840<\/td>\n<td>378<\/td>\n<td>35<\/td>\n<\/tr>\n<\/tbody>\n<\/table>\n<\/div>\n<\/figure>","protected":false},"excerpt":{"rendered":"<p>Der AC-Vakuumlastschalter VFR-12R ist eine neue Generation von Hochspannungs-Vakuumschaltger\u00e4ten, die speziell f\u00fcr die Marktnachfrage und moderne Designkonzepte entwickelt wurden. Er wird haupts\u00e4chlich in gepanzerten, luftisolierten Schaltanlagen im Innenbereich eingesetzt und ist in der Lage, unter normalen Bedingungen innerhalb des angegebenen Spannungsbereichs stabil zu arbeiten.<\/p>","protected":false},"featured_media":1230,"template":"","meta":{"site-sidebar-layout":"default","site-content-layout":"","ast-site-content-layout":"default","site-content-style":"default","site-sidebar-style":"default","ast-global-header-display":"","ast-banner-title-visibility":"","ast-main-header-display":"","ast-hfb-above-header-display":"","ast-hfb-below-header-display":"","ast-hfb-mobile-header-display":"","site-post-title":"","ast-breadcrumbs-content":"","ast-featured-img":"","footer-sml-layout":"","ast-disable-related-posts":"","theme-transparent-header-meta":"default","adv-header-id-meta":"","stick-header-meta":"","header-above-stick-meta":"","header-main-stick-meta":"","header-below-stick-meta":"","astra-migrate-meta-layouts":"set","ast-page-background-enabled":"default","ast-page-background-meta":{"desktop":{"background-color":"var(--ast-global-color-4)","background-image":"","background-repeat":"repeat","background-position":"center center","background-size":"auto","background-attachment":"scroll","background-type":"","background-media":"","overlay-type":"","overlay-color":"","overlay-opacity":"","overlay-gradient":""},"tablet":{"background-color":"","background-image":"","background-repeat":"repeat","background-position":"center center","background-size":"auto","background-attachment":"scroll","background-type":"","background-media":"","overlay-type":"","overlay-color":"","overlay-opacity":"","overlay-gradient":""},"mobile":{"background-color":"","background-image":"","background-repeat":"repeat","background-position":"center center","background-size":"auto","background-attachment":"scroll","background-type":"","background-media":"","overlay-type":"","overlay-color":"","overlay-opacity":"","overlay-gradient":""}},"ast-content-background-meta":{"desktop":{"background-color":"var(--ast-global-color-5)","background-image":"","background-repeat":"repeat","background-position":"center center","background-size":"auto","background-attachment":"scroll","background-type":"","background-media":"","overlay-type":"","overlay-color":"","overlay-opacity":"","overlay-gradient":""},"tablet":{"background-color":"var(--ast-global-color-5)","background-image":"","background-repeat":"repeat","background-position":"center center","background-size":"auto","background-attachment":"scroll","background-type":"","background-media":"","overlay-type":"","overlay-color":"","overlay-opacity":"","overlay-gradient":""},"mobile":{"background-color":"var(--ast-global-color-5)","background-image":"","background-repeat":"repeat","background-position":"center center","background-size":"auto","background-attachment":"scroll","background-type":"","background-media":"","overlay-type":"","overlay-color":"","overlay-opacity":"","overlay-gradient":""}}},"product_brand":[],"product_cat":[26],"product_tag":[],"class_list":{"0":"post-1228","1":"product","2":"type-product","3":"status-publish","4":"has-post-thumbnail","6":"product_cat-vacuum-circuit-breaker","7":"desktop-align-left","8":"tablet-align-left","9":"mobile-align-left","11":"first","12":"instock","13":"shipping-taxable","14":"product-type-simple"},"yoast_head":"<!-- This site is optimized with the Yoast SEO plugin v24.8.1 - https:\/\/yoast.com\/wordpress\/plugins\/seo\/ -->\n<title>VF(R)-12 Embedded High Voltage AC Vacuum Load Switch from China manufacturer - JYIELE<\/title>\n<meta name=\"description\" content=\"High Voltage AC Vacuum Load Switch offered by China manufacturer JYIELE Electric Manufacture. Buy Vacuum Circuit Breaker directly with low price and high quality.\" \/>\n<meta name=\"robots\" content=\"index, follow, max-snippet:-1, max-image-preview:large, max-video-preview:-1\" \/>\n<link rel=\"canonical\" href=\"https:\/\/www.jyiele.com\/de\/product\/high-voltage-ac-vacuum-load-switch\/\" \/>\n<meta property=\"og:locale\" content=\"de_DE\" \/>\n<meta property=\"og:type\" content=\"article\" \/>\n<meta property=\"og:title\" content=\"VF(R)-12 Embedded High Voltage AC Vacuum Load Switch from China manufacturer - JYIELE\" \/>\n<meta property=\"og:description\" content=\"High Voltage AC Vacuum Load Switch offered by China manufacturer JYIELE Electric Manufacture. Buy Vacuum Circuit Breaker directly with low price and high quality.\" \/>\n<meta property=\"og:url\" content=\"https:\/\/www.jyiele.com\/de\/product\/high-voltage-ac-vacuum-load-switch\/\" \/>\n<meta property=\"og:site_name\" content=\"JYIELE\" \/>\n<meta property=\"article:modified_time\" content=\"2025-03-09T11:38:45+00:00\" \/>\n<meta property=\"og:image\" content=\"https:\/\/www.jyiele.com\/wp-content\/uploads\/2024\/09\/High-Voltage-AC-Vacuum-Load-Switch.webp\" \/>\n\t<meta property=\"og:image:width\" content=\"600\" \/>\n\t<meta property=\"og:image:height\" content=\"600\" \/>\n\t<meta property=\"og:image:type\" content=\"image\/webp\" \/>\n<meta name=\"twitter:card\" content=\"summary_large_image\" \/>\n<meta name=\"twitter:label1\" content=\"Gesch\u00e4tzte Lesezeit\" \/>\n\t<meta name=\"twitter:data1\" content=\"3\u00a0Minuten\" \/>\n<script type=\"application\/ld+json\" class=\"yoast-schema-graph\">{\"@context\":\"https:\/\/schema.org\",\"@graph\":[{\"@type\":\"WebPage\",\"@id\":\"https:\/\/www.jyiele.com\/product\/high-voltage-ac-vacuum-load-switch\/\",\"url\":\"https:\/\/www.jyiele.com\/product\/high-voltage-ac-vacuum-load-switch\/\",\"name\":\"VF(R)-12 Embedded High Voltage AC Vacuum Load Switch from China manufacturer - JYIELE\",\"isPartOf\":{\"@id\":\"https:\/\/www.jyiele.com\/#website\"},\"primaryImageOfPage\":{\"@id\":\"https:\/\/www.jyiele.com\/product\/high-voltage-ac-vacuum-load-switch\/#primaryimage\"},\"image\":{\"@id\":\"https:\/\/www.jyiele.com\/product\/high-voltage-ac-vacuum-load-switch\/#primaryimage\"},\"thumbnailUrl\":\"https:\/\/www.jyiele.com\/wp-content\/uploads\/2024\/09\/High-Voltage-AC-Vacuum-Load-Switch.webp\",\"datePublished\":\"2022-09-16T13:33:48+00:00\",\"dateModified\":\"2025-03-09T11:38:45+00:00\",\"description\":\"High Voltage AC Vacuum Load Switch offered by China manufacturer JYIELE Electric Manufacture. Buy Vacuum Circuit Breaker directly with low price and high quality.\",\"breadcrumb\":{\"@id\":\"https:\/\/www.jyiele.com\/product\/high-voltage-ac-vacuum-load-switch\/#breadcrumb\"},\"inLanguage\":\"de\",\"potentialAction\":[{\"@type\":\"ReadAction\",\"target\":[\"https:\/\/www.jyiele.com\/product\/high-voltage-ac-vacuum-load-switch\/\"]}]},{\"@type\":\"ImageObject\",\"inLanguage\":\"de\",\"@id\":\"https:\/\/www.jyiele.com\/product\/high-voltage-ac-vacuum-load-switch\/#primaryimage\",\"url\":\"https:\/\/www.jyiele.com\/wp-content\/uploads\/2024\/09\/High-Voltage-AC-Vacuum-Load-Switch.webp\",\"contentUrl\":\"https:\/\/www.jyiele.com\/wp-content\/uploads\/2024\/09\/High-Voltage-AC-Vacuum-Load-Switch.webp\",\"width\":600,\"height\":600,\"caption\":\"High Voltage AC Vacuum Load Switch\"},{\"@type\":\"BreadcrumbList\",\"@id\":\"https:\/\/www.jyiele.com\/product\/high-voltage-ac-vacuum-load-switch\/#breadcrumb\",\"itemListElement\":[{\"@type\":\"ListItem\",\"position\":1,\"name\":\"Home\",\"item\":\"https:\/\/www.jyiele.com\/\"},{\"@type\":\"ListItem\",\"position\":2,\"name\":\"Product\",\"item\":\"https:\/\/www.jyiele.com\/product\/\"},{\"@type\":\"ListItem\",\"position\":3,\"name\":\"Vacuum Circuit Breaker\",\"item\":\"https:\/\/www.jyiele.com\/product-category\/vacuum-circuit-breaker\/\"},{\"@type\":\"ListItem\",\"position\":4,\"name\":\"VF(R)-12 Embedded High Voltage AC Vacuum Load Switch\"}]},{\"@type\":\"WebSite\",\"@id\":\"https:\/\/www.jyiele.com\/#website\",\"url\":\"https:\/\/www.jyiele.com\/\",\"name\":\"JYIELE\",\"description\":\"Vacuum Circuit Breaker manufacturer\",\"publisher\":{\"@id\":\"https:\/\/www.jyiele.com\/#organization\"},\"potentialAction\":[{\"@type\":\"SearchAction\",\"target\":{\"@type\":\"EntryPoint\",\"urlTemplate\":\"https:\/\/www.jyiele.com\/?s={search_term_string}\"},\"query-input\":{\"@type\":\"PropertyValueSpecification\",\"valueRequired\":true,\"valueName\":\"search_term_string\"}}],\"inLanguage\":\"de\"},{\"@type\":\"Organization\",\"@id\":\"https:\/\/www.jyiele.com\/#organization\",\"name\":\"JYIELE\",\"url\":\"https:\/\/www.jyiele.com\/\",\"logo\":{\"@type\":\"ImageObject\",\"inLanguage\":\"de\",\"@id\":\"https:\/\/www.jyiele.com\/#\/schema\/logo\/image\/\",\"url\":\"https:\/\/www.jyiele.com\/wp-content\/uploads\/2024\/09\/cropped-jyele-1.webp\",\"contentUrl\":\"https:\/\/www.jyiele.com\/wp-content\/uploads\/2024\/09\/cropped-jyele-1.webp\",\"width\":137,\"height\":60,\"caption\":\"JYIELE\"},\"image\":{\"@id\":\"https:\/\/www.jyiele.com\/#\/schema\/logo\/image\/\"}}]}<\/script>\n<!-- \/ Yoast SEO plugin. -->","yoast_head_json":{"title":"VF(R)-12 Embedded Hochspannungs-AC-Vakuum-Lastschalter von China Hersteller - JYIELE","description":"Hochspannungs-AC-Vakuum-Lastschalter angeboten von China Hersteller JYIELE Electric Manufacture. Kaufen Sie Vakuum-Leistungsschalter direkt mit niedrigem Preis und hoher Qualit\u00e4t.","robots":{"index":"index","follow":"follow","max-snippet":"max-snippet:-1","max-image-preview":"max-image-preview:large","max-video-preview":"max-video-preview:-1"},"canonical":"https:\/\/www.jyiele.com\/de\/product\/high-voltage-ac-vacuum-load-switch\/","og_locale":"de_DE","og_type":"article","og_title":"VF(R)-12 Embedded High Voltage AC Vacuum Load Switch from China manufacturer - JYIELE","og_description":"High Voltage AC Vacuum Load Switch offered by China manufacturer JYIELE Electric Manufacture. Buy Vacuum Circuit Breaker directly with low price and high quality.","og_url":"https:\/\/www.jyiele.com\/de\/product\/high-voltage-ac-vacuum-load-switch\/","og_site_name":"JYIELE","article_modified_time":"2025-03-09T11:38:45+00:00","og_image":[{"width":600,"height":600,"url":"https:\/\/www.jyiele.com\/wp-content\/uploads\/2024\/09\/High-Voltage-AC-Vacuum-Load-Switch.webp","type":"image\/webp"}],"twitter_card":"summary_large_image","twitter_misc":{"Gesch\u00e4tzte Lesezeit":"3\u00a0Minuten"},"schema":{"@context":"https:\/\/schema.org","@graph":[{"@type":"WebPage","@id":"https:\/\/www.jyiele.com\/product\/high-voltage-ac-vacuum-load-switch\/","url":"https:\/\/www.jyiele.com\/product\/high-voltage-ac-vacuum-load-switch\/","name":"VF(R)-12 Embedded Hochspannungs-AC-Vakuum-Lastschalter von China Hersteller - JYIELE","isPartOf":{"@id":"https:\/\/www.jyiele.com\/#website"},"primaryImageOfPage":{"@id":"https:\/\/www.jyiele.com\/product\/high-voltage-ac-vacuum-load-switch\/#primaryimage"},"image":{"@id":"https:\/\/www.jyiele.com\/product\/high-voltage-ac-vacuum-load-switch\/#primaryimage"},"thumbnailUrl":"https:\/\/www.jyiele.com\/wp-content\/uploads\/2024\/09\/High-Voltage-AC-Vacuum-Load-Switch.webp","datePublished":"2022-09-16T13:33:48+00:00","dateModified":"2025-03-09T11:38:45+00:00","description":"Hochspannungs-AC-Vakuum-Lastschalter angeboten von China Hersteller JYIELE Electric Manufacture. Kaufen Sie Vakuum-Leistungsschalter direkt mit niedrigem Preis und hoher Qualit\u00e4t.","breadcrumb":{"@id":"https:\/\/www.jyiele.com\/product\/high-voltage-ac-vacuum-load-switch\/#breadcrumb"},"inLanguage":"de","potentialAction":[{"@type":"ReadAction","target":["https:\/\/www.jyiele.com\/product\/high-voltage-ac-vacuum-load-switch\/"]}]},{"@type":"ImageObject","inLanguage":"de","@id":"https:\/\/www.jyiele.com\/product\/high-voltage-ac-vacuum-load-switch\/#primaryimage","url":"https:\/\/www.jyiele.com\/wp-content\/uploads\/2024\/09\/High-Voltage-AC-Vacuum-Load-Switch.webp","contentUrl":"https:\/\/www.jyiele.com\/wp-content\/uploads\/2024\/09\/High-Voltage-AC-Vacuum-Load-Switch.webp","width":600,"height":600,"caption":"High Voltage AC Vacuum Load Switch"},{"@type":"BreadcrumbList","@id":"https:\/\/www.jyiele.com\/product\/high-voltage-ac-vacuum-load-switch\/#breadcrumb","itemListElement":[{"@type":"ListItem","position":1,"name":"Home","item":"https:\/\/www.jyiele.com\/"},{"@type":"ListItem","position":2,"name":"Product","item":"https:\/\/www.jyiele.com\/product\/"},{"@type":"ListItem","position":3,"name":"Vacuum Circuit Breaker","item":"https:\/\/www.jyiele.com\/product-category\/vacuum-circuit-breaker\/"},{"@type":"ListItem","position":4,"name":"VF(R)-12 Embedded High Voltage AC Vacuum Load Switch"}]},{"@type":"WebSite","@id":"https:\/\/www.jyiele.com\/#website","url":"https:\/\/www.jyiele.com\/","name":"JYIELE","description":"Hersteller von Vakuum-Leistungsschaltern","publisher":{"@id":"https:\/\/www.jyiele.com\/#organization"},"potentialAction":[{"@type":"SearchAction","target":{"@type":"EntryPoint","urlTemplate":"https:\/\/www.jyiele.com\/?s={search_term_string}"},"query-input":{"@type":"PropertyValueSpecification","valueRequired":true,"valueName":"search_term_string"}}],"inLanguage":"de"},{"@type":"Organization","@id":"https:\/\/www.jyiele.com\/#organization","name":"JYIELE","url":"https:\/\/www.jyiele.com\/","logo":{"@type":"ImageObject","inLanguage":"de","@id":"https:\/\/www.jyiele.com\/#\/schema\/logo\/image\/","url":"https:\/\/www.jyiele.com\/wp-content\/uploads\/2024\/09\/cropped-jyele-1.webp","contentUrl":"https:\/\/www.jyiele.com\/wp-content\/uploads\/2024\/09\/cropped-jyele-1.webp","width":137,"height":60,"caption":"JYIELE"},"image":{"@id":"https:\/\/www.jyiele.com\/#\/schema\/logo\/image\/"}}]}},"_links":{"self":[{"href":"https:\/\/www.jyiele.com\/de\/wp-json\/wp\/v2\/product\/1228","targetHints":{"allow":["GET"]}}],"collection":[{"href":"https:\/\/www.jyiele.com\/de\/wp-json\/wp\/v2\/product"}],"about":[{"href":"https:\/\/www.jyiele.com\/de\/wp-json\/wp\/v2\/types\/product"}],"version-history":[{"count":1,"href":"https:\/\/www.jyiele.com\/de\/wp-json\/wp\/v2\/product\/1228\/revisions"}],"predecessor-version":[{"id":2447,"href":"https:\/\/www.jyiele.com\/de\/wp-json\/wp\/v2\/product\/1228\/revisions\/2447"}],"wp:featuredmedia":[{"embeddable":true,"href":"https:\/\/www.jyiele.com\/de\/wp-json\/wp\/v2\/media\/1230"}],"wp:attachment":[{"href":"https:\/\/www.jyiele.com\/de\/wp-json\/wp\/v2\/media?parent=1228"}],"wp:term":[{"taxonomy":"product_brand","embeddable":true,"href":"https:\/\/www.jyiele.com\/de\/wp-json\/wp\/v2\/product_brand?post=1228"},{"taxonomy":"product_cat","embeddable":true,"href":"https:\/\/www.jyiele.com\/de\/wp-json\/wp\/v2\/product_cat?post=1228"},{"taxonomy":"product_tag","embeddable":true,"href":"https:\/\/www.jyiele.com\/de\/wp-json\/wp\/v2\/product_tag?post=1228"}],"curies":[{"name":"wp","href":"https:\/\/api.w.org\/{rel}","templated":true}]}}