{"id":1244,"date":"2020-03-07T06:44:57","date_gmt":"2020-03-07T06:44:57","guid":{"rendered":"https:\/\/www.jy-electric.com\/?post_type=product&#038;p=1244"},"modified":"2024-09-22T06:02:33","modified_gmt":"2024-09-22T06:02:33","slug":"car-tire-anti-slip-heavy-duty-zip-ties-plastic","status":"publish","type":"product","link":"https:\/\/www.jyiele.com\/de\/product\/car-tire-anti-slip-heavy-duty-zip-ties-plastic\/","title":{"rendered":"Autoreifen Anti-Rutsch-Rei\u00dfverschl\u00fcsse aus Kunststoff"},"content":{"rendered":"<h2>Produktmerkmale<\/h2>\n<p>Auto-Reifen Anti-Rutsch Heavy Duty Plastic Zipper Strap hat die Eigenschaften von Anti-Korrosions-, Anti-S\u00e4ure-, Isolierung, Stopp-Funktion, gute Z\u00e4higkeit, starke Bindung, Selbst-Fixierung, nicht leicht zu altern, starke Alterungsbest\u00e4ndigkeit, etc. Es verbessert nicht nur die Fahrsicherheit, sondern ist auch sehr langlebig, und die Installation ist sehr bequem, vor allem an regnerischen und verschneiten Tagen oder unter schlechten Stra\u00dfenbedingungen.<\/p>\n<h2>Einbauverfahren<\/h2>\n<p>Direkt stanzen und anziehen k\u00f6nnen.<\/p>\n<h2>Andere Beschreibung<\/h2>\n<p>Die Gr\u00f6\u00dfe der Gleitschutzkette kann durch den abriebfesten G\u00fcrtel angepasst werden, der f\u00fcr alle Arten von Stra\u00dfenverh\u00e4ltnissen geeignet ist.<br \/>\nGeeignet f\u00fcr Autos, SUVs, Nutzfahrzeuge und viele andere Fahrzeuge<\/p>\n<p><img fetchpriority=\"high\" decoding=\"async\" class=\"alignnone wp-image-1249\" src=\"https:\/\/www.jy-electric.com\/wp-content\/uploads\/2024\/09\/Ties-Plastic-300x277.webp\" alt=\"Krawatten-Plastik\" width=\"488\" height=\"451\" srcset=\"https:\/\/www.jyiele.com\/wp-content\/uploads\/2024\/09\/Ties-Plastic-300x277.webp 300w, https:\/\/www.jyiele.com\/wp-content\/uploads\/2024\/09\/Ties-Plastic-13x12.webp 13w, https:\/\/www.jyiele.com\/wp-content\/uploads\/2024\/09\/Ties-Plastic-600x554.webp 600w, https:\/\/www.jyiele.com\/wp-content\/uploads\/2024\/09\/Ties-Plastic.webp 750w\" sizes=\"(max-width: 488px) 100vw, 488px\" \/><img decoding=\"async\" class=\"alignnone wp-image-1248\" style=\"font-weight: inherit;\" src=\"https:\/\/www.jy-electric.com\/wp-content\/uploads\/2024\/09\/Car-Tire-Anti-Slip-Heavy-Duty-Zip-Ties-221x300.webp\" alt=\"\" width=\"333\" height=\"452\" srcset=\"https:\/\/www.jyiele.com\/wp-content\/uploads\/2024\/09\/Car-Tire-Anti-Slip-Heavy-Duty-Zip-Ties-221x300.webp 221w, https:\/\/www.jyiele.com\/wp-content\/uploads\/2024\/09\/Car-Tire-Anti-Slip-Heavy-Duty-Zip-Ties-9x12.webp 9w, https:\/\/www.jyiele.com\/wp-content\/uploads\/2024\/09\/Car-Tire-Anti-Slip-Heavy-Duty-Zip-Ties-600x815.webp 600w, https:\/\/www.jyiele.com\/wp-content\/uploads\/2024\/09\/Car-Tire-Anti-Slip-Heavy-Duty-Zip-Ties.webp 750w\" sizes=\"(max-width: 333px) 100vw, 333px\" \/><img decoding=\"async\" class=\"alignnone wp-image-1247\" style=\"font-weight: inherit;\" src=\"https:\/\/www.jy-electric.com\/wp-content\/uploads\/2024\/09\/Zip-Ties-Plastic-175x300.webp\" alt=\"\" width=\"264\" height=\"452\" srcset=\"https:\/\/www.jyiele.com\/wp-content\/uploads\/2024\/09\/Zip-Ties-Plastic-175x300.webp 175w, https:\/\/www.jyiele.com\/wp-content\/uploads\/2024\/09\/Zip-Ties-Plastic-7x12.webp 7w\" sizes=\"(max-width: 264px) 100vw, 264px\" \/><\/p>\n<h2>FAQ<\/h2>\n<p>F 1: Sind Sie eine Fabrik oder ein Handelsunternehmen?<br \/>\nA: Wir sind eine Fabrik, direkten Kauf von uns k\u00f6nnen Sie den g\u00fcnstigsten Preis, kosteng\u00fcnstig.<\/p>\n<p>F 2: Wie garantieren Sie die Qualit\u00e4t Ihrer Produkte?<br \/>\nA: Wir pr\u00fcfen alle Produkte 100%, um die Qualit\u00e4t zu gew\u00e4hrleisten.<\/p>\n<p>F 3: Wann erhalte ich ein Angebot?<br \/>\nA: In der Regel werden wir Ihnen innerhalb von 24 Stunden nach Eingang Ihrer Anfrage ein Angebot unterbreiten.<\/p>\n<p>F 4: Wie kann ich Muster erhalten?<br \/>\nA: Wenn Sie unsere Produkte vor Ort nicht finden k\u00f6nnen, k\u00f6nnen wir Ihnen Muster zusenden. Sie m\u00fcssen die Probe Geb\u00fchr und Versandkosten zu zahlen.<\/p>","protected":false},"excerpt":{"rendered":"<p>Produktname\uff1aAutoreifen Anti-Rutsch-Hochleistungs-Rei\u00dfverschl\u00fcsse Kunststoff<br \/>\nMarke\uff1aJYIELE<br \/>\nMaterial: neues Nylon 66<br \/>\nGr\u00f6\u00dfe: 12*900 MM<br \/>\nBreite: 175-195 MM<br \/>\nGewicht: 0,8 kg<br \/>\nAnwendbare Radgr\u00f6\u00dfe: 14-24 Zoll (nicht anwendbar auf LKW-R\u00e4der und Trommelr\u00e4der)<br \/>\nBetriebstemperatur: -35\u00b0C bis 85\u00b0C<br \/>\nFarbe: natur, schwarz, benutzerdefinierte Farbe<br \/>\nBrandklasse: UL94V-2<br \/>\nZertifizierung: ISO9001, CE, ROHS<br \/>\nGarantie: Ein Jahr<br \/>\nVerwendung: Verhindert das Rutschen der Reifen auf regnerischen und verschneiten Stra\u00dfen.<br \/>\nProbe: Kostenlose Probe<br \/>\nOEM: Unterst\u00fctzung<\/p>","protected":false},"featured_media":1245,"template":"","meta":{"site-sidebar-layout":"default","site-content-layout":"","ast-site-content-layout":"default","site-content-style":"default","site-sidebar-style":"default","ast-global-header-display":"","ast-banner-title-visibility":"","ast-main-header-display":"","ast-hfb-above-header-display":"","ast-hfb-below-header-display":"","ast-hfb-mobile-header-display":"","site-post-title":"","ast-breadcrumbs-content":"","ast-featured-img":"","footer-sml-layout":"","theme-transparent-header-meta":"default","adv-header-id-meta":"","stick-header-meta":"","header-above-stick-meta":"","header-main-stick-meta":"","header-below-stick-meta":"","astra-migrate-meta-layouts":"set","ast-page-background-enabled":"default","ast-page-background-meta":{"desktop":{"background-color":"var(--ast-global-color-4)","background-image":"","background-repeat":"repeat","background-position":"center center","background-size":"auto","background-attachment":"scroll","background-type":"","background-media":"","overlay-type":"","overlay-color":"","overlay-opacity":"","overlay-gradient":""},"tablet":{"background-color":"","background-image":"","background-repeat":"repeat","background-position":"center center","background-size":"auto","background-attachment":"scroll","background-type":"","background-media":"","overlay-type":"","overlay-color":"","overlay-opacity":"","overlay-gradient":""},"mobile":{"background-color":"","background-image":"","background-repeat":"repeat","background-position":"center center","background-size":"auto","background-attachment":"scroll","background-type":"","background-media":"","overlay-type":"","overlay-color":"","overlay-opacity":"","overlay-gradient":""}},"ast-content-background-meta":{"desktop":{"background-color":"var(--ast-global-color-5)","background-image":"","background-repeat":"repeat","background-position":"center center","background-size":"auto","background-attachment":"scroll","background-type":"","background-media":"","overlay-type":"","overlay-color":"","overlay-opacity":"","overlay-gradient":""},"tablet":{"background-color":"var(--ast-global-color-5)","background-image":"","background-repeat":"repeat","background-position":"center center","background-size":"auto","background-attachment":"scroll","background-type":"","background-media":"","overlay-type":"","overlay-color":"","overlay-opacity":"","overlay-gradient":""},"mobile":{"background-color":"var(--ast-global-color-5)","background-image":"","background-repeat":"repeat","background-position":"center center","background-size":"auto","background-attachment":"scroll","background-type":"","background-media":"","overlay-type":"","overlay-color":"","overlay-opacity":"","overlay-gradient":""}}},"product_brand":[],"product_cat":[20],"product_tag":[],"class_list":{"0":"post-1244","1":"product","2":"type-product","3":"status-publish","4":"has-post-thumbnail","6":"product_cat-zip-ties","7":"desktop-align-left","8":"tablet-align-left","9":"mobile-align-left","11":"first","12":"instock","13":"shipping-taxable","14":"product-type-simple"},"yoast_head":"<!-- This site is optimized with the Yoast SEO plugin v24.8.1 - https:\/\/yoast.com\/wordpress\/plugins\/seo\/ -->\n<title>Car Tire Anti-Slip Heavy Duty Zip Ties Plastic from China manufacturer - JYIELE Electric<\/title>\n<meta name=\"description\" content=\"Car Tire Anti-Slip Heavy Duty Zip Ties Plastic offered by China manufacturer JYIELE Electric Manufacture. Buy Zip Ties directly with low price and high quality.\" \/>\n<meta name=\"robots\" content=\"index, follow, max-snippet:-1, max-image-preview:large, max-video-preview:-1\" \/>\n<link rel=\"canonical\" href=\"https:\/\/www.jyiele.com\/de\/product\/car-tire-anti-slip-heavy-duty-zip-ties-plastic\/\" \/>\n<meta property=\"og:locale\" content=\"de_DE\" \/>\n<meta property=\"og:type\" content=\"article\" \/>\n<meta property=\"og:title\" content=\"Car Tire Anti-Slip Heavy Duty Zip Ties Plastic from China manufacturer - JYIELE Electric\" \/>\n<meta property=\"og:description\" content=\"Car Tire Anti-Slip Heavy Duty Zip Ties Plastic offered by China manufacturer JYIELE Electric Manufacture. Buy Zip Ties directly with low price and high quality.\" \/>\n<meta property=\"og:url\" content=\"https:\/\/www.jyiele.com\/de\/product\/car-tire-anti-slip-heavy-duty-zip-ties-plastic\/\" \/>\n<meta property=\"og:site_name\" content=\"JYIELE\" \/>\n<meta property=\"article:modified_time\" content=\"2024-09-22T06:02:33+00:00\" \/>\n<meta property=\"og:image\" content=\"https:\/\/www.jyiele.com\/wp-content\/uploads\/2024\/09\/Car-Tire-Anti-Slip-Heavy-Duty-Zip-Ties-Plastic.webp\" \/>\n\t<meta property=\"og:image:width\" content=\"800\" \/>\n\t<meta property=\"og:image:height\" content=\"800\" \/>\n\t<meta property=\"og:image:type\" content=\"image\/webp\" \/>\n<meta name=\"twitter:card\" content=\"summary_large_image\" \/>\n<meta name=\"twitter:label1\" content=\"Gesch\u00e4tzte Lesezeit\" \/>\n\t<meta name=\"twitter:data1\" content=\"2\u00a0Minuten\" \/>\n<script type=\"application\/ld+json\" class=\"yoast-schema-graph\">{\"@context\":\"https:\/\/schema.org\",\"@graph\":[{\"@type\":\"WebPage\",\"@id\":\"https:\/\/www.jyiele.com\/product\/car-tire-anti-slip-heavy-duty-zip-ties-plastic\/\",\"url\":\"https:\/\/www.jyiele.com\/product\/car-tire-anti-slip-heavy-duty-zip-ties-plastic\/\",\"name\":\"Car Tire Anti-Slip Heavy Duty Zip Ties Plastic from China manufacturer - JYIELE Electric\",\"isPartOf\":{\"@id\":\"https:\/\/www.jyiele.com\/#website\"},\"primaryImageOfPage\":{\"@id\":\"https:\/\/www.jyiele.com\/product\/car-tire-anti-slip-heavy-duty-zip-ties-plastic\/#primaryimage\"},\"image\":{\"@id\":\"https:\/\/www.jyiele.com\/product\/car-tire-anti-slip-heavy-duty-zip-ties-plastic\/#primaryimage\"},\"thumbnailUrl\":\"https:\/\/www.jyiele.com\/wp-content\/uploads\/2024\/09\/Car-Tire-Anti-Slip-Heavy-Duty-Zip-Ties-Plastic.webp\",\"datePublished\":\"2020-03-07T06:44:57+00:00\",\"dateModified\":\"2024-09-22T06:02:33+00:00\",\"description\":\"Car Tire Anti-Slip Heavy Duty Zip Ties Plastic offered by China manufacturer JYIELE Electric Manufacture. Buy Zip Ties directly with low price and high quality.\",\"breadcrumb\":{\"@id\":\"https:\/\/www.jyiele.com\/product\/car-tire-anti-slip-heavy-duty-zip-ties-plastic\/#breadcrumb\"},\"inLanguage\":\"de\",\"potentialAction\":[{\"@type\":\"ReadAction\",\"target\":[\"https:\/\/www.jyiele.com\/product\/car-tire-anti-slip-heavy-duty-zip-ties-plastic\/\"]}]},{\"@type\":\"ImageObject\",\"inLanguage\":\"de\",\"@id\":\"https:\/\/www.jyiele.com\/product\/car-tire-anti-slip-heavy-duty-zip-ties-plastic\/#primaryimage\",\"url\":\"https:\/\/www.jyiele.com\/wp-content\/uploads\/2024\/09\/Car-Tire-Anti-Slip-Heavy-Duty-Zip-Ties-Plastic.webp\",\"contentUrl\":\"https:\/\/www.jyiele.com\/wp-content\/uploads\/2024\/09\/Car-Tire-Anti-Slip-Heavy-Duty-Zip-Ties-Plastic.webp\",\"width\":800,\"height\":800,\"caption\":\"Car-Tire-Anti-Slip-Heavy-Duty-Zip-Ties-Plastic\"},{\"@type\":\"BreadcrumbList\",\"@id\":\"https:\/\/www.jyiele.com\/product\/car-tire-anti-slip-heavy-duty-zip-ties-plastic\/#breadcrumb\",\"itemListElement\":[{\"@type\":\"ListItem\",\"position\":1,\"name\":\"Home\",\"item\":\"https:\/\/www.jyiele.com\/\"},{\"@type\":\"ListItem\",\"position\":2,\"name\":\"Product\",\"item\":\"https:\/\/www.jyiele.com\/product\/\"},{\"@type\":\"ListItem\",\"position\":3,\"name\":\"Zip Ties\",\"item\":\"https:\/\/www.jyiele.com\/de\/product-category\/zip-ties\/\"},{\"@type\":\"ListItem\",\"position\":4,\"name\":\"Car Tire Anti-Slip Heavy Duty Zip Ties Plastic\"}]},{\"@type\":\"WebSite\",\"@id\":\"https:\/\/www.jyiele.com\/#website\",\"url\":\"https:\/\/www.jyiele.com\/\",\"name\":\"JYIELE\",\"description\":\"Vacuum Circuit Breaker manufacturer\",\"publisher\":{\"@id\":\"https:\/\/www.jyiele.com\/#organization\"},\"potentialAction\":[{\"@type\":\"SearchAction\",\"target\":{\"@type\":\"EntryPoint\",\"urlTemplate\":\"https:\/\/www.jyiele.com\/?s={search_term_string}\"},\"query-input\":{\"@type\":\"PropertyValueSpecification\",\"valueRequired\":true,\"valueName\":\"search_term_string\"}}],\"inLanguage\":\"de\"},{\"@type\":\"Organization\",\"@id\":\"https:\/\/www.jyiele.com\/#organization\",\"name\":\"JYIELE\",\"url\":\"https:\/\/www.jyiele.com\/\",\"logo\":{\"@type\":\"ImageObject\",\"inLanguage\":\"de\",\"@id\":\"https:\/\/www.jyiele.com\/#\/schema\/logo\/image\/\",\"url\":\"https:\/\/www.jyiele.com\/wp-content\/uploads\/2024\/09\/cropped-jyele-1.webp\",\"contentUrl\":\"https:\/\/www.jyiele.com\/wp-content\/uploads\/2024\/09\/cropped-jyele-1.webp\",\"width\":137,\"height\":60,\"caption\":\"JYIELE\"},\"image\":{\"@id\":\"https:\/\/www.jyiele.com\/#\/schema\/logo\/image\/\"}}]}<\/script>\n<!-- \/ Yoast SEO plugin. -->","yoast_head_json":{"title":"Auto-Reifen Anti-Rutsch Heavy Duty Zip Ties Kunststoff aus China Hersteller - JYIELE Electric","description":"Auto-Reifen Anti-Rutsch-Rei\u00dfverschl\u00fcsse Kunststoff angeboten von China Hersteller JYIELE Electric Manufacture. Kaufen Zip Ties direkt mit niedrigem Preis und hoher Qualit\u00e4t.","robots":{"index":"index","follow":"follow","max-snippet":"max-snippet:-1","max-image-preview":"max-image-preview:large","max-video-preview":"max-video-preview:-1"},"canonical":"https:\/\/www.jyiele.com\/de\/product\/car-tire-anti-slip-heavy-duty-zip-ties-plastic\/","og_locale":"de_DE","og_type":"article","og_title":"Car Tire Anti-Slip Heavy Duty Zip Ties Plastic from China manufacturer - JYIELE Electric","og_description":"Car Tire Anti-Slip Heavy Duty Zip Ties Plastic offered by China manufacturer JYIELE Electric Manufacture. Buy Zip Ties directly with low price and high quality.","og_url":"https:\/\/www.jyiele.com\/de\/product\/car-tire-anti-slip-heavy-duty-zip-ties-plastic\/","og_site_name":"JYIELE","article_modified_time":"2024-09-22T06:02:33+00:00","og_image":[{"width":800,"height":800,"url":"https:\/\/www.jyiele.com\/wp-content\/uploads\/2024\/09\/Car-Tire-Anti-Slip-Heavy-Duty-Zip-Ties-Plastic.webp","type":"image\/webp"}],"twitter_card":"summary_large_image","twitter_misc":{"Gesch\u00e4tzte Lesezeit":"2\u00a0Minuten"},"schema":{"@context":"https:\/\/schema.org","@graph":[{"@type":"WebPage","@id":"https:\/\/www.jyiele.com\/product\/car-tire-anti-slip-heavy-duty-zip-ties-plastic\/","url":"https:\/\/www.jyiele.com\/product\/car-tire-anti-slip-heavy-duty-zip-ties-plastic\/","name":"Auto-Reifen Anti-Rutsch Heavy Duty Zip Ties Kunststoff aus China Hersteller - JYIELE Electric","isPartOf":{"@id":"https:\/\/www.jyiele.com\/#website"},"primaryImageOfPage":{"@id":"https:\/\/www.jyiele.com\/product\/car-tire-anti-slip-heavy-duty-zip-ties-plastic\/#primaryimage"},"image":{"@id":"https:\/\/www.jyiele.com\/product\/car-tire-anti-slip-heavy-duty-zip-ties-plastic\/#primaryimage"},"thumbnailUrl":"https:\/\/www.jyiele.com\/wp-content\/uploads\/2024\/09\/Car-Tire-Anti-Slip-Heavy-Duty-Zip-Ties-Plastic.webp","datePublished":"2020-03-07T06:44:57+00:00","dateModified":"2024-09-22T06:02:33+00:00","description":"Auto-Reifen Anti-Rutsch-Rei\u00dfverschl\u00fcsse Kunststoff angeboten von China Hersteller JYIELE Electric Manufacture. Kaufen Zip Ties direkt mit niedrigem Preis und hoher Qualit\u00e4t.","breadcrumb":{"@id":"https:\/\/www.jyiele.com\/product\/car-tire-anti-slip-heavy-duty-zip-ties-plastic\/#breadcrumb"},"inLanguage":"de","potentialAction":[{"@type":"ReadAction","target":["https:\/\/www.jyiele.com\/product\/car-tire-anti-slip-heavy-duty-zip-ties-plastic\/"]}]},{"@type":"ImageObject","inLanguage":"de","@id":"https:\/\/www.jyiele.com\/product\/car-tire-anti-slip-heavy-duty-zip-ties-plastic\/#primaryimage","url":"https:\/\/www.jyiele.com\/wp-content\/uploads\/2024\/09\/Car-Tire-Anti-Slip-Heavy-Duty-Zip-Ties-Plastic.webp","contentUrl":"https:\/\/www.jyiele.com\/wp-content\/uploads\/2024\/09\/Car-Tire-Anti-Slip-Heavy-Duty-Zip-Ties-Plastic.webp","width":800,"height":800,"caption":"Car-Tire-Anti-Slip-Heavy-Duty-Zip-Ties-Plastic"},{"@type":"BreadcrumbList","@id":"https:\/\/www.jyiele.com\/product\/car-tire-anti-slip-heavy-duty-zip-ties-plastic\/#breadcrumb","itemListElement":[{"@type":"ListItem","position":1,"name":"Home","item":"https:\/\/www.jyiele.com\/"},{"@type":"ListItem","position":2,"name":"Product","item":"https:\/\/www.jyiele.com\/product\/"},{"@type":"ListItem","position":3,"name":"Zip Ties","item":"https:\/\/www.jyiele.com\/de\/product-category\/zip-ties\/"},{"@type":"ListItem","position":4,"name":"Car Tire Anti-Slip Heavy Duty Zip Ties Plastic"}]},{"@type":"WebSite","@id":"https:\/\/www.jyiele.com\/#website","url":"https:\/\/www.jyiele.com\/","name":"JYIELE","description":"Hersteller von Vakuum-Leistungsschaltern","publisher":{"@id":"https:\/\/www.jyiele.com\/#organization"},"potentialAction":[{"@type":"SearchAction","target":{"@type":"EntryPoint","urlTemplate":"https:\/\/www.jyiele.com\/?s={search_term_string}"},"query-input":{"@type":"PropertyValueSpecification","valueRequired":true,"valueName":"search_term_string"}}],"inLanguage":"de"},{"@type":"Organization","@id":"https:\/\/www.jyiele.com\/#organization","name":"JYIELE","url":"https:\/\/www.jyiele.com\/","logo":{"@type":"ImageObject","inLanguage":"de","@id":"https:\/\/www.jyiele.com\/#\/schema\/logo\/image\/","url":"https:\/\/www.jyiele.com\/wp-content\/uploads\/2024\/09\/cropped-jyele-1.webp","contentUrl":"https:\/\/www.jyiele.com\/wp-content\/uploads\/2024\/09\/cropped-jyele-1.webp","width":137,"height":60,"caption":"JYIELE"},"image":{"@id":"https:\/\/www.jyiele.com\/#\/schema\/logo\/image\/"}}]}},"_links":{"self":[{"href":"https:\/\/www.jyiele.com\/de\/wp-json\/wp\/v2\/product\/1244","targetHints":{"allow":["GET"]}}],"collection":[{"href":"https:\/\/www.jyiele.com\/de\/wp-json\/wp\/v2\/product"}],"about":[{"href":"https:\/\/www.jyiele.com\/de\/wp-json\/wp\/v2\/types\/product"}],"version-history":[{"count":1,"href":"https:\/\/www.jyiele.com\/de\/wp-json\/wp\/v2\/product\/1244\/revisions"}],"predecessor-version":[{"id":1246,"href":"https:\/\/www.jyiele.com\/de\/wp-json\/wp\/v2\/product\/1244\/revisions\/1246"}],"wp:featuredmedia":[{"embeddable":true,"href":"https:\/\/www.jyiele.com\/de\/wp-json\/wp\/v2\/media\/1245"}],"wp:attachment":[{"href":"https:\/\/www.jyiele.com\/de\/wp-json\/wp\/v2\/media?parent=1244"}],"wp:term":[{"taxonomy":"product_brand","embeddable":true,"href":"https:\/\/www.jyiele.com\/de\/wp-json\/wp\/v2\/product_brand?post=1244"},{"taxonomy":"product_cat","embeddable":true,"href":"https:\/\/www.jyiele.com\/de\/wp-json\/wp\/v2\/product_cat?post=1244"},{"taxonomy":"product_tag","embeddable":true,"href":"https:\/\/www.jyiele.com\/de\/wp-json\/wp\/v2\/product_tag?post=1244"}],"curies":[{"name":"wp","href":"https:\/\/api.w.org\/{rel}","templated":true}]}}