{"id":1250,"date":"2020-04-08T07:05:18","date_gmt":"2020-04-08T07:05:18","guid":{"rendered":"https:\/\/www.jy-electric.com\/?post_type=product&#038;p=1250"},"modified":"2024-09-22T06:02:40","modified_gmt":"2024-09-22T06:02:40","slug":"plastic-cable-zip-ties","status":"publish","type":"product","link":"https:\/\/www.jyiele.com\/de\/product\/plastic-cable-zip-ties\/","title":{"rendered":"Kunststoff-Kabelbinder"},"content":{"rendered":"<h2>Merkmale und Vorteile von Kunststoffbindern<\/h2>\n<p><strong>Hochwertiges Material<\/strong>: aus strapazierf\u00e4higem Nylon 66, stark und langlebig.<\/p>\n<p><strong>SUPER DAUERHAFT<\/strong>: Korrosionsbest\u00e4ndig, temperaturbest\u00e4ndig, alterungsbest\u00e4ndig, geeignet f\u00fcr verschiedene Umgebungen.<\/p>\n<p><strong>Starke Befestigung<\/strong>Kompaktes Design, sichere Befestigung aller Arten von Gegenst\u00e4nden, die sich nicht l\u00f6sen k\u00f6nnen.<\/p>\n<p><strong>LEICHT ZU INSTALLIEREN<\/strong>: Einfach zu bedienen, wickeln Sie einfach um den Gegenstand und ziehen Sie es fest, kein Werkzeug erforderlich.<\/p>\n<p><strong>Sicher in der Anwendung<\/strong>: glatte Kanten, verletzen weder Finger noch Gegenst\u00e4nde, sicher im Gebrauch.<\/p>\n<p><strong>Mehrere Auswahlm\u00f6glichkeiten<\/strong>: Es gibt verschiedene Farben und Gr\u00f6\u00dfen, um unterschiedlichen Bed\u00fcrfnissen gerecht zu werden.<\/p>\n<p><strong>Erschwinglich<\/strong>: Angemessener Preis, langfristige Nutzung verursacht keine zus\u00e4tzlichen Kosten.<\/p>\n<p><strong>Umweltfreundliches Material<\/strong>: erf\u00fcllt Umweltstandards und ist umweltfreundlich.<\/p>\n<p><strong>Weit verbreitet<\/strong>: geeignet f\u00fcr Haus, B\u00fcro, Industrie, etc. Es ist geeignet f\u00fcr die Befestigung von Dr\u00e4hten und Objekten.<\/p>\n<p><strong>Zertifiziert und garantiert:<\/strong> ISO9001 und andere Zertifizierungen garantieren die Qualit\u00e4t.<\/p>\n<h2><strong>Vorlaufzeit<\/strong><\/h2>\n<figure class=\"wp-block-table\">\n<div class=\"scroll\">\n<table>\n<tbody>\n<tr>\n<td>Menge (S\u00e4cke)<\/td>\n<td>1 - 2000<\/td>\n<td>2001 - 10000<\/td>\n<td>&gt; 10000<\/td>\n<\/tr>\n<tr>\n<td>Vorlaufzeit (Tage)<\/td>\n<td>7<\/td>\n<td>20<\/td>\n<td>Noch zu verhandeln<\/td>\n<\/tr>\n<\/tbody>\n<\/table>\n<\/div>\n<\/figure>\n<p>Anpassungen:<\/p>\n<p>Kundenspezifisches Logo (Mindestbestellung 10000 Beutel)<\/p>\n<p>Kundenspezifische Verpackung (Mindestbestellung 10000 Beutel)<\/p>\n<h2 class=\"wp-block-heading\">Wesentliche Details<\/h2>\n<figure class=\"wp-block-table\">\n<div class=\"scroll\">\n<table>\n<tbody>\n<tr>\n<td>Herkunftsort:<\/td>\n<td>Zhejiang, China<\/td>\n<td>Markenname:<\/td>\n<td>JYIELE<\/td>\n<\/tr>\n<tr>\n<td>Modellnummer:<\/td>\n<td>YN-NBT001<\/td>\n<td>Art:<\/td>\n<td>Selbstverriegelung<\/td>\n<\/tr>\n<tr>\n<td>Material:<\/td>\n<td>Nylon<\/td>\n<td>Breite:<\/td>\n<td>Flammenhemmend, hitzebest\u00e4ndig<\/td>\n<\/tr>\n<tr>\n<td>L\u00e4nge:<\/td>\n<td>100-500 mm<\/td>\n<td>Farbe<\/td>\n<td>Nat\u00fcrlich, Schwarz, andere Farben auf Anfrage<\/td>\n<\/tr>\n<tr>\n<td>Verwendung:<\/td>\n<td>Fixieren Sie die Kabel<\/td>\n<td>Betriebstemperatur:<\/td>\n<td>280\u00b0C-300\u00b0C<\/td>\n<\/tr>\n<tr>\n<td>Gr\u00f6\u00dfe:<\/td>\n<td>7,6*500 mm<\/td>\n<td>Beispiel:<\/td>\n<td>Bereitstellung von<\/td>\n<\/tr>\n<tr>\n<td>Betriebstemperatur:<\/td>\n<td>280\u00b0C-300\u00b0C<\/td>\n<td>Zugfestigkeit:<\/td>\n<td>120LBS\/55KGS<\/td>\n<\/tr>\n<tr>\n<td>Flammenklasse:<\/td>\n<td>UL94V-2<\/td>\n<td>Zertifizierung:<\/td>\n<td>CE CCC PAHS<\/td>\n<\/tr>\n<\/tbody>\n<\/table>\n<\/div>\n<\/figure>\n<h2 class=\"wp-block-heading\"><strong>Beschreibung des Produkts<\/strong><\/h2>\n<figure class=\"wp-block-table\">\n<div class=\"scroll\">\n<table>\n<tbody>\n<tr>\n<td><strong>ITEM.NO.<\/strong><\/td>\n<td colspan=\"2\"><strong>\u00a0LENGTH<\/strong><\/td>\n<td><strong>BREITE<\/strong><\/td>\n<td><strong>B\u00fcndeldurchmesserE(mm)<\/strong><\/td>\n<td colspan=\"2\"><strong>Min. Zugfestigkeit der Schlaufe<\/strong><\/td>\n<\/tr>\n<tr>\n<td>3X90<\/td>\n<td>3 5\/8\"<\/td>\n<td>90<\/td>\n<td>2.5<\/td>\n<td>2-18<\/td>\n<td>18<\/td>\n<td>8<\/td>\n<\/tr>\n<tr>\n<td>3X100<\/td>\n<td>4\u2033<\/td>\n<td>100<\/td>\n<td>2.5<\/td>\n<td>2-22<\/td>\n<td>18<\/td>\n<td>8<\/td>\n<\/tr>\n<tr>\n<td>3X120<\/td>\n<td>4 3\/4\"<\/td>\n<td>120<\/td>\n<td>2.5<\/td>\n<td>2-30<\/td>\n<td>18<\/td>\n<td>8<\/td>\n<\/tr>\n<tr>\n<td>3X140<\/td>\n<td>5 1\/2\"<\/td>\n<td>140<\/td>\n<td>2.5<\/td>\n<td>2-33<\/td>\n<td>18<\/td>\n<td>8<\/td>\n<\/tr>\n<tr>\n<td>3X150<\/td>\n<td>6\u2033<\/td>\n<td>150<\/td>\n<td>2.5<\/td>\n<td>2-35<\/td>\n<td>18<\/td>\n<td>8<\/td>\n<\/tr>\n<tr>\n<td>3X160<\/td>\n<td>6 1\/4\"<\/td>\n<td>160<\/td>\n<td>2.5<\/td>\n<td>2-40<\/td>\n<td>18<\/td>\n<td>8<\/td>\n<\/tr>\n<tr>\n<td>3X200<\/td>\n<td>8\u2033<\/td>\n<td>200<\/td>\n<td>2.5<\/td>\n<td>3-50<\/td>\n<td>18<\/td>\n<td>8<\/td>\n<\/tr>\n<tr>\n<td>4X200<\/td>\n<td>8\u2033<\/td>\n<td>200<\/td>\n<td>3.6<\/td>\n<td>3-50<\/td>\n<td>40<\/td>\n<td>18<\/td>\n<\/tr>\n<tr>\n<td>4X220<\/td>\n<td>8 5\/8\"<\/td>\n<td>220<\/td>\n<td>3.5<\/td>\n<td>3-58<\/td>\n<td>40<\/td>\n<td>18<\/td>\n<\/tr>\n<tr>\n<td>4X250<\/td>\n<td>10\u2033<\/td>\n<td>250<\/td>\n<td>3.6<\/td>\n<td>3-65<\/td>\n<td>40<\/td>\n<td>18<\/td>\n<\/tr>\n<tr>\n<td>4X280<\/td>\n<td>11\"<\/td>\n<td>280<\/td>\n<td>3.5<\/td>\n<td>3-70<\/td>\n<td>40<\/td>\n<td>18<\/td>\n<\/tr>\n<tr>\n<td>4X300<\/td>\n<td>11 5\/8\u2033<\/td>\n<td>300<\/td>\n<td>3.6<\/td>\n<td>3-80<\/td>\n<td>40<\/td>\n<td>18<\/td>\n<\/tr>\n<tr>\n<td>5X120<\/td>\n<td>4 3\/4\u2033<\/td>\n<td>120<\/td>\n<td>4.8<\/td>\n<td>3-24<\/td>\n<td>50<\/td>\n<td>22<\/td>\n<\/tr>\n<tr>\n<td>5X180<\/td>\n<td>7\u2033<\/td>\n<td>180<\/td>\n<td>4.8<\/td>\n<td>3-42<\/td>\n<td>50<\/td>\n<td>22<\/td>\n<\/tr>\n<tr>\n<td>5X190<\/td>\n<td>7 1\/2\"<\/td>\n<td>190<\/td>\n<td>4.5<\/td>\n<td>3-46<\/td>\n<td>50<\/td>\n<td>22<\/td>\n<\/tr>\n<tr>\n<td>5X200<\/td>\n<td>8\u2033<\/td>\n<td>200<\/td>\n<td>4.8<\/td>\n<td>3-50<\/td>\n<td>50<\/td>\n<td>22<\/td>\n<\/tr>\n<tr>\n<td>5X250<\/td>\n<td>10\u2033<\/td>\n<td>250<\/td>\n<td>4.8<\/td>\n<td>3-65<\/td>\n<td>50<\/td>\n<td>22<\/td>\n<\/tr>\n<tr>\n<td>5X280<\/td>\n<td>11\"<\/td>\n<td>280<\/td>\n<td>4.5<\/td>\n<td>3-70<\/td>\n<td>50<\/td>\n<td>22<\/td>\n<\/tr>\n<tr>\n<td>5X300<\/td>\n<td>12\u2033<\/td>\n<td>300<\/td>\n<td>4.8<\/td>\n<td>3-82<\/td>\n<td>50<\/td>\n<td>22<\/td>\n<\/tr>\n<tr>\n<td>5X350<\/td>\n<td>13 3\/4\u2033<\/td>\n<td>350<\/td>\n<td>4.8<\/td>\n<td>3-90<\/td>\n<td>50<\/td>\n<td>22<\/td>\n<\/tr>\n<tr>\n<td>5X380<\/td>\n<td>15\u2033<\/td>\n<td>380<\/td>\n<td>4.8<\/td>\n<td>3-102<\/td>\n<td>50<\/td>\n<td>22<\/td>\n<\/tr>\n<tr>\n<td>5X400<\/td>\n<td>15 3\/4\u2033<\/td>\n<td>400<\/td>\n<td>4.8<\/td>\n<td>3-105<\/td>\n<td>50<\/td>\n<td>22<\/td>\n<\/tr>\n<tr>\n<td>8X200<\/td>\n<td>8\u2033<\/td>\n<td>200<\/td>\n<td>7.2<\/td>\n<td>3-50<\/td>\n<td>120<\/td>\n<td>55<\/td>\n<\/tr>\n<tr>\n<td>8X250<\/td>\n<td>10\u2033<\/td>\n<td>250<\/td>\n<td>7.2<\/td>\n<td>4-63<\/td>\n<td>120<\/td>\n<td>55<\/td>\n<\/tr>\n<tr>\n<td>8X270<\/td>\n<td>10 5\/8\"<\/td>\n<td>270<\/td>\n<td>6<\/td>\n<td>4-65<\/td>\n<td>65<\/td>\n<td>30<\/td>\n<\/tr>\n<tr>\n<td>8X300<\/td>\n<td>11 5\/8\u2033<\/td>\n<td>300<\/td>\n<td>7.2<\/td>\n<td>4-82<\/td>\n<td>120<\/td>\n<td>55<\/td>\n<\/tr>\n<tr>\n<td>8X350<\/td>\n<td>13 3\/4\u2033<\/td>\n<td>350<\/td>\n<td>7.2<\/td>\n<td>4-90<\/td>\n<td>120<\/td>\n<td>55<\/td>\n<\/tr>\n<tr>\n<td>8X370<\/td>\n<td>14 1\/4\u2033<\/td>\n<td>370<\/td>\n<td>7.2<\/td>\n<td>4-98<\/td>\n<td>120<\/td>\n<td>55<\/td>\n<\/tr>\n<tr>\n<td>8X400<\/td>\n<td>15 3\/4\u2033<\/td>\n<td>400<\/td>\n<td>7.2<\/td>\n<td>4-105<\/td>\n<td>120<\/td>\n<td>55<\/td>\n<\/tr>\n<tr>\n<td>8X450<\/td>\n<td>17 3\/4\u2033<\/td>\n<td>450<\/td>\n<td>7.2<\/td>\n<td>4-118<\/td>\n<td>120<\/td>\n<td>55<\/td>\n<\/tr>\n<tr>\n<td>8X500<\/td>\n<td>19 11\/16\u2033<\/td>\n<td>500<\/td>\n<td>7.2<\/td>\n<td>4-150<\/td>\n<td>120<\/td>\n<td>55<\/td>\n<\/tr>\n<tr>\n<td>8X550<\/td>\n<td>21.6<\/td>\n<td>550<\/td>\n<td>7.2<\/td>\n<td>4-165<\/td>\n<td>120<\/td>\n<td>55<\/td>\n<\/tr>\n<tr>\n<td>9X530<\/td>\n<td>20 3\/4\"<\/td>\n<td>530<\/td>\n<td>9<\/td>\n<td>8-155<\/td>\n<td>175<\/td>\n<td>80<\/td>\n<\/tr>\n<tr>\n<td>9X550<\/td>\n<td>21 1\/16\u2033<\/td>\n<td>550<\/td>\n<td>9<\/td>\n<td>8-160<\/td>\n<td>175<\/td>\n<td>80<\/td>\n<\/tr>\n<tr>\n<td>9X600<\/td>\n<td>23 5\/8\u2033<\/td>\n<td>600<\/td>\n<td>9<\/td>\n<td>8-170<\/td>\n<td>175<\/td>\n<td>80<\/td>\n<\/tr>\n<tr>\n<td>9X650<\/td>\n<td>25 9\/16\u2033<\/td>\n<td>650<\/td>\n<td>9<\/td>\n<td>8-190<\/td>\n<td>175<\/td>\n<td>80<\/td>\n<\/tr>\n<tr>\n<td>9X700<\/td>\n<td>27 1\/2\u2033<\/td>\n<td>700<\/td>\n<td>9<\/td>\n<td>10-205<\/td>\n<td>175<\/td>\n<td>80<\/td>\n<\/tr>\n<tr>\n<td>9X760<\/td>\n<td>30\"<\/td>\n<td>760<\/td>\n<td>9<\/td>\n<td>10-225<\/td>\n<td>175<\/td>\n<td>80<\/td>\n<\/tr>\n<tr>\n<td>9X920<\/td>\n<td>36 1\/4\u2033<\/td>\n<td>920<\/td>\n<td>9<\/td>\n<td>10-265<\/td>\n<td>175<\/td>\n<td>80<\/td>\n<\/tr>\n<tr>\n<td>9X1020<\/td>\n<td>40 1\/6\u2033<\/td>\n<td>1020<\/td>\n<td>9<\/td>\n<td>10-295<\/td>\n<td>175<\/td>\n<td>80<\/td>\n<\/tr>\n<tr>\n<td>9X1150<\/td>\n<td>45 1\/4\u2033<\/td>\n<td>1150<\/td>\n<td>9<\/td>\n<td>10-310<\/td>\n<td>175<\/td>\n<td>80<\/td>\n<\/tr>\n<tr>\n<td>9X1200<\/td>\n<td>47 1\/5\u2033<\/td>\n<td>1200<\/td>\n<td>9<\/td>\n<td>10-340<\/td>\n<td>175<\/td>\n<td>80<\/td>\n<\/tr>\n<tr>\n<td>10X450<\/td>\n<td>17 3\/4\"<\/td>\n<td>450<\/td>\n<td>10<\/td>\n<td>10-125<\/td>\n<td>200<\/td>\n<td>91<\/td>\n<\/tr>\n<tr>\n<td>10X500<\/td>\n<td>19 11\/16\"<\/td>\n<td>500<\/td>\n<td>10<\/td>\n<td>12-150<\/td>\n<td>200<\/td>\n<td>91<\/td>\n<\/tr>\n<\/tbody>\n<\/table>\n<\/div>\n<\/figure>","protected":false},"excerpt":{"rendered":"<p>JYIELE produziert Kunststoff-Krawatten mit vollst\u00e4ndigen Spezifikationen, stark und langlebig, einfach zu bedienen und weithin anwendbar, so dass es ein idealer Lieferant f\u00fcr Sie in einer Vielzahl von Befestigungsbedarf<\/p>","protected":false},"featured_media":1252,"template":"","meta":{"site-sidebar-layout":"default","site-content-layout":"","ast-site-content-layout":"default","site-content-style":"default","site-sidebar-style":"default","ast-global-header-display":"","ast-banner-title-visibility":"","ast-main-header-display":"","ast-hfb-above-header-display":"","ast-hfb-below-header-display":"","ast-hfb-mobile-header-display":"","site-post-title":"","ast-breadcrumbs-content":"","ast-featured-img":"","footer-sml-layout":"","theme-transparent-header-meta":"default","adv-header-id-meta":"","stick-header-meta":"","header-above-stick-meta":"","header-main-stick-meta":"","header-below-stick-meta":"","astra-migrate-meta-layouts":"set","ast-page-background-enabled":"default","ast-page-background-meta":{"desktop":{"background-color":"var(--ast-global-color-4)","background-image":"","background-repeat":"repeat","background-position":"center center","background-size":"auto","background-attachment":"scroll","background-type":"","background-media":"","overlay-type":"","overlay-color":"","overlay-opacity":"","overlay-gradient":""},"tablet":{"background-color":"","background-image":"","background-repeat":"repeat","background-position":"center center","background-size":"auto","background-attachment":"scroll","background-type":"","background-media":"","overlay-type":"","overlay-color":"","overlay-opacity":"","overlay-gradient":""},"mobile":{"background-color":"","background-image":"","background-repeat":"repeat","background-position":"center center","background-size":"auto","background-attachment":"scroll","background-type":"","background-media":"","overlay-type":"","overlay-color":"","overlay-opacity":"","overlay-gradient":""}},"ast-content-background-meta":{"desktop":{"background-color":"var(--ast-global-color-5)","background-image":"","background-repeat":"repeat","background-position":"center center","background-size":"auto","background-attachment":"scroll","background-type":"","background-media":"","overlay-type":"","overlay-color":"","overlay-opacity":"","overlay-gradient":""},"tablet":{"background-color":"var(--ast-global-color-5)","background-image":"","background-repeat":"repeat","background-position":"center center","background-size":"auto","background-attachment":"scroll","background-type":"","background-media":"","overlay-type":"","overlay-color":"","overlay-opacity":"","overlay-gradient":""},"mobile":{"background-color":"var(--ast-global-color-5)","background-image":"","background-repeat":"repeat","background-position":"center center","background-size":"auto","background-attachment":"scroll","background-type":"","background-media":"","overlay-type":"","overlay-color":"","overlay-opacity":"","overlay-gradient":""}}},"product_brand":[],"product_cat":[20],"product_tag":[],"class_list":{"0":"post-1250","1":"product","2":"type-product","3":"status-publish","4":"has-post-thumbnail","6":"product_cat-zip-ties","7":"desktop-align-left","8":"tablet-align-left","9":"mobile-align-left","11":"first","12":"instock","13":"shipping-taxable","14":"product-type-simple"},"yoast_head":"<!-- This site is optimized with the Yoast SEO plugin v24.8.1 - https:\/\/yoast.com\/wordpress\/plugins\/seo\/ -->\n<title>Leading Plastic Cable Zip Ties Manufacturers | High-Quality Solutions<\/title>\n<meta name=\"description\" content=\"Explore top-quality plastic cable zip ties from leading manufacturers. Our durable and reliable cable ties are perfect for securing cables in various applications. Find the perfect solution for your needs today!\" \/>\n<meta name=\"robots\" content=\"index, follow, max-snippet:-1, max-image-preview:large, max-video-preview:-1\" \/>\n<link rel=\"canonical\" href=\"https:\/\/www.jyiele.com\/de\/product\/plastic-cable-zip-ties\/\" \/>\n<meta property=\"og:locale\" content=\"de_DE\" \/>\n<meta property=\"og:type\" content=\"article\" \/>\n<meta property=\"og:title\" content=\"Leading Plastic Cable Zip Ties Manufacturers | High-Quality Solutions\" \/>\n<meta property=\"og:description\" content=\"Explore top-quality plastic cable zip ties from leading manufacturers. Our durable and reliable cable ties are perfect for securing cables in various applications. Find the perfect solution for your needs today!\" \/>\n<meta property=\"og:url\" content=\"https:\/\/www.jyiele.com\/de\/product\/plastic-cable-zip-ties\/\" \/>\n<meta property=\"og:site_name\" content=\"JYIELE\" \/>\n<meta property=\"article:modified_time\" content=\"2024-09-22T06:02:40+00:00\" \/>\n<meta property=\"og:image\" content=\"https:\/\/www.jyiele.com\/wp-content\/uploads\/2024\/09\/Plastic-Cable-Zip-Ties-Manufacturers.webp\" \/>\n\t<meta property=\"og:image:width\" content=\"800\" \/>\n\t<meta property=\"og:image:height\" content=\"800\" \/>\n\t<meta property=\"og:image:type\" content=\"image\/webp\" \/>\n<meta name=\"twitter:card\" content=\"summary_large_image\" \/>\n<meta name=\"twitter:label1\" content=\"Gesch\u00e4tzte Lesezeit\" \/>\n\t<meta name=\"twitter:data1\" content=\"3\u00a0Minuten\" \/>\n<script type=\"application\/ld+json\" class=\"yoast-schema-graph\">{\"@context\":\"https:\/\/schema.org\",\"@graph\":[{\"@type\":\"WebPage\",\"@id\":\"https:\/\/www.jyiele.com\/de\/product\/plastic-cable-zip-ties\/\",\"url\":\"https:\/\/www.jyiele.com\/de\/product\/plastic-cable-zip-ties\/\",\"name\":\"Leading Plastic Cable Zip Ties Manufacturers | High-Quality Solutions\",\"isPartOf\":{\"@id\":\"https:\/\/www.jyiele.com\/#website\"},\"primaryImageOfPage\":{\"@id\":\"https:\/\/www.jyiele.com\/de\/product\/plastic-cable-zip-ties\/#primaryimage\"},\"image\":{\"@id\":\"https:\/\/www.jyiele.com\/de\/product\/plastic-cable-zip-ties\/#primaryimage\"},\"thumbnailUrl\":\"https:\/\/www.jyiele.com\/wp-content\/uploads\/2024\/09\/Plastic-Cable-Zip-Ties-Manufacturers.webp\",\"datePublished\":\"2020-04-08T07:05:18+00:00\",\"dateModified\":\"2024-09-22T06:02:40+00:00\",\"description\":\"Explore top-quality plastic cable zip ties from leading manufacturers. Our durable and reliable cable ties are perfect for securing cables in various applications. Find the perfect solution for your needs today!\",\"breadcrumb\":{\"@id\":\"https:\/\/www.jyiele.com\/de\/product\/plastic-cable-zip-ties\/#breadcrumb\"},\"inLanguage\":\"de\",\"potentialAction\":[{\"@type\":\"ReadAction\",\"target\":[\"https:\/\/www.jyiele.com\/de\/product\/plastic-cable-zip-ties\/\"]}]},{\"@type\":\"ImageObject\",\"inLanguage\":\"de\",\"@id\":\"https:\/\/www.jyiele.com\/de\/product\/plastic-cable-zip-ties\/#primaryimage\",\"url\":\"https:\/\/www.jyiele.com\/wp-content\/uploads\/2024\/09\/Plastic-Cable-Zip-Ties-Manufacturers.webp\",\"contentUrl\":\"https:\/\/www.jyiele.com\/wp-content\/uploads\/2024\/09\/Plastic-Cable-Zip-Ties-Manufacturers.webp\",\"width\":800,\"height\":800,\"caption\":\"Plastic-Cable-Zip-Ties-Manufacturers\"},{\"@type\":\"BreadcrumbList\",\"@id\":\"https:\/\/www.jyiele.com\/de\/product\/plastic-cable-zip-ties\/#breadcrumb\",\"itemListElement\":[{\"@type\":\"ListItem\",\"position\":1,\"name\":\"Home\",\"item\":\"https:\/\/www.jyiele.com\/\"},{\"@type\":\"ListItem\",\"position\":2,\"name\":\"Product\",\"item\":\"https:\/\/www.jyiele.com\/product\/\"},{\"@type\":\"ListItem\",\"position\":3,\"name\":\"Zip Ties\",\"item\":\"https:\/\/www.jyiele.com\/de\/product-category\/zip-ties\/\"},{\"@type\":\"ListItem\",\"position\":4,\"name\":\"Plastic Cable Zip Ties\"}]},{\"@type\":\"WebSite\",\"@id\":\"https:\/\/www.jyiele.com\/#website\",\"url\":\"https:\/\/www.jyiele.com\/\",\"name\":\"JYIELE\",\"description\":\"Vacuum Circuit Breaker manufacturer\",\"publisher\":{\"@id\":\"https:\/\/www.jyiele.com\/#organization\"},\"potentialAction\":[{\"@type\":\"SearchAction\",\"target\":{\"@type\":\"EntryPoint\",\"urlTemplate\":\"https:\/\/www.jyiele.com\/?s={search_term_string}\"},\"query-input\":{\"@type\":\"PropertyValueSpecification\",\"valueRequired\":true,\"valueName\":\"search_term_string\"}}],\"inLanguage\":\"de\"},{\"@type\":\"Organization\",\"@id\":\"https:\/\/www.jyiele.com\/#organization\",\"name\":\"JYIELE\",\"url\":\"https:\/\/www.jyiele.com\/\",\"logo\":{\"@type\":\"ImageObject\",\"inLanguage\":\"de\",\"@id\":\"https:\/\/www.jyiele.com\/#\/schema\/logo\/image\/\",\"url\":\"https:\/\/www.jyiele.com\/wp-content\/uploads\/2024\/09\/cropped-jyele-1.webp\",\"contentUrl\":\"https:\/\/www.jyiele.com\/wp-content\/uploads\/2024\/09\/cropped-jyele-1.webp\",\"width\":137,\"height\":60,\"caption\":\"JYIELE\"},\"image\":{\"@id\":\"https:\/\/www.jyiele.com\/#\/schema\/logo\/image\/\"}}]}<\/script>\n<!-- \/ Yoast SEO plugin. -->","yoast_head_json":{"title":"F\u00fchrende Hersteller von Kunststoffkabelbindern | Hochwertige L\u00f6sungen","description":"Entdecken Sie hochwertige Kunststoff-Kabelbinder von f\u00fchrenden Herstellern. Unsere langlebigen und zuverl\u00e4ssigen Kabelbinder sind perfekt f\u00fcr die Sicherung von Kabeln in verschiedenen Anwendungen. Finden Sie noch heute die perfekte L\u00f6sung f\u00fcr Ihren Bedarf!","robots":{"index":"index","follow":"follow","max-snippet":"max-snippet:-1","max-image-preview":"max-image-preview:large","max-video-preview":"max-video-preview:-1"},"canonical":"https:\/\/www.jyiele.com\/de\/product\/plastic-cable-zip-ties\/","og_locale":"de_DE","og_type":"article","og_title":"Leading Plastic Cable Zip Ties Manufacturers | High-Quality Solutions","og_description":"Explore top-quality plastic cable zip ties from leading manufacturers. Our durable and reliable cable ties are perfect for securing cables in various applications. Find the perfect solution for your needs today!","og_url":"https:\/\/www.jyiele.com\/de\/product\/plastic-cable-zip-ties\/","og_site_name":"JYIELE","article_modified_time":"2024-09-22T06:02:40+00:00","og_image":[{"width":800,"height":800,"url":"https:\/\/www.jyiele.com\/wp-content\/uploads\/2024\/09\/Plastic-Cable-Zip-Ties-Manufacturers.webp","type":"image\/webp"}],"twitter_card":"summary_large_image","twitter_misc":{"Gesch\u00e4tzte Lesezeit":"3\u00a0Minuten"},"schema":{"@context":"https:\/\/schema.org","@graph":[{"@type":"WebPage","@id":"https:\/\/www.jyiele.com\/de\/product\/plastic-cable-zip-ties\/","url":"https:\/\/www.jyiele.com\/de\/product\/plastic-cable-zip-ties\/","name":"F\u00fchrende Hersteller von Kunststoffkabelbindern | Hochwertige L\u00f6sungen","isPartOf":{"@id":"https:\/\/www.jyiele.com\/#website"},"primaryImageOfPage":{"@id":"https:\/\/www.jyiele.com\/de\/product\/plastic-cable-zip-ties\/#primaryimage"},"image":{"@id":"https:\/\/www.jyiele.com\/de\/product\/plastic-cable-zip-ties\/#primaryimage"},"thumbnailUrl":"https:\/\/www.jyiele.com\/wp-content\/uploads\/2024\/09\/Plastic-Cable-Zip-Ties-Manufacturers.webp","datePublished":"2020-04-08T07:05:18+00:00","dateModified":"2024-09-22T06:02:40+00:00","description":"Entdecken Sie hochwertige Kunststoff-Kabelbinder von f\u00fchrenden Herstellern. Unsere langlebigen und zuverl\u00e4ssigen Kabelbinder sind perfekt f\u00fcr die Sicherung von Kabeln in verschiedenen Anwendungen. Finden Sie noch heute die perfekte L\u00f6sung f\u00fcr Ihren Bedarf!","breadcrumb":{"@id":"https:\/\/www.jyiele.com\/de\/product\/plastic-cable-zip-ties\/#breadcrumb"},"inLanguage":"de","potentialAction":[{"@type":"ReadAction","target":["https:\/\/www.jyiele.com\/de\/product\/plastic-cable-zip-ties\/"]}]},{"@type":"ImageObject","inLanguage":"de","@id":"https:\/\/www.jyiele.com\/de\/product\/plastic-cable-zip-ties\/#primaryimage","url":"https:\/\/www.jyiele.com\/wp-content\/uploads\/2024\/09\/Plastic-Cable-Zip-Ties-Manufacturers.webp","contentUrl":"https:\/\/www.jyiele.com\/wp-content\/uploads\/2024\/09\/Plastic-Cable-Zip-Ties-Manufacturers.webp","width":800,"height":800,"caption":"Plastic-Cable-Zip-Ties-Manufacturers"},{"@type":"BreadcrumbList","@id":"https:\/\/www.jyiele.com\/de\/product\/plastic-cable-zip-ties\/#breadcrumb","itemListElement":[{"@type":"ListItem","position":1,"name":"Home","item":"https:\/\/www.jyiele.com\/"},{"@type":"ListItem","position":2,"name":"Product","item":"https:\/\/www.jyiele.com\/product\/"},{"@type":"ListItem","position":3,"name":"Zip Ties","item":"https:\/\/www.jyiele.com\/de\/product-category\/zip-ties\/"},{"@type":"ListItem","position":4,"name":"Plastic Cable Zip Ties"}]},{"@type":"WebSite","@id":"https:\/\/www.jyiele.com\/#website","url":"https:\/\/www.jyiele.com\/","name":"JYIELE","description":"Hersteller von Vakuum-Leistungsschaltern","publisher":{"@id":"https:\/\/www.jyiele.com\/#organization"},"potentialAction":[{"@type":"SearchAction","target":{"@type":"EntryPoint","urlTemplate":"https:\/\/www.jyiele.com\/?s={search_term_string}"},"query-input":{"@type":"PropertyValueSpecification","valueRequired":true,"valueName":"search_term_string"}}],"inLanguage":"de"},{"@type":"Organization","@id":"https:\/\/www.jyiele.com\/#organization","name":"JYIELE","url":"https:\/\/www.jyiele.com\/","logo":{"@type":"ImageObject","inLanguage":"de","@id":"https:\/\/www.jyiele.com\/#\/schema\/logo\/image\/","url":"https:\/\/www.jyiele.com\/wp-content\/uploads\/2024\/09\/cropped-jyele-1.webp","contentUrl":"https:\/\/www.jyiele.com\/wp-content\/uploads\/2024\/09\/cropped-jyele-1.webp","width":137,"height":60,"caption":"JYIELE"},"image":{"@id":"https:\/\/www.jyiele.com\/#\/schema\/logo\/image\/"}}]}},"_links":{"self":[{"href":"https:\/\/www.jyiele.com\/de\/wp-json\/wp\/v2\/product\/1250","targetHints":{"allow":["GET"]}}],"collection":[{"href":"https:\/\/www.jyiele.com\/de\/wp-json\/wp\/v2\/product"}],"about":[{"href":"https:\/\/www.jyiele.com\/de\/wp-json\/wp\/v2\/types\/product"}],"version-history":[{"count":1,"href":"https:\/\/www.jyiele.com\/de\/wp-json\/wp\/v2\/product\/1250\/revisions"}],"predecessor-version":[{"id":1251,"href":"https:\/\/www.jyiele.com\/de\/wp-json\/wp\/v2\/product\/1250\/revisions\/1251"}],"wp:featuredmedia":[{"embeddable":true,"href":"https:\/\/www.jyiele.com\/de\/wp-json\/wp\/v2\/media\/1252"}],"wp:attachment":[{"href":"https:\/\/www.jyiele.com\/de\/wp-json\/wp\/v2\/media?parent=1250"}],"wp:term":[{"taxonomy":"product_brand","embeddable":true,"href":"https:\/\/www.jyiele.com\/de\/wp-json\/wp\/v2\/product_brand?post=1250"},{"taxonomy":"product_cat","embeddable":true,"href":"https:\/\/www.jyiele.com\/de\/wp-json\/wp\/v2\/product_cat?post=1250"},{"taxonomy":"product_tag","embeddable":true,"href":"https:\/\/www.jyiele.com\/de\/wp-json\/wp\/v2\/product_tag?post=1250"}],"curies":[{"name":"wp","href":"https:\/\/api.w.org\/{rel}","templated":true}]}}