{"id":1253,"date":"2024-11-01T08:09:42","date_gmt":"2024-11-01T08:09:42","guid":{"rendered":"https:\/\/www.jy-electric.com\/?post_type=product&#038;p=1253"},"modified":"2025-03-09T11:43:55","modified_gmt":"2025-03-09T11:43:55","slug":"ip68-plastic-mc4-solar-connectors-1500v-dc","status":"publish","type":"product","link":"https:\/\/www.jyiele.com\/de\/product\/ip68-plastic-mc4-solar-connectors-1500v-dc\/","title":{"rendered":"IP68 Kunststoff MC4 Solar-Steckverbinder 1500V DC"},"content":{"rendered":"<h2>Verbindungsteil<\/h2>\n<p>Verwenden Sie verzinntes Kupfer f\u00fcr gute Leitf\u00e4higkeit und geringen \u00dcbergangswiderstand.<br \/>\nNicht leicht zu oxidieren oder zu rosten.<\/p>\n<h2>Shell<\/h2>\n<p>Es wird PPO-Kunststoff verwendet, der hochtemperaturbest\u00e4ndig, flammhemmend, verschlei\u00dffest und schmutzabweisend ist.<\/p>\n<h2>Verwendet<\/h2>\n<p>Geeignet f\u00fcr photovoltaische (Solar-)Energiesysteme.<\/p>\n<h2>Produktvorteile<\/h2>\n<p>PREMIUM-LEITF\u00c4HIGKEIT: Das verzinnte Kupfermaterial sorgt f\u00fcr eine hervorragende Leitf\u00e4higkeit, einen geringen Kontaktwiderstand und eine stabile Strom\u00fcbertragung.<\/p>\n<p>Starke Haltbarkeit: Die Schale besteht aus PPO-Kunststoff, der nicht nur hochtemperaturbest\u00e4ndig und flammhemmend ist, sondern auch eine hervorragende Abriebfestigkeit und Verschmutzungsresistenz aufweist, so dass er sich f\u00fcr eine Vielzahl von rauen Umgebungen eignet.<\/p>\n<p>Fortschrittlicher Schutz: Das IP68-zertifizierte Schutzdesign verhindert effektiv das Eindringen von Wasser und Staub und stellt sicher, dass der Stecker auch bei Verwendung im Freien eine gute Leistung beibehalten kann.<\/p>\n<p>Breiter Betriebstemperaturbereich: Geeignet f\u00fcr den normalen Betrieb in einem breiten Temperaturbereich von -40\u00b0C bis 90\u00b0C, der sich an eine Vielzahl von extremen klimatischen Bedingungen anpasst.<\/p>\n<p>Hohe Sicherheit: Flammenhemmende Eigenschaften gem\u00e4\u00df UL94V-0 erh\u00f6hen die Sicherheit bei der Verwendung und verringern das Brandrisiko.<\/p>\n<p>Flexible Spannungs- und Stromspezifikationen: Unterst\u00fctzt 1000V (1500V) Gleichspannung und 30A oder 50A Stromst\u00e4rke, um den Anforderungen verschiedener Solarsysteme gerecht zu werden.<\/p>\n<p>Einfache Installation: Die Crimp-Verbindungsmethode ist f\u00fcr eine schnelle und einfache Installation ausgelegt und gew\u00e4hrleistet eine zuverl\u00e4ssige elektrische Verbindung.<\/p>\n<h2>Einzelheiten<\/h2>\n<div class=\"bot_con\">\n<div class=\"des show\">\n<figure class=\"wp-block-table\">\n<div class=\"scroll\">\n<table>\n<tbody>\n<tr>\n<td>Ort der Herkunft<\/td>\n<td>Zhejiang, China<\/td>\n<\/tr>\n<tr>\n<td>Modellnummer<\/td>\n<td>RMC4.0-03A<\/td>\n<\/tr>\n<tr>\n<td>Farbe<\/td>\n<td>Schwarz<\/td>\n<\/tr>\n<tr>\n<td>Nennspannung<\/td>\n<td>1000V DC<\/td>\n<\/tr>\n<tr>\n<td>Nennstrom<\/td>\n<td>30A<\/td>\n<\/tr>\n<tr>\n<td>Isoliermaterial<\/td>\n<td>PPO<\/td>\n<\/tr>\n<tr>\n<td>Kabel-Spezifikation<\/td>\n<td>2,5mm\u00b2-6,0mm\u00b2 14AWG-10AWG<\/td>\n<\/tr>\n<tr>\n<td>Pin Abmessung<\/td>\n<td>4,0 mm<\/td>\n<\/tr>\n<tr>\n<td>Nachweis Spannung<\/td>\n<td>6000V AC(1Min) 2200V DC(1Min)<\/td>\n<\/tr>\n<tr>\n<td>Temperaturbereich<\/td>\n<td>-40\u2103 ~ +90\u2103<\/td>\n<\/tr>\n<tr>\n<td>Kontakt Material<\/td>\n<td>Kupfer, verzinnt<\/td>\n<\/tr>\n<tr>\n<td>Schutzgrad<\/td>\n<td>IP67<\/td>\n<\/tr>\n<tr>\n<td>R\u00fcckzug \/Temperatur Kraft<\/td>\n<td>\u226550N\/\u2264 50N<\/td>\n<\/tr>\n<\/tbody>\n<\/table>\n<\/div>\n<\/figure>\n<\/div>\n<\/div>","protected":false},"excerpt":{"rendered":"<p>Farbe: Schwarz<br \/>\nNennspannung: 1000V (1500V auch verf\u00fcgbar)<br \/>\nNennstrom: 30A oder 50A<br \/>\nSchutzart: IP67 (wasser- und staubdicht)<br \/>\nDurchgangswiderstand: \u22641m\u03a9<br \/>\nBetriebstemperaturbereich: -40\u2103 bis 90<br \/>\nKontaktmaterial: verzinntes Kupfer<br \/>\nAnschlussart: Crimp<br \/>\nFlammhemmend: UL94V-0<\/p>","protected":false},"featured_media":1255,"template":"","meta":{"site-sidebar-layout":"default","site-content-layout":"","ast-site-content-layout":"default","site-content-style":"default","site-sidebar-style":"default","ast-global-header-display":"","ast-banner-title-visibility":"","ast-main-header-display":"","ast-hfb-above-header-display":"","ast-hfb-below-header-display":"","ast-hfb-mobile-header-display":"","site-post-title":"","ast-breadcrumbs-content":"","ast-featured-img":"","footer-sml-layout":"","theme-transparent-header-meta":"default","adv-header-id-meta":"","stick-header-meta":"","header-above-stick-meta":"","header-main-stick-meta":"","header-below-stick-meta":"","astra-migrate-meta-layouts":"set","ast-page-background-enabled":"default","ast-page-background-meta":{"desktop":{"background-color":"var(--ast-global-color-4)","background-image":"","background-repeat":"repeat","background-position":"center center","background-size":"auto","background-attachment":"scroll","background-type":"","background-media":"","overlay-type":"","overlay-color":"","overlay-opacity":"","overlay-gradient":""},"tablet":{"background-color":"","background-image":"","background-repeat":"repeat","background-position":"center center","background-size":"auto","background-attachment":"scroll","background-type":"","background-media":"","overlay-type":"","overlay-color":"","overlay-opacity":"","overlay-gradient":""},"mobile":{"background-color":"","background-image":"","background-repeat":"repeat","background-position":"center center","background-size":"auto","background-attachment":"scroll","background-type":"","background-media":"","overlay-type":"","overlay-color":"","overlay-opacity":"","overlay-gradient":""}},"ast-content-background-meta":{"desktop":{"background-color":"var(--ast-global-color-5)","background-image":"","background-repeat":"repeat","background-position":"center center","background-size":"auto","background-attachment":"scroll","background-type":"","background-media":"","overlay-type":"","overlay-color":"","overlay-opacity":"","overlay-gradient":""},"tablet":{"background-color":"var(--ast-global-color-5)","background-image":"","background-repeat":"repeat","background-position":"center center","background-size":"auto","background-attachment":"scroll","background-type":"","background-media":"","overlay-type":"","overlay-color":"","overlay-opacity":"","overlay-gradient":""},"mobile":{"background-color":"var(--ast-global-color-5)","background-image":"","background-repeat":"repeat","background-position":"center center","background-size":"auto","background-attachment":"scroll","background-type":"","background-media":"","overlay-type":"","overlay-color":"","overlay-opacity":"","overlay-gradient":""}}},"product_brand":[],"product_cat":[19],"product_tag":[40],"class_list":{"0":"post-1253","1":"product","2":"type-product","3":"status-publish","4":"has-post-thumbnail","6":"product_cat-mc4-connector","7":"product_tag-mc4-solar-connector","8":"desktop-align-left","9":"tablet-align-left","10":"mobile-align-left","12":"first","13":"instock","14":"shipping-taxable","15":"product-type-simple"},"yoast_head":"<!-- This site is optimized with the Yoast SEO plugin v24.8.1 - https:\/\/yoast.com\/wordpress\/plugins\/seo\/ -->\n<title>China IP68 Plastic MC4 Solar Connectors 1500V DC Suppliers - JYIELE<\/title>\n<meta name=\"description\" content=\"JYIELE\u2018s IP68 Plastic MC4 Solar Connectors 1500V DCJYIELE&#039;s IP68 Plastic MC4 Solar Connectors 1500V DC are designed for high performance in solar energy systems, with high safety and reliability, conforming to international certification standards.\" \/>\n<meta name=\"robots\" content=\"index, follow, max-snippet:-1, max-image-preview:large, max-video-preview:-1\" \/>\n<link rel=\"canonical\" href=\"https:\/\/www.jyiele.com\/de\/product\/ip68-plastic-mc4-solar-connectors-1500v-dc\/\" \/>\n<meta property=\"og:locale\" content=\"de_DE\" \/>\n<meta property=\"og:type\" content=\"article\" \/>\n<meta property=\"og:title\" content=\"China IP68 Plastic MC4 Solar Connectors 1500V DC Suppliers - JYIELE\" \/>\n<meta property=\"og:description\" content=\"JYIELE\u2018s IP68 Plastic MC4 Solar Connectors 1500V DCJYIELE&#039;s IP68 Plastic MC4 Solar Connectors 1500V DC are designed for high performance in solar energy systems, with high safety and reliability, conforming to international certification standards.\" \/>\n<meta property=\"og:url\" content=\"https:\/\/www.jyiele.com\/de\/product\/ip68-plastic-mc4-solar-connectors-1500v-dc\/\" \/>\n<meta property=\"og:site_name\" content=\"JYIELE\" \/>\n<meta property=\"article:modified_time\" content=\"2025-03-09T11:43:55+00:00\" \/>\n<meta property=\"og:image\" content=\"https:\/\/www.jyiele.com\/wp-content\/uploads\/2024\/09\/IP68-Plastic-MC4-Solar-Connectors.webp\" \/>\n\t<meta property=\"og:image:width\" content=\"800\" \/>\n\t<meta property=\"og:image:height\" content=\"800\" \/>\n\t<meta property=\"og:image:type\" content=\"image\/webp\" \/>\n<meta name=\"twitter:card\" content=\"summary_large_image\" \/>\n<meta name=\"twitter:label1\" content=\"Gesch\u00e4tzte Lesezeit\" \/>\n\t<meta name=\"twitter:data1\" content=\"2\u00a0Minuten\" \/>\n<script type=\"application\/ld+json\" class=\"yoast-schema-graph\">{\"@context\":\"https:\/\/schema.org\",\"@graph\":[{\"@type\":\"WebPage\",\"@id\":\"https:\/\/www.jyiele.com\/product\/ip68-plastic-mc4-solar-connectors-1500v-dc\/\",\"url\":\"https:\/\/www.jyiele.com\/product\/ip68-plastic-mc4-solar-connectors-1500v-dc\/\",\"name\":\"China IP68 Plastic MC4 Solar Connectors 1500V DC Suppliers - JYIELE\",\"isPartOf\":{\"@id\":\"https:\/\/www.jyiele.com\/#website\"},\"primaryImageOfPage\":{\"@id\":\"https:\/\/www.jyiele.com\/product\/ip68-plastic-mc4-solar-connectors-1500v-dc\/#primaryimage\"},\"image\":{\"@id\":\"https:\/\/www.jyiele.com\/product\/ip68-plastic-mc4-solar-connectors-1500v-dc\/#primaryimage\"},\"thumbnailUrl\":\"https:\/\/www.jyiele.com\/wp-content\/uploads\/2024\/09\/IP68-Plastic-MC4-Solar-Connectors.webp\",\"datePublished\":\"2024-11-01T08:09:42+00:00\",\"dateModified\":\"2025-03-09T11:43:55+00:00\",\"description\":\"JYIELE\u2018s IP68 Plastic MC4 Solar Connectors 1500V DCJYIELE's IP68 Plastic MC4 Solar Connectors 1500V DC are designed for high performance in solar energy systems, with high safety and reliability, conforming to international certification standards.\",\"breadcrumb\":{\"@id\":\"https:\/\/www.jyiele.com\/product\/ip68-plastic-mc4-solar-connectors-1500v-dc\/#breadcrumb\"},\"inLanguage\":\"de\",\"potentialAction\":[{\"@type\":\"ReadAction\",\"target\":[\"https:\/\/www.jyiele.com\/product\/ip68-plastic-mc4-solar-connectors-1500v-dc\/\"]}]},{\"@type\":\"ImageObject\",\"inLanguage\":\"de\",\"@id\":\"https:\/\/www.jyiele.com\/product\/ip68-plastic-mc4-solar-connectors-1500v-dc\/#primaryimage\",\"url\":\"https:\/\/www.jyiele.com\/wp-content\/uploads\/2024\/09\/IP68-Plastic-MC4-Solar-Connectors.webp\",\"contentUrl\":\"https:\/\/www.jyiele.com\/wp-content\/uploads\/2024\/09\/IP68-Plastic-MC4-Solar-Connectors.webp\",\"width\":800,\"height\":800,\"caption\":\"IP68 Plastic MC4 Solar Connectors\"},{\"@type\":\"BreadcrumbList\",\"@id\":\"https:\/\/www.jyiele.com\/product\/ip68-plastic-mc4-solar-connectors-1500v-dc\/#breadcrumb\",\"itemListElement\":[{\"@type\":\"ListItem\",\"position\":1,\"name\":\"Home\",\"item\":\"https:\/\/www.jyiele.com\/\"},{\"@type\":\"ListItem\",\"position\":2,\"name\":\"Product\",\"item\":\"https:\/\/www.jyiele.com\/product\/\"},{\"@type\":\"ListItem\",\"position\":3,\"name\":\"MC4 Connector\",\"item\":\"https:\/\/www.jyiele.com\/product-category\/mc4-connector\/\"},{\"@type\":\"ListItem\",\"position\":4,\"name\":\"IP68 Plastic MC4 Solar Connectors 1500V DC\"}]},{\"@type\":\"WebSite\",\"@id\":\"https:\/\/www.jyiele.com\/#website\",\"url\":\"https:\/\/www.jyiele.com\/\",\"name\":\"JYIELE\",\"description\":\"Vacuum Circuit Breaker manufacturer\",\"publisher\":{\"@id\":\"https:\/\/www.jyiele.com\/#organization\"},\"potentialAction\":[{\"@type\":\"SearchAction\",\"target\":{\"@type\":\"EntryPoint\",\"urlTemplate\":\"https:\/\/www.jyiele.com\/?s={search_term_string}\"},\"query-input\":{\"@type\":\"PropertyValueSpecification\",\"valueRequired\":true,\"valueName\":\"search_term_string\"}}],\"inLanguage\":\"de\"},{\"@type\":\"Organization\",\"@id\":\"https:\/\/www.jyiele.com\/#organization\",\"name\":\"JYIELE\",\"url\":\"https:\/\/www.jyiele.com\/\",\"logo\":{\"@type\":\"ImageObject\",\"inLanguage\":\"de\",\"@id\":\"https:\/\/www.jyiele.com\/#\/schema\/logo\/image\/\",\"url\":\"https:\/\/www.jyiele.com\/wp-content\/uploads\/2024\/09\/cropped-jyele-1.webp\",\"contentUrl\":\"https:\/\/www.jyiele.com\/wp-content\/uploads\/2024\/09\/cropped-jyele-1.webp\",\"width\":137,\"height\":60,\"caption\":\"JYIELE\"},\"image\":{\"@id\":\"https:\/\/www.jyiele.com\/#\/schema\/logo\/image\/\"}}]}<\/script>\n<!-- \/ Yoast SEO plugin. -->","yoast_head_json":{"title":"China IP68 Kunststoff MC4 Solar Steckverbinder 1500V DC Lieferanten - JYIELE","description":"JYIELEs IP68-Kunststoff-Steckverbinder MC4 Solar 1500V DCJYIELEs IP68-Kunststoff-Steckverbinder MC4 Solar 1500V DC sind f\u00fcr hohe Leistungen in Solarenergiesystemen konzipiert, mit hoher Sicherheit und Zuverl\u00e4ssigkeit, die den internationalen Zertifizierungsstandards entsprechen.","robots":{"index":"index","follow":"follow","max-snippet":"max-snippet:-1","max-image-preview":"max-image-preview:large","max-video-preview":"max-video-preview:-1"},"canonical":"https:\/\/www.jyiele.com\/de\/product\/ip68-plastic-mc4-solar-connectors-1500v-dc\/","og_locale":"de_DE","og_type":"article","og_title":"China IP68 Plastic MC4 Solar Connectors 1500V DC Suppliers - JYIELE","og_description":"JYIELE\u2018s IP68 Plastic MC4 Solar Connectors 1500V DCJYIELE's IP68 Plastic MC4 Solar Connectors 1500V DC are designed for high performance in solar energy systems, with high safety and reliability, conforming to international certification standards.","og_url":"https:\/\/www.jyiele.com\/de\/product\/ip68-plastic-mc4-solar-connectors-1500v-dc\/","og_site_name":"JYIELE","article_modified_time":"2025-03-09T11:43:55+00:00","og_image":[{"width":800,"height":800,"url":"https:\/\/www.jyiele.com\/wp-content\/uploads\/2024\/09\/IP68-Plastic-MC4-Solar-Connectors.webp","type":"image\/webp"}],"twitter_card":"summary_large_image","twitter_misc":{"Gesch\u00e4tzte Lesezeit":"2\u00a0Minuten"},"schema":{"@context":"https:\/\/schema.org","@graph":[{"@type":"WebPage","@id":"https:\/\/www.jyiele.com\/product\/ip68-plastic-mc4-solar-connectors-1500v-dc\/","url":"https:\/\/www.jyiele.com\/product\/ip68-plastic-mc4-solar-connectors-1500v-dc\/","name":"China IP68 Kunststoff MC4 Solar Steckverbinder 1500V DC Lieferanten - JYIELE","isPartOf":{"@id":"https:\/\/www.jyiele.com\/#website"},"primaryImageOfPage":{"@id":"https:\/\/www.jyiele.com\/product\/ip68-plastic-mc4-solar-connectors-1500v-dc\/#primaryimage"},"image":{"@id":"https:\/\/www.jyiele.com\/product\/ip68-plastic-mc4-solar-connectors-1500v-dc\/#primaryimage"},"thumbnailUrl":"https:\/\/www.jyiele.com\/wp-content\/uploads\/2024\/09\/IP68-Plastic-MC4-Solar-Connectors.webp","datePublished":"2024-11-01T08:09:42+00:00","dateModified":"2025-03-09T11:43:55+00:00","description":"JYIELEs IP68-Kunststoff-Steckverbinder MC4 Solar 1500V DCJYIELEs IP68-Kunststoff-Steckverbinder MC4 Solar 1500V DC sind f\u00fcr hohe Leistungen in Solarenergiesystemen konzipiert, mit hoher Sicherheit und Zuverl\u00e4ssigkeit, die den internationalen Zertifizierungsstandards entsprechen.","breadcrumb":{"@id":"https:\/\/www.jyiele.com\/product\/ip68-plastic-mc4-solar-connectors-1500v-dc\/#breadcrumb"},"inLanguage":"de","potentialAction":[{"@type":"ReadAction","target":["https:\/\/www.jyiele.com\/product\/ip68-plastic-mc4-solar-connectors-1500v-dc\/"]}]},{"@type":"ImageObject","inLanguage":"de","@id":"https:\/\/www.jyiele.com\/product\/ip68-plastic-mc4-solar-connectors-1500v-dc\/#primaryimage","url":"https:\/\/www.jyiele.com\/wp-content\/uploads\/2024\/09\/IP68-Plastic-MC4-Solar-Connectors.webp","contentUrl":"https:\/\/www.jyiele.com\/wp-content\/uploads\/2024\/09\/IP68-Plastic-MC4-Solar-Connectors.webp","width":800,"height":800,"caption":"IP68 Plastic MC4 Solar Connectors"},{"@type":"BreadcrumbList","@id":"https:\/\/www.jyiele.com\/product\/ip68-plastic-mc4-solar-connectors-1500v-dc\/#breadcrumb","itemListElement":[{"@type":"ListItem","position":1,"name":"Home","item":"https:\/\/www.jyiele.com\/"},{"@type":"ListItem","position":2,"name":"Product","item":"https:\/\/www.jyiele.com\/product\/"},{"@type":"ListItem","position":3,"name":"MC4 Connector","item":"https:\/\/www.jyiele.com\/product-category\/mc4-connector\/"},{"@type":"ListItem","position":4,"name":"IP68 Plastic MC4 Solar Connectors 1500V DC"}]},{"@type":"WebSite","@id":"https:\/\/www.jyiele.com\/#website","url":"https:\/\/www.jyiele.com\/","name":"JYIELE","description":"Hersteller von Vakuum-Leistungsschaltern","publisher":{"@id":"https:\/\/www.jyiele.com\/#organization"},"potentialAction":[{"@type":"SearchAction","target":{"@type":"EntryPoint","urlTemplate":"https:\/\/www.jyiele.com\/?s={search_term_string}"},"query-input":{"@type":"PropertyValueSpecification","valueRequired":true,"valueName":"search_term_string"}}],"inLanguage":"de"},{"@type":"Organization","@id":"https:\/\/www.jyiele.com\/#organization","name":"JYIELE","url":"https:\/\/www.jyiele.com\/","logo":{"@type":"ImageObject","inLanguage":"de","@id":"https:\/\/www.jyiele.com\/#\/schema\/logo\/image\/","url":"https:\/\/www.jyiele.com\/wp-content\/uploads\/2024\/09\/cropped-jyele-1.webp","contentUrl":"https:\/\/www.jyiele.com\/wp-content\/uploads\/2024\/09\/cropped-jyele-1.webp","width":137,"height":60,"caption":"JYIELE"},"image":{"@id":"https:\/\/www.jyiele.com\/#\/schema\/logo\/image\/"}}]}},"_links":{"self":[{"href":"https:\/\/www.jyiele.com\/de\/wp-json\/wp\/v2\/product\/1253","targetHints":{"allow":["GET"]}}],"collection":[{"href":"https:\/\/www.jyiele.com\/de\/wp-json\/wp\/v2\/product"}],"about":[{"href":"https:\/\/www.jyiele.com\/de\/wp-json\/wp\/v2\/types\/product"}],"version-history":[{"count":2,"href":"https:\/\/www.jyiele.com\/de\/wp-json\/wp\/v2\/product\/1253\/revisions"}],"predecessor-version":[{"id":1470,"href":"https:\/\/www.jyiele.com\/de\/wp-json\/wp\/v2\/product\/1253\/revisions\/1470"}],"wp:featuredmedia":[{"embeddable":true,"href":"https:\/\/www.jyiele.com\/de\/wp-json\/wp\/v2\/media\/1255"}],"wp:attachment":[{"href":"https:\/\/www.jyiele.com\/de\/wp-json\/wp\/v2\/media?parent=1253"}],"wp:term":[{"taxonomy":"product_brand","embeddable":true,"href":"https:\/\/www.jyiele.com\/de\/wp-json\/wp\/v2\/product_brand?post=1253"},{"taxonomy":"product_cat","embeddable":true,"href":"https:\/\/www.jyiele.com\/de\/wp-json\/wp\/v2\/product_cat?post=1253"},{"taxonomy":"product_tag","embeddable":true,"href":"https:\/\/www.jyiele.com\/de\/wp-json\/wp\/v2\/product_tag?post=1253"}],"curies":[{"name":"wp","href":"https:\/\/api.w.org\/{rel}","templated":true}]}}