{"id":1328,"date":"2024-11-03T11:26:49","date_gmt":"2024-11-03T11:26:49","guid":{"rendered":"https:\/\/www.jy-electric.com\/?post_type=product&#038;p=1328"},"modified":"2025-03-09T11:42:43","modified_gmt":"2025-03-09T11:42:43","slug":"mc4-solar-panel-connectors","status":"publish","type":"product","link":"https:\/\/www.jyiele.com\/de\/product\/mc4-solar-panel-connectors\/","title":{"rendered":"Kundenspezifische MC4 Solarkabel-Panelverbinder 1000V 1500V DC 50Amp"},"content":{"rendered":"<h2>Produktmerkmale<\/h2>\n<p>HIGH VOLTAGE BURDEN: Unterst\u00fctzt bis zu 1000V DC, die mit verschiedenen Leistungsanforderungen fertig werden k\u00f6nnen.<\/p>\n<p>Langlebiges Design: Die Schale ist alterungsbest\u00e4ndig und resistent gegen UV-Strahlen, so dass sie auch bei rauem Wetter im Freien lange Zeit verwendet werden kann.<\/p>\n<p>Starker Strom: Kann hohe Str\u00f6me \u00fcbertragen, um eine stabile und effiziente Strom\u00fcbertragung zu gew\u00e4hrleisten.<\/p>\n<p>Sicher und zuverl\u00e4ssig: Verhindern Sie Kurzschluss und Leckage, um die Systemsicherheit zu gew\u00e4hrleisten.<\/p>\n<p>Einfach zu installieren: Das enge Banddesign passt sich verschiedenen Kabeldurchmessern an, und auch das Ein- und Ausstecken ist einfach, mit einer Einsteckkraft von weniger als 50N und einer Zugkraft von mehr als 50N.<\/p>\n<p>Hochwertige Materialien: verzinntes Kupfer f\u00fcr die Kontakte, Widerstand weniger als 0,5 Milliohm, Isolationsmaterial PPO, zuverl\u00e4ssige Leistung.<\/p>\n<p>Hoher Schutzgrad: IP67 wasser- und staubdicht, geeignet f\u00fcr verschiedene Au\u00dfenumgebungen. Verschmutzungsgrad 2 und Schutzgrad II erh\u00f6hen die Sicherheit.<\/p>\n<p>Breiter Temperaturbereich: Er kann bei Temperaturen von -40\u00b0C bis +90\u00b0C eingesetzt werden und passt sich somit an verschiedene Klimazonen an.<\/p>\n<p>Starke Kompatibilit\u00e4t: passt zu 4,0mm\u00b2 Solarkabel mit 4,0mm Stiftgr\u00f6\u00dfe, die zu den meisten Systemen passen.<\/p>\n<p><img fetchpriority=\"high\" decoding=\"async\" class=\"alignnone wp-image-1329 size-full\" title=\"MC4 Solarpanel-Steckverbinder\" src=\"https:\/\/www.jy-electric.com\/wp-content\/uploads\/2024\/09\/MC4-Solar-panel-connectors.webp\" alt=\"MC4 Solarpanel-Steckverbinder\" width=\"750\" height=\"377\" srcset=\"https:\/\/www.jyiele.com\/wp-content\/uploads\/2024\/09\/MC4-Solar-panel-connectors.webp 750w, https:\/\/www.jyiele.com\/wp-content\/uploads\/2024\/09\/MC4-Solar-panel-connectors-300x151.webp 300w, https:\/\/www.jyiele.com\/wp-content\/uploads\/2024\/09\/MC4-Solar-panel-connectors-18x9.webp 18w, https:\/\/www.jyiele.com\/wp-content\/uploads\/2024\/09\/MC4-Solar-panel-connectors-600x302.webp 600w\" sizes=\"(max-width: 750px) 100vw, 750px\" \/><\/p>\n<h2>Produkt-Parameter<\/h2>\n<table>\n<tbody>\n<tr>\n<td>Laufende Nr.<\/td>\n<td>Parameter<\/td>\n<td>Parameter<\/td>\n<\/tr>\n<tr>\n<td>1<\/td>\n<td>Typ<\/td>\n<td>Solar-Sicherungsstecker<\/td>\n<\/tr>\n<tr>\n<td>2<\/td>\n<td>Nennspannung<\/td>\n<td>1000V \/ 1500V DC<\/td>\n<\/tr>\n<tr>\n<td>3<\/td>\n<td>Nennstrom<\/td>\n<td>2A-45A<\/td>\n<\/tr>\n<tr>\n<td>4<\/td>\n<td>Pr\u00fcfspannung<\/td>\n<td>8000V(50Hz,1min)<\/td>\n<\/tr>\n<tr>\n<td>5<\/td>\n<td>Temperaturbereich<\/td>\n<td>-40\u00b0C ...+90\u00b0C<\/td>\n<\/tr>\n<tr>\n<td>6<\/td>\n<td>Obere Grenztemperatur<\/td>\n<td>+105\u00b0C<\/td>\n<\/tr>\n<tr>\n<td>7<\/td>\n<td>Schutzgrad<\/td>\n<td>IP2X\/ IP68<\/td>\n<\/tr>\n<tr>\n<td>8<\/td>\n<td>Durchgangswiderstand von Steckverbindern<\/td>\n<td>0.5m\u03a9<\/td>\n<\/tr>\n<tr>\n<td>9<\/td>\n<td>Sicherheitsklasse<\/td>\n<td>\u2161<\/td>\n<\/tr>\n<tr>\n<td>10<\/td>\n<td>Kontaktmaterial<\/td>\n<td>Kupfer, verzinnt<\/td>\n<\/tr>\n<tr>\n<td>11<\/td>\n<td>Isoliermaterial<\/td>\n<td>PPO<\/td>\n<\/tr>\n<tr>\n<td>12<\/td>\n<td>R\u00fcckzugskraft\/Einsteckkraft<\/td>\n<td>\u226550N\/\u226450N<\/td>\n<\/tr>\n<tr>\n<td>13<\/td>\n<td>Verschlusssystem<\/td>\n<td>Einrastbar<\/td>\n<\/tr>\n<tr>\n<td>14<\/td>\n<td>Klasse Flamme<\/td>\n<td>UL-94-V0<\/td>\n<\/tr>\n<tr>\n<td>15<\/td>\n<td>Kabel-Spezifikation<\/td>\n<td>2,5mm\u00b2-6,0mm\u00b2 14AWG-10AWG<\/td>\n<\/tr>\n<\/tbody>\n<\/table>","protected":false},"excerpt":{"rendered":"<p>Der MC4-Solarkabelstecker von JYIELE ist langlebig, sicher und einfach zu installieren, er ist ein guter Helfer f\u00fcr Ihre Solaranlage.<\/p>","protected":false},"featured_media":1330,"template":"","meta":{"site-sidebar-layout":"default","site-content-layout":"","ast-site-content-layout":"default","site-content-style":"default","site-sidebar-style":"default","ast-global-header-display":"","ast-banner-title-visibility":"","ast-main-header-display":"","ast-hfb-above-header-display":"","ast-hfb-below-header-display":"","ast-hfb-mobile-header-display":"","site-post-title":"","ast-breadcrumbs-content":"","ast-featured-img":"","footer-sml-layout":"","ast-disable-related-posts":"","theme-transparent-header-meta":"default","adv-header-id-meta":"","stick-header-meta":"","header-above-stick-meta":"","header-main-stick-meta":"","header-below-stick-meta":"","astra-migrate-meta-layouts":"set","ast-page-background-enabled":"default","ast-page-background-meta":{"desktop":{"background-color":"var(--ast-global-color-4)","background-image":"","background-repeat":"repeat","background-position":"center center","background-size":"auto","background-attachment":"scroll","background-type":"","background-media":"","overlay-type":"","overlay-color":"","overlay-opacity":"","overlay-gradient":""},"tablet":{"background-color":"","background-image":"","background-repeat":"repeat","background-position":"center center","background-size":"auto","background-attachment":"scroll","background-type":"","background-media":"","overlay-type":"","overlay-color":"","overlay-opacity":"","overlay-gradient":""},"mobile":{"background-color":"","background-image":"","background-repeat":"repeat","background-position":"center center","background-size":"auto","background-attachment":"scroll","background-type":"","background-media":"","overlay-type":"","overlay-color":"","overlay-opacity":"","overlay-gradient":""}},"ast-content-background-meta":{"desktop":{"background-color":"var(--ast-global-color-5)","background-image":"","background-repeat":"repeat","background-position":"center center","background-size":"auto","background-attachment":"scroll","background-type":"","background-media":"","overlay-type":"","overlay-color":"","overlay-opacity":"","overlay-gradient":""},"tablet":{"background-color":"var(--ast-global-color-5)","background-image":"","background-repeat":"repeat","background-position":"center center","background-size":"auto","background-attachment":"scroll","background-type":"","background-media":"","overlay-type":"","overlay-color":"","overlay-opacity":"","overlay-gradient":""},"mobile":{"background-color":"var(--ast-global-color-5)","background-image":"","background-repeat":"repeat","background-position":"center center","background-size":"auto","background-attachment":"scroll","background-type":"","background-media":"","overlay-type":"","overlay-color":"","overlay-opacity":"","overlay-gradient":""}}},"product_brand":[],"product_cat":[19],"product_tag":[40],"class_list":{"0":"post-1328","1":"product","2":"type-product","3":"status-publish","4":"has-post-thumbnail","6":"product_cat-mc4-connector","7":"product_tag-mc4-solar-connector","8":"desktop-align-left","9":"tablet-align-left","10":"mobile-align-left","12":"first","13":"instock","14":"shipping-taxable","15":"product-type-simple"},"yoast_head":"<!-- This site is optimized with the Yoast SEO plugin v24.8.1 - https:\/\/yoast.com\/wordpress\/plugins\/seo\/ -->\n<title>Factory customized MC4 solar cable panel connectors - JYIELE<\/title>\n<meta name=\"description\" content=\"MC4 solar cable board connector is durable and anti-aging, IP67 protection grade, high current bearing high quality raw materials, high cost performance.\" \/>\n<meta name=\"robots\" content=\"index, follow, max-snippet:-1, max-image-preview:large, max-video-preview:-1\" \/>\n<link rel=\"canonical\" href=\"https:\/\/www.jyiele.com\/de\/product\/mc4-solar-panel-connectors\/\" \/>\n<meta property=\"og:locale\" content=\"de_DE\" \/>\n<meta property=\"og:type\" content=\"article\" \/>\n<meta property=\"og:title\" content=\"Factory customized MC4 solar cable panel connectors - JYIELE\" \/>\n<meta property=\"og:description\" content=\"MC4 solar cable board connector is durable and anti-aging, IP67 protection grade, high current bearing high quality raw materials, high cost performance.\" \/>\n<meta property=\"og:url\" content=\"https:\/\/www.jyiele.com\/de\/product\/mc4-solar-panel-connectors\/\" \/>\n<meta property=\"og:site_name\" content=\"JYIELE\" \/>\n<meta property=\"article:modified_time\" content=\"2025-03-09T11:42:43+00:00\" \/>\n<meta property=\"og:image\" content=\"https:\/\/www.jyiele.com\/wp-content\/uploads\/2024\/09\/MC4-Solar-cable-panel-connectors.webp\" \/>\n\t<meta property=\"og:image:width\" content=\"800\" \/>\n\t<meta property=\"og:image:height\" content=\"800\" \/>\n\t<meta property=\"og:image:type\" content=\"image\/webp\" \/>\n<meta name=\"twitter:card\" content=\"summary_large_image\" \/>\n<meta name=\"twitter:label1\" content=\"Gesch\u00e4tzte Lesezeit\" \/>\n\t<meta name=\"twitter:data1\" content=\"2\u00a0Minuten\" \/>\n<script type=\"application\/ld+json\" class=\"yoast-schema-graph\">{\"@context\":\"https:\/\/schema.org\",\"@graph\":[{\"@type\":\"WebPage\",\"@id\":\"https:\/\/www.jyiele.com\/product\/mc4-solar-panel-connectors\/\",\"url\":\"https:\/\/www.jyiele.com\/product\/mc4-solar-panel-connectors\/\",\"name\":\"Factory customized MC4 solar cable panel connectors - JYIELE\",\"isPartOf\":{\"@id\":\"https:\/\/www.jyiele.com\/#website\"},\"primaryImageOfPage\":{\"@id\":\"https:\/\/www.jyiele.com\/product\/mc4-solar-panel-connectors\/#primaryimage\"},\"image\":{\"@id\":\"https:\/\/www.jyiele.com\/product\/mc4-solar-panel-connectors\/#primaryimage\"},\"thumbnailUrl\":\"https:\/\/www.jyiele.com\/wp-content\/uploads\/2024\/09\/MC4-Solar-cable-panel-connectors.webp\",\"datePublished\":\"2024-11-03T11:26:49+00:00\",\"dateModified\":\"2025-03-09T11:42:43+00:00\",\"description\":\"MC4 solar cable board connector is durable and anti-aging, IP67 protection grade, high current bearing high quality raw materials, high cost performance.\",\"breadcrumb\":{\"@id\":\"https:\/\/www.jyiele.com\/product\/mc4-solar-panel-connectors\/#breadcrumb\"},\"inLanguage\":\"de\",\"potentialAction\":[{\"@type\":\"ReadAction\",\"target\":[\"https:\/\/www.jyiele.com\/product\/mc4-solar-panel-connectors\/\"]}]},{\"@type\":\"ImageObject\",\"inLanguage\":\"de\",\"@id\":\"https:\/\/www.jyiele.com\/product\/mc4-solar-panel-connectors\/#primaryimage\",\"url\":\"https:\/\/www.jyiele.com\/wp-content\/uploads\/2024\/09\/MC4-Solar-cable-panel-connectors.webp\",\"contentUrl\":\"https:\/\/www.jyiele.com\/wp-content\/uploads\/2024\/09\/MC4-Solar-cable-panel-connectors.webp\",\"width\":800,\"height\":800,\"caption\":\"MC4 Solar cable panel connectors\"},{\"@type\":\"BreadcrumbList\",\"@id\":\"https:\/\/www.jyiele.com\/product\/mc4-solar-panel-connectors\/#breadcrumb\",\"itemListElement\":[{\"@type\":\"ListItem\",\"position\":1,\"name\":\"Home\",\"item\":\"https:\/\/www.jyiele.com\/\"},{\"@type\":\"ListItem\",\"position\":2,\"name\":\"Product\",\"item\":\"https:\/\/www.jyiele.com\/product\/\"},{\"@type\":\"ListItem\",\"position\":3,\"name\":\"MC4 Connector\",\"item\":\"https:\/\/www.jyiele.com\/product-category\/mc4-connector\/\"},{\"@type\":\"ListItem\",\"position\":4,\"name\":\"Customized MC4 Solar cable panel connectors 1000V 1500V DC 50Amp\"}]},{\"@type\":\"WebSite\",\"@id\":\"https:\/\/www.jyiele.com\/#website\",\"url\":\"https:\/\/www.jyiele.com\/\",\"name\":\"JYIELE\",\"description\":\"Vacuum Circuit Breaker manufacturer\",\"publisher\":{\"@id\":\"https:\/\/www.jyiele.com\/#organization\"},\"potentialAction\":[{\"@type\":\"SearchAction\",\"target\":{\"@type\":\"EntryPoint\",\"urlTemplate\":\"https:\/\/www.jyiele.com\/?s={search_term_string}\"},\"query-input\":{\"@type\":\"PropertyValueSpecification\",\"valueRequired\":true,\"valueName\":\"search_term_string\"}}],\"inLanguage\":\"de\"},{\"@type\":\"Organization\",\"@id\":\"https:\/\/www.jyiele.com\/#organization\",\"name\":\"JYIELE\",\"url\":\"https:\/\/www.jyiele.com\/\",\"logo\":{\"@type\":\"ImageObject\",\"inLanguage\":\"de\",\"@id\":\"https:\/\/www.jyiele.com\/#\/schema\/logo\/image\/\",\"url\":\"https:\/\/www.jyiele.com\/wp-content\/uploads\/2024\/09\/cropped-jyele-1.webp\",\"contentUrl\":\"https:\/\/www.jyiele.com\/wp-content\/uploads\/2024\/09\/cropped-jyele-1.webp\",\"width\":137,\"height\":60,\"caption\":\"JYIELE\"},\"image\":{\"@id\":\"https:\/\/www.jyiele.com\/#\/schema\/logo\/image\/\"}}]}<\/script>\n<!-- \/ Yoast SEO plugin. -->","yoast_head_json":{"title":"Fabrik kundenspezifische MC4 Solarkabel-Panel-Steckverbinder - JYIELE","description":"MC4 Solarkabel Steckverbinder ist langlebig und Anti-Aging, IP67 Schutzklasse, hohe aktuelle mit hochwertigen Rohstoffen, hohe Kosten Leistung.","robots":{"index":"index","follow":"follow","max-snippet":"max-snippet:-1","max-image-preview":"max-image-preview:large","max-video-preview":"max-video-preview:-1"},"canonical":"https:\/\/www.jyiele.com\/de\/product\/mc4-solar-panel-connectors\/","og_locale":"de_DE","og_type":"article","og_title":"Factory customized MC4 solar cable panel connectors - JYIELE","og_description":"MC4 solar cable board connector is durable and anti-aging, IP67 protection grade, high current bearing high quality raw materials, high cost performance.","og_url":"https:\/\/www.jyiele.com\/de\/product\/mc4-solar-panel-connectors\/","og_site_name":"JYIELE","article_modified_time":"2025-03-09T11:42:43+00:00","og_image":[{"width":800,"height":800,"url":"https:\/\/www.jyiele.com\/wp-content\/uploads\/2024\/09\/MC4-Solar-cable-panel-connectors.webp","type":"image\/webp"}],"twitter_card":"summary_large_image","twitter_misc":{"Gesch\u00e4tzte Lesezeit":"2\u00a0Minuten"},"schema":{"@context":"https:\/\/schema.org","@graph":[{"@type":"WebPage","@id":"https:\/\/www.jyiele.com\/product\/mc4-solar-panel-connectors\/","url":"https:\/\/www.jyiele.com\/product\/mc4-solar-panel-connectors\/","name":"Fabrik kundenspezifische MC4 Solarkabel-Panel-Steckverbinder - JYIELE","isPartOf":{"@id":"https:\/\/www.jyiele.com\/#website"},"primaryImageOfPage":{"@id":"https:\/\/www.jyiele.com\/product\/mc4-solar-panel-connectors\/#primaryimage"},"image":{"@id":"https:\/\/www.jyiele.com\/product\/mc4-solar-panel-connectors\/#primaryimage"},"thumbnailUrl":"https:\/\/www.jyiele.com\/wp-content\/uploads\/2024\/09\/MC4-Solar-cable-panel-connectors.webp","datePublished":"2024-11-03T11:26:49+00:00","dateModified":"2025-03-09T11:42:43+00:00","description":"MC4 Solarkabel Steckverbinder ist langlebig und Anti-Aging, IP67 Schutzklasse, hohe aktuelle mit hochwertigen Rohstoffen, hohe Kosten Leistung.","breadcrumb":{"@id":"https:\/\/www.jyiele.com\/product\/mc4-solar-panel-connectors\/#breadcrumb"},"inLanguage":"de","potentialAction":[{"@type":"ReadAction","target":["https:\/\/www.jyiele.com\/product\/mc4-solar-panel-connectors\/"]}]},{"@type":"ImageObject","inLanguage":"de","@id":"https:\/\/www.jyiele.com\/product\/mc4-solar-panel-connectors\/#primaryimage","url":"https:\/\/www.jyiele.com\/wp-content\/uploads\/2024\/09\/MC4-Solar-cable-panel-connectors.webp","contentUrl":"https:\/\/www.jyiele.com\/wp-content\/uploads\/2024\/09\/MC4-Solar-cable-panel-connectors.webp","width":800,"height":800,"caption":"MC4 Solar cable panel connectors"},{"@type":"BreadcrumbList","@id":"https:\/\/www.jyiele.com\/product\/mc4-solar-panel-connectors\/#breadcrumb","itemListElement":[{"@type":"ListItem","position":1,"name":"Home","item":"https:\/\/www.jyiele.com\/"},{"@type":"ListItem","position":2,"name":"Product","item":"https:\/\/www.jyiele.com\/product\/"},{"@type":"ListItem","position":3,"name":"MC4 Connector","item":"https:\/\/www.jyiele.com\/product-category\/mc4-connector\/"},{"@type":"ListItem","position":4,"name":"Customized MC4 Solar cable panel connectors 1000V 1500V DC 50Amp"}]},{"@type":"WebSite","@id":"https:\/\/www.jyiele.com\/#website","url":"https:\/\/www.jyiele.com\/","name":"JYIELE","description":"Hersteller von Vakuum-Leistungsschaltern","publisher":{"@id":"https:\/\/www.jyiele.com\/#organization"},"potentialAction":[{"@type":"SearchAction","target":{"@type":"EntryPoint","urlTemplate":"https:\/\/www.jyiele.com\/?s={search_term_string}"},"query-input":{"@type":"PropertyValueSpecification","valueRequired":true,"valueName":"search_term_string"}}],"inLanguage":"de"},{"@type":"Organization","@id":"https:\/\/www.jyiele.com\/#organization","name":"JYIELE","url":"https:\/\/www.jyiele.com\/","logo":{"@type":"ImageObject","inLanguage":"de","@id":"https:\/\/www.jyiele.com\/#\/schema\/logo\/image\/","url":"https:\/\/www.jyiele.com\/wp-content\/uploads\/2024\/09\/cropped-jyele-1.webp","contentUrl":"https:\/\/www.jyiele.com\/wp-content\/uploads\/2024\/09\/cropped-jyele-1.webp","width":137,"height":60,"caption":"JYIELE"},"image":{"@id":"https:\/\/www.jyiele.com\/#\/schema\/logo\/image\/"}}]}},"_links":{"self":[{"href":"https:\/\/www.jyiele.com\/de\/wp-json\/wp\/v2\/product\/1328","targetHints":{"allow":["GET"]}}],"collection":[{"href":"https:\/\/www.jyiele.com\/de\/wp-json\/wp\/v2\/product"}],"about":[{"href":"https:\/\/www.jyiele.com\/de\/wp-json\/wp\/v2\/types\/product"}],"version-history":[{"count":2,"href":"https:\/\/www.jyiele.com\/de\/wp-json\/wp\/v2\/product\/1328\/revisions"}],"predecessor-version":[{"id":1473,"href":"https:\/\/www.jyiele.com\/de\/wp-json\/wp\/v2\/product\/1328\/revisions\/1473"}],"wp:featuredmedia":[{"embeddable":true,"href":"https:\/\/www.jyiele.com\/de\/wp-json\/wp\/v2\/media\/1330"}],"wp:attachment":[{"href":"https:\/\/www.jyiele.com\/de\/wp-json\/wp\/v2\/media?parent=1328"}],"wp:term":[{"taxonomy":"product_brand","embeddable":true,"href":"https:\/\/www.jyiele.com\/de\/wp-json\/wp\/v2\/product_brand?post=1328"},{"taxonomy":"product_cat","embeddable":true,"href":"https:\/\/www.jyiele.com\/de\/wp-json\/wp\/v2\/product_cat?post=1328"},{"taxonomy":"product_tag","embeddable":true,"href":"https:\/\/www.jyiele.com\/de\/wp-json\/wp\/v2\/product_tag?post=1328"}],"curies":[{"name":"wp","href":"https:\/\/api.w.org\/{rel}","templated":true}]}}