{"id":1446,"date":"2022-08-22T12:36:35","date_gmt":"2022-08-22T12:36:35","guid":{"rendered":"https:\/\/www.jy-electric.com\/?post_type=product&#038;p=1446"},"modified":"2024-10-09T13:06:06","modified_gmt":"2024-10-09T13:06:06","slug":"mns-dmc-glassfibre-plastic-busbar-support-insulator","status":"publish","type":"product","link":"https:\/\/www.jyiele.com\/de\/product\/mns-dmc-glassfibre-plastic-busbar-support-insulator\/","title":{"rendered":"MNS DMC Glasfaser-Kunststoff-Sammelschienen-Tr\u00e4gerisolator"},"content":{"rendered":"<h2>MNS-Sammelschienenisolatoren<\/h2>\n<p>MNS-Sammelschienenisolatoren werden aus DMC-Material hergestellt und sind f\u00fcr Niederspannungsanwendungen von 660V bis 4500V f\u00fcr Verteilerk\u00e4sten, Schaltanlagen, Wechselrichter und gr\u00fcne Energieanlagen konzipiert. Alle Produkte sind CE-, SGS- und ROHS-zertifiziert.<\/p>\n<h2>Technische Parameter:<\/h2>\n<p>Modell: MNS-Isolator<br \/>\nBetriebstemperatur: -40\u2103 bis +140\u2103<br \/>\nEinsatztyp: Messing oder Eisen<br \/>\nMaterialzusammensetzung: unges\u00e4ttigtes Polyesterharz, glasfaserverst\u00e4rkter komprimierter Kunststoff (BMC\/SMC)<br \/>\nAnpassungsm\u00f6glichkeiten: Nicht standardisiertes Design zur Erf\u00fcllung individueller Bed\u00fcrfnisse<br \/>\nBefestigungsschrauben: optional<br \/>\nBrandklasse: UL94-V0<\/p>\n<h2>Produktvorteile<\/h2>\n<p>Hochwertige Materialien: Verwendung hochleistungsf\u00e4higer Isoliermaterialien mit guter Temperaturbest\u00e4ndigkeit, Korrosionsbest\u00e4ndigkeit und Alterungsbest\u00e4ndigkeit, um eine langfristige stabile Nutzung zu gew\u00e4hrleisten.<\/p>\n<p>Hohe Sicherheit: Es entspricht den nationalen und internationalen Sicherheitsstandards und kann Leckagen und Kurzschl\u00fcsse wirksam verhindern und den sicheren Betrieb des Stromnetzes gew\u00e4hrleisten.<\/p>\n<p>Bequeme Installation: vern\u00fcnftiger struktureller Entwurf, einfache und schnelle Installation, die Bauzeit und Arbeitskosten reduziert.<\/p>\n<p>Starke Erdbebensicherheit: Die Erdbebensicherheit wird bei der Konstruktion ber\u00fccksichtigt, so dass die Stabilit\u00e4t auch unter ung\u00fcnstigen Wetter- oder Erdbebenbedingungen aufrechterhalten werden kann.<\/p>\n<p>Geringe Wartungskosten: Das Produkt hat eine lange Lebensdauer und einen geringen Wartungsbedarf, was die Betriebskosten in der sp\u00e4teren Phase reduziert.<\/p>\n<table>\n<tbody>\n<tr>\n<td rowspan=\"15\" width=\"33.7400%\"><img fetchpriority=\"high\" decoding=\"async\" class=\"aligncenter wp-image-1450\" title=\"DMC Glasfaser-Kunststoff-Sammelschienen-Tr\u00e4gerisolator\" src=\"https:\/\/www.jy-electric.com\/wp-content\/uploads\/2024\/09\/DMC-Glassfibre-Plastic-Busbar-Support-Insulator.webp\" alt=\"DMC Glasfaser-Kunststoff-Sammelschienen-Tr\u00e4gerisolator\" width=\"197\" height=\"348\" srcset=\"https:\/\/www.jyiele.com\/wp-content\/uploads\/2024\/09\/DMC-Glassfibre-Plastic-Busbar-Support-Insulator.webp 300w, https:\/\/www.jyiele.com\/wp-content\/uploads\/2024\/09\/DMC-Glassfibre-Plastic-Busbar-Support-Insulator-170x300.webp 170w, https:\/\/www.jyiele.com\/wp-content\/uploads\/2024\/09\/DMC-Glassfibre-Plastic-Busbar-Support-Insulator-7x12.webp 7w\" sizes=\"(max-width: 197px) 100vw, 197px\" \/><\/td>\n<td rowspan=\"2\" width=\"19.0000%\">TYP<\/td>\n<td rowspan=\"2\" width=\"14.4600%\">Durchmesser (mm)<\/td>\n<td colspan=\"2\" width=\"32.7600%\">Valuse<\/td>\n<\/tr>\n<tr>\n<td width=\"14.0000%\">H(mm)<\/td>\n<td width=\"18.7600%\">Schraube(mm)<\/td>\n<\/tr>\n<tr>\n<td width=\"19.0000%\">MNS-30X30H<\/td>\n<td width=\"14.4600%\">\u03c630<\/td>\n<td width=\"14.0000%\">30H<\/td>\n<td width=\"18.7600%\">Gewinde\uff1a6mm 8mm<\/td>\n<\/tr>\n<tr>\n<td width=\"19.0000%\">MNS-30X40H<\/td>\n<td width=\"14.4600%\">\u03c630<\/td>\n<td width=\"14.0000%\">40H<\/td>\n<td width=\"18.7600%\">Gewinde\uff1a6mm 8mm<\/td>\n<\/tr>\n<tr>\n<td width=\"19.0000%\">MNS-40X40H<\/td>\n<td width=\"14.4600%\">\u03c640<\/td>\n<td width=\"14.0000%\">40H<\/td>\n<td width=\"18.7600%\">Gewinde\uff1a8mm 10mm<\/td>\n<\/tr>\n<tr>\n<td width=\"19.0000%\">MNS-40X50H<\/td>\n<td width=\"14.4600%\">\u03c640<\/td>\n<td width=\"14.0000%\">50H<\/td>\n<td width=\"18.7600%\">Gewinde\uff1a8mm 10mm<\/td>\n<\/tr>\n<tr>\n<td width=\"19.0000%\">MNS-40X60H<\/td>\n<td width=\"14.4600%\">\u03c640<\/td>\n<td width=\"14.0000%\">60H<\/td>\n<td width=\"18.7600%\">Gewinde\uff1a8mm 10mm<\/td>\n<\/tr>\n<tr>\n<td width=\"19.0000%\">MNS-60X40H<\/td>\n<td width=\"14.4600%\">\u03c660<\/td>\n<td width=\"14.0000%\">40H<\/td>\n<td width=\"18.7600%\">Gewinde\uff1a10mm 12mm<\/td>\n<\/tr>\n<tr>\n<td width=\"19.0000%\">MNS-50X50H<\/td>\n<td width=\"14.4600%\">\u03c650<\/td>\n<td width=\"14.0000%\">50H<\/td>\n<td width=\"18.7600%\">Gewinde\uff1a8mm 10mm<\/td>\n<\/tr>\n<tr>\n<td width=\"19.0000%\">MNS-50X60H<\/td>\n<td width=\"14.4600%\">\u03c650<\/td>\n<td width=\"14.0000%\">60H<\/td>\n<td width=\"18.7600%\">Gewinde\uff1a10mm 12mm<\/td>\n<\/tr>\n<tr>\n<td width=\"19.0000%\">MNS-60X60H<\/td>\n<td width=\"14.4600%\">\u03c660<\/td>\n<td width=\"14.0000%\">60H<\/td>\n<td width=\"18.7600%\">Gewinde\uff1a10mm 12mm<\/td>\n<\/tr>\n<tr>\n<td width=\"19.0000%\">MNS-60X70H<\/td>\n<td width=\"14.4600%\">\u03c660<\/td>\n<td width=\"14.0000%\">70H<\/td>\n<td width=\"18.7600%\">Gewinde\uff1a10mm 12mm<\/td>\n<\/tr>\n<tr>\n<td width=\"19.0000%\">MNS-60X80H<\/td>\n<td width=\"14.4600%\">\u03c660<\/td>\n<td width=\"14.0000%\">80H<\/td>\n<td width=\"18.7600%\">Gewinde\uff1a10mm 12mm<\/td>\n<\/tr>\n<tr>\n<td width=\"19.0000%\">MNS-60X100H<\/td>\n<td width=\"14.4600%\">\u03c660<\/td>\n<td width=\"14.0000%\">100H<\/td>\n<td width=\"18.7600%\">Gewinde\uff1a10mm 12mm<\/td>\n<\/tr>\n<tr>\n<td width=\"19.0000%\">MNS-70X70H<\/td>\n<td width=\"14.4600%\">\u03c670<\/td>\n<td width=\"14.0000%\">70H<\/td>\n<td width=\"18.7600%\">Gewinde\uff1a12mm<\/td>\n<\/tr>\n<\/tbody>\n<\/table>\n<div class=\"wp-block-media-text__content\">\n<figure class=\"wp-block-table\">\n<div class=\"scroll\"><\/div>\n<\/figure>\n<\/div>\n<p>&nbsp;<\/p>","protected":false},"excerpt":{"rendered":"<p>DMC Glasfaser-Kunststoff-Sammelschienenst\u00fctzisolatoren werden h\u00e4ufig in Niederspannungsverteilerschr\u00e4nken, Wechselrichtern und Schaltanlagen eingesetzt. Sie bieten Befestigungs-, St\u00fctz- und Isolierfunktionen durch die Verbindung der Stromschiene, mit ausgezeichneter Isolierleistung, hoher Festigkeit, hoher Temperaturbest\u00e4ndigkeit und zuverl\u00e4ssiger Sicherheitsleistung, die ideal f\u00fcr die Befestigung der Stromschiene im Niederspannungsverteilerschrank ist.<\/p>\n<h2>OEM-Dienst<\/h2>\n<p>Farboptionen: Erh\u00e4ltlich in Rot, Braun und anderen benutzerdefinierten Farben.<br \/>\nEinsatzmaterialien: Messing, Stahl und andere Materialien verf\u00fcgbar.<br \/>\nModell-Unterst\u00fctzung: OEM-Modelle sind f\u00fcr kundenspezifische Anpassungen verf\u00fcgbar.<\/p>","protected":false},"featured_media":1449,"template":"","meta":{"site-sidebar-layout":"default","site-content-layout":"","ast-site-content-layout":"default","site-content-style":"default","site-sidebar-style":"default","ast-global-header-display":"","ast-banner-title-visibility":"","ast-main-header-display":"","ast-hfb-above-header-display":"","ast-hfb-below-header-display":"","ast-hfb-mobile-header-display":"","site-post-title":"","ast-breadcrumbs-content":"","ast-featured-img":"","footer-sml-layout":"","ast-disable-related-posts":"","theme-transparent-header-meta":"default","adv-header-id-meta":"","stick-header-meta":"","header-above-stick-meta":"","header-main-stick-meta":"","header-below-stick-meta":"","astra-migrate-meta-layouts":"set","ast-page-background-enabled":"default","ast-page-background-meta":{"desktop":{"background-color":"var(--ast-global-color-4)","background-image":"","background-repeat":"repeat","background-position":"center center","background-size":"auto","background-attachment":"scroll","background-type":"","background-media":"","overlay-type":"","overlay-color":"","overlay-opacity":"","overlay-gradient":""},"tablet":{"background-color":"","background-image":"","background-repeat":"repeat","background-position":"center center","background-size":"auto","background-attachment":"scroll","background-type":"","background-media":"","overlay-type":"","overlay-color":"","overlay-opacity":"","overlay-gradient":""},"mobile":{"background-color":"","background-image":"","background-repeat":"repeat","background-position":"center center","background-size":"auto","background-attachment":"scroll","background-type":"","background-media":"","overlay-type":"","overlay-color":"","overlay-opacity":"","overlay-gradient":""}},"ast-content-background-meta":{"desktop":{"background-color":"var(--ast-global-color-5)","background-image":"","background-repeat":"repeat","background-position":"center center","background-size":"auto","background-attachment":"scroll","background-type":"","background-media":"","overlay-type":"","overlay-color":"","overlay-opacity":"","overlay-gradient":""},"tablet":{"background-color":"var(--ast-global-color-5)","background-image":"","background-repeat":"repeat","background-position":"center center","background-size":"auto","background-attachment":"scroll","background-type":"","background-media":"","overlay-type":"","overlay-color":"","overlay-opacity":"","overlay-gradient":""},"mobile":{"background-color":"var(--ast-global-color-5)","background-image":"","background-repeat":"repeat","background-position":"center center","background-size":"auto","background-attachment":"scroll","background-type":"","background-media":"","overlay-type":"","overlay-color":"","overlay-opacity":"","overlay-gradient":""}}},"product_brand":[],"product_cat":[22],"product_tag":[],"class_list":{"0":"post-1446","1":"product","2":"type-product","3":"status-publish","4":"has-post-thumbnail","6":"product_cat-low-voltage-insulator","7":"desktop-align-left","8":"tablet-align-left","9":"mobile-align-left","11":"first","12":"instock","13":"downloadable","14":"shipping-taxable","15":"product-type-simple"},"yoast_head":"<!-- This site is optimized with the Yoast SEO plugin v24.8.1 - https:\/\/yoast.com\/wordpress\/plugins\/seo\/ -->\n<title>China MNS DMC Glassfibre Plastic Busbar Support Insulator Manufacturer- JYIELE<\/title>\n<meta name=\"description\" content=\"Discover our line of MNS DMC Fiberglass Plastic Busbar Support Insulators, our durable, high-performance insulators with excellent dielectric properties that ensure reliable operation and safety of electrical systems.\" \/>\n<meta name=\"robots\" content=\"index, follow, max-snippet:-1, max-image-preview:large, max-video-preview:-1\" \/>\n<link rel=\"canonical\" href=\"https:\/\/www.jyiele.com\/de\/product\/mns-dmc-glassfibre-plastic-busbar-support-insulator\/\" \/>\n<meta property=\"og:locale\" content=\"de_DE\" \/>\n<meta property=\"og:type\" content=\"article\" \/>\n<meta property=\"og:title\" content=\"China MNS DMC Glassfibre Plastic Busbar Support Insulator Manufacturer- JYIELE\" \/>\n<meta property=\"og:description\" content=\"Discover our line of MNS DMC Fiberglass Plastic Busbar Support Insulators, our durable, high-performance insulators with excellent dielectric properties that ensure reliable operation and safety of electrical systems.\" \/>\n<meta property=\"og:url\" content=\"https:\/\/www.jyiele.com\/de\/product\/mns-dmc-glassfibre-plastic-busbar-support-insulator\/\" \/>\n<meta property=\"og:site_name\" content=\"JYIELE\" \/>\n<meta property=\"article:modified_time\" content=\"2024-10-09T13:06:06+00:00\" \/>\n<meta property=\"og:image\" content=\"https:\/\/www.jyiele.com\/wp-content\/uploads\/2024\/09\/MNS-DMC-Glassfibre-Plastic-Busbar-Support-Insulator.webp\" \/>\n\t<meta property=\"og:image:width\" content=\"800\" \/>\n\t<meta property=\"og:image:height\" content=\"800\" \/>\n\t<meta property=\"og:image:type\" content=\"image\/webp\" \/>\n<meta name=\"twitter:card\" content=\"summary_large_image\" \/>\n<meta name=\"twitter:label1\" content=\"Gesch\u00e4tzte Lesezeit\" \/>\n\t<meta name=\"twitter:data1\" content=\"2\u00a0Minuten\" \/>\n<script type=\"application\/ld+json\" class=\"yoast-schema-graph\">{\"@context\":\"https:\/\/schema.org\",\"@graph\":[{\"@type\":\"WebPage\",\"@id\":\"https:\/\/www.jyiele.com\/product\/mns-dmc-glassfibre-plastic-busbar-support-insulator\/\",\"url\":\"https:\/\/www.jyiele.com\/product\/mns-dmc-glassfibre-plastic-busbar-support-insulator\/\",\"name\":\"China MNS DMC Glassfibre Plastic Busbar Support Insulator Manufacturer- JYIELE\",\"isPartOf\":{\"@id\":\"https:\/\/www.jyiele.com\/#website\"},\"primaryImageOfPage\":{\"@id\":\"https:\/\/www.jyiele.com\/product\/mns-dmc-glassfibre-plastic-busbar-support-insulator\/#primaryimage\"},\"image\":{\"@id\":\"https:\/\/www.jyiele.com\/product\/mns-dmc-glassfibre-plastic-busbar-support-insulator\/#primaryimage\"},\"thumbnailUrl\":\"https:\/\/www.jyiele.com\/wp-content\/uploads\/2024\/09\/MNS-DMC-Glassfibre-Plastic-Busbar-Support-Insulator.webp\",\"datePublished\":\"2022-08-22T12:36:35+00:00\",\"dateModified\":\"2024-10-09T13:06:06+00:00\",\"description\":\"Discover our line of MNS DMC Fiberglass Plastic Busbar Support Insulators, our durable, high-performance insulators with excellent dielectric properties that ensure reliable operation and safety of electrical systems.\",\"breadcrumb\":{\"@id\":\"https:\/\/www.jyiele.com\/product\/mns-dmc-glassfibre-plastic-busbar-support-insulator\/#breadcrumb\"},\"inLanguage\":\"de\",\"potentialAction\":[{\"@type\":\"ReadAction\",\"target\":[\"https:\/\/www.jyiele.com\/product\/mns-dmc-glassfibre-plastic-busbar-support-insulator\/\"]}]},{\"@type\":\"ImageObject\",\"inLanguage\":\"de\",\"@id\":\"https:\/\/www.jyiele.com\/product\/mns-dmc-glassfibre-plastic-busbar-support-insulator\/#primaryimage\",\"url\":\"https:\/\/www.jyiele.com\/wp-content\/uploads\/2024\/09\/MNS-DMC-Glassfibre-Plastic-Busbar-Support-Insulator.webp\",\"contentUrl\":\"https:\/\/www.jyiele.com\/wp-content\/uploads\/2024\/09\/MNS-DMC-Glassfibre-Plastic-Busbar-Support-Insulator.webp\",\"width\":800,\"height\":800,\"caption\":\"MNS DMC Glassfibre Plastic Busbar Support Insulator\"},{\"@type\":\"BreadcrumbList\",\"@id\":\"https:\/\/www.jyiele.com\/product\/mns-dmc-glassfibre-plastic-busbar-support-insulator\/#breadcrumb\",\"itemListElement\":[{\"@type\":\"ListItem\",\"position\":1,\"name\":\"Home\",\"item\":\"https:\/\/www.jyiele.com\/\"},{\"@type\":\"ListItem\",\"position\":2,\"name\":\"Product\",\"item\":\"https:\/\/www.jyiele.com\/product\/\"},{\"@type\":\"ListItem\",\"position\":3,\"name\":\"Low Voltage Insulator\",\"item\":\"https:\/\/www.jyiele.com\/product-category\/low-voltage-insulator\/\"},{\"@type\":\"ListItem\",\"position\":4,\"name\":\"MNS DMC Glassfibre Plastic Busbar Support Insulator\"}]},{\"@type\":\"WebSite\",\"@id\":\"https:\/\/www.jyiele.com\/#website\",\"url\":\"https:\/\/www.jyiele.com\/\",\"name\":\"JYIELE\",\"description\":\"Vacuum Circuit Breaker manufacturer\",\"publisher\":{\"@id\":\"https:\/\/www.jyiele.com\/#organization\"},\"potentialAction\":[{\"@type\":\"SearchAction\",\"target\":{\"@type\":\"EntryPoint\",\"urlTemplate\":\"https:\/\/www.jyiele.com\/?s={search_term_string}\"},\"query-input\":{\"@type\":\"PropertyValueSpecification\",\"valueRequired\":true,\"valueName\":\"search_term_string\"}}],\"inLanguage\":\"de\"},{\"@type\":\"Organization\",\"@id\":\"https:\/\/www.jyiele.com\/#organization\",\"name\":\"JYIELE\",\"url\":\"https:\/\/www.jyiele.com\/\",\"logo\":{\"@type\":\"ImageObject\",\"inLanguage\":\"de\",\"@id\":\"https:\/\/www.jyiele.com\/#\/schema\/logo\/image\/\",\"url\":\"https:\/\/www.jyiele.com\/wp-content\/uploads\/2024\/09\/cropped-jyele-1.webp\",\"contentUrl\":\"https:\/\/www.jyiele.com\/wp-content\/uploads\/2024\/09\/cropped-jyele-1.webp\",\"width\":137,\"height\":60,\"caption\":\"JYIELE\"},\"image\":{\"@id\":\"https:\/\/www.jyiele.com\/#\/schema\/logo\/image\/\"}}]}<\/script>\n<!-- \/ Yoast SEO plugin. -->","yoast_head_json":{"title":"China MNS DMC Glasfaser-Kunststoff-Sammelschienenhalter Isolator Hersteller- JYIELE","description":"Entdecken Sie unser Angebot an MNS DMC Fiberglas-Kunststoff-Sammelschienenst\u00fctzisolatoren, unsere langlebigen Hochleistungsisolatoren mit hervorragenden dielektrischen Eigenschaften, die einen zuverl\u00e4ssigen Betrieb und die Sicherheit elektrischer Systeme gew\u00e4hrleisten.","robots":{"index":"index","follow":"follow","max-snippet":"max-snippet:-1","max-image-preview":"max-image-preview:large","max-video-preview":"max-video-preview:-1"},"canonical":"https:\/\/www.jyiele.com\/de\/product\/mns-dmc-glassfibre-plastic-busbar-support-insulator\/","og_locale":"de_DE","og_type":"article","og_title":"China MNS DMC Glassfibre Plastic Busbar Support Insulator Manufacturer- JYIELE","og_description":"Discover our line of MNS DMC Fiberglass Plastic Busbar Support Insulators, our durable, high-performance insulators with excellent dielectric properties that ensure reliable operation and safety of electrical systems.","og_url":"https:\/\/www.jyiele.com\/de\/product\/mns-dmc-glassfibre-plastic-busbar-support-insulator\/","og_site_name":"JYIELE","article_modified_time":"2024-10-09T13:06:06+00:00","og_image":[{"width":800,"height":800,"url":"https:\/\/www.jyiele.com\/wp-content\/uploads\/2024\/09\/MNS-DMC-Glassfibre-Plastic-Busbar-Support-Insulator.webp","type":"image\/webp"}],"twitter_card":"summary_large_image","twitter_misc":{"Gesch\u00e4tzte Lesezeit":"2\u00a0Minuten"},"schema":{"@context":"https:\/\/schema.org","@graph":[{"@type":"WebPage","@id":"https:\/\/www.jyiele.com\/product\/mns-dmc-glassfibre-plastic-busbar-support-insulator\/","url":"https:\/\/www.jyiele.com\/product\/mns-dmc-glassfibre-plastic-busbar-support-insulator\/","name":"China MNS DMC Glasfaser-Kunststoff-Sammelschienenhalter Isolator Hersteller- JYIELE","isPartOf":{"@id":"https:\/\/www.jyiele.com\/#website"},"primaryImageOfPage":{"@id":"https:\/\/www.jyiele.com\/product\/mns-dmc-glassfibre-plastic-busbar-support-insulator\/#primaryimage"},"image":{"@id":"https:\/\/www.jyiele.com\/product\/mns-dmc-glassfibre-plastic-busbar-support-insulator\/#primaryimage"},"thumbnailUrl":"https:\/\/www.jyiele.com\/wp-content\/uploads\/2024\/09\/MNS-DMC-Glassfibre-Plastic-Busbar-Support-Insulator.webp","datePublished":"2022-08-22T12:36:35+00:00","dateModified":"2024-10-09T13:06:06+00:00","description":"Entdecken Sie unser Angebot an MNS DMC Fiberglas-Kunststoff-Sammelschienenst\u00fctzisolatoren, unsere langlebigen Hochleistungsisolatoren mit hervorragenden dielektrischen Eigenschaften, die einen zuverl\u00e4ssigen Betrieb und die Sicherheit elektrischer Systeme gew\u00e4hrleisten.","breadcrumb":{"@id":"https:\/\/www.jyiele.com\/product\/mns-dmc-glassfibre-plastic-busbar-support-insulator\/#breadcrumb"},"inLanguage":"de","potentialAction":[{"@type":"ReadAction","target":["https:\/\/www.jyiele.com\/product\/mns-dmc-glassfibre-plastic-busbar-support-insulator\/"]}]},{"@type":"ImageObject","inLanguage":"de","@id":"https:\/\/www.jyiele.com\/product\/mns-dmc-glassfibre-plastic-busbar-support-insulator\/#primaryimage","url":"https:\/\/www.jyiele.com\/wp-content\/uploads\/2024\/09\/MNS-DMC-Glassfibre-Plastic-Busbar-Support-Insulator.webp","contentUrl":"https:\/\/www.jyiele.com\/wp-content\/uploads\/2024\/09\/MNS-DMC-Glassfibre-Plastic-Busbar-Support-Insulator.webp","width":800,"height":800,"caption":"MNS DMC Glassfibre Plastic Busbar Support Insulator"},{"@type":"BreadcrumbList","@id":"https:\/\/www.jyiele.com\/product\/mns-dmc-glassfibre-plastic-busbar-support-insulator\/#breadcrumb","itemListElement":[{"@type":"ListItem","position":1,"name":"Home","item":"https:\/\/www.jyiele.com\/"},{"@type":"ListItem","position":2,"name":"Product","item":"https:\/\/www.jyiele.com\/product\/"},{"@type":"ListItem","position":3,"name":"Low Voltage Insulator","item":"https:\/\/www.jyiele.com\/product-category\/low-voltage-insulator\/"},{"@type":"ListItem","position":4,"name":"MNS DMC Glassfibre Plastic Busbar Support Insulator"}]},{"@type":"WebSite","@id":"https:\/\/www.jyiele.com\/#website","url":"https:\/\/www.jyiele.com\/","name":"JYIELE","description":"Hersteller von Vakuum-Leistungsschaltern","publisher":{"@id":"https:\/\/www.jyiele.com\/#organization"},"potentialAction":[{"@type":"SearchAction","target":{"@type":"EntryPoint","urlTemplate":"https:\/\/www.jyiele.com\/?s={search_term_string}"},"query-input":{"@type":"PropertyValueSpecification","valueRequired":true,"valueName":"search_term_string"}}],"inLanguage":"de"},{"@type":"Organization","@id":"https:\/\/www.jyiele.com\/#organization","name":"JYIELE","url":"https:\/\/www.jyiele.com\/","logo":{"@type":"ImageObject","inLanguage":"de","@id":"https:\/\/www.jyiele.com\/#\/schema\/logo\/image\/","url":"https:\/\/www.jyiele.com\/wp-content\/uploads\/2024\/09\/cropped-jyele-1.webp","contentUrl":"https:\/\/www.jyiele.com\/wp-content\/uploads\/2024\/09\/cropped-jyele-1.webp","width":137,"height":60,"caption":"JYIELE"},"image":{"@id":"https:\/\/www.jyiele.com\/#\/schema\/logo\/image\/"}}]}},"_links":{"self":[{"href":"https:\/\/www.jyiele.com\/de\/wp-json\/wp\/v2\/product\/1446","targetHints":{"allow":["GET"]}}],"collection":[{"href":"https:\/\/www.jyiele.com\/de\/wp-json\/wp\/v2\/product"}],"about":[{"href":"https:\/\/www.jyiele.com\/de\/wp-json\/wp\/v2\/types\/product"}],"version-history":[{"count":4,"href":"https:\/\/www.jyiele.com\/de\/wp-json\/wp\/v2\/product\/1446\/revisions"}],"predecessor-version":[{"id":1464,"href":"https:\/\/www.jyiele.com\/de\/wp-json\/wp\/v2\/product\/1446\/revisions\/1464"}],"wp:featuredmedia":[{"embeddable":true,"href":"https:\/\/www.jyiele.com\/de\/wp-json\/wp\/v2\/media\/1449"}],"wp:attachment":[{"href":"https:\/\/www.jyiele.com\/de\/wp-json\/wp\/v2\/media?parent=1446"}],"wp:term":[{"taxonomy":"product_brand","embeddable":true,"href":"https:\/\/www.jyiele.com\/de\/wp-json\/wp\/v2\/product_brand?post=1446"},{"taxonomy":"product_cat","embeddable":true,"href":"https:\/\/www.jyiele.com\/de\/wp-json\/wp\/v2\/product_cat?post=1446"},{"taxonomy":"product_tag","embeddable":true,"href":"https:\/\/www.jyiele.com\/de\/wp-json\/wp\/v2\/product_tag?post=1446"}],"curies":[{"name":"wp","href":"https:\/\/api.w.org\/{rel}","templated":true}]}}