{"id":1454,"date":"2022-08-22T13:04:15","date_gmt":"2022-08-22T13:04:15","guid":{"rendered":"https:\/\/www.jy-electric.com\/?post_type=product&#038;p=1454"},"modified":"2024-10-09T13:06:15","modified_gmt":"2024-10-09T13:06:15","slug":"small-low-voltage-standoff-support-insulator","status":"publish","type":"product","link":"https:\/\/www.jyiele.com\/de\/product\/small-low-voltage-standoff-support-insulator\/","title":{"rendered":"Aislador de soporte separado de baja tensi\u00f3n de la serie SM"},"content":{"rendered":"<h2>Was sind kleine Niederspannungs-S\u00e4ulenisolatoren der Serie SM?<\/h2>\n<p>Die Sammelschienenisolatoren der Serie SM sind tonnenf\u00f6rmig und bestehen aus DMC-Material. Sie sind f\u00fcr Niederspannungsanwendungen von 660V bis 4500V geeignet, da sie die Sammelschiene st\u00fctzen und effektiv befestigen, st\u00fctzen und isolieren.<\/p>\n<h2>Produktmerkmale<\/h2>\n<p>Hohe Sicherheit: Durch die Verwendung hochwertiger Isoliermaterialien k\u00f6nnen Leckstr\u00f6me wirksam verhindert und der sichere Betrieb des Stromnetzes gew\u00e4hrleistet werden.<br \/>\nStarke Witterungsbest\u00e4ndigkeit: Durch die gute Hitze-, K\u00e4lte- und UV-Best\u00e4ndigkeit kann es sich an alle Arten von rauen Wetterbedingungen anpassen und seine Lebensdauer verl\u00e4ngern.<br \/>\nBequeme Installation: Die kleine Bauweise erleichtert die Installation und Wartung und reduziert die Bauzeit und die Arbeitskosten.<br \/>\nGeringes Gewicht: Das geringere Gewicht im Vergleich zu herk\u00f6mmlichen Isolatoren reduziert die Belastung der Tr\u00e4gerstruktur und ist f\u00fcr eine Vielzahl von Umgebungen geeignet.<br \/>\nKosteng\u00fcnstig: Geringere Produktionskosten und verbesserte Wirtschaftlichkeit durch effiziente Materialien und Prozesse, geeignet f\u00fcr Gro\u00dfanwendungen.<br \/>\nGute elektrische Leistung: Mit seinen hervorragenden Isolationseigenschaften kann es Lichtb\u00f6gen und Durchschlagsph\u00e4nomene wirksam verhindern und einen stabilen Betrieb von Stromsystemen gew\u00e4hrleisten.<\/p>\n<figure class=\"wp-block-table\">\n<div class=\"scroll\">\n<table>\n<tbody>\n<tr>\n<td rowspan=\"12\" width=\"160\"><img fetchpriority=\"high\" decoding=\"async\" class=\"alignnone wp-image-1455\" src=\"https:\/\/www.jy-electric.com\/wp-content\/uploads\/2024\/09\/Low-voltage-bearing-insulator-drawing-145x300.webp\" alt=\"Zeichnung eines Niederspannungs-Lagerisolators\" width=\"237\" height=\"490\" srcset=\"https:\/\/www.jyiele.com\/wp-content\/uploads\/2024\/09\/Low-voltage-bearing-insulator-drawing-145x300.webp 145w, https:\/\/www.jyiele.com\/wp-content\/uploads\/2024\/09\/Low-voltage-bearing-insulator-drawing-6x12.webp 6w, https:\/\/www.jyiele.com\/wp-content\/uploads\/2024\/09\/Low-voltage-bearing-insulator-drawing.webp 224w\" sizes=\"(max-width: 237px) 100vw, 237px\" \/><\/td>\n<td width=\"70\">Modell<\/td>\n<td width=\"65\">D(mm)<\/td>\n<td width=\"59\">H(mm)<\/td>\n<td width=\"102\">Wirbel aus Fingerabdr\u00fccken<\/td>\n<td width=\"105\">anpassbar<\/td>\n<\/tr>\n<tr>\n<td width=\"70\">SM20<\/td>\n<td width=\"65\">17<\/td>\n<td width=\"59\">20<\/td>\n<td width=\"102\">M5\/M6<\/td>\n<td rowspan=\"11\" width=\"105\">Ma\u00dfgeschneiderte Formen sind f\u00fcr spezielle Anforderungen erh\u00e4ltlich<\/td>\n<\/tr>\n<tr>\n<td width=\"70\">SM25<\/td>\n<td width=\"65\">30<\/td>\n<td width=\"59\">25<\/td>\n<td width=\"102\">M5<\/td>\n<\/tr>\n<tr>\n<td width=\"70\">SM30<\/td>\n<td width=\"65\">32<\/td>\n<td width=\"59\">30<\/td>\n<td width=\"102\">M6\/M8<\/td>\n<\/tr>\n<tr>\n<td width=\"70\">SM35<\/td>\n<td width=\"65\">32<\/td>\n<td width=\"59\">35<\/td>\n<td width=\"102\">M6\/M8<\/td>\n<\/tr>\n<tr>\n<td width=\"70\">SM40<\/td>\n<td width=\"65\">40<\/td>\n<td width=\"59\">40<\/td>\n<td width=\"102\">M6\/M8<\/td>\n<\/tr>\n<tr>\n<td width=\"70\">SM45<\/td>\n<td width=\"65\">36<\/td>\n<td width=\"59\">45<\/td>\n<td width=\"102\">M6\/M8<\/td>\n<\/tr>\n<tr>\n<td width=\"70\">SM51<\/td>\n<td width=\"65\">36<\/td>\n<td width=\"59\">51<\/td>\n<td width=\"102\">M8\/M10<\/td>\n<\/tr>\n<tr>\n<td width=\"70\">SM60<\/td>\n<td width=\"65\">46<\/td>\n<td width=\"59\">60<\/td>\n<td width=\"102\">M8\/M10<\/td>\n<\/tr>\n<tr>\n<td width=\"70\">SM76<\/td>\n<td width=\"65\">50<\/td>\n<td width=\"59\">76<\/td>\n<td width=\"102\">M10\/M12<\/td>\n<\/tr>\n<tr>\n<td width=\"70\">SM80<\/td>\n<td width=\"65\">50<\/td>\n<td width=\"59\">80<\/td>\n<td width=\"102\">M10\/M12<\/td>\n<\/tr>\n<tr>\n<td width=\"70\">SM100<\/td>\n<td width=\"65\">65<\/td>\n<td width=\"59\">100<\/td>\n<td width=\"102\">M10\/M12<\/td>\n<\/tr>\n<\/tbody>\n<\/table>\n<\/div>\n<\/figure>\n<p>&nbsp;<\/p>\n<p>&nbsp;<\/p>","protected":false},"excerpt":{"rendered":"<p>Kleine Niederspannungs-S\u00e4ulenisolatoren der Serie SM eignen sich f\u00fcr Niederspannungsverteilerschr\u00e4nke, Wechselrichter und Schaltanlagen usw. Sie werden haupts\u00e4chlich f\u00fcr die Verbindung von Stromschienen verwendet und bieten eine isolierende Unterst\u00fctzung und einen Sicherheitsabstand, um die elektrische Isolierung zu gew\u00e4hrleisten.<\/p>\n<h2>Produktparameter:<\/h2>\n<p>Modell: SM-Isolator<br \/>\nBetriebstemperaturbereich: -40\u00b0C bis +140\u00b0C<br \/>\nMaterial des Einsatzes: Messing oder Eisen verf\u00fcgbar<br \/>\nMaterialzusammensetzung: Unges\u00e4ttigtes Polyesterharz, glasfaserverst\u00e4rkter Kompressionskunststoff (BMC\/SMC)<br \/>\nAnpassungsm\u00f6glichkeiten: Unterst\u00fctzung von Nicht-Standard-Anpassung, Farben, Eins\u00e4tze und Materialien k\u00f6nnen je nach Kundenwunsch angepasst werden<br \/>\nBefestigungsschrauben: optional<br \/>\nBrandklasse: UL94-V0<br \/>\nAlle Produkte sind CE-, SGS- und ROHS-zertifiziert.<\/p>","protected":false},"featured_media":1456,"template":"","meta":{"site-sidebar-layout":"default","site-content-layout":"","ast-site-content-layout":"default","site-content-style":"default","site-sidebar-style":"default","ast-global-header-display":"","ast-banner-title-visibility":"","ast-main-header-display":"","ast-hfb-above-header-display":"","ast-hfb-below-header-display":"","ast-hfb-mobile-header-display":"","site-post-title":"","ast-breadcrumbs-content":"","ast-featured-img":"","footer-sml-layout":"","ast-disable-related-posts":"","theme-transparent-header-meta":"default","adv-header-id-meta":"","stick-header-meta":"","header-above-stick-meta":"","header-main-stick-meta":"","header-below-stick-meta":"","astra-migrate-meta-layouts":"set","ast-page-background-enabled":"default","ast-page-background-meta":{"desktop":{"background-color":"var(--ast-global-color-4)","background-image":"","background-repeat":"repeat","background-position":"center center","background-size":"auto","background-attachment":"scroll","background-type":"","background-media":"","overlay-type":"","overlay-color":"","overlay-opacity":"","overlay-gradient":""},"tablet":{"background-color":"","background-image":"","background-repeat":"repeat","background-position":"center center","background-size":"auto","background-attachment":"scroll","background-type":"","background-media":"","overlay-type":"","overlay-color":"","overlay-opacity":"","overlay-gradient":""},"mobile":{"background-color":"","background-image":"","background-repeat":"repeat","background-position":"center center","background-size":"auto","background-attachment":"scroll","background-type":"","background-media":"","overlay-type":"","overlay-color":"","overlay-opacity":"","overlay-gradient":""}},"ast-content-background-meta":{"desktop":{"background-color":"var(--ast-global-color-5)","background-image":"","background-repeat":"repeat","background-position":"center center","background-size":"auto","background-attachment":"scroll","background-type":"","background-media":"","overlay-type":"","overlay-color":"","overlay-opacity":"","overlay-gradient":""},"tablet":{"background-color":"var(--ast-global-color-5)","background-image":"","background-repeat":"repeat","background-position":"center center","background-size":"auto","background-attachment":"scroll","background-type":"","background-media":"","overlay-type":"","overlay-color":"","overlay-opacity":"","overlay-gradient":""},"mobile":{"background-color":"var(--ast-global-color-5)","background-image":"","background-repeat":"repeat","background-position":"center center","background-size":"auto","background-attachment":"scroll","background-type":"","background-media":"","overlay-type":"","overlay-color":"","overlay-opacity":"","overlay-gradient":""}}},"product_brand":[],"product_cat":[22],"product_tag":[],"class_list":{"0":"post-1454","1":"product","2":"type-product","3":"status-publish","4":"has-post-thumbnail","6":"product_cat-low-voltage-insulator","7":"desktop-align-left","8":"tablet-align-left","9":"mobile-align-left","11":"first","12":"instock","13":"shipping-taxable","14":"product-type-simple"},"yoast_head":"<!-- This site is optimized with the Yoast SEO plugin v24.8.1 - https:\/\/yoast.com\/wordpress\/plugins\/seo\/ -->\n<title>China Small SM Series Low Voltage Standoff Support Insulator Supplier Or Manufacturer - JYIELE<\/title>\n<meta name=\"description\" content=\"JYIELE low voltage bearing insulators are made of high quality raw materials with good insulating performance and long service life, support OEM&amp;ODM customization, very cost-effective price, welcome to consult the price comparison!\" \/>\n<meta name=\"robots\" content=\"index, follow, max-snippet:-1, max-image-preview:large, max-video-preview:-1\" \/>\n<link rel=\"canonical\" href=\"https:\/\/www.jyiele.com\/de\/product\/small-low-voltage-standoff-support-insulator\/\" \/>\n<meta property=\"og:locale\" content=\"de_DE\" \/>\n<meta property=\"og:type\" content=\"article\" \/>\n<meta property=\"og:title\" content=\"China Small SM Series Low Voltage Standoff Support Insulator Supplier Or Manufacturer - JYIELE\" \/>\n<meta property=\"og:description\" content=\"JYIELE low voltage bearing insulators are made of high quality raw materials with good insulating performance and long service life, support OEM&amp;ODM customization, very cost-effective price, welcome to consult the price comparison!\" \/>\n<meta property=\"og:url\" content=\"https:\/\/www.jyiele.com\/de\/product\/small-low-voltage-standoff-support-insulator\/\" \/>\n<meta property=\"og:site_name\" content=\"JYIELE\" \/>\n<meta property=\"article:modified_time\" content=\"2024-10-09T13:06:15+00:00\" \/>\n<meta property=\"og:image\" content=\"https:\/\/www.jyiele.com\/wp-content\/uploads\/2024\/09\/Small-SM-Series-Low-Voltage-Standoff-Support-Insulator.webp\" \/>\n\t<meta property=\"og:image:width\" content=\"800\" \/>\n\t<meta property=\"og:image:height\" content=\"800\" \/>\n\t<meta property=\"og:image:type\" content=\"image\/webp\" \/>\n<meta name=\"twitter:card\" content=\"summary_large_image\" \/>\n<meta name=\"twitter:label1\" content=\"Gesch\u00e4tzte Lesezeit\" \/>\n\t<meta name=\"twitter:data1\" content=\"2\u00a0Minuten\" \/>\n<script type=\"application\/ld+json\" class=\"yoast-schema-graph\">{\"@context\":\"https:\/\/schema.org\",\"@graph\":[{\"@type\":\"WebPage\",\"@id\":\"https:\/\/www.jyiele.com\/product\/small-low-voltage-standoff-support-insulator\/\",\"url\":\"https:\/\/www.jyiele.com\/product\/small-low-voltage-standoff-support-insulator\/\",\"name\":\"China Small SM Series Low Voltage Standoff Support Insulator Supplier Or Manufacturer - JYIELE\",\"isPartOf\":{\"@id\":\"https:\/\/www.jyiele.com\/#website\"},\"primaryImageOfPage\":{\"@id\":\"https:\/\/www.jyiele.com\/product\/small-low-voltage-standoff-support-insulator\/#primaryimage\"},\"image\":{\"@id\":\"https:\/\/www.jyiele.com\/product\/small-low-voltage-standoff-support-insulator\/#primaryimage\"},\"thumbnailUrl\":\"https:\/\/www.jyiele.com\/wp-content\/uploads\/2024\/09\/Small-SM-Series-Low-Voltage-Standoff-Support-Insulator.webp\",\"datePublished\":\"2022-08-22T13:04:15+00:00\",\"dateModified\":\"2024-10-09T13:06:15+00:00\",\"description\":\"JYIELE low voltage bearing insulators are made of high quality raw materials with good insulating performance and long service life, support OEM&ODM customization, very cost-effective price, welcome to consult the price comparison!\",\"breadcrumb\":{\"@id\":\"https:\/\/www.jyiele.com\/product\/small-low-voltage-standoff-support-insulator\/#breadcrumb\"},\"inLanguage\":\"de\",\"potentialAction\":[{\"@type\":\"ReadAction\",\"target\":[\"https:\/\/www.jyiele.com\/product\/small-low-voltage-standoff-support-insulator\/\"]}]},{\"@type\":\"ImageObject\",\"inLanguage\":\"de\",\"@id\":\"https:\/\/www.jyiele.com\/product\/small-low-voltage-standoff-support-insulator\/#primaryimage\",\"url\":\"https:\/\/www.jyiele.com\/wp-content\/uploads\/2024\/09\/Small-SM-Series-Low-Voltage-Standoff-Support-Insulator.webp\",\"contentUrl\":\"https:\/\/www.jyiele.com\/wp-content\/uploads\/2024\/09\/Small-SM-Series-Low-Voltage-Standoff-Support-Insulator.webp\",\"width\":800,\"height\":800,\"caption\":\"Small SM Series Low Voltage Standoff Support Insulator\"},{\"@type\":\"BreadcrumbList\",\"@id\":\"https:\/\/www.jyiele.com\/product\/small-low-voltage-standoff-support-insulator\/#breadcrumb\",\"itemListElement\":[{\"@type\":\"ListItem\",\"position\":1,\"name\":\"Home\",\"item\":\"https:\/\/www.jyiele.com\/\"},{\"@type\":\"ListItem\",\"position\":2,\"name\":\"Product\",\"item\":\"https:\/\/www.jyiele.com\/product\/\"},{\"@type\":\"ListItem\",\"position\":3,\"name\":\"Low Voltage Insulator\",\"item\":\"https:\/\/www.jyiele.com\/product-category\/low-voltage-insulator\/\"},{\"@type\":\"ListItem\",\"position\":4,\"name\":\"Small SM Series Low Voltage Standoff Support Insulator\"}]},{\"@type\":\"WebSite\",\"@id\":\"https:\/\/www.jyiele.com\/#website\",\"url\":\"https:\/\/www.jyiele.com\/\",\"name\":\"JYIELE\",\"description\":\"Vacuum Circuit Breaker manufacturer\",\"publisher\":{\"@id\":\"https:\/\/www.jyiele.com\/#organization\"},\"potentialAction\":[{\"@type\":\"SearchAction\",\"target\":{\"@type\":\"EntryPoint\",\"urlTemplate\":\"https:\/\/www.jyiele.com\/?s={search_term_string}\"},\"query-input\":{\"@type\":\"PropertyValueSpecification\",\"valueRequired\":true,\"valueName\":\"search_term_string\"}}],\"inLanguage\":\"de\"},{\"@type\":\"Organization\",\"@id\":\"https:\/\/www.jyiele.com\/#organization\",\"name\":\"JYIELE\",\"url\":\"https:\/\/www.jyiele.com\/\",\"logo\":{\"@type\":\"ImageObject\",\"inLanguage\":\"de\",\"@id\":\"https:\/\/www.jyiele.com\/#\/schema\/logo\/image\/\",\"url\":\"https:\/\/www.jyiele.com\/wp-content\/uploads\/2024\/09\/cropped-jyele-1.webp\",\"contentUrl\":\"https:\/\/www.jyiele.com\/wp-content\/uploads\/2024\/09\/cropped-jyele-1.webp\",\"width\":137,\"height\":60,\"caption\":\"JYIELE\"},\"image\":{\"@id\":\"https:\/\/www.jyiele.com\/#\/schema\/logo\/image\/\"}}]}<\/script>\n<!-- \/ Yoast SEO plugin. -->","yoast_head_json":{"title":"China Small SM Serie Niederspannung Standoff Unterst\u00fctzung Isolator Lieferant oder Hersteller - JYIELE","description":"JYIELE Niederspannungs-Lagerisolatoren sind aus hochwertigen Rohstoffen mit guter Isolierleistung und langer Lebensdauer hergestellt, unterst\u00fctzen OEM&amp;ODM-Anpassung, sehr kosteng\u00fcnstiger Preis, willkommen zum Preisvergleich!","robots":{"index":"index","follow":"follow","max-snippet":"max-snippet:-1","max-image-preview":"max-image-preview:large","max-video-preview":"max-video-preview:-1"},"canonical":"https:\/\/www.jyiele.com\/de\/product\/small-low-voltage-standoff-support-insulator\/","og_locale":"de_DE","og_type":"article","og_title":"China Small SM Series Low Voltage Standoff Support Insulator Supplier Or Manufacturer - JYIELE","og_description":"JYIELE low voltage bearing insulators are made of high quality raw materials with good insulating performance and long service life, support OEM&ODM customization, very cost-effective price, welcome to consult the price comparison!","og_url":"https:\/\/www.jyiele.com\/de\/product\/small-low-voltage-standoff-support-insulator\/","og_site_name":"JYIELE","article_modified_time":"2024-10-09T13:06:15+00:00","og_image":[{"width":800,"height":800,"url":"https:\/\/www.jyiele.com\/wp-content\/uploads\/2024\/09\/Small-SM-Series-Low-Voltage-Standoff-Support-Insulator.webp","type":"image\/webp"}],"twitter_card":"summary_large_image","twitter_misc":{"Gesch\u00e4tzte Lesezeit":"2\u00a0Minuten"},"schema":{"@context":"https:\/\/schema.org","@graph":[{"@type":"WebPage","@id":"https:\/\/www.jyiele.com\/product\/small-low-voltage-standoff-support-insulator\/","url":"https:\/\/www.jyiele.com\/product\/small-low-voltage-standoff-support-insulator\/","name":"China Small SM Serie Niederspannung Standoff Unterst\u00fctzung Isolator Lieferant oder Hersteller - JYIELE","isPartOf":{"@id":"https:\/\/www.jyiele.com\/#website"},"primaryImageOfPage":{"@id":"https:\/\/www.jyiele.com\/product\/small-low-voltage-standoff-support-insulator\/#primaryimage"},"image":{"@id":"https:\/\/www.jyiele.com\/product\/small-low-voltage-standoff-support-insulator\/#primaryimage"},"thumbnailUrl":"https:\/\/www.jyiele.com\/wp-content\/uploads\/2024\/09\/Small-SM-Series-Low-Voltage-Standoff-Support-Insulator.webp","datePublished":"2022-08-22T13:04:15+00:00","dateModified":"2024-10-09T13:06:15+00:00","description":"JYIELE Niederspannungs-Lagerisolatoren sind aus hochwertigen Rohstoffen mit guter Isolierleistung und langer Lebensdauer hergestellt, unterst\u00fctzen OEM&amp;ODM-Anpassung, sehr kosteng\u00fcnstiger Preis, willkommen zum Preisvergleich!","breadcrumb":{"@id":"https:\/\/www.jyiele.com\/product\/small-low-voltage-standoff-support-insulator\/#breadcrumb"},"inLanguage":"de","potentialAction":[{"@type":"ReadAction","target":["https:\/\/www.jyiele.com\/product\/small-low-voltage-standoff-support-insulator\/"]}]},{"@type":"ImageObject","inLanguage":"de","@id":"https:\/\/www.jyiele.com\/product\/small-low-voltage-standoff-support-insulator\/#primaryimage","url":"https:\/\/www.jyiele.com\/wp-content\/uploads\/2024\/09\/Small-SM-Series-Low-Voltage-Standoff-Support-Insulator.webp","contentUrl":"https:\/\/www.jyiele.com\/wp-content\/uploads\/2024\/09\/Small-SM-Series-Low-Voltage-Standoff-Support-Insulator.webp","width":800,"height":800,"caption":"Small SM Series Low Voltage Standoff Support Insulator"},{"@type":"BreadcrumbList","@id":"https:\/\/www.jyiele.com\/product\/small-low-voltage-standoff-support-insulator\/#breadcrumb","itemListElement":[{"@type":"ListItem","position":1,"name":"Home","item":"https:\/\/www.jyiele.com\/"},{"@type":"ListItem","position":2,"name":"Product","item":"https:\/\/www.jyiele.com\/product\/"},{"@type":"ListItem","position":3,"name":"Low Voltage Insulator","item":"https:\/\/www.jyiele.com\/product-category\/low-voltage-insulator\/"},{"@type":"ListItem","position":4,"name":"Small SM Series Low Voltage Standoff Support Insulator"}]},{"@type":"WebSite","@id":"https:\/\/www.jyiele.com\/#website","url":"https:\/\/www.jyiele.com\/","name":"JYIELE","description":"Hersteller von Vakuum-Leistungsschaltern","publisher":{"@id":"https:\/\/www.jyiele.com\/#organization"},"potentialAction":[{"@type":"SearchAction","target":{"@type":"EntryPoint","urlTemplate":"https:\/\/www.jyiele.com\/?s={search_term_string}"},"query-input":{"@type":"PropertyValueSpecification","valueRequired":true,"valueName":"search_term_string"}}],"inLanguage":"de"},{"@type":"Organization","@id":"https:\/\/www.jyiele.com\/#organization","name":"JYIELE","url":"https:\/\/www.jyiele.com\/","logo":{"@type":"ImageObject","inLanguage":"de","@id":"https:\/\/www.jyiele.com\/#\/schema\/logo\/image\/","url":"https:\/\/www.jyiele.com\/wp-content\/uploads\/2024\/09\/cropped-jyele-1.webp","contentUrl":"https:\/\/www.jyiele.com\/wp-content\/uploads\/2024\/09\/cropped-jyele-1.webp","width":137,"height":60,"caption":"JYIELE"},"image":{"@id":"https:\/\/www.jyiele.com\/#\/schema\/logo\/image\/"}}]}},"_links":{"self":[{"href":"https:\/\/www.jyiele.com\/de\/wp-json\/wp\/v2\/product\/1454","targetHints":{"allow":["GET"]}}],"collection":[{"href":"https:\/\/www.jyiele.com\/de\/wp-json\/wp\/v2\/product"}],"about":[{"href":"https:\/\/www.jyiele.com\/de\/wp-json\/wp\/v2\/types\/product"}],"version-history":[{"count":4,"href":"https:\/\/www.jyiele.com\/de\/wp-json\/wp\/v2\/product\/1454\/revisions"}],"predecessor-version":[{"id":1458,"href":"https:\/\/www.jyiele.com\/de\/wp-json\/wp\/v2\/product\/1454\/revisions\/1458"}],"wp:featuredmedia":[{"embeddable":true,"href":"https:\/\/www.jyiele.com\/de\/wp-json\/wp\/v2\/media\/1456"}],"wp:attachment":[{"href":"https:\/\/www.jyiele.com\/de\/wp-json\/wp\/v2\/media?parent=1454"}],"wp:term":[{"taxonomy":"product_brand","embeddable":true,"href":"https:\/\/www.jyiele.com\/de\/wp-json\/wp\/v2\/product_brand?post=1454"},{"taxonomy":"product_cat","embeddable":true,"href":"https:\/\/www.jyiele.com\/de\/wp-json\/wp\/v2\/product_cat?post=1454"},{"taxonomy":"product_tag","embeddable":true,"href":"https:\/\/www.jyiele.com\/de\/wp-json\/wp\/v2\/product_tag?post=1454"}],"curies":[{"name":"wp","href":"https:\/\/api.w.org\/{rel}","templated":true}]}}