{"id":1529,"date":"2024-11-04T07:52:01","date_gmt":"2024-11-04T07:52:01","guid":{"rendered":"https:\/\/www.jy-electric.com\/?post_type=product&#038;p=1529"},"modified":"2025-03-09T11:43:04","modified_gmt":"2025-03-09T11:43:04","slug":"customized-1000vdc-15000vdc-solar-panel-cable-connectors","status":"publish","type":"product","link":"https:\/\/www.jyiele.com\/de\/product\/customized-1000vdc-15000vdc-solar-panel-cable-connectors\/","title":{"rendered":"Kundenspezifische 1000VDC 15000VDC Solarpanel-Kabelverbinder f\u00fcr Photovoltaik-Solaranlagen"},"content":{"rendered":"<h2>Merkmale von Solarpanel-Kabelsteckern<\/h2>\n<p><strong>Unterst\u00fctzung von Hochspannung und Strom<\/strong><br \/>\nGeeignet f\u00fcr Spannungen von 1000V und 1500V mit Stromst\u00e4rken von 2A bis 45A, was eine zuverl\u00e4ssige Strom\u00fcbertragung gew\u00e4hrleistet.<\/p>\n<p><strong>Ausgezeichnete Haltbarkeit<\/strong><br \/>\nAus alterungsbest\u00e4ndigem und UV-resistentem PPO-Material hergestellt, kann es auch in rauen Au\u00dfenumgebungen lange Zeit stabil arbeiten.<\/p>\n<p><strong>Sichere und stabile Verbindung<\/strong><br \/>\nDie selbstverriegelnde Konstruktion gew\u00e4hrleistet ein einfaches und sicheres Stecken und Ziehen, passt perfekt zum MC4-Anschluss und reduziert das Risiko eines schlechten Kontakts.<\/p>\n<p><strong>Wasserdicht und staubdicht<\/strong><br \/>\nSchutzart IP68, wasser- und staubdicht, geeignet f\u00fcr verschiedene Umgebungen.<\/p>\n<p><strong>Geringster Energieverlust<\/strong><br \/>\nDer \u00dcbergangswiderstand betr\u00e4gt nur 0,5 m\u03a9, was die Systemeffizienz verbessert und Energieverluste reduziert.<\/p>\n<p><strong>Breite Temperaturanpassungsf\u00e4higkeit<\/strong><br \/>\nDer Betriebstemperaturbereich reicht von -40\u00b0C bis +90\u00b0C und deckt damit einen weiten Bereich von klimatischen Bedingungen ab.<\/p>\n<p><strong>Hohe Sicherheitszertifizierung<\/strong><br \/>\nDie Sicherheitsklasse II entspricht den internationalen Normen und sorgt f\u00fcr ein sicheres Gef\u00fchl.<\/p>\n<p><strong>Flammhemmende Eigenschaften<\/strong><br \/>\nVerringern Sie das Brandrisiko durch gute flammhemmende Eigenschaften.<\/p>\n<div class=\"top flex f-jsb f-ast f-warp\">\n<div class=\"fl wow fadeInLeft animated animated\" data-wow-delay=\"200ms\">\n<div class=\"product_det_ico pst-rel\">\n<div class=\"mySwiper_ico swiper swiper-initialized swiper-horizontal swiper-pointer-events swiper-thumbs\">\n<h2 class=\"pic rect-75 pic_rect\"><img decoding=\"async\" class=\"_full\" title=\"\" src=\"https:\/\/jyiele.com\/product\/solar-panel-cable-connectors\/\" alt=\"\" \/>Produkt-Parameter<\/h2>\n<\/div>\n<\/div>\n<\/div>\n<\/div>\n<div class=\"bottom clearfix wow fadeInUp animated animated\" data-wow-delay=\"0\">\n<div class=\"bot fl\">\n<div class=\"bot_con\">\n<div class=\"des show\">\n<figure class=\"wp-block-table\">\n<div class=\"scroll\">\n<table>\n<tbody>\n<tr>\n<td>Laufende Nr.<\/td>\n<td>Parameter<\/td>\n<td>Parameter<\/td>\n<\/tr>\n<tr>\n<td>1<\/td>\n<td>Typ<\/td>\n<td>Solar-Sicherungsstecker<\/td>\n<\/tr>\n<tr>\n<td>2<\/td>\n<td>Nennspannung<\/td>\n<td>1000V \/ 1500V DC<\/td>\n<\/tr>\n<tr>\n<td>3<\/td>\n<td>Nennstrom<\/td>\n<td>2A-45A<\/td>\n<\/tr>\n<tr>\n<td>4<\/td>\n<td>Pr\u00fcfspannung<\/td>\n<td>8000V(50Hz,1min)<\/td>\n<\/tr>\n<tr>\n<td>5<\/td>\n<td>Temperaturbereich<\/td>\n<td>-40\u00b0C ...+90\u00b0C<\/td>\n<\/tr>\n<tr>\n<td>6<\/td>\n<td>Obere Grenztemperatur<\/td>\n<td>+105\u00b0C<\/td>\n<\/tr>\n<tr>\n<td>7<\/td>\n<td>Schutzgrad<\/td>\n<td>IP2X\/ IP68<\/td>\n<\/tr>\n<tr>\n<td>8<\/td>\n<td>Durchgangswiderstand von Steckverbindern<\/td>\n<td>0.5m\u03a9<\/td>\n<\/tr>\n<tr>\n<td>9<\/td>\n<td>Sicherheitsklasse<\/td>\n<td>\u2161<\/td>\n<\/tr>\n<tr>\n<td>10<\/td>\n<td>Kontaktmaterial<\/td>\n<td>Kupfer, verzinnt<\/td>\n<\/tr>\n<tr>\n<td>11<\/td>\n<td>Isoliermaterial<\/td>\n<td>PPO<\/td>\n<\/tr>\n<tr>\n<td>12<\/td>\n<td>R\u00fcckzugskraft\/Einsteckkraft<\/td>\n<td>\u226550N\/\u226450N<\/td>\n<\/tr>\n<tr>\n<td>13<\/td>\n<td>Verschlusssystem<\/td>\n<td>Einrastbar<\/td>\n<\/tr>\n<tr>\n<td>14<\/td>\n<td>Klasse Flamme<\/td>\n<td>UL-94-V0<\/td>\n<\/tr>\n<\/tbody>\n<\/table>\n<\/div>\n<\/figure>\n<\/div>\n<\/div>\n<\/div>\n<\/div>","protected":false},"excerpt":{"rendered":"<p>Mit seiner hervorragenden Leistung und Zuverl\u00e4ssigkeit ist dieser Kabelverbinder f\u00fcr Solarmodule eine unverzichtbare und hochwertige Wahl f\u00fcr Solarenergiesysteme.<\/p>","protected":false},"featured_media":1530,"template":"","meta":{"site-sidebar-layout":"default","site-content-layout":"","ast-site-content-layout":"default","site-content-style":"default","site-sidebar-style":"default","ast-global-header-display":"","ast-banner-title-visibility":"","ast-main-header-display":"","ast-hfb-above-header-display":"","ast-hfb-below-header-display":"","ast-hfb-mobile-header-display":"","site-post-title":"","ast-breadcrumbs-content":"","ast-featured-img":"","footer-sml-layout":"","ast-disable-related-posts":"","theme-transparent-header-meta":"default","adv-header-id-meta":"","stick-header-meta":"","header-above-stick-meta":"","header-main-stick-meta":"","header-below-stick-meta":"","astra-migrate-meta-layouts":"set","ast-page-background-enabled":"default","ast-page-background-meta":{"desktop":{"background-color":"var(--ast-global-color-4)","background-image":"","background-repeat":"repeat","background-position":"center center","background-size":"auto","background-attachment":"scroll","background-type":"","background-media":"","overlay-type":"","overlay-color":"","overlay-opacity":"","overlay-gradient":""},"tablet":{"background-color":"","background-image":"","background-repeat":"repeat","background-position":"center center","background-size":"auto","background-attachment":"scroll","background-type":"","background-media":"","overlay-type":"","overlay-color":"","overlay-opacity":"","overlay-gradient":""},"mobile":{"background-color":"","background-image":"","background-repeat":"repeat","background-position":"center center","background-size":"auto","background-attachment":"scroll","background-type":"","background-media":"","overlay-type":"","overlay-color":"","overlay-opacity":"","overlay-gradient":""}},"ast-content-background-meta":{"desktop":{"background-color":"var(--ast-global-color-5)","background-image":"","background-repeat":"repeat","background-position":"center center","background-size":"auto","background-attachment":"scroll","background-type":"","background-media":"","overlay-type":"","overlay-color":"","overlay-opacity":"","overlay-gradient":""},"tablet":{"background-color":"var(--ast-global-color-5)","background-image":"","background-repeat":"repeat","background-position":"center center","background-size":"auto","background-attachment":"scroll","background-type":"","background-media":"","overlay-type":"","overlay-color":"","overlay-opacity":"","overlay-gradient":""},"mobile":{"background-color":"var(--ast-global-color-5)","background-image":"","background-repeat":"repeat","background-position":"center center","background-size":"auto","background-attachment":"scroll","background-type":"","background-media":"","overlay-type":"","overlay-color":"","overlay-opacity":"","overlay-gradient":""}}},"product_brand":[],"product_cat":[19],"product_tag":[],"class_list":{"0":"post-1529","1":"product","2":"type-product","3":"status-publish","4":"has-post-thumbnail","6":"product_cat-mc4-connector","7":"desktop-align-left","8":"tablet-align-left","9":"mobile-align-left","11":"first","12":"instock","13":"shipping-taxable","14":"product-type-simple"},"yoast_head":"<!-- This site is optimized with the Yoast SEO plugin v24.8.1 - https:\/\/yoast.com\/wordpress\/plugins\/seo\/ -->\n<title>Customized Solar Panel Cable Connectors Factory Manufacturer-JYIELE<\/title>\n<meta name=\"description\" content=\"High quality solar panel cable connector manufacturers, support customization, high quality, source factory price, one-stop service\u3002\" \/>\n<meta name=\"robots\" content=\"index, follow, max-snippet:-1, max-image-preview:large, max-video-preview:-1\" \/>\n<link rel=\"canonical\" href=\"https:\/\/www.jyiele.com\/de\/product\/customized-1000vdc-15000vdc-solar-panel-cable-connectors\/\" \/>\n<meta property=\"og:locale\" content=\"de_DE\" \/>\n<meta property=\"og:type\" content=\"article\" \/>\n<meta property=\"og:title\" content=\"Customized Solar Panel Cable Connectors Factory Manufacturer-JYIELE\" \/>\n<meta property=\"og:description\" content=\"High quality solar panel cable connector manufacturers, support customization, high quality, source factory price, one-stop service\u3002\" \/>\n<meta property=\"og:url\" content=\"https:\/\/www.jyiele.com\/de\/product\/customized-1000vdc-15000vdc-solar-panel-cable-connectors\/\" \/>\n<meta property=\"og:site_name\" content=\"JYIELE\" \/>\n<meta property=\"article:modified_time\" content=\"2025-03-09T11:43:04+00:00\" \/>\n<meta property=\"og:image\" content=\"https:\/\/www.jyiele.com\/wp-content\/uploads\/2024\/09\/Customized-1000VDC-15000VDC-Solar-Panel-Cable-Connectors-For-Solar-Photovoltaic-System.webp\" \/>\n\t<meta property=\"og:image:width\" content=\"800\" \/>\n\t<meta property=\"og:image:height\" content=\"800\" \/>\n\t<meta property=\"og:image:type\" content=\"image\/webp\" \/>\n<meta name=\"twitter:card\" content=\"summary_large_image\" \/>\n<meta name=\"twitter:label1\" content=\"Gesch\u00e4tzte Lesezeit\" \/>\n\t<meta name=\"twitter:data1\" content=\"2\u00a0Minuten\" \/>\n<script type=\"application\/ld+json\" class=\"yoast-schema-graph\">{\"@context\":\"https:\/\/schema.org\",\"@graph\":[{\"@type\":\"WebPage\",\"@id\":\"https:\/\/www.jyiele.com\/product\/customized-1000vdc-15000vdc-solar-panel-cable-connectors\/\",\"url\":\"https:\/\/www.jyiele.com\/product\/customized-1000vdc-15000vdc-solar-panel-cable-connectors\/\",\"name\":\"Customized Solar Panel Cable Connectors Factory Manufacturer-JYIELE\",\"isPartOf\":{\"@id\":\"https:\/\/www.jyiele.com\/#website\"},\"primaryImageOfPage\":{\"@id\":\"https:\/\/www.jyiele.com\/product\/customized-1000vdc-15000vdc-solar-panel-cable-connectors\/#primaryimage\"},\"image\":{\"@id\":\"https:\/\/www.jyiele.com\/product\/customized-1000vdc-15000vdc-solar-panel-cable-connectors\/#primaryimage\"},\"thumbnailUrl\":\"https:\/\/www.jyiele.com\/wp-content\/uploads\/2024\/09\/Customized-1000VDC-15000VDC-Solar-Panel-Cable-Connectors-For-Solar-Photovoltaic-System.webp\",\"datePublished\":\"2024-11-04T07:52:01+00:00\",\"dateModified\":\"2025-03-09T11:43:04+00:00\",\"description\":\"High quality solar panel cable connector manufacturers, support customization, high quality, source factory price, one-stop service\u3002\",\"breadcrumb\":{\"@id\":\"https:\/\/www.jyiele.com\/product\/customized-1000vdc-15000vdc-solar-panel-cable-connectors\/#breadcrumb\"},\"inLanguage\":\"de\",\"potentialAction\":[{\"@type\":\"ReadAction\",\"target\":[\"https:\/\/www.jyiele.com\/product\/customized-1000vdc-15000vdc-solar-panel-cable-connectors\/\"]}]},{\"@type\":\"ImageObject\",\"inLanguage\":\"de\",\"@id\":\"https:\/\/www.jyiele.com\/product\/customized-1000vdc-15000vdc-solar-panel-cable-connectors\/#primaryimage\",\"url\":\"https:\/\/www.jyiele.com\/wp-content\/uploads\/2024\/09\/Customized-1000VDC-15000VDC-Solar-Panel-Cable-Connectors-For-Solar-Photovoltaic-System.webp\",\"contentUrl\":\"https:\/\/www.jyiele.com\/wp-content\/uploads\/2024\/09\/Customized-1000VDC-15000VDC-Solar-Panel-Cable-Connectors-For-Solar-Photovoltaic-System.webp\",\"width\":800,\"height\":800,\"caption\":\"Customized 1000VDC 15000VDC Solar Panel Cable Connectors For Solar Photovoltaic System\"},{\"@type\":\"BreadcrumbList\",\"@id\":\"https:\/\/www.jyiele.com\/product\/customized-1000vdc-15000vdc-solar-panel-cable-connectors\/#breadcrumb\",\"itemListElement\":[{\"@type\":\"ListItem\",\"position\":1,\"name\":\"Home\",\"item\":\"https:\/\/www.jyiele.com\/\"},{\"@type\":\"ListItem\",\"position\":2,\"name\":\"Product\",\"item\":\"https:\/\/www.jyiele.com\/product\/\"},{\"@type\":\"ListItem\",\"position\":3,\"name\":\"MC4 Connector\",\"item\":\"https:\/\/www.jyiele.com\/product-category\/mc4-connector\/\"},{\"@type\":\"ListItem\",\"position\":4,\"name\":\"Customized 1000VDC 15000VDC Solar Panel Cable Connectors For Solar Photovoltaic System\"}]},{\"@type\":\"WebSite\",\"@id\":\"https:\/\/www.jyiele.com\/#website\",\"url\":\"https:\/\/www.jyiele.com\/\",\"name\":\"JYIELE\",\"description\":\"Vacuum Circuit Breaker manufacturer\",\"publisher\":{\"@id\":\"https:\/\/www.jyiele.com\/#organization\"},\"potentialAction\":[{\"@type\":\"SearchAction\",\"target\":{\"@type\":\"EntryPoint\",\"urlTemplate\":\"https:\/\/www.jyiele.com\/?s={search_term_string}\"},\"query-input\":{\"@type\":\"PropertyValueSpecification\",\"valueRequired\":true,\"valueName\":\"search_term_string\"}}],\"inLanguage\":\"de\"},{\"@type\":\"Organization\",\"@id\":\"https:\/\/www.jyiele.com\/#organization\",\"name\":\"JYIELE\",\"url\":\"https:\/\/www.jyiele.com\/\",\"logo\":{\"@type\":\"ImageObject\",\"inLanguage\":\"de\",\"@id\":\"https:\/\/www.jyiele.com\/#\/schema\/logo\/image\/\",\"url\":\"https:\/\/www.jyiele.com\/wp-content\/uploads\/2024\/09\/cropped-jyele-1.webp\",\"contentUrl\":\"https:\/\/www.jyiele.com\/wp-content\/uploads\/2024\/09\/cropped-jyele-1.webp\",\"width\":137,\"height\":60,\"caption\":\"JYIELE\"},\"image\":{\"@id\":\"https:\/\/www.jyiele.com\/#\/schema\/logo\/image\/\"}}]}<\/script>\n<!-- \/ Yoast SEO plugin. -->","yoast_head_json":{"title":"Customized Solar Panel Kabel Stecker Fabrik Hersteller-JYIELE","description":"Hohe Qualit\u00e4t Solarpanel Kabelstecker Hersteller, Unterst\u00fctzung der Anpassung, hohe Qualit\u00e4t, Quelle Fabrik Preis, One-Stop-Service\u3002","robots":{"index":"index","follow":"follow","max-snippet":"max-snippet:-1","max-image-preview":"max-image-preview:large","max-video-preview":"max-video-preview:-1"},"canonical":"https:\/\/www.jyiele.com\/de\/product\/customized-1000vdc-15000vdc-solar-panel-cable-connectors\/","og_locale":"de_DE","og_type":"article","og_title":"Customized Solar Panel Cable Connectors Factory Manufacturer-JYIELE","og_description":"High quality solar panel cable connector manufacturers, support customization, high quality, source factory price, one-stop service\u3002","og_url":"https:\/\/www.jyiele.com\/de\/product\/customized-1000vdc-15000vdc-solar-panel-cable-connectors\/","og_site_name":"JYIELE","article_modified_time":"2025-03-09T11:43:04+00:00","og_image":[{"width":800,"height":800,"url":"https:\/\/www.jyiele.com\/wp-content\/uploads\/2024\/09\/Customized-1000VDC-15000VDC-Solar-Panel-Cable-Connectors-For-Solar-Photovoltaic-System.webp","type":"image\/webp"}],"twitter_card":"summary_large_image","twitter_misc":{"Gesch\u00e4tzte Lesezeit":"2\u00a0Minuten"},"schema":{"@context":"https:\/\/schema.org","@graph":[{"@type":"WebPage","@id":"https:\/\/www.jyiele.com\/product\/customized-1000vdc-15000vdc-solar-panel-cable-connectors\/","url":"https:\/\/www.jyiele.com\/product\/customized-1000vdc-15000vdc-solar-panel-cable-connectors\/","name":"Customized Solar Panel Kabel Stecker Fabrik Hersteller-JYIELE","isPartOf":{"@id":"https:\/\/www.jyiele.com\/#website"},"primaryImageOfPage":{"@id":"https:\/\/www.jyiele.com\/product\/customized-1000vdc-15000vdc-solar-panel-cable-connectors\/#primaryimage"},"image":{"@id":"https:\/\/www.jyiele.com\/product\/customized-1000vdc-15000vdc-solar-panel-cable-connectors\/#primaryimage"},"thumbnailUrl":"https:\/\/www.jyiele.com\/wp-content\/uploads\/2024\/09\/Customized-1000VDC-15000VDC-Solar-Panel-Cable-Connectors-For-Solar-Photovoltaic-System.webp","datePublished":"2024-11-04T07:52:01+00:00","dateModified":"2025-03-09T11:43:04+00:00","description":"Hohe Qualit\u00e4t Solarpanel Kabelstecker Hersteller, Unterst\u00fctzung der Anpassung, hohe Qualit\u00e4t, Quelle Fabrik Preis, One-Stop-Service\u3002","breadcrumb":{"@id":"https:\/\/www.jyiele.com\/product\/customized-1000vdc-15000vdc-solar-panel-cable-connectors\/#breadcrumb"},"inLanguage":"de","potentialAction":[{"@type":"ReadAction","target":["https:\/\/www.jyiele.com\/product\/customized-1000vdc-15000vdc-solar-panel-cable-connectors\/"]}]},{"@type":"ImageObject","inLanguage":"de","@id":"https:\/\/www.jyiele.com\/product\/customized-1000vdc-15000vdc-solar-panel-cable-connectors\/#primaryimage","url":"https:\/\/www.jyiele.com\/wp-content\/uploads\/2024\/09\/Customized-1000VDC-15000VDC-Solar-Panel-Cable-Connectors-For-Solar-Photovoltaic-System.webp","contentUrl":"https:\/\/www.jyiele.com\/wp-content\/uploads\/2024\/09\/Customized-1000VDC-15000VDC-Solar-Panel-Cable-Connectors-For-Solar-Photovoltaic-System.webp","width":800,"height":800,"caption":"Customized 1000VDC 15000VDC Solar Panel Cable Connectors For Solar Photovoltaic System"},{"@type":"BreadcrumbList","@id":"https:\/\/www.jyiele.com\/product\/customized-1000vdc-15000vdc-solar-panel-cable-connectors\/#breadcrumb","itemListElement":[{"@type":"ListItem","position":1,"name":"Home","item":"https:\/\/www.jyiele.com\/"},{"@type":"ListItem","position":2,"name":"Product","item":"https:\/\/www.jyiele.com\/product\/"},{"@type":"ListItem","position":3,"name":"MC4 Connector","item":"https:\/\/www.jyiele.com\/product-category\/mc4-connector\/"},{"@type":"ListItem","position":4,"name":"Customized 1000VDC 15000VDC Solar Panel Cable Connectors For Solar Photovoltaic System"}]},{"@type":"WebSite","@id":"https:\/\/www.jyiele.com\/#website","url":"https:\/\/www.jyiele.com\/","name":"JYIELE","description":"Hersteller von Vakuum-Leistungsschaltern","publisher":{"@id":"https:\/\/www.jyiele.com\/#organization"},"potentialAction":[{"@type":"SearchAction","target":{"@type":"EntryPoint","urlTemplate":"https:\/\/www.jyiele.com\/?s={search_term_string}"},"query-input":{"@type":"PropertyValueSpecification","valueRequired":true,"valueName":"search_term_string"}}],"inLanguage":"de"},{"@type":"Organization","@id":"https:\/\/www.jyiele.com\/#organization","name":"JYIELE","url":"https:\/\/www.jyiele.com\/","logo":{"@type":"ImageObject","inLanguage":"de","@id":"https:\/\/www.jyiele.com\/#\/schema\/logo\/image\/","url":"https:\/\/www.jyiele.com\/wp-content\/uploads\/2024\/09\/cropped-jyele-1.webp","contentUrl":"https:\/\/www.jyiele.com\/wp-content\/uploads\/2024\/09\/cropped-jyele-1.webp","width":137,"height":60,"caption":"JYIELE"},"image":{"@id":"https:\/\/www.jyiele.com\/#\/schema\/logo\/image\/"}}]}},"_links":{"self":[{"href":"https:\/\/www.jyiele.com\/de\/wp-json\/wp\/v2\/product\/1529","targetHints":{"allow":["GET"]}}],"collection":[{"href":"https:\/\/www.jyiele.com\/de\/wp-json\/wp\/v2\/product"}],"about":[{"href":"https:\/\/www.jyiele.com\/de\/wp-json\/wp\/v2\/types\/product"}],"version-history":[{"count":2,"href":"https:\/\/www.jyiele.com\/de\/wp-json\/wp\/v2\/product\/1529\/revisions"}],"predecessor-version":[{"id":1532,"href":"https:\/\/www.jyiele.com\/de\/wp-json\/wp\/v2\/product\/1529\/revisions\/1532"}],"wp:featuredmedia":[{"embeddable":true,"href":"https:\/\/www.jyiele.com\/de\/wp-json\/wp\/v2\/media\/1530"}],"wp:attachment":[{"href":"https:\/\/www.jyiele.com\/de\/wp-json\/wp\/v2\/media?parent=1529"}],"wp:term":[{"taxonomy":"product_brand","embeddable":true,"href":"https:\/\/www.jyiele.com\/de\/wp-json\/wp\/v2\/product_brand?post=1529"},{"taxonomy":"product_cat","embeddable":true,"href":"https:\/\/www.jyiele.com\/de\/wp-json\/wp\/v2\/product_cat?post=1529"},{"taxonomy":"product_tag","embeddable":true,"href":"https:\/\/www.jyiele.com\/de\/wp-json\/wp\/v2\/product_tag?post=1529"}],"curies":[{"name":"wp","href":"https:\/\/api.w.org\/{rel}","templated":true}]}}