{"id":1627,"date":"2023-10-01T05:58:51","date_gmt":"2023-10-01T05:58:51","guid":{"rendered":"https:\/\/www.jy-electric.com\/?post_type=product&#038;p=1627"},"modified":"2024-10-09T13:07:14","modified_gmt":"2024-10-09T13:07:14","slug":"shear-bolt-connector","status":"publish","type":"product","link":"https:\/\/www.jyiele.com\/de\/product\/shear-bolt-connector\/","title":{"rendered":"BSM-Serie Aluminium-Scherbolzenverbinder"},"content":{"rendered":"<p>Scherbolzenverbinder sind so konzipiert, dass sie die Verbindung zwischen dem Leiter und dem Ger\u00e4t optimieren. Der Scherbolzenmechanismus gew\u00e4hrleistet eine stabile und zuverl\u00e4ssige Befestigung mit h\u00f6herer Installationseffizienz und gleichm\u00e4\u00dfigem Schermoment im Vergleich zu herk\u00f6mmlichen Crimpverfahren. Der Rohrk\u00f6rper besteht aus einer verzinnten Aluminiumlegierung mit einer gerillten Innenwand, die zur Verbesserung der elektrischen und mechanischen Eigenschaften beitr\u00e4gt und den Bedarf an manueller Handhabung reduziert.<\/p>\n<p>Die hochfeste Aluminiumlegierung ist verkupfert und verzinnt, um die Leitertauglichkeit und Haltbarkeit weiter zu erh\u00f6hen.<\/p>\n<p>Drehmoment-Schrauben: Durch CNC-Bearbeitung pr\u00e4zisionsgefertigt, ist der Installationsprozess einfach und kann mit einer kleinen Anzahl von Sechskantschrauben leicht gesichert werden.<\/p>\n<h2>Komponente Beschreibung<\/h2>\n<p>Hauptk\u00f6rper: aus hochwertiger Aluminiumlegierung, durch Schmieden und Verzinnung Behandlung, die Dicke der Beschichtung ist mehr als 7\u03bcm.<br \/>\nDrehmomentschraube (Scherschraube): CNC-Drehbearbeitung, hohe Pr\u00e4zision.<br \/>\nZwischengeschaltete Prallplatte: Die Produkte werden in einen \u00f6lsperrenden und einen nicht \u00f6lsperrenden Typ unterteilt, wobei der \u00f6lsperrende Typ mit einer Prallplatte ausgestattet ist.<br \/>\nCrimpen: Ab dem Modell BSM-500\/630 entf\u00e4llt bei der Verbindungsleitung das Crimp-Design.<\/p>\n<h2>Strukturelle Merkmale<\/h2>\n<p>Breite Anwendbarkeit: Unterst\u00fctzt Leiter im Bereich von 10mm\u00b2 bis 1000mm\u00b2 und ist f\u00fcr eine Vielzahl von Leitertypen und -materialien geeignet;<br \/>\nLanglebige Konstruktion: geeignet f\u00fcr Hochspannungskabelzubeh\u00f6r bis zu 42 kV;<br \/>\nZuverl\u00e4ssige Verbindung: Die Leiter sind im Verbindungsrohr mit vorgedrehten Schrauben befestigt, um einen festen Kontakt zu gew\u00e4hrleisten;<br \/>\nEinfache Installation: Das kompakte Design erm\u00f6glicht eine einfache Installation mit einem Standard-Steckschl\u00fcssel;<br \/>\nMontageanleitung: F\u00fcr die Montage ist kein Spezialwerkzeug erforderlich, sondern nur ein gew\u00f6hnlicher Steckschl\u00fcssel. Jeder Verbinder oder Kabelschuh wird mit einer detaillierten Montageanleitung geliefert, und das Design der Doppelscherkopfschraube gew\u00e4hrleistet eine sichere und stabile Verbindung. Um ein Verbiegen der Leiter zu vermeiden, wird empfohlen, das passende St\u00fctzwerkzeug zu verwenden.<\/p>\n<h4 class=\"wp-block-heading\"><strong>Parametertabelle f\u00fcr Scherbolzenverbinder<\/strong><\/h4>\n<figure class=\"wp-block-image size-full is-resized\"><img fetchpriority=\"high\" decoding=\"async\" class=\"alignnone wp-image-1634 size-full\" src=\"https:\/\/www.jy-electric.com\/wp-content\/uploads\/2024\/10\/Shear-Bolt-Connector-Parameter-Table.webp\" alt=\"Parametertabelle f\u00fcr Scherbolzenverbinder\" width=\"660\" height=\"254\" srcset=\"https:\/\/www.jyiele.com\/wp-content\/uploads\/2024\/10\/Shear-Bolt-Connector-Parameter-Table.webp 660w, https:\/\/www.jyiele.com\/wp-content\/uploads\/2024\/10\/Shear-Bolt-Connector-Parameter-Table-300x115.webp 300w, https:\/\/www.jyiele.com\/wp-content\/uploads\/2024\/10\/Shear-Bolt-Connector-Parameter-Table-18x7.webp 18w, https:\/\/www.jyiele.com\/wp-content\/uploads\/2024\/10\/Shear-Bolt-Connector-Parameter-Table-600x231.webp 600w\" sizes=\"(max-width: 660px) 100vw, 660px\" \/><\/figure>\n<figure class=\"wp-block-table\">\n<div class=\"scroll\">\n<table>\n<tbody>\n<tr>\n<td rowspan=\"2\">TYP<\/td>\n<td rowspan=\"2\">Drahtkreuz<br \/>\nQuerschnitt mm\u00b2<\/td>\n<td rowspan=\"2\">Mit zentraler<br \/>\nBarriere<br \/>\n(ja\/nein)<\/td>\n<td colspan=\"4\">Abmessung(mm)<\/td>\n<td rowspan=\"2\">Anzahl der<br \/>\nSchraube<\/td>\n<td>Schraubenkopf<br \/>\nSpezifikationen<\/td>\n<\/tr>\n<tr>\n<td>L1<\/td>\n<td>D2<\/td>\n<td>D1<\/td>\n<td>D2<\/td>\n<td>AF(mm)<\/td>\n<\/tr>\n<tr>\n<td>BSM-10\/35<\/td>\n<td>10-35<\/td>\n<td>Ja<\/td>\n<td>45<\/td>\n<td>20<\/td>\n<td>19<\/td>\n<td>8.5<\/td>\n<td>2<\/td>\n<td>10<\/td>\n<\/tr>\n<tr>\n<td>BSM-25\/95<\/td>\n<td>25-95<\/td>\n<td>Ja<\/td>\n<td>65<\/td>\n<td>30<\/td>\n<td>24<\/td>\n<td>12.8<\/td>\n<td>2<\/td>\n<td>13<\/td>\n<\/tr>\n<tr>\n<td>BSMU-25\/95<\/td>\n<td>25-95<\/td>\n<td>keine<\/td>\n<td>65<\/td>\n<td><\/td>\n<td>24<\/td>\n<td>12.8<\/td>\n<td>2<\/td>\n<td>13<\/td>\n<\/tr>\n<tr>\n<td>BSM-35\/150<\/td>\n<td>35-150<\/td>\n<td>Ja<\/td>\n<td>80<\/td>\n<td>35<\/td>\n<td>28<\/td>\n<td>15.8<\/td>\n<td>2<\/td>\n<td>17<\/td>\n<\/tr>\n<tr>\n<td>BSMU-35\/150<\/td>\n<td>35-150<\/td>\n<td>keine<\/td>\n<td>80<\/td>\n<td><\/td>\n<td>28<\/td>\n<td>15.8<\/td>\n<td>2<\/td>\n<td>17<\/td>\n<\/tr>\n<tr>\n<td>BSM-95\/240<\/td>\n<td>95-240<\/td>\n<td>Ja<\/td>\n<td>125<\/td>\n<td>60<\/td>\n<td>33<\/td>\n<td>20<\/td>\n<td>4<\/td>\n<td>19<\/td>\n<\/tr>\n<tr>\n<td>BSMU-95\/240<\/td>\n<td>95-240<\/td>\n<td>keine<\/td>\n<td>125<\/td>\n<td><\/td>\n<td>33<\/td>\n<td>20<\/td>\n<td>4<\/td>\n<td>19<\/td>\n<\/tr>\n<tr>\n<td>BSM-95\/240-34<\/td>\n<td>95-240<\/td>\n<td>Ja<\/td>\n<td>125<\/td>\n<td>60<\/td>\n<td>34<\/td>\n<td>22<\/td>\n<td>4<\/td>\n<td>19<\/td>\n<\/tr>\n<tr>\n<td>BSM-120\/300<\/td>\n<td>120-300<\/td>\n<td>Ja<\/td>\n<td>140<\/td>\n<td>65<\/td>\n<td>37<\/td>\n<td>24<\/td>\n<td>4<\/td>\n<td>22<\/td>\n<\/tr>\n<tr>\n<td>BSMU-120\/300<\/td>\n<td>120-300<\/td>\n<td>keine<\/td>\n<td>140<\/td>\n<td><\/td>\n<td>37<\/td>\n<td>24<\/td>\n<td>4<\/td>\n<td>22<\/td>\n<\/tr>\n<tr>\n<td>BSM-185\/400<\/td>\n<td>185-400<\/td>\n<td>Ja<\/td>\n<td>170<\/td>\n<td>80<\/td>\n<td>42<\/td>\n<td>25.5<\/td>\n<td>6<\/td>\n<td>22<\/td>\n<\/tr>\n<tr>\n<td>BSMU-185\/400<\/td>\n<td>185-400<\/td>\n<td>keine<\/td>\n<td>170<\/td>\n<td><\/td>\n<td>42<\/td>\n<td>25.5<\/td>\n<td>6<\/td>\n<td>22<\/td>\n<\/tr>\n<tr>\n<td>BSM-500\/630<\/td>\n<td>500-630<\/td>\n<td>Ja<\/td>\n<td>200<\/td>\n<td>95<\/td>\n<td>50<\/td>\n<td>33<\/td>\n<td>6<\/td>\n<td>27<\/td>\n<\/tr>\n<tr>\n<td>BSMU-500\/630<\/td>\n<td>500-630<\/td>\n<td>keine<\/td>\n<td>200<\/td>\n<td>95<\/td>\n<td>50<\/td>\n<td>33<\/td>\n<td>6<\/td>\n<td>27<\/td>\n<\/tr>\n<tr>\n<td>BSM-800\/1000<\/td>\n<td>800-1000<\/td>\n<td>Ja<\/td>\n<td>230<\/td>\n<td>110<\/td>\n<td>60<\/td>\n<td>40.5<\/td>\n<td>8<\/td>\n<td>13<\/td>\n<\/tr>\n<\/tbody>\n<\/table>\n<\/div>\n<\/figure>\n<figure class=\"wp-block-image size-full is-resized\"><img decoding=\"async\" class=\"alignnone wp-image-1635 size-full\" src=\"https:\/\/www.jy-electric.com\/wp-content\/uploads\/2024\/10\/Shear-Bolt-Connector-Parameter.webp\" alt=\"Scherschraubenverbinder Parameter\" width=\"923\" height=\"321\" srcset=\"https:\/\/www.jyiele.com\/wp-content\/uploads\/2024\/10\/Shear-Bolt-Connector-Parameter.webp 923w, https:\/\/www.jyiele.com\/wp-content\/uploads\/2024\/10\/Shear-Bolt-Connector-Parameter-300x104.webp 300w, https:\/\/www.jyiele.com\/wp-content\/uploads\/2024\/10\/Shear-Bolt-Connector-Parameter-768x267.webp 768w, https:\/\/www.jyiele.com\/wp-content\/uploads\/2024\/10\/Shear-Bolt-Connector-Parameter-18x6.webp 18w, https:\/\/www.jyiele.com\/wp-content\/uploads\/2024\/10\/Shear-Bolt-Connector-Parameter-600x209.webp 600w\" sizes=\"(max-width: 923px) 100vw, 923px\" \/><\/figure>\n<figure class=\"wp-block-table\">\n<div class=\"scroll\">\n<table>\n<tbody>\n<tr>\n<td rowspan=\"2\">TYP<\/td>\n<td colspan=\"2\">Querschnitt des Leiters<br \/>\nFl\u00e4che mm?<\/td>\n<td rowspan=\"2\">Mit zentraler<br \/>\nBarriere<br \/>\n(ja\/nein)<\/td>\n<td colspan=\"5\">Gr\u00f6\u00dfe (mm)<\/td>\n<td colspan=\"2\">Anzahl der Bolzen<\/td>\n<td colspan=\"2\">Spezifikation des Schraubenkopfes<br \/>\nAF(mm )<\/td>\n<\/tr>\n<tr>\n<td>Hauptlinie<\/td>\n<td>Nebenbahn<\/td>\n<td>\u00a0\u00a0\u00a0L<\/td>\n<td>D1<\/td>\n<td>D2<\/td>\n<td>D3<\/td>\n<td>D4<\/td>\n<td>Hauptlinie<\/td>\n<td>Zweigstelle<br \/>\nZeile<\/td>\n<td>Hauptlinie<\/td>\n<td>Zweigstelle<br \/>\nZeile<\/td>\n<\/tr>\n<tr>\n<td>BSMB 25\/95-95\/240<\/td>\n<td>95-240<\/td>\n<td>25-95<\/td>\n<td>Ja<\/td>\n<td>125<\/td>\n<td>24<\/td>\n<td>33<\/td>\n<td>33<\/td>\n<td>20<\/td>\n<td>2<\/td>\n<td>1<\/td>\n<td>19<\/td>\n<td>13<\/td>\n<\/tr>\n<tr>\n<td>BSMB 95\/240-185\/400<\/td>\n<td>185-400<\/td>\n<td>95-240<\/td>\n<td>Ja<\/td>\n<td>170<\/td>\n<td>33<\/td>\n<td>42<\/td>\n<td>42<\/td>\n<td>25.5<\/td>\n<td>3<\/td>\n<td>2<\/td>\n<td>22<\/td>\n<td>19<\/td>\n<\/tr>\n<tr>\n<td>BSMB 185\/400-500<\/td>\n<td>500<\/td>\n<td>185-400<\/td>\n<td>Ja<\/td>\n<td>190<\/td>\n<td>42<\/td>\n<td>25.5<\/td>\n<td>46<\/td>\n<td>30<\/td>\n<td>3<\/td>\n<td>3<\/td>\n<td>27<\/td>\n<td>22<\/td>\n<\/tr>\n<tr>\n<td>BSMB 185\/400-630<\/td>\n<td>630<\/td>\n<td>185-400<\/td>\n<td>Ja<\/td>\n<td>200<\/td>\n<td>42<\/td>\n<td>50<\/td>\n<td>50<\/td>\n<td>33<\/td>\n<td>3<\/td>\n<td>3<\/td>\n<td>27<\/td>\n<td>22<\/td>\n<\/tr>\n<tr>\n<td>BSMB 500-800<\/td>\n<td>800<\/td>\n<td>500<\/td>\n<td>Ja<\/td>\n<td>180<\/td>\n<td>46<\/td>\n<td>56<\/td>\n<td>56<\/td>\n<td>36<\/td>\n<td>4<\/td>\n<td>3<\/td>\n<td>13<\/td>\n<td>13<\/td>\n<\/tr>\n<tr>\n<td>BSMB 630-800<\/td>\n<td>800<\/td>\n<td>630<\/td>\n<td>Ja<\/td>\n<td>180<\/td>\n<td>50<\/td>\n<td>56<\/td>\n<td>56<\/td>\n<td>36<\/td>\n<td>4<\/td>\n<td>3<\/td>\n<td>13<\/td>\n<td>13<\/td>\n<\/tr>\n<tr>\n<td>BSMB 630-1000<\/td>\n<td>1000<\/td>\n<td>630<\/td>\n<td>Ja<\/td>\n<td>180<\/td>\n<td>50<\/td>\n<td>60<\/td>\n<td>60<\/td>\n<td>40<\/td>\n<td>4<\/td>\n<td>3<\/td>\n<td>13<\/td>\n<td>13<\/td>\n<\/tr>\n<tr>\n<td>BSMB 800-1000<\/td>\n<td>1000<\/td>\n<td>800<\/td>\n<td>Ja<\/td>\n<td>180<\/td>\n<td>56<\/td>\n<td>60<\/td>\n<td>60<\/td>\n<td>40<\/td>\n<td>4<\/td>\n<td>3<\/td>\n<td>13<\/td>\n<td>13<\/td>\n<\/tr>\n<tr>\n<td>BSMB 95\/240-34-120\/300<\/td>\n<td>120-300<\/td>\n<td>95-240<\/td>\n<td>Ja<\/td>\n<td>140<\/td>\n<td>34<\/td>\n<td>22<\/td>\n<td>37<\/td>\n<td>24<\/td>\n<td>2<\/td>\n<td>2<\/td>\n<td>22<\/td>\n<td>19<\/td>\n<\/tr>\n<tr>\n<td>BSMB 95\/240-34-500<\/td>\n<td>500<\/td>\n<td>95-240<\/td>\n<td>Ja<\/td>\n<td>160<\/td>\n<td>34<\/td>\n<td>22<\/td>\n<td>46<\/td>\n<td>30<\/td>\n<td>3<\/td>\n<td>2<\/td>\n<td>19<\/td>\n<td>13<\/td>\n<\/tr>\n<\/tbody>\n<\/table>\n<\/div>\n<\/figure>\n<h4 class=\"wp-block-heading\"><strong>Richtiges Schneiden von Kabeln<\/strong><\/h4>\n<p>Achten Sie bei der Installation des Splei\u00dfverbinders darauf, dass der Draht vollst\u00e4ndig in das Rohrloch eingef\u00fchrt wird: Es darf kein Spalt zwischen dem Kabel und dem Splei\u00dfverbinder vorhanden sein.<\/p>\n<figure class=\"wp-block-gallery has-nested-images columns-default is-cropped wp-block-gallery-1 is-layout-flex wp-block-gallery-is-layout-flex\">\n<figure class=\"wp-block-image size-large\"><img decoding=\"async\" class=\"alignnone wp-image-1631 size-full\" src=\"https:\/\/www.jy-electric.com\/wp-content\/uploads\/2024\/10\/installing-splice-connector.webp\" alt=\"Installation des Splei\u00dfverbinders\" width=\"1024\" height=\"191\" srcset=\"https:\/\/www.jyiele.com\/wp-content\/uploads\/2024\/10\/installing-splice-connector.webp 1024w, https:\/\/www.jyiele.com\/wp-content\/uploads\/2024\/10\/installing-splice-connector-300x56.webp 300w, https:\/\/www.jyiele.com\/wp-content\/uploads\/2024\/10\/installing-splice-connector-768x143.webp 768w, https:\/\/www.jyiele.com\/wp-content\/uploads\/2024\/10\/installing-splice-connector-18x3.webp 18w, https:\/\/www.jyiele.com\/wp-content\/uploads\/2024\/10\/installing-splice-connector-600x112.webp 600w\" sizes=\"(max-width: 1024px) 100vw, 1024px\" \/><\/figure>\n<\/figure>","protected":false},"excerpt":{"rendered":"<p>BSM-Scherbolzenverbinder bestehen aus einem K\u00f6rper aus verzinnter Aluminiumlegierung, einem Scherbolzenkopf und einem Einsatz und eignen sich f\u00fcr den Anschluss von Leitern kleiner Gr\u00f6\u00dfe. Die Bolzen bestehen aus einer hochfesten Spezialaluminiumlegierung mit Doppelschere und Sechskantkopf und sind geschmiert, um eine reibungslose Installation zu gew\u00e4hrleisten. Der Schraubenkopf schert bei Erreichen des eingestellten Drehmoments automatisch ab, so dass er nicht demontiert werden kann, was die Sicherheit erh\u00f6ht. Der K\u00f6rper des Kabelschuhs besteht ebenfalls aus einer verzinnten Aluminiumlegierung mit Rillen an der Innenseite der Leiterl\u00f6cher f\u00fcr eine verbesserte Kontaktstabilit\u00e4t.<\/p>","protected":false},"featured_media":1630,"template":"","meta":{"site-sidebar-layout":"default","site-content-layout":"","ast-site-content-layout":"default","site-content-style":"default","site-sidebar-style":"default","ast-global-header-display":"","ast-banner-title-visibility":"","ast-main-header-display":"","ast-hfb-above-header-display":"","ast-hfb-below-header-display":"","ast-hfb-mobile-header-display":"","site-post-title":"","ast-breadcrumbs-content":"","ast-featured-img":"","footer-sml-layout":"","ast-disable-related-posts":"","theme-transparent-header-meta":"default","adv-header-id-meta":"","stick-header-meta":"","header-above-stick-meta":"","header-main-stick-meta":"","header-below-stick-meta":"","astra-migrate-meta-layouts":"set","ast-page-background-enabled":"default","ast-page-background-meta":{"desktop":{"background-color":"var(--ast-global-color-4)","background-image":"","background-repeat":"repeat","background-position":"center center","background-size":"auto","background-attachment":"scroll","background-type":"","background-media":"","overlay-type":"","overlay-color":"","overlay-opacity":"","overlay-gradient":""},"tablet":{"background-color":"","background-image":"","background-repeat":"repeat","background-position":"center center","background-size":"auto","background-attachment":"scroll","background-type":"","background-media":"","overlay-type":"","overlay-color":"","overlay-opacity":"","overlay-gradient":""},"mobile":{"background-color":"","background-image":"","background-repeat":"repeat","background-position":"center center","background-size":"auto","background-attachment":"scroll","background-type":"","background-media":"","overlay-type":"","overlay-color":"","overlay-opacity":"","overlay-gradient":""}},"ast-content-background-meta":{"desktop":{"background-color":"var(--ast-global-color-5)","background-image":"","background-repeat":"repeat","background-position":"center center","background-size":"auto","background-attachment":"scroll","background-type":"","background-media":"","overlay-type":"","overlay-color":"","overlay-opacity":"","overlay-gradient":""},"tablet":{"background-color":"var(--ast-global-color-5)","background-image":"","background-repeat":"repeat","background-position":"center center","background-size":"auto","background-attachment":"scroll","background-type":"","background-media":"","overlay-type":"","overlay-color":"","overlay-opacity":"","overlay-gradient":""},"mobile":{"background-color":"var(--ast-global-color-5)","background-image":"","background-repeat":"repeat","background-position":"center center","background-size":"auto","background-attachment":"scroll","background-type":"","background-media":"","overlay-type":"","overlay-color":"","overlay-opacity":"","overlay-gradient":""}}},"product_brand":[],"product_cat":[21],"product_tag":[],"class_list":{"0":"post-1627","1":"product","2":"type-product","3":"status-publish","4":"has-post-thumbnail","6":"product_cat-power-fittings","7":"desktop-align-left","8":"tablet-align-left","9":"mobile-align-left","11":"first","12":"instock","13":"shipping-taxable","14":"product-type-simple"},"yoast_head":"<!-- This site is optimized with the Yoast SEO plugin v24.8.1 - https:\/\/yoast.com\/wordpress\/plugins\/seo\/ -->\n<title>China Aluminum Shear Bolt Connector Manufacturers &amp; Suppliers - JYIELE<\/title>\n<meta name=\"description\" content=\"JYIELE&#039;s shear stud connectors are made of high-strength tinned aluminum alloy to ensure stable electrical performance, easy and efficient installation, and are suitable for a wide range of wire sizes.\" \/>\n<meta name=\"robots\" content=\"index, follow, max-snippet:-1, max-image-preview:large, max-video-preview:-1\" \/>\n<link rel=\"canonical\" href=\"https:\/\/www.jyiele.com\/de\/product\/shear-bolt-connector\/\" \/>\n<meta property=\"og:locale\" content=\"de_DE\" \/>\n<meta property=\"og:type\" content=\"article\" \/>\n<meta property=\"og:title\" content=\"China Aluminum Shear Bolt Connector Manufacturers &amp; Suppliers - JYIELE\" \/>\n<meta property=\"og:description\" content=\"JYIELE&#039;s shear stud connectors are made of high-strength tinned aluminum alloy to ensure stable electrical performance, easy and efficient installation, and are suitable for a wide range of wire sizes.\" \/>\n<meta property=\"og:url\" content=\"https:\/\/www.jyiele.com\/de\/product\/shear-bolt-connector\/\" \/>\n<meta property=\"og:site_name\" content=\"JYIELE\" \/>\n<meta property=\"article:modified_time\" content=\"2024-10-09T13:07:14+00:00\" \/>\n<meta property=\"og:image\" content=\"https:\/\/www.jyiele.com\/wp-content\/uploads\/2024\/10\/Aluminum-Shear-Bolt-Connector.webp\" \/>\n\t<meta property=\"og:image:width\" content=\"800\" \/>\n\t<meta property=\"og:image:height\" content=\"800\" \/>\n\t<meta property=\"og:image:type\" content=\"image\/webp\" \/>\n<meta name=\"twitter:card\" content=\"summary_large_image\" \/>\n<meta name=\"twitter:label1\" content=\"Gesch\u00e4tzte Lesezeit\" \/>\n\t<meta name=\"twitter:data1\" content=\"4\u00a0Minuten\" \/>\n<script type=\"application\/ld+json\" class=\"yoast-schema-graph\">{\"@context\":\"https:\/\/schema.org\",\"@graph\":[{\"@type\":\"WebPage\",\"@id\":\"https:\/\/www.jyiele.com\/product\/shear-bolt-connector\/\",\"url\":\"https:\/\/www.jyiele.com\/product\/shear-bolt-connector\/\",\"name\":\"China Aluminum Shear Bolt Connector Manufacturers & Suppliers - JYIELE\",\"isPartOf\":{\"@id\":\"https:\/\/www.jyiele.com\/#website\"},\"primaryImageOfPage\":{\"@id\":\"https:\/\/www.jyiele.com\/product\/shear-bolt-connector\/#primaryimage\"},\"image\":{\"@id\":\"https:\/\/www.jyiele.com\/product\/shear-bolt-connector\/#primaryimage\"},\"thumbnailUrl\":\"https:\/\/www.jyiele.com\/wp-content\/uploads\/2024\/10\/Aluminum-Shear-Bolt-Connector.webp\",\"datePublished\":\"2023-10-01T05:58:51+00:00\",\"dateModified\":\"2024-10-09T13:07:14+00:00\",\"description\":\"JYIELE's shear stud connectors are made of high-strength tinned aluminum alloy to ensure stable electrical performance, easy and efficient installation, and are suitable for a wide range of wire sizes.\",\"breadcrumb\":{\"@id\":\"https:\/\/www.jyiele.com\/product\/shear-bolt-connector\/#breadcrumb\"},\"inLanguage\":\"de\",\"potentialAction\":[{\"@type\":\"ReadAction\",\"target\":[\"https:\/\/www.jyiele.com\/product\/shear-bolt-connector\/\"]}]},{\"@type\":\"ImageObject\",\"inLanguage\":\"de\",\"@id\":\"https:\/\/www.jyiele.com\/product\/shear-bolt-connector\/#primaryimage\",\"url\":\"https:\/\/www.jyiele.com\/wp-content\/uploads\/2024\/10\/Aluminum-Shear-Bolt-Connector.webp\",\"contentUrl\":\"https:\/\/www.jyiele.com\/wp-content\/uploads\/2024\/10\/Aluminum-Shear-Bolt-Connector.webp\",\"width\":800,\"height\":800,\"caption\":\"Aluminum Shear Bolt Connector\"},{\"@type\":\"BreadcrumbList\",\"@id\":\"https:\/\/www.jyiele.com\/product\/shear-bolt-connector\/#breadcrumb\",\"itemListElement\":[{\"@type\":\"ListItem\",\"position\":1,\"name\":\"Home\",\"item\":\"https:\/\/www.jyiele.com\/\"},{\"@type\":\"ListItem\",\"position\":2,\"name\":\"Product\",\"item\":\"https:\/\/www.jyiele.com\/product\/\"},{\"@type\":\"ListItem\",\"position\":3,\"name\":\"Power Fittings\",\"item\":\"https:\/\/www.jyiele.com\/product-category\/power-fittings\/\"},{\"@type\":\"ListItem\",\"position\":4,\"name\":\"BSM Series Aluminum Shear Bolt Connector\"}]},{\"@type\":\"WebSite\",\"@id\":\"https:\/\/www.jyiele.com\/#website\",\"url\":\"https:\/\/www.jyiele.com\/\",\"name\":\"JYIELE\",\"description\":\"Vacuum Circuit Breaker manufacturer\",\"publisher\":{\"@id\":\"https:\/\/www.jyiele.com\/#organization\"},\"potentialAction\":[{\"@type\":\"SearchAction\",\"target\":{\"@type\":\"EntryPoint\",\"urlTemplate\":\"https:\/\/www.jyiele.com\/?s={search_term_string}\"},\"query-input\":{\"@type\":\"PropertyValueSpecification\",\"valueRequired\":true,\"valueName\":\"search_term_string\"}}],\"inLanguage\":\"de\"},{\"@type\":\"Organization\",\"@id\":\"https:\/\/www.jyiele.com\/#organization\",\"name\":\"JYIELE\",\"url\":\"https:\/\/www.jyiele.com\/\",\"logo\":{\"@type\":\"ImageObject\",\"inLanguage\":\"de\",\"@id\":\"https:\/\/www.jyiele.com\/#\/schema\/logo\/image\/\",\"url\":\"https:\/\/www.jyiele.com\/wp-content\/uploads\/2024\/09\/cropped-jyele-1.webp\",\"contentUrl\":\"https:\/\/www.jyiele.com\/wp-content\/uploads\/2024\/09\/cropped-jyele-1.webp\",\"width\":137,\"height\":60,\"caption\":\"JYIELE\"},\"image\":{\"@id\":\"https:\/\/www.jyiele.com\/#\/schema\/logo\/image\/\"}}]}<\/script>\n<!-- \/ Yoast SEO plugin. -->","yoast_head_json":{"title":"China Aluminium Scherbolzen Verbinder Hersteller &amp; Lieferanten - JYIELE","description":"JYIELEs Scherstiftleisten werden aus einer hochfesten, verzinnten Aluminiumlegierung hergestellt, um eine stabile elektrische Leistung sowie eine einfache und effiziente Installation zu gew\u00e4hrleisten, und sind f\u00fcr eine Vielzahl von Kabelgr\u00f6\u00dfen geeignet.","robots":{"index":"index","follow":"follow","max-snippet":"max-snippet:-1","max-image-preview":"max-image-preview:large","max-video-preview":"max-video-preview:-1"},"canonical":"https:\/\/www.jyiele.com\/de\/product\/shear-bolt-connector\/","og_locale":"de_DE","og_type":"article","og_title":"China Aluminum Shear Bolt Connector Manufacturers & Suppliers - JYIELE","og_description":"JYIELE's shear stud connectors are made of high-strength tinned aluminum alloy to ensure stable electrical performance, easy and efficient installation, and are suitable for a wide range of wire sizes.","og_url":"https:\/\/www.jyiele.com\/de\/product\/shear-bolt-connector\/","og_site_name":"JYIELE","article_modified_time":"2024-10-09T13:07:14+00:00","og_image":[{"width":800,"height":800,"url":"https:\/\/www.jyiele.com\/wp-content\/uploads\/2024\/10\/Aluminum-Shear-Bolt-Connector.webp","type":"image\/webp"}],"twitter_card":"summary_large_image","twitter_misc":{"Gesch\u00e4tzte Lesezeit":"4\u00a0Minuten"},"schema":{"@context":"https:\/\/schema.org","@graph":[{"@type":"WebPage","@id":"https:\/\/www.jyiele.com\/product\/shear-bolt-connector\/","url":"https:\/\/www.jyiele.com\/product\/shear-bolt-connector\/","name":"China Aluminium Scherbolzen Verbinder Hersteller &amp; Lieferanten - JYIELE","isPartOf":{"@id":"https:\/\/www.jyiele.com\/#website"},"primaryImageOfPage":{"@id":"https:\/\/www.jyiele.com\/product\/shear-bolt-connector\/#primaryimage"},"image":{"@id":"https:\/\/www.jyiele.com\/product\/shear-bolt-connector\/#primaryimage"},"thumbnailUrl":"https:\/\/www.jyiele.com\/wp-content\/uploads\/2024\/10\/Aluminum-Shear-Bolt-Connector.webp","datePublished":"2023-10-01T05:58:51+00:00","dateModified":"2024-10-09T13:07:14+00:00","description":"JYIELEs Scherstiftleisten werden aus einer hochfesten, verzinnten Aluminiumlegierung hergestellt, um eine stabile elektrische Leistung sowie eine einfache und effiziente Installation zu gew\u00e4hrleisten, und sind f\u00fcr eine Vielzahl von Kabelgr\u00f6\u00dfen geeignet.","breadcrumb":{"@id":"https:\/\/www.jyiele.com\/product\/shear-bolt-connector\/#breadcrumb"},"inLanguage":"de","potentialAction":[{"@type":"ReadAction","target":["https:\/\/www.jyiele.com\/product\/shear-bolt-connector\/"]}]},{"@type":"ImageObject","inLanguage":"de","@id":"https:\/\/www.jyiele.com\/product\/shear-bolt-connector\/#primaryimage","url":"https:\/\/www.jyiele.com\/wp-content\/uploads\/2024\/10\/Aluminum-Shear-Bolt-Connector.webp","contentUrl":"https:\/\/www.jyiele.com\/wp-content\/uploads\/2024\/10\/Aluminum-Shear-Bolt-Connector.webp","width":800,"height":800,"caption":"Aluminum Shear Bolt Connector"},{"@type":"BreadcrumbList","@id":"https:\/\/www.jyiele.com\/product\/shear-bolt-connector\/#breadcrumb","itemListElement":[{"@type":"ListItem","position":1,"name":"Home","item":"https:\/\/www.jyiele.com\/"},{"@type":"ListItem","position":2,"name":"Product","item":"https:\/\/www.jyiele.com\/product\/"},{"@type":"ListItem","position":3,"name":"Power Fittings","item":"https:\/\/www.jyiele.com\/product-category\/power-fittings\/"},{"@type":"ListItem","position":4,"name":"BSM Series Aluminum Shear Bolt Connector"}]},{"@type":"WebSite","@id":"https:\/\/www.jyiele.com\/#website","url":"https:\/\/www.jyiele.com\/","name":"JYIELE","description":"Hersteller von Vakuum-Leistungsschaltern","publisher":{"@id":"https:\/\/www.jyiele.com\/#organization"},"potentialAction":[{"@type":"SearchAction","target":{"@type":"EntryPoint","urlTemplate":"https:\/\/www.jyiele.com\/?s={search_term_string}"},"query-input":{"@type":"PropertyValueSpecification","valueRequired":true,"valueName":"search_term_string"}}],"inLanguage":"de"},{"@type":"Organization","@id":"https:\/\/www.jyiele.com\/#organization","name":"JYIELE","url":"https:\/\/www.jyiele.com\/","logo":{"@type":"ImageObject","inLanguage":"de","@id":"https:\/\/www.jyiele.com\/#\/schema\/logo\/image\/","url":"https:\/\/www.jyiele.com\/wp-content\/uploads\/2024\/09\/cropped-jyele-1.webp","contentUrl":"https:\/\/www.jyiele.com\/wp-content\/uploads\/2024\/09\/cropped-jyele-1.webp","width":137,"height":60,"caption":"JYIELE"},"image":{"@id":"https:\/\/www.jyiele.com\/#\/schema\/logo\/image\/"}}]}},"_links":{"self":[{"href":"https:\/\/www.jyiele.com\/de\/wp-json\/wp\/v2\/product\/1627","targetHints":{"allow":["GET"]}}],"collection":[{"href":"https:\/\/www.jyiele.com\/de\/wp-json\/wp\/v2\/product"}],"about":[{"href":"https:\/\/www.jyiele.com\/de\/wp-json\/wp\/v2\/types\/product"}],"version-history":[{"count":3,"href":"https:\/\/www.jyiele.com\/de\/wp-json\/wp\/v2\/product\/1627\/revisions"}],"predecessor-version":[{"id":1629,"href":"https:\/\/www.jyiele.com\/de\/wp-json\/wp\/v2\/product\/1627\/revisions\/1629"}],"wp:featuredmedia":[{"embeddable":true,"href":"https:\/\/www.jyiele.com\/de\/wp-json\/wp\/v2\/media\/1630"}],"wp:attachment":[{"href":"https:\/\/www.jyiele.com\/de\/wp-json\/wp\/v2\/media?parent=1627"}],"wp:term":[{"taxonomy":"product_brand","embeddable":true,"href":"https:\/\/www.jyiele.com\/de\/wp-json\/wp\/v2\/product_brand?post=1627"},{"taxonomy":"product_cat","embeddable":true,"href":"https:\/\/www.jyiele.com\/de\/wp-json\/wp\/v2\/product_cat?post=1627"},{"taxonomy":"product_tag","embeddable":true,"href":"https:\/\/www.jyiele.com\/de\/wp-json\/wp\/v2\/product_tag?post=1627"}],"curies":[{"name":"wp","href":"https:\/\/api.w.org\/{rel}","templated":true}]}}