{"id":1654,"date":"2024-11-03T08:03:27","date_gmt":"2024-11-03T08:03:27","guid":{"rendered":"https:\/\/www.jy-electric.com\/?post_type=product&#038;p=1654"},"modified":"2025-03-09T11:43:21","modified_gmt":"2025-03-09T11:43:21","slug":"mc4-branch-connector","status":"publish","type":"product","link":"https:\/\/www.jyiele.com\/de\/product\/mc4-branch-connector\/","title":{"rendered":"Mc4 Branch Connector Ein Paar m\u00e4nnlich weiblich 1000V 1500V DC 50Amp ein in vier out Solarsystem wasserdicht"},"content":{"rendered":"<h2>Mc4 Branch Circuit Connector Produktbeschreibung<\/h2>\n<p><strong>Hochwertiges PPO-Material<\/strong><br \/>\nDie Verwendung von haltbarem PPO-Material, das sich durch Strahlungsbest\u00e4ndigkeit, niedrige und hohe Temperaturen, Schlagfestigkeit, Flammschutz und hervorragende Wasserdichtigkeit auszeichnet, eignet sich f\u00fcr eine Vielzahl von rauen Umgebungen.<\/p>\n<p><strong>T2 Kupferleiter<\/strong><br \/>\nAusgestattet mit U-Typ oder O-Typ optional offenen Kupferleiter, Kupfer-Zinn oder Kupfer-Silber-Behandlung, mit ausgezeichneter Verschlei\u00dffestigkeit, Korrosionsbest\u00e4ndigkeit, Oxidationsbest\u00e4ndigkeit, geringer Widerstand und starke Leitf\u00e4higkeit.<\/p>\n<p><strong>Hochfester wasserdichter Ring<\/strong><br \/>\nDie Verwendung von hochfesten wasserdichten Ring mit Silikon eingebettet, um sicherzustellen, wasserdicht und staubdicht, um IP68 Schutzniveau zu erreichen, um sicherzustellen, dass der Stecker noch sicher unter widrigen Bedingungen betrieben werden kann.<\/p>\n<p><strong>Selbstverriegelnde Struktur<\/strong><br \/>\nDie Stecker und Buchsen verf\u00fcgen \u00fcber eine stabile, selbstverriegelnde Struktur, die f\u00fcr eine feste Verbindung sorgt und sich leicht \u00f6ffnen und schlie\u00dfen l\u00e4sst, was eine einfache Installation und Demontage gew\u00e4hrleistet.<\/p>\n<p><strong>Integrierte wasserdichte Struktur<\/strong><br \/>\nEinfacher struktureller Aufbau, bessere Wasserdichtigkeit, einfache und schnelle Montage.<\/p>\n<h2>Produkt-Parameter<\/h2>\n<figure class=\"wp-block-table\">\n<div class=\"scroll\">\n<table>\n<tbody>\n<tr>\n<td>Laufende Nr.<\/td>\n<td>Parameter<\/td>\n<td>Parameter<\/td>\n<\/tr>\n<tr>\n<td>1<\/td>\n<td>Typ<\/td>\n<td>Solar-Sicherungsstecker<\/td>\n<\/tr>\n<tr>\n<td>2<\/td>\n<td>Nennspannung<\/td>\n<td>1000V \/ 1500V DC<\/td>\n<\/tr>\n<tr>\n<td>3<\/td>\n<td>Nennstrom<\/td>\n<td>2A-45A<\/td>\n<\/tr>\n<tr>\n<td>4<\/td>\n<td>Pr\u00fcfspannung<\/td>\n<td>8000V(50Hz,1min)<\/td>\n<\/tr>\n<tr>\n<td>5<\/td>\n<td>Temperaturbereich<\/td>\n<td>-40\u00b0C ...+90\u00b0C<\/td>\n<\/tr>\n<tr>\n<td>6<\/td>\n<td>Obere Grenztemperatur<\/td>\n<td>+105\u00b0C<\/td>\n<\/tr>\n<tr>\n<td>7<\/td>\n<td>Schutzgrad<\/td>\n<td>IP2X\/ IP68<\/td>\n<\/tr>\n<tr>\n<td>8<\/td>\n<td>Durchgangswiderstand von Steckverbindern<\/td>\n<td>0.5m\u03a9<\/td>\n<\/tr>\n<tr>\n<td>9<\/td>\n<td>Sicherheitsklasse<\/td>\n<td>\u2161<\/td>\n<\/tr>\n<tr>\n<td>10<\/td>\n<td>Kontaktmaterial<\/td>\n<td>Kupfer, verzinnt<\/td>\n<\/tr>\n<tr>\n<td>11<\/td>\n<td>Isoliermaterial<\/td>\n<td>PPO<\/td>\n<\/tr>\n<tr>\n<td>12<\/td>\n<td>R\u00fcckzugskraft\/Einsteckkraft<\/td>\n<td>\u226550N\/\u226450N<\/td>\n<\/tr>\n<tr>\n<td>13<\/td>\n<td>Verschlusssystem<\/td>\n<td>Einrastbar<\/td>\n<\/tr>\n<tr>\n<td>14<\/td>\n<td>Klasse Flamme<\/td>\n<td>UL-94-V0<\/td>\n<\/tr>\n<tr>\n<td>15<\/td>\n<td>Modellnummer<\/td>\n<td>RMC4.0-T4<\/td>\n<\/tr>\n<tr>\n<td>16<\/td>\n<td>Geschlecht<\/td>\n<td>Weiblich \/ M\u00e4nnlich<\/td>\n<\/tr>\n<tr>\n<td>17<\/td>\n<td>Anmeldung<\/td>\n<td>Solarkabelstecker<\/td>\n<\/tr>\n<tr>\n<td>18<\/td>\n<td>Typ<\/td>\n<td>ADAPTER<\/td>\n<\/tr>\n<\/tbody>\n<\/table>\n<\/div>\n<\/figure>\n<h4 class=\"wp-block-heading\"><\/h4>\n<h2>Warum sollten Sie uns w\u00e4hlen?<\/h2>\n<p><strong>Strukturelle Vorteile<\/strong><br \/>\nDas integrierte wasserdichte Design sorgt f\u00fcr mehr Schutz.<br \/>\nKompakter Aufbau, Leiter und Isolierung sind eng miteinander verbunden, niedrige Einsteckkraft, unterst\u00fctzt die Verwendung von flexiblen Kabeln.<br \/>\nEinfach zu montieren, spart Zeit.<\/p>\n<p><strong>Wasserdichte Klasse<\/strong><br \/>\nMit der Wasserdichtigkeitsklasse IP68 ist die Wasserdichtigkeit hervorragend und f\u00fcr den Au\u00dfeneinsatz geeignet.<\/p>\n<p><strong>Hochwertiges Material<\/strong><br \/>\nHochwertiges PPO-Material, hochtemperatur- und korrosionsbest\u00e4ndig, mit guter elektrischer Isolierung und Schlagfestigkeit.<br \/>\nDer T2-Leiter aus verzinntem Kupfer verbessert die Leitf\u00e4higkeit und Haltbarkeit weiter.<br \/>\n<strong>Spezifikationen der Verdrahtung<\/strong><\/p>\n<p>Geeignet f\u00fcr Kabel von 3 mm bis 7,5 mm, kompatibel mit Solarkabeln und elektronischen Kabeln mit kleinerem Durchmesser, flexibel f\u00fcr eine Vielzahl von Anwendungen.<\/p>","protected":false},"excerpt":{"rendered":"<p><strong>MC4-Abzweigstecker<\/strong> ist f\u00fcr Solarenergiesysteme konzipiert, unterst\u00fctzt hohe Spannungen und Str\u00f6me und eignet sich f\u00fcr verschiedene Leistungsanforderungen. Es ist resistent gegen hohe und niedrige Temperaturen, zertifiziert IP68 wasserdicht und staubdicht, und kann stabil in rauen Umgebungen arbeiten. Die einfache Installation und der geringe \u00dcbergangswiderstand reduzieren den Energieverlust. Durch die Verwendung von flammhemmenden Materialien und verzinnten Kupferkontakten ist es sowohl sicher als auch langlebig und ideal f\u00fcr den Anschluss von Solarkabeln.<\/p>","protected":false},"featured_media":1657,"template":"","meta":{"site-sidebar-layout":"default","site-content-layout":"","ast-site-content-layout":"default","site-content-style":"default","site-sidebar-style":"default","ast-global-header-display":"","ast-banner-title-visibility":"","ast-main-header-display":"","ast-hfb-above-header-display":"","ast-hfb-below-header-display":"","ast-hfb-mobile-header-display":"","site-post-title":"","ast-breadcrumbs-content":"","ast-featured-img":"","footer-sml-layout":"","ast-disable-related-posts":"","theme-transparent-header-meta":"default","adv-header-id-meta":"","stick-header-meta":"","header-above-stick-meta":"","header-main-stick-meta":"","header-below-stick-meta":"","astra-migrate-meta-layouts":"set","ast-page-background-enabled":"default","ast-page-background-meta":{"desktop":{"background-color":"var(--ast-global-color-4)","background-image":"","background-repeat":"repeat","background-position":"center center","background-size":"auto","background-attachment":"scroll","background-type":"","background-media":"","overlay-type":"","overlay-color":"","overlay-opacity":"","overlay-gradient":""},"tablet":{"background-color":"","background-image":"","background-repeat":"repeat","background-position":"center center","background-size":"auto","background-attachment":"scroll","background-type":"","background-media":"","overlay-type":"","overlay-color":"","overlay-opacity":"","overlay-gradient":""},"mobile":{"background-color":"","background-image":"","background-repeat":"repeat","background-position":"center center","background-size":"auto","background-attachment":"scroll","background-type":"","background-media":"","overlay-type":"","overlay-color":"","overlay-opacity":"","overlay-gradient":""}},"ast-content-background-meta":{"desktop":{"background-color":"var(--ast-global-color-5)","background-image":"","background-repeat":"repeat","background-position":"center center","background-size":"auto","background-attachment":"scroll","background-type":"","background-media":"","overlay-type":"","overlay-color":"","overlay-opacity":"","overlay-gradient":""},"tablet":{"background-color":"var(--ast-global-color-5)","background-image":"","background-repeat":"repeat","background-position":"center center","background-size":"auto","background-attachment":"scroll","background-type":"","background-media":"","overlay-type":"","overlay-color":"","overlay-opacity":"","overlay-gradient":""},"mobile":{"background-color":"var(--ast-global-color-5)","background-image":"","background-repeat":"repeat","background-position":"center center","background-size":"auto","background-attachment":"scroll","background-type":"","background-media":"","overlay-type":"","overlay-color":"","overlay-opacity":"","overlay-gradient":""}}},"product_brand":[],"product_cat":[19],"product_tag":[],"class_list":{"0":"post-1654","1":"product","2":"type-product","3":"status-publish","4":"has-post-thumbnail","6":"product_cat-mc4-connector","7":"desktop-align-left","8":"tablet-align-left","9":"mobile-align-left","11":"first","12":"instock","13":"shipping-taxable","14":"product-type-simple"},"yoast_head":"<!-- This site is optimized with the Yoast SEO plugin v24.8.1 - https:\/\/yoast.com\/wordpress\/plugins\/seo\/ -->\n<title>China Mc4 Branch Connector Manufacturers &amp; Suppliers- JYIELE<\/title>\n<meta name=\"description\" content=\"Mc4 Branch Connector is suitable for solar energy system, high efficiency, safety, easy to install, safety and durability, source manufacturers cost-effective, come and compare prices now.\" \/>\n<meta name=\"robots\" content=\"index, follow, max-snippet:-1, max-image-preview:large, max-video-preview:-1\" \/>\n<link rel=\"canonical\" href=\"https:\/\/www.jyiele.com\/de\/product\/mc4-branch-connector\/\" \/>\n<meta property=\"og:locale\" content=\"de_DE\" \/>\n<meta property=\"og:type\" content=\"article\" \/>\n<meta property=\"og:title\" content=\"China Mc4 Branch Connector Manufacturers &amp; Suppliers- JYIELE\" \/>\n<meta property=\"og:description\" content=\"Mc4 Branch Connector is suitable for solar energy system, high efficiency, safety, easy to install, safety and durability, source manufacturers cost-effective, come and compare prices now.\" \/>\n<meta property=\"og:url\" content=\"https:\/\/www.jyiele.com\/de\/product\/mc4-branch-connector\/\" \/>\n<meta property=\"og:site_name\" content=\"JYIELE\" \/>\n<meta property=\"article:modified_time\" content=\"2025-03-09T11:43:21+00:00\" \/>\n<meta property=\"og:image\" content=\"https:\/\/www.jyiele.com\/wp-content\/uploads\/2024\/10\/Mc4-Branch-Connector.webp\" \/>\n\t<meta property=\"og:image:width\" content=\"800\" \/>\n\t<meta property=\"og:image:height\" content=\"800\" \/>\n\t<meta property=\"og:image:type\" content=\"image\/webp\" \/>\n<meta name=\"twitter:card\" content=\"summary_large_image\" \/>\n<meta name=\"twitter:label1\" content=\"Gesch\u00e4tzte Lesezeit\" \/>\n\t<meta name=\"twitter:data1\" content=\"2\u00a0Minuten\" \/>\n<script type=\"application\/ld+json\" class=\"yoast-schema-graph\">{\"@context\":\"https:\/\/schema.org\",\"@graph\":[{\"@type\":\"WebPage\",\"@id\":\"https:\/\/www.jyiele.com\/product\/mc4-branch-connector\/\",\"url\":\"https:\/\/www.jyiele.com\/product\/mc4-branch-connector\/\",\"name\":\"China Mc4 Branch Connector Manufacturers & Suppliers- JYIELE\",\"isPartOf\":{\"@id\":\"https:\/\/www.jyiele.com\/#website\"},\"primaryImageOfPage\":{\"@id\":\"https:\/\/www.jyiele.com\/product\/mc4-branch-connector\/#primaryimage\"},\"image\":{\"@id\":\"https:\/\/www.jyiele.com\/product\/mc4-branch-connector\/#primaryimage\"},\"thumbnailUrl\":\"https:\/\/www.jyiele.com\/wp-content\/uploads\/2024\/10\/Mc4-Branch-Connector.webp\",\"datePublished\":\"2024-11-03T08:03:27+00:00\",\"dateModified\":\"2025-03-09T11:43:21+00:00\",\"description\":\"Mc4 Branch Connector is suitable for solar energy system, high efficiency, safety, easy to install, safety and durability, source manufacturers cost-effective, come and compare prices now.\",\"breadcrumb\":{\"@id\":\"https:\/\/www.jyiele.com\/product\/mc4-branch-connector\/#breadcrumb\"},\"inLanguage\":\"de\",\"potentialAction\":[{\"@type\":\"ReadAction\",\"target\":[\"https:\/\/www.jyiele.com\/product\/mc4-branch-connector\/\"]}]},{\"@type\":\"ImageObject\",\"inLanguage\":\"de\",\"@id\":\"https:\/\/www.jyiele.com\/product\/mc4-branch-connector\/#primaryimage\",\"url\":\"https:\/\/www.jyiele.com\/wp-content\/uploads\/2024\/10\/Mc4-Branch-Connector.webp\",\"contentUrl\":\"https:\/\/www.jyiele.com\/wp-content\/uploads\/2024\/10\/Mc4-Branch-Connector.webp\",\"width\":800,\"height\":800,\"caption\":\"Mc4 Branch Connector\"},{\"@type\":\"BreadcrumbList\",\"@id\":\"https:\/\/www.jyiele.com\/product\/mc4-branch-connector\/#breadcrumb\",\"itemListElement\":[{\"@type\":\"ListItem\",\"position\":1,\"name\":\"Home\",\"item\":\"https:\/\/www.jyiele.com\/\"},{\"@type\":\"ListItem\",\"position\":2,\"name\":\"Product\",\"item\":\"https:\/\/www.jyiele.com\/product\/\"},{\"@type\":\"ListItem\",\"position\":3,\"name\":\"MC4 Connector\",\"item\":\"https:\/\/www.jyiele.com\/product-category\/mc4-connector\/\"},{\"@type\":\"ListItem\",\"position\":4,\"name\":\"Mc4 Branch Connector A pair of Male Female 1000V 1500V DC 50Amp one in four out solar system waterproof\"}]},{\"@type\":\"WebSite\",\"@id\":\"https:\/\/www.jyiele.com\/#website\",\"url\":\"https:\/\/www.jyiele.com\/\",\"name\":\"JYIELE\",\"description\":\"Vacuum Circuit Breaker manufacturer\",\"publisher\":{\"@id\":\"https:\/\/www.jyiele.com\/#organization\"},\"potentialAction\":[{\"@type\":\"SearchAction\",\"target\":{\"@type\":\"EntryPoint\",\"urlTemplate\":\"https:\/\/www.jyiele.com\/?s={search_term_string}\"},\"query-input\":{\"@type\":\"PropertyValueSpecification\",\"valueRequired\":true,\"valueName\":\"search_term_string\"}}],\"inLanguage\":\"de\"},{\"@type\":\"Organization\",\"@id\":\"https:\/\/www.jyiele.com\/#organization\",\"name\":\"JYIELE\",\"url\":\"https:\/\/www.jyiele.com\/\",\"logo\":{\"@type\":\"ImageObject\",\"inLanguage\":\"de\",\"@id\":\"https:\/\/www.jyiele.com\/#\/schema\/logo\/image\/\",\"url\":\"https:\/\/www.jyiele.com\/wp-content\/uploads\/2024\/09\/cropped-jyele-1.webp\",\"contentUrl\":\"https:\/\/www.jyiele.com\/wp-content\/uploads\/2024\/09\/cropped-jyele-1.webp\",\"width\":137,\"height\":60,\"caption\":\"JYIELE\"},\"image\":{\"@id\":\"https:\/\/www.jyiele.com\/#\/schema\/logo\/image\/\"}}]}<\/script>\n<!-- \/ Yoast SEO plugin. -->","yoast_head_json":{"title":"China Mc4 Branch Connector Hersteller &amp; Lieferanten- JYIELE","description":"Mc4 Branch Connector eignet sich f\u00fcr Solarenergie-System, hohe Effizienz, Sicherheit, einfach zu installieren, Sicherheit und Haltbarkeit, Quelle Hersteller kosteng\u00fcnstig, kommen und vergleichen Sie die Preise jetzt.","robots":{"index":"index","follow":"follow","max-snippet":"max-snippet:-1","max-image-preview":"max-image-preview:large","max-video-preview":"max-video-preview:-1"},"canonical":"https:\/\/www.jyiele.com\/de\/product\/mc4-branch-connector\/","og_locale":"de_DE","og_type":"article","og_title":"China Mc4 Branch Connector Manufacturers & Suppliers- JYIELE","og_description":"Mc4 Branch Connector is suitable for solar energy system, high efficiency, safety, easy to install, safety and durability, source manufacturers cost-effective, come and compare prices now.","og_url":"https:\/\/www.jyiele.com\/de\/product\/mc4-branch-connector\/","og_site_name":"JYIELE","article_modified_time":"2025-03-09T11:43:21+00:00","og_image":[{"width":800,"height":800,"url":"https:\/\/www.jyiele.com\/wp-content\/uploads\/2024\/10\/Mc4-Branch-Connector.webp","type":"image\/webp"}],"twitter_card":"summary_large_image","twitter_misc":{"Gesch\u00e4tzte Lesezeit":"2\u00a0Minuten"},"schema":{"@context":"https:\/\/schema.org","@graph":[{"@type":"WebPage","@id":"https:\/\/www.jyiele.com\/product\/mc4-branch-connector\/","url":"https:\/\/www.jyiele.com\/product\/mc4-branch-connector\/","name":"China Mc4 Branch Connector Hersteller &amp; Lieferanten- JYIELE","isPartOf":{"@id":"https:\/\/www.jyiele.com\/#website"},"primaryImageOfPage":{"@id":"https:\/\/www.jyiele.com\/product\/mc4-branch-connector\/#primaryimage"},"image":{"@id":"https:\/\/www.jyiele.com\/product\/mc4-branch-connector\/#primaryimage"},"thumbnailUrl":"https:\/\/www.jyiele.com\/wp-content\/uploads\/2024\/10\/Mc4-Branch-Connector.webp","datePublished":"2024-11-03T08:03:27+00:00","dateModified":"2025-03-09T11:43:21+00:00","description":"Mc4 Branch Connector eignet sich f\u00fcr Solarenergie-System, hohe Effizienz, Sicherheit, einfach zu installieren, Sicherheit und Haltbarkeit, Quelle Hersteller kosteng\u00fcnstig, kommen und vergleichen Sie die Preise jetzt.","breadcrumb":{"@id":"https:\/\/www.jyiele.com\/product\/mc4-branch-connector\/#breadcrumb"},"inLanguage":"de","potentialAction":[{"@type":"ReadAction","target":["https:\/\/www.jyiele.com\/product\/mc4-branch-connector\/"]}]},{"@type":"ImageObject","inLanguage":"de","@id":"https:\/\/www.jyiele.com\/product\/mc4-branch-connector\/#primaryimage","url":"https:\/\/www.jyiele.com\/wp-content\/uploads\/2024\/10\/Mc4-Branch-Connector.webp","contentUrl":"https:\/\/www.jyiele.com\/wp-content\/uploads\/2024\/10\/Mc4-Branch-Connector.webp","width":800,"height":800,"caption":"Mc4 Branch Connector"},{"@type":"BreadcrumbList","@id":"https:\/\/www.jyiele.com\/product\/mc4-branch-connector\/#breadcrumb","itemListElement":[{"@type":"ListItem","position":1,"name":"Home","item":"https:\/\/www.jyiele.com\/"},{"@type":"ListItem","position":2,"name":"Product","item":"https:\/\/www.jyiele.com\/product\/"},{"@type":"ListItem","position":3,"name":"MC4 Connector","item":"https:\/\/www.jyiele.com\/product-category\/mc4-connector\/"},{"@type":"ListItem","position":4,"name":"Mc4 Branch Connector A pair of Male Female 1000V 1500V DC 50Amp one in four out solar system waterproof"}]},{"@type":"WebSite","@id":"https:\/\/www.jyiele.com\/#website","url":"https:\/\/www.jyiele.com\/","name":"JYIELE","description":"Hersteller von Vakuum-Leistungsschaltern","publisher":{"@id":"https:\/\/www.jyiele.com\/#organization"},"potentialAction":[{"@type":"SearchAction","target":{"@type":"EntryPoint","urlTemplate":"https:\/\/www.jyiele.com\/?s={search_term_string}"},"query-input":{"@type":"PropertyValueSpecification","valueRequired":true,"valueName":"search_term_string"}}],"inLanguage":"de"},{"@type":"Organization","@id":"https:\/\/www.jyiele.com\/#organization","name":"JYIELE","url":"https:\/\/www.jyiele.com\/","logo":{"@type":"ImageObject","inLanguage":"de","@id":"https:\/\/www.jyiele.com\/#\/schema\/logo\/image\/","url":"https:\/\/www.jyiele.com\/wp-content\/uploads\/2024\/09\/cropped-jyele-1.webp","contentUrl":"https:\/\/www.jyiele.com\/wp-content\/uploads\/2024\/09\/cropped-jyele-1.webp","width":137,"height":60,"caption":"JYIELE"},"image":{"@id":"https:\/\/www.jyiele.com\/#\/schema\/logo\/image\/"}}]}},"_links":{"self":[{"href":"https:\/\/www.jyiele.com\/de\/wp-json\/wp\/v2\/product\/1654","targetHints":{"allow":["GET"]}}],"collection":[{"href":"https:\/\/www.jyiele.com\/de\/wp-json\/wp\/v2\/product"}],"about":[{"href":"https:\/\/www.jyiele.com\/de\/wp-json\/wp\/v2\/types\/product"}],"version-history":[{"count":3,"href":"https:\/\/www.jyiele.com\/de\/wp-json\/wp\/v2\/product\/1654\/revisions"}],"predecessor-version":[{"id":1658,"href":"https:\/\/www.jyiele.com\/de\/wp-json\/wp\/v2\/product\/1654\/revisions\/1658"}],"wp:featuredmedia":[{"embeddable":true,"href":"https:\/\/www.jyiele.com\/de\/wp-json\/wp\/v2\/media\/1657"}],"wp:attachment":[{"href":"https:\/\/www.jyiele.com\/de\/wp-json\/wp\/v2\/media?parent=1654"}],"wp:term":[{"taxonomy":"product_brand","embeddable":true,"href":"https:\/\/www.jyiele.com\/de\/wp-json\/wp\/v2\/product_brand?post=1654"},{"taxonomy":"product_cat","embeddable":true,"href":"https:\/\/www.jyiele.com\/de\/wp-json\/wp\/v2\/product_cat?post=1654"},{"taxonomy":"product_tag","embeddable":true,"href":"https:\/\/www.jyiele.com\/de\/wp-json\/wp\/v2\/product_tag?post=1654"}],"curies":[{"name":"wp","href":"https:\/\/api.w.org\/{rel}","templated":true}]}}