{"id":1871,"date":"2021-10-10T12:16:59","date_gmt":"2021-10-10T12:16:59","guid":{"rendered":"https:\/\/www.jy-electric.com\/?post_type=product&#038;p=1871"},"modified":"2024-10-10T12:31:10","modified_gmt":"2024-10-10T12:31:10","slug":"k75-95-high-voltage-fireproof-pa66-switch-cabinet-cable-clip","status":"publish","type":"product","link":"https:\/\/www.jyiele.com\/de\/product\/k75-95-high-voltage-fireproof-pa66-switch-cabinet-cable-clip\/","title":{"rendered":"K75-95 Feuerfeste Hochspannungs-Schaltschrankkabelklemme PA66"},"content":{"rendered":"<h2>Eigenschaften der Kabelklemme<\/h2>\n<p>Das feuerfeste, flammhemmende PA66-Nylonmaterial zeichnet sich durch hervorragende Flammwidrigkeit und Z\u00e4higkeit sowie hohe Temperaturbest\u00e4ndigkeit aus und eignet sich f\u00fcr die Befestigung von Kabeln in einer Vielzahl von Situationen. Seine Konstruktion gew\u00e4hrleistet die Sicherheit der Kabelinstallation und ist f\u00fcr Installationsger\u00e4te, Geb\u00e4ude, Schaltschr\u00e4nke und Hochspannungskabel konzipiert.<\/p>\n<h2>Maschenkabelklemmung mit Kabelclip<\/h2>\n<p>W\u00e4hlen Sie beim Festklemmen des Netzkabels die richtige Gr\u00f6\u00dfe der Kabelklemme entsprechend dem Durchmesser des Netzkabels und setzen Sie sie in eine Halterung ein. Befestigen Sie die Kabelklemme mit Schrauben oder einer Feststellvorrichtung an einer Halterung. Achten Sie darauf, dass das Netzkabel stabil ist, ohne zu verrutschen und sich zu lockern. Achten Sie darauf, dass Sie das Netzkabel nicht zu fest anziehen und den Au\u00dfenmantel des Netzkabels nicht besch\u00e4digen.<\/p>\n<p><img fetchpriority=\"high\" decoding=\"async\" class=\"alignnone wp-image-1877\" src=\"https:\/\/www.jy-electric.com\/wp-content\/uploads\/2021\/10\/Cable-Clip-Dimensions.webp\" alt=\"Abmessungen der Kabelklemme\" width=\"686\" height=\"686\" srcset=\"https:\/\/www.jyiele.com\/wp-content\/uploads\/2021\/10\/Cable-Clip-Dimensions.webp 800w, https:\/\/www.jyiele.com\/wp-content\/uploads\/2021\/10\/Cable-Clip-Dimensions-300x300.webp 300w, https:\/\/www.jyiele.com\/wp-content\/uploads\/2021\/10\/Cable-Clip-Dimensions-150x150.webp 150w, https:\/\/www.jyiele.com\/wp-content\/uploads\/2021\/10\/Cable-Clip-Dimensions-768x768.webp 768w, https:\/\/www.jyiele.com\/wp-content\/uploads\/2021\/10\/Cable-Clip-Dimensions-12x12.webp 12w, https:\/\/www.jyiele.com\/wp-content\/uploads\/2021\/10\/Cable-Clip-Dimensions-600x600.webp 600w, https:\/\/www.jyiele.com\/wp-content\/uploads\/2021\/10\/Cable-Clip-Dimensions-100x100.webp 100w\" sizes=\"(max-width: 686px) 100vw, 686px\" \/><\/p>\n<h2>Wie gro\u00df sollte der Abstand zwischen den Kabelschellen sein?<\/h2>\n<p>Der Abstand zwischen den Kabelschellen richtet sich in den meisten F\u00e4llen nach der Art und dem Durchmesser des Kabels; die allgemeine Empfehlung lautet jedoch, dass sie 30 bis 50 Zentimeter voneinander entfernt sein sollten. Auf diese Weise k\u00f6nnen die Kabel nicht durch \u00e4u\u00dfere Krafteinwirkung besch\u00e4digt werden, w\u00e4hrend sie gleichzeitig ein sauberes, ansprechendes Aussehen behalten. Nat\u00fcrlich kann dieser Abstand bei bestimmten Anwendungen, die entsprechend ausgew\u00e4hlt werden m\u00fcssen, ge\u00e4ndert werden.<\/p>\n<figure class=\"wp-block-image size-full is-resized\"><img decoding=\"async\" class=\"alignnone wp-image-1875 size-full\" src=\"https:\/\/www.jy-electric.com\/wp-content\/uploads\/2021\/10\/Cable-Clamp-Dimensions.webp\" alt=\"Abmessungen der Kabelschellen\" width=\"790\" height=\"377\" srcset=\"https:\/\/www.jyiele.com\/wp-content\/uploads\/2021\/10\/Cable-Clamp-Dimensions.webp 790w, https:\/\/www.jyiele.com\/wp-content\/uploads\/2021\/10\/Cable-Clamp-Dimensions-300x143.webp 300w, https:\/\/www.jyiele.com\/wp-content\/uploads\/2021\/10\/Cable-Clamp-Dimensions-768x367.webp 768w, https:\/\/www.jyiele.com\/wp-content\/uploads\/2021\/10\/Cable-Clamp-Dimensions-18x9.webp 18w, https:\/\/www.jyiele.com\/wp-content\/uploads\/2021\/10\/Cable-Clamp-Dimensions-600x286.webp 600w\" sizes=\"(max-width: 790px) 100vw, 790px\" \/><\/figure>\n<h2>Produkt-Parameter<\/h2>\n<figure class=\"wp-block-table\">\n<div class=\"scroll\">\n<table>\n<tbody>\n<tr>\n<td>Gr\u00f6\u00dfe<\/td>\n<td>A<\/td>\n<td>B<\/td>\n<td>C<\/td>\n<td>D<\/td>\n<td>E<\/td>\n<td>F<\/td>\n<td>Dia<\/td>\n<\/tr>\n<tr>\n<td>20-36<\/td>\n<td>89<\/td>\n<td>44<\/td>\n<td>60<\/td>\n<td>24<\/td>\n<td>36<\/td>\n<td>58<\/td>\n<td>12<\/td>\n<\/tr>\n<tr>\n<td>36-52<\/td>\n<td>108<\/td>\n<td>50<\/td>\n<td>75<\/td>\n<td>34<\/td>\n<td>50<\/td>\n<td>59<\/td>\n<td>13<\/td>\n<\/tr>\n<tr>\n<td>55-75<\/td>\n<td>115<\/td>\n<td>52<\/td>\n<td>84<\/td>\n<td>37<\/td>\n<td>58<\/td>\n<td>59<\/td>\n<td>13<\/td>\n<\/tr>\n<tr>\n<td>75-95<\/td>\n<td>128<\/td>\n<td>66<\/td>\n<td>96<\/td>\n<td>48<\/td>\n<td>68<\/td>\n<td>60<\/td>\n<td>14<\/td>\n<\/tr>\n<tr>\n<td>90-150<\/td>\n<td>150<\/td>\n<td>87<\/td>\n<td>120<\/td>\n<td>66<\/td>\n<td>102<\/td>\n<td>60<\/td>\n<td>14<\/td>\n<\/tr>\n<\/tbody>\n<\/table>\n<\/div>\n<\/figure>\n<div class=\"wp-block-image\">\n<figure class=\"aligncenter size-large\"><img decoding=\"async\" class=\"wp-image-1876 size-full alignleft\" src=\"https:\/\/www.jy-electric.com\/wp-content\/uploads\/2021\/10\/Cable-Clamps-Dimensions.webp\" alt=\"Kabelschellen Abmessungen\" width=\"653\" height=\"1024\" srcset=\"https:\/\/www.jyiele.com\/wp-content\/uploads\/2021\/10\/Cable-Clamps-Dimensions.webp 653w, https:\/\/www.jyiele.com\/wp-content\/uploads\/2021\/10\/Cable-Clamps-Dimensions-191x300.webp 191w, https:\/\/www.jyiele.com\/wp-content\/uploads\/2021\/10\/Cable-Clamps-Dimensions-8x12.webp 8w, https:\/\/www.jyiele.com\/wp-content\/uploads\/2021\/10\/Cable-Clamps-Dimensions-600x941.webp 600w\" sizes=\"(max-width: 653px) 100vw, 653px\" \/><\/figure>\n<\/div>","protected":false},"excerpt":{"rendered":"<p>Eine weit verbreitete<strong> Kabelschelle<\/strong> ist ein Zubeh\u00f6rteil, das dazu dient, Kabel an Ort und Stelle zu halten. Es dient also haupts\u00e4chlich dazu, Kabel an Ort und Stelle zu halten, indem es verhindert, dass sich die Kabel bewegen oder aus Sicherheits- und Ordnungsgr\u00fcnden l\u00f6sen. <strong>Kabelschelle<\/strong> werden in der Regel aus hochtemperaturbest\u00e4ndigen und flammhemmenden Materialien wie PA66 hergestellt und sind so profiliert, dass sie f\u00fcr die meisten Kabelarten, einschlie\u00dflich Nieder- und Hochspannungskabel, geeignet sind. Die Kabeldurchmesser variieren von einigen Millimetern bis zu mehreren Zentimetern f\u00fcr unterschiedliche Anwendungen.<\/p>\n<p>Herkunftsort: zhejiang, China<br \/>\nModell-Nummer: CA-C001<br \/>\nTyp: C-Form<br \/>\nMaterial: Kunststoff, Nylon PA66<br \/>\nProduktname: Schaltschrank-Kabelklemme<br \/>\nAnwendung: Hochspannungskabel<br \/>\nFarbe: Schwarz<br \/>\nArbeitstemperatur: -40\u2103 bis +120\u2103<br \/>\nSpezifikationen: Kabel 13mm\u00b2-150mm\u00b2<br \/>\nProduktionszeit: 5-7 Tage<\/p>","protected":false},"featured_media":1873,"template":"","meta":{"site-sidebar-layout":"default","site-content-layout":"","ast-site-content-layout":"default","site-content-style":"default","site-sidebar-style":"default","ast-global-header-display":"","ast-banner-title-visibility":"","ast-main-header-display":"","ast-hfb-above-header-display":"","ast-hfb-below-header-display":"","ast-hfb-mobile-header-display":"","site-post-title":"","ast-breadcrumbs-content":"","ast-featured-img":"","footer-sml-layout":"","ast-disable-related-posts":"","theme-transparent-header-meta":"default","adv-header-id-meta":"","stick-header-meta":"","header-above-stick-meta":"","header-main-stick-meta":"","header-below-stick-meta":"","astra-migrate-meta-layouts":"set","ast-page-background-enabled":"default","ast-page-background-meta":{"desktop":{"background-color":"var(--ast-global-color-4)","background-image":"","background-repeat":"repeat","background-position":"center center","background-size":"auto","background-attachment":"scroll","background-type":"","background-media":"","overlay-type":"","overlay-color":"","overlay-opacity":"","overlay-gradient":""},"tablet":{"background-color":"","background-image":"","background-repeat":"repeat","background-position":"center center","background-size":"auto","background-attachment":"scroll","background-type":"","background-media":"","overlay-type":"","overlay-color":"","overlay-opacity":"","overlay-gradient":""},"mobile":{"background-color":"","background-image":"","background-repeat":"repeat","background-position":"center center","background-size":"auto","background-attachment":"scroll","background-type":"","background-media":"","overlay-type":"","overlay-color":"","overlay-opacity":"","overlay-gradient":""}},"ast-content-background-meta":{"desktop":{"background-color":"var(--ast-global-color-5)","background-image":"","background-repeat":"repeat","background-position":"center center","background-size":"auto","background-attachment":"scroll","background-type":"","background-media":"","overlay-type":"","overlay-color":"","overlay-opacity":"","overlay-gradient":""},"tablet":{"background-color":"var(--ast-global-color-5)","background-image":"","background-repeat":"repeat","background-position":"center center","background-size":"auto","background-attachment":"scroll","background-type":"","background-media":"","overlay-type":"","overlay-color":"","overlay-opacity":"","overlay-gradient":""},"mobile":{"background-color":"var(--ast-global-color-5)","background-image":"","background-repeat":"repeat","background-position":"center center","background-size":"auto","background-attachment":"scroll","background-type":"","background-media":"","overlay-type":"","overlay-color":"","overlay-opacity":"","overlay-gradient":""}}},"product_brand":[],"product_cat":[27],"product_tag":[],"class_list":{"0":"post-1871","1":"product","2":"type-product","3":"status-publish","4":"has-post-thumbnail","6":"product_cat-other","7":"desktop-align-left","8":"tablet-align-left","9":"mobile-align-left","11":"first","12":"instock","13":"shipping-taxable","14":"product-type-simple"},"yoast_head":"<!-- This site is optimized with the Yoast SEO plugin v24.8.1 - https:\/\/yoast.com\/wordpress\/plugins\/seo\/ -->\n<title>High Voltage Cable Clip Manufacturer- High Temperature Flame Retardant Cable Clamps | Industrial Cable Installation<\/title>\n<meta name=\"description\" content=\"High-quality PA66 flame retardant high-voltage cable clip for electrical cabinets, high-voltage cables and other installation and fixing. High temperature resistance, strong toughness, to ensure that the cable is safe and solid, widely used in industrial electrical equipment.\" \/>\n<meta name=\"robots\" content=\"index, follow, max-snippet:-1, max-image-preview:large, max-video-preview:-1\" \/>\n<link rel=\"canonical\" href=\"https:\/\/www.jyiele.com\/de\/product\/k75-95-high-voltage-fireproof-pa66-switch-cabinet-cable-clip\/\" \/>\n<meta property=\"og:locale\" content=\"de_DE\" \/>\n<meta property=\"og:type\" content=\"article\" \/>\n<meta property=\"og:title\" content=\"High Voltage Cable Clip Manufacturer- High Temperature Flame Retardant Cable Clamps | Industrial Cable Installation\" \/>\n<meta property=\"og:description\" content=\"High-quality PA66 flame retardant high-voltage cable clip for electrical cabinets, high-voltage cables and other installation and fixing. High temperature resistance, strong toughness, to ensure that the cable is safe and solid, widely used in industrial electrical equipment.\" \/>\n<meta property=\"og:url\" content=\"https:\/\/www.jyiele.com\/de\/product\/k75-95-high-voltage-fireproof-pa66-switch-cabinet-cable-clip\/\" \/>\n<meta property=\"og:site_name\" content=\"JYIELE\" \/>\n<meta property=\"article:modified_time\" content=\"2024-10-10T12:31:10+00:00\" \/>\n<meta property=\"og:image\" content=\"https:\/\/www.jyiele.com\/wp-content\/uploads\/2021\/10\/K75-95-High-Voltage-Fireproof-PA66-Switch-Cabinet-Cable-Clip.webp\" \/>\n\t<meta property=\"og:image:width\" content=\"800\" \/>\n\t<meta property=\"og:image:height\" content=\"800\" \/>\n\t<meta property=\"og:image:type\" content=\"image\/webp\" \/>\n<meta name=\"twitter:card\" content=\"summary_large_image\" \/>\n<meta name=\"twitter:label1\" content=\"Gesch\u00e4tzte Lesezeit\" \/>\n\t<meta name=\"twitter:data1\" content=\"2\u00a0Minuten\" \/>\n<script type=\"application\/ld+json\" class=\"yoast-schema-graph\">{\"@context\":\"https:\/\/schema.org\",\"@graph\":[{\"@type\":\"WebPage\",\"@id\":\"https:\/\/www.jyiele.com\/product\/k75-95-high-voltage-fireproof-pa66-switch-cabinet-cable-clip\/\",\"url\":\"https:\/\/www.jyiele.com\/product\/k75-95-high-voltage-fireproof-pa66-switch-cabinet-cable-clip\/\",\"name\":\"High Voltage Cable Clip Manufacturer- High Temperature Flame Retardant Cable Clamps | Industrial Cable Installation\",\"isPartOf\":{\"@id\":\"https:\/\/www.jyiele.com\/#website\"},\"primaryImageOfPage\":{\"@id\":\"https:\/\/www.jyiele.com\/product\/k75-95-high-voltage-fireproof-pa66-switch-cabinet-cable-clip\/#primaryimage\"},\"image\":{\"@id\":\"https:\/\/www.jyiele.com\/product\/k75-95-high-voltage-fireproof-pa66-switch-cabinet-cable-clip\/#primaryimage\"},\"thumbnailUrl\":\"https:\/\/www.jyiele.com\/wp-content\/uploads\/2021\/10\/K75-95-High-Voltage-Fireproof-PA66-Switch-Cabinet-Cable-Clip.webp\",\"datePublished\":\"2021-10-10T12:16:59+00:00\",\"dateModified\":\"2024-10-10T12:31:10+00:00\",\"description\":\"High-quality PA66 flame retardant high-voltage cable clip for electrical cabinets, high-voltage cables and other installation and fixing. High temperature resistance, strong toughness, to ensure that the cable is safe and solid, widely used in industrial electrical equipment.\",\"breadcrumb\":{\"@id\":\"https:\/\/www.jyiele.com\/product\/k75-95-high-voltage-fireproof-pa66-switch-cabinet-cable-clip\/#breadcrumb\"},\"inLanguage\":\"de\",\"potentialAction\":[{\"@type\":\"ReadAction\",\"target\":[\"https:\/\/www.jyiele.com\/product\/k75-95-high-voltage-fireproof-pa66-switch-cabinet-cable-clip\/\"]}]},{\"@type\":\"ImageObject\",\"inLanguage\":\"de\",\"@id\":\"https:\/\/www.jyiele.com\/product\/k75-95-high-voltage-fireproof-pa66-switch-cabinet-cable-clip\/#primaryimage\",\"url\":\"https:\/\/www.jyiele.com\/wp-content\/uploads\/2021\/10\/K75-95-High-Voltage-Fireproof-PA66-Switch-Cabinet-Cable-Clip.webp\",\"contentUrl\":\"https:\/\/www.jyiele.com\/wp-content\/uploads\/2021\/10\/K75-95-High-Voltage-Fireproof-PA66-Switch-Cabinet-Cable-Clip.webp\",\"width\":800,\"height\":800,\"caption\":\"Cable Clamp Dimensions\"},{\"@type\":\"BreadcrumbList\",\"@id\":\"https:\/\/www.jyiele.com\/product\/k75-95-high-voltage-fireproof-pa66-switch-cabinet-cable-clip\/#breadcrumb\",\"itemListElement\":[{\"@type\":\"ListItem\",\"position\":1,\"name\":\"Home\",\"item\":\"https:\/\/www.jyiele.com\/\"},{\"@type\":\"ListItem\",\"position\":2,\"name\":\"Product\",\"item\":\"https:\/\/www.jyiele.com\/product\/\"},{\"@type\":\"ListItem\",\"position\":3,\"name\":\"Other\",\"item\":\"https:\/\/www.jyiele.com\/product-category\/other\/\"},{\"@type\":\"ListItem\",\"position\":4,\"name\":\"K75-95 High Voltage Fireproof PA66 Switch Cabinet Cable Clip\"}]},{\"@type\":\"WebSite\",\"@id\":\"https:\/\/www.jyiele.com\/#website\",\"url\":\"https:\/\/www.jyiele.com\/\",\"name\":\"JYIELE\",\"description\":\"Vacuum Circuit Breaker manufacturer\",\"publisher\":{\"@id\":\"https:\/\/www.jyiele.com\/#organization\"},\"potentialAction\":[{\"@type\":\"SearchAction\",\"target\":{\"@type\":\"EntryPoint\",\"urlTemplate\":\"https:\/\/www.jyiele.com\/?s={search_term_string}\"},\"query-input\":{\"@type\":\"PropertyValueSpecification\",\"valueRequired\":true,\"valueName\":\"search_term_string\"}}],\"inLanguage\":\"de\"},{\"@type\":\"Organization\",\"@id\":\"https:\/\/www.jyiele.com\/#organization\",\"name\":\"JYIELE\",\"url\":\"https:\/\/www.jyiele.com\/\",\"logo\":{\"@type\":\"ImageObject\",\"inLanguage\":\"de\",\"@id\":\"https:\/\/www.jyiele.com\/#\/schema\/logo\/image\/\",\"url\":\"https:\/\/www.jyiele.com\/wp-content\/uploads\/2024\/09\/cropped-jyele-1.webp\",\"contentUrl\":\"https:\/\/www.jyiele.com\/wp-content\/uploads\/2024\/09\/cropped-jyele-1.webp\",\"width\":137,\"height\":60,\"caption\":\"JYIELE\"},\"image\":{\"@id\":\"https:\/\/www.jyiele.com\/#\/schema\/logo\/image\/\"}}]}<\/script>\n<!-- \/ Yoast SEO plugin. -->","yoast_head_json":{"title":"Hersteller von Hochspannungskabelschellen- Flammhemmende Hochtemperatur-Kabelschellen | Industrielle Kabelinstallation","description":"Hochwertige PA66 flammhemmende Hochspannungskabelschelle f\u00fcr Schaltschr\u00e4nke, Hochspannungskabel und andere Installationen und Befestigungen. Hohe Temperaturbest\u00e4ndigkeit, starke Z\u00e4higkeit, um sicherzustellen, dass das Kabel sicher und solide ist, weit verbreitet in der industriellen elektrischen Ausr\u00fcstung verwendet.","robots":{"index":"index","follow":"follow","max-snippet":"max-snippet:-1","max-image-preview":"max-image-preview:large","max-video-preview":"max-video-preview:-1"},"canonical":"https:\/\/www.jyiele.com\/de\/product\/k75-95-high-voltage-fireproof-pa66-switch-cabinet-cable-clip\/","og_locale":"de_DE","og_type":"article","og_title":"High Voltage Cable Clip Manufacturer- High Temperature Flame Retardant Cable Clamps | Industrial Cable Installation","og_description":"High-quality PA66 flame retardant high-voltage cable clip for electrical cabinets, high-voltage cables and other installation and fixing. High temperature resistance, strong toughness, to ensure that the cable is safe and solid, widely used in industrial electrical equipment.","og_url":"https:\/\/www.jyiele.com\/de\/product\/k75-95-high-voltage-fireproof-pa66-switch-cabinet-cable-clip\/","og_site_name":"JYIELE","article_modified_time":"2024-10-10T12:31:10+00:00","og_image":[{"width":800,"height":800,"url":"https:\/\/www.jyiele.com\/wp-content\/uploads\/2021\/10\/K75-95-High-Voltage-Fireproof-PA66-Switch-Cabinet-Cable-Clip.webp","type":"image\/webp"}],"twitter_card":"summary_large_image","twitter_misc":{"Gesch\u00e4tzte Lesezeit":"2\u00a0Minuten"},"schema":{"@context":"https:\/\/schema.org","@graph":[{"@type":"WebPage","@id":"https:\/\/www.jyiele.com\/product\/k75-95-high-voltage-fireproof-pa66-switch-cabinet-cable-clip\/","url":"https:\/\/www.jyiele.com\/product\/k75-95-high-voltage-fireproof-pa66-switch-cabinet-cable-clip\/","name":"Hersteller von Hochspannungskabelschellen- Flammhemmende Hochtemperatur-Kabelschellen | Industrielle Kabelinstallation","isPartOf":{"@id":"https:\/\/www.jyiele.com\/#website"},"primaryImageOfPage":{"@id":"https:\/\/www.jyiele.com\/product\/k75-95-high-voltage-fireproof-pa66-switch-cabinet-cable-clip\/#primaryimage"},"image":{"@id":"https:\/\/www.jyiele.com\/product\/k75-95-high-voltage-fireproof-pa66-switch-cabinet-cable-clip\/#primaryimage"},"thumbnailUrl":"https:\/\/www.jyiele.com\/wp-content\/uploads\/2021\/10\/K75-95-High-Voltage-Fireproof-PA66-Switch-Cabinet-Cable-Clip.webp","datePublished":"2021-10-10T12:16:59+00:00","dateModified":"2024-10-10T12:31:10+00:00","description":"Hochwertige PA66 flammhemmende Hochspannungskabelschelle f\u00fcr Schaltschr\u00e4nke, Hochspannungskabel und andere Installationen und Befestigungen. Hohe Temperaturbest\u00e4ndigkeit, starke Z\u00e4higkeit, um sicherzustellen, dass das Kabel sicher und solide ist, weit verbreitet in der industriellen elektrischen Ausr\u00fcstung verwendet.","breadcrumb":{"@id":"https:\/\/www.jyiele.com\/product\/k75-95-high-voltage-fireproof-pa66-switch-cabinet-cable-clip\/#breadcrumb"},"inLanguage":"de","potentialAction":[{"@type":"ReadAction","target":["https:\/\/www.jyiele.com\/product\/k75-95-high-voltage-fireproof-pa66-switch-cabinet-cable-clip\/"]}]},{"@type":"ImageObject","inLanguage":"de","@id":"https:\/\/www.jyiele.com\/product\/k75-95-high-voltage-fireproof-pa66-switch-cabinet-cable-clip\/#primaryimage","url":"https:\/\/www.jyiele.com\/wp-content\/uploads\/2021\/10\/K75-95-High-Voltage-Fireproof-PA66-Switch-Cabinet-Cable-Clip.webp","contentUrl":"https:\/\/www.jyiele.com\/wp-content\/uploads\/2021\/10\/K75-95-High-Voltage-Fireproof-PA66-Switch-Cabinet-Cable-Clip.webp","width":800,"height":800,"caption":"Cable Clamp Dimensions"},{"@type":"BreadcrumbList","@id":"https:\/\/www.jyiele.com\/product\/k75-95-high-voltage-fireproof-pa66-switch-cabinet-cable-clip\/#breadcrumb","itemListElement":[{"@type":"ListItem","position":1,"name":"Home","item":"https:\/\/www.jyiele.com\/"},{"@type":"ListItem","position":2,"name":"Product","item":"https:\/\/www.jyiele.com\/product\/"},{"@type":"ListItem","position":3,"name":"Other","item":"https:\/\/www.jyiele.com\/product-category\/other\/"},{"@type":"ListItem","position":4,"name":"K75-95 High Voltage Fireproof PA66 Switch Cabinet Cable Clip"}]},{"@type":"WebSite","@id":"https:\/\/www.jyiele.com\/#website","url":"https:\/\/www.jyiele.com\/","name":"JYIELE","description":"Hersteller von Vakuum-Leistungsschaltern","publisher":{"@id":"https:\/\/www.jyiele.com\/#organization"},"potentialAction":[{"@type":"SearchAction","target":{"@type":"EntryPoint","urlTemplate":"https:\/\/www.jyiele.com\/?s={search_term_string}"},"query-input":{"@type":"PropertyValueSpecification","valueRequired":true,"valueName":"search_term_string"}}],"inLanguage":"de"},{"@type":"Organization","@id":"https:\/\/www.jyiele.com\/#organization","name":"JYIELE","url":"https:\/\/www.jyiele.com\/","logo":{"@type":"ImageObject","inLanguage":"de","@id":"https:\/\/www.jyiele.com\/#\/schema\/logo\/image\/","url":"https:\/\/www.jyiele.com\/wp-content\/uploads\/2024\/09\/cropped-jyele-1.webp","contentUrl":"https:\/\/www.jyiele.com\/wp-content\/uploads\/2024\/09\/cropped-jyele-1.webp","width":137,"height":60,"caption":"JYIELE"},"image":{"@id":"https:\/\/www.jyiele.com\/#\/schema\/logo\/image\/"}}]}},"_links":{"self":[{"href":"https:\/\/www.jyiele.com\/de\/wp-json\/wp\/v2\/product\/1871","targetHints":{"allow":["GET"]}}],"collection":[{"href":"https:\/\/www.jyiele.com\/de\/wp-json\/wp\/v2\/product"}],"about":[{"href":"https:\/\/www.jyiele.com\/de\/wp-json\/wp\/v2\/types\/product"}],"version-history":[{"count":4,"href":"https:\/\/www.jyiele.com\/de\/wp-json\/wp\/v2\/product\/1871\/revisions"}],"predecessor-version":[{"id":1878,"href":"https:\/\/www.jyiele.com\/de\/wp-json\/wp\/v2\/product\/1871\/revisions\/1878"}],"wp:featuredmedia":[{"embeddable":true,"href":"https:\/\/www.jyiele.com\/de\/wp-json\/wp\/v2\/media\/1873"}],"wp:attachment":[{"href":"https:\/\/www.jyiele.com\/de\/wp-json\/wp\/v2\/media?parent=1871"}],"wp:term":[{"taxonomy":"product_brand","embeddable":true,"href":"https:\/\/www.jyiele.com\/de\/wp-json\/wp\/v2\/product_brand?post=1871"},{"taxonomy":"product_cat","embeddable":true,"href":"https:\/\/www.jyiele.com\/de\/wp-json\/wp\/v2\/product_cat?post=1871"},{"taxonomy":"product_tag","embeddable":true,"href":"https:\/\/www.jyiele.com\/de\/wp-json\/wp\/v2\/product_tag?post=1871"}],"curies":[{"name":"wp","href":"https:\/\/api.w.org\/{rel}","templated":true}]}}