{"id":1888,"date":"2022-10-11T13:06:57","date_gmt":"2022-10-11T13:06:57","guid":{"rendered":"https:\/\/www.jy-electric.com\/?post_type=product&#038;p=1888"},"modified":"2025-03-09T11:39:25","modified_gmt":"2025-03-09T11:39:25","slug":"ac-distribution-cabinets-metal-clad-switchgear-enclosed-kyn28-12kv","status":"publish","type":"product","link":"https:\/\/www.jyiele.com\/de\/product\/ac-distribution-cabinets-metal-clad-switchgear-enclosed-kyn28-12kv\/","title":{"rendered":"AC-Verteilerschr\u00e4nke Metallgekapselte Schaltanlagen Gekapselt KYN28-12KV"},"content":{"rendered":"<h2>Arbeitsumfeld:<\/h2>\n<p>Umgebungstemperatur: von -25\u00b0C bis +45\u00b0C und mit einem Durchschnittswert von nicht mehr als 35\u00b0C pro Tag.<br \/>\nH\u00f6henlage:1000m und max. 4500m mit speziellem Design.<br \/>\nLuftfeuchtigkeit: Tagesdurchschnitt \u2264 95%, Monatsdurchschnitt \u2264 90%.<br \/>\nSeismische Aktivit\u00e4t: Das Ger\u00e4t ist bis zu einer maximalen Intensit\u00e4t von 8 Grad erdbebensicher.<br \/>\nUmgebungsbedingungen: Der Montageort ist frei von Entz\u00fcndungen, Explosivstoffen, \u00e4tzenden Chemikalien und starken Vibrationen.<\/p>\n<h2>Produktdefinition<\/h2>\n<p><img fetchpriority=\"high\" decoding=\"async\" class=\"alignnone wp-image-1892 size-full\" src=\"https:\/\/www.jy-electric.com\/wp-content\/uploads\/2024\/10\/metal-clad-switchgear-Model-Meaning.webp\" alt=\"Metallgekapselte Schaltanlagen Modell Bedeutung\" width=\"630\" height=\"310\" srcset=\"https:\/\/www.jyiele.com\/wp-content\/uploads\/2024\/10\/metal-clad-switchgear-Model-Meaning.webp 630w, https:\/\/www.jyiele.com\/wp-content\/uploads\/2024\/10\/metal-clad-switchgear-Model-Meaning-300x148.webp 300w, https:\/\/www.jyiele.com\/wp-content\/uploads\/2024\/10\/metal-clad-switchgear-Model-Meaning-18x9.webp 18w, https:\/\/www.jyiele.com\/wp-content\/uploads\/2024\/10\/metal-clad-switchgear-Model-Meaning-600x295.webp 600w\" sizes=\"(max-width: 630px) 100vw, 630px\" \/><\/p>\n<p>Hinweis: Geeignet f\u00fcr Vakuum-Leistungsschalter der Marken ABB, Siemens, Schneider usw.<\/p>\n<h2>Hauptmerkmale der metallgekapselten Schaltanlage KYN28-12KV:<\/h2>\n<p>Kompatibel: Kompatibel mit unseren propriet\u00e4ren Vakuum-Leistungsschaltern GPyN-12kV mit eingebetteter oder isolierter H\u00fclse oder den Vakuum-Leistungsschaltern VD4 von ABB. Dar\u00fcber hinaus ist es auch mit GPVC-Vakuumsch\u00fctz-Sicherungs-Kombinationen oder den VC-Vakuumsch\u00fctzen von ABB kompatibel, so dass F-C-Schleifenfelder die elektrischen Anforderungen von Kraftwerken und Umspannwerken erf\u00fcllen k\u00f6nnen\".<\/p>\n<p>Hochpr\u00e4zise Technik: Der Schrank verwendet doppelte Biegetechniken mit hochfesten Aluminium-Zink-Stahlplatten unter Verwendung modernster CNC-Maschinen. Es hat \u00fcberlegene St\u00e4rke und Pr\u00e4zision.<\/p>\n<p>Fortschrittliche Oberfl\u00e4chenbehandlung: Die Schrankt\u00fcren sind mit einer elektrostatischen Epoxidharz-Pulverspr\u00fchtechnik beschichtet, die korrosions-, oxidations- und sto\u00dfbest\u00e4ndig ist. Dies hat den Schrank haltbarer gemacht und die Haltbarkeit f\u00fcr eine lange Zeit verbessert.<\/p>\n<p>V\u00f6llig geschlossene Konstruktion Die gepanzerte Konstruktion des Schaltschranks isoliert die funktionellen Teile vollst\u00e4ndig und bietet so ein H\u00f6chstma\u00df an Betriebssicherheit. Sie erm\u00f6glicht den Betrieb von Leistungsschaltern und Erdungsschaltern auch bei geschlossener T\u00fcr.<\/p>\n<p>Austauschbarkeit Das Fahrgestell ist mit einem Pr\u00e4zisionsschraubenantrieb ausgestattet. Alle Fahrgestelle sind hervorragend austauschbar, was die Wartung und den Betrieb erleichtert.<\/p>\n<p>Flexible Prim\u00e4rkonstruktion Diese Reihe von Prim\u00e4rkonstruktionen erf\u00fcllt die vielf\u00e4ltigen Anforderungen der Benutzer. Es bietet ein doppeltes Chassis als Option.<\/p>\n<p>Motorisierte Erdung und Kurzschlusssicherung: Ein Erdungsschnellschalter erm\u00f6glicht den elektrischen (motorisierten) Betrieb und gew\u00e4hrleistet so eine schnelle Erdung und einen Kurzschlussschutz.<\/p>\n<p>Verbesserte Sicherheit: Der \"Five Protection\"-Verriegelungsmechanismus verhindert Fehlbedienungen, so dass der Schutz des Bedienpersonals in hohem Ma\u00dfe gew\u00e4hrleistet ist.<\/p>\n<p>Lichtbogensicheres Design: Druckentlastungsvorrichtungen im Sammelschienenraum, im Leistungsschalterraum und im Kabelanschlussraum sind einige der lichtbogensicheren Merkmale, die zus\u00e4tzliche Sicherheit bieten.<\/p>\n<p>Das Kabelfach ist ger\u00e4umig und erm\u00f6glicht die Verbindung mehrerer Kabel in angemessenen Abst\u00e4nden, um die richtige Installationsh\u00f6he der Kabel in ihren Steckern zu erm\u00f6glichen.<\/p>\n<p>Hohe Schutzart: Das Schaltger\u00e4t hat eine Schutzart von IP4X, die das Eindringen von Fremdk\u00f6rpern oder Sch\u00e4dlingen unm\u00f6glich macht.<\/p>\n<p>Erweiterte \u00dcberwachung und Steuerung: Die optionale Integration mit sekund\u00e4ren Sicherheits\u00fcberwachungsger\u00e4ten durch Selbstdiagnose erm\u00f6glicht Fernsteuerung, Telemetrie und Einstellungen im System.<\/p>\n<p>Einhaltung von Normen Die Schaltanlage entspricht den Normen GB3906, GB\/T1022, DL404 und IEC62271-1. Sie hat die allgemeinen H\u00f6henpr\u00fcfungen in 3000 m H\u00f6he und die Pr\u00fcfungen der elektromagnetischen Vertr\u00e4glichkeit unter best\u00e4tigten Bedingungen in spezifizierten Labors f\u00fcr Hochspannungsger\u00e4te bestanden.<\/p>\n<p>Diese Kombination aus Robustheit, Sicherheit und modernster Technik in einem metallgekapselten Geh\u00e4use bietet geeignete L\u00f6sungen f\u00fcr eine breite Palette von Anwendungen im Mittelspannungsbereich. Mittelspannungsnetze erhalten dadurch eine starke Plattform f\u00fcr einen zuverl\u00e4ssigen, sicheren Betrieb.<\/p>\n<h2>Technische Daten<\/h2>\n<p><img decoding=\"async\" class=\"alignnone wp-image-1895 size-full\" src=\"https:\/\/www.jy-electric.com\/wp-content\/uploads\/2024\/10\/Distribution-Cabinets-Metal-Clad.webp\" alt=\"Verteilerschr\u00e4nke Metall-Clad\" width=\"1292\" height=\"573\" srcset=\"https:\/\/www.jyiele.com\/wp-content\/uploads\/2024\/10\/Distribution-Cabinets-Metal-Clad.webp 1292w, https:\/\/www.jyiele.com\/wp-content\/uploads\/2024\/10\/Distribution-Cabinets-Metal-Clad-300x133.webp 300w, https:\/\/www.jyiele.com\/wp-content\/uploads\/2024\/10\/Distribution-Cabinets-Metal-Clad-1024x454.webp 1024w, https:\/\/www.jyiele.com\/wp-content\/uploads\/2024\/10\/Distribution-Cabinets-Metal-Clad-768x341.webp 768w, https:\/\/www.jyiele.com\/wp-content\/uploads\/2024\/10\/Distribution-Cabinets-Metal-Clad-18x8.webp 18w, https:\/\/www.jyiele.com\/wp-content\/uploads\/2024\/10\/Distribution-Cabinets-Metal-Clad-600x266.webp 600w\" sizes=\"(max-width: 1292px) 100vw, 1292px\" \/><\/p>\n<p><img decoding=\"async\" class=\"alignnone wp-image-1894 size-full\" src=\"https:\/\/www.jy-electric.com\/wp-content\/uploads\/2024\/10\/metal-clad-switchgear-Meaning.webp\" alt=\"metallgekapselte Schaltanlagen Bedeutung\" width=\"1254\" height=\"670\" srcset=\"https:\/\/www.jyiele.com\/wp-content\/uploads\/2024\/10\/metal-clad-switchgear-Meaning.webp 1254w, https:\/\/www.jyiele.com\/wp-content\/uploads\/2024\/10\/metal-clad-switchgear-Meaning-300x160.webp 300w, https:\/\/www.jyiele.com\/wp-content\/uploads\/2024\/10\/metal-clad-switchgear-Meaning-1024x547.webp 1024w, https:\/\/www.jyiele.com\/wp-content\/uploads\/2024\/10\/metal-clad-switchgear-Meaning-768x410.webp 768w, https:\/\/www.jyiele.com\/wp-content\/uploads\/2024\/10\/metal-clad-switchgear-Meaning-18x10.webp 18w, https:\/\/www.jyiele.com\/wp-content\/uploads\/2024\/10\/metal-clad-switchgear-Meaning-600x321.webp 600w\" sizes=\"(max-width: 1254px) 100vw, 1254px\" \/><\/p>\n<h2>Umrissabmessungen (mm)<\/h2>\n<p><img loading=\"lazy\" decoding=\"async\" class=\"alignnone wp-image-1896 size-full\" src=\"https:\/\/www.jy-electric.com\/wp-content\/uploads\/2024\/10\/Distribution-Cabinets.webp\" alt=\"Verteilerschr\u00e4nke\" width=\"1300\" height=\"142\" srcset=\"https:\/\/www.jyiele.com\/wp-content\/uploads\/2024\/10\/Distribution-Cabinets.webp 1300w, https:\/\/www.jyiele.com\/wp-content\/uploads\/2024\/10\/Distribution-Cabinets-300x33.webp 300w, https:\/\/www.jyiele.com\/wp-content\/uploads\/2024\/10\/Distribution-Cabinets-1024x112.webp 1024w, https:\/\/www.jyiele.com\/wp-content\/uploads\/2024\/10\/Distribution-Cabinets-768x84.webp 768w, https:\/\/www.jyiele.com\/wp-content\/uploads\/2024\/10\/Distribution-Cabinets-18x2.webp 18w, https:\/\/www.jyiele.com\/wp-content\/uploads\/2024\/10\/Distribution-Cabinets-600x66.webp 600w\" sizes=\"(max-width: 1300px) 100vw, 1300px\" \/><\/p>","protected":false},"excerpt":{"rendered":"<p>Die <strong>KYN28-12KV ausfahrbare metallgekapselte AC-Innenraum-Schaltanlage<\/strong> ist hochwertig und robust f\u00fcr den Einsatz in 3-Phasen-Wechselstrom 50Hz-Netzen auf den Zielspannungsebenen zwischen 3,6kV und 12kV. Mit ihrem Kurz- oder Innenraumkonzept bietet diese Schaltanlage dank ausl\u00e4ndischer Technologie die modernste Leistung und den besten Schutz in rauen Umgebungen. Die Schaltanlage wird als geschlossene, gepanzerte Struktur hergestellt, die durch CNC-Bearbeitung pr\u00e4zisionsgefertigt wird, um die Festigkeit und Zuverl\u00e4ssigkeit zu erh\u00f6hen. Bei der Entwicklung steht die Sicherheit im Vordergrund. Alle lichtbogensicheren Konstruktionen, starken Verriegelungen und hohen Schutzsysteme werden \u00fcbernommen und entsprechen den internationalen Normen. Es hat elektromagnetische Kompatibilit\u00e4t und Plateautests in 3000 m H\u00f6he bestanden.<\/p>","protected":false},"featured_media":1890,"template":"","meta":{"site-sidebar-layout":"default","site-content-layout":"","ast-site-content-layout":"default","site-content-style":"default","site-sidebar-style":"default","ast-global-header-display":"","ast-banner-title-visibility":"","ast-main-header-display":"","ast-hfb-above-header-display":"","ast-hfb-below-header-display":"","ast-hfb-mobile-header-display":"","site-post-title":"","ast-breadcrumbs-content":"","ast-featured-img":"","footer-sml-layout":"","ast-disable-related-posts":"","theme-transparent-header-meta":"default","adv-header-id-meta":"","stick-header-meta":"","header-above-stick-meta":"","header-main-stick-meta":"","header-below-stick-meta":"","astra-migrate-meta-layouts":"set","ast-page-background-enabled":"default","ast-page-background-meta":{"desktop":{"background-color":"var(--ast-global-color-4)","background-image":"","background-repeat":"repeat","background-position":"center center","background-size":"auto","background-attachment":"scroll","background-type":"","background-media":"","overlay-type":"","overlay-color":"","overlay-opacity":"","overlay-gradient":""},"tablet":{"background-color":"","background-image":"","background-repeat":"repeat","background-position":"center center","background-size":"auto","background-attachment":"scroll","background-type":"","background-media":"","overlay-type":"","overlay-color":"","overlay-opacity":"","overlay-gradient":""},"mobile":{"background-color":"","background-image":"","background-repeat":"repeat","background-position":"center center","background-size":"auto","background-attachment":"scroll","background-type":"","background-media":"","overlay-type":"","overlay-color":"","overlay-opacity":"","overlay-gradient":""}},"ast-content-background-meta":{"desktop":{"background-color":"var(--ast-global-color-5)","background-image":"","background-repeat":"repeat","background-position":"center center","background-size":"auto","background-attachment":"scroll","background-type":"","background-media":"","overlay-type":"","overlay-color":"","overlay-opacity":"","overlay-gradient":""},"tablet":{"background-color":"var(--ast-global-color-5)","background-image":"","background-repeat":"repeat","background-position":"center center","background-size":"auto","background-attachment":"scroll","background-type":"","background-media":"","overlay-type":"","overlay-color":"","overlay-opacity":"","overlay-gradient":""},"mobile":{"background-color":"var(--ast-global-color-5)","background-image":"","background-repeat":"repeat","background-position":"center center","background-size":"auto","background-attachment":"scroll","background-type":"","background-media":"","overlay-type":"","overlay-color":"","overlay-opacity":"","overlay-gradient":""}}},"product_brand":[],"product_cat":[26],"product_tag":[],"class_list":{"0":"post-1888","1":"product","2":"type-product","3":"status-publish","4":"has-post-thumbnail","6":"product_cat-vacuum-circuit-breaker","7":"desktop-align-left","8":"tablet-align-left","9":"mobile-align-left","11":"first","12":"instock","13":"shipping-taxable","14":"product-type-simple"},"yoast_head":"<!-- This site is optimized with the Yoast SEO plugin v24.8.1 - https:\/\/yoast.com\/wordpress\/plugins\/seo\/ -->\n<title>KYN28-12KV Metal-clad Switchgear: Advanced, Reliable, Arc-proof<\/title>\n<meta name=\"description\" content=\"Discover the KYN28-12KV removable metal-clad switchgear, designed for 3.6~12kV networks. Offers arc-proof design, advanced protection, and compliance with global standards.\" \/>\n<meta name=\"robots\" content=\"index, follow, max-snippet:-1, max-image-preview:large, max-video-preview:-1\" \/>\n<link rel=\"canonical\" href=\"https:\/\/www.jyiele.com\/de\/product\/ac-distribution-cabinets-metal-clad-switchgear-enclosed-kyn28-12kv\/\" \/>\n<meta property=\"og:locale\" content=\"de_DE\" \/>\n<meta property=\"og:type\" content=\"article\" \/>\n<meta property=\"og:title\" content=\"KYN28-12KV Metal-clad Switchgear: Advanced, Reliable, Arc-proof\" \/>\n<meta property=\"og:description\" content=\"Discover the KYN28-12KV removable metal-clad switchgear, designed for 3.6~12kV networks. Offers arc-proof design, advanced protection, and compliance with global standards.\" \/>\n<meta property=\"og:url\" content=\"https:\/\/www.jyiele.com\/de\/product\/ac-distribution-cabinets-metal-clad-switchgear-enclosed-kyn28-12kv\/\" \/>\n<meta property=\"og:site_name\" content=\"JYIELE\" \/>\n<meta property=\"article:modified_time\" content=\"2025-03-09T11:39:25+00:00\" \/>\n<meta property=\"og:image\" content=\"https:\/\/www.jyiele.com\/wp-content\/uploads\/2024\/10\/Distribution-Cabinets-Metal-Clad-Switchgear-Kyn28-12Kv.webp\" \/>\n\t<meta property=\"og:image:width\" content=\"800\" \/>\n\t<meta property=\"og:image:height\" content=\"800\" \/>\n\t<meta property=\"og:image:type\" content=\"image\/webp\" \/>\n<meta name=\"twitter:card\" content=\"summary_large_image\" \/>\n<meta name=\"twitter:label1\" content=\"Gesch\u00e4tzte Lesezeit\" \/>\n\t<meta name=\"twitter:data1\" content=\"4\u00a0Minuten\" \/>\n<script type=\"application\/ld+json\" class=\"yoast-schema-graph\">{\"@context\":\"https:\/\/schema.org\",\"@graph\":[{\"@type\":\"WebPage\",\"@id\":\"https:\/\/www.jyiele.com\/product\/ac-distribution-cabinets-metal-clad-switchgear-enclosed-kyn28-12kv\/\",\"url\":\"https:\/\/www.jyiele.com\/product\/ac-distribution-cabinets-metal-clad-switchgear-enclosed-kyn28-12kv\/\",\"name\":\"KYN28-12KV Metal-clad Switchgear: Advanced, Reliable, Arc-proof\",\"isPartOf\":{\"@id\":\"https:\/\/www.jyiele.com\/#website\"},\"primaryImageOfPage\":{\"@id\":\"https:\/\/www.jyiele.com\/product\/ac-distribution-cabinets-metal-clad-switchgear-enclosed-kyn28-12kv\/#primaryimage\"},\"image\":{\"@id\":\"https:\/\/www.jyiele.com\/product\/ac-distribution-cabinets-metal-clad-switchgear-enclosed-kyn28-12kv\/#primaryimage\"},\"thumbnailUrl\":\"https:\/\/www.jyiele.com\/wp-content\/uploads\/2024\/10\/Distribution-Cabinets-Metal-Clad-Switchgear-Kyn28-12Kv.webp\",\"datePublished\":\"2022-10-11T13:06:57+00:00\",\"dateModified\":\"2025-03-09T11:39:25+00:00\",\"description\":\"Discover the KYN28-12KV removable metal-clad switchgear, designed for 3.6~12kV networks. Offers arc-proof design, advanced protection, and compliance with global standards.\",\"breadcrumb\":{\"@id\":\"https:\/\/www.jyiele.com\/product\/ac-distribution-cabinets-metal-clad-switchgear-enclosed-kyn28-12kv\/#breadcrumb\"},\"inLanguage\":\"de\",\"potentialAction\":[{\"@type\":\"ReadAction\",\"target\":[\"https:\/\/www.jyiele.com\/product\/ac-distribution-cabinets-metal-clad-switchgear-enclosed-kyn28-12kv\/\"]}]},{\"@type\":\"ImageObject\",\"inLanguage\":\"de\",\"@id\":\"https:\/\/www.jyiele.com\/product\/ac-distribution-cabinets-metal-clad-switchgear-enclosed-kyn28-12kv\/#primaryimage\",\"url\":\"https:\/\/www.jyiele.com\/wp-content\/uploads\/2024\/10\/Distribution-Cabinets-Metal-Clad-Switchgear-Kyn28-12Kv.webp\",\"contentUrl\":\"https:\/\/www.jyiele.com\/wp-content\/uploads\/2024\/10\/Distribution-Cabinets-Metal-Clad-Switchgear-Kyn28-12Kv.webp\",\"width\":800,\"height\":800,\"caption\":\"Distribution Cabinets Metal-Clad Switchgear Kyn28-12Kv\"},{\"@type\":\"BreadcrumbList\",\"@id\":\"https:\/\/www.jyiele.com\/product\/ac-distribution-cabinets-metal-clad-switchgear-enclosed-kyn28-12kv\/#breadcrumb\",\"itemListElement\":[{\"@type\":\"ListItem\",\"position\":1,\"name\":\"Home\",\"item\":\"https:\/\/www.jyiele.com\/\"},{\"@type\":\"ListItem\",\"position\":2,\"name\":\"Product\",\"item\":\"https:\/\/www.jyiele.com\/product\/\"},{\"@type\":\"ListItem\",\"position\":3,\"name\":\"Vacuum Circuit Breaker\",\"item\":\"https:\/\/www.jyiele.com\/product-category\/vacuum-circuit-breaker\/\"},{\"@type\":\"ListItem\",\"position\":4,\"name\":\"AC Distribution Cabinets Metal-Clad Switchgear Enclosed KYN28-12KV\"}]},{\"@type\":\"WebSite\",\"@id\":\"https:\/\/www.jyiele.com\/#website\",\"url\":\"https:\/\/www.jyiele.com\/\",\"name\":\"JYIELE\",\"description\":\"Vacuum Circuit Breaker manufacturer\",\"publisher\":{\"@id\":\"https:\/\/www.jyiele.com\/#organization\"},\"potentialAction\":[{\"@type\":\"SearchAction\",\"target\":{\"@type\":\"EntryPoint\",\"urlTemplate\":\"https:\/\/www.jyiele.com\/?s={search_term_string}\"},\"query-input\":{\"@type\":\"PropertyValueSpecification\",\"valueRequired\":true,\"valueName\":\"search_term_string\"}}],\"inLanguage\":\"de\"},{\"@type\":\"Organization\",\"@id\":\"https:\/\/www.jyiele.com\/#organization\",\"name\":\"JYIELE\",\"url\":\"https:\/\/www.jyiele.com\/\",\"logo\":{\"@type\":\"ImageObject\",\"inLanguage\":\"de\",\"@id\":\"https:\/\/www.jyiele.com\/#\/schema\/logo\/image\/\",\"url\":\"https:\/\/www.jyiele.com\/wp-content\/uploads\/2024\/09\/cropped-jyele-1.webp\",\"contentUrl\":\"https:\/\/www.jyiele.com\/wp-content\/uploads\/2024\/09\/cropped-jyele-1.webp\",\"width\":137,\"height\":60,\"caption\":\"JYIELE\"},\"image\":{\"@id\":\"https:\/\/www.jyiele.com\/#\/schema\/logo\/image\/\"}}]}<\/script>\n<!-- \/ Yoast SEO plugin. -->","yoast_head_json":{"title":"KYN28-12KV Metallgekapselte Schaltanlage: Fortschrittlich, zuverl\u00e4ssig, lichtbogensicher","description":"Entdecken Sie die abnehmbare metallgeschottete Schaltanlage KYN28-12KV, die f\u00fcr 3,6~12kV-Netze ausgelegt ist. Sie bietet ein lichtbogensicheres Design, fortschrittlichen Schutz und die Einhaltung globaler Normen.","robots":{"index":"index","follow":"follow","max-snippet":"max-snippet:-1","max-image-preview":"max-image-preview:large","max-video-preview":"max-video-preview:-1"},"canonical":"https:\/\/www.jyiele.com\/de\/product\/ac-distribution-cabinets-metal-clad-switchgear-enclosed-kyn28-12kv\/","og_locale":"de_DE","og_type":"article","og_title":"KYN28-12KV Metal-clad Switchgear: Advanced, Reliable, Arc-proof","og_description":"Discover the KYN28-12KV removable metal-clad switchgear, designed for 3.6~12kV networks. Offers arc-proof design, advanced protection, and compliance with global standards.","og_url":"https:\/\/www.jyiele.com\/de\/product\/ac-distribution-cabinets-metal-clad-switchgear-enclosed-kyn28-12kv\/","og_site_name":"JYIELE","article_modified_time":"2025-03-09T11:39:25+00:00","og_image":[{"width":800,"height":800,"url":"https:\/\/www.jyiele.com\/wp-content\/uploads\/2024\/10\/Distribution-Cabinets-Metal-Clad-Switchgear-Kyn28-12Kv.webp","type":"image\/webp"}],"twitter_card":"summary_large_image","twitter_misc":{"Gesch\u00e4tzte Lesezeit":"4\u00a0Minuten"},"schema":{"@context":"https:\/\/schema.org","@graph":[{"@type":"WebPage","@id":"https:\/\/www.jyiele.com\/product\/ac-distribution-cabinets-metal-clad-switchgear-enclosed-kyn28-12kv\/","url":"https:\/\/www.jyiele.com\/product\/ac-distribution-cabinets-metal-clad-switchgear-enclosed-kyn28-12kv\/","name":"KYN28-12KV Metallgekapselte Schaltanlage: Fortschrittlich, zuverl\u00e4ssig, lichtbogensicher","isPartOf":{"@id":"https:\/\/www.jyiele.com\/#website"},"primaryImageOfPage":{"@id":"https:\/\/www.jyiele.com\/product\/ac-distribution-cabinets-metal-clad-switchgear-enclosed-kyn28-12kv\/#primaryimage"},"image":{"@id":"https:\/\/www.jyiele.com\/product\/ac-distribution-cabinets-metal-clad-switchgear-enclosed-kyn28-12kv\/#primaryimage"},"thumbnailUrl":"https:\/\/www.jyiele.com\/wp-content\/uploads\/2024\/10\/Distribution-Cabinets-Metal-Clad-Switchgear-Kyn28-12Kv.webp","datePublished":"2022-10-11T13:06:57+00:00","dateModified":"2025-03-09T11:39:25+00:00","description":"Entdecken Sie die abnehmbare metallgeschottete Schaltanlage KYN28-12KV, die f\u00fcr 3,6~12kV-Netze ausgelegt ist. Sie bietet ein lichtbogensicheres Design, fortschrittlichen Schutz und die Einhaltung globaler Normen.","breadcrumb":{"@id":"https:\/\/www.jyiele.com\/product\/ac-distribution-cabinets-metal-clad-switchgear-enclosed-kyn28-12kv\/#breadcrumb"},"inLanguage":"de","potentialAction":[{"@type":"ReadAction","target":["https:\/\/www.jyiele.com\/product\/ac-distribution-cabinets-metal-clad-switchgear-enclosed-kyn28-12kv\/"]}]},{"@type":"ImageObject","inLanguage":"de","@id":"https:\/\/www.jyiele.com\/product\/ac-distribution-cabinets-metal-clad-switchgear-enclosed-kyn28-12kv\/#primaryimage","url":"https:\/\/www.jyiele.com\/wp-content\/uploads\/2024\/10\/Distribution-Cabinets-Metal-Clad-Switchgear-Kyn28-12Kv.webp","contentUrl":"https:\/\/www.jyiele.com\/wp-content\/uploads\/2024\/10\/Distribution-Cabinets-Metal-Clad-Switchgear-Kyn28-12Kv.webp","width":800,"height":800,"caption":"Distribution Cabinets Metal-Clad Switchgear Kyn28-12Kv"},{"@type":"BreadcrumbList","@id":"https:\/\/www.jyiele.com\/product\/ac-distribution-cabinets-metal-clad-switchgear-enclosed-kyn28-12kv\/#breadcrumb","itemListElement":[{"@type":"ListItem","position":1,"name":"Home","item":"https:\/\/www.jyiele.com\/"},{"@type":"ListItem","position":2,"name":"Product","item":"https:\/\/www.jyiele.com\/product\/"},{"@type":"ListItem","position":3,"name":"Vacuum Circuit Breaker","item":"https:\/\/www.jyiele.com\/product-category\/vacuum-circuit-breaker\/"},{"@type":"ListItem","position":4,"name":"AC Distribution Cabinets Metal-Clad Switchgear Enclosed KYN28-12KV"}]},{"@type":"WebSite","@id":"https:\/\/www.jyiele.com\/#website","url":"https:\/\/www.jyiele.com\/","name":"JYIELE","description":"Hersteller von Vakuum-Leistungsschaltern","publisher":{"@id":"https:\/\/www.jyiele.com\/#organization"},"potentialAction":[{"@type":"SearchAction","target":{"@type":"EntryPoint","urlTemplate":"https:\/\/www.jyiele.com\/?s={search_term_string}"},"query-input":{"@type":"PropertyValueSpecification","valueRequired":true,"valueName":"search_term_string"}}],"inLanguage":"de"},{"@type":"Organization","@id":"https:\/\/www.jyiele.com\/#organization","name":"JYIELE","url":"https:\/\/www.jyiele.com\/","logo":{"@type":"ImageObject","inLanguage":"de","@id":"https:\/\/www.jyiele.com\/#\/schema\/logo\/image\/","url":"https:\/\/www.jyiele.com\/wp-content\/uploads\/2024\/09\/cropped-jyele-1.webp","contentUrl":"https:\/\/www.jyiele.com\/wp-content\/uploads\/2024\/09\/cropped-jyele-1.webp","width":137,"height":60,"caption":"JYIELE"},"image":{"@id":"https:\/\/www.jyiele.com\/#\/schema\/logo\/image\/"}}]}},"_links":{"self":[{"href":"https:\/\/www.jyiele.com\/de\/wp-json\/wp\/v2\/product\/1888","targetHints":{"allow":["GET"]}}],"collection":[{"href":"https:\/\/www.jyiele.com\/de\/wp-json\/wp\/v2\/product"}],"about":[{"href":"https:\/\/www.jyiele.com\/de\/wp-json\/wp\/v2\/types\/product"}],"version-history":[{"count":4,"href":"https:\/\/www.jyiele.com\/de\/wp-json\/wp\/v2\/product\/1888\/revisions"}],"predecessor-version":[{"id":1897,"href":"https:\/\/www.jyiele.com\/de\/wp-json\/wp\/v2\/product\/1888\/revisions\/1897"}],"wp:featuredmedia":[{"embeddable":true,"href":"https:\/\/www.jyiele.com\/de\/wp-json\/wp\/v2\/media\/1890"}],"wp:attachment":[{"href":"https:\/\/www.jyiele.com\/de\/wp-json\/wp\/v2\/media?parent=1888"}],"wp:term":[{"taxonomy":"product_brand","embeddable":true,"href":"https:\/\/www.jyiele.com\/de\/wp-json\/wp\/v2\/product_brand?post=1888"},{"taxonomy":"product_cat","embeddable":true,"href":"https:\/\/www.jyiele.com\/de\/wp-json\/wp\/v2\/product_cat?post=1888"},{"taxonomy":"product_tag","embeddable":true,"href":"https:\/\/www.jyiele.com\/de\/wp-json\/wp\/v2\/product_tag?post=1888"}],"curies":[{"name":"wp","href":"https:\/\/api.w.org\/{rel}","templated":true}]}}