{"id":1979,"date":"2024-11-13T10:10:11","date_gmt":"2024-11-13T10:10:11","guid":{"rendered":"https:\/\/www.jy-electric.com\/?post_type=product&#038;p=1979"},"modified":"2025-03-09T11:42:05","modified_gmt":"2025-03-09T11:42:05","slug":"1000vdc-30a-solar-panel-electrical-connectors-ip67","status":"publish","type":"product","link":"https:\/\/www.jyiele.com\/de\/product\/1000vdc-30a-solar-panel-electrical-connectors-ip67\/","title":{"rendered":"1000VDC 30A Solarpanel Elektrische Steckverbinder IP67 Wasserdicht PV-HCA30"},"content":{"rendered":"<h2>Merkmale und Vorteile<\/h2>\n<p>\u2666 Safety-Lock-Design: Verwendet einen einfachen Einrastmechanismus f\u00fcr eine feste und zuverl\u00e4ssige Verbindung; schnelle und einfache Installation mit vielen Solarsteckern.<br \/>\n\u2666 Hochdichtes Silikonmaterial: Hitzebest\u00e4ndigkeit, Schwerentflammbarkeit, wasser- und staubdichte Funktionen tragen zu einer langen Leistung in einer rauen Umgebung bei.<br \/>\n\u2666 Wasserdicht und staubdicht Funktion: Ausgestattet mit hochdichten wasserdichten Gummiringen, hervorragende Qualit\u00e4t der Silikonmaterialien, IP67-Klasse Schutz f\u00fcr verschiedene Wetterbedingungen.<br \/>\n\u2666 Verdickter Kupferkern: Der verl\u00f6tete Kupferkern hat eine ausgezeichnete Leitf\u00e4higkeit und ist oxidationsbest\u00e4ndig. Der Kontaktwiderstand kann bis zu 0,5 m\u03a9 betragen, um eine effiziente Strom\u00fcbertragung zu gew\u00e4hrleisten.<br \/>\n\u2666 Unterst\u00fctzung hoher Nennspannungen und -str\u00f6me: Er verf\u00fcgt \u00fcber eine hohe Nennspannung von bis zu 1000V DC und einen hohen Nennstrom von bis zu 45A, was den Steckverbinder zu einer perfekten Anwendung f\u00fcr gro\u00df angelegte Photovoltaikanlagen macht.<br \/>\n\u2666 Breite Temperaturanpassungsf\u00e4higkeit: Betrieb bei einer Temperatur von -40\u00b0C bis +90\u00b0C, wobei die H\u00f6chsttemperatur bis zu +105\u00b0C betragen kann, was ihn sehr anpassungsf\u00e4hig an unterschiedliche Umweltbedingungen macht.<br \/>\n\u2666 Hohe Flammwidrigkeit: Es ist flammhemmend nach UL-94-V0 und erf\u00fcllt somit die Anforderungen an die Sicherheit in Umgebungen mit hohen Temperaturen oder Brandgefahr.<\/p>\n<h2>Produkt-Parameter<\/h2>\n<figure class=\"wp-block-table\">\n<div class=\"scroll\">\n<table>\n<tbody>\n<tr>\n<td>Laufende Nr.<\/td>\n<td>Parameter<\/td>\n<td>Parameter<\/td>\n<\/tr>\n<tr>\n<td>1<\/td>\n<td>Typ<\/td>\n<td>Solar-Photovoltaik-Steckverbinder<\/td>\n<\/tr>\n<tr>\n<td>2<\/td>\n<td>Nennspannung<\/td>\n<td>1000V DC<\/td>\n<\/tr>\n<tr>\n<td>3<\/td>\n<td>Nennstrom<\/td>\n<td>45A (2,5\/4\/6mm2,14\/12\/10AWG)<\/td>\n<\/tr>\n<tr>\n<td>4<\/td>\n<td>Pr\u00fcfspannung<\/td>\n<td>8000V(50Hz,1min)<\/td>\n<\/tr>\n<tr>\n<td>5<\/td>\n<td>Temperaturbereich<\/td>\n<td>-40\u00b0C ...+90\u00b0C<\/td>\n<\/tr>\n<tr>\n<td>6<\/td>\n<td>Obere Grenztemperatur<\/td>\n<td>+105\u00b0C<\/td>\n<\/tr>\n<tr>\n<td>7<\/td>\n<td>Schutzgrad<\/td>\n<td>IP2X\/ IP68<\/td>\n<\/tr>\n<tr>\n<td>8<\/td>\n<td>Durchgangswiderstand von Steckverbindern<\/td>\n<td>0.5m\u03a9<\/td>\n<\/tr>\n<tr>\n<td>9<\/td>\n<td>Sicherheitsklasse<\/td>\n<td>\u2161<\/td>\n<\/tr>\n<tr>\n<td>10<\/td>\n<td>Kontaktmaterial<\/td>\n<td>Kupfer, verzinnt<\/td>\n<\/tr>\n<tr>\n<td>11<\/td>\n<td>Isoliermaterial<\/td>\n<td>PPO<\/td>\n<\/tr>\n<tr>\n<td>12<\/td>\n<td>R\u00fcckzugskraft\/Einsteckkraft<\/td>\n<td>\u226550N\/\u226450N<\/td>\n<\/tr>\n<tr>\n<td>13<\/td>\n<td>Verschlusssystem<\/td>\n<td>Einrastbar<\/td>\n<\/tr>\n<tr>\n<td>14<\/td>\n<td>Klasse Flamme<\/td>\n<td>UL-94-V0<\/td>\n<\/tr>\n<\/tbody>\n<\/table>\n<\/div>\n<\/figure>\n<figure class=\"wp-block-image size-full is-resized\"><img fetchpriority=\"high\" decoding=\"async\" class=\"alignnone wp-image-1983\" src=\"https:\/\/www.jy-electric.com\/wp-content\/uploads\/2024\/10\/30A-Solar-PV-Connector-Male-And-Female-294x300.webp\" alt=\"30A Solar PV-Stecker und -Buchse\" width=\"450\" height=\"459\" srcset=\"https:\/\/www.jyiele.com\/wp-content\/uploads\/2024\/10\/30A-Solar-PV-Connector-Male-And-Female-294x300.webp 294w, https:\/\/www.jyiele.com\/wp-content\/uploads\/2024\/10\/30A-Solar-PV-Connector-Male-And-Female-12x12.webp 12w, https:\/\/www.jyiele.com\/wp-content\/uploads\/2024\/10\/30A-Solar-PV-Connector-Male-And-Female-600x613.webp 600w, https:\/\/www.jyiele.com\/wp-content\/uploads\/2024\/10\/30A-Solar-PV-Connector-Male-And-Female.webp 671w\" sizes=\"(max-width: 450px) 100vw, 450px\" \/><\/figure>\n<h2>Wichtigste Anwendungen<\/h2>\n<p><strong>Elektrische Anschl\u00fcsse f\u00fcr Solarmodule<\/strong> kann f\u00fcr ein breites Spektrum von Anwendungen in photovoltaischen Stromerzeugungssystemen eingesetzt werden, einschlie\u00dflich - aber nicht beschr\u00e4nkt auf - die folgenden Szenarien:<\/p>\n<p>Solarstromsysteme f\u00fcr Privathaushalte: Diese werden f\u00fcr den Anschluss von Solarmodulen auf D\u00e4chern an das Stromnetz oder an Wechselrichter zur Umwandlung und \u00dcbertragung von Strom verwendet.<\/p>\n<p>Kommerzielle Solarkraftwerke: Diese Steckverbinder werden in gro\u00dfem Umfang in Solarenergieprojekten zum Einsatz kommen, bei denen Solarmodulreihen zur effektiven Energie\u00fcbertragung verbunden werden.<\/p>\n<p>Industrielle Solaranwendungen: Elektrische Steckverbinder f\u00fcr Solarmodule k\u00f6nnen in industriellen Solarkraftwerken und solarbetriebenen Systemen eingesetzt werden.<\/p>\n<h2>Wartung und Pflege<\/h2>\n<p>\u2666 Regelm\u00e4\u00dfige Inspektion: Pr\u00fcfen Sie regelm\u00e4\u00dfig den \u00dcbergangswiderstand des Steckers, um sicherzustellen, dass seine Leitf\u00e4higkeit in einem normalen Bereich liegt.<br \/>\n\u2666 Reinigung der wasserdichten Gummiringe: Reinigen Sie die wasserdichten Gummiringe h\u00e4ufig, da sich Staub oder andere Partikel ansammeln und die Dichtigkeit beeintr\u00e4chtigen k\u00f6nnen.<br \/>\n\u2666 Sicherheitsverriegelung pr\u00fcfen: Pr\u00fcfen Sie den Verriegelungsmechanismus auf seine Stabilit\u00e4t, um die Zuverl\u00e4ssigkeit der Verbindungen auch nach l\u00e4ngerer Zeit zu gew\u00e4hrleisten.<br \/>\n\u2666 Achten Sie vor der Installation auf die korrekten Anschl\u00fcsse der Plus- und Minusklemmen, um Fehler in der Systempolarit\u00e4t zu vermeiden, die zu Fehlfunktionen f\u00fchren k\u00f6nnen.<br \/>\n\u2666 Vor Sonne und Regen sch\u00fctzen: Vermeiden Sie nach M\u00f6glichkeit starke Sonneneinstrahlung und Regen, um die Lebensdauer des Steckers zu verl\u00e4ngern.<br \/>\n\u2666 Durch Befolgung der nachstehend beschriebenen Schritte kann die Lebensdauer der elektrischen Steckverbinder von Solarmodulen verl\u00e4ngert werden, um die Stabilit\u00e4t einer Photovoltaikanlage zu gew\u00e4hrleisten.<\/p>","protected":false},"excerpt":{"rendered":"<p><strong>Elektrische Steckverbinder f\u00fcr Solarmodule<\/strong> sind wichtige Bestandteile einer Photovoltaikanlage. Sie wurden entwickelt, um Solarmodule mit Reglern, Wechselrichtern und anderen Anlagen f\u00fcr eine maximale Leistungs\u00fcbertragung zu verbinden. Dieser 1000VDC 30A-Steckverbinder ist sowohl in m\u00e4nnlicher als auch in weiblicher Ausf\u00fchrung, wasserdicht IP 67 und nach den h\u00f6chstm\u00f6glichen Standards konzipiert. Der PV-HCA30 ist hitzebest\u00e4ndig, wasserdicht und staubdicht und eignet sich daher f\u00fcr die Installation und Wartung verschiedener Arten von Photovoltaikanlagen.<\/p>","protected":false},"featured_media":1986,"template":"","meta":{"site-sidebar-layout":"default","site-content-layout":"","ast-site-content-layout":"default","site-content-style":"default","site-sidebar-style":"default","ast-global-header-display":"","ast-banner-title-visibility":"","ast-main-header-display":"","ast-hfb-above-header-display":"","ast-hfb-below-header-display":"","ast-hfb-mobile-header-display":"","site-post-title":"","ast-breadcrumbs-content":"","ast-featured-img":"","footer-sml-layout":"","ast-disable-related-posts":"","theme-transparent-header-meta":"default","adv-header-id-meta":"","stick-header-meta":"","header-above-stick-meta":"","header-main-stick-meta":"","header-below-stick-meta":"","astra-migrate-meta-layouts":"set","ast-page-background-enabled":"default","ast-page-background-meta":{"desktop":{"background-color":"var(--ast-global-color-4)","background-image":"","background-repeat":"repeat","background-position":"center center","background-size":"auto","background-attachment":"scroll","background-type":"","background-media":"","overlay-type":"","overlay-color":"","overlay-opacity":"","overlay-gradient":""},"tablet":{"background-color":"","background-image":"","background-repeat":"repeat","background-position":"center center","background-size":"auto","background-attachment":"scroll","background-type":"","background-media":"","overlay-type":"","overlay-color":"","overlay-opacity":"","overlay-gradient":""},"mobile":{"background-color":"","background-image":"","background-repeat":"repeat","background-position":"center center","background-size":"auto","background-attachment":"scroll","background-type":"","background-media":"","overlay-type":"","overlay-color":"","overlay-opacity":"","overlay-gradient":""}},"ast-content-background-meta":{"desktop":{"background-color":"var(--ast-global-color-5)","background-image":"","background-repeat":"repeat","background-position":"center center","background-size":"auto","background-attachment":"scroll","background-type":"","background-media":"","overlay-type":"","overlay-color":"","overlay-opacity":"","overlay-gradient":""},"tablet":{"background-color":"var(--ast-global-color-5)","background-image":"","background-repeat":"repeat","background-position":"center center","background-size":"auto","background-attachment":"scroll","background-type":"","background-media":"","overlay-type":"","overlay-color":"","overlay-opacity":"","overlay-gradient":""},"mobile":{"background-color":"var(--ast-global-color-5)","background-image":"","background-repeat":"repeat","background-position":"center center","background-size":"auto","background-attachment":"scroll","background-type":"","background-media":"","overlay-type":"","overlay-color":"","overlay-opacity":"","overlay-gradient":""}}},"product_brand":[],"product_cat":[19],"product_tag":[],"class_list":{"0":"post-1979","1":"product","2":"type-product","3":"status-publish","4":"has-post-thumbnail","6":"product_cat-mc4-connector","7":"desktop-align-left","8":"tablet-align-left","9":"mobile-align-left","11":"first","12":"instock","13":"shipping-taxable","14":"product-type-simple"},"yoast_head":"<!-- This site is optimized with the Yoast SEO plugin v24.8.1 - https:\/\/yoast.com\/wordpress\/plugins\/seo\/ -->\n<title>Solar Panel Electrical Connectors Manufacturer Form China<\/title>\n<meta name=\"description\" content=\"Durable solar panel electrical connectors, IP67 waterproof rating, and heat resistance. Ideal for efficient, safe solar power system connections.\" \/>\n<meta name=\"robots\" content=\"index, follow, max-snippet:-1, max-image-preview:large, max-video-preview:-1\" \/>\n<link rel=\"canonical\" href=\"https:\/\/www.jyiele.com\/de\/product\/1000vdc-30a-solar-panel-electrical-connectors-ip67\/\" \/>\n<meta property=\"og:locale\" content=\"de_DE\" \/>\n<meta property=\"og:type\" content=\"article\" \/>\n<meta property=\"og:title\" content=\"Solar Panel Electrical Connectors Manufacturer Form China\" \/>\n<meta property=\"og:description\" content=\"Durable solar panel electrical connectors, IP67 waterproof rating, and heat resistance. Ideal for efficient, safe solar power system connections.\" \/>\n<meta property=\"og:url\" content=\"https:\/\/www.jyiele.com\/de\/product\/1000vdc-30a-solar-panel-electrical-connectors-ip67\/\" \/>\n<meta property=\"og:site_name\" content=\"JYIELE\" \/>\n<meta property=\"article:modified_time\" content=\"2025-03-09T11:42:05+00:00\" \/>\n<meta property=\"og:image\" content=\"https:\/\/www.jyiele.com\/wp-content\/uploads\/2024\/10\/1000VDC-30A-Solar-Panel-Electrical-Connectors-IP67.webp\" \/>\n\t<meta property=\"og:image:width\" content=\"800\" \/>\n\t<meta property=\"og:image:height\" content=\"800\" \/>\n\t<meta property=\"og:image:type\" content=\"image\/webp\" \/>\n<meta name=\"twitter:card\" content=\"summary_large_image\" \/>\n<meta name=\"twitter:label1\" content=\"Gesch\u00e4tzte Lesezeit\" \/>\n\t<meta name=\"twitter:data1\" content=\"3\u00a0Minuten\" \/>\n<script type=\"application\/ld+json\" class=\"yoast-schema-graph\">{\"@context\":\"https:\/\/schema.org\",\"@graph\":[{\"@type\":\"WebPage\",\"@id\":\"https:\/\/www.jyiele.com\/product\/1000vdc-30a-solar-panel-electrical-connectors-ip67\/\",\"url\":\"https:\/\/www.jyiele.com\/product\/1000vdc-30a-solar-panel-electrical-connectors-ip67\/\",\"name\":\"Solar Panel Electrical Connectors Manufacturer Form China\",\"isPartOf\":{\"@id\":\"https:\/\/www.jyiele.com\/#website\"},\"primaryImageOfPage\":{\"@id\":\"https:\/\/www.jyiele.com\/product\/1000vdc-30a-solar-panel-electrical-connectors-ip67\/#primaryimage\"},\"image\":{\"@id\":\"https:\/\/www.jyiele.com\/product\/1000vdc-30a-solar-panel-electrical-connectors-ip67\/#primaryimage\"},\"thumbnailUrl\":\"https:\/\/www.jyiele.com\/wp-content\/uploads\/2024\/10\/1000VDC-30A-Solar-Panel-Electrical-Connectors-IP67.webp\",\"datePublished\":\"2024-11-13T10:10:11+00:00\",\"dateModified\":\"2025-03-09T11:42:05+00:00\",\"description\":\"Durable solar panel electrical connectors, IP67 waterproof rating, and heat resistance. Ideal for efficient, safe solar power system connections.\",\"breadcrumb\":{\"@id\":\"https:\/\/www.jyiele.com\/product\/1000vdc-30a-solar-panel-electrical-connectors-ip67\/#breadcrumb\"},\"inLanguage\":\"de\",\"potentialAction\":[{\"@type\":\"ReadAction\",\"target\":[\"https:\/\/www.jyiele.com\/product\/1000vdc-30a-solar-panel-electrical-connectors-ip67\/\"]}]},{\"@type\":\"ImageObject\",\"inLanguage\":\"de\",\"@id\":\"https:\/\/www.jyiele.com\/product\/1000vdc-30a-solar-panel-electrical-connectors-ip67\/#primaryimage\",\"url\":\"https:\/\/www.jyiele.com\/wp-content\/uploads\/2024\/10\/1000VDC-30A-Solar-Panel-Electrical-Connectors-IP67.webp\",\"contentUrl\":\"https:\/\/www.jyiele.com\/wp-content\/uploads\/2024\/10\/1000VDC-30A-Solar-Panel-Electrical-Connectors-IP67.webp\",\"width\":800,\"height\":800,\"caption\":\"1000VDC 30A Solar Panel Electrical Connectors IP67\"},{\"@type\":\"BreadcrumbList\",\"@id\":\"https:\/\/www.jyiele.com\/product\/1000vdc-30a-solar-panel-electrical-connectors-ip67\/#breadcrumb\",\"itemListElement\":[{\"@type\":\"ListItem\",\"position\":1,\"name\":\"Home\",\"item\":\"https:\/\/www.jyiele.com\/\"},{\"@type\":\"ListItem\",\"position\":2,\"name\":\"Product\",\"item\":\"https:\/\/www.jyiele.com\/product\/\"},{\"@type\":\"ListItem\",\"position\":3,\"name\":\"MC4 Connector\",\"item\":\"https:\/\/www.jyiele.com\/product-category\/mc4-connector\/\"},{\"@type\":\"ListItem\",\"position\":4,\"name\":\"1000VDC 30A Solar Panel Electrical Connectors IP67 Waterproof PV-HCA30\"}]},{\"@type\":\"WebSite\",\"@id\":\"https:\/\/www.jyiele.com\/#website\",\"url\":\"https:\/\/www.jyiele.com\/\",\"name\":\"JYIELE\",\"description\":\"Vacuum Circuit Breaker manufacturer\",\"publisher\":{\"@id\":\"https:\/\/www.jyiele.com\/#organization\"},\"potentialAction\":[{\"@type\":\"SearchAction\",\"target\":{\"@type\":\"EntryPoint\",\"urlTemplate\":\"https:\/\/www.jyiele.com\/?s={search_term_string}\"},\"query-input\":{\"@type\":\"PropertyValueSpecification\",\"valueRequired\":true,\"valueName\":\"search_term_string\"}}],\"inLanguage\":\"de\"},{\"@type\":\"Organization\",\"@id\":\"https:\/\/www.jyiele.com\/#organization\",\"name\":\"JYIELE\",\"url\":\"https:\/\/www.jyiele.com\/\",\"logo\":{\"@type\":\"ImageObject\",\"inLanguage\":\"de\",\"@id\":\"https:\/\/www.jyiele.com\/#\/schema\/logo\/image\/\",\"url\":\"https:\/\/www.jyiele.com\/wp-content\/uploads\/2024\/09\/cropped-jyele-1.webp\",\"contentUrl\":\"https:\/\/www.jyiele.com\/wp-content\/uploads\/2024\/09\/cropped-jyele-1.webp\",\"width\":137,\"height\":60,\"caption\":\"JYIELE\"},\"image\":{\"@id\":\"https:\/\/www.jyiele.com\/#\/schema\/logo\/image\/\"}}]}<\/script>\n<!-- \/ Yoast SEO plugin. -->","yoast_head_json":{"title":"Elektrische Solarpanel-Steckverbinder Hersteller Form China","description":"Langlebige elektrische Anschl\u00fcsse f\u00fcr Solarmodule, wasserdicht nach IP67 und hitzebest\u00e4ndig. Ideal f\u00fcr effiziente, sichere Verbindungen von Solarstromsystemen.","robots":{"index":"index","follow":"follow","max-snippet":"max-snippet:-1","max-image-preview":"max-image-preview:large","max-video-preview":"max-video-preview:-1"},"canonical":"https:\/\/www.jyiele.com\/de\/product\/1000vdc-30a-solar-panel-electrical-connectors-ip67\/","og_locale":"de_DE","og_type":"article","og_title":"Solar Panel Electrical Connectors Manufacturer Form China","og_description":"Durable solar panel electrical connectors, IP67 waterproof rating, and heat resistance. Ideal for efficient, safe solar power system connections.","og_url":"https:\/\/www.jyiele.com\/de\/product\/1000vdc-30a-solar-panel-electrical-connectors-ip67\/","og_site_name":"JYIELE","article_modified_time":"2025-03-09T11:42:05+00:00","og_image":[{"width":800,"height":800,"url":"https:\/\/www.jyiele.com\/wp-content\/uploads\/2024\/10\/1000VDC-30A-Solar-Panel-Electrical-Connectors-IP67.webp","type":"image\/webp"}],"twitter_card":"summary_large_image","twitter_misc":{"Gesch\u00e4tzte Lesezeit":"3\u00a0Minuten"},"schema":{"@context":"https:\/\/schema.org","@graph":[{"@type":"WebPage","@id":"https:\/\/www.jyiele.com\/product\/1000vdc-30a-solar-panel-electrical-connectors-ip67\/","url":"https:\/\/www.jyiele.com\/product\/1000vdc-30a-solar-panel-electrical-connectors-ip67\/","name":"Elektrische Solarpanel-Steckverbinder Hersteller Form China","isPartOf":{"@id":"https:\/\/www.jyiele.com\/#website"},"primaryImageOfPage":{"@id":"https:\/\/www.jyiele.com\/product\/1000vdc-30a-solar-panel-electrical-connectors-ip67\/#primaryimage"},"image":{"@id":"https:\/\/www.jyiele.com\/product\/1000vdc-30a-solar-panel-electrical-connectors-ip67\/#primaryimage"},"thumbnailUrl":"https:\/\/www.jyiele.com\/wp-content\/uploads\/2024\/10\/1000VDC-30A-Solar-Panel-Electrical-Connectors-IP67.webp","datePublished":"2024-11-13T10:10:11+00:00","dateModified":"2025-03-09T11:42:05+00:00","description":"Langlebige elektrische Anschl\u00fcsse f\u00fcr Solarmodule, wasserdicht nach IP67 und hitzebest\u00e4ndig. Ideal f\u00fcr effiziente, sichere Verbindungen von Solarstromsystemen.","breadcrumb":{"@id":"https:\/\/www.jyiele.com\/product\/1000vdc-30a-solar-panel-electrical-connectors-ip67\/#breadcrumb"},"inLanguage":"de","potentialAction":[{"@type":"ReadAction","target":["https:\/\/www.jyiele.com\/product\/1000vdc-30a-solar-panel-electrical-connectors-ip67\/"]}]},{"@type":"ImageObject","inLanguage":"de","@id":"https:\/\/www.jyiele.com\/product\/1000vdc-30a-solar-panel-electrical-connectors-ip67\/#primaryimage","url":"https:\/\/www.jyiele.com\/wp-content\/uploads\/2024\/10\/1000VDC-30A-Solar-Panel-Electrical-Connectors-IP67.webp","contentUrl":"https:\/\/www.jyiele.com\/wp-content\/uploads\/2024\/10\/1000VDC-30A-Solar-Panel-Electrical-Connectors-IP67.webp","width":800,"height":800,"caption":"1000VDC 30A Solar Panel Electrical Connectors IP67"},{"@type":"BreadcrumbList","@id":"https:\/\/www.jyiele.com\/product\/1000vdc-30a-solar-panel-electrical-connectors-ip67\/#breadcrumb","itemListElement":[{"@type":"ListItem","position":1,"name":"Home","item":"https:\/\/www.jyiele.com\/"},{"@type":"ListItem","position":2,"name":"Product","item":"https:\/\/www.jyiele.com\/product\/"},{"@type":"ListItem","position":3,"name":"MC4 Connector","item":"https:\/\/www.jyiele.com\/product-category\/mc4-connector\/"},{"@type":"ListItem","position":4,"name":"1000VDC 30A Solar Panel Electrical Connectors IP67 Waterproof PV-HCA30"}]},{"@type":"WebSite","@id":"https:\/\/www.jyiele.com\/#website","url":"https:\/\/www.jyiele.com\/","name":"JYIELE","description":"Hersteller von Vakuum-Leistungsschaltern","publisher":{"@id":"https:\/\/www.jyiele.com\/#organization"},"potentialAction":[{"@type":"SearchAction","target":{"@type":"EntryPoint","urlTemplate":"https:\/\/www.jyiele.com\/?s={search_term_string}"},"query-input":{"@type":"PropertyValueSpecification","valueRequired":true,"valueName":"search_term_string"}}],"inLanguage":"de"},{"@type":"Organization","@id":"https:\/\/www.jyiele.com\/#organization","name":"JYIELE","url":"https:\/\/www.jyiele.com\/","logo":{"@type":"ImageObject","inLanguage":"de","@id":"https:\/\/www.jyiele.com\/#\/schema\/logo\/image\/","url":"https:\/\/www.jyiele.com\/wp-content\/uploads\/2024\/09\/cropped-jyele-1.webp","contentUrl":"https:\/\/www.jyiele.com\/wp-content\/uploads\/2024\/09\/cropped-jyele-1.webp","width":137,"height":60,"caption":"JYIELE"},"image":{"@id":"https:\/\/www.jyiele.com\/#\/schema\/logo\/image\/"}}]}},"_links":{"self":[{"href":"https:\/\/www.jyiele.com\/de\/wp-json\/wp\/v2\/product\/1979","targetHints":{"allow":["GET"]}}],"collection":[{"href":"https:\/\/www.jyiele.com\/de\/wp-json\/wp\/v2\/product"}],"about":[{"href":"https:\/\/www.jyiele.com\/de\/wp-json\/wp\/v2\/types\/product"}],"version-history":[{"count":4,"href":"https:\/\/www.jyiele.com\/de\/wp-json\/wp\/v2\/product\/1979\/revisions"}],"predecessor-version":[{"id":1987,"href":"https:\/\/www.jyiele.com\/de\/wp-json\/wp\/v2\/product\/1979\/revisions\/1987"}],"wp:featuredmedia":[{"embeddable":true,"href":"https:\/\/www.jyiele.com\/de\/wp-json\/wp\/v2\/media\/1986"}],"wp:attachment":[{"href":"https:\/\/www.jyiele.com\/de\/wp-json\/wp\/v2\/media?parent=1979"}],"wp:term":[{"taxonomy":"product_brand","embeddable":true,"href":"https:\/\/www.jyiele.com\/de\/wp-json\/wp\/v2\/product_brand?post=1979"},{"taxonomy":"product_cat","embeddable":true,"href":"https:\/\/www.jyiele.com\/de\/wp-json\/wp\/v2\/product_cat?post=1979"},{"taxonomy":"product_tag","embeddable":true,"href":"https:\/\/www.jyiele.com\/de\/wp-json\/wp\/v2\/product_tag?post=1979"}],"curies":[{"name":"wp","href":"https:\/\/api.w.org\/{rel}","templated":true}]}}