{"id":2057,"date":"2023-03-09T11:29:21","date_gmt":"2023-03-09T11:29:21","guid":{"rendered":"https:\/\/www.jy-electric.com\/?post_type=product&#038;p=2057"},"modified":"2025-03-09T11:41:06","modified_gmt":"2025-03-09T11:41:06","slug":"isolation-type-dual-power-ats-automatic-transfer-switch","status":"publish","type":"product","link":"https:\/\/www.jyiele.com\/de\/product\/isolation-type-dual-power-ats-automatic-transfer-switch\/","title":{"rendered":"Automatischer ATS-Umschalter mit doppelter Leistung und Isolierung"},"content":{"rendered":"<h4 class=\"wp-block-heading\"><strong>Produktmerkmale<\/strong><\/h4>\n<p>Steuerger\u00e4t: eingebauter Controller<br \/>\nProduktstruktur: geringe Gr\u00f6\u00dfe, gro\u00dfer Strom, einfache Struktur, ATS-integriert<br \/>\nMerkmale: schnelle Schaltgeschwindigkeit, geringe Ausfallrate, einfache Wartung, zuverl\u00e4ssige Leistung<br \/>\nVerdrahtungsmethode: Frontverdrahtung<br \/>\nUmwandlungsmodus: Netz-zu-Netz, Netz-zu-Erzeuger, Selbstumschaltung und Selbstr\u00fcckgewinnung<br \/>\nProduktrahmen: 100, 160, 250, 400, 630, 1000, 1250, 1600, 2000, 2500, 3200<br \/>\nProduktstrom: 20, 32, 40, 63, 80, 100, 125, 160, 200, 225, 250, 315, 400, 500, 630, 800, 1000, 1250, 1600, 2000, 2500, 3200A<br \/>\nProduktkategorie: Leistungsschalter Lastschalter Typ<br \/>\nAnzahl der product-Pole: 3, 4<br \/>\nProduktnorm: GB\/T14048.11<br \/>\nATSE: Klasse PC<\/p>\n<p><strong>Modell und Bedeutung<\/strong><\/p>\n<p>Der Schalter kann vollautomatisch, obligatorisch \"0\", Fernbedienung, dringende manuelle Bedienung erreichen; Es hat auch die Funktionen der fehlenden Phase Pr\u00fcfung und Schutz, elektrische Mechanismus Verriegelung etc.<\/p>\n<h4 class=\"wp-block-heading\"><strong>Produktmerkmale<\/strong><\/h4>\n<figure class=\"wp-block-table\">\n<div class=\"scroll\">\n<table>\n<tbody>\n<tr>\n<td>Typ: Automatischer Umschalter<br \/>\nPole Nummer: 3P\u30014P<br \/>\nNennspannung: 380V<br \/>\nBCD-Kurve: C<br \/>\nNennfrequenz: 50Hz<br \/>\nProduktname: Automatischer Umschalter<br \/>\nNennstrom: 630A<br \/>\nNennspannung: 400V<br \/>\nNennfrequenz: 50 Hz<\/td>\n<td>Zertifikat: ISO9001,3C<br \/>\nBemessungskapazit\u00e4t der Kurzschlussverbindung: 26KA<br \/>\n\u00dcbertragungszeit I-II oder II-I: 0,6S<br \/>\nSteuerspannung: AC220V<br \/>\nNenn-Kurzzeitstromfestigkeit (Icw): 12,6kA\/60ms<br \/>\nKategorie verwenden: AC-33B<br \/>\nOrt der Herkunft: Zhejiang, China, China<br \/>\nModell-Nummer: CJQ3-400GA\/4P<br \/>\nVerkaufende Einheiten: Einzelst\u00fcck<\/td>\n<\/tr>\n<\/tbody>\n<\/table>\n<\/div><figcaption class=\"wp-element-caption\">\u25c6Gute Sicherheit:Mit doppelreihigem Verbundkontakt, gleichm\u00e4\u00dfig ziehendem \u00d6ffnungs- und Schlie\u00dfmechanismus, Mikromotor-Energie-Vorspeichertechnologie sowie mikroelektronischer Steuerungstechnologie kann er grunds\u00e4tzlich keinen \u00dcberschlag realisieren (keine Lichtbogenrutsche)<br \/>\n\u25c6Zuverl\u00e4ssige mechanische und elektrische Verriegelung<br \/>\n\u25c6Dank der Nulldurchgangstechnologie kann es im Notfall zwangsweise auf Null gestellt werden (Abschaltung des doppelten Stromkreises synchron)<br \/>\nMit der sichtbaren Anzeige der Ein\/Aus-Position und der Vorh\u00e4ngeschlossfunktion kann der Abstand zwischen Stromversorgung und Last eingehalten werden.<br \/>\n\u25c6Hohe Zuverl\u00e4ssigkeit, 8000-fache Lebensdauer<br \/>\nDurch die elektromechanische Integration \u00fcbertr\u00e4gt der Schalter genau, flexibel und reibungslos. hervorragende Kompatibilit\u00e4t mit dem Elektromagnetismus, starke Widerstandsf\u00e4higkeit gegen Interferenzen, keine St\u00f6rungen nach au\u00dfen.<br \/>\nDer Schalter verf\u00fcgt \u00fcber eine Mehrkreis-Eingangs-\/Ausgangsschnittstelle, die eine SPS-Fernsteuerung sowie die Automatisierung des Systems erm\u00f6glicht.<br \/>\n\u25c6 Der Schalter ben\u00f6tigt keine externen Bedienelemente.<br \/>\nSch\u00f6nes Aussehen, kleines Volumen, geringes Gewicht.<br \/>\n\u25c6 Das Produkt entspricht den folgenden Normen: GB\/T 14048.11-2008\/IEC60947-6-1 Automatische Umschalteinrichtungen, GB\/T14048.3-2008\/IEC60947-1 Allgemeine Regeln f\u00fcr Niederspannungsschaltger\u00e4te und -steuerger\u00e4te sowie GB\/14048.3-2008\/IEC60947-3 Niederspannungsschaltger\u00e4te und -steuerger\u00e4te-Niederspannungsschalter, Trennschalter, Lasttrennschalter und Sicherungskombinationseinheiten.<\/figcaption><\/figure>\n<p><strong>Technischer Index<\/strong><\/p>\n<figure class=\"wp-block-table\">\n<div class=\"scroll\">\n<table>\n<tbody>\n<tr>\n<td>Konventioneller Heizstrom<\/td>\n<td>16A,20A,25A,32A,40A,50A,63A,80A,100A<\/td>\n<\/tr>\n<tr>\n<td>Bemessungsisolationsspannung Ui<\/td>\n<td>690V<\/td>\n<\/tr>\n<tr>\n<td>Bemessungseinschlagsspannung Uimp<\/td>\n<td>8KV<\/td>\n<\/tr>\n<tr>\n<td>Nennbetriebsspannung Ue<\/td>\n<td>AC440V<\/td>\n<\/tr>\n<tr>\n<td>Bemessungsbetriebsstrom Ie<\/td>\n<td>16A,20A,25A,32A,40A,50A,63A,80A,100A<\/td>\n<\/tr>\n<tr>\n<td>Zeichen laden<\/td>\n<td>AC33iB<\/td>\n<\/tr>\n<tr>\n<td>Nennleistung<\/td>\n<td>10Ie<\/td>\n<\/tr>\n<tr>\n<td>Nennausschaltverm\u00f6gen<\/td>\n<td>8Ie<\/td>\n<\/tr>\n<tr>\n<td>Nenngrenzkurzschlussstrom<\/td>\n<td>50KA<\/td>\n<\/tr>\n<tr>\n<td>Bemessungs-Kurzzeitstromfestigkeit Ie<\/td>\n<td>7KA<\/td>\n<\/tr>\n<tr>\n<td>\u00dcbertragungszeit II-I oder I-II<\/td>\n<td>2S<\/td>\n<\/tr>\n<tr>\n<td>Spannung der Steuerspannungsversorgung<\/td>\n<td>AC220V (andere Spannungen m\u00fcssen angepasst werden)<\/td>\n<\/tr>\n<tr>\n<td>Energieverbrauch des Motors<\/td>\n<td>40W<\/td>\n<\/tr>\n<tr>\n<td>Gewicht Kg 4Pole<\/td>\n<td>3.5<\/td>\n<\/tr>\n<\/tbody>\n<\/table>\n<\/div>\n<\/figure>\n<figure class=\"wp-block-table\">\n<div class=\"scroll\">\n<table>\n<tbody>\n<tr>\n<td colspan=\"2\">Konventioneller Heizstrom<\/td>\n<td colspan=\"16\">100A,160A,250A,400A,630A,800A,1000A,1250A,1600A,2000A,2500A,3200A<\/td>\n<td colspan=\"2\"><\/td>\n<\/tr>\n<tr>\n<td colspan=\"2\">Bemessungsisolationsspannung Ui<\/td>\n<td colspan=\"16\">800V<\/td>\n<td colspan=\"2\"><\/td>\n<\/tr>\n<tr>\n<td colspan=\"2\">Bemessungseinschlagsspannung Uimp<\/td>\n<td colspan=\"8\">8KV<\/td>\n<td colspan=\"8\">12KV<\/td>\n<td colspan=\"2\"><\/td>\n<\/tr>\n<tr>\n<td colspan=\"2\">Nennbetriebsspannung Ue<\/td>\n<td colspan=\"16\">AC440V<\/td>\n<td colspan=\"2\"><\/td>\n<\/tr>\n<tr>\n<td colspan=\"2\">Bemessungsbetriebsstrom Ie<\/td>\n<td colspan=\"16\">125A,160A,250A,400A,630A,800A,1000A,1250A,1600A,2000A,2500A,3200A<\/td>\n<td colspan=\"2\"><\/td>\n<\/tr>\n<tr>\n<td colspan=\"2\">Zeichen laden<\/td>\n<td colspan=\"16\">AC33iB<\/td>\n<td colspan=\"2\"><\/td>\n<\/tr>\n<tr>\n<td colspan=\"2\">Nennleistung<\/td>\n<td colspan=\"3\">17KA<\/td>\n<td colspan=\"3\">25,2KA<\/td>\n<td colspan=\"10\">34KA<\/td>\n<td colspan=\"2\"><\/td>\n<\/tr>\n<tr>\n<td colspan=\"2\">Nennausschaltverm\u00f6gen<\/td>\n<td colspan=\"16\"><\/td>\n<td colspan=\"2\"><\/td>\n<\/tr>\n<tr>\n<td colspan=\"2\">Nenngrenzkurzschlussstrom<\/td>\n<td colspan=\"7\">20KA<\/td>\n<td colspan=\"9\">50KA<\/td>\n<td colspan=\"2\"><\/td>\n<\/tr>\n<tr>\n<td colspan=\"2\">Bemessungs-Kurzzeitstromfestigkeit Ie<\/td>\n<td colspan=\"3\">10KA<\/td>\n<td colspan=\"4\">12,6KA<\/td>\n<td colspan=\"9\">20KA<\/td>\n<td colspan=\"2\"><\/td>\n<\/tr>\n<tr>\n<td colspan=\"2\">\u00dcbertragungszeit II-I oder I-II<\/td>\n<td colspan=\"7\">2S<\/td>\n<td colspan=\"9\">3S<\/td>\n<td colspan=\"2\"><\/td>\n<\/tr>\n<tr>\n<td colspan=\"2\">Spannung der Steuerspannungsversorgung<\/td>\n<td colspan=\"16\">AC220V (andere Spannungen m\u00fcssen angepasst werden)<\/td>\n<td colspan=\"2\"><\/td>\n<\/tr>\n<tr>\n<td rowspan=\"3\">Energieverbrauch des Motors<\/td>\n<td>Start<\/td>\n<td>300W<\/td>\n<td colspan=\"3\">325W<\/td>\n<td colspan=\"3\">355W<\/td>\n<td colspan=\"2\">400W<\/td>\n<td colspan=\"4\">440W<\/td>\n<td colspan=\"3\">600W<\/td>\n<td colspan=\"2\"><\/td>\n<\/tr>\n<tr>\n<td rowspan=\"2\">Normal<\/td>\n<td rowspan=\"2\">355W<\/td>\n<td colspan=\"3\" rowspan=\"2\">362W<\/td>\n<td colspan=\"3\" rowspan=\"2\">374W<\/td>\n<td colspan=\"2\" rowspan=\"2\">390W<\/td>\n<td colspan=\"4\" rowspan=\"2\">398W<\/td>\n<td colspan=\"3\"><\/td>\n<td colspan=\"2\" rowspan=\"2\"><\/td>\n<\/tr>\n<tr>\n<td colspan=\"3\">120W<\/td>\n<\/tr>\n<tr>\n<td colspan=\"2\" rowspan=\"2\">Gewicht Kg 4Pole<\/td>\n<td>3<\/td>\n<td rowspan=\"2\">.8.8<\/td>\n<td colspan=\"2\">9<\/td>\n<td rowspan=\"2\">116.5<\/td>\n<td colspan=\"2\" rowspan=\"2\">17<\/td>\n<td colspan=\"3\" rowspan=\"2\">32<\/td>\n<td rowspan=\"2\">36<\/td>\n<td rowspan=\"2\">40<\/td>\n<td colspan=\"2\" rowspan=\"2\">49<\/td>\n<td rowspan=\"2\">95<\/td>\n<td colspan=\"2\" rowspan=\"2\">98<\/td>\n<td rowspan=\"2\">135<\/td>\n<\/tr>\n<\/tbody>\n<\/table>\n<\/div>\n<\/figure>","protected":false},"excerpt":{"rendered":"<p>CJQ3 Dual Power Automatic Transfer Switch Serie ist eine Art neuer automatischer Transferschalter mit Schalter und Logiksteuerung, die Mechanik und Elektrizit\u00e4t in ein integrales Ganzes verwandelt. Es ist geeignet f\u00fcr die Verwendung in der Verteilung Ausr\u00fcstung in der Industrie und Wirtschaft mit Nenn-Isolationsspannung bis zu 690V, Nennfrequenz 50Hz\/60Hz, Nennspannung 380V, konventionellen Heizstrom bis zu 3200A, es wird verwendet, um automatisch zwischen Normalleistung und Reserveleistung im Stromnetz oder \u00dcbertragung automatisch und Sicherheit Isolierung von zwei S\u00e4tzen Last Ger\u00e4t usw. Es kann f\u00fcr Krankenhaus, Gesch\u00e4ft, Bank, hohes Geb\u00e4ude, Kohlebergwerk, Telekommunikation, Eisenbergwerk, Superhighway, Flughafen, industrielle flie\u00dfende Wasserleitung und milit\u00e4rische Installation usw. verwendet werden. Wichtige Situation, in der der Ausfall der Stromversorgung nicht erlaubt ist.<\/p>","protected":false},"featured_media":2061,"template":"","meta":{"site-sidebar-layout":"default","site-content-layout":"","ast-site-content-layout":"default","site-content-style":"default","site-sidebar-style":"default","ast-global-header-display":"","ast-banner-title-visibility":"","ast-main-header-display":"","ast-hfb-above-header-display":"","ast-hfb-below-header-display":"","ast-hfb-mobile-header-display":"","site-post-title":"","ast-breadcrumbs-content":"","ast-featured-img":"","footer-sml-layout":"","ast-disable-related-posts":"","theme-transparent-header-meta":"default","adv-header-id-meta":"","stick-header-meta":"","header-above-stick-meta":"","header-main-stick-meta":"","header-below-stick-meta":"","astra-migrate-meta-layouts":"set","ast-page-background-enabled":"default","ast-page-background-meta":{"desktop":{"background-color":"var(--ast-global-color-4)","background-image":"","background-repeat":"repeat","background-position":"center center","background-size":"auto","background-attachment":"scroll","background-type":"","background-media":"","overlay-type":"","overlay-color":"","overlay-opacity":"","overlay-gradient":""},"tablet":{"background-color":"","background-image":"","background-repeat":"repeat","background-position":"center center","background-size":"auto","background-attachment":"scroll","background-type":"","background-media":"","overlay-type":"","overlay-color":"","overlay-opacity":"","overlay-gradient":""},"mobile":{"background-color":"","background-image":"","background-repeat":"repeat","background-position":"center center","background-size":"auto","background-attachment":"scroll","background-type":"","background-media":"","overlay-type":"","overlay-color":"","overlay-opacity":"","overlay-gradient":""}},"ast-content-background-meta":{"desktop":{"background-color":"var(--ast-global-color-5)","background-image":"","background-repeat":"repeat","background-position":"center center","background-size":"auto","background-attachment":"scroll","background-type":"","background-media":"","overlay-type":"","overlay-color":"","overlay-opacity":"","overlay-gradient":""},"tablet":{"background-color":"var(--ast-global-color-5)","background-image":"","background-repeat":"repeat","background-position":"center center","background-size":"auto","background-attachment":"scroll","background-type":"","background-media":"","overlay-type":"","overlay-color":"","overlay-opacity":"","overlay-gradient":""},"mobile":{"background-color":"var(--ast-global-color-5)","background-image":"","background-repeat":"repeat","background-position":"center center","background-size":"auto","background-attachment":"scroll","background-type":"","background-media":"","overlay-type":"","overlay-color":"","overlay-opacity":"","overlay-gradient":""}}},"product_brand":[],"product_cat":[24],"product_tag":[],"class_list":{"0":"post-2057","1":"product","2":"type-product","3":"status-publish","4":"has-post-thumbnail","6":"product_cat-dual-power-automatic-transfer-switch","7":"desktop-align-left","8":"tablet-align-left","9":"mobile-align-left","11":"first","12":"instock","13":"shipping-taxable","14":"product-type-simple"},"yoast_head":"<!-- This site is optimized with the Yoast SEO plugin v24.8.1 - https:\/\/yoast.com\/wordpress\/plugins\/seo\/ -->\n<title>Isolation Type Dual Power ATS Automatic Transfer Switch Manufacturer - JYIELE<\/title>\n<meta name=\"robots\" content=\"index, follow, max-snippet:-1, max-image-preview:large, max-video-preview:-1\" \/>\n<link rel=\"canonical\" href=\"https:\/\/www.jyiele.com\/de\/product\/isolation-type-dual-power-ats-automatic-transfer-switch\/\" \/>\n<meta property=\"og:locale\" content=\"de_DE\" \/>\n<meta property=\"og:type\" content=\"article\" \/>\n<meta property=\"og:title\" content=\"Isolation Type Dual Power ATS Automatic Transfer Switch Manufacturer - JYIELE\" \/>\n<meta property=\"og:description\" content=\"CJQ3 Dual Power Automatic Transfer Switch Series is a kind of new automatic transfer switch gathered with switch and logic controller\uff0cachieve mechanic and electricity turn into a integral whole. It is suitable for using in the distribution equipment in industry and business with rated insulating voltage up to 690V, rated frequency 50Hz\/60Hz, rated voltage 380V, conventional heating current up to 3200A ,it is used to transfer automatically between Normal power and reserve power in power system or transfer automatically and safety isolation of two sets load device etc. It can be used for hospital, shop, bank, high building, coal mine, telecommunication, iron mine, superhighway, airport, industrial flowing water line and military installation etc. Important situation where disallow power supply failure.\" \/>\n<meta property=\"og:url\" content=\"https:\/\/www.jyiele.com\/de\/product\/isolation-type-dual-power-ats-automatic-transfer-switch\/\" \/>\n<meta property=\"og:site_name\" content=\"JYIELE\" \/>\n<meta property=\"article:modified_time\" content=\"2025-03-09T11:41:06+00:00\" \/>\n<meta property=\"og:image\" content=\"https:\/\/www.jyiele.com\/wp-content\/uploads\/2024\/10\/Isolation-Type-Dual-Power-ATS-Automatic-Transfer-Switch.webp\" \/>\n\t<meta property=\"og:image:width\" content=\"800\" \/>\n\t<meta property=\"og:image:height\" content=\"800\" \/>\n\t<meta property=\"og:image:type\" content=\"image\/webp\" \/>\n<meta name=\"twitter:card\" content=\"summary_large_image\" \/>\n<meta name=\"twitter:label1\" content=\"Gesch\u00e4tzte Lesezeit\" \/>\n\t<meta name=\"twitter:data1\" content=\"3\u00a0Minuten\" \/>\n<script type=\"application\/ld+json\" class=\"yoast-schema-graph\">{\"@context\":\"https:\/\/schema.org\",\"@graph\":[{\"@type\":\"WebPage\",\"@id\":\"https:\/\/www.jyiele.com\/product\/isolation-type-dual-power-ats-automatic-transfer-switch\/\",\"url\":\"https:\/\/www.jyiele.com\/product\/isolation-type-dual-power-ats-automatic-transfer-switch\/\",\"name\":\"Isolation Type Dual Power ATS Automatic Transfer Switch Manufacturer - JYIELE\",\"isPartOf\":{\"@id\":\"https:\/\/www.jyiele.com\/#website\"},\"primaryImageOfPage\":{\"@id\":\"https:\/\/www.jyiele.com\/product\/isolation-type-dual-power-ats-automatic-transfer-switch\/#primaryimage\"},\"image\":{\"@id\":\"https:\/\/www.jyiele.com\/product\/isolation-type-dual-power-ats-automatic-transfer-switch\/#primaryimage\"},\"thumbnailUrl\":\"https:\/\/www.jyiele.com\/wp-content\/uploads\/2024\/10\/Isolation-Type-Dual-Power-ATS-Automatic-Transfer-Switch.webp\",\"datePublished\":\"2023-03-09T11:29:21+00:00\",\"dateModified\":\"2025-03-09T11:41:06+00:00\",\"breadcrumb\":{\"@id\":\"https:\/\/www.jyiele.com\/product\/isolation-type-dual-power-ats-automatic-transfer-switch\/#breadcrumb\"},\"inLanguage\":\"de\",\"potentialAction\":[{\"@type\":\"ReadAction\",\"target\":[\"https:\/\/www.jyiele.com\/product\/isolation-type-dual-power-ats-automatic-transfer-switch\/\"]}]},{\"@type\":\"ImageObject\",\"inLanguage\":\"de\",\"@id\":\"https:\/\/www.jyiele.com\/product\/isolation-type-dual-power-ats-automatic-transfer-switch\/#primaryimage\",\"url\":\"https:\/\/www.jyiele.com\/wp-content\/uploads\/2024\/10\/Isolation-Type-Dual-Power-ATS-Automatic-Transfer-Switch.webp\",\"contentUrl\":\"https:\/\/www.jyiele.com\/wp-content\/uploads\/2024\/10\/Isolation-Type-Dual-Power-ATS-Automatic-Transfer-Switch.webp\",\"width\":800,\"height\":800,\"caption\":\"Isolation Type Dual Power ATS Automatic Transfer Switch\"},{\"@type\":\"BreadcrumbList\",\"@id\":\"https:\/\/www.jyiele.com\/product\/isolation-type-dual-power-ats-automatic-transfer-switch\/#breadcrumb\",\"itemListElement\":[{\"@type\":\"ListItem\",\"position\":1,\"name\":\"Home\",\"item\":\"https:\/\/www.jyiele.com\/\"},{\"@type\":\"ListItem\",\"position\":2,\"name\":\"Product\",\"item\":\"https:\/\/www.jyiele.com\/product\/\"},{\"@type\":\"ListItem\",\"position\":3,\"name\":\"Dual Power Automatic Transfer Switch\",\"item\":\"https:\/\/www.jyiele.com\/it\/categoria-prodotto\/dual-power-automatic-transfer-switch\/\"},{\"@type\":\"ListItem\",\"position\":4,\"name\":\"Isolation Type Dual Power ATS Automatic Transfer Switch\"}]},{\"@type\":\"WebSite\",\"@id\":\"https:\/\/www.jyiele.com\/#website\",\"url\":\"https:\/\/www.jyiele.com\/\",\"name\":\"JYIELE\",\"description\":\"Vacuum Circuit Breaker manufacturer\",\"publisher\":{\"@id\":\"https:\/\/www.jyiele.com\/#organization\"},\"potentialAction\":[{\"@type\":\"SearchAction\",\"target\":{\"@type\":\"EntryPoint\",\"urlTemplate\":\"https:\/\/www.jyiele.com\/?s={search_term_string}\"},\"query-input\":{\"@type\":\"PropertyValueSpecification\",\"valueRequired\":true,\"valueName\":\"search_term_string\"}}],\"inLanguage\":\"de\"},{\"@type\":\"Organization\",\"@id\":\"https:\/\/www.jyiele.com\/#organization\",\"name\":\"JYIELE\",\"url\":\"https:\/\/www.jyiele.com\/\",\"logo\":{\"@type\":\"ImageObject\",\"inLanguage\":\"de\",\"@id\":\"https:\/\/www.jyiele.com\/#\/schema\/logo\/image\/\",\"url\":\"https:\/\/www.jyiele.com\/wp-content\/uploads\/2024\/09\/cropped-jyele-1.webp\",\"contentUrl\":\"https:\/\/www.jyiele.com\/wp-content\/uploads\/2024\/09\/cropped-jyele-1.webp\",\"width\":137,\"height\":60,\"caption\":\"JYIELE\"},\"image\":{\"@id\":\"https:\/\/www.jyiele.com\/#\/schema\/logo\/image\/\"}}]}<\/script>\n<!-- \/ Yoast SEO plugin. -->","yoast_head_json":{"title":"Automatischer Trennschalter mit doppelter Leistung ATS Hersteller - JYIELE","robots":{"index":"index","follow":"follow","max-snippet":"max-snippet:-1","max-image-preview":"max-image-preview:large","max-video-preview":"max-video-preview:-1"},"canonical":"https:\/\/www.jyiele.com\/de\/product\/isolation-type-dual-power-ats-automatic-transfer-switch\/","og_locale":"de_DE","og_type":"article","og_title":"Isolation Type Dual Power ATS Automatic Transfer Switch Manufacturer - JYIELE","og_description":"CJQ3 Dual Power Automatic Transfer Switch Series is a kind of new automatic transfer switch gathered with switch and logic controller\uff0cachieve mechanic and electricity turn into a integral whole. It is suitable for using in the distribution equipment in industry and business with rated insulating voltage up to 690V, rated frequency 50Hz\/60Hz, rated voltage 380V, conventional heating current up to 3200A ,it is used to transfer automatically between Normal power and reserve power in power system or transfer automatically and safety isolation of two sets load device etc. It can be used for hospital, shop, bank, high building, coal mine, telecommunication, iron mine, superhighway, airport, industrial flowing water line and military installation etc. Important situation where disallow power supply failure.","og_url":"https:\/\/www.jyiele.com\/de\/product\/isolation-type-dual-power-ats-automatic-transfer-switch\/","og_site_name":"JYIELE","article_modified_time":"2025-03-09T11:41:06+00:00","og_image":[{"width":800,"height":800,"url":"https:\/\/www.jyiele.com\/wp-content\/uploads\/2024\/10\/Isolation-Type-Dual-Power-ATS-Automatic-Transfer-Switch.webp","type":"image\/webp"}],"twitter_card":"summary_large_image","twitter_misc":{"Gesch\u00e4tzte Lesezeit":"3\u00a0Minuten"},"schema":{"@context":"https:\/\/schema.org","@graph":[{"@type":"WebPage","@id":"https:\/\/www.jyiele.com\/product\/isolation-type-dual-power-ats-automatic-transfer-switch\/","url":"https:\/\/www.jyiele.com\/product\/isolation-type-dual-power-ats-automatic-transfer-switch\/","name":"Automatischer Trennschalter mit doppelter Leistung ATS Hersteller - JYIELE","isPartOf":{"@id":"https:\/\/www.jyiele.com\/#website"},"primaryImageOfPage":{"@id":"https:\/\/www.jyiele.com\/product\/isolation-type-dual-power-ats-automatic-transfer-switch\/#primaryimage"},"image":{"@id":"https:\/\/www.jyiele.com\/product\/isolation-type-dual-power-ats-automatic-transfer-switch\/#primaryimage"},"thumbnailUrl":"https:\/\/www.jyiele.com\/wp-content\/uploads\/2024\/10\/Isolation-Type-Dual-Power-ATS-Automatic-Transfer-Switch.webp","datePublished":"2023-03-09T11:29:21+00:00","dateModified":"2025-03-09T11:41:06+00:00","breadcrumb":{"@id":"https:\/\/www.jyiele.com\/product\/isolation-type-dual-power-ats-automatic-transfer-switch\/#breadcrumb"},"inLanguage":"de","potentialAction":[{"@type":"ReadAction","target":["https:\/\/www.jyiele.com\/product\/isolation-type-dual-power-ats-automatic-transfer-switch\/"]}]},{"@type":"ImageObject","inLanguage":"de","@id":"https:\/\/www.jyiele.com\/product\/isolation-type-dual-power-ats-automatic-transfer-switch\/#primaryimage","url":"https:\/\/www.jyiele.com\/wp-content\/uploads\/2024\/10\/Isolation-Type-Dual-Power-ATS-Automatic-Transfer-Switch.webp","contentUrl":"https:\/\/www.jyiele.com\/wp-content\/uploads\/2024\/10\/Isolation-Type-Dual-Power-ATS-Automatic-Transfer-Switch.webp","width":800,"height":800,"caption":"Isolation Type Dual Power ATS Automatic Transfer Switch"},{"@type":"BreadcrumbList","@id":"https:\/\/www.jyiele.com\/product\/isolation-type-dual-power-ats-automatic-transfer-switch\/#breadcrumb","itemListElement":[{"@type":"ListItem","position":1,"name":"Home","item":"https:\/\/www.jyiele.com\/"},{"@type":"ListItem","position":2,"name":"Product","item":"https:\/\/www.jyiele.com\/product\/"},{"@type":"ListItem","position":3,"name":"Dual Power Automatic Transfer Switch","item":"https:\/\/www.jyiele.com\/it\/categoria-prodotto\/dual-power-automatic-transfer-switch\/"},{"@type":"ListItem","position":4,"name":"Isolation Type Dual Power ATS Automatic Transfer Switch"}]},{"@type":"WebSite","@id":"https:\/\/www.jyiele.com\/#website","url":"https:\/\/www.jyiele.com\/","name":"JYIELE","description":"Hersteller von Vakuum-Leistungsschaltern","publisher":{"@id":"https:\/\/www.jyiele.com\/#organization"},"potentialAction":[{"@type":"SearchAction","target":{"@type":"EntryPoint","urlTemplate":"https:\/\/www.jyiele.com\/?s={search_term_string}"},"query-input":{"@type":"PropertyValueSpecification","valueRequired":true,"valueName":"search_term_string"}}],"inLanguage":"de"},{"@type":"Organization","@id":"https:\/\/www.jyiele.com\/#organization","name":"JYIELE","url":"https:\/\/www.jyiele.com\/","logo":{"@type":"ImageObject","inLanguage":"de","@id":"https:\/\/www.jyiele.com\/#\/schema\/logo\/image\/","url":"https:\/\/www.jyiele.com\/wp-content\/uploads\/2024\/09\/cropped-jyele-1.webp","contentUrl":"https:\/\/www.jyiele.com\/wp-content\/uploads\/2024\/09\/cropped-jyele-1.webp","width":137,"height":60,"caption":"JYIELE"},"image":{"@id":"https:\/\/www.jyiele.com\/#\/schema\/logo\/image\/"}}]}},"_links":{"self":[{"href":"https:\/\/www.jyiele.com\/de\/wp-json\/wp\/v2\/product\/2057","targetHints":{"allow":["GET"]}}],"collection":[{"href":"https:\/\/www.jyiele.com\/de\/wp-json\/wp\/v2\/product"}],"about":[{"href":"https:\/\/www.jyiele.com\/de\/wp-json\/wp\/v2\/types\/product"}],"version-history":[{"count":1,"href":"https:\/\/www.jyiele.com\/de\/wp-json\/wp\/v2\/product\/2057\/revisions"}],"predecessor-version":[{"id":2062,"href":"https:\/\/www.jyiele.com\/de\/wp-json\/wp\/v2\/product\/2057\/revisions\/2062"}],"wp:featuredmedia":[{"embeddable":true,"href":"https:\/\/www.jyiele.com\/de\/wp-json\/wp\/v2\/media\/2061"}],"wp:attachment":[{"href":"https:\/\/www.jyiele.com\/de\/wp-json\/wp\/v2\/media?parent=2057"}],"wp:term":[{"taxonomy":"product_brand","embeddable":true,"href":"https:\/\/www.jyiele.com\/de\/wp-json\/wp\/v2\/product_brand?post=2057"},{"taxonomy":"product_cat","embeddable":true,"href":"https:\/\/www.jyiele.com\/de\/wp-json\/wp\/v2\/product_cat?post=2057"},{"taxonomy":"product_tag","embeddable":true,"href":"https:\/\/www.jyiele.com\/de\/wp-json\/wp\/v2\/product_tag?post=2057"}],"curies":[{"name":"wp","href":"https:\/\/api.w.org\/{rel}","templated":true}]}}