{"id":2063,"date":"2024-10-15T09:43:04","date_gmt":"2024-10-15T09:43:04","guid":{"rendered":"https:\/\/www.jy-electric.com\/?post_type=product&#038;p=2063"},"modified":"2025-03-09T11:35:41","modified_gmt":"2025-03-09T11:35:41","slug":"4p-double-power-automatic-transfer-switch","status":"publish","type":"product","link":"https:\/\/www.jyiele.com\/de\/product\/4p-double-power-automatic-transfer-switch\/","title":{"rendered":"Hochwertige ATSQ2 Serie 4P Intelligenter automatischer Doppelleistungsumschalter"},"content":{"rendered":"<h4 class=\"wp-block-heading\"><strong>Produktmerkmale<\/strong><\/h4>\n<p>Internes Zubeh\u00f6r: Arbeitsstromausl\u00f6ser, Unterspannungsausl\u00f6ser, Hilfskontakte, Alarmkontakte<br \/>\nProduktfunktion: automatischer Netzschalter, \u00dcberlast- und Kurzschlussschutz, etc.<br \/>\nProduktleistung: Die Schaltverz\u00f6gerung ist einstellbar, und die Aktionszeit ist genau<br \/>\nProduktverwendung: Metallurgie, Bauwesen, Milit\u00e4r und andere zweiseitige Lastf\u00e4lle<br \/>\nProduktstruktur: geringe Gr\u00f6\u00dfe, kompakte Struktur, kurze Lichtbogenbildung, hohe Bruchfestigkeit<br \/>\nProduktrahmen: 63, 100, 225, 250, 400, 630, 800, 1250<br \/>\nProduktstrom: 6A-1250A<br \/>\nAnzahl der product-Pole: 3, 4<br \/>\nProduktnorm: IEC60947-6, GB14048.11<br \/>\nATSE: CB-Klasse<\/p>\n<figure class=\"wp-block-table\">\n<div class=\"scroll\">\n<table>\n<tbody>\n<tr>\n<td>Modell-Nummer: CJQ2<br \/>\nMax. Stromst\u00e4rke: 12500A<br \/>\nMax. Spannung: 400V<br \/>\nProduktname: Intelligenter automatischer Umschalter mit doppelter Leistung<br \/>\nNennstrom: 6~1250A<br \/>\nPole: 3P\/4P<br \/>\nGarantie: 1 Jahr<br \/>\nMaterial: Klasse CB<\/td>\n<td>Handgriff: YES<br \/>\nOEM: Ja<br \/>\nTyp: Mold Case Circuit Breaker<br \/>\nVerpackung: Standard-Export-Verpackung<br \/>\nExpress: DHL, TNT, EMS, FEDEX oder als Ihre Anfrage<br \/>\nZertifizierung: CE<br \/>\nOb der smart: Ja<br \/>\nOrt der Herkunft: Zhejiang, China<\/td>\n<\/tr>\n<\/tbody>\n<\/table>\n<\/div>\n<\/figure>\n<h4 class=\"wp-block-heading\"><strong>Modell<\/strong><\/h4>\n<figure class=\"wp-block-table\">\n<div class=\"scroll\">\n<table>\n<tbody>\n<tr>\n<td rowspan=\"7\">Modell:ATSQ2\u25a1-\u25a1\/\u25a1\u25a1<\/td>\n<td>ATS<\/td>\n<td>Automatischer Umschalter<\/td>\n<\/tr>\n<tr>\n<td>Q<\/td>\n<td>CB-Stufe<\/td>\n<\/tr>\n<tr>\n<td>2<\/td>\n<td>Entwurfssequenz<\/td>\n<\/tr>\n<tr>\n<td>\u25a1<\/td>\n<td>(R)Automatische Umwandlung und Wiederherstellung(S)Automatische Umwandlung und nicht automatische Wiederherstellung(F) Das Netz zum Generator<\/td>\n<\/tr>\n<tr>\n<td>\u25a1<\/td>\n<td>Maximaler Strom<\/td>\n<\/tr>\n<tr>\n<td>\u25a1<\/td>\n<td>Pole: 3P\u30014P<\/td>\n<\/tr>\n<tr>\n<td>\u25a1<\/td>\n<td>Nennstrom<\/td>\n<\/tr>\n<\/tbody>\n<\/table>\n<\/div>\n<\/figure>\n<div class=\"wp-block-media-text is-stacked-on-mobile\">\n<figure class=\"wp-block-media-text__media\"><img fetchpriority=\"high\" decoding=\"async\" class=\"alignnone size-medium wp-image-2065\" src=\"https:\/\/www.jy-electric.com\/wp-content\/uploads\/2024\/10\/4P-Double-Power-Automatic-Transfer-SwitchS-300x211.webp\" alt=\"Automatischer 4P-\u00dcbertragungsschalter mit doppelter Leistung\" width=\"300\" height=\"211\" srcset=\"https:\/\/www.jyiele.com\/wp-content\/uploads\/2024\/10\/4P-Double-Power-Automatic-Transfer-SwitchS-300x211.webp 300w, https:\/\/www.jyiele.com\/wp-content\/uploads\/2024\/10\/4P-Double-Power-Automatic-Transfer-SwitchS-18x12.webp 18w, https:\/\/www.jyiele.com\/wp-content\/uploads\/2024\/10\/4P-Double-Power-Automatic-Transfer-SwitchS.webp 389w\" sizes=\"(max-width: 300px) 100vw, 300px\" \/><\/figure>\n<div class=\"wp-block-media-text__content\">\n<p>1\u3001LCD-Bildschirm<br \/>\n2\u3001Einstellung<br \/>\n3\u3001Rechte Umschalttaste<br \/>\n4\u3001Wertsteigerung<br \/>\n5\u3001Wertverminderung\/Alarm<br \/>\n6\u3001Handbuch<br \/>\n7\u3001Auto<br \/>\n8\u3001Beide Aus<\/p>\n<\/div>\n<\/div>\n<h4 class=\"wp-block-heading\"><strong>Gliederung<\/strong><\/h4>\n<figure class=\"wp-block-image size-full\"><img decoding=\"async\" class=\"alignnone size-medium wp-image-2066\" src=\"https:\/\/www.jy-electric.com\/wp-content\/uploads\/2024\/10\/4P-Intelligent-Double-Power-Automatic-Transfer-Switch-2-300x110.webp\" alt=\"4P Intelligenter automatischer Doppelleistungsumschalter 2\" width=\"300\" height=\"110\" srcset=\"https:\/\/www.jyiele.com\/wp-content\/uploads\/2024\/10\/4P-Intelligent-Double-Power-Automatic-Transfer-Switch-2-300x110.webp 300w, https:\/\/www.jyiele.com\/wp-content\/uploads\/2024\/10\/4P-Intelligent-Double-Power-Automatic-Transfer-Switch-2-768x282.webp 768w, https:\/\/www.jyiele.com\/wp-content\/uploads\/2024\/10\/4P-Intelligent-Double-Power-Automatic-Transfer-Switch-2-18x7.webp 18w, https:\/\/www.jyiele.com\/wp-content\/uploads\/2024\/10\/4P-Intelligent-Double-Power-Automatic-Transfer-Switch-2-600x220.webp 600w, https:\/\/www.jyiele.com\/wp-content\/uploads\/2024\/10\/4P-Intelligent-Double-Power-Automatic-Transfer-Switch-2.webp 872w\" sizes=\"(max-width: 300px) 100vw, 300px\" \/><\/figure>\n<h4 class=\"wp-block-heading\"><strong>Produktmodell<\/strong><\/h4>\n<figure class=\"wp-block-table\">\n<div class=\"scroll\">\n<table>\n<tbody>\n<tr>\n<td>Modell<\/td>\n<td>Aktuell<\/td>\n<td>Einheit<\/td>\n<\/tr>\n<tr>\n<td>ATSQ2M-63\/3P<\/td>\n<td>63A<\/td>\n<td>1 PC<\/td>\n<\/tr>\n<tr>\n<td>ATSQ2M-63\/4P<\/td>\n<td>63A<\/td>\n<td>1 PC<\/td>\n<\/tr>\n<tr>\n<td>ATSQ2M-100\/3P<\/td>\n<td>16-100A<\/td>\n<td>1 PC<\/td>\n<\/tr>\n<tr>\n<td>ATSQ2M-100\/4P<\/td>\n<td>16-100A<\/td>\n<td>1 PC<\/td>\n<\/tr>\n<tr>\n<td>ATSQ2M-225\/3P<\/td>\n<td>100-225A<\/td>\n<td>1 PC<\/td>\n<\/tr>\n<tr>\n<td>ATSQ2M-225\/4P<\/td>\n<td>100-225A<\/td>\n<td>1 PC<\/td>\n<\/tr>\n<tr>\n<td>ATSQ2M-400\/3P<\/td>\n<td>225-400A<\/td>\n<td>1 PC<\/td>\n<\/tr>\n<tr>\n<td>ATSQ2M-400\/4P<\/td>\n<td>225-400A<\/td>\n<td>1 PC<\/td>\n<\/tr>\n<tr>\n<td>ATSQ2M-630\/3P<\/td>\n<td>400-630A<\/td>\n<td>1 PC<\/td>\n<\/tr>\n<tr>\n<td>ATSQ2M-630\/4P<\/td>\n<td>400-630A<\/td>\n<td>1 PC<\/td>\n<\/tr>\n<tr>\n<td>ATSQ2M-800\/3P<\/td>\n<td>630-800A<\/td>\n<td>1 PC<\/td>\n<\/tr>\n<tr>\n<td>ATSQ2M-800\/4P<\/td>\n<td>630-800A<\/td>\n<td>1 PC<\/td>\n<\/tr>\n<tr>\n<td>ATSQ2M-1000\/4P<\/td>\n<td>1000A<\/td>\n<td>1 PC<\/td>\n<\/tr>\n<\/tbody>\n<\/table>\n<\/div>\n<\/figure>\n<h4 class=\"wp-block-heading\"><strong>Normale Arbeitsbedingungen und Montagebedingungen<\/strong><\/h4>\n<p>1. die Aufstellungsh\u00f6he nicht mehr als 2000 Meter betr\u00e4gt.<br \/>\n2. die obere Grenze der Umgebungstemperatur ist nicht h\u00f6her als +40\u00b0C, die untere Grenze ist nicht niedriger als -5\u00b0C, der 24-Stunden-Durchschnitt ist nicht h\u00f6her als + 35\u00b0C.<br \/>\n3. die relative Luftfeuchtigkeit in der Umgebungslufttemperatur ist + 40 \u00b0C nicht mehr als 50%, bei niedrigeren Temperaturen kann eine h\u00f6here Luftfeuchtigkeit, Kondensation products sollte ber\u00fccksichtigt werden, die Oberfl\u00e4che der Feuchtigkeit zu \u00e4ndern.<br \/>\n4. kein explosives Medium, das Medium nicht genug zu korrodieren und besch\u00e4digen die Isolierung von Gas und Staub.<br \/>\n5. keine nennenswerten Ersch\u00fctterungen und Vibrationen<\/p>\n<h4 class=\"wp-block-heading\"><strong>Anmeldung<\/strong><\/h4>\n<p>Automatischer Leistungsschalter (im Folgenden als Schalter bezeichnet) f\u00fcr AC 50Hz, Nennbetriebsspannung 380V, Nennstrom 63A-1250A duales Stromversorgungssystem, mit automatischem oder manuellem Betrieb komplett die \u00dcbergabe gemeinsame Stromversorgung und Standby-Stromversorgung. Der Schalter wird haupts\u00e4chlich f\u00fcr wichtige Anl\u00e4sse, Krankenh\u00e4user, Gesch\u00e4fte, Banken, chemische Industrie, Metallurgie, Hochh\u00e4user, milit\u00e4rische Einrichtungen und so weiter verwendet.<br \/>\nGrundlegende Struktur<br \/>\nAutomatische Netzschalter vor allem durch den Stromrichter, um Leistungsschalter Zusammensetzung durchzuf\u00fchren, gibt es drei Zustand Schaltpositionen f\u00fcr die Benutzer zu w\u00e4hlen: die gemeinsame Stromversorgung (N) zusammen, doppelte Punkte, Standby-Power (R) zusammen, hat der Schalter eine geringe Gr\u00f6\u00dfe, geringes Gewicht, stabile einfach zu bedienen und so weiter.<\/p>\n<p>[wpforms id=\"1930\u2033 title=\"true\"]<\/p>","protected":false},"excerpt":{"rendered":"<p>CJQ2 automatischer Umschalter f\u00fcr 50Hz \/ 60Hz, die Nennbetriebsspannung betr\u00e4gt 380V (3P, 4P), und der Nennstrom betr\u00e4gt 10A~1250A (Doppelschleifen-Stromversorgungssystem). Es kann die normale Leistung und die umgekehrte Leistung automatisch umwandeln, um die Zuverl\u00e4ssigkeit der Leistung zu gew\u00e4hrleisten, haupts\u00e4chlich f\u00fcr Hochh\u00e4user, Einkaufszentren, Feuerpumpen, Rauchventilatoren, Aufz\u00fcge, Wasserpumpen, Unfallbeleuchtung und andere Orte.<\/p>\n<p>&nbsp;<\/p>","protected":false},"featured_media":2064,"template":"","meta":{"site-sidebar-layout":"no-sidebar","site-content-layout":"","ast-site-content-layout":"default","site-content-style":"unboxed","site-sidebar-style":"default","ast-global-header-display":"","ast-banner-title-visibility":"","ast-main-header-display":"","ast-hfb-above-header-display":"","ast-hfb-below-header-display":"","ast-hfb-mobile-header-display":"","site-post-title":"","ast-breadcrumbs-content":"","ast-featured-img":"","footer-sml-layout":"","ast-disable-related-posts":"","theme-transparent-header-meta":"default","adv-header-id-meta":"","stick-header-meta":"","header-above-stick-meta":"","header-main-stick-meta":"","header-below-stick-meta":"","astra-migrate-meta-layouts":"set","ast-page-background-enabled":"default","ast-page-background-meta":{"desktop":{"background-color":"var(--ast-global-color-4)","background-image":"","background-repeat":"repeat","background-position":"center center","background-size":"auto","background-attachment":"scroll","background-type":"","background-media":"","overlay-type":"","overlay-color":"","overlay-opacity":"","overlay-gradient":""},"tablet":{"background-color":"","background-image":"","background-repeat":"repeat","background-position":"center center","background-size":"auto","background-attachment":"scroll","background-type":"","background-media":"","overlay-type":"","overlay-color":"","overlay-opacity":"","overlay-gradient":""},"mobile":{"background-color":"","background-image":"","background-repeat":"repeat","background-position":"center center","background-size":"auto","background-attachment":"scroll","background-type":"","background-media":"","overlay-type":"","overlay-color":"","overlay-opacity":"","overlay-gradient":""}},"ast-content-background-meta":{"desktop":{"background-color":"var(--ast-global-color-5)","background-image":"","background-repeat":"repeat","background-position":"center center","background-size":"auto","background-attachment":"scroll","background-type":"","background-media":"","overlay-type":"","overlay-color":"","overlay-opacity":"","overlay-gradient":""},"tablet":{"background-color":"var(--ast-global-color-5)","background-image":"","background-repeat":"repeat","background-position":"center center","background-size":"auto","background-attachment":"scroll","background-type":"","background-media":"","overlay-type":"","overlay-color":"","overlay-opacity":"","overlay-gradient":""},"mobile":{"background-color":"var(--ast-global-color-5)","background-image":"","background-repeat":"repeat","background-position":"center center","background-size":"auto","background-attachment":"scroll","background-type":"","background-media":"","overlay-type":"","overlay-color":"","overlay-opacity":"","overlay-gradient":""}}},"product_brand":[],"product_cat":[24,27],"product_tag":[],"class_list":{"0":"post-2063","1":"product","2":"type-product","3":"status-publish","4":"has-post-thumbnail","6":"product_cat-dual-power-automatic-transfer-switch","7":"product_cat-other","8":"desktop-align-left","9":"tablet-align-left","10":"mobile-align-left","12":"first","13":"instock","14":"shipping-taxable","15":"product-type-simple"},"yoast_head":"<!-- This site is optimized with the Yoast SEO plugin v24.8.1 - https:\/\/yoast.com\/wordpress\/plugins\/seo\/ -->\n<title>High Quality ATSQ2 Series 4P Intelligent Double Power Automatic Transfer Switch - JYIELE<\/title>\n<meta name=\"robots\" content=\"index, follow, max-snippet:-1, max-image-preview:large, max-video-preview:-1\" \/>\n<link rel=\"canonical\" href=\"https:\/\/www.jyiele.com\/de\/product\/4p-double-power-automatic-transfer-switch\/\" \/>\n<meta property=\"og:locale\" content=\"de_DE\" \/>\n<meta property=\"og:type\" content=\"article\" \/>\n<meta property=\"og:title\" content=\"High Quality ATSQ2 Series 4P Intelligent Double Power Automatic Transfer Switch - JYIELE\" \/>\n<meta property=\"og:description\" content=\"CJQ2 dual power automatic transfer switch (hereinafter referred to as A.T.S) for 50Hz \/ 60Hz, the rated operating voltage is 380V (3P, 4P), and the rated current is 10A~1250A (double loop power supply system). It can convert the normal power and reversed power automatically to ensure the reliability of the power, mainly for high -rise buildings, shopping malls, fire pumps, smoke fans, elevators, life water pumps, accident lighting and other places.  &nbsp;\" \/>\n<meta property=\"og:url\" content=\"https:\/\/www.jyiele.com\/de\/product\/4p-double-power-automatic-transfer-switch\/\" \/>\n<meta property=\"og:site_name\" content=\"JYIELE\" \/>\n<meta property=\"article:modified_time\" content=\"2025-03-09T11:35:41+00:00\" \/>\n<meta property=\"og:image\" content=\"https:\/\/www.jyiele.com\/wp-content\/uploads\/2024\/10\/4P-Double-Power-Automatic-Transfer-Switch.webp\" \/>\n\t<meta property=\"og:image:width\" content=\"800\" \/>\n\t<meta property=\"og:image:height\" content=\"800\" \/>\n\t<meta property=\"og:image:type\" content=\"image\/webp\" \/>\n<meta name=\"twitter:card\" content=\"summary_large_image\" \/>\n<meta name=\"twitter:label1\" content=\"Gesch\u00e4tzte Lesezeit\" \/>\n\t<meta name=\"twitter:data1\" content=\"3\u00a0Minuten\" \/>\n<script type=\"application\/ld+json\" class=\"yoast-schema-graph\">{\"@context\":\"https:\/\/schema.org\",\"@graph\":[{\"@type\":\"WebPage\",\"@id\":\"https:\/\/www.jyiele.com\/it\/prodotto\/4p-double-power-automatic-transfer-switch\/\",\"url\":\"https:\/\/www.jyiele.com\/it\/prodotto\/4p-double-power-automatic-transfer-switch\/\",\"name\":\"High Quality ATSQ2 Series 4P Intelligent Double Power Automatic Transfer Switch - JYIELE\",\"isPartOf\":{\"@id\":\"https:\/\/www.jyiele.com\/#website\"},\"primaryImageOfPage\":{\"@id\":\"https:\/\/www.jyiele.com\/it\/prodotto\/4p-double-power-automatic-transfer-switch\/#primaryimage\"},\"image\":{\"@id\":\"https:\/\/www.jyiele.com\/it\/prodotto\/4p-double-power-automatic-transfer-switch\/#primaryimage\"},\"thumbnailUrl\":\"https:\/\/www.jyiele.com\/wp-content\/uploads\/2024\/10\/4P-Double-Power-Automatic-Transfer-Switch.webp\",\"datePublished\":\"2024-10-15T09:43:04+00:00\",\"dateModified\":\"2025-03-09T11:35:41+00:00\",\"breadcrumb\":{\"@id\":\"https:\/\/www.jyiele.com\/it\/prodotto\/4p-double-power-automatic-transfer-switch\/#breadcrumb\"},\"inLanguage\":\"de\",\"potentialAction\":[{\"@type\":\"ReadAction\",\"target\":[\"https:\/\/www.jyiele.com\/it\/prodotto\/4p-double-power-automatic-transfer-switch\/\"]}]},{\"@type\":\"ImageObject\",\"inLanguage\":\"de\",\"@id\":\"https:\/\/www.jyiele.com\/it\/prodotto\/4p-double-power-automatic-transfer-switch\/#primaryimage\",\"url\":\"https:\/\/www.jyiele.com\/wp-content\/uploads\/2024\/10\/4P-Double-Power-Automatic-Transfer-Switch.webp\",\"contentUrl\":\"https:\/\/www.jyiele.com\/wp-content\/uploads\/2024\/10\/4P-Double-Power-Automatic-Transfer-Switch.webp\",\"width\":800,\"height\":800,\"caption\":\"4P Double Power Automatic Transfer Switch\"},{\"@type\":\"BreadcrumbList\",\"@id\":\"https:\/\/www.jyiele.com\/it\/prodotto\/4p-double-power-automatic-transfer-switch\/#breadcrumb\",\"itemListElement\":[{\"@type\":\"ListItem\",\"position\":1,\"name\":\"Home\",\"item\":\"https:\/\/www.jyiele.com\/\"},{\"@type\":\"ListItem\",\"position\":2,\"name\":\"Product\",\"item\":\"https:\/\/www.jyiele.com\/product\/\"},{\"@type\":\"ListItem\",\"position\":3,\"name\":\"Dual Power Automatic Transfer Switch\",\"item\":\"https:\/\/www.jyiele.com\/it\/categoria-prodotto\/dual-power-automatic-transfer-switch\/\"},{\"@type\":\"ListItem\",\"position\":4,\"name\":\"High Quality ATSQ2 Series 4P Intelligent Double Power Automatic Transfer Switch\"}]},{\"@type\":\"WebSite\",\"@id\":\"https:\/\/www.jyiele.com\/#website\",\"url\":\"https:\/\/www.jyiele.com\/\",\"name\":\"JYIELE\",\"description\":\"Vacuum Circuit Breaker manufacturer\",\"publisher\":{\"@id\":\"https:\/\/www.jyiele.com\/#organization\"},\"potentialAction\":[{\"@type\":\"SearchAction\",\"target\":{\"@type\":\"EntryPoint\",\"urlTemplate\":\"https:\/\/www.jyiele.com\/?s={search_term_string}\"},\"query-input\":{\"@type\":\"PropertyValueSpecification\",\"valueRequired\":true,\"valueName\":\"search_term_string\"}}],\"inLanguage\":\"de\"},{\"@type\":\"Organization\",\"@id\":\"https:\/\/www.jyiele.com\/#organization\",\"name\":\"JYIELE\",\"url\":\"https:\/\/www.jyiele.com\/\",\"logo\":{\"@type\":\"ImageObject\",\"inLanguage\":\"de\",\"@id\":\"https:\/\/www.jyiele.com\/#\/schema\/logo\/image\/\",\"url\":\"https:\/\/www.jyiele.com\/wp-content\/uploads\/2024\/09\/cropped-jyele-1.webp\",\"contentUrl\":\"https:\/\/www.jyiele.com\/wp-content\/uploads\/2024\/09\/cropped-jyele-1.webp\",\"width\":137,\"height\":60,\"caption\":\"JYIELE\"},\"image\":{\"@id\":\"https:\/\/www.jyiele.com\/#\/schema\/logo\/image\/\"}}]}<\/script>\n<!-- \/ Yoast SEO plugin. -->","yoast_head_json":{"title":"Hochwertiger intelligenter automatischer Doppelleistungsumschalter der Serie ATSQ2 - JYIELE","robots":{"index":"index","follow":"follow","max-snippet":"max-snippet:-1","max-image-preview":"max-image-preview:large","max-video-preview":"max-video-preview:-1"},"canonical":"https:\/\/www.jyiele.com\/de\/product\/4p-double-power-automatic-transfer-switch\/","og_locale":"de_DE","og_type":"article","og_title":"High Quality ATSQ2 Series 4P Intelligent Double Power Automatic Transfer Switch - JYIELE","og_description":"CJQ2 dual power automatic transfer switch (hereinafter referred to as A.T.S) for 50Hz \/ 60Hz, the rated operating voltage is 380V (3P, 4P), and the rated current is 10A~1250A (double loop power supply system). It can convert the normal power and reversed power automatically to ensure the reliability of the power, mainly for high -rise buildings, shopping malls, fire pumps, smoke fans, elevators, life water pumps, accident lighting and other places.  &nbsp;","og_url":"https:\/\/www.jyiele.com\/de\/product\/4p-double-power-automatic-transfer-switch\/","og_site_name":"JYIELE","article_modified_time":"2025-03-09T11:35:41+00:00","og_image":[{"width":800,"height":800,"url":"https:\/\/www.jyiele.com\/wp-content\/uploads\/2024\/10\/4P-Double-Power-Automatic-Transfer-Switch.webp","type":"image\/webp"}],"twitter_card":"summary_large_image","twitter_misc":{"Gesch\u00e4tzte Lesezeit":"3\u00a0Minuten"},"schema":{"@context":"https:\/\/schema.org","@graph":[{"@type":"WebPage","@id":"https:\/\/www.jyiele.com\/it\/prodotto\/4p-double-power-automatic-transfer-switch\/","url":"https:\/\/www.jyiele.com\/it\/prodotto\/4p-double-power-automatic-transfer-switch\/","name":"Hochwertiger intelligenter automatischer Doppelleistungsumschalter der Serie ATSQ2 - JYIELE","isPartOf":{"@id":"https:\/\/www.jyiele.com\/#website"},"primaryImageOfPage":{"@id":"https:\/\/www.jyiele.com\/it\/prodotto\/4p-double-power-automatic-transfer-switch\/#primaryimage"},"image":{"@id":"https:\/\/www.jyiele.com\/it\/prodotto\/4p-double-power-automatic-transfer-switch\/#primaryimage"},"thumbnailUrl":"https:\/\/www.jyiele.com\/wp-content\/uploads\/2024\/10\/4P-Double-Power-Automatic-Transfer-Switch.webp","datePublished":"2024-10-15T09:43:04+00:00","dateModified":"2025-03-09T11:35:41+00:00","breadcrumb":{"@id":"https:\/\/www.jyiele.com\/it\/prodotto\/4p-double-power-automatic-transfer-switch\/#breadcrumb"},"inLanguage":"de","potentialAction":[{"@type":"ReadAction","target":["https:\/\/www.jyiele.com\/it\/prodotto\/4p-double-power-automatic-transfer-switch\/"]}]},{"@type":"ImageObject","inLanguage":"de","@id":"https:\/\/www.jyiele.com\/it\/prodotto\/4p-double-power-automatic-transfer-switch\/#primaryimage","url":"https:\/\/www.jyiele.com\/wp-content\/uploads\/2024\/10\/4P-Double-Power-Automatic-Transfer-Switch.webp","contentUrl":"https:\/\/www.jyiele.com\/wp-content\/uploads\/2024\/10\/4P-Double-Power-Automatic-Transfer-Switch.webp","width":800,"height":800,"caption":"4P Double Power Automatic Transfer Switch"},{"@type":"BreadcrumbList","@id":"https:\/\/www.jyiele.com\/it\/prodotto\/4p-double-power-automatic-transfer-switch\/#breadcrumb","itemListElement":[{"@type":"ListItem","position":1,"name":"Home","item":"https:\/\/www.jyiele.com\/"},{"@type":"ListItem","position":2,"name":"Product","item":"https:\/\/www.jyiele.com\/product\/"},{"@type":"ListItem","position":3,"name":"Dual Power Automatic Transfer Switch","item":"https:\/\/www.jyiele.com\/it\/categoria-prodotto\/dual-power-automatic-transfer-switch\/"},{"@type":"ListItem","position":4,"name":"High Quality ATSQ2 Series 4P Intelligent Double Power Automatic Transfer Switch"}]},{"@type":"WebSite","@id":"https:\/\/www.jyiele.com\/#website","url":"https:\/\/www.jyiele.com\/","name":"JYIELE","description":"Hersteller von Vakuum-Leistungsschaltern","publisher":{"@id":"https:\/\/www.jyiele.com\/#organization"},"potentialAction":[{"@type":"SearchAction","target":{"@type":"EntryPoint","urlTemplate":"https:\/\/www.jyiele.com\/?s={search_term_string}"},"query-input":{"@type":"PropertyValueSpecification","valueRequired":true,"valueName":"search_term_string"}}],"inLanguage":"de"},{"@type":"Organization","@id":"https:\/\/www.jyiele.com\/#organization","name":"JYIELE","url":"https:\/\/www.jyiele.com\/","logo":{"@type":"ImageObject","inLanguage":"de","@id":"https:\/\/www.jyiele.com\/#\/schema\/logo\/image\/","url":"https:\/\/www.jyiele.com\/wp-content\/uploads\/2024\/09\/cropped-jyele-1.webp","contentUrl":"https:\/\/www.jyiele.com\/wp-content\/uploads\/2024\/09\/cropped-jyele-1.webp","width":137,"height":60,"caption":"JYIELE"},"image":{"@id":"https:\/\/www.jyiele.com\/#\/schema\/logo\/image\/"}}]}},"_links":{"self":[{"href":"https:\/\/www.jyiele.com\/de\/wp-json\/wp\/v2\/product\/2063","targetHints":{"allow":["GET"]}}],"collection":[{"href":"https:\/\/www.jyiele.com\/de\/wp-json\/wp\/v2\/product"}],"about":[{"href":"https:\/\/www.jyiele.com\/de\/wp-json\/wp\/v2\/types\/product"}],"version-history":[{"count":3,"href":"https:\/\/www.jyiele.com\/de\/wp-json\/wp\/v2\/product\/2063\/revisions"}],"predecessor-version":[{"id":2087,"href":"https:\/\/www.jyiele.com\/de\/wp-json\/wp\/v2\/product\/2063\/revisions\/2087"}],"wp:featuredmedia":[{"embeddable":true,"href":"https:\/\/www.jyiele.com\/de\/wp-json\/wp\/v2\/media\/2064"}],"wp:attachment":[{"href":"https:\/\/www.jyiele.com\/de\/wp-json\/wp\/v2\/media?parent=2063"}],"wp:term":[{"taxonomy":"product_brand","embeddable":true,"href":"https:\/\/www.jyiele.com\/de\/wp-json\/wp\/v2\/product_brand?post=2063"},{"taxonomy":"product_cat","embeddable":true,"href":"https:\/\/www.jyiele.com\/de\/wp-json\/wp\/v2\/product_cat?post=2063"},{"taxonomy":"product_tag","embeddable":true,"href":"https:\/\/www.jyiele.com\/de\/wp-json\/wp\/v2\/product_tag?post=2063"}],"curies":[{"name":"wp","href":"https:\/\/api.w.org\/{rel}","templated":true}]}}