{"id":2101,"date":"2024-10-16T11:33:35","date_gmt":"2024-10-16T11:33:35","guid":{"rendered":"https:\/\/www.jy-electric.com\/?post_type=product&#038;p=2101"},"modified":"2025-03-09T11:35:21","modified_gmt":"2025-03-09T11:35:21","slug":"hpc-series-ip65-plastic-waterproof-electrical-circuit-breaker-junction-box","status":"publish","type":"product","link":"https:\/\/www.jyiele.com\/de\/product\/hpc-series-ip65-plastic-waterproof-electrical-circuit-breaker-junction-box\/","title":{"rendered":"HPC Serie IP65 Kunststoff Wasserdicht Elektrischer Leistungsschalter Verteilerkasten"},"content":{"rendered":"<h2>Wesentliche Merkmale:<\/h2>\n<p>Material der Platte<br \/>\nDas Paneel besteht aus hochfestem ABS-Material, das eine lange Lebensdauer und Farbbest\u00e4ndigkeit bietet, w\u00e4hrend die transparente Abdeckung aus Polycarbonat (PC) besteht und eine klare Sicht gew\u00e4hrleistet.<\/p>\n<p>Deckel zum \u00d6ffnen und Schlie\u00dfen mit Druckfunktion<br \/>\nDie Abdeckung verf\u00fcgt \u00fcber einen Druckmechanismus zum einfachen \u00d6ffnen. Ein leichter Druck \u00f6ffnet das Paneel, und das selbstsichernde Positionsscharnier sorgt f\u00fcr einen sicheren, stabilen Betrieb im ge\u00f6ffneten Zustand.<\/p>\n<p>Verdrahtung Design<br \/>\nDie Tr\u00e4gerplatte der F\u00fchrungsschiene kann bis zur maximal beweglichen Position angehoben werden, was die Installation von Kabeln ohne Platzbeschr\u00e4nkung erleichtert. Die Dose ist mit Kabelnuten und Austrittsl\u00f6chern f\u00fcr verschiedene Verdrahtungsanforderungen ausgestattet und erm\u00f6glicht eine reibungslose Installation von Kabeln und Leitungen.<\/p>\n<p>Basis-Installation<br \/>\nAn der Unterseite der Box befinden sich selbstschneidende Schraubenl\u00f6cher f\u00fcr eine einfache Montage und Installation. Die Scharnierschnalle kann sowohl an der langen als auch an der kurzen Seite der Box angebracht werden, um Flexibilit\u00e4t zu gew\u00e4hrleisten.<\/p>\n<p>Optionale Konfigurationen<br \/>\nEine Frontplatte und diverses Montagezubeh\u00f6r sind zur individuellen Anpassung erh\u00e4ltlich. Diese Serie ist auch f\u00fcr Solaranwendungen geeignet, da sie als Combiner Box fungiert.<\/p>\n<h4 class=\"wp-block-heading\">Produkt-Spezifikation<\/h4>\n<figure class=\"wp-block-table\">\n<div class=\"scroll\">\n<table>\n<tbody>\n<tr>\n<td>Modell<\/td>\n<td>Wege<\/td>\n<td>IP-Bewertung<\/td>\n<td>Produktgr\u00f6\u00dfen (L*B*H) mm<\/td>\n<\/tr>\n<tr>\n<td>HPC-4<\/td>\n<td>24 Wege<\/td>\n<td>IP65<\/td>\n<td>107*212*92<\/td>\n<\/tr>\n<tr>\n<td>HPC-6<\/td>\n<td>6 M\u00f6glichkeiten<\/td>\n<td>IP65<\/td>\n<td>165*200*100<\/td>\n<\/tr>\n<tr>\n<td>HPC-9<\/td>\n<td>9 Wege<\/td>\n<td>IP65<\/td>\n<td>219*200*100<\/td>\n<\/tr>\n<tr>\n<td>HPC-12<\/td>\n<td>12 Wege<\/td>\n<td>IP65<\/td>\n<td>273*230*110<\/td>\n<\/tr>\n<tr>\n<td>HPC-18<\/td>\n<td>18 Wege<\/td>\n<td>IP65<\/td>\n<td>381*230*110<\/td>\n<\/tr>\n<tr>\n<td>HPC-24<\/td>\n<td>24 Wege<\/td>\n<td>IP65<\/td>\n<td>273*380*110<\/td>\n<\/tr>\n<tr>\n<td>HPC-36<\/td>\n<td>36 Wege<\/td>\n<td>IP65<\/td>\n<td>381*380*110<\/td>\n<\/tr>\n<\/tbody>\n<\/table>\n<\/div>\n<\/figure>","protected":false},"excerpt":{"rendered":"<p>Die wandmontierten Schaltschr\u00e4nke AG, AT, PG und PT bestehen aus schlagfestem Polycarbonat oder ABS und sind f\u00fcr den Einsatz in rauen Industrieumgebungen ausgelegt.<\/p>\n<p>Produktmerkmale<br \/>\nProduktname: Verteilerkasten<br \/>\nSchl\u00fcsselwort: Verteilerkasten Elektrisch<br \/>\nMaterial: Polycarbonat (PC)\/ABS<br \/>\nWege: 4 bis 54 Wege<br \/>\nMerkmal: Lange Lebensdauer<br \/>\nAnwendung: Bauwesen Elektrischer Schaltkasten<br \/>\nVorteil: OEM-Service verf\u00fcgbar<br \/>\nVerwendung: Terminal-Verteilung, Solar-Kombi-Box<\/p>","protected":false},"featured_media":2105,"template":"","meta":{"site-sidebar-layout":"default","site-content-layout":"","ast-site-content-layout":"default","site-content-style":"default","site-sidebar-style":"default","ast-global-header-display":"","ast-banner-title-visibility":"","ast-main-header-display":"","ast-hfb-above-header-display":"","ast-hfb-below-header-display":"","ast-hfb-mobile-header-display":"","site-post-title":"","ast-breadcrumbs-content":"","ast-featured-img":"","footer-sml-layout":"","ast-disable-related-posts":"","theme-transparent-header-meta":"default","adv-header-id-meta":"","stick-header-meta":"","header-above-stick-meta":"","header-main-stick-meta":"","header-below-stick-meta":"","astra-migrate-meta-layouts":"set","ast-page-background-enabled":"default","ast-page-background-meta":{"desktop":{"background-color":"var(--ast-global-color-4)","background-image":"","background-repeat":"repeat","background-position":"center center","background-size":"auto","background-attachment":"scroll","background-type":"","background-media":"","overlay-type":"","overlay-color":"","overlay-opacity":"","overlay-gradient":""},"tablet":{"background-color":"","background-image":"","background-repeat":"repeat","background-position":"center center","background-size":"auto","background-attachment":"scroll","background-type":"","background-media":"","overlay-type":"","overlay-color":"","overlay-opacity":"","overlay-gradient":""},"mobile":{"background-color":"","background-image":"","background-repeat":"repeat","background-position":"center center","background-size":"auto","background-attachment":"scroll","background-type":"","background-media":"","overlay-type":"","overlay-color":"","overlay-opacity":"","overlay-gradient":""}},"ast-content-background-meta":{"desktop":{"background-color":"var(--ast-global-color-5)","background-image":"","background-repeat":"repeat","background-position":"center center","background-size":"auto","background-attachment":"scroll","background-type":"","background-media":"","overlay-type":"","overlay-color":"","overlay-opacity":"","overlay-gradient":""},"tablet":{"background-color":"var(--ast-global-color-5)","background-image":"","background-repeat":"repeat","background-position":"center center","background-size":"auto","background-attachment":"scroll","background-type":"","background-media":"","overlay-type":"","overlay-color":"","overlay-opacity":"","overlay-gradient":""},"mobile":{"background-color":"var(--ast-global-color-5)","background-image":"","background-repeat":"repeat","background-position":"center center","background-size":"auto","background-attachment":"scroll","background-type":"","background-media":"","overlay-type":"","overlay-color":"","overlay-opacity":"","overlay-gradient":""}}},"product_brand":[],"product_cat":[23],"product_tag":[],"class_list":{"0":"post-2101","1":"product","2":"type-product","3":"status-publish","4":"has-post-thumbnail","6":"product_cat-waterproof-plastic-enclosure","7":"desktop-align-left","8":"tablet-align-left","9":"mobile-align-left","11":"first","12":"instock","13":"shipping-taxable","14":"product-type-simple"},"yoast_head":"<!-- This site is optimized with the Yoast SEO plugin v24.8.1 - https:\/\/yoast.com\/wordpress\/plugins\/seo\/ -->\n<title>HPC Series IP65 Plastic Waterproof Electrical Circuit Breaker Junction Box - JYIELE<\/title>\n<meta name=\"robots\" content=\"index, follow, max-snippet:-1, max-image-preview:large, max-video-preview:-1\" \/>\n<link rel=\"canonical\" href=\"https:\/\/www.jyiele.com\/de\/product\/hpc-series-ip65-plastic-waterproof-electrical-circuit-breaker-junction-box\/\" \/>\n<meta property=\"og:locale\" content=\"de_DE\" \/>\n<meta property=\"og:type\" content=\"article\" \/>\n<meta property=\"og:title\" content=\"HPC Series IP65 Plastic Waterproof Electrical Circuit Breaker Junction Box - JYIELE\" \/>\n<meta property=\"og:description\" content=\"The AG, AT, PG, and PT wall-mounted electrical enclosures are made from impact-resistant polycarbonate or ABS, designed to withstand tough industrial environments.  Product Features Product Name: Distribution Box Keyword: Distribution Box Electrical Material: Polycarbonate (PC)\/ABS Ways: 4 to 54 ways Feature: Long Service Life Application: Construction Electrical Control Box Advantage: OEM Service Available Usage: Terminal Distribution, Solar Combiner Box\" \/>\n<meta property=\"og:url\" content=\"https:\/\/www.jyiele.com\/de\/product\/hpc-series-ip65-plastic-waterproof-electrical-circuit-breaker-junction-box\/\" \/>\n<meta property=\"og:site_name\" content=\"JYIELE\" \/>\n<meta property=\"article:modified_time\" content=\"2025-03-09T11:35:21+00:00\" \/>\n<meta property=\"og:image\" content=\"https:\/\/www.jyiele.com\/wp-content\/uploads\/2024\/10\/HPC-Series-IP65-Plastic-Waterproof-Electrical-Circuit-Breaker-Junction-Box.webp\" \/>\n\t<meta property=\"og:image:width\" content=\"800\" \/>\n\t<meta property=\"og:image:height\" content=\"800\" \/>\n\t<meta property=\"og:image:type\" content=\"image\/webp\" \/>\n<meta name=\"twitter:card\" content=\"summary_large_image\" \/>\n<meta name=\"twitter:label1\" content=\"Gesch\u00e4tzte Lesezeit\" \/>\n\t<meta name=\"twitter:data1\" content=\"2\u00a0Minuten\" \/>\n<script type=\"application\/ld+json\" class=\"yoast-schema-graph\">{\"@context\":\"https:\/\/schema.org\",\"@graph\":[{\"@type\":\"WebPage\",\"@id\":\"https:\/\/www.jyiele.com\/product\/hpc-series-ip65-plastic-waterproof-electrical-circuit-breaker-junction-box\/\",\"url\":\"https:\/\/www.jyiele.com\/product\/hpc-series-ip65-plastic-waterproof-electrical-circuit-breaker-junction-box\/\",\"name\":\"HPC Series IP65 Plastic Waterproof Electrical Circuit Breaker Junction Box - JYIELE\",\"isPartOf\":{\"@id\":\"https:\/\/www.jyiele.com\/#website\"},\"primaryImageOfPage\":{\"@id\":\"https:\/\/www.jyiele.com\/product\/hpc-series-ip65-plastic-waterproof-electrical-circuit-breaker-junction-box\/#primaryimage\"},\"image\":{\"@id\":\"https:\/\/www.jyiele.com\/product\/hpc-series-ip65-plastic-waterproof-electrical-circuit-breaker-junction-box\/#primaryimage\"},\"thumbnailUrl\":\"https:\/\/www.jyiele.com\/wp-content\/uploads\/2024\/10\/HPC-Series-IP65-Plastic-Waterproof-Electrical-Circuit-Breaker-Junction-Box.webp\",\"datePublished\":\"2024-10-16T11:33:35+00:00\",\"dateModified\":\"2025-03-09T11:35:21+00:00\",\"breadcrumb\":{\"@id\":\"https:\/\/www.jyiele.com\/product\/hpc-series-ip65-plastic-waterproof-electrical-circuit-breaker-junction-box\/#breadcrumb\"},\"inLanguage\":\"de\",\"potentialAction\":[{\"@type\":\"ReadAction\",\"target\":[\"https:\/\/www.jyiele.com\/product\/hpc-series-ip65-plastic-waterproof-electrical-circuit-breaker-junction-box\/\"]}]},{\"@type\":\"ImageObject\",\"inLanguage\":\"de\",\"@id\":\"https:\/\/www.jyiele.com\/product\/hpc-series-ip65-plastic-waterproof-electrical-circuit-breaker-junction-box\/#primaryimage\",\"url\":\"https:\/\/www.jyiele.com\/wp-content\/uploads\/2024\/10\/HPC-Series-IP65-Plastic-Waterproof-Electrical-Circuit-Breaker-Junction-Box.webp\",\"contentUrl\":\"https:\/\/www.jyiele.com\/wp-content\/uploads\/2024\/10\/HPC-Series-IP65-Plastic-Waterproof-Electrical-Circuit-Breaker-Junction-Box.webp\",\"width\":800,\"height\":800,\"caption\":\"HPC Series IP65 Plastic Waterproof Electrical Circuit Breaker Junction Box\"},{\"@type\":\"BreadcrumbList\",\"@id\":\"https:\/\/www.jyiele.com\/product\/hpc-series-ip65-plastic-waterproof-electrical-circuit-breaker-junction-box\/#breadcrumb\",\"itemListElement\":[{\"@type\":\"ListItem\",\"position\":1,\"name\":\"Home\",\"item\":\"https:\/\/www.jyiele.com\/\"},{\"@type\":\"ListItem\",\"position\":2,\"name\":\"Product\",\"item\":\"https:\/\/www.jyiele.com\/product\/\"},{\"@type\":\"ListItem\",\"position\":3,\"name\":\"Waterproof Plastic Enclosure\",\"item\":\"https:\/\/www.jyiele.com\/ja\/product-category\/waterproof-plastic-enclosure\/\"},{\"@type\":\"ListItem\",\"position\":4,\"name\":\"HPC Series IP65 Plastic Waterproof Electrical Circuit Breaker Junction Box\"}]},{\"@type\":\"WebSite\",\"@id\":\"https:\/\/www.jyiele.com\/#website\",\"url\":\"https:\/\/www.jyiele.com\/\",\"name\":\"JYIELE\",\"description\":\"Vacuum Circuit Breaker manufacturer\",\"publisher\":{\"@id\":\"https:\/\/www.jyiele.com\/#organization\"},\"potentialAction\":[{\"@type\":\"SearchAction\",\"target\":{\"@type\":\"EntryPoint\",\"urlTemplate\":\"https:\/\/www.jyiele.com\/?s={search_term_string}\"},\"query-input\":{\"@type\":\"PropertyValueSpecification\",\"valueRequired\":true,\"valueName\":\"search_term_string\"}}],\"inLanguage\":\"de\"},{\"@type\":\"Organization\",\"@id\":\"https:\/\/www.jyiele.com\/#organization\",\"name\":\"JYIELE\",\"url\":\"https:\/\/www.jyiele.com\/\",\"logo\":{\"@type\":\"ImageObject\",\"inLanguage\":\"de\",\"@id\":\"https:\/\/www.jyiele.com\/#\/schema\/logo\/image\/\",\"url\":\"https:\/\/www.jyiele.com\/wp-content\/uploads\/2024\/09\/cropped-jyele-1.webp\",\"contentUrl\":\"https:\/\/www.jyiele.com\/wp-content\/uploads\/2024\/09\/cropped-jyele-1.webp\",\"width\":137,\"height\":60,\"caption\":\"JYIELE\"},\"image\":{\"@id\":\"https:\/\/www.jyiele.com\/#\/schema\/logo\/image\/\"}}]}<\/script>\n<!-- \/ Yoast SEO plugin. -->","yoast_head_json":{"title":"HPC Serie IP65 Kunststoff Wasserdicht Elektrischer Leistungsschalter Verteilerkasten - JYIELE","robots":{"index":"index","follow":"follow","max-snippet":"max-snippet:-1","max-image-preview":"max-image-preview:large","max-video-preview":"max-video-preview:-1"},"canonical":"https:\/\/www.jyiele.com\/de\/product\/hpc-series-ip65-plastic-waterproof-electrical-circuit-breaker-junction-box\/","og_locale":"de_DE","og_type":"article","og_title":"HPC Series IP65 Plastic Waterproof Electrical Circuit Breaker Junction Box - JYIELE","og_description":"The AG, AT, PG, and PT wall-mounted electrical enclosures are made from impact-resistant polycarbonate or ABS, designed to withstand tough industrial environments.  Product Features Product Name: Distribution Box Keyword: Distribution Box Electrical Material: Polycarbonate (PC)\/ABS Ways: 4 to 54 ways Feature: Long Service Life Application: Construction Electrical Control Box Advantage: OEM Service Available Usage: Terminal Distribution, Solar Combiner Box","og_url":"https:\/\/www.jyiele.com\/de\/product\/hpc-series-ip65-plastic-waterproof-electrical-circuit-breaker-junction-box\/","og_site_name":"JYIELE","article_modified_time":"2025-03-09T11:35:21+00:00","og_image":[{"width":800,"height":800,"url":"https:\/\/www.jyiele.com\/wp-content\/uploads\/2024\/10\/HPC-Series-IP65-Plastic-Waterproof-Electrical-Circuit-Breaker-Junction-Box.webp","type":"image\/webp"}],"twitter_card":"summary_large_image","twitter_misc":{"Gesch\u00e4tzte Lesezeit":"2\u00a0Minuten"},"schema":{"@context":"https:\/\/schema.org","@graph":[{"@type":"WebPage","@id":"https:\/\/www.jyiele.com\/product\/hpc-series-ip65-plastic-waterproof-electrical-circuit-breaker-junction-box\/","url":"https:\/\/www.jyiele.com\/product\/hpc-series-ip65-plastic-waterproof-electrical-circuit-breaker-junction-box\/","name":"HPC Serie IP65 Kunststoff Wasserdicht Elektrischer Leistungsschalter Verteilerkasten - JYIELE","isPartOf":{"@id":"https:\/\/www.jyiele.com\/#website"},"primaryImageOfPage":{"@id":"https:\/\/www.jyiele.com\/product\/hpc-series-ip65-plastic-waterproof-electrical-circuit-breaker-junction-box\/#primaryimage"},"image":{"@id":"https:\/\/www.jyiele.com\/product\/hpc-series-ip65-plastic-waterproof-electrical-circuit-breaker-junction-box\/#primaryimage"},"thumbnailUrl":"https:\/\/www.jyiele.com\/wp-content\/uploads\/2024\/10\/HPC-Series-IP65-Plastic-Waterproof-Electrical-Circuit-Breaker-Junction-Box.webp","datePublished":"2024-10-16T11:33:35+00:00","dateModified":"2025-03-09T11:35:21+00:00","breadcrumb":{"@id":"https:\/\/www.jyiele.com\/product\/hpc-series-ip65-plastic-waterproof-electrical-circuit-breaker-junction-box\/#breadcrumb"},"inLanguage":"de","potentialAction":[{"@type":"ReadAction","target":["https:\/\/www.jyiele.com\/product\/hpc-series-ip65-plastic-waterproof-electrical-circuit-breaker-junction-box\/"]}]},{"@type":"ImageObject","inLanguage":"de","@id":"https:\/\/www.jyiele.com\/product\/hpc-series-ip65-plastic-waterproof-electrical-circuit-breaker-junction-box\/#primaryimage","url":"https:\/\/www.jyiele.com\/wp-content\/uploads\/2024\/10\/HPC-Series-IP65-Plastic-Waterproof-Electrical-Circuit-Breaker-Junction-Box.webp","contentUrl":"https:\/\/www.jyiele.com\/wp-content\/uploads\/2024\/10\/HPC-Series-IP65-Plastic-Waterproof-Electrical-Circuit-Breaker-Junction-Box.webp","width":800,"height":800,"caption":"HPC Series IP65 Plastic Waterproof Electrical Circuit Breaker Junction Box"},{"@type":"BreadcrumbList","@id":"https:\/\/www.jyiele.com\/product\/hpc-series-ip65-plastic-waterproof-electrical-circuit-breaker-junction-box\/#breadcrumb","itemListElement":[{"@type":"ListItem","position":1,"name":"Home","item":"https:\/\/www.jyiele.com\/"},{"@type":"ListItem","position":2,"name":"Product","item":"https:\/\/www.jyiele.com\/product\/"},{"@type":"ListItem","position":3,"name":"Waterproof Plastic Enclosure","item":"https:\/\/www.jyiele.com\/ja\/product-category\/waterproof-plastic-enclosure\/"},{"@type":"ListItem","position":4,"name":"HPC Series IP65 Plastic Waterproof Electrical Circuit Breaker Junction Box"}]},{"@type":"WebSite","@id":"https:\/\/www.jyiele.com\/#website","url":"https:\/\/www.jyiele.com\/","name":"JYIELE","description":"Hersteller von Vakuum-Leistungsschaltern","publisher":{"@id":"https:\/\/www.jyiele.com\/#organization"},"potentialAction":[{"@type":"SearchAction","target":{"@type":"EntryPoint","urlTemplate":"https:\/\/www.jyiele.com\/?s={search_term_string}"},"query-input":{"@type":"PropertyValueSpecification","valueRequired":true,"valueName":"search_term_string"}}],"inLanguage":"de"},{"@type":"Organization","@id":"https:\/\/www.jyiele.com\/#organization","name":"JYIELE","url":"https:\/\/www.jyiele.com\/","logo":{"@type":"ImageObject","inLanguage":"de","@id":"https:\/\/www.jyiele.com\/#\/schema\/logo\/image\/","url":"https:\/\/www.jyiele.com\/wp-content\/uploads\/2024\/09\/cropped-jyele-1.webp","contentUrl":"https:\/\/www.jyiele.com\/wp-content\/uploads\/2024\/09\/cropped-jyele-1.webp","width":137,"height":60,"caption":"JYIELE"},"image":{"@id":"https:\/\/www.jyiele.com\/#\/schema\/logo\/image\/"}}]}},"_links":{"self":[{"href":"https:\/\/www.jyiele.com\/de\/wp-json\/wp\/v2\/product\/2101","targetHints":{"allow":["GET"]}}],"collection":[{"href":"https:\/\/www.jyiele.com\/de\/wp-json\/wp\/v2\/product"}],"about":[{"href":"https:\/\/www.jyiele.com\/de\/wp-json\/wp\/v2\/types\/product"}],"version-history":[{"count":7,"href":"https:\/\/www.jyiele.com\/de\/wp-json\/wp\/v2\/product\/2101\/revisions"}],"predecessor-version":[{"id":2112,"href":"https:\/\/www.jyiele.com\/de\/wp-json\/wp\/v2\/product\/2101\/revisions\/2112"}],"wp:featuredmedia":[{"embeddable":true,"href":"https:\/\/www.jyiele.com\/de\/wp-json\/wp\/v2\/media\/2105"}],"wp:attachment":[{"href":"https:\/\/www.jyiele.com\/de\/wp-json\/wp\/v2\/media?parent=2101"}],"wp:term":[{"taxonomy":"product_brand","embeddable":true,"href":"https:\/\/www.jyiele.com\/de\/wp-json\/wp\/v2\/product_brand?post=2101"},{"taxonomy":"product_cat","embeddable":true,"href":"https:\/\/www.jyiele.com\/de\/wp-json\/wp\/v2\/product_cat?post=2101"},{"taxonomy":"product_tag","embeddable":true,"href":"https:\/\/www.jyiele.com\/de\/wp-json\/wp\/v2\/product_tag?post=2101"}],"curies":[{"name":"wp","href":"https:\/\/api.w.org\/{rel}","templated":true}]}}