{"id":2138,"date":"2024-10-16T12:32:07","date_gmt":"2024-10-16T12:32:07","guid":{"rendered":"https:\/\/www.jy-electric.com\/?post_type=product&#038;p=2138"},"modified":"2025-03-09T11:34:08","modified_gmt":"2025-03-09T11:34:08","slug":"waterproof-electrical-plastic-junction-box-with-hinge","status":"publish","type":"product","link":"https:\/\/www.jyiele.com\/de\/product\/waterproof-electrical-plastic-junction-box-with-hinge\/","title":{"rendered":"Wasserdichter elektrischer Kunststoffverteilerkasten der Serie F mit Scharnier"},"content":{"rendered":"<h2>Wasserdichte elektrische Kunststoffverteilerdose mit Scharnier<\/h2>\n<p>Diese Abzweigdose ist mit einem Scharnier und einer Verriegelung f\u00fcr einfachen Zugang ausgestattet und verf\u00fcgt \u00fcber robuste Schnallen, die eine sichere Abdichtung gew\u00e4hrleisten und sowohl die Wasserdichtigkeit als auch die elektrische Sicherheit verbessern. Das langlebige Material bietet eine hervorragende Best\u00e4ndigkeit gegen UV-Strahlen, Witterungseinfl\u00fcsse und Korrosion und ist somit ideal f\u00fcr den langfristigen Einsatz.<\/p>\n<h2>Anwendung:<\/h2>\n<p>Diese wasserdichte Anschlussdose eignet sich f\u00fcr eine Vielzahl von Anwendungen im Innen- und Au\u00dfenbereich, z. B. f\u00fcr elektrische Systeme, Kommunikation, Feuerl\u00f6schanlagen, Stahlherstellung, petrochemische Industrie, Elektronik, Stromnetze, Eisenbahnen, Geb\u00e4ude, Bergbau, Flugh\u00e4fen, Seeh\u00e4fen, Hotels, Schiffe, Industrieanlagen, Abwasserbehandlung und Umweltschutzanlagen.<\/p>\n<h2>Einbau:<\/h2>\n<p>Intern: Der Sockel enth\u00e4lt vorgebohrte Installationsl\u00f6cher f\u00fcr die Montage von Leiterplatten oder DIN-Schienen (jede Box wird mit mehr als 2 M4-Messingmuttern geliefert).<br \/>\nAu\u00dfen: Kann direkt an W\u00e4nden oder flachen Oberfl\u00e4chen mit Schrauben oder N\u00e4geln durch die vorgebohrten L\u00f6cher im Sockel befestigt werden.<\/p>\n<p>Auslassloch:<\/p>\n<p>Kundenspezifische Auslass\u00f6ffnungen k\u00f6nnen je nach Kundenwunsch hinzugef\u00fcgt werden, und die Installation von Kabelverschraubungen verbessert die Wasserdichtigkeit.<\/p>\n<h4 class=\"wp-block-heading\">Produktmodell benannt<\/h4>\n<figure class=\"wp-block-table\">\n<div class=\"scroll\">\n<table>\n<tbody>\n<tr>\n<td rowspan=\"8\">Modell AGF-20\/30\/160<\/td>\n<td>A<\/td>\n<td>Material<\/td>\n<td>A:ABS P:PC<\/td>\n<\/tr>\n<tr>\n<td>G<\/td>\n<td>Farbe des Deckels<\/td>\n<td>G:Grau T:Transparent<\/td>\n<\/tr>\n<tr>\n<td rowspan=\"3\">F<\/td>\n<td rowspan=\"3\">Typ<\/td>\n<td>F:Kunststoffscharnierpunkte in Form<\/td>\n<\/tr>\n<tr>\n<td>P:Kunststoffscharnier in Form<\/td>\n<\/tr>\n<tr>\n<td>H:Scharnier und Schloss aus rostfreiem Stahl<\/td>\n<\/tr>\n<tr>\n<td>20<\/td>\n<td>Breite(W)<\/td>\n<td><\/td>\n<\/tr>\n<tr>\n<td>30<\/td>\n<td>L\u00e4nge(L)<\/td>\n<td>Scharnier, Verriegelung der Montagefl\u00e4che<\/td>\n<\/tr>\n<tr>\n<td>160<\/td>\n<td>Hoch(H)<\/td>\n<td>Mit Deckel<\/td>\n<\/tr>\n<\/tbody>\n<\/table>\n<\/div>\n<\/figure>\n<h4 class=\"wp-block-heading\">Technische Parameter<\/h4>\n<figure class=\"wp-block-table\">\n<div class=\"scroll\">\n<table>\n<tbody>\n<tr>\n<td colspan=\"2\"><strong>Beschreiben Sie<\/strong><\/td>\n<td>PC(Polycarbonat)<\/td>\n<td>ABS<\/td>\n<\/tr>\n<tr>\n<td colspan=\"2\">Schutzart (EN 60529)<\/td>\n<td>IP65<\/td>\n<td>IP65<\/td>\n<\/tr>\n<tr>\n<td colspan=\"2\">Schockfestigkeit (EN 62262)<\/td>\n<td>IK08<\/td>\n<td>IK08<\/td>\n<\/tr>\n<tr>\n<td colspan=\"2\">Temperaturbereich (kurzzeitig)<\/td>\n<td>-40\u2103~120\u2103<\/td>\n<td>-40\u2103~80\u2103<\/td>\n<\/tr>\n<tr>\n<td colspan=\"2\">Temperaturbereich (kontinuierlich)<\/td>\n<td>-40\u2103~80\u2103<\/td>\n<td>-40\u2103~60\u2103<\/td>\n<\/tr>\n<tr>\n<td colspan=\"2\">Isolierung<\/td>\n<td>Vollst\u00e4ndig isoliert<\/td>\n<td>Vollst\u00e4ndig isoliert<\/td>\n<\/tr>\n<tr>\n<td rowspan=\"2\">Farbe und Glanz<\/td>\n<td>undurchsichtig-hellgrauer Teil<\/td>\n<td>RAL 7035<\/td>\n<td>RAL 7035<\/td>\n<\/tr>\n<tr>\n<td>transparentes PC-Abdeckungsteil<\/td>\n<td>transparent\/Rauchgrau<\/td>\n<td>transparent\/Rauchgrau<\/td>\n<\/tr>\n<tr>\n<td colspan=\"2\">Farbe der Scharniere\/Schnallen (PC)<\/td>\n<td>RAL 7035<\/td>\n<td>RAL 7035<\/td>\n<\/tr>\n<tr>\n<td colspan=\"2\">Dichtung<\/td>\n<td>PUR\/EPDM<\/td>\n<td>PUR\/EPDM<\/td>\n<\/tr>\n<tr>\n<td colspan=\"2\">Flammhemmende Qualit\u00e4t<\/td>\n<td>UL94-5V<\/td>\n<td>UL94HB<\/td>\n<\/tr>\n<tr>\n<td colspan=\"2\">Pr\u00fcfung mit brennendem Draht (IEC695-2-1)<\/td>\n<td>960\u2103<\/td>\n<td>650\u2103<\/td>\n<\/tr>\n<tr>\n<td colspan=\"2\">Ungiftig<\/td>\n<td>Halogenfrei<\/td>\n<td>Halogenfrei<\/td>\n<\/tr>\n<tr>\n<td colspan=\"2\">Uv-Test<\/td>\n<td>UL 508(IN Alternde Maschine 720h)<\/td>\n<td><\/td>\n<\/tr>\n<tr>\n<td colspan=\"2\">Chemische Best\u00e4ndigkeit<\/td>\n<td>Gut<\/td>\n<td>Gut<\/td>\n<\/tr>\n<\/tbody>\n<\/table>\n<\/div>\n<\/figure>\n<h4 class=\"wp-block-heading\">Produkt-Spezifikation<\/h4>\n<figure class=\"wp-block-table\">\n<div class=\"scroll\">\n<table>\n<tbody>\n<tr>\n<td>W*H*D<\/td>\n<td colspan=\"2\">ABS Solide Abdeckung<\/td>\n<td colspan=\"2\">PC Solide Abdeckung<\/td>\n<td>IP-Bewertung<\/td>\n<\/tr>\n<tr>\n<td>Umrissabmessungen (MM)<\/td>\n<td>Modell<\/td>\n<td>Code bestellen<\/td>\n<td>Modell<\/td>\n<td>Code bestellen<\/td>\n<td>IP65<\/td>\n<\/tr>\n<tr>\n<td>300*200*160<\/td>\n<td>AG-3020160<\/td>\n<td>042429191400017<\/td>\n<td>PG-3020160<\/td>\n<td>042429191400019<\/td>\n<td>IP65<\/td>\n<\/tr>\n<tr>\n<td>300*200*170<\/td>\n<td>AG-3020170<\/td>\n<td>00203020170069<\/td>\n<td>PG-3020170<\/td>\n<td>00203020170075<\/td>\n<td>IP65<\/td>\n<\/tr>\n<tr>\n<td>300*200*180<\/td>\n<td>AG-3020180<\/td>\n<td>00303020180075<\/td>\n<td>PG-3020180<\/td>\n<td>00303020180081<\/td>\n<td>IP65<\/td>\n<\/tr>\n<tr>\n<td>400*300*170<\/td>\n<td>AG-3040170<\/td>\n<td>00403040170081<\/td>\n<td>PG-3040170<\/td>\n<td>00403040170115<\/td>\n<td>IP65<\/td>\n<\/tr>\n<tr>\n<td>400*300*180<\/td>\n<td>AG-3040180<\/td>\n<td>005030400180081<\/td>\n<td>PG-3040180<\/td>\n<td>005030400180122<\/td>\n<td>IP65<\/td>\n<\/tr>\n<tr>\n<td>500*400*200<\/td>\n<td>AG-4050200<\/td>\n<td>00604050222140<\/td>\n<td>PG-4050200<\/td>\n<td>00604050200209<\/td>\n<td>IP65<\/td>\n<\/tr>\n<tr>\n<td>600*500*220<\/td>\n<td>AG-5060220<\/td>\n<td>007050600205<\/td>\n<td>PG-5060220<\/td>\n<td>007050600235<\/td>\n<td>IP65<\/td>\n<\/tr>\n<tr>\n<td>150*100*70<\/td>\n<td>AG-151070<\/td>\n<td>04201510700001<\/td>\n<td>PG-151070<\/td>\n<td>04201510700003<\/td>\n<td>IP65<\/td>\n<\/tr>\n<tr>\n<td>150*150*90<\/td>\n<td>AG-151590<\/td>\n<td>04211515900005<\/td>\n<td>PG-151590<\/td>\n<td>04211515900007<\/td>\n<td>IP65<\/td>\n<\/tr>\n<tr>\n<td>200*100*70<\/td>\n<td>AG-201070<\/td>\n<td>04222010700009<\/td>\n<td>PG-201070<\/td>\n<td>04222010700011<\/td>\n<td>IP65<\/td>\n<\/tr>\n<tr>\n<td>220*170*110<\/td>\n<td>AG-2217110<\/td>\n<td>042322171100013<\/td>\n<td>PG-2217110<\/td>\n<td>042322171100015<\/td>\n<td>IP65<\/td>\n<\/tr>\n<tr>\n<td>290*190*140<\/td>\n<td>AG-2919140<\/td>\n<td>042429191400017<\/td>\n<td>PG-2919140<\/td>\n<td>042429191400019<\/td>\n<td>IP65<\/td>\n<\/tr>\n<tr>\n<td>330*330*130<\/td>\n<td>AG-3333130<\/td>\n<td>042533331300021<\/td>\n<td>PG-3333130<\/td>\n<td>042533331300023<\/td>\n<td>IP65<\/td>\n<\/tr>\n<tr>\n<td>390*290*160<\/td>\n<td>AG-3929160<\/td>\n<td>042639291600025<\/td>\n<td>PG-3929160<\/td>\n<td>042639291600027<\/td>\n<td>IP65<\/td>\n<\/tr>\n<\/tbody>\n<\/table>\n<\/div>\n<\/figure>\n<h4 class=\"wp-block-heading\"><\/h4>","protected":false},"excerpt":{"rendered":"<p>Die <strong>Wasserdichte elektrische Kunststoffverteilerdose<\/strong> wurde entwickelt, um Ihre Anwendung mit einem aufklappbaren und verriegelten Deckel zu sch\u00fctzen und sicher vor Witterungseinfl\u00fcssen zu sch\u00fctzen. Hergestellt aus strapazierf\u00e4higem, UV-best\u00e4ndigem Material f\u00fcr einen langen Einsatz in rauen Umgebungen. Mit kundenseitigen Auslassl\u00f6chern f\u00fcr Einl\u00e4sse oder Befestigungsdr\u00e4hte und mehreren einfachen Installationsoptionen eignet sich das Ger\u00e4t f\u00fcr den Innen- und Au\u00dfenbereich in vielen Anwendungen.<\/p>","protected":false},"featured_media":2141,"template":"","meta":{"site-sidebar-layout":"default","site-content-layout":"","ast-site-content-layout":"default","site-content-style":"default","site-sidebar-style":"default","ast-global-header-display":"","ast-banner-title-visibility":"","ast-main-header-display":"","ast-hfb-above-header-display":"","ast-hfb-below-header-display":"","ast-hfb-mobile-header-display":"","site-post-title":"","ast-breadcrumbs-content":"","ast-featured-img":"","footer-sml-layout":"","ast-disable-related-posts":"","theme-transparent-header-meta":"default","adv-header-id-meta":"","stick-header-meta":"","header-above-stick-meta":"","header-main-stick-meta":"","header-below-stick-meta":"","astra-migrate-meta-layouts":"set","ast-page-background-enabled":"default","ast-page-background-meta":{"desktop":{"background-color":"var(--ast-global-color-4)","background-image":"","background-repeat":"repeat","background-position":"center center","background-size":"auto","background-attachment":"scroll","background-type":"","background-media":"","overlay-type":"","overlay-color":"","overlay-opacity":"","overlay-gradient":""},"tablet":{"background-color":"","background-image":"","background-repeat":"repeat","background-position":"center center","background-size":"auto","background-attachment":"scroll","background-type":"","background-media":"","overlay-type":"","overlay-color":"","overlay-opacity":"","overlay-gradient":""},"mobile":{"background-color":"","background-image":"","background-repeat":"repeat","background-position":"center center","background-size":"auto","background-attachment":"scroll","background-type":"","background-media":"","overlay-type":"","overlay-color":"","overlay-opacity":"","overlay-gradient":""}},"ast-content-background-meta":{"desktop":{"background-color":"var(--ast-global-color-5)","background-image":"","background-repeat":"repeat","background-position":"center center","background-size":"auto","background-attachment":"scroll","background-type":"","background-media":"","overlay-type":"","overlay-color":"","overlay-opacity":"","overlay-gradient":""},"tablet":{"background-color":"var(--ast-global-color-5)","background-image":"","background-repeat":"repeat","background-position":"center center","background-size":"auto","background-attachment":"scroll","background-type":"","background-media":"","overlay-type":"","overlay-color":"","overlay-opacity":"","overlay-gradient":""},"mobile":{"background-color":"var(--ast-global-color-5)","background-image":"","background-repeat":"repeat","background-position":"center center","background-size":"auto","background-attachment":"scroll","background-type":"","background-media":"","overlay-type":"","overlay-color":"","overlay-opacity":"","overlay-gradient":""}}},"product_brand":[],"product_cat":[23],"product_tag":[],"class_list":{"0":"post-2138","1":"product","2":"type-product","3":"status-publish","4":"has-post-thumbnail","6":"product_cat-waterproof-plastic-enclosure","7":"desktop-align-left","8":"tablet-align-left","9":"mobile-align-left","11":"first","12":"instock","13":"shipping-taxable","14":"product-type-simple"},"yoast_head":"<!-- This site is optimized with the Yoast SEO plugin v24.8.1 - https:\/\/yoast.com\/wordpress\/plugins\/seo\/ -->\n<title>F Series Waterproof Electrical Plastic Junction Box With Hinge - JYIELE<\/title>\n<meta name=\"robots\" content=\"index, follow, max-snippet:-1, max-image-preview:large, max-video-preview:-1\" \/>\n<link rel=\"canonical\" href=\"https:\/\/www.jyiele.com\/de\/product\/waterproof-electrical-plastic-junction-box-with-hinge\/\" \/>\n<meta property=\"og:locale\" content=\"de_DE\" \/>\n<meta property=\"og:type\" content=\"article\" \/>\n<meta property=\"og:title\" content=\"F Series Waterproof Electrical Plastic Junction Box With Hinge - JYIELE\" \/>\n<meta property=\"og:description\" content=\"The Waterproof Electrical Plastic Junction Box is designed to protect and safely weatherproof your application with a hinged and latched lid. Manufactured from heavy-duty UV-resistant material for long service in harsh environments. Accommodates customer outlet holes for inlets or mounting wires with several easy, simple installation options, making it suitable for indoor and outdoor usage in many applications.\" \/>\n<meta property=\"og:url\" content=\"https:\/\/www.jyiele.com\/de\/product\/waterproof-electrical-plastic-junction-box-with-hinge\/\" \/>\n<meta property=\"og:site_name\" content=\"JYIELE\" \/>\n<meta property=\"article:modified_time\" content=\"2025-03-09T11:34:08+00:00\" \/>\n<meta property=\"og:image\" content=\"https:\/\/www.jyiele.com\/wp-content\/uploads\/2024\/10\/Electrical-Plastic-Junction-Box.webp\" \/>\n\t<meta property=\"og:image:width\" content=\"800\" \/>\n\t<meta property=\"og:image:height\" content=\"800\" \/>\n\t<meta property=\"og:image:type\" content=\"image\/webp\" \/>\n<meta name=\"twitter:card\" content=\"summary_large_image\" \/>\n<meta name=\"twitter:label1\" content=\"Gesch\u00e4tzte Lesezeit\" \/>\n\t<meta name=\"twitter:data1\" content=\"2\u00a0Minuten\" \/>\n<script type=\"application\/ld+json\" class=\"yoast-schema-graph\">{\"@context\":\"https:\/\/schema.org\",\"@graph\":[{\"@type\":\"WebPage\",\"@id\":\"https:\/\/www.jyiele.com\/ja\/product\/waterproof-electrical-plastic-junction-box-with-hinge\/\",\"url\":\"https:\/\/www.jyiele.com\/ja\/product\/waterproof-electrical-plastic-junction-box-with-hinge\/\",\"name\":\"F Series Waterproof Electrical Plastic Junction Box With Hinge - JYIELE\",\"isPartOf\":{\"@id\":\"https:\/\/www.jyiele.com\/#website\"},\"primaryImageOfPage\":{\"@id\":\"https:\/\/www.jyiele.com\/ja\/product\/waterproof-electrical-plastic-junction-box-with-hinge\/#primaryimage\"},\"image\":{\"@id\":\"https:\/\/www.jyiele.com\/ja\/product\/waterproof-electrical-plastic-junction-box-with-hinge\/#primaryimage\"},\"thumbnailUrl\":\"https:\/\/www.jyiele.com\/wp-content\/uploads\/2024\/10\/Electrical-Plastic-Junction-Box.webp\",\"datePublished\":\"2024-10-16T12:32:07+00:00\",\"dateModified\":\"2025-03-09T11:34:08+00:00\",\"breadcrumb\":{\"@id\":\"https:\/\/www.jyiele.com\/ja\/product\/waterproof-electrical-plastic-junction-box-with-hinge\/#breadcrumb\"},\"inLanguage\":\"de\",\"potentialAction\":[{\"@type\":\"ReadAction\",\"target\":[\"https:\/\/www.jyiele.com\/ja\/product\/waterproof-electrical-plastic-junction-box-with-hinge\/\"]}]},{\"@type\":\"ImageObject\",\"inLanguage\":\"de\",\"@id\":\"https:\/\/www.jyiele.com\/ja\/product\/waterproof-electrical-plastic-junction-box-with-hinge\/#primaryimage\",\"url\":\"https:\/\/www.jyiele.com\/wp-content\/uploads\/2024\/10\/Electrical-Plastic-Junction-Box.webp\",\"contentUrl\":\"https:\/\/www.jyiele.com\/wp-content\/uploads\/2024\/10\/Electrical-Plastic-Junction-Box.webp\",\"width\":800,\"height\":800,\"caption\":\"Electrical Plastic Junction Box\"},{\"@type\":\"BreadcrumbList\",\"@id\":\"https:\/\/www.jyiele.com\/ja\/product\/waterproof-electrical-plastic-junction-box-with-hinge\/#breadcrumb\",\"itemListElement\":[{\"@type\":\"ListItem\",\"position\":1,\"name\":\"Home\",\"item\":\"https:\/\/www.jyiele.com\/\"},{\"@type\":\"ListItem\",\"position\":2,\"name\":\"Product\",\"item\":\"https:\/\/www.jyiele.com\/product\/\"},{\"@type\":\"ListItem\",\"position\":3,\"name\":\"Waterproof Plastic Enclosure\",\"item\":\"https:\/\/www.jyiele.com\/ja\/product-category\/waterproof-plastic-enclosure\/\"},{\"@type\":\"ListItem\",\"position\":4,\"name\":\"F Series Waterproof Electrical Plastic Junction Box With Hinge\"}]},{\"@type\":\"WebSite\",\"@id\":\"https:\/\/www.jyiele.com\/#website\",\"url\":\"https:\/\/www.jyiele.com\/\",\"name\":\"JYIELE\",\"description\":\"Vacuum Circuit Breaker manufacturer\",\"publisher\":{\"@id\":\"https:\/\/www.jyiele.com\/#organization\"},\"potentialAction\":[{\"@type\":\"SearchAction\",\"target\":{\"@type\":\"EntryPoint\",\"urlTemplate\":\"https:\/\/www.jyiele.com\/?s={search_term_string}\"},\"query-input\":{\"@type\":\"PropertyValueSpecification\",\"valueRequired\":true,\"valueName\":\"search_term_string\"}}],\"inLanguage\":\"de\"},{\"@type\":\"Organization\",\"@id\":\"https:\/\/www.jyiele.com\/#organization\",\"name\":\"JYIELE\",\"url\":\"https:\/\/www.jyiele.com\/\",\"logo\":{\"@type\":\"ImageObject\",\"inLanguage\":\"de\",\"@id\":\"https:\/\/www.jyiele.com\/#\/schema\/logo\/image\/\",\"url\":\"https:\/\/www.jyiele.com\/wp-content\/uploads\/2024\/09\/cropped-jyele-1.webp\",\"contentUrl\":\"https:\/\/www.jyiele.com\/wp-content\/uploads\/2024\/09\/cropped-jyele-1.webp\",\"width\":137,\"height\":60,\"caption\":\"JYIELE\"},\"image\":{\"@id\":\"https:\/\/www.jyiele.com\/#\/schema\/logo\/image\/\"}}]}<\/script>\n<!-- \/ Yoast SEO plugin. -->","yoast_head_json":{"title":"Wasserdichte elektrische Kunststoff-Verteilerdose der Serie F mit Scharnier - JYIELE","robots":{"index":"index","follow":"follow","max-snippet":"max-snippet:-1","max-image-preview":"max-image-preview:large","max-video-preview":"max-video-preview:-1"},"canonical":"https:\/\/www.jyiele.com\/de\/product\/waterproof-electrical-plastic-junction-box-with-hinge\/","og_locale":"de_DE","og_type":"article","og_title":"F Series Waterproof Electrical Plastic Junction Box With Hinge - JYIELE","og_description":"The Waterproof Electrical Plastic Junction Box is designed to protect and safely weatherproof your application with a hinged and latched lid. Manufactured from heavy-duty UV-resistant material for long service in harsh environments. Accommodates customer outlet holes for inlets or mounting wires with several easy, simple installation options, making it suitable for indoor and outdoor usage in many applications.","og_url":"https:\/\/www.jyiele.com\/de\/product\/waterproof-electrical-plastic-junction-box-with-hinge\/","og_site_name":"JYIELE","article_modified_time":"2025-03-09T11:34:08+00:00","og_image":[{"width":800,"height":800,"url":"https:\/\/www.jyiele.com\/wp-content\/uploads\/2024\/10\/Electrical-Plastic-Junction-Box.webp","type":"image\/webp"}],"twitter_card":"summary_large_image","twitter_misc":{"Gesch\u00e4tzte Lesezeit":"2\u00a0Minuten"},"schema":{"@context":"https:\/\/schema.org","@graph":[{"@type":"WebPage","@id":"https:\/\/www.jyiele.com\/ja\/product\/waterproof-electrical-plastic-junction-box-with-hinge\/","url":"https:\/\/www.jyiele.com\/ja\/product\/waterproof-electrical-plastic-junction-box-with-hinge\/","name":"Wasserdichte elektrische Kunststoff-Verteilerdose der Serie F mit Scharnier - JYIELE","isPartOf":{"@id":"https:\/\/www.jyiele.com\/#website"},"primaryImageOfPage":{"@id":"https:\/\/www.jyiele.com\/ja\/product\/waterproof-electrical-plastic-junction-box-with-hinge\/#primaryimage"},"image":{"@id":"https:\/\/www.jyiele.com\/ja\/product\/waterproof-electrical-plastic-junction-box-with-hinge\/#primaryimage"},"thumbnailUrl":"https:\/\/www.jyiele.com\/wp-content\/uploads\/2024\/10\/Electrical-Plastic-Junction-Box.webp","datePublished":"2024-10-16T12:32:07+00:00","dateModified":"2025-03-09T11:34:08+00:00","breadcrumb":{"@id":"https:\/\/www.jyiele.com\/ja\/product\/waterproof-electrical-plastic-junction-box-with-hinge\/#breadcrumb"},"inLanguage":"de","potentialAction":[{"@type":"ReadAction","target":["https:\/\/www.jyiele.com\/ja\/product\/waterproof-electrical-plastic-junction-box-with-hinge\/"]}]},{"@type":"ImageObject","inLanguage":"de","@id":"https:\/\/www.jyiele.com\/ja\/product\/waterproof-electrical-plastic-junction-box-with-hinge\/#primaryimage","url":"https:\/\/www.jyiele.com\/wp-content\/uploads\/2024\/10\/Electrical-Plastic-Junction-Box.webp","contentUrl":"https:\/\/www.jyiele.com\/wp-content\/uploads\/2024\/10\/Electrical-Plastic-Junction-Box.webp","width":800,"height":800,"caption":"Electrical Plastic Junction Box"},{"@type":"BreadcrumbList","@id":"https:\/\/www.jyiele.com\/ja\/product\/waterproof-electrical-plastic-junction-box-with-hinge\/#breadcrumb","itemListElement":[{"@type":"ListItem","position":1,"name":"Home","item":"https:\/\/www.jyiele.com\/"},{"@type":"ListItem","position":2,"name":"Product","item":"https:\/\/www.jyiele.com\/product\/"},{"@type":"ListItem","position":3,"name":"Waterproof Plastic Enclosure","item":"https:\/\/www.jyiele.com\/ja\/product-category\/waterproof-plastic-enclosure\/"},{"@type":"ListItem","position":4,"name":"F Series Waterproof Electrical Plastic Junction Box With Hinge"}]},{"@type":"WebSite","@id":"https:\/\/www.jyiele.com\/#website","url":"https:\/\/www.jyiele.com\/","name":"JYIELE","description":"Hersteller von Vakuum-Leistungsschaltern","publisher":{"@id":"https:\/\/www.jyiele.com\/#organization"},"potentialAction":[{"@type":"SearchAction","target":{"@type":"EntryPoint","urlTemplate":"https:\/\/www.jyiele.com\/?s={search_term_string}"},"query-input":{"@type":"PropertyValueSpecification","valueRequired":true,"valueName":"search_term_string"}}],"inLanguage":"de"},{"@type":"Organization","@id":"https:\/\/www.jyiele.com\/#organization","name":"JYIELE","url":"https:\/\/www.jyiele.com\/","logo":{"@type":"ImageObject","inLanguage":"de","@id":"https:\/\/www.jyiele.com\/#\/schema\/logo\/image\/","url":"https:\/\/www.jyiele.com\/wp-content\/uploads\/2024\/09\/cropped-jyele-1.webp","contentUrl":"https:\/\/www.jyiele.com\/wp-content\/uploads\/2024\/09\/cropped-jyele-1.webp","width":137,"height":60,"caption":"JYIELE"},"image":{"@id":"https:\/\/www.jyiele.com\/#\/schema\/logo\/image\/"}}]}},"_links":{"self":[{"href":"https:\/\/www.jyiele.com\/de\/wp-json\/wp\/v2\/product\/2138","targetHints":{"allow":["GET"]}}],"collection":[{"href":"https:\/\/www.jyiele.com\/de\/wp-json\/wp\/v2\/product"}],"about":[{"href":"https:\/\/www.jyiele.com\/de\/wp-json\/wp\/v2\/types\/product"}],"version-history":[{"count":2,"href":"https:\/\/www.jyiele.com\/de\/wp-json\/wp\/v2\/product\/2138\/revisions"}],"predecessor-version":[{"id":2142,"href":"https:\/\/www.jyiele.com\/de\/wp-json\/wp\/v2\/product\/2138\/revisions\/2142"}],"wp:featuredmedia":[{"embeddable":true,"href":"https:\/\/www.jyiele.com\/de\/wp-json\/wp\/v2\/media\/2141"}],"wp:attachment":[{"href":"https:\/\/www.jyiele.com\/de\/wp-json\/wp\/v2\/media?parent=2138"}],"wp:term":[{"taxonomy":"product_brand","embeddable":true,"href":"https:\/\/www.jyiele.com\/de\/wp-json\/wp\/v2\/product_brand?post=2138"},{"taxonomy":"product_cat","embeddable":true,"href":"https:\/\/www.jyiele.com\/de\/wp-json\/wp\/v2\/product_cat?post=2138"},{"taxonomy":"product_tag","embeddable":true,"href":"https:\/\/www.jyiele.com\/de\/wp-json\/wp\/v2\/product_tag?post=2138"}],"curies":[{"name":"wp","href":"https:\/\/api.w.org\/{rel}","templated":true}]}}