{"id":2143,"date":"2024-10-16T12:45:56","date_gmt":"2024-10-16T12:45:56","guid":{"rendered":"https:\/\/www.jy-electric.com\/?post_type=product&#038;p=2143"},"modified":"2025-03-09T11:34:16","modified_gmt":"2025-03-09T11:34:16","slug":"water-proof-control-panel-enclosure","status":"publish","type":"product","link":"https:\/\/www.jyiele.com\/de\/product\/water-proof-control-panel-enclosure\/","title":{"rendered":"Wasserdichtes Schalttafelgeh\u00e4use der Economy-Ausf\u00fchrung - Serie Economical"},"content":{"rendered":"<h2>Wesentliche Merkmale:<\/h2>\n<p>Abnehmbare Installationsplatte: Die abnehmbare Platte f\u00fcr mehrfache Neuinstallationen vereinfacht die Montage und Befestigung verschiedener elektronischer Komponenten.<br \/>\nEine Vielzahl von Optionen: Erh\u00e4ltlich in verschiedenen Gr\u00f6\u00dfen, Materialien, Stilen, Farben und Befestigungsmethoden f\u00fcr alle Arten von Anwendungen.<br \/>\nKundenspezifische \u00d6ffnung: Runde \u00d6ffnungen und kundenspezifische Bearbeitungen (CNC, Lasermarkierung, Siebdruck) sind auf Anfrage m\u00f6glich.<\/p>\n<h2>Anwendungen:<\/h2>\n<p>Geeignet f\u00fcr Innen- und Au\u00dfenanwendungen, u. a. f\u00fcr elektrische Anlagen, Telekommunikation, Feuerl\u00f6schger\u00e4te, Stahlwerke, Petrochemie, Elektronikindustrie, Strom\u00fcbertragung und -verteilung, Eisenbahn, Bauwesen, Bergbau, Flugh\u00e4fen, Seeh\u00e4fen, Hotels, Schiffe, industrielle Automatisierung, Abwasserbehandlung und Umweltschutz.<\/p>\n<h2>Einrichtung<\/h2>\n<p>Intern: Im Inneren des Geh\u00e4uses sind folgende Installationsm\u00f6glichkeiten vorgesehen - L\u00f6cher mit mehr als zwei M4-Messingmuttern zur Befestigung von Leiterplatten oder DIN-Schienen.<br \/>\nExtern: Kann mit Schrauben oder N\u00e4geln durch die vorgebohrten L\u00f6cher im Boden des Geh\u00e4uses an W\u00e4nden oder jeder anderen flachen Oberfl\u00e4che befestigt werden. Auslass\u00f6ffnung: Eine kundenspezifische Auslass\u00f6ffnung kann vorgesehen werden, und die Installation von Kabelverschraubungen ist ebenfalls akzeptabel, um die Wasserdichtigkeit zu erh\u00f6hen.<\/p>\n<h4 class=\"wp-block-heading\">Produkt-Spezifikation<\/h4>\n<figure class=\"wp-block-table\">\n<div class=\"scroll\">\n<table>\n<tbody>\n<tr>\n<td>Spezifikationen<\/td>\n<td>L*B*H(mm)<\/td>\n<\/tr>\n<tr>\n<td>A-10060500<\/td>\n<td rowspan=\"2\">100*68*50<\/td>\n<\/tr>\n<tr>\n<td>A-1006050T<\/td>\n<\/tr>\n<tr>\n<td>A-2012075G<\/td>\n<td rowspan=\"2\">200*120*75<\/td>\n<\/tr>\n<tr>\n<td>A-2012075T<\/td>\n<\/tr>\n<tr>\n<td>A-1611090G<\/td>\n<td rowspan=\"2\">160*110*90<\/td>\n<\/tr>\n<tr>\n<td>A-1611090T<\/td>\n<\/tr>\n<tr>\n<td>A-1109055G<\/td>\n<td rowspan=\"2\">115*90*55<\/td>\n<\/tr>\n<tr>\n<td>A-1109055T<\/td>\n<\/tr>\n<tr>\n<td>A-1010070G<\/td>\n<td rowspan=\"2\">100*100*70<\/td>\n<\/tr>\n<tr>\n<td>A-1010070T<\/td>\n<\/tr>\n<tr>\n<td>A-1212090G<\/td>\n<td rowspan=\"2\">120*120*90<\/td>\n<\/tr>\n<tr>\n<td>A-12120907<\/td>\n<\/tr>\n<tr>\n<td>A-1509060G<\/td>\n<td rowspan=\"2\">158*90*60<\/td>\n<\/tr>\n<tr>\n<td>A-15090601<\/td>\n<\/tr>\n<tr>\n<td>A-1616090G<\/td>\n<td rowspan=\"2\">160*160*90<\/td>\n<\/tr>\n<tr>\n<td>A-16160901<\/td>\n<\/tr>\n<tr>\n<td>A-2020095G<\/td>\n<td rowspan=\"2\">200*200*95<\/td>\n<\/tr>\n<tr>\n<td>A-2020095T<\/td>\n<\/tr>\n<tr>\n<td>A-2315080G<\/td>\n<td rowspan=\"2\">230*150*87<\/td>\n<\/tr>\n<tr>\n<td>A-2315080T<\/td>\n<\/tr>\n<tr>\n<td>A-3224110G<\/td>\n<td rowspan=\"2\">320*240*110<\/td>\n<\/tr>\n<tr>\n<td>A-3224110T<\/td>\n<\/tr>\n<\/tbody>\n<\/table>\n<\/div>\n<\/figure>\n<h4 class=\"wp-block-heading\"><\/h4>","protected":false},"excerpt":{"rendered":"<p>Diese <strong>Wasserdichtes Economy-Schalttafelgeh\u00e4use<\/strong> wurde mit Blick auf Flexibilit\u00e4t und Anpassungsf\u00e4higkeit entwickelt. Es verf\u00fcgt \u00fcber eine leicht abnehmbare Installationsplatte f\u00fcr die einfache Platzierung von Elektronik, eine gro\u00dfe Anzahl von Gr\u00f6\u00dfen, Materialien, Farben und Montageoptionen. Runde \u00d6ffnungen k\u00f6nnen ma\u00dfgeschneidert werden, und auch CNC-Bearbeitung, Laserbeschriftung und Siebdruck sind je nach den individuellen Anforderungen m\u00f6glich.<\/p>","protected":false},"featured_media":2145,"template":"","meta":{"site-sidebar-layout":"default","site-content-layout":"","ast-site-content-layout":"default","site-content-style":"default","site-sidebar-style":"default","ast-global-header-display":"","ast-banner-title-visibility":"","ast-main-header-display":"","ast-hfb-above-header-display":"","ast-hfb-below-header-display":"","ast-hfb-mobile-header-display":"","site-post-title":"","ast-breadcrumbs-content":"","ast-featured-img":"","footer-sml-layout":"","ast-disable-related-posts":"","theme-transparent-header-meta":"default","adv-header-id-meta":"","stick-header-meta":"","header-above-stick-meta":"","header-main-stick-meta":"","header-below-stick-meta":"","astra-migrate-meta-layouts":"set","ast-page-background-enabled":"default","ast-page-background-meta":{"desktop":{"background-color":"var(--ast-global-color-4)","background-image":"","background-repeat":"repeat","background-position":"center center","background-size":"auto","background-attachment":"scroll","background-type":"","background-media":"","overlay-type":"","overlay-color":"","overlay-opacity":"","overlay-gradient":""},"tablet":{"background-color":"","background-image":"","background-repeat":"repeat","background-position":"center center","background-size":"auto","background-attachment":"scroll","background-type":"","background-media":"","overlay-type":"","overlay-color":"","overlay-opacity":"","overlay-gradient":""},"mobile":{"background-color":"","background-image":"","background-repeat":"repeat","background-position":"center center","background-size":"auto","background-attachment":"scroll","background-type":"","background-media":"","overlay-type":"","overlay-color":"","overlay-opacity":"","overlay-gradient":""}},"ast-content-background-meta":{"desktop":{"background-color":"var(--ast-global-color-5)","background-image":"","background-repeat":"repeat","background-position":"center center","background-size":"auto","background-attachment":"scroll","background-type":"","background-media":"","overlay-type":"","overlay-color":"","overlay-opacity":"","overlay-gradient":""},"tablet":{"background-color":"var(--ast-global-color-5)","background-image":"","background-repeat":"repeat","background-position":"center center","background-size":"auto","background-attachment":"scroll","background-type":"","background-media":"","overlay-type":"","overlay-color":"","overlay-opacity":"","overlay-gradient":""},"mobile":{"background-color":"var(--ast-global-color-5)","background-image":"","background-repeat":"repeat","background-position":"center center","background-size":"auto","background-attachment":"scroll","background-type":"","background-media":"","overlay-type":"","overlay-color":"","overlay-opacity":"","overlay-gradient":""}}},"product_brand":[],"product_cat":[23],"product_tag":[],"class_list":{"0":"post-2143","1":"product","2":"type-product","3":"status-publish","4":"has-post-thumbnail","6":"product_cat-waterproof-plastic-enclosure","7":"desktop-align-left","8":"tablet-align-left","9":"mobile-align-left","11":"first","12":"instock","13":"shipping-taxable","14":"product-type-simple"},"yoast_head":"<!-- This site is optimized with the Yoast SEO plugin v24.8.1 - https:\/\/yoast.com\/wordpress\/plugins\/seo\/ -->\n<title>ChinaEconomy Type Water Proof Control Panel Enclosure -A Series Economical Manufacturer - JYIELE<\/title>\n<meta name=\"description\" content=\"Choose our Water Proof Control Panel Enclosure for a waterproof control panel. Cost-effective protection for your electrical components.\" \/>\n<meta name=\"robots\" content=\"index, follow, max-snippet:-1, max-image-preview:large, max-video-preview:-1\" \/>\n<link rel=\"canonical\" href=\"https:\/\/www.jyiele.com\/de\/product\/water-proof-control-panel-enclosure\/\" \/>\n<meta property=\"og:locale\" content=\"de_DE\" \/>\n<meta property=\"og:type\" content=\"article\" \/>\n<meta property=\"og:title\" content=\"ChinaEconomy Type Water Proof Control Panel Enclosure -A Series Economical Manufacturer - JYIELE\" \/>\n<meta property=\"og:description\" content=\"Choose our Water Proof Control Panel Enclosure for a waterproof control panel. Cost-effective protection for your electrical components.\" \/>\n<meta property=\"og:url\" content=\"https:\/\/www.jyiele.com\/de\/product\/water-proof-control-panel-enclosure\/\" \/>\n<meta property=\"og:site_name\" content=\"JYIELE\" \/>\n<meta property=\"article:modified_time\" content=\"2025-03-09T11:34:16+00:00\" \/>\n<meta property=\"og:image\" content=\"https:\/\/www.jyiele.com\/wp-content\/uploads\/2024\/10\/Water-Proof-Control-Panel-Enclosure.webp\" \/>\n\t<meta property=\"og:image:width\" content=\"800\" \/>\n\t<meta property=\"og:image:height\" content=\"800\" \/>\n\t<meta property=\"og:image:type\" content=\"image\/webp\" \/>\n<meta name=\"twitter:card\" content=\"summary_large_image\" \/>\n<meta name=\"twitter:label1\" content=\"Gesch\u00e4tzte Lesezeit\" \/>\n\t<meta name=\"twitter:data1\" content=\"2\u00a0Minuten\" \/>\n<script type=\"application\/ld+json\" class=\"yoast-schema-graph\">{\"@context\":\"https:\/\/schema.org\",\"@graph\":[{\"@type\":\"WebPage\",\"@id\":\"https:\/\/www.jyiele.com\/product\/water-proof-control-panel-enclosure\/\",\"url\":\"https:\/\/www.jyiele.com\/product\/water-proof-control-panel-enclosure\/\",\"name\":\"ChinaEconomy Type Water Proof Control Panel Enclosure -A Series Economical Manufacturer - JYIELE\",\"isPartOf\":{\"@id\":\"https:\/\/www.jyiele.com\/#website\"},\"primaryImageOfPage\":{\"@id\":\"https:\/\/www.jyiele.com\/product\/water-proof-control-panel-enclosure\/#primaryimage\"},\"image\":{\"@id\":\"https:\/\/www.jyiele.com\/product\/water-proof-control-panel-enclosure\/#primaryimage\"},\"thumbnailUrl\":\"https:\/\/www.jyiele.com\/wp-content\/uploads\/2024\/10\/Water-Proof-Control-Panel-Enclosure.webp\",\"datePublished\":\"2024-10-16T12:45:56+00:00\",\"dateModified\":\"2025-03-09T11:34:16+00:00\",\"description\":\"Choose our Water Proof Control Panel Enclosure for a waterproof control panel. Cost-effective protection for your electrical components.\",\"breadcrumb\":{\"@id\":\"https:\/\/www.jyiele.com\/product\/water-proof-control-panel-enclosure\/#breadcrumb\"},\"inLanguage\":\"de\",\"potentialAction\":[{\"@type\":\"ReadAction\",\"target\":[\"https:\/\/www.jyiele.com\/product\/water-proof-control-panel-enclosure\/\"]}]},{\"@type\":\"ImageObject\",\"inLanguage\":\"de\",\"@id\":\"https:\/\/www.jyiele.com\/product\/water-proof-control-panel-enclosure\/#primaryimage\",\"url\":\"https:\/\/www.jyiele.com\/wp-content\/uploads\/2024\/10\/Water-Proof-Control-Panel-Enclosure.webp\",\"contentUrl\":\"https:\/\/www.jyiele.com\/wp-content\/uploads\/2024\/10\/Water-Proof-Control-Panel-Enclosure.webp\",\"width\":800,\"height\":800,\"caption\":\"Water Proof Control Panel Enclosure\"},{\"@type\":\"BreadcrumbList\",\"@id\":\"https:\/\/www.jyiele.com\/product\/water-proof-control-panel-enclosure\/#breadcrumb\",\"itemListElement\":[{\"@type\":\"ListItem\",\"position\":1,\"name\":\"Home\",\"item\":\"https:\/\/www.jyiele.com\/\"},{\"@type\":\"ListItem\",\"position\":2,\"name\":\"Product\",\"item\":\"https:\/\/www.jyiele.com\/product\/\"},{\"@type\":\"ListItem\",\"position\":3,\"name\":\"Waterproof Plastic Enclosure\",\"item\":\"https:\/\/www.jyiele.com\/ja\/product-category\/waterproof-plastic-enclosure\/\"},{\"@type\":\"ListItem\",\"position\":4,\"name\":\"Economy Type Water Proof Control Panel Enclosure -A Series Economical\"}]},{\"@type\":\"WebSite\",\"@id\":\"https:\/\/www.jyiele.com\/#website\",\"url\":\"https:\/\/www.jyiele.com\/\",\"name\":\"JYIELE\",\"description\":\"Vacuum Circuit Breaker manufacturer\",\"publisher\":{\"@id\":\"https:\/\/www.jyiele.com\/#organization\"},\"potentialAction\":[{\"@type\":\"SearchAction\",\"target\":{\"@type\":\"EntryPoint\",\"urlTemplate\":\"https:\/\/www.jyiele.com\/?s={search_term_string}\"},\"query-input\":{\"@type\":\"PropertyValueSpecification\",\"valueRequired\":true,\"valueName\":\"search_term_string\"}}],\"inLanguage\":\"de\"},{\"@type\":\"Organization\",\"@id\":\"https:\/\/www.jyiele.com\/#organization\",\"name\":\"JYIELE\",\"url\":\"https:\/\/www.jyiele.com\/\",\"logo\":{\"@type\":\"ImageObject\",\"inLanguage\":\"de\",\"@id\":\"https:\/\/www.jyiele.com\/#\/schema\/logo\/image\/\",\"url\":\"https:\/\/www.jyiele.com\/wp-content\/uploads\/2024\/09\/cropped-jyele-1.webp\",\"contentUrl\":\"https:\/\/www.jyiele.com\/wp-content\/uploads\/2024\/09\/cropped-jyele-1.webp\",\"width\":137,\"height\":60,\"caption\":\"JYIELE\"},\"image\":{\"@id\":\"https:\/\/www.jyiele.com\/#\/schema\/logo\/image\/\"}}]}<\/script>\n<!-- \/ Yoast SEO plugin. -->","yoast_head_json":{"title":"ChinaEconomy Type Water Proof Control Panel Geh\u00e4use -A Serie Economical Hersteller - JYIELE","description":"W\u00e4hlen Sie unser wasserdichtes Schalttafelgeh\u00e4use f\u00fcr eine wasserdichte Schalttafel. Kosteng\u00fcnstiger Schutz f\u00fcr Ihre elektrischen Komponenten.","robots":{"index":"index","follow":"follow","max-snippet":"max-snippet:-1","max-image-preview":"max-image-preview:large","max-video-preview":"max-video-preview:-1"},"canonical":"https:\/\/www.jyiele.com\/de\/product\/water-proof-control-panel-enclosure\/","og_locale":"de_DE","og_type":"article","og_title":"ChinaEconomy Type Water Proof Control Panel Enclosure -A Series Economical Manufacturer - JYIELE","og_description":"Choose our Water Proof Control Panel Enclosure for a waterproof control panel. Cost-effective protection for your electrical components.","og_url":"https:\/\/www.jyiele.com\/de\/product\/water-proof-control-panel-enclosure\/","og_site_name":"JYIELE","article_modified_time":"2025-03-09T11:34:16+00:00","og_image":[{"width":800,"height":800,"url":"https:\/\/www.jyiele.com\/wp-content\/uploads\/2024\/10\/Water-Proof-Control-Panel-Enclosure.webp","type":"image\/webp"}],"twitter_card":"summary_large_image","twitter_misc":{"Gesch\u00e4tzte Lesezeit":"2\u00a0Minuten"},"schema":{"@context":"https:\/\/schema.org","@graph":[{"@type":"WebPage","@id":"https:\/\/www.jyiele.com\/product\/water-proof-control-panel-enclosure\/","url":"https:\/\/www.jyiele.com\/product\/water-proof-control-panel-enclosure\/","name":"ChinaEconomy Type Water Proof Control Panel Geh\u00e4use -A Serie Economical Hersteller - JYIELE","isPartOf":{"@id":"https:\/\/www.jyiele.com\/#website"},"primaryImageOfPage":{"@id":"https:\/\/www.jyiele.com\/product\/water-proof-control-panel-enclosure\/#primaryimage"},"image":{"@id":"https:\/\/www.jyiele.com\/product\/water-proof-control-panel-enclosure\/#primaryimage"},"thumbnailUrl":"https:\/\/www.jyiele.com\/wp-content\/uploads\/2024\/10\/Water-Proof-Control-Panel-Enclosure.webp","datePublished":"2024-10-16T12:45:56+00:00","dateModified":"2025-03-09T11:34:16+00:00","description":"W\u00e4hlen Sie unser wasserdichtes Schalttafelgeh\u00e4use f\u00fcr eine wasserdichte Schalttafel. Kosteng\u00fcnstiger Schutz f\u00fcr Ihre elektrischen Komponenten.","breadcrumb":{"@id":"https:\/\/www.jyiele.com\/product\/water-proof-control-panel-enclosure\/#breadcrumb"},"inLanguage":"de","potentialAction":[{"@type":"ReadAction","target":["https:\/\/www.jyiele.com\/product\/water-proof-control-panel-enclosure\/"]}]},{"@type":"ImageObject","inLanguage":"de","@id":"https:\/\/www.jyiele.com\/product\/water-proof-control-panel-enclosure\/#primaryimage","url":"https:\/\/www.jyiele.com\/wp-content\/uploads\/2024\/10\/Water-Proof-Control-Panel-Enclosure.webp","contentUrl":"https:\/\/www.jyiele.com\/wp-content\/uploads\/2024\/10\/Water-Proof-Control-Panel-Enclosure.webp","width":800,"height":800,"caption":"Water Proof Control Panel Enclosure"},{"@type":"BreadcrumbList","@id":"https:\/\/www.jyiele.com\/product\/water-proof-control-panel-enclosure\/#breadcrumb","itemListElement":[{"@type":"ListItem","position":1,"name":"Home","item":"https:\/\/www.jyiele.com\/"},{"@type":"ListItem","position":2,"name":"Product","item":"https:\/\/www.jyiele.com\/product\/"},{"@type":"ListItem","position":3,"name":"Waterproof Plastic Enclosure","item":"https:\/\/www.jyiele.com\/ja\/product-category\/waterproof-plastic-enclosure\/"},{"@type":"ListItem","position":4,"name":"Economy Type Water Proof Control Panel Enclosure -A Series Economical"}]},{"@type":"WebSite","@id":"https:\/\/www.jyiele.com\/#website","url":"https:\/\/www.jyiele.com\/","name":"JYIELE","description":"Hersteller von Vakuum-Leistungsschaltern","publisher":{"@id":"https:\/\/www.jyiele.com\/#organization"},"potentialAction":[{"@type":"SearchAction","target":{"@type":"EntryPoint","urlTemplate":"https:\/\/www.jyiele.com\/?s={search_term_string}"},"query-input":{"@type":"PropertyValueSpecification","valueRequired":true,"valueName":"search_term_string"}}],"inLanguage":"de"},{"@type":"Organization","@id":"https:\/\/www.jyiele.com\/#organization","name":"JYIELE","url":"https:\/\/www.jyiele.com\/","logo":{"@type":"ImageObject","inLanguage":"de","@id":"https:\/\/www.jyiele.com\/#\/schema\/logo\/image\/","url":"https:\/\/www.jyiele.com\/wp-content\/uploads\/2024\/09\/cropped-jyele-1.webp","contentUrl":"https:\/\/www.jyiele.com\/wp-content\/uploads\/2024\/09\/cropped-jyele-1.webp","width":137,"height":60,"caption":"JYIELE"},"image":{"@id":"https:\/\/www.jyiele.com\/#\/schema\/logo\/image\/"}}]}},"_links":{"self":[{"href":"https:\/\/www.jyiele.com\/de\/wp-json\/wp\/v2\/product\/2143","targetHints":{"allow":["GET"]}}],"collection":[{"href":"https:\/\/www.jyiele.com\/de\/wp-json\/wp\/v2\/product"}],"about":[{"href":"https:\/\/www.jyiele.com\/de\/wp-json\/wp\/v2\/types\/product"}],"version-history":[{"count":1,"href":"https:\/\/www.jyiele.com\/de\/wp-json\/wp\/v2\/product\/2143\/revisions"}],"predecessor-version":[{"id":2144,"href":"https:\/\/www.jyiele.com\/de\/wp-json\/wp\/v2\/product\/2143\/revisions\/2144"}],"wp:featuredmedia":[{"embeddable":true,"href":"https:\/\/www.jyiele.com\/de\/wp-json\/wp\/v2\/media\/2145"}],"wp:attachment":[{"href":"https:\/\/www.jyiele.com\/de\/wp-json\/wp\/v2\/media?parent=2143"}],"wp:term":[{"taxonomy":"product_brand","embeddable":true,"href":"https:\/\/www.jyiele.com\/de\/wp-json\/wp\/v2\/product_brand?post=2143"},{"taxonomy":"product_cat","embeddable":true,"href":"https:\/\/www.jyiele.com\/de\/wp-json\/wp\/v2\/product_cat?post=2143"},{"taxonomy":"product_tag","embeddable":true,"href":"https:\/\/www.jyiele.com\/de\/wp-json\/wp\/v2\/product_tag?post=2143"}],"curies":[{"name":"wp","href":"https:\/\/api.w.org\/{rel}","templated":true}]}}