{"id":2287,"date":"2024-11-27T05:05:51","date_gmt":"2024-11-27T05:05:51","guid":{"rendered":"https:\/\/jyiele.com\/?post_type=product&#038;p=2287"},"modified":"2025-04-04T10:11:59","modified_gmt":"2025-04-04T10:11:59","slug":"dmc-electrical-customizable-small-hexagonal-busbar-insulator","status":"publish","type":"product","link":"https:\/\/www.jyiele.com\/de\/product\/dmc-electrical-customizable-small-hexagonal-busbar-insulator\/","title":{"rendered":"SEP DMC Electrical Anpassbarer kleiner sechseckiger Stromschienenisolator mit Farboptionen"},"content":{"rendered":"<h2>Material \/ Materiale\uff1a<\/h2>\n<p>-Gewindeeinsatz \/ Inserto Filettato :<br \/>\nStahl mit Zn-Beschichtung<br \/>\nMessing<br \/>\n-DMC (Doug Moulding Compound)<br \/>\n-SMC (Sheet Moulding Compound)<br \/>\nFarbe \/ Colore :Rot<br \/>\nArbeitstemperatur \/ Temperatura d'esercizio : 40\u2103\uff5e140\u2103<br \/>\nEntflammbarkeit \/ Autoestinguenza:V0<br \/>\nAlle Ma\u00dfe sind in mm \/Tutte le quote sono in mm<\/p>\n<p>Bitte best\u00e4tigen Sie die Schraube, wenn Sie den Sammelschienenisolator bestellen, und akzeptieren Sie OEM.<\/p>\n<h2>Anwendung\uff1a<\/h2>\n<p>Niederspannungs-Sammelschienenisolatoren werden haupts\u00e4chlich in Niederspannungs-Stromverteilerschr\u00e4nken, Frequenzumrichtern, Schaltanlagen und anderen Produkten verwendet.<br \/>\nDurch den Anschluss des Sammelschienenhalters aus Kupfer spielt er eine Rolle bei der Befestigung, Unterst\u00fctzung und Isolierung.<br \/>\nDer Sammelschienenst\u00fctzisolator verf\u00fcgt \u00fcber eine hervorragende Isolierleistung, hohe Festigkeit, hohe Temperaturbest\u00e4ndigkeit und zuverl\u00e4ssige Sicherheitsleistung und ist eine gute Wahl f\u00fcr feste Sammelschienen von Niederspannungsschaltschr\u00e4nken.<\/p>\n<h2>SEP-Isolierhalterung (Sechskant) Spezifikationen<\/h2>\n<p><img fetchpriority=\"high\" decoding=\"async\" class=\"alignnone wp-image-2510 size-full\" src=\"https:\/\/jyiele.com\/wp-content\/uploads\/2024\/11\/DMC-Electrical-Customizable-Small-Hexagonal-Busbar-Insulator.webp\" alt=\"DMC Electrical Anpassbarer kleiner Sechskant-Sammelschienen-Isolator\" width=\"1186\" height=\"625\" srcset=\"https:\/\/www.jyiele.com\/wp-content\/uploads\/2024\/11\/DMC-Electrical-Customizable-Small-Hexagonal-Busbar-Insulator.webp 1186w, https:\/\/www.jyiele.com\/wp-content\/uploads\/2024\/11\/DMC-Electrical-Customizable-Small-Hexagonal-Busbar-Insulator-300x158.webp 300w, https:\/\/www.jyiele.com\/wp-content\/uploads\/2024\/11\/DMC-Electrical-Customizable-Small-Hexagonal-Busbar-Insulator-1024x540.webp 1024w, https:\/\/www.jyiele.com\/wp-content\/uploads\/2024\/11\/DMC-Electrical-Customizable-Small-Hexagonal-Busbar-Insulator-768x405.webp 768w, https:\/\/www.jyiele.com\/wp-content\/uploads\/2024\/11\/DMC-Electrical-Customizable-Small-Hexagonal-Busbar-Insulator-18x9.webp 18w, https:\/\/www.jyiele.com\/wp-content\/uploads\/2024\/11\/DMC-Electrical-Customizable-Small-Hexagonal-Busbar-Insulator-600x316.webp 600w\" sizes=\"(max-width: 1186px) 100vw, 1186px\" \/> <img decoding=\"async\" class=\"alignnone wp-image-2511 size-full\" src=\"https:\/\/jyiele.com\/wp-content\/uploads\/2024\/11\/Electrical-Customizable-Small-Hexagonal-Busbar-Insulator.webp\" alt=\"Elektrischer anpassbarer kleiner sechseckiger Stromschienenisolator\" width=\"1193\" height=\"630\" srcset=\"https:\/\/www.jyiele.com\/wp-content\/uploads\/2024\/11\/Electrical-Customizable-Small-Hexagonal-Busbar-Insulator.webp 1193w, https:\/\/www.jyiele.com\/wp-content\/uploads\/2024\/11\/Electrical-Customizable-Small-Hexagonal-Busbar-Insulator-300x158.webp 300w, https:\/\/www.jyiele.com\/wp-content\/uploads\/2024\/11\/Electrical-Customizable-Small-Hexagonal-Busbar-Insulator-1024x541.webp 1024w, https:\/\/www.jyiele.com\/wp-content\/uploads\/2024\/11\/Electrical-Customizable-Small-Hexagonal-Busbar-Insulator-768x406.webp 768w, https:\/\/www.jyiele.com\/wp-content\/uploads\/2024\/11\/Electrical-Customizable-Small-Hexagonal-Busbar-Insulator-18x10.webp 18w, https:\/\/www.jyiele.com\/wp-content\/uploads\/2024\/11\/Electrical-Customizable-Small-Hexagonal-Busbar-Insulator-600x317.webp 600w\" sizes=\"(max-width: 1193px) 100vw, 1193px\" \/> <img decoding=\"async\" class=\"alignnone wp-image-2509 size-full\" src=\"https:\/\/jyiele.com\/wp-content\/uploads\/2024\/11\/Customizable-Small-Hexagonal-Busbar-Insulator.webp\" alt=\"Anpassbarer kleiner Sechskant-Sammelschienen-Isolator\" width=\"1190\" height=\"324\" srcset=\"https:\/\/www.jyiele.com\/wp-content\/uploads\/2024\/11\/Customizable-Small-Hexagonal-Busbar-Insulator.webp 1190w, https:\/\/www.jyiele.com\/wp-content\/uploads\/2024\/11\/Customizable-Small-Hexagonal-Busbar-Insulator-300x82.webp 300w, https:\/\/www.jyiele.com\/wp-content\/uploads\/2024\/11\/Customizable-Small-Hexagonal-Busbar-Insulator-1024x279.webp 1024w, https:\/\/www.jyiele.com\/wp-content\/uploads\/2024\/11\/Customizable-Small-Hexagonal-Busbar-Insulator-768x209.webp 768w, https:\/\/www.jyiele.com\/wp-content\/uploads\/2024\/11\/Customizable-Small-Hexagonal-Busbar-Insulator-18x5.webp 18w, https:\/\/www.jyiele.com\/wp-content\/uploads\/2024\/11\/Customizable-Small-Hexagonal-Busbar-Insulator-600x163.webp 600w\" sizes=\"(max-width: 1190px) 100vw, 1190px\" \/><\/p>","protected":false},"excerpt":{"rendered":"<p><strong>OEM-Service:<\/strong><br \/>\n1\u3001Farbe: Unterst\u00fctzung von rot, braun oder anderen Zollgr\u00f6\u00dfen<br \/>\n2\u3001Einsatz: Tr\u00e4ger Messing, Stahl oder andere<br \/>\n3\u3001Modell: unterst\u00fctzt OEM-Modell<\/p>\n<p>SEP <strong>Sammelschienenisolator<\/strong> ist sechseckig, ROHS, UL94 V0, aus DMC, f\u00fcr Niederspannungsanwendungen (660V-4500V), wie Verteilerk\u00e4sten, Schaltanlagen, Wechselrichter und \u00d6kostrom und so weiter verwendet. CE, SGS, ROHS-Zertifikat f\u00fcr Trommelisolator.<\/p>","protected":false},"featured_media":2505,"template":"","meta":{"site-sidebar-layout":"default","site-content-layout":"","ast-site-content-layout":"default","site-content-style":"default","site-sidebar-style":"default","ast-global-header-display":"","ast-banner-title-visibility":"","ast-main-header-display":"","ast-hfb-above-header-display":"","ast-hfb-below-header-display":"","ast-hfb-mobile-header-display":"","site-post-title":"","ast-breadcrumbs-content":"","ast-featured-img":"","footer-sml-layout":"","ast-disable-related-posts":"","theme-transparent-header-meta":"default","adv-header-id-meta":"","stick-header-meta":"","header-above-stick-meta":"","header-main-stick-meta":"","header-below-stick-meta":"","astra-migrate-meta-layouts":"set","ast-page-background-enabled":"default","ast-page-background-meta":{"desktop":{"background-color":"var(--ast-global-color-4)","background-image":"","background-repeat":"repeat","background-position":"center center","background-size":"auto","background-attachment":"scroll","background-type":"","background-media":"","overlay-type":"","overlay-color":"","overlay-opacity":"","overlay-gradient":""},"tablet":{"background-color":"","background-image":"","background-repeat":"repeat","background-position":"center center","background-size":"auto","background-attachment":"scroll","background-type":"","background-media":"","overlay-type":"","overlay-color":"","overlay-opacity":"","overlay-gradient":""},"mobile":{"background-color":"","background-image":"","background-repeat":"repeat","background-position":"center center","background-size":"auto","background-attachment":"scroll","background-type":"","background-media":"","overlay-type":"","overlay-color":"","overlay-opacity":"","overlay-gradient":""}},"ast-content-background-meta":{"desktop":{"background-color":"var(--ast-global-color-5)","background-image":"","background-repeat":"repeat","background-position":"center center","background-size":"auto","background-attachment":"scroll","background-type":"","background-media":"","overlay-type":"","overlay-color":"","overlay-opacity":"","overlay-gradient":""},"tablet":{"background-color":"var(--ast-global-color-5)","background-image":"","background-repeat":"repeat","background-position":"center center","background-size":"auto","background-attachment":"scroll","background-type":"","background-media":"","overlay-type":"","overlay-color":"","overlay-opacity":"","overlay-gradient":""},"mobile":{"background-color":"var(--ast-global-color-5)","background-image":"","background-repeat":"repeat","background-position":"center center","background-size":"auto","background-attachment":"scroll","background-type":"","background-media":"","overlay-type":"","overlay-color":"","overlay-opacity":"","overlay-gradient":""}}},"product_brand":[],"product_cat":[22],"product_tag":[],"class_list":{"0":"post-2287","1":"product","2":"type-product","3":"status-publish","4":"has-post-thumbnail","6":"product_cat-low-voltage-insulator","7":"desktop-align-left","8":"tablet-align-left","9":"mobile-align-left","11":"first","12":"instock","13":"shipping-taxable","14":"product-type-simple"},"yoast_head":"<!-- This site is optimized with the Yoast SEO plugin v24.8.1 - https:\/\/yoast.com\/wordpress\/plugins\/seo\/ -->\n<title>SEP DMC Electrical Customizable Small Hexagonal Busbar Insulator with Color Options - JYIELE<\/title>\n<meta name=\"robots\" content=\"index, follow, max-snippet:-1, max-image-preview:large, max-video-preview:-1\" \/>\n<link rel=\"canonical\" href=\"https:\/\/www.jyiele.com\/de\/product\/dmc-electrical-customizable-small-hexagonal-busbar-insulator\/\" \/>\n<meta property=\"og:locale\" content=\"de_DE\" \/>\n<meta property=\"og:type\" content=\"article\" \/>\n<meta property=\"og:title\" content=\"SEP DMC Electrical Customizable Small Hexagonal Busbar Insulator with Color Options - JYIELE\" \/>\n<meta property=\"og:description\" content=\"OEM service: 1\u3001Color: support red ,brown or other customsized 2\u3001Insert: support brass,steel or other 3\u3001Model: support OEM model  SEP busbar insulator is hexagonal\uff0cROHS,UL94 V0,made of DMC,used for low voltage application(660V-4500V),such as distribution box,switchgear,inverter and green power and so on. CE,SGS,ROHS certificate for drum insulator.\" \/>\n<meta property=\"og:url\" content=\"https:\/\/www.jyiele.com\/de\/product\/dmc-electrical-customizable-small-hexagonal-busbar-insulator\/\" \/>\n<meta property=\"og:site_name\" content=\"JYIELE\" \/>\n<meta property=\"article:modified_time\" content=\"2025-04-04T10:11:59+00:00\" \/>\n<meta property=\"og:image\" content=\"https:\/\/www.jyiele.com\/wp-content\/uploads\/2024\/11\/SEP1615-3541-DMC-Electrical-Customizable-Small-Hexagonal-Busbar-Insulator.webp\" \/>\n\t<meta property=\"og:image:width\" content=\"800\" \/>\n\t<meta property=\"og:image:height\" content=\"800\" \/>\n\t<meta property=\"og:image:type\" content=\"image\/webp\" \/>\n<meta name=\"twitter:card\" content=\"summary_large_image\" \/>\n<meta name=\"twitter:label1\" content=\"Gesch\u00e4tzte Lesezeit\" \/>\n\t<meta name=\"twitter:data1\" content=\"2\u00a0Minuten\" \/>\n<script type=\"application\/ld+json\" class=\"yoast-schema-graph\">{\"@context\":\"https:\/\/schema.org\",\"@graph\":[{\"@type\":\"WebPage\",\"@id\":\"https:\/\/www.jyiele.com\/product\/dmc-electrical-customizable-small-hexagonal-busbar-insulator\/\",\"url\":\"https:\/\/www.jyiele.com\/product\/dmc-electrical-customizable-small-hexagonal-busbar-insulator\/\",\"name\":\"SEP DMC Electrical Customizable Small Hexagonal Busbar Insulator with Color Options - JYIELE\",\"isPartOf\":{\"@id\":\"https:\/\/www.jyiele.com\/#website\"},\"primaryImageOfPage\":{\"@id\":\"https:\/\/www.jyiele.com\/product\/dmc-electrical-customizable-small-hexagonal-busbar-insulator\/#primaryimage\"},\"image\":{\"@id\":\"https:\/\/www.jyiele.com\/product\/dmc-electrical-customizable-small-hexagonal-busbar-insulator\/#primaryimage\"},\"thumbnailUrl\":\"https:\/\/www.jyiele.com\/wp-content\/uploads\/2024\/11\/SEP1615-3541-DMC-Electrical-Customizable-Small-Hexagonal-Busbar-Insulator.webp\",\"datePublished\":\"2024-11-27T05:05:51+00:00\",\"dateModified\":\"2025-04-04T10:11:59+00:00\",\"breadcrumb\":{\"@id\":\"https:\/\/www.jyiele.com\/product\/dmc-electrical-customizable-small-hexagonal-busbar-insulator\/#breadcrumb\"},\"inLanguage\":\"de\",\"potentialAction\":[{\"@type\":\"ReadAction\",\"target\":[\"https:\/\/www.jyiele.com\/product\/dmc-electrical-customizable-small-hexagonal-busbar-insulator\/\"]}]},{\"@type\":\"ImageObject\",\"inLanguage\":\"de\",\"@id\":\"https:\/\/www.jyiele.com\/product\/dmc-electrical-customizable-small-hexagonal-busbar-insulator\/#primaryimage\",\"url\":\"https:\/\/www.jyiele.com\/wp-content\/uploads\/2024\/11\/SEP1615-3541-DMC-Electrical-Customizable-Small-Hexagonal-Busbar-Insulator.webp\",\"contentUrl\":\"https:\/\/www.jyiele.com\/wp-content\/uploads\/2024\/11\/SEP1615-3541-DMC-Electrical-Customizable-Small-Hexagonal-Busbar-Insulator.webp\",\"width\":800,\"height\":800,\"caption\":\"SEP1615-3541 DMC Electrical Customizable Small Hexagonal Busbar Insulator\"},{\"@type\":\"BreadcrumbList\",\"@id\":\"https:\/\/www.jyiele.com\/product\/dmc-electrical-customizable-small-hexagonal-busbar-insulator\/#breadcrumb\",\"itemListElement\":[{\"@type\":\"ListItem\",\"position\":1,\"name\":\"Home\",\"item\":\"https:\/\/www.jyiele.com\/\"},{\"@type\":\"ListItem\",\"position\":2,\"name\":\"Product\",\"item\":\"https:\/\/www.jyiele.com\/product\/\"},{\"@type\":\"ListItem\",\"position\":3,\"name\":\"Low Voltage Insulator\",\"item\":\"https:\/\/www.jyiele.com\/product-category\/low-voltage-insulator\/\"},{\"@type\":\"ListItem\",\"position\":4,\"name\":\"SEP DMC Electrical Customizable Small Hexagonal Busbar Insulator with Color Options\"}]},{\"@type\":\"WebSite\",\"@id\":\"https:\/\/www.jyiele.com\/#website\",\"url\":\"https:\/\/www.jyiele.com\/\",\"name\":\"JYIELE\",\"description\":\"Vacuum Circuit Breaker manufacturer\",\"publisher\":{\"@id\":\"https:\/\/www.jyiele.com\/#organization\"},\"potentialAction\":[{\"@type\":\"SearchAction\",\"target\":{\"@type\":\"EntryPoint\",\"urlTemplate\":\"https:\/\/www.jyiele.com\/?s={search_term_string}\"},\"query-input\":{\"@type\":\"PropertyValueSpecification\",\"valueRequired\":true,\"valueName\":\"search_term_string\"}}],\"inLanguage\":\"de\"},{\"@type\":\"Organization\",\"@id\":\"https:\/\/www.jyiele.com\/#organization\",\"name\":\"JYIELE\",\"url\":\"https:\/\/www.jyiele.com\/\",\"logo\":{\"@type\":\"ImageObject\",\"inLanguage\":\"de\",\"@id\":\"https:\/\/www.jyiele.com\/#\/schema\/logo\/image\/\",\"url\":\"https:\/\/www.jyiele.com\/wp-content\/uploads\/2024\/09\/cropped-jyele-1.webp\",\"contentUrl\":\"https:\/\/www.jyiele.com\/wp-content\/uploads\/2024\/09\/cropped-jyele-1.webp\",\"width\":137,\"height\":60,\"caption\":\"JYIELE\"},\"image\":{\"@id\":\"https:\/\/www.jyiele.com\/#\/schema\/logo\/image\/\"}}]}<\/script>\n<!-- \/ Yoast SEO plugin. -->","yoast_head_json":{"title":"SEP DMC Electrical Customizable Small Hexagonal Busbar Insulator mit Farboptionen - JYIELE","robots":{"index":"index","follow":"follow","max-snippet":"max-snippet:-1","max-image-preview":"max-image-preview:large","max-video-preview":"max-video-preview:-1"},"canonical":"https:\/\/www.jyiele.com\/de\/product\/dmc-electrical-customizable-small-hexagonal-busbar-insulator\/","og_locale":"de_DE","og_type":"article","og_title":"SEP DMC Electrical Customizable Small Hexagonal Busbar Insulator with Color Options - JYIELE","og_description":"OEM service: 1\u3001Color: support red ,brown or other customsized 2\u3001Insert: support brass,steel or other 3\u3001Model: support OEM model  SEP busbar insulator is hexagonal\uff0cROHS,UL94 V0,made of DMC,used for low voltage application(660V-4500V),such as distribution box,switchgear,inverter and green power and so on. CE,SGS,ROHS certificate for drum insulator.","og_url":"https:\/\/www.jyiele.com\/de\/product\/dmc-electrical-customizable-small-hexagonal-busbar-insulator\/","og_site_name":"JYIELE","article_modified_time":"2025-04-04T10:11:59+00:00","og_image":[{"width":800,"height":800,"url":"https:\/\/www.jyiele.com\/wp-content\/uploads\/2024\/11\/SEP1615-3541-DMC-Electrical-Customizable-Small-Hexagonal-Busbar-Insulator.webp","type":"image\/webp"}],"twitter_card":"summary_large_image","twitter_misc":{"Gesch\u00e4tzte Lesezeit":"2\u00a0Minuten"},"schema":{"@context":"https:\/\/schema.org","@graph":[{"@type":"WebPage","@id":"https:\/\/www.jyiele.com\/product\/dmc-electrical-customizable-small-hexagonal-busbar-insulator\/","url":"https:\/\/www.jyiele.com\/product\/dmc-electrical-customizable-small-hexagonal-busbar-insulator\/","name":"SEP DMC Electrical Customizable Small Hexagonal Busbar Insulator mit Farboptionen - JYIELE","isPartOf":{"@id":"https:\/\/www.jyiele.com\/#website"},"primaryImageOfPage":{"@id":"https:\/\/www.jyiele.com\/product\/dmc-electrical-customizable-small-hexagonal-busbar-insulator\/#primaryimage"},"image":{"@id":"https:\/\/www.jyiele.com\/product\/dmc-electrical-customizable-small-hexagonal-busbar-insulator\/#primaryimage"},"thumbnailUrl":"https:\/\/www.jyiele.com\/wp-content\/uploads\/2024\/11\/SEP1615-3541-DMC-Electrical-Customizable-Small-Hexagonal-Busbar-Insulator.webp","datePublished":"2024-11-27T05:05:51+00:00","dateModified":"2025-04-04T10:11:59+00:00","breadcrumb":{"@id":"https:\/\/www.jyiele.com\/product\/dmc-electrical-customizable-small-hexagonal-busbar-insulator\/#breadcrumb"},"inLanguage":"de","potentialAction":[{"@type":"ReadAction","target":["https:\/\/www.jyiele.com\/product\/dmc-electrical-customizable-small-hexagonal-busbar-insulator\/"]}]},{"@type":"ImageObject","inLanguage":"de","@id":"https:\/\/www.jyiele.com\/product\/dmc-electrical-customizable-small-hexagonal-busbar-insulator\/#primaryimage","url":"https:\/\/www.jyiele.com\/wp-content\/uploads\/2024\/11\/SEP1615-3541-DMC-Electrical-Customizable-Small-Hexagonal-Busbar-Insulator.webp","contentUrl":"https:\/\/www.jyiele.com\/wp-content\/uploads\/2024\/11\/SEP1615-3541-DMC-Electrical-Customizable-Small-Hexagonal-Busbar-Insulator.webp","width":800,"height":800,"caption":"SEP1615-3541 DMC Electrical Customizable Small Hexagonal Busbar Insulator"},{"@type":"BreadcrumbList","@id":"https:\/\/www.jyiele.com\/product\/dmc-electrical-customizable-small-hexagonal-busbar-insulator\/#breadcrumb","itemListElement":[{"@type":"ListItem","position":1,"name":"Home","item":"https:\/\/www.jyiele.com\/"},{"@type":"ListItem","position":2,"name":"Product","item":"https:\/\/www.jyiele.com\/product\/"},{"@type":"ListItem","position":3,"name":"Low Voltage Insulator","item":"https:\/\/www.jyiele.com\/product-category\/low-voltage-insulator\/"},{"@type":"ListItem","position":4,"name":"SEP DMC Electrical Customizable Small Hexagonal Busbar Insulator with Color Options"}]},{"@type":"WebSite","@id":"https:\/\/www.jyiele.com\/#website","url":"https:\/\/www.jyiele.com\/","name":"JYIELE","description":"Hersteller von Vakuum-Leistungsschaltern","publisher":{"@id":"https:\/\/www.jyiele.com\/#organization"},"potentialAction":[{"@type":"SearchAction","target":{"@type":"EntryPoint","urlTemplate":"https:\/\/www.jyiele.com\/?s={search_term_string}"},"query-input":{"@type":"PropertyValueSpecification","valueRequired":true,"valueName":"search_term_string"}}],"inLanguage":"de"},{"@type":"Organization","@id":"https:\/\/www.jyiele.com\/#organization","name":"JYIELE","url":"https:\/\/www.jyiele.com\/","logo":{"@type":"ImageObject","inLanguage":"de","@id":"https:\/\/www.jyiele.com\/#\/schema\/logo\/image\/","url":"https:\/\/www.jyiele.com\/wp-content\/uploads\/2024\/09\/cropped-jyele-1.webp","contentUrl":"https:\/\/www.jyiele.com\/wp-content\/uploads\/2024\/09\/cropped-jyele-1.webp","width":137,"height":60,"caption":"JYIELE"},"image":{"@id":"https:\/\/www.jyiele.com\/#\/schema\/logo\/image\/"}}]}},"_links":{"self":[{"href":"https:\/\/www.jyiele.com\/de\/wp-json\/wp\/v2\/product\/2287","targetHints":{"allow":["GET"]}}],"collection":[{"href":"https:\/\/www.jyiele.com\/de\/wp-json\/wp\/v2\/product"}],"about":[{"href":"https:\/\/www.jyiele.com\/de\/wp-json\/wp\/v2\/types\/product"}],"version-history":[{"count":6,"href":"https:\/\/www.jyiele.com\/de\/wp-json\/wp\/v2\/product\/2287\/revisions"}],"predecessor-version":[{"id":2512,"href":"https:\/\/www.jyiele.com\/de\/wp-json\/wp\/v2\/product\/2287\/revisions\/2512"}],"wp:featuredmedia":[{"embeddable":true,"href":"https:\/\/www.jyiele.com\/de\/wp-json\/wp\/v2\/media\/2505"}],"wp:attachment":[{"href":"https:\/\/www.jyiele.com\/de\/wp-json\/wp\/v2\/media?parent=2287"}],"wp:term":[{"taxonomy":"product_brand","embeddable":true,"href":"https:\/\/www.jyiele.com\/de\/wp-json\/wp\/v2\/product_brand?post=2287"},{"taxonomy":"product_cat","embeddable":true,"href":"https:\/\/www.jyiele.com\/de\/wp-json\/wp\/v2\/product_cat?post=2287"},{"taxonomy":"product_tag","embeddable":true,"href":"https:\/\/www.jyiele.com\/de\/wp-json\/wp\/v2\/product_tag?post=2287"}],"curies":[{"name":"wp","href":"https:\/\/api.w.org\/{rel}","templated":true}]}}