{"id":1220,"date":"2022-09-16T12:45:25","date_gmt":"2022-09-16T12:45:25","guid":{"rendered":"https:\/\/www.jy-electric.com\/?post_type=product&#038;p=1220"},"modified":"2025-03-09T11:38:51","modified_gmt":"2025-03-09T11:38:51","slug":"zn85-40-5-high-voltage-vacuum-circuit-breaker","status":"publish","type":"product","link":"https:\/\/www.jyiele.com\/es\/product\/zn85-40-5-high-voltage-vacuum-circuit-breaker\/","title":{"rendered":"ZN85-40.5 Interruptor autom\u00e1tico de alta tensi\u00f3n en vac\u00edo"},"content":{"rendered":"<h2>Descripci\u00f3n<\/h2>\n<p>El ZN85 es un disyuntor de vac\u00edo de alta tensi\u00f3n con una frecuencia de 50 Hz y una tensi\u00f3n nominal de 40,5 kV. Es muy adecuado para su uso en empresas industriales y mineras, centrales el\u00e9ctricas y subestaciones donde se requiera un funcionamiento frecuente. Su rendimiento estable y su f\u00e1cil instalaci\u00f3n lo convierten en una opci\u00f3n ideal para el control y la protecci\u00f3n en sistemas de transmisi\u00f3n y distribuci\u00f3n de alta tensi\u00f3n.<\/p>\n<h2>Norma del producto<\/h2>\n<p>El disyuntor de vac\u00edo de alta tensi\u00f3n ZN85-40.5 cumple las siguientes normas:<\/p>\n<p>IEC 62271-100 Interruptor autom\u00e1tico de CA de alta tensi\u00f3n<br \/>\nGB\/T 11022-2011 Especificaci\u00f3n General Est\u00e1ndar para Aparamenta de Alta Tensi\u00f3n<br \/>\nGB 1984 Interruptor autom\u00e1tico de CA de alta tensi\u00f3n<br \/>\nGB 311.1 Coordinaci\u00f3n del aislamiento de los equipos de transmisi\u00f3n y distribuci\u00f3n de energ\u00eda de alta tensi\u00f3n<\/p>\n<h2>Condiciones de trabajo<\/h2>\n<p>Condiciones normales de funcionamiento:<br \/>\nTemperatura ambiente: -40\u2103 a +40\u2103 (temperatura inferior a 35\u2103 en 24 horas).<br \/>\nHumedad relativa: \u226495% (media diaria) o \u226490% (media mensual).<br \/>\nAltitud: \u22641000 metros<\/p>\n<h2 class=\"wp-block-heading\">Par\u00e1metros t\u00e9cnicos<\/h2>\n<h3>1.1 Par\u00e1metros t\u00e9cnicos<\/h3>\n<figure class=\"wp-block-table\">\n<div class=\"scroll\">\n<table>\n<tbody>\n<tr>\n<td colspan=\"2\">Art\u00edculo Unidad<\/td>\n<td>Valor de referencia<\/td>\n<\/tr>\n<tr>\n<td>\u00a0\u00a0\u00a0 Clasificado yoltag<\/td>\n<td>kV<\/td>\n<td>40.5<\/td>\n<\/tr>\n<tr>\n<td>Tensi\u00f3n soportada al impulso del rayo<\/td>\n<td>kV<\/td>\n<td>185<\/td>\n<\/tr>\n<tr>\n<td>\u00a0\u00a0\u00a0 Nivel de aislamiento nominal Tensi\u00f3n soportada a 1 min de potencia-frecuencia<\/td>\n<td>kV<\/td>\n<td>95<\/td>\n<\/tr>\n<tr>\n<td>\u00a0\u00a0\u00a0 Frecuencia nominal,<\/td>\n<td>Hz<\/td>\n<td>50\/60<\/td>\n<\/tr>\n<tr>\n<td>\u00a0\u00a0\u00a0 Corriente nominal<\/td>\n<td>A<\/td>\n<td>630\/1250\/1600\/2000\/2500\/3150<\/td>\n<\/tr>\n<tr>\n<td>\u00a0\u00a0\u00a0 Corriente nominal de corte en cortocircuito<\/td>\n<td>kA<\/td>\n<td>20\/25\/31.5<\/td>\n<\/tr>\n<tr>\n<td>\u00a0\u00a0\u00a0 Corriente asignada de cortocircuito (valor de pico)<\/td>\n<td>kA<\/td>\n<td>506,380<\/td>\n<\/tr>\n<tr>\n<td>\u00a0\u00a0\u00a0 Corriente nominal de corta duraci\u00f3n<\/td>\n<td>kA<\/td>\n<td>20\/25\/31.5<\/td>\n<\/tr>\n<tr>\n<td>\u00a0\u00a0\u00a0 Corriente nominal soportada (valor pico)<\/td>\n<td>kA<\/td>\n<td>506,380<\/td>\n<\/tr>\n<tr>\n<td>\u00a0\u00a0\u00a0 Secuencia de operaci\u00f3n requerida<\/td>\n<td><\/td>\n<td>0-0,3s-CO-180s-CO<\/td>\n<\/tr>\n<tr>\n<td>\u00a0\u00a0\u00a0 Duraci\u00f3n nominal del cortocircuito<\/td>\n<td>5<\/td>\n<td>4<\/td>\n<\/tr>\n<tr>\n<td>\u00a0\u00a0\u00a0 Tiempos de cierre-cierre con la corriente nominal de cortocircuito<\/td>\n<td>Tiempo<\/td>\n<td>30<\/td>\n<\/tr>\n<tr>\n<td>\u00a0\u00a0\u00a0 Vida mec\u00e1nica<\/td>\n<td><\/td>\n<td>Nivel M2<\/td>\n<\/tr>\n<tr>\n<td>\u00a0\u00a0\u00a0 Pesar<\/td>\n<td>kg<\/td>\n<td>350<\/td>\n<\/tr>\n<\/tbody>\n<\/table>\n<\/div>\n<\/figure>\n<h3 class=\"wp-block-heading\">1.2 Par\u00e1metros mec\u00e1nicos<\/h3>\n<figure class=\"wp-block-table\">\n<div class=\"scroll\">\n<table>\n<tbody>\n<tr>\n<td>\u00a0 ltem<\/td>\n<td>Unidad<\/td>\n<td>Valor de referencia<\/td>\n<\/tr>\n<tr>\n<td>\u00a0 Brecha de contactos<\/td>\n<td>mm<\/td>\n<td>20\u00b12<\/td>\n<\/tr>\n<tr>\n<td>\u00a0\u00a0 Contactar con overtravel<\/td>\n<td>mm<\/td>\n<td>6\u00b11<\/td>\n<\/tr>\n<tr>\n<td>\u00a0 Velocidad media de fabricaci\u00f3n<\/td>\n<td>m\/s<\/td>\n<td>0.6\u00b10.2<\/td>\n<\/tr>\n<tr>\n<td>\u00a0 Velocidad media de frenado<\/td>\n<td>m\/s<\/td>\n<td>1.5~2.0<\/td>\n<\/tr>\n<tr>\n<td>\u00a0 Tiempo de rebote en la toma de contacto<\/td>\n<td>ms<\/td>\n<td>\u22643<\/td>\n<\/tr>\n<tr>\n<td>\u00a0 Establecimiento\/ruptura de contacto no s\u00edncrono<\/td>\n<td>ms<\/td>\n<td>\u22642<\/td>\n<\/tr>\n<tr>\n<td>\u00a0 Resistencia del circuito de cada fase<\/td>\n<td>\u03bc Q<\/td>\n<td>\u226480<\/td>\n<\/tr>\n<tr>\n<td>\u00a0 Espesor total de desgaste admisible del contacto m\u00f3vil\/fijo<\/td>\n<td>mm<\/td>\n<td>3<\/td>\n<\/tr>\n<\/tbody>\n<\/table>\n<\/div>\n<\/figure>\n<h2 class=\"wp-block-heading\">Dimensiones generales y de instalaci\u00f3n<\/h2>\n<p>Dimensiones generales del interruptor autom\u00e1tico de corriente alterna de alta tensi\u00f3n para interiores ZN85-40.5 (carro de cilindro aislante)<\/p>\n<figure class=\"wp-block-image size-full\"><img fetchpriority=\"high\" decoding=\"async\" class=\"alignnone wp-image-1224 size-full\" src=\"https:\/\/www.jy-electric.com\/wp-content\/uploads\/2024\/09\/voltage-vacuum-circuit-breaker.webp\" alt=\"interruptor autom\u00e1tico de tensi\u00f3n-vac\u00edo\" width=\"799\" height=\"473\" srcset=\"https:\/\/www.jyiele.com\/wp-content\/uploads\/2024\/09\/voltage-vacuum-circuit-breaker.webp 799w, https:\/\/www.jyiele.com\/wp-content\/uploads\/2024\/09\/voltage-vacuum-circuit-breaker-300x178.webp 300w, https:\/\/www.jyiele.com\/wp-content\/uploads\/2024\/09\/voltage-vacuum-circuit-breaker-768x455.webp 768w, https:\/\/www.jyiele.com\/wp-content\/uploads\/2024\/09\/voltage-vacuum-circuit-breaker-18x12.webp 18w, https:\/\/www.jyiele.com\/wp-content\/uploads\/2024\/09\/voltage-vacuum-circuit-breaker-600x355.webp 600w\" sizes=\"(max-width: 799px) 100vw, 799px\" \/><\/figure>\n<figure class=\"wp-block-table\">\n<div class=\"scroll\">\n<table>\n<tbody>\n<tr>\n<td>\u00a0\u00a0 Corriente nominal (A)<\/td>\n<td>630<\/td>\n<td>1250<\/td>\n<td>1600<\/td>\n<td>2000<\/td>\n<td>\u00a0\u00a0\u00a0 2500<\/td>\n<\/tr>\n<tr>\n<td>\u00a0\u00a0 Corriente nominal de corte (kA)<\/td>\n<td>202,531.5<\/td>\n<td>202,531.5<\/td>\n<td>2,531.5<\/td>\n<td>31.5<\/td>\n<td>\u00a0\u00a0\u00a0 31.5<\/td>\n<\/tr>\n<tr>\n<td>\u00a0\u00a0 Tama\u00f1o del contacto fijo D(mm)<\/td>\n<td>\u03c635<\/td>\n<td>\u03c649<\/td>\n<td>\u4e2d55<\/td>\n<td>\u03c679<\/td>\n<td>\u00a0\u00a0\u00a0 \u03c6109<\/td>\n<\/tr>\n<tr>\n<td>\u00a0\u00a0 Distancia entre fases (mm)<\/td>\n<td colspan=\"5\">300\u00b11.5<\/td>\n<\/tr>\n<tr>\n<td>\u00a0\u00a0 Recorrido de la carretilla(mm)<\/td>\n<td colspan=\"5\">610\u00b12<\/td>\n<\/tr>\n<\/tbody>\n<\/table>\n<\/div>\n<\/figure>","protected":false},"excerpt":{"rendered":"<p>ZN85-40.5 es un tipo de disyuntor de vac\u00edo de alta tensi\u00f3n para uso en interiores, adecuado para sistemas de alimentaci\u00f3n de CA de 50 Hz y 35 kV. Se utiliza principalmente para equipos de protecci\u00f3n y control en centrales el\u00e9ctricas, subestaciones y otros lugares.<\/p>","protected":false},"featured_media":1222,"template":"","meta":{"site-sidebar-layout":"default","site-content-layout":"","ast-site-content-layout":"default","site-content-style":"default","site-sidebar-style":"default","ast-global-header-display":"","ast-banner-title-visibility":"","ast-main-header-display":"","ast-hfb-above-header-display":"","ast-hfb-below-header-display":"","ast-hfb-mobile-header-display":"","site-post-title":"","ast-breadcrumbs-content":"","ast-featured-img":"","footer-sml-layout":"","ast-disable-related-posts":"","theme-transparent-header-meta":"default","adv-header-id-meta":"","stick-header-meta":"","header-above-stick-meta":"","header-main-stick-meta":"","header-below-stick-meta":"","astra-migrate-meta-layouts":"set","ast-page-background-enabled":"default","ast-page-background-meta":{"desktop":{"background-color":"var(--ast-global-color-4)","background-image":"","background-repeat":"repeat","background-position":"center center","background-size":"auto","background-attachment":"scroll","background-type":"","background-media":"","overlay-type":"","overlay-color":"","overlay-opacity":"","overlay-gradient":""},"tablet":{"background-color":"","background-image":"","background-repeat":"repeat","background-position":"center center","background-size":"auto","background-attachment":"scroll","background-type":"","background-media":"","overlay-type":"","overlay-color":"","overlay-opacity":"","overlay-gradient":""},"mobile":{"background-color":"","background-image":"","background-repeat":"repeat","background-position":"center center","background-size":"auto","background-attachment":"scroll","background-type":"","background-media":"","overlay-type":"","overlay-color":"","overlay-opacity":"","overlay-gradient":""}},"ast-content-background-meta":{"desktop":{"background-color":"var(--ast-global-color-5)","background-image":"","background-repeat":"repeat","background-position":"center center","background-size":"auto","background-attachment":"scroll","background-type":"","background-media":"","overlay-type":"","overlay-color":"","overlay-opacity":"","overlay-gradient":""},"tablet":{"background-color":"var(--ast-global-color-5)","background-image":"","background-repeat":"repeat","background-position":"center center","background-size":"auto","background-attachment":"scroll","background-type":"","background-media":"","overlay-type":"","overlay-color":"","overlay-opacity":"","overlay-gradient":""},"mobile":{"background-color":"var(--ast-global-color-5)","background-image":"","background-repeat":"repeat","background-position":"center center","background-size":"auto","background-attachment":"scroll","background-type":"","background-media":"","overlay-type":"","overlay-color":"","overlay-opacity":"","overlay-gradient":""}}},"product_brand":[],"product_cat":[26],"product_tag":[],"class_list":{"0":"post-1220","1":"product","2":"type-product","3":"status-publish","4":"has-post-thumbnail","6":"product_cat-vacuum-circuit-breaker","7":"desktop-align-left","8":"tablet-align-left","9":"mobile-align-left","11":"first","12":"instock","13":"shipping-taxable","14":"product-type-simple"},"yoast_head":"<!-- This site is optimized with the Yoast SEO plugin v24.8.1 - https:\/\/yoast.com\/wordpress\/plugins\/seo\/ -->\n<title>ZN85-40.5 High Voltage Vacuum Circuit Breaker | Reliable Circuit Protection Solutions - JYIELE<\/title>\n<meta name=\"description\" content=\"Explore ZN85-40.5 high voltage vacuum circuit breakers renowned for their reliability and efficiency. Our circuit breakers provide robust protection for high voltage applications, ensuring uninterrupted power supply and safety. Discover superior quality and performance with our range of circuit protection solutions.\" \/>\n<meta name=\"robots\" content=\"index, follow, max-snippet:-1, max-image-preview:large, max-video-preview:-1\" \/>\n<link rel=\"canonical\" href=\"https:\/\/www.jyiele.com\/es\/product\/zn85-40-5-high-voltage-vacuum-circuit-breaker\/\" \/>\n<meta property=\"og:locale\" content=\"es_ES\" \/>\n<meta property=\"og:type\" content=\"article\" \/>\n<meta property=\"og:title\" content=\"ZN85-40.5 High Voltage Vacuum Circuit Breaker | Reliable Circuit Protection Solutions - JYIELE\" \/>\n<meta property=\"og:description\" content=\"Explore ZN85-40.5 high voltage vacuum circuit breakers renowned for their reliability and efficiency. Our circuit breakers provide robust protection for high voltage applications, ensuring uninterrupted power supply and safety. Discover superior quality and performance with our range of circuit protection solutions.\" \/>\n<meta property=\"og:url\" content=\"https:\/\/www.jyiele.com\/es\/product\/zn85-40-5-high-voltage-vacuum-circuit-breaker\/\" \/>\n<meta property=\"og:site_name\" content=\"JYIELE\" \/>\n<meta property=\"article:modified_time\" content=\"2025-03-09T11:38:51+00:00\" \/>\n<meta property=\"og:image\" content=\"https:\/\/www.jyiele.com\/wp-content\/uploads\/2024\/09\/high-voltage-vacuum-circuit-breaker-1.webp\" \/>\n\t<meta property=\"og:image:width\" content=\"600\" \/>\n\t<meta property=\"og:image:height\" content=\"600\" \/>\n\t<meta property=\"og:image:type\" content=\"image\/webp\" \/>\n<meta name=\"twitter:card\" content=\"summary_large_image\" \/>\n<meta name=\"twitter:label1\" content=\"Tiempo de lectura\" \/>\n\t<meta name=\"twitter:data1\" content=\"2 minutos\" \/>\n<script type=\"application\/ld+json\" class=\"yoast-schema-graph\">{\"@context\":\"https:\/\/schema.org\",\"@graph\":[{\"@type\":\"WebPage\",\"@id\":\"https:\/\/www.jyiele.com\/product\/zn85-40-5-high-voltage-vacuum-circuit-breaker\/\",\"url\":\"https:\/\/www.jyiele.com\/product\/zn85-40-5-high-voltage-vacuum-circuit-breaker\/\",\"name\":\"ZN85-40.5 High Voltage Vacuum Circuit Breaker | Reliable Circuit Protection Solutions - JYIELE\",\"isPartOf\":{\"@id\":\"https:\/\/www.jyiele.com\/#website\"},\"primaryImageOfPage\":{\"@id\":\"https:\/\/www.jyiele.com\/product\/zn85-40-5-high-voltage-vacuum-circuit-breaker\/#primaryimage\"},\"image\":{\"@id\":\"https:\/\/www.jyiele.com\/product\/zn85-40-5-high-voltage-vacuum-circuit-breaker\/#primaryimage\"},\"thumbnailUrl\":\"https:\/\/www.jyiele.com\/wp-content\/uploads\/2024\/09\/high-voltage-vacuum-circuit-breaker-1.webp\",\"datePublished\":\"2022-09-16T12:45:25+00:00\",\"dateModified\":\"2025-03-09T11:38:51+00:00\",\"description\":\"Explore ZN85-40.5 high voltage vacuum circuit breakers renowned for their reliability and efficiency. Our circuit breakers provide robust protection for high voltage applications, ensuring uninterrupted power supply and safety. Discover superior quality and performance with our range of circuit protection solutions.\",\"breadcrumb\":{\"@id\":\"https:\/\/www.jyiele.com\/product\/zn85-40-5-high-voltage-vacuum-circuit-breaker\/#breadcrumb\"},\"inLanguage\":\"es\",\"potentialAction\":[{\"@type\":\"ReadAction\",\"target\":[\"https:\/\/www.jyiele.com\/product\/zn85-40-5-high-voltage-vacuum-circuit-breaker\/\"]}]},{\"@type\":\"ImageObject\",\"inLanguage\":\"es\",\"@id\":\"https:\/\/www.jyiele.com\/product\/zn85-40-5-high-voltage-vacuum-circuit-breaker\/#primaryimage\",\"url\":\"https:\/\/www.jyiele.com\/wp-content\/uploads\/2024\/09\/high-voltage-vacuum-circuit-breaker-1.webp\",\"contentUrl\":\"https:\/\/www.jyiele.com\/wp-content\/uploads\/2024\/09\/high-voltage-vacuum-circuit-breaker-1.webp\",\"width\":600,\"height\":600,\"caption\":\"high-voltage-vacuum-circuit-breaker\"},{\"@type\":\"BreadcrumbList\",\"@id\":\"https:\/\/www.jyiele.com\/product\/zn85-40-5-high-voltage-vacuum-circuit-breaker\/#breadcrumb\",\"itemListElement\":[{\"@type\":\"ListItem\",\"position\":1,\"name\":\"Home\",\"item\":\"https:\/\/www.jyiele.com\/\"},{\"@type\":\"ListItem\",\"position\":2,\"name\":\"Product\",\"item\":\"https:\/\/www.jyiele.com\/product\/\"},{\"@type\":\"ListItem\",\"position\":3,\"name\":\"Vacuum Circuit Breaker\",\"item\":\"https:\/\/www.jyiele.com\/product-category\/vacuum-circuit-breaker\/\"},{\"@type\":\"ListItem\",\"position\":4,\"name\":\"ZN85-40.5 High Voltage Vacuum Circuit Breaker\"}]},{\"@type\":\"WebSite\",\"@id\":\"https:\/\/www.jyiele.com\/#website\",\"url\":\"https:\/\/www.jyiele.com\/\",\"name\":\"JYIELE\",\"description\":\"Vacuum Circuit Breaker manufacturer\",\"publisher\":{\"@id\":\"https:\/\/www.jyiele.com\/#organization\"},\"potentialAction\":[{\"@type\":\"SearchAction\",\"target\":{\"@type\":\"EntryPoint\",\"urlTemplate\":\"https:\/\/www.jyiele.com\/?s={search_term_string}\"},\"query-input\":{\"@type\":\"PropertyValueSpecification\",\"valueRequired\":true,\"valueName\":\"search_term_string\"}}],\"inLanguage\":\"es\"},{\"@type\":\"Organization\",\"@id\":\"https:\/\/www.jyiele.com\/#organization\",\"name\":\"JYIELE\",\"url\":\"https:\/\/www.jyiele.com\/\",\"logo\":{\"@type\":\"ImageObject\",\"inLanguage\":\"es\",\"@id\":\"https:\/\/www.jyiele.com\/#\/schema\/logo\/image\/\",\"url\":\"https:\/\/www.jyiele.com\/wp-content\/uploads\/2024\/09\/cropped-jyele-1.webp\",\"contentUrl\":\"https:\/\/www.jyiele.com\/wp-content\/uploads\/2024\/09\/cropped-jyele-1.webp\",\"width\":137,\"height\":60,\"caption\":\"JYIELE\"},\"image\":{\"@id\":\"https:\/\/www.jyiele.com\/#\/schema\/logo\/image\/\"}}]}<\/script>\n<!-- \/ Yoast SEO plugin. -->","yoast_head_json":{"title":"ZN85-40.5 Interruptor autom\u00e1tico de vac\u00edo de alta tensi\u00f3n | Soluciones fiables de protecci\u00f3n de circuitos - JYIELE","description":"Descubra los disyuntores de vac\u00edo de alta tensi\u00f3n ZN85-40.5, famosos por su fiabilidad y eficacia. Nuestros disyuntores proporcionan una protecci\u00f3n robusta para aplicaciones de alta tensi\u00f3n, garantizando un suministro el\u00e9ctrico ininterrumpido y seguridad. Descubra una calidad y un rendimiento superiores con nuestra gama de soluciones de protecci\u00f3n de circuitos.","robots":{"index":"index","follow":"follow","max-snippet":"max-snippet:-1","max-image-preview":"max-image-preview:large","max-video-preview":"max-video-preview:-1"},"canonical":"https:\/\/www.jyiele.com\/es\/product\/zn85-40-5-high-voltage-vacuum-circuit-breaker\/","og_locale":"es_ES","og_type":"article","og_title":"ZN85-40.5 High Voltage Vacuum Circuit Breaker | Reliable Circuit Protection Solutions - JYIELE","og_description":"Explore ZN85-40.5 high voltage vacuum circuit breakers renowned for their reliability and efficiency. Our circuit breakers provide robust protection for high voltage applications, ensuring uninterrupted power supply and safety. Discover superior quality and performance with our range of circuit protection solutions.","og_url":"https:\/\/www.jyiele.com\/es\/product\/zn85-40-5-high-voltage-vacuum-circuit-breaker\/","og_site_name":"JYIELE","article_modified_time":"2025-03-09T11:38:51+00:00","og_image":[{"width":600,"height":600,"url":"https:\/\/www.jyiele.com\/wp-content\/uploads\/2024\/09\/high-voltage-vacuum-circuit-breaker-1.webp","type":"image\/webp"}],"twitter_card":"summary_large_image","twitter_misc":{"Tiempo de lectura":"2 minutos"},"schema":{"@context":"https:\/\/schema.org","@graph":[{"@type":"WebPage","@id":"https:\/\/www.jyiele.com\/product\/zn85-40-5-high-voltage-vacuum-circuit-breaker\/","url":"https:\/\/www.jyiele.com\/product\/zn85-40-5-high-voltage-vacuum-circuit-breaker\/","name":"ZN85-40.5 Interruptor autom\u00e1tico de vac\u00edo de alta tensi\u00f3n | Soluciones fiables de protecci\u00f3n de circuitos - JYIELE","isPartOf":{"@id":"https:\/\/www.jyiele.com\/#website"},"primaryImageOfPage":{"@id":"https:\/\/www.jyiele.com\/product\/zn85-40-5-high-voltage-vacuum-circuit-breaker\/#primaryimage"},"image":{"@id":"https:\/\/www.jyiele.com\/product\/zn85-40-5-high-voltage-vacuum-circuit-breaker\/#primaryimage"},"thumbnailUrl":"https:\/\/www.jyiele.com\/wp-content\/uploads\/2024\/09\/high-voltage-vacuum-circuit-breaker-1.webp","datePublished":"2022-09-16T12:45:25+00:00","dateModified":"2025-03-09T11:38:51+00:00","description":"Descubra los disyuntores de vac\u00edo de alta tensi\u00f3n ZN85-40.5, famosos por su fiabilidad y eficacia. Nuestros disyuntores proporcionan una protecci\u00f3n robusta para aplicaciones de alta tensi\u00f3n, garantizando un suministro el\u00e9ctrico ininterrumpido y seguridad. Descubra una calidad y un rendimiento superiores con nuestra gama de soluciones de protecci\u00f3n de circuitos.","breadcrumb":{"@id":"https:\/\/www.jyiele.com\/product\/zn85-40-5-high-voltage-vacuum-circuit-breaker\/#breadcrumb"},"inLanguage":"es","potentialAction":[{"@type":"ReadAction","target":["https:\/\/www.jyiele.com\/product\/zn85-40-5-high-voltage-vacuum-circuit-breaker\/"]}]},{"@type":"ImageObject","inLanguage":"es","@id":"https:\/\/www.jyiele.com\/product\/zn85-40-5-high-voltage-vacuum-circuit-breaker\/#primaryimage","url":"https:\/\/www.jyiele.com\/wp-content\/uploads\/2024\/09\/high-voltage-vacuum-circuit-breaker-1.webp","contentUrl":"https:\/\/www.jyiele.com\/wp-content\/uploads\/2024\/09\/high-voltage-vacuum-circuit-breaker-1.webp","width":600,"height":600,"caption":"high-voltage-vacuum-circuit-breaker"},{"@type":"BreadcrumbList","@id":"https:\/\/www.jyiele.com\/product\/zn85-40-5-high-voltage-vacuum-circuit-breaker\/#breadcrumb","itemListElement":[{"@type":"ListItem","position":1,"name":"Home","item":"https:\/\/www.jyiele.com\/"},{"@type":"ListItem","position":2,"name":"Product","item":"https:\/\/www.jyiele.com\/product\/"},{"@type":"ListItem","position":3,"name":"Vacuum Circuit Breaker","item":"https:\/\/www.jyiele.com\/product-category\/vacuum-circuit-breaker\/"},{"@type":"ListItem","position":4,"name":"ZN85-40.5 High Voltage Vacuum Circuit Breaker"}]},{"@type":"WebSite","@id":"https:\/\/www.jyiele.com\/#website","url":"https:\/\/www.jyiele.com\/","name":"JYIELE","description":"Fabricante de disyuntores de vac\u00edo","publisher":{"@id":"https:\/\/www.jyiele.com\/#organization"},"potentialAction":[{"@type":"SearchAction","target":{"@type":"EntryPoint","urlTemplate":"https:\/\/www.jyiele.com\/?s={search_term_string}"},"query-input":{"@type":"PropertyValueSpecification","valueRequired":true,"valueName":"search_term_string"}}],"inLanguage":"es"},{"@type":"Organization","@id":"https:\/\/www.jyiele.com\/#organization","name":"JYIELE","url":"https:\/\/www.jyiele.com\/","logo":{"@type":"ImageObject","inLanguage":"es","@id":"https:\/\/www.jyiele.com\/#\/schema\/logo\/image\/","url":"https:\/\/www.jyiele.com\/wp-content\/uploads\/2024\/09\/cropped-jyele-1.webp","contentUrl":"https:\/\/www.jyiele.com\/wp-content\/uploads\/2024\/09\/cropped-jyele-1.webp","width":137,"height":60,"caption":"JYIELE"},"image":{"@id":"https:\/\/www.jyiele.com\/#\/schema\/logo\/image\/"}}]}},"_links":{"self":[{"href":"https:\/\/www.jyiele.com\/es\/wp-json\/wp\/v2\/product\/1220","targetHints":{"allow":["GET"]}}],"collection":[{"href":"https:\/\/www.jyiele.com\/es\/wp-json\/wp\/v2\/product"}],"about":[{"href":"https:\/\/www.jyiele.com\/es\/wp-json\/wp\/v2\/types\/product"}],"version-history":[{"count":2,"href":"https:\/\/www.jyiele.com\/es\/wp-json\/wp\/v2\/product\/1220\/revisions"}],"predecessor-version":[{"id":1479,"href":"https:\/\/www.jyiele.com\/es\/wp-json\/wp\/v2\/product\/1220\/revisions\/1479"}],"wp:featuredmedia":[{"embeddable":true,"href":"https:\/\/www.jyiele.com\/es\/wp-json\/wp\/v2\/media\/1222"}],"wp:attachment":[{"href":"https:\/\/www.jyiele.com\/es\/wp-json\/wp\/v2\/media?parent=1220"}],"wp:term":[{"taxonomy":"product_brand","embeddable":true,"href":"https:\/\/www.jyiele.com\/es\/wp-json\/wp\/v2\/product_brand?post=1220"},{"taxonomy":"product_cat","embeddable":true,"href":"https:\/\/www.jyiele.com\/es\/wp-json\/wp\/v2\/product_cat?post=1220"},{"taxonomy":"product_tag","embeddable":true,"href":"https:\/\/www.jyiele.com\/es\/wp-json\/wp\/v2\/product_tag?post=1220"}],"curies":[{"name":"wp","href":"https:\/\/api.w.org\/{rel}","templated":true}]}}