{"id":1228,"date":"2022-09-16T13:33:48","date_gmt":"2022-09-16T13:33:48","guid":{"rendered":"https:\/\/www.jy-electric.com\/?post_type=product&#038;p=1228"},"modified":"2025-03-09T11:38:45","modified_gmt":"2025-03-09T11:38:45","slug":"high-voltage-ac-vacuum-load-switch","status":"publish","type":"product","link":"https:\/\/www.jyiele.com\/es\/product\/high-voltage-ac-vacuum-load-switch\/","title":{"rendered":"VF(R)-12 Interruptor de carga de vac\u00edo de CA de alta tensi\u00f3n integrado"},"content":{"rendered":"<h2>Visi\u00f3n general de VF(R)-12<\/h2>\n<p>VF(R)-12 es un tipo de dispositivo combinado de interruptor-fusible de carga en vac\u00edo de CA de alta tensi\u00f3n empotrado en interiores. Es adecuado para varias redes el\u00e9ctricas y funciona de forma segura y estable dentro de sus par\u00e1metros t\u00e9cnicos. Con un dise\u00f1o avanzado, este dispositivo se utiliza ampliamente en los sistemas de energ\u00eda modernos.<\/p>\n<h2>Norma del producto<\/h2>\n<p>El vacuostato VF(R)-12 cumple las siguientes normas:<\/p>\n<p>GB 3804-2004: Interruptores de corriente alterna de carga de alta tensi\u00f3n con tensi\u00f3n nominal comprendida entre 3,6 kV y 40,5 kV.<br \/>\nGB 16926-2009: Norma para combinaciones interruptor-fusible de corriente alterna con carga de alta tensi\u00f3n.<\/p>\n<h2>Par\u00e1metros t\u00e9cnicos<\/h2>\n<figure class=\"wp-block-table\">\n<div class=\"scroll\">\n<table>\n<tbody>\n<tr>\n<td rowspan=\"2\">\u00a0\u00a0\u00a0Art\u00edculo<\/td>\n<td rowspan=\"2\">Unidad<\/td>\n<td colspan=\"4\">Valor de referencia<\/td>\n<\/tr>\n<tr>\n<td>VF-12\/T630-20<br \/>\nCarga de vac\u00edo<br \/>\ninterruptor<\/td>\n<td>VFR-12\/T125-50<br \/>\nCarga de vac\u00edo<br \/>\ninterruptor-fusible<br \/>\ncombinaci\u00f3n<\/td>\n<td>VFH-12\/T630-25<br \/>\nAlta rotura<br \/>\nvac\u00edo de capacidad<br \/>\ninterruptor<\/td>\n<td>VFHR-12\/T125-50<br \/>\nAlta rotura<br \/>\nvac\u00edo de capacidad<br \/>\ninterruptor-fusible<br \/>\ncombinaci\u00f3n<\/td>\n<\/tr>\n<tr>\n<td>\u00a0\u00a0 Tensi\u00f3n nominal<\/td>\n<td>kV<\/td>\n<td>12<\/td>\n<td>12<\/td>\n<td>12<\/td>\n<td>12<\/td>\n<\/tr>\n<tr>\n<td>a tensi\u00f3n soportada a impulsos de rayo<\/td>\n<td>kV<\/td>\n<td>75<\/td>\n<td>75<\/td>\n<td>75<\/td>\n<td>75<\/td>\n<\/tr>\n<tr>\n<td>\u00a0\u00a0\u00a0 Nivel de aislamiento nominal Tensi\u00f3n soportada a 1 min de potencia-frecuencia<\/td>\n<td>kV<\/td>\n<td>42<\/td>\n<td>42<\/td>\n<td>42<\/td>\n<td>42<\/td>\n<\/tr>\n<tr>\n<td>\u00a0\u00a0 Frecuencia nominal<\/td>\n<td>Hz<\/td>\n<td>50\/60<\/td>\n<td>50\/60<\/td>\n<td>50\/60<\/td>\n<td>50\/60<\/td>\n<\/tr>\n<tr>\n<td>\u00a0\u00a0 Corriente nominal<\/td>\n<td>A<\/td>\n<td>630<\/td>\n<td>125(fusible)<\/td>\n<td>630<\/td>\n<td>125(fusible)<\/td>\n<\/tr>\n<tr>\n<td>\u00a0\u00a0 Corriente nominal de corte en cortocircuito<\/td>\n<td>kA<\/td>\n<td><\/td>\n<td>50(fusible<\/td>\n<td>25(son c\u00e1mara de supresi\u00f3n)<\/td>\n<td>25im pcesson harx<\/td>\n<\/tr>\n<tr>\n<td>\u00a0\u00a0 Corriente asignada de cierre en cortocircuito (valor de pico)<\/td>\n<td>kA<\/td>\n<td>50<\/td>\n<td><\/td>\n<td>63<\/td>\n<td><\/td>\n<\/tr>\n<tr>\n<td>\u00a0\u00a0 Corriente nominal de corta duraci\u00f3n<\/td>\n<td>kA<\/td>\n<td>20<\/td>\n<td><\/td>\n<td>25<\/td>\n<td><\/td>\n<\/tr>\n<tr>\n<td>\u00a0\u00a0 Corriente nominal soportada (valor de pico)<\/td>\n<td>kA<\/td>\n<td>50<\/td>\n<td><\/td>\n<td>63<\/td>\n<td><\/td>\n<\/tr>\n<tr>\n<td>\u00a0\u00a0 Corriente nominal de rotura del cable durante la carga<\/td>\n<td>A<\/td>\n<td>16<\/td>\n<td><\/td>\n<td><\/td>\n<td><\/td>\n<\/tr>\n<tr>\n<td>\u00a0\u00a0 Corriente nominal de corte del transformador en vac\u00edo<\/td>\n<td>kVA<\/td>\n<td>1250<\/td>\n<td><\/td>\n<td>1250<\/td>\n<td><\/td>\n<\/tr>\n<tr>\n<td>\u00a0\u00a0 Corriente nominal de corte<\/td>\n<td>A<\/td>\n<td><\/td>\n<td>3150<\/td>\n<td><\/td>\n<td>3150<\/td>\n<\/tr>\n<tr>\n<td>\u00a0\u00a0 Tiempos de interrupci\u00f3n de la corriente nominal de cortocircuito<\/td>\n<td>Times<\/td>\n<td><\/td>\n<td><\/td>\n<td><\/td>\n<td><\/td>\n<\/tr>\n<tr>\n<td>\u00a0\u00a0 Vida mec\u00e1nica<\/td>\n<td><\/td>\n<td>Nivel M2<\/td>\n<td>M2 leve<\/td>\n<td>M2 leve<\/td>\n<td>Nivel M2<\/td>\n<\/tr>\n<tr>\n<td>\u00a0\u00a0 Peso<\/td>\n<td>kg<\/td>\n<td colspan=\"4\">125<\/td>\n<\/tr>\n<\/tbody>\n<\/table>\n<\/div>\n<\/figure>\n<h2>Condiciones de funcionamiento<\/h2>\n<p>Temperatura ambiente: de -40\u00b0C a +40\u00b0C (menos de 35\u00b0C en 24 horas)<br \/>\nHumedad relativa: \u226495% (media diaria), o \u226490% (media mensual).<br \/>\nAltitud: \u22641000 metros<\/p>\n<h2>Selecci\u00f3n de transformadores y fusibles<\/h2>\n<p>Los fusibles son capaces de cortar corrientes elevadas en menos de 10 milisegundos y tienen un poder de corte de hasta 50KA, lo que los hace eficaces para proteger transformadores. Al seleccionar los fusibles, es importante tener en cuenta que la corriente del fusible debe ser 1,6 veces su valor nominal para hacer frente a posibles corrientes de irrupci\u00f3n. El dise\u00f1ador tambi\u00e9n debe dejar un margen para el fusible, teniendo en cuenta las fluctuaciones de la red. Si el fusible se va a utilizar para la protecci\u00f3n de motores de alta tensi\u00f3n, tambi\u00e9n se debe tener en cuenta la frecuencia de los arranques del motor, ya que los arranques frecuentes pueden hacer que el fusible no se enfr\u00ede a tiempo y, por lo tanto, falle.<\/p>\n<h2 class=\"wp-block-heading\">Selecci\u00f3n de fusibles<\/h2>\n<figure class=\"wp-block-table\">\n<div class=\"scroll\">\n<table>\n<tbody>\n<tr>\n<td rowspan=\"2\">Tensi\u00f3n primaria de<br \/>\nel transformador (kV)<\/td>\n<td rowspan=\"2\">Capacidad de<br \/>\nel transformador (kVA)<\/td>\n<td colspan=\"2\">Modelo del fusible<\/td>\n<td rowspan=\"2\">Corriente nominal<br \/>\ndel fusible(A<\/td>\n<\/tr>\n<tr>\n<td>Modelo para el mercado nacional<\/td>\n<td>Modelo para el mercado internacional<\/td>\n<\/tr>\n<tr>\n<td rowspan=\"6\">6.6<\/td>\n<td>200<\/td>\n<td rowspan=\"6\">XRNT-10<\/td>\n<td rowspan=\"3\">12kV BDGHC<\/td>\n<td>31.5<\/td>\n<\/tr>\n<tr>\n<td>250<\/td>\n<td>40<\/td>\n<\/tr>\n<tr>\n<td>300\/315<\/td>\n<td>50<\/td>\n<\/tr>\n<tr>\n<td>400<\/td>\n<td rowspan=\"3\">12kV BDGHC<\/td>\n<td>63<\/td>\n<\/tr>\n<tr>\n<td>500<\/td>\n<td>80<\/td>\n<\/tr>\n<tr>\n<td>630<\/td>\n<td>90<\/td>\n<\/tr>\n<\/tbody>\n<\/table>\n<\/div>\n<\/figure>\n<h2 class=\"wp-block-heading\">Dimensiones generales y de instalaci\u00f3n<\/h2>\n<p>Dimensiones generales del disyuntor de vac\u00edo de alta tensi\u00f3n y corriente alterna para interiores VF(R)-12(con ruedas)<\/p>\n<figure class=\"wp-block-image size-full is-resized\"><img fetchpriority=\"high\" decoding=\"async\" class=\"alignnone wp-image-1229 size-full\" src=\"https:\/\/www.jy-electric.com\/wp-content\/uploads\/2024\/09\/AC-Vacuum-Load-Switch.webp\" alt=\"Interruptor de carga de vac\u00edo de CA\" width=\"845\" height=\"388\" srcset=\"https:\/\/www.jyiele.com\/wp-content\/uploads\/2024\/09\/AC-Vacuum-Load-Switch.webp 845w, https:\/\/www.jyiele.com\/wp-content\/uploads\/2024\/09\/AC-Vacuum-Load-Switch-300x138.webp 300w, https:\/\/www.jyiele.com\/wp-content\/uploads\/2024\/09\/AC-Vacuum-Load-Switch-768x353.webp 768w, https:\/\/www.jyiele.com\/wp-content\/uploads\/2024\/09\/AC-Vacuum-Load-Switch-18x8.webp 18w, https:\/\/www.jyiele.com\/wp-content\/uploads\/2024\/09\/AC-Vacuum-Load-Switch-600x276.webp 600w\" sizes=\"(max-width: 845px) 100vw, 845px\" \/><\/figure>\n<figure class=\"wp-block-table\">\n<div class=\"scroll\">\n<table>\n<tbody>\n<tr>\n<td>Anchura del armario(mm)<\/td>\n<td>P(mm)<\/td>\n<td>A(mm)<\/td>\n<td>B(mm)<\/td>\n<td>C(mm)<\/td>\n<td>E(mm)<\/td>\n<td>\u03c6W(mm)<\/td>\n<\/tr>\n<tr>\n<td>650<\/td>\n<td>150<\/td>\n<td>500<\/td>\n<td>530<\/td>\n<td>490<\/td>\n<td>203<\/td>\n<td>35<\/td>\n<\/tr>\n<tr>\n<td>800<\/td>\n<td>210<\/td>\n<td>650<\/td>\n<td>680<\/td>\n<td>640<\/td>\n<td>278<\/td>\n<td>35<\/td>\n<\/tr>\n<tr>\n<td>1000<\/td>\n<td>275<\/td>\n<td>850<\/td>\n<td>880<\/td>\n<td>840<\/td>\n<td>378<\/td>\n<td>35<\/td>\n<\/tr>\n<\/tbody>\n<\/table>\n<\/div>\n<\/figure>","protected":false},"excerpt":{"rendered":"<p>El seccionador de carga en vac\u00edo VFR-12R AC es una nueva generaci\u00f3n de equipos de conmutaci\u00f3n en vac\u00edo de alta tensi\u00f3n, desarrollado espec\u00edficamente para satisfacer la demanda del mercado y los conceptos de dise\u00f1o modernos. Se utiliza principalmente en aparamenta interior blindada aislada por aire y es capaz de funcionar de forma estable dentro del rango de tensi\u00f3n especificado en condiciones normales.<\/p>","protected":false},"featured_media":1230,"template":"","meta":{"site-sidebar-layout":"default","site-content-layout":"","ast-site-content-layout":"default","site-content-style":"default","site-sidebar-style":"default","ast-global-header-display":"","ast-banner-title-visibility":"","ast-main-header-display":"","ast-hfb-above-header-display":"","ast-hfb-below-header-display":"","ast-hfb-mobile-header-display":"","site-post-title":"","ast-breadcrumbs-content":"","ast-featured-img":"","footer-sml-layout":"","ast-disable-related-posts":"","theme-transparent-header-meta":"default","adv-header-id-meta":"","stick-header-meta":"","header-above-stick-meta":"","header-main-stick-meta":"","header-below-stick-meta":"","astra-migrate-meta-layouts":"set","ast-page-background-enabled":"default","ast-page-background-meta":{"desktop":{"background-color":"var(--ast-global-color-4)","background-image":"","background-repeat":"repeat","background-position":"center center","background-size":"auto","background-attachment":"scroll","background-type":"","background-media":"","overlay-type":"","overlay-color":"","overlay-opacity":"","overlay-gradient":""},"tablet":{"background-color":"","background-image":"","background-repeat":"repeat","background-position":"center center","background-size":"auto","background-attachment":"scroll","background-type":"","background-media":"","overlay-type":"","overlay-color":"","overlay-opacity":"","overlay-gradient":""},"mobile":{"background-color":"","background-image":"","background-repeat":"repeat","background-position":"center center","background-size":"auto","background-attachment":"scroll","background-type":"","background-media":"","overlay-type":"","overlay-color":"","overlay-opacity":"","overlay-gradient":""}},"ast-content-background-meta":{"desktop":{"background-color":"var(--ast-global-color-5)","background-image":"","background-repeat":"repeat","background-position":"center center","background-size":"auto","background-attachment":"scroll","background-type":"","background-media":"","overlay-type":"","overlay-color":"","overlay-opacity":"","overlay-gradient":""},"tablet":{"background-color":"var(--ast-global-color-5)","background-image":"","background-repeat":"repeat","background-position":"center center","background-size":"auto","background-attachment":"scroll","background-type":"","background-media":"","overlay-type":"","overlay-color":"","overlay-opacity":"","overlay-gradient":""},"mobile":{"background-color":"var(--ast-global-color-5)","background-image":"","background-repeat":"repeat","background-position":"center center","background-size":"auto","background-attachment":"scroll","background-type":"","background-media":"","overlay-type":"","overlay-color":"","overlay-opacity":"","overlay-gradient":""}}},"product_brand":[],"product_cat":[26],"product_tag":[],"class_list":{"0":"post-1228","1":"product","2":"type-product","3":"status-publish","4":"has-post-thumbnail","6":"product_cat-vacuum-circuit-breaker","7":"desktop-align-left","8":"tablet-align-left","9":"mobile-align-left","11":"first","12":"instock","13":"shipping-taxable","14":"product-type-simple"},"yoast_head":"<!-- This site is optimized with the Yoast SEO plugin v24.8.1 - https:\/\/yoast.com\/wordpress\/plugins\/seo\/ -->\n<title>VF(R)-12 Embedded High Voltage AC Vacuum Load Switch from China manufacturer - JYIELE<\/title>\n<meta name=\"description\" content=\"High Voltage AC Vacuum Load Switch offered by China manufacturer JYIELE Electric Manufacture. Buy Vacuum Circuit Breaker directly with low price and high quality.\" \/>\n<meta name=\"robots\" content=\"index, follow, max-snippet:-1, max-image-preview:large, max-video-preview:-1\" \/>\n<link rel=\"canonical\" href=\"https:\/\/www.jyiele.com\/es\/product\/high-voltage-ac-vacuum-load-switch\/\" \/>\n<meta property=\"og:locale\" content=\"es_ES\" \/>\n<meta property=\"og:type\" content=\"article\" \/>\n<meta property=\"og:title\" content=\"VF(R)-12 Embedded High Voltage AC Vacuum Load Switch from China manufacturer - JYIELE\" \/>\n<meta property=\"og:description\" content=\"High Voltage AC Vacuum Load Switch offered by China manufacturer JYIELE Electric Manufacture. Buy Vacuum Circuit Breaker directly with low price and high quality.\" \/>\n<meta property=\"og:url\" content=\"https:\/\/www.jyiele.com\/es\/product\/high-voltage-ac-vacuum-load-switch\/\" \/>\n<meta property=\"og:site_name\" content=\"JYIELE\" \/>\n<meta property=\"article:modified_time\" content=\"2025-03-09T11:38:45+00:00\" \/>\n<meta property=\"og:image\" content=\"https:\/\/www.jyiele.com\/wp-content\/uploads\/2024\/09\/High-Voltage-AC-Vacuum-Load-Switch.webp\" \/>\n\t<meta property=\"og:image:width\" content=\"600\" \/>\n\t<meta property=\"og:image:height\" content=\"600\" \/>\n\t<meta property=\"og:image:type\" content=\"image\/webp\" \/>\n<meta name=\"twitter:card\" content=\"summary_large_image\" \/>\n<meta name=\"twitter:label1\" content=\"Tiempo de lectura\" \/>\n\t<meta name=\"twitter:data1\" content=\"3 minutos\" \/>\n<script type=\"application\/ld+json\" class=\"yoast-schema-graph\">{\"@context\":\"https:\/\/schema.org\",\"@graph\":[{\"@type\":\"WebPage\",\"@id\":\"https:\/\/www.jyiele.com\/product\/high-voltage-ac-vacuum-load-switch\/\",\"url\":\"https:\/\/www.jyiele.com\/product\/high-voltage-ac-vacuum-load-switch\/\",\"name\":\"VF(R)-12 Embedded High Voltage AC Vacuum Load Switch from China manufacturer - JYIELE\",\"isPartOf\":{\"@id\":\"https:\/\/www.jyiele.com\/#website\"},\"primaryImageOfPage\":{\"@id\":\"https:\/\/www.jyiele.com\/product\/high-voltage-ac-vacuum-load-switch\/#primaryimage\"},\"image\":{\"@id\":\"https:\/\/www.jyiele.com\/product\/high-voltage-ac-vacuum-load-switch\/#primaryimage\"},\"thumbnailUrl\":\"https:\/\/www.jyiele.com\/wp-content\/uploads\/2024\/09\/High-Voltage-AC-Vacuum-Load-Switch.webp\",\"datePublished\":\"2022-09-16T13:33:48+00:00\",\"dateModified\":\"2025-03-09T11:38:45+00:00\",\"description\":\"High Voltage AC Vacuum Load Switch offered by China manufacturer JYIELE Electric Manufacture. Buy Vacuum Circuit Breaker directly with low price and high quality.\",\"breadcrumb\":{\"@id\":\"https:\/\/www.jyiele.com\/product\/high-voltage-ac-vacuum-load-switch\/#breadcrumb\"},\"inLanguage\":\"es\",\"potentialAction\":[{\"@type\":\"ReadAction\",\"target\":[\"https:\/\/www.jyiele.com\/product\/high-voltage-ac-vacuum-load-switch\/\"]}]},{\"@type\":\"ImageObject\",\"inLanguage\":\"es\",\"@id\":\"https:\/\/www.jyiele.com\/product\/high-voltage-ac-vacuum-load-switch\/#primaryimage\",\"url\":\"https:\/\/www.jyiele.com\/wp-content\/uploads\/2024\/09\/High-Voltage-AC-Vacuum-Load-Switch.webp\",\"contentUrl\":\"https:\/\/www.jyiele.com\/wp-content\/uploads\/2024\/09\/High-Voltage-AC-Vacuum-Load-Switch.webp\",\"width\":600,\"height\":600,\"caption\":\"High Voltage AC Vacuum Load Switch\"},{\"@type\":\"BreadcrumbList\",\"@id\":\"https:\/\/www.jyiele.com\/product\/high-voltage-ac-vacuum-load-switch\/#breadcrumb\",\"itemListElement\":[{\"@type\":\"ListItem\",\"position\":1,\"name\":\"Home\",\"item\":\"https:\/\/www.jyiele.com\/\"},{\"@type\":\"ListItem\",\"position\":2,\"name\":\"Product\",\"item\":\"https:\/\/www.jyiele.com\/product\/\"},{\"@type\":\"ListItem\",\"position\":3,\"name\":\"Vacuum Circuit Breaker\",\"item\":\"https:\/\/www.jyiele.com\/product-category\/vacuum-circuit-breaker\/\"},{\"@type\":\"ListItem\",\"position\":4,\"name\":\"VF(R)-12 Embedded High Voltage AC Vacuum Load Switch\"}]},{\"@type\":\"WebSite\",\"@id\":\"https:\/\/www.jyiele.com\/#website\",\"url\":\"https:\/\/www.jyiele.com\/\",\"name\":\"JYIELE\",\"description\":\"Vacuum Circuit Breaker manufacturer\",\"publisher\":{\"@id\":\"https:\/\/www.jyiele.com\/#organization\"},\"potentialAction\":[{\"@type\":\"SearchAction\",\"target\":{\"@type\":\"EntryPoint\",\"urlTemplate\":\"https:\/\/www.jyiele.com\/?s={search_term_string}\"},\"query-input\":{\"@type\":\"PropertyValueSpecification\",\"valueRequired\":true,\"valueName\":\"search_term_string\"}}],\"inLanguage\":\"es\"},{\"@type\":\"Organization\",\"@id\":\"https:\/\/www.jyiele.com\/#organization\",\"name\":\"JYIELE\",\"url\":\"https:\/\/www.jyiele.com\/\",\"logo\":{\"@type\":\"ImageObject\",\"inLanguage\":\"es\",\"@id\":\"https:\/\/www.jyiele.com\/#\/schema\/logo\/image\/\",\"url\":\"https:\/\/www.jyiele.com\/wp-content\/uploads\/2024\/09\/cropped-jyele-1.webp\",\"contentUrl\":\"https:\/\/www.jyiele.com\/wp-content\/uploads\/2024\/09\/cropped-jyele-1.webp\",\"width\":137,\"height\":60,\"caption\":\"JYIELE\"},\"image\":{\"@id\":\"https:\/\/www.jyiele.com\/#\/schema\/logo\/image\/\"}}]}<\/script>\n<!-- \/ Yoast SEO plugin. -->","yoast_head_json":{"title":"VF(R)-12 Embedded Interruptor de carga de vac\u00edo de CA de alta tensi\u00f3n del fabricante de China - JYIELE","description":"Interruptor de carga de vac\u00edo de CA de alta tensi\u00f3n ofrecido por el fabricante chino JYIELE Electric Manufacture. Comprar Interruptor de carga de vac\u00edo directamente con precio bajo y alta calidad.","robots":{"index":"index","follow":"follow","max-snippet":"max-snippet:-1","max-image-preview":"max-image-preview:large","max-video-preview":"max-video-preview:-1"},"canonical":"https:\/\/www.jyiele.com\/es\/product\/high-voltage-ac-vacuum-load-switch\/","og_locale":"es_ES","og_type":"article","og_title":"VF(R)-12 Embedded High Voltage AC Vacuum Load Switch from China manufacturer - JYIELE","og_description":"High Voltage AC Vacuum Load Switch offered by China manufacturer JYIELE Electric Manufacture. Buy Vacuum Circuit Breaker directly with low price and high quality.","og_url":"https:\/\/www.jyiele.com\/es\/product\/high-voltage-ac-vacuum-load-switch\/","og_site_name":"JYIELE","article_modified_time":"2025-03-09T11:38:45+00:00","og_image":[{"width":600,"height":600,"url":"https:\/\/www.jyiele.com\/wp-content\/uploads\/2024\/09\/High-Voltage-AC-Vacuum-Load-Switch.webp","type":"image\/webp"}],"twitter_card":"summary_large_image","twitter_misc":{"Tiempo de lectura":"3 minutos"},"schema":{"@context":"https:\/\/schema.org","@graph":[{"@type":"WebPage","@id":"https:\/\/www.jyiele.com\/product\/high-voltage-ac-vacuum-load-switch\/","url":"https:\/\/www.jyiele.com\/product\/high-voltage-ac-vacuum-load-switch\/","name":"VF(R)-12 Embedded Interruptor de carga de vac\u00edo de CA de alta tensi\u00f3n del fabricante de China - JYIELE","isPartOf":{"@id":"https:\/\/www.jyiele.com\/#website"},"primaryImageOfPage":{"@id":"https:\/\/www.jyiele.com\/product\/high-voltage-ac-vacuum-load-switch\/#primaryimage"},"image":{"@id":"https:\/\/www.jyiele.com\/product\/high-voltage-ac-vacuum-load-switch\/#primaryimage"},"thumbnailUrl":"https:\/\/www.jyiele.com\/wp-content\/uploads\/2024\/09\/High-Voltage-AC-Vacuum-Load-Switch.webp","datePublished":"2022-09-16T13:33:48+00:00","dateModified":"2025-03-09T11:38:45+00:00","description":"Interruptor de carga de vac\u00edo de CA de alta tensi\u00f3n ofrecido por el fabricante chino JYIELE Electric Manufacture. Comprar Interruptor de carga de vac\u00edo directamente con precio bajo y alta calidad.","breadcrumb":{"@id":"https:\/\/www.jyiele.com\/product\/high-voltage-ac-vacuum-load-switch\/#breadcrumb"},"inLanguage":"es","potentialAction":[{"@type":"ReadAction","target":["https:\/\/www.jyiele.com\/product\/high-voltage-ac-vacuum-load-switch\/"]}]},{"@type":"ImageObject","inLanguage":"es","@id":"https:\/\/www.jyiele.com\/product\/high-voltage-ac-vacuum-load-switch\/#primaryimage","url":"https:\/\/www.jyiele.com\/wp-content\/uploads\/2024\/09\/High-Voltage-AC-Vacuum-Load-Switch.webp","contentUrl":"https:\/\/www.jyiele.com\/wp-content\/uploads\/2024\/09\/High-Voltage-AC-Vacuum-Load-Switch.webp","width":600,"height":600,"caption":"High Voltage AC Vacuum Load Switch"},{"@type":"BreadcrumbList","@id":"https:\/\/www.jyiele.com\/product\/high-voltage-ac-vacuum-load-switch\/#breadcrumb","itemListElement":[{"@type":"ListItem","position":1,"name":"Home","item":"https:\/\/www.jyiele.com\/"},{"@type":"ListItem","position":2,"name":"Product","item":"https:\/\/www.jyiele.com\/product\/"},{"@type":"ListItem","position":3,"name":"Vacuum Circuit Breaker","item":"https:\/\/www.jyiele.com\/product-category\/vacuum-circuit-breaker\/"},{"@type":"ListItem","position":4,"name":"VF(R)-12 Embedded High Voltage AC Vacuum Load Switch"}]},{"@type":"WebSite","@id":"https:\/\/www.jyiele.com\/#website","url":"https:\/\/www.jyiele.com\/","name":"JYIELE","description":"Fabricante de disyuntores de vac\u00edo","publisher":{"@id":"https:\/\/www.jyiele.com\/#organization"},"potentialAction":[{"@type":"SearchAction","target":{"@type":"EntryPoint","urlTemplate":"https:\/\/www.jyiele.com\/?s={search_term_string}"},"query-input":{"@type":"PropertyValueSpecification","valueRequired":true,"valueName":"search_term_string"}}],"inLanguage":"es"},{"@type":"Organization","@id":"https:\/\/www.jyiele.com\/#organization","name":"JYIELE","url":"https:\/\/www.jyiele.com\/","logo":{"@type":"ImageObject","inLanguage":"es","@id":"https:\/\/www.jyiele.com\/#\/schema\/logo\/image\/","url":"https:\/\/www.jyiele.com\/wp-content\/uploads\/2024\/09\/cropped-jyele-1.webp","contentUrl":"https:\/\/www.jyiele.com\/wp-content\/uploads\/2024\/09\/cropped-jyele-1.webp","width":137,"height":60,"caption":"JYIELE"},"image":{"@id":"https:\/\/www.jyiele.com\/#\/schema\/logo\/image\/"}}]}},"_links":{"self":[{"href":"https:\/\/www.jyiele.com\/es\/wp-json\/wp\/v2\/product\/1228","targetHints":{"allow":["GET"]}}],"collection":[{"href":"https:\/\/www.jyiele.com\/es\/wp-json\/wp\/v2\/product"}],"about":[{"href":"https:\/\/www.jyiele.com\/es\/wp-json\/wp\/v2\/types\/product"}],"version-history":[{"count":1,"href":"https:\/\/www.jyiele.com\/es\/wp-json\/wp\/v2\/product\/1228\/revisions"}],"predecessor-version":[{"id":2447,"href":"https:\/\/www.jyiele.com\/es\/wp-json\/wp\/v2\/product\/1228\/revisions\/2447"}],"wp:featuredmedia":[{"embeddable":true,"href":"https:\/\/www.jyiele.com\/es\/wp-json\/wp\/v2\/media\/1230"}],"wp:attachment":[{"href":"https:\/\/www.jyiele.com\/es\/wp-json\/wp\/v2\/media?parent=1228"}],"wp:term":[{"taxonomy":"product_brand","embeddable":true,"href":"https:\/\/www.jyiele.com\/es\/wp-json\/wp\/v2\/product_brand?post=1228"},{"taxonomy":"product_cat","embeddable":true,"href":"https:\/\/www.jyiele.com\/es\/wp-json\/wp\/v2\/product_cat?post=1228"},{"taxonomy":"product_tag","embeddable":true,"href":"https:\/\/www.jyiele.com\/es\/wp-json\/wp\/v2\/product_tag?post=1228"}],"curies":[{"name":"wp","href":"https:\/\/api.w.org\/{rel}","templated":true}]}}