{"id":1244,"date":"2020-03-07T06:44:57","date_gmt":"2020-03-07T06:44:57","guid":{"rendered":"https:\/\/www.jy-electric.com\/?post_type=product&#038;p=1244"},"modified":"2024-09-22T06:02:33","modified_gmt":"2024-09-22T06:02:33","slug":"car-tire-anti-slip-heavy-duty-zip-ties-plastic","status":"publish","type":"product","link":"https:\/\/www.jyiele.com\/es\/product\/car-tire-anti-slip-heavy-duty-zip-ties-plastic\/","title":{"rendered":"Bridas de pl\u00e1stico antideslizantes para neum\u00e1ticos de coche"},"content":{"rendered":"<h2>Caracter\u00edsticas del producto<\/h2>\n<p>La cinta antideslizante de pl\u00e1stico de alta resistencia para neum\u00e1ticos de coche tiene las caracter\u00edsticas de anticorrosi\u00f3n, anti\u00e1cido, aislante, funci\u00f3n de parada, buena tenacidad, fuerte adherencia, autofijaci\u00f3n, no es f\u00e1cil de envejecer, fuerte resistencia al envejecimiento, etc. No s\u00f3lo mejora la seguridad de la conducci\u00f3n, sino que tambi\u00e9n es muy duradera, y la instalaci\u00f3n es muy conveniente, especialmente en d\u00edas de lluvia y nieve o en malas condiciones de la carretera.<\/p>\n<h2>M\u00e9todo de instalaci\u00f3n<\/h2>\n<p>Directamente perforar y apretar puede ser.<\/p>\n<h2>Otra descripci\u00f3n<\/h2>\n<p>El tama\u00f1o de la cadena antideslizante se puede ajustar mediante la correa resistente a la abrasi\u00f3n, que es adecuada para todo tipo de condiciones de la carretera.<br \/>\nApto para turismos, todoterrenos, veh\u00edculos comerciales y muchos otros mod<\/p>\n<p><img fetchpriority=\"high\" decoding=\"async\" class=\"alignnone wp-image-1249\" src=\"https:\/\/www.jy-electric.com\/wp-content\/uploads\/2024\/09\/Ties-Plastic-300x277.webp\" alt=\"Corbatas-Pl\u00e1stico\" width=\"488\" height=\"451\" srcset=\"https:\/\/www.jyiele.com\/wp-content\/uploads\/2024\/09\/Ties-Plastic-300x277.webp 300w, https:\/\/www.jyiele.com\/wp-content\/uploads\/2024\/09\/Ties-Plastic-13x12.webp 13w, https:\/\/www.jyiele.com\/wp-content\/uploads\/2024\/09\/Ties-Plastic-600x554.webp 600w, https:\/\/www.jyiele.com\/wp-content\/uploads\/2024\/09\/Ties-Plastic.webp 750w\" sizes=\"(max-width: 488px) 100vw, 488px\" \/><img decoding=\"async\" class=\"alignnone wp-image-1248\" style=\"font-weight: inherit;\" src=\"https:\/\/www.jy-electric.com\/wp-content\/uploads\/2024\/09\/Car-Tire-Anti-Slip-Heavy-Duty-Zip-Ties-221x300.webp\" alt=\"\" width=\"333\" height=\"452\" srcset=\"https:\/\/www.jyiele.com\/wp-content\/uploads\/2024\/09\/Car-Tire-Anti-Slip-Heavy-Duty-Zip-Ties-221x300.webp 221w, https:\/\/www.jyiele.com\/wp-content\/uploads\/2024\/09\/Car-Tire-Anti-Slip-Heavy-Duty-Zip-Ties-9x12.webp 9w, https:\/\/www.jyiele.com\/wp-content\/uploads\/2024\/09\/Car-Tire-Anti-Slip-Heavy-Duty-Zip-Ties-600x815.webp 600w, https:\/\/www.jyiele.com\/wp-content\/uploads\/2024\/09\/Car-Tire-Anti-Slip-Heavy-Duty-Zip-Ties.webp 750w\" sizes=\"(max-width: 333px) 100vw, 333px\" \/><img decoding=\"async\" class=\"alignnone wp-image-1247\" style=\"font-weight: inherit;\" src=\"https:\/\/www.jy-electric.com\/wp-content\/uploads\/2024\/09\/Zip-Ties-Plastic-175x300.webp\" alt=\"\" width=\"264\" height=\"452\" srcset=\"https:\/\/www.jyiele.com\/wp-content\/uploads\/2024\/09\/Zip-Ties-Plastic-175x300.webp 175w, https:\/\/www.jyiele.com\/wp-content\/uploads\/2024\/09\/Zip-Ties-Plastic-7x12.webp 7w\" sizes=\"(max-width: 264px) 100vw, 264px\" \/><\/p>\n<h2>PREGUNTAS FRECUENTES<\/h2>\n<p>P 1: \u00bfSon una f\u00e1brica o una empresa comercial?<br \/>\nR: Somos una f\u00e1brica, la compra directa de nosotros puede disfrutar del precio m\u00e1s barato, rentable.<\/p>\n<p>P 2: \u00bfC\u00f3mo garantizan la calidad de sus productos?<br \/>\nR: Comprobamos todos los productos 100% para garantizar la calidad.<\/p>\n<p>P 3: \u00bfCu\u00e1ndo recibir\u00e9 un presupuesto?<br \/>\nR: En general, le daremos un presupuesto en un plazo de 24 horas tras recibir su consulta.<\/p>\n<p>P 4: \u00bfC\u00f3mo puedo obtener muestras?<br \/>\nR: Si no encuentra nuestros productos en su zona, podemos enviarle muestras. Usted necesita pagar la tarifa de la muestra y el coste de env\u00edo.<\/p>","protected":false},"excerpt":{"rendered":"<p>Nombre del producto: Neum\u00e1tico de coche antideslizante de alta resistencia Zip Ties pl\u00e1stico<br \/>\nMarca\uff1aJYIELE<br \/>\nMaterial: nailon 66 nuevo<br \/>\nTama\u00f1o: 12*900 MM<br \/>\nAnchura: 175-195 MM<br \/>\nPeso: 0,8 kg<br \/>\nTama\u00f1o de rueda aplicable: 14-24 pulgadas (no aplicable a ruedas de cami\u00f3n y ruedas de tambor)<br \/>\nTemperatura de funcionamiento: de -35\u00b0C a 85\u00b0C<br \/>\nColor: natural, negro, color personalizado<br \/>\nClasificaci\u00f3n al fuego: UL94V-2<br \/>\nCertificaci\u00f3n: ISO9001, CE, ROHS<br \/>\nGarant\u00eda: Un a\u00f1o<br \/>\nUso: Evitar el deslizamiento de los neum\u00e1ticos en carreteras con lluvia y nieve.<br \/>\nMuestra: Muestra gratuita<br \/>\nOEM: Asistencia<\/p>","protected":false},"featured_media":1245,"template":"","meta":{"site-sidebar-layout":"default","site-content-layout":"","ast-site-content-layout":"default","site-content-style":"default","site-sidebar-style":"default","ast-global-header-display":"","ast-banner-title-visibility":"","ast-main-header-display":"","ast-hfb-above-header-display":"","ast-hfb-below-header-display":"","ast-hfb-mobile-header-display":"","site-post-title":"","ast-breadcrumbs-content":"","ast-featured-img":"","footer-sml-layout":"","theme-transparent-header-meta":"default","adv-header-id-meta":"","stick-header-meta":"","header-above-stick-meta":"","header-main-stick-meta":"","header-below-stick-meta":"","astra-migrate-meta-layouts":"set","ast-page-background-enabled":"default","ast-page-background-meta":{"desktop":{"background-color":"var(--ast-global-color-4)","background-image":"","background-repeat":"repeat","background-position":"center center","background-size":"auto","background-attachment":"scroll","background-type":"","background-media":"","overlay-type":"","overlay-color":"","overlay-opacity":"","overlay-gradient":""},"tablet":{"background-color":"","background-image":"","background-repeat":"repeat","background-position":"center center","background-size":"auto","background-attachment":"scroll","background-type":"","background-media":"","overlay-type":"","overlay-color":"","overlay-opacity":"","overlay-gradient":""},"mobile":{"background-color":"","background-image":"","background-repeat":"repeat","background-position":"center center","background-size":"auto","background-attachment":"scroll","background-type":"","background-media":"","overlay-type":"","overlay-color":"","overlay-opacity":"","overlay-gradient":""}},"ast-content-background-meta":{"desktop":{"background-color":"var(--ast-global-color-5)","background-image":"","background-repeat":"repeat","background-position":"center center","background-size":"auto","background-attachment":"scroll","background-type":"","background-media":"","overlay-type":"","overlay-color":"","overlay-opacity":"","overlay-gradient":""},"tablet":{"background-color":"var(--ast-global-color-5)","background-image":"","background-repeat":"repeat","background-position":"center center","background-size":"auto","background-attachment":"scroll","background-type":"","background-media":"","overlay-type":"","overlay-color":"","overlay-opacity":"","overlay-gradient":""},"mobile":{"background-color":"var(--ast-global-color-5)","background-image":"","background-repeat":"repeat","background-position":"center center","background-size":"auto","background-attachment":"scroll","background-type":"","background-media":"","overlay-type":"","overlay-color":"","overlay-opacity":"","overlay-gradient":""}}},"product_brand":[],"product_cat":[20],"product_tag":[],"class_list":{"0":"post-1244","1":"product","2":"type-product","3":"status-publish","4":"has-post-thumbnail","6":"product_cat-zip-ties","7":"desktop-align-left","8":"tablet-align-left","9":"mobile-align-left","11":"first","12":"instock","13":"shipping-taxable","14":"product-type-simple"},"yoast_head":"<!-- This site is optimized with the Yoast SEO plugin v24.8.1 - https:\/\/yoast.com\/wordpress\/plugins\/seo\/ -->\n<title>Car Tire Anti-Slip Heavy Duty Zip Ties Plastic from China manufacturer - JYIELE Electric<\/title>\n<meta name=\"description\" content=\"Car Tire Anti-Slip Heavy Duty Zip Ties Plastic offered by China manufacturer JYIELE Electric Manufacture. Buy Zip Ties directly with low price and high quality.\" \/>\n<meta name=\"robots\" content=\"index, follow, max-snippet:-1, max-image-preview:large, max-video-preview:-1\" \/>\n<link rel=\"canonical\" href=\"https:\/\/www.jyiele.com\/es\/product\/car-tire-anti-slip-heavy-duty-zip-ties-plastic\/\" \/>\n<meta property=\"og:locale\" content=\"es_ES\" \/>\n<meta property=\"og:type\" content=\"article\" \/>\n<meta property=\"og:title\" content=\"Car Tire Anti-Slip Heavy Duty Zip Ties Plastic from China manufacturer - JYIELE Electric\" \/>\n<meta property=\"og:description\" content=\"Car Tire Anti-Slip Heavy Duty Zip Ties Plastic offered by China manufacturer JYIELE Electric Manufacture. Buy Zip Ties directly with low price and high quality.\" \/>\n<meta property=\"og:url\" content=\"https:\/\/www.jyiele.com\/es\/product\/car-tire-anti-slip-heavy-duty-zip-ties-plastic\/\" \/>\n<meta property=\"og:site_name\" content=\"JYIELE\" \/>\n<meta property=\"article:modified_time\" content=\"2024-09-22T06:02:33+00:00\" \/>\n<meta property=\"og:image\" content=\"https:\/\/www.jyiele.com\/wp-content\/uploads\/2024\/09\/Car-Tire-Anti-Slip-Heavy-Duty-Zip-Ties-Plastic.webp\" \/>\n\t<meta property=\"og:image:width\" content=\"800\" \/>\n\t<meta property=\"og:image:height\" content=\"800\" \/>\n\t<meta property=\"og:image:type\" content=\"image\/webp\" \/>\n<meta name=\"twitter:card\" content=\"summary_large_image\" \/>\n<meta name=\"twitter:label1\" content=\"Tiempo de lectura\" \/>\n\t<meta name=\"twitter:data1\" content=\"2 minutos\" \/>\n<script type=\"application\/ld+json\" class=\"yoast-schema-graph\">{\"@context\":\"https:\/\/schema.org\",\"@graph\":[{\"@type\":\"WebPage\",\"@id\":\"https:\/\/www.jyiele.com\/product\/car-tire-anti-slip-heavy-duty-zip-ties-plastic\/\",\"url\":\"https:\/\/www.jyiele.com\/product\/car-tire-anti-slip-heavy-duty-zip-ties-plastic\/\",\"name\":\"Car Tire Anti-Slip Heavy Duty Zip Ties Plastic from China manufacturer - JYIELE Electric\",\"isPartOf\":{\"@id\":\"https:\/\/www.jyiele.com\/#website\"},\"primaryImageOfPage\":{\"@id\":\"https:\/\/www.jyiele.com\/product\/car-tire-anti-slip-heavy-duty-zip-ties-plastic\/#primaryimage\"},\"image\":{\"@id\":\"https:\/\/www.jyiele.com\/product\/car-tire-anti-slip-heavy-duty-zip-ties-plastic\/#primaryimage\"},\"thumbnailUrl\":\"https:\/\/www.jyiele.com\/wp-content\/uploads\/2024\/09\/Car-Tire-Anti-Slip-Heavy-Duty-Zip-Ties-Plastic.webp\",\"datePublished\":\"2020-03-07T06:44:57+00:00\",\"dateModified\":\"2024-09-22T06:02:33+00:00\",\"description\":\"Car Tire Anti-Slip Heavy Duty Zip Ties Plastic offered by China manufacturer JYIELE Electric Manufacture. Buy Zip Ties directly with low price and high quality.\",\"breadcrumb\":{\"@id\":\"https:\/\/www.jyiele.com\/product\/car-tire-anti-slip-heavy-duty-zip-ties-plastic\/#breadcrumb\"},\"inLanguage\":\"es\",\"potentialAction\":[{\"@type\":\"ReadAction\",\"target\":[\"https:\/\/www.jyiele.com\/product\/car-tire-anti-slip-heavy-duty-zip-ties-plastic\/\"]}]},{\"@type\":\"ImageObject\",\"inLanguage\":\"es\",\"@id\":\"https:\/\/www.jyiele.com\/product\/car-tire-anti-slip-heavy-duty-zip-ties-plastic\/#primaryimage\",\"url\":\"https:\/\/www.jyiele.com\/wp-content\/uploads\/2024\/09\/Car-Tire-Anti-Slip-Heavy-Duty-Zip-Ties-Plastic.webp\",\"contentUrl\":\"https:\/\/www.jyiele.com\/wp-content\/uploads\/2024\/09\/Car-Tire-Anti-Slip-Heavy-Duty-Zip-Ties-Plastic.webp\",\"width\":800,\"height\":800,\"caption\":\"Car-Tire-Anti-Slip-Heavy-Duty-Zip-Ties-Plastic\"},{\"@type\":\"BreadcrumbList\",\"@id\":\"https:\/\/www.jyiele.com\/product\/car-tire-anti-slip-heavy-duty-zip-ties-plastic\/#breadcrumb\",\"itemListElement\":[{\"@type\":\"ListItem\",\"position\":1,\"name\":\"Home\",\"item\":\"https:\/\/www.jyiele.com\/\"},{\"@type\":\"ListItem\",\"position\":2,\"name\":\"Product\",\"item\":\"https:\/\/www.jyiele.com\/product\/\"},{\"@type\":\"ListItem\",\"position\":3,\"name\":\"Zip Ties\",\"item\":\"https:\/\/www.jyiele.com\/de\/product-category\/zip-ties\/\"},{\"@type\":\"ListItem\",\"position\":4,\"name\":\"Car Tire Anti-Slip Heavy Duty Zip Ties Plastic\"}]},{\"@type\":\"WebSite\",\"@id\":\"https:\/\/www.jyiele.com\/#website\",\"url\":\"https:\/\/www.jyiele.com\/\",\"name\":\"JYIELE\",\"description\":\"Vacuum Circuit Breaker manufacturer\",\"publisher\":{\"@id\":\"https:\/\/www.jyiele.com\/#organization\"},\"potentialAction\":[{\"@type\":\"SearchAction\",\"target\":{\"@type\":\"EntryPoint\",\"urlTemplate\":\"https:\/\/www.jyiele.com\/?s={search_term_string}\"},\"query-input\":{\"@type\":\"PropertyValueSpecification\",\"valueRequired\":true,\"valueName\":\"search_term_string\"}}],\"inLanguage\":\"es\"},{\"@type\":\"Organization\",\"@id\":\"https:\/\/www.jyiele.com\/#organization\",\"name\":\"JYIELE\",\"url\":\"https:\/\/www.jyiele.com\/\",\"logo\":{\"@type\":\"ImageObject\",\"inLanguage\":\"es\",\"@id\":\"https:\/\/www.jyiele.com\/#\/schema\/logo\/image\/\",\"url\":\"https:\/\/www.jyiele.com\/wp-content\/uploads\/2024\/09\/cropped-jyele-1.webp\",\"contentUrl\":\"https:\/\/www.jyiele.com\/wp-content\/uploads\/2024\/09\/cropped-jyele-1.webp\",\"width\":137,\"height\":60,\"caption\":\"JYIELE\"},\"image\":{\"@id\":\"https:\/\/www.jyiele.com\/#\/schema\/logo\/image\/\"}}]}<\/script>\n<!-- \/ Yoast SEO plugin. -->","yoast_head_json":{"title":"Neum\u00e1tico de coche antideslizante Heavy Duty Zip Ties pl\u00e1stico de China fabricante - JYIELE Electric","description":"Neum\u00e1tico de coche antideslizante Heavy Duty Zip Ties pl\u00e1stico ofrecido por el fabricante de China JYIELE Electric Manufacture. Comprar directamente Zip Ties con precio bajo y alta calidad.","robots":{"index":"index","follow":"follow","max-snippet":"max-snippet:-1","max-image-preview":"max-image-preview:large","max-video-preview":"max-video-preview:-1"},"canonical":"https:\/\/www.jyiele.com\/es\/product\/car-tire-anti-slip-heavy-duty-zip-ties-plastic\/","og_locale":"es_ES","og_type":"article","og_title":"Car Tire Anti-Slip Heavy Duty Zip Ties Plastic from China manufacturer - JYIELE Electric","og_description":"Car Tire Anti-Slip Heavy Duty Zip Ties Plastic offered by China manufacturer JYIELE Electric Manufacture. Buy Zip Ties directly with low price and high quality.","og_url":"https:\/\/www.jyiele.com\/es\/product\/car-tire-anti-slip-heavy-duty-zip-ties-plastic\/","og_site_name":"JYIELE","article_modified_time":"2024-09-22T06:02:33+00:00","og_image":[{"width":800,"height":800,"url":"https:\/\/www.jyiele.com\/wp-content\/uploads\/2024\/09\/Car-Tire-Anti-Slip-Heavy-Duty-Zip-Ties-Plastic.webp","type":"image\/webp"}],"twitter_card":"summary_large_image","twitter_misc":{"Tiempo de lectura":"2 minutos"},"schema":{"@context":"https:\/\/schema.org","@graph":[{"@type":"WebPage","@id":"https:\/\/www.jyiele.com\/product\/car-tire-anti-slip-heavy-duty-zip-ties-plastic\/","url":"https:\/\/www.jyiele.com\/product\/car-tire-anti-slip-heavy-duty-zip-ties-plastic\/","name":"Neum\u00e1tico de coche antideslizante Heavy Duty Zip Ties pl\u00e1stico de China fabricante - JYIELE Electric","isPartOf":{"@id":"https:\/\/www.jyiele.com\/#website"},"primaryImageOfPage":{"@id":"https:\/\/www.jyiele.com\/product\/car-tire-anti-slip-heavy-duty-zip-ties-plastic\/#primaryimage"},"image":{"@id":"https:\/\/www.jyiele.com\/product\/car-tire-anti-slip-heavy-duty-zip-ties-plastic\/#primaryimage"},"thumbnailUrl":"https:\/\/www.jyiele.com\/wp-content\/uploads\/2024\/09\/Car-Tire-Anti-Slip-Heavy-Duty-Zip-Ties-Plastic.webp","datePublished":"2020-03-07T06:44:57+00:00","dateModified":"2024-09-22T06:02:33+00:00","description":"Neum\u00e1tico de coche antideslizante Heavy Duty Zip Ties pl\u00e1stico ofrecido por el fabricante de China JYIELE Electric Manufacture. Comprar directamente Zip Ties con precio bajo y alta calidad.","breadcrumb":{"@id":"https:\/\/www.jyiele.com\/product\/car-tire-anti-slip-heavy-duty-zip-ties-plastic\/#breadcrumb"},"inLanguage":"es","potentialAction":[{"@type":"ReadAction","target":["https:\/\/www.jyiele.com\/product\/car-tire-anti-slip-heavy-duty-zip-ties-plastic\/"]}]},{"@type":"ImageObject","inLanguage":"es","@id":"https:\/\/www.jyiele.com\/product\/car-tire-anti-slip-heavy-duty-zip-ties-plastic\/#primaryimage","url":"https:\/\/www.jyiele.com\/wp-content\/uploads\/2024\/09\/Car-Tire-Anti-Slip-Heavy-Duty-Zip-Ties-Plastic.webp","contentUrl":"https:\/\/www.jyiele.com\/wp-content\/uploads\/2024\/09\/Car-Tire-Anti-Slip-Heavy-Duty-Zip-Ties-Plastic.webp","width":800,"height":800,"caption":"Car-Tire-Anti-Slip-Heavy-Duty-Zip-Ties-Plastic"},{"@type":"BreadcrumbList","@id":"https:\/\/www.jyiele.com\/product\/car-tire-anti-slip-heavy-duty-zip-ties-plastic\/#breadcrumb","itemListElement":[{"@type":"ListItem","position":1,"name":"Home","item":"https:\/\/www.jyiele.com\/"},{"@type":"ListItem","position":2,"name":"Product","item":"https:\/\/www.jyiele.com\/product\/"},{"@type":"ListItem","position":3,"name":"Zip Ties","item":"https:\/\/www.jyiele.com\/de\/product-category\/zip-ties\/"},{"@type":"ListItem","position":4,"name":"Car Tire Anti-Slip Heavy Duty Zip Ties Plastic"}]},{"@type":"WebSite","@id":"https:\/\/www.jyiele.com\/#website","url":"https:\/\/www.jyiele.com\/","name":"JYIELE","description":"Fabricante de disyuntores de vac\u00edo","publisher":{"@id":"https:\/\/www.jyiele.com\/#organization"},"potentialAction":[{"@type":"SearchAction","target":{"@type":"EntryPoint","urlTemplate":"https:\/\/www.jyiele.com\/?s={search_term_string}"},"query-input":{"@type":"PropertyValueSpecification","valueRequired":true,"valueName":"search_term_string"}}],"inLanguage":"es"},{"@type":"Organization","@id":"https:\/\/www.jyiele.com\/#organization","name":"JYIELE","url":"https:\/\/www.jyiele.com\/","logo":{"@type":"ImageObject","inLanguage":"es","@id":"https:\/\/www.jyiele.com\/#\/schema\/logo\/image\/","url":"https:\/\/www.jyiele.com\/wp-content\/uploads\/2024\/09\/cropped-jyele-1.webp","contentUrl":"https:\/\/www.jyiele.com\/wp-content\/uploads\/2024\/09\/cropped-jyele-1.webp","width":137,"height":60,"caption":"JYIELE"},"image":{"@id":"https:\/\/www.jyiele.com\/#\/schema\/logo\/image\/"}}]}},"_links":{"self":[{"href":"https:\/\/www.jyiele.com\/es\/wp-json\/wp\/v2\/product\/1244","targetHints":{"allow":["GET"]}}],"collection":[{"href":"https:\/\/www.jyiele.com\/es\/wp-json\/wp\/v2\/product"}],"about":[{"href":"https:\/\/www.jyiele.com\/es\/wp-json\/wp\/v2\/types\/product"}],"version-history":[{"count":1,"href":"https:\/\/www.jyiele.com\/es\/wp-json\/wp\/v2\/product\/1244\/revisions"}],"predecessor-version":[{"id":1246,"href":"https:\/\/www.jyiele.com\/es\/wp-json\/wp\/v2\/product\/1244\/revisions\/1246"}],"wp:featuredmedia":[{"embeddable":true,"href":"https:\/\/www.jyiele.com\/es\/wp-json\/wp\/v2\/media\/1245"}],"wp:attachment":[{"href":"https:\/\/www.jyiele.com\/es\/wp-json\/wp\/v2\/media?parent=1244"}],"wp:term":[{"taxonomy":"product_brand","embeddable":true,"href":"https:\/\/www.jyiele.com\/es\/wp-json\/wp\/v2\/product_brand?post=1244"},{"taxonomy":"product_cat","embeddable":true,"href":"https:\/\/www.jyiele.com\/es\/wp-json\/wp\/v2\/product_cat?post=1244"},{"taxonomy":"product_tag","embeddable":true,"href":"https:\/\/www.jyiele.com\/es\/wp-json\/wp\/v2\/product_tag?post=1244"}],"curies":[{"name":"wp","href":"https:\/\/api.w.org\/{rel}","templated":true}]}}