{"id":1253,"date":"2024-11-01T08:09:42","date_gmt":"2024-11-01T08:09:42","guid":{"rendered":"https:\/\/www.jy-electric.com\/?post_type=product&#038;p=1253"},"modified":"2025-03-09T11:43:55","modified_gmt":"2025-03-09T11:43:55","slug":"ip68-plastic-mc4-solar-connectors-1500v-dc","status":"publish","type":"product","link":"https:\/\/www.jyiele.com\/es\/product\/ip68-plastic-mc4-solar-connectors-1500v-dc\/","title":{"rendered":"Conectores solares MC4 de pl\u00e1stico IP68 1500V CC"},"content":{"rendered":"<h2>Parte de conexi\u00f3n<\/h2>\n<p>Utilice cobre esta\u00f1ado para obtener una buena conductividad y una baja resistencia de contacto.<br \/>\nNo se oxida ni se oxida f\u00e1cilmente.<\/p>\n<h2>Concha<\/h2>\n<p>Se utiliza pl\u00e1stico PPO, resistente a altas temperaturas, ign\u00edfugo, tambi\u00e9n resistente al desgaste y a la suciedad.<\/p>\n<h2>Utiliza<\/h2>\n<p>Adecuado para sistemas de energ\u00eda fotovoltaica (solar).<\/p>\n<h2>Ventajas del producto<\/h2>\n<p>CONDUCTIVIDAD PREMIUM: El material de cobre esta\u00f1ado se utiliza para proporcionar una excelente conductividad, garantizando una baja resistencia de contacto y una transmisi\u00f3n de corriente m\u00e1s estable.<\/p>\n<p>Gran durabilidad: La carcasa est\u00e1 hecha de pl\u00e1stico PPO, que no s\u00f3lo es resistente a altas temperaturas y retardante de llama, sino que tambi\u00e9n tiene una excelente resistencia a la abrasi\u00f3n y la contaminaci\u00f3n, por lo que es adecuado para una variedad de entornos dif\u00edciles.<\/p>\n<p>Protecci\u00f3n avanzada: El dise\u00f1o de protecci\u00f3n con clasificaci\u00f3n IP68 evita eficazmente la intrusi\u00f3n de agua y polvo, lo que garantiza que el conector pueda mantener un buen rendimiento incluso cuando se utiliza en exteriores.<\/p>\n<p>Amplia gama de temperaturas de funcionamiento: Capaz de funcionar con normalidad en un amplio rango de temperaturas de -40 \u00b0C a 90 \u00b0C, adapt\u00e1ndose a una gran variedad de condiciones clim\u00e1ticas extremas.<\/p>\n<p>Alta seguridad: La clasificaci\u00f3n ign\u00edfuga hasta UL94V-0 aumenta la seguridad de uso y reduce el riesgo de incendio.<\/p>\n<p>Especificaciones de tensi\u00f3n y corriente flexibles: Soporta 1000V (1500V) de tensi\u00f3n continua y 30A o 50A de corriente para satisfacer las necesidades de diferentes sistemas solares.<\/p>\n<p>F\u00e1cil instalaci\u00f3n: El m\u00e9todo de conexi\u00f3n de engarce est\u00e1 dise\u00f1ado para una instalaci\u00f3n r\u00e1pida y sencilla, garantizando una conexi\u00f3n el\u00e9ctrica fiable.<\/p>\n<h2>Detalle<\/h2>\n<div class=\"bot_con\">\n<div class=\"des show\">\n<figure class=\"wp-block-table\">\n<div class=\"scroll\">\n<table>\n<tbody>\n<tr>\n<td>Lugar de origen<\/td>\n<td>Zhejiang, China<\/td>\n<\/tr>\n<tr>\n<td>N\u00famero de modelo<\/td>\n<td>RMC4.0-03A<\/td>\n<\/tr>\n<tr>\n<td>Color<\/td>\n<td>Negro<\/td>\n<\/tr>\n<tr>\n<td>Tensi\u00f3n nominal<\/td>\n<td>1000 V CC<\/td>\n<\/tr>\n<tr>\n<td>Corriente nominal<\/td>\n<td>30A<\/td>\n<\/tr>\n<tr>\n<td>Material aislante<\/td>\n<td>PPO<\/td>\n<\/tr>\n<tr>\n<td>Especificaciones del cable<\/td>\n<td>2,5mm\u00b2-6,0mm\u00b2 14AWG-10AWG<\/td>\n<\/tr>\n<tr>\n<td>Dimensi\u00f3n de la clavija<\/td>\n<td>4,0 mm<\/td>\n<\/tr>\n<tr>\n<td>Tensi\u00f3n de prueba<\/td>\n<td>6000V CA(1Min) 2200V CC(1Min)<\/td>\n<\/tr>\n<tr>\n<td>Temperatura<\/td>\n<td>-40\u2103 ~ +90\u2103<\/td>\n<\/tr>\n<tr>\n<td>Material de contacto<\/td>\n<td>Cobre,Esta\u00f1ado<\/td>\n<\/tr>\n<tr>\n<td>Grado de protecci\u00f3n<\/td>\n<td>IP67<\/td>\n<\/tr>\n<tr>\n<td>Fuerza de retracci\u00f3n\/temperatura<\/td>\n<td>\u226550N\/\u2264 50N<\/td>\n<\/tr>\n<\/tbody>\n<\/table>\n<\/div>\n<\/figure>\n<\/div>\n<\/div>","protected":false},"excerpt":{"rendered":"<p>Color: Negro<br \/>\nTensi\u00f3n nominal: 1000 V (1500 V tambi\u00e9n disponible)<br \/>\nCorriente nominal: 30A o 50A<br \/>\nGrado de protecci\u00f3n: IP67 (resistente al agua y al polvo)<br \/>\nResistencia de contacto: \u22641m\u03a9<br \/>\nTemperatura de funcionamiento: -40\u2103 a 90<br \/>\nMaterial de los contactos: cobre esta\u00f1ado<br \/>\nM\u00e9todo de conexi\u00f3n: engarzado<br \/>\nGrado ign\u00edfugo: UL94V-0<\/p>","protected":false},"featured_media":1255,"template":"","meta":{"site-sidebar-layout":"default","site-content-layout":"","ast-site-content-layout":"default","site-content-style":"default","site-sidebar-style":"default","ast-global-header-display":"","ast-banner-title-visibility":"","ast-main-header-display":"","ast-hfb-above-header-display":"","ast-hfb-below-header-display":"","ast-hfb-mobile-header-display":"","site-post-title":"","ast-breadcrumbs-content":"","ast-featured-img":"","footer-sml-layout":"","ast-disable-related-posts":"","theme-transparent-header-meta":"default","adv-header-id-meta":"","stick-header-meta":"","header-above-stick-meta":"","header-main-stick-meta":"","header-below-stick-meta":"","astra-migrate-meta-layouts":"set","ast-page-background-enabled":"default","ast-page-background-meta":{"desktop":{"background-color":"var(--ast-global-color-4)","background-image":"","background-repeat":"repeat","background-position":"center center","background-size":"auto","background-attachment":"scroll","background-type":"","background-media":"","overlay-type":"","overlay-color":"","overlay-opacity":"","overlay-gradient":""},"tablet":{"background-color":"","background-image":"","background-repeat":"repeat","background-position":"center center","background-size":"auto","background-attachment":"scroll","background-type":"","background-media":"","overlay-type":"","overlay-color":"","overlay-opacity":"","overlay-gradient":""},"mobile":{"background-color":"","background-image":"","background-repeat":"repeat","background-position":"center center","background-size":"auto","background-attachment":"scroll","background-type":"","background-media":"","overlay-type":"","overlay-color":"","overlay-opacity":"","overlay-gradient":""}},"ast-content-background-meta":{"desktop":{"background-color":"var(--ast-global-color-5)","background-image":"","background-repeat":"repeat","background-position":"center center","background-size":"auto","background-attachment":"scroll","background-type":"","background-media":"","overlay-type":"","overlay-color":"","overlay-opacity":"","overlay-gradient":""},"tablet":{"background-color":"var(--ast-global-color-5)","background-image":"","background-repeat":"repeat","background-position":"center center","background-size":"auto","background-attachment":"scroll","background-type":"","background-media":"","overlay-type":"","overlay-color":"","overlay-opacity":"","overlay-gradient":""},"mobile":{"background-color":"var(--ast-global-color-5)","background-image":"","background-repeat":"repeat","background-position":"center center","background-size":"auto","background-attachment":"scroll","background-type":"","background-media":"","overlay-type":"","overlay-color":"","overlay-opacity":"","overlay-gradient":""}}},"product_brand":[],"product_cat":[19],"product_tag":[40],"class_list":{"0":"post-1253","1":"product","2":"type-product","3":"status-publish","4":"has-post-thumbnail","6":"product_cat-mc4-connector","7":"product_tag-mc4-solar-connector","8":"desktop-align-left","9":"tablet-align-left","10":"mobile-align-left","12":"first","13":"instock","14":"shipping-taxable","15":"product-type-simple"},"yoast_head":"<!-- This site is optimized with the Yoast SEO plugin v24.8.1 - https:\/\/yoast.com\/wordpress\/plugins\/seo\/ -->\n<title>China IP68 Plastic MC4 Solar Connectors 1500V DC Suppliers - JYIELE<\/title>\n<meta name=\"description\" content=\"JYIELE\u2018s IP68 Plastic MC4 Solar Connectors 1500V DCJYIELE&#039;s IP68 Plastic MC4 Solar Connectors 1500V DC are designed for high performance in solar energy systems, with high safety and reliability, conforming to international certification standards.\" \/>\n<meta name=\"robots\" content=\"index, follow, max-snippet:-1, max-image-preview:large, max-video-preview:-1\" \/>\n<link rel=\"canonical\" href=\"https:\/\/www.jyiele.com\/es\/product\/ip68-plastic-mc4-solar-connectors-1500v-dc\/\" \/>\n<meta property=\"og:locale\" content=\"es_ES\" \/>\n<meta property=\"og:type\" content=\"article\" \/>\n<meta property=\"og:title\" content=\"China IP68 Plastic MC4 Solar Connectors 1500V DC Suppliers - JYIELE\" \/>\n<meta property=\"og:description\" content=\"JYIELE\u2018s IP68 Plastic MC4 Solar Connectors 1500V DCJYIELE&#039;s IP68 Plastic MC4 Solar Connectors 1500V DC are designed for high performance in solar energy systems, with high safety and reliability, conforming to international certification standards.\" \/>\n<meta property=\"og:url\" content=\"https:\/\/www.jyiele.com\/es\/product\/ip68-plastic-mc4-solar-connectors-1500v-dc\/\" \/>\n<meta property=\"og:site_name\" content=\"JYIELE\" \/>\n<meta property=\"article:modified_time\" content=\"2025-03-09T11:43:55+00:00\" \/>\n<meta property=\"og:image\" content=\"https:\/\/www.jyiele.com\/wp-content\/uploads\/2024\/09\/IP68-Plastic-MC4-Solar-Connectors.webp\" \/>\n\t<meta property=\"og:image:width\" content=\"800\" \/>\n\t<meta property=\"og:image:height\" content=\"800\" \/>\n\t<meta property=\"og:image:type\" content=\"image\/webp\" \/>\n<meta name=\"twitter:card\" content=\"summary_large_image\" \/>\n<meta name=\"twitter:label1\" content=\"Tiempo de lectura\" \/>\n\t<meta name=\"twitter:data1\" content=\"2 minutos\" \/>\n<script type=\"application\/ld+json\" class=\"yoast-schema-graph\">{\"@context\":\"https:\/\/schema.org\",\"@graph\":[{\"@type\":\"WebPage\",\"@id\":\"https:\/\/www.jyiele.com\/product\/ip68-plastic-mc4-solar-connectors-1500v-dc\/\",\"url\":\"https:\/\/www.jyiele.com\/product\/ip68-plastic-mc4-solar-connectors-1500v-dc\/\",\"name\":\"China IP68 Plastic MC4 Solar Connectors 1500V DC Suppliers - JYIELE\",\"isPartOf\":{\"@id\":\"https:\/\/www.jyiele.com\/#website\"},\"primaryImageOfPage\":{\"@id\":\"https:\/\/www.jyiele.com\/product\/ip68-plastic-mc4-solar-connectors-1500v-dc\/#primaryimage\"},\"image\":{\"@id\":\"https:\/\/www.jyiele.com\/product\/ip68-plastic-mc4-solar-connectors-1500v-dc\/#primaryimage\"},\"thumbnailUrl\":\"https:\/\/www.jyiele.com\/wp-content\/uploads\/2024\/09\/IP68-Plastic-MC4-Solar-Connectors.webp\",\"datePublished\":\"2024-11-01T08:09:42+00:00\",\"dateModified\":\"2025-03-09T11:43:55+00:00\",\"description\":\"JYIELE\u2018s IP68 Plastic MC4 Solar Connectors 1500V DCJYIELE's IP68 Plastic MC4 Solar Connectors 1500V DC are designed for high performance in solar energy systems, with high safety and reliability, conforming to international certification standards.\",\"breadcrumb\":{\"@id\":\"https:\/\/www.jyiele.com\/product\/ip68-plastic-mc4-solar-connectors-1500v-dc\/#breadcrumb\"},\"inLanguage\":\"es\",\"potentialAction\":[{\"@type\":\"ReadAction\",\"target\":[\"https:\/\/www.jyiele.com\/product\/ip68-plastic-mc4-solar-connectors-1500v-dc\/\"]}]},{\"@type\":\"ImageObject\",\"inLanguage\":\"es\",\"@id\":\"https:\/\/www.jyiele.com\/product\/ip68-plastic-mc4-solar-connectors-1500v-dc\/#primaryimage\",\"url\":\"https:\/\/www.jyiele.com\/wp-content\/uploads\/2024\/09\/IP68-Plastic-MC4-Solar-Connectors.webp\",\"contentUrl\":\"https:\/\/www.jyiele.com\/wp-content\/uploads\/2024\/09\/IP68-Plastic-MC4-Solar-Connectors.webp\",\"width\":800,\"height\":800,\"caption\":\"IP68 Plastic MC4 Solar Connectors\"},{\"@type\":\"BreadcrumbList\",\"@id\":\"https:\/\/www.jyiele.com\/product\/ip68-plastic-mc4-solar-connectors-1500v-dc\/#breadcrumb\",\"itemListElement\":[{\"@type\":\"ListItem\",\"position\":1,\"name\":\"Home\",\"item\":\"https:\/\/www.jyiele.com\/\"},{\"@type\":\"ListItem\",\"position\":2,\"name\":\"Product\",\"item\":\"https:\/\/www.jyiele.com\/product\/\"},{\"@type\":\"ListItem\",\"position\":3,\"name\":\"MC4 Connector\",\"item\":\"https:\/\/www.jyiele.com\/product-category\/mc4-connector\/\"},{\"@type\":\"ListItem\",\"position\":4,\"name\":\"IP68 Plastic MC4 Solar Connectors 1500V DC\"}]},{\"@type\":\"WebSite\",\"@id\":\"https:\/\/www.jyiele.com\/#website\",\"url\":\"https:\/\/www.jyiele.com\/\",\"name\":\"JYIELE\",\"description\":\"Vacuum Circuit Breaker manufacturer\",\"publisher\":{\"@id\":\"https:\/\/www.jyiele.com\/#organization\"},\"potentialAction\":[{\"@type\":\"SearchAction\",\"target\":{\"@type\":\"EntryPoint\",\"urlTemplate\":\"https:\/\/www.jyiele.com\/?s={search_term_string}\"},\"query-input\":{\"@type\":\"PropertyValueSpecification\",\"valueRequired\":true,\"valueName\":\"search_term_string\"}}],\"inLanguage\":\"es\"},{\"@type\":\"Organization\",\"@id\":\"https:\/\/www.jyiele.com\/#organization\",\"name\":\"JYIELE\",\"url\":\"https:\/\/www.jyiele.com\/\",\"logo\":{\"@type\":\"ImageObject\",\"inLanguage\":\"es\",\"@id\":\"https:\/\/www.jyiele.com\/#\/schema\/logo\/image\/\",\"url\":\"https:\/\/www.jyiele.com\/wp-content\/uploads\/2024\/09\/cropped-jyele-1.webp\",\"contentUrl\":\"https:\/\/www.jyiele.com\/wp-content\/uploads\/2024\/09\/cropped-jyele-1.webp\",\"width\":137,\"height\":60,\"caption\":\"JYIELE\"},\"image\":{\"@id\":\"https:\/\/www.jyiele.com\/#\/schema\/logo\/image\/\"}}]}<\/script>\n<!-- \/ Yoast SEO plugin. -->","yoast_head_json":{"title":"China IP68 pl\u00e1stico MC4 conectores solares 1500V DC Proveedores - JYIELE","description":"JYIELE's IP68 Plastic MC4 Solar Connectors 1500V DCJYIELE's IP68 Plastic MC4 Solar Connectors 1500V DC est\u00e1n dise\u00f1ados para un alto rendimiento en sistemas de energ\u00eda solar, con alta seguridad y fiabilidad, conforme a las normas internacionales de certificaci\u00f3n.","robots":{"index":"index","follow":"follow","max-snippet":"max-snippet:-1","max-image-preview":"max-image-preview:large","max-video-preview":"max-video-preview:-1"},"canonical":"https:\/\/www.jyiele.com\/es\/product\/ip68-plastic-mc4-solar-connectors-1500v-dc\/","og_locale":"es_ES","og_type":"article","og_title":"China IP68 Plastic MC4 Solar Connectors 1500V DC Suppliers - JYIELE","og_description":"JYIELE\u2018s IP68 Plastic MC4 Solar Connectors 1500V DCJYIELE's IP68 Plastic MC4 Solar Connectors 1500V DC are designed for high performance in solar energy systems, with high safety and reliability, conforming to international certification standards.","og_url":"https:\/\/www.jyiele.com\/es\/product\/ip68-plastic-mc4-solar-connectors-1500v-dc\/","og_site_name":"JYIELE","article_modified_time":"2025-03-09T11:43:55+00:00","og_image":[{"width":800,"height":800,"url":"https:\/\/www.jyiele.com\/wp-content\/uploads\/2024\/09\/IP68-Plastic-MC4-Solar-Connectors.webp","type":"image\/webp"}],"twitter_card":"summary_large_image","twitter_misc":{"Tiempo de lectura":"2 minutos"},"schema":{"@context":"https:\/\/schema.org","@graph":[{"@type":"WebPage","@id":"https:\/\/www.jyiele.com\/product\/ip68-plastic-mc4-solar-connectors-1500v-dc\/","url":"https:\/\/www.jyiele.com\/product\/ip68-plastic-mc4-solar-connectors-1500v-dc\/","name":"China IP68 pl\u00e1stico MC4 conectores solares 1500V DC Proveedores - JYIELE","isPartOf":{"@id":"https:\/\/www.jyiele.com\/#website"},"primaryImageOfPage":{"@id":"https:\/\/www.jyiele.com\/product\/ip68-plastic-mc4-solar-connectors-1500v-dc\/#primaryimage"},"image":{"@id":"https:\/\/www.jyiele.com\/product\/ip68-plastic-mc4-solar-connectors-1500v-dc\/#primaryimage"},"thumbnailUrl":"https:\/\/www.jyiele.com\/wp-content\/uploads\/2024\/09\/IP68-Plastic-MC4-Solar-Connectors.webp","datePublished":"2024-11-01T08:09:42+00:00","dateModified":"2025-03-09T11:43:55+00:00","description":"JYIELE's IP68 Plastic MC4 Solar Connectors 1500V DCJYIELE's IP68 Plastic MC4 Solar Connectors 1500V DC est\u00e1n dise\u00f1ados para un alto rendimiento en sistemas de energ\u00eda solar, con alta seguridad y fiabilidad, conforme a las normas internacionales de certificaci\u00f3n.","breadcrumb":{"@id":"https:\/\/www.jyiele.com\/product\/ip68-plastic-mc4-solar-connectors-1500v-dc\/#breadcrumb"},"inLanguage":"es","potentialAction":[{"@type":"ReadAction","target":["https:\/\/www.jyiele.com\/product\/ip68-plastic-mc4-solar-connectors-1500v-dc\/"]}]},{"@type":"ImageObject","inLanguage":"es","@id":"https:\/\/www.jyiele.com\/product\/ip68-plastic-mc4-solar-connectors-1500v-dc\/#primaryimage","url":"https:\/\/www.jyiele.com\/wp-content\/uploads\/2024\/09\/IP68-Plastic-MC4-Solar-Connectors.webp","contentUrl":"https:\/\/www.jyiele.com\/wp-content\/uploads\/2024\/09\/IP68-Plastic-MC4-Solar-Connectors.webp","width":800,"height":800,"caption":"IP68 Plastic MC4 Solar Connectors"},{"@type":"BreadcrumbList","@id":"https:\/\/www.jyiele.com\/product\/ip68-plastic-mc4-solar-connectors-1500v-dc\/#breadcrumb","itemListElement":[{"@type":"ListItem","position":1,"name":"Home","item":"https:\/\/www.jyiele.com\/"},{"@type":"ListItem","position":2,"name":"Product","item":"https:\/\/www.jyiele.com\/product\/"},{"@type":"ListItem","position":3,"name":"MC4 Connector","item":"https:\/\/www.jyiele.com\/product-category\/mc4-connector\/"},{"@type":"ListItem","position":4,"name":"IP68 Plastic MC4 Solar Connectors 1500V DC"}]},{"@type":"WebSite","@id":"https:\/\/www.jyiele.com\/#website","url":"https:\/\/www.jyiele.com\/","name":"JYIELE","description":"Fabricante de disyuntores de vac\u00edo","publisher":{"@id":"https:\/\/www.jyiele.com\/#organization"},"potentialAction":[{"@type":"SearchAction","target":{"@type":"EntryPoint","urlTemplate":"https:\/\/www.jyiele.com\/?s={search_term_string}"},"query-input":{"@type":"PropertyValueSpecification","valueRequired":true,"valueName":"search_term_string"}}],"inLanguage":"es"},{"@type":"Organization","@id":"https:\/\/www.jyiele.com\/#organization","name":"JYIELE","url":"https:\/\/www.jyiele.com\/","logo":{"@type":"ImageObject","inLanguage":"es","@id":"https:\/\/www.jyiele.com\/#\/schema\/logo\/image\/","url":"https:\/\/www.jyiele.com\/wp-content\/uploads\/2024\/09\/cropped-jyele-1.webp","contentUrl":"https:\/\/www.jyiele.com\/wp-content\/uploads\/2024\/09\/cropped-jyele-1.webp","width":137,"height":60,"caption":"JYIELE"},"image":{"@id":"https:\/\/www.jyiele.com\/#\/schema\/logo\/image\/"}}]}},"_links":{"self":[{"href":"https:\/\/www.jyiele.com\/es\/wp-json\/wp\/v2\/product\/1253","targetHints":{"allow":["GET"]}}],"collection":[{"href":"https:\/\/www.jyiele.com\/es\/wp-json\/wp\/v2\/product"}],"about":[{"href":"https:\/\/www.jyiele.com\/es\/wp-json\/wp\/v2\/types\/product"}],"version-history":[{"count":2,"href":"https:\/\/www.jyiele.com\/es\/wp-json\/wp\/v2\/product\/1253\/revisions"}],"predecessor-version":[{"id":1470,"href":"https:\/\/www.jyiele.com\/es\/wp-json\/wp\/v2\/product\/1253\/revisions\/1470"}],"wp:featuredmedia":[{"embeddable":true,"href":"https:\/\/www.jyiele.com\/es\/wp-json\/wp\/v2\/media\/1255"}],"wp:attachment":[{"href":"https:\/\/www.jyiele.com\/es\/wp-json\/wp\/v2\/media?parent=1253"}],"wp:term":[{"taxonomy":"product_brand","embeddable":true,"href":"https:\/\/www.jyiele.com\/es\/wp-json\/wp\/v2\/product_brand?post=1253"},{"taxonomy":"product_cat","embeddable":true,"href":"https:\/\/www.jyiele.com\/es\/wp-json\/wp\/v2\/product_cat?post=1253"},{"taxonomy":"product_tag","embeddable":true,"href":"https:\/\/www.jyiele.com\/es\/wp-json\/wp\/v2\/product_tag?post=1253"}],"curies":[{"name":"wp","href":"https:\/\/api.w.org\/{rel}","templated":true}]}}