{"id":1321,"date":"2024-11-03T10:59:29","date_gmt":"2024-11-03T10:59:29","guid":{"rendered":"https:\/\/www.jy-electric.com\/?post_type=product&#038;p=1321"},"modified":"2025-03-09T11:43:12","modified_gmt":"2025-03-09T11:43:12","slug":"solar-wire-connectors","status":"publish","type":"product","link":"https:\/\/www.jyiele.com\/es\/product\/solar-wire-connectors\/","title":{"rendered":"1000V 1500V DC 50Amp Y rama 3 v\u00edas Y3 Y4 conectores de cable solar en paralelo"},"content":{"rendered":"<h2>Caracter\u00edsticas y ventajas notables de los conectores de cable solar tipo Y de JYIELE<\/h2>\n<p>Alta tensi\u00f3n y capacidad de transporte de corriente: Soportan hasta 1500V de tensi\u00f3n nominal y hasta 45A de corriente nominal, son adecuados para una gran variedad de sistemas de energ\u00eda solar.<\/p>\n<p>Potente tensi\u00f3n de prueba: La tensi\u00f3n de prueba de 8000 V garantiza la m\u00e1xima fiabilidad del aislamiento del conector.<\/p>\n<p>Amplio rango de adaptaci\u00f3n a la temperatura: capaz de funcionar con normalidad en el rango de temperaturas de -40\u00b0C a +90\u00b0C, hasta +105\u00b0C, adapt\u00e1ndose a una gran variedad de entornos.<\/p>\n<p>Excelente protecci\u00f3n: La clasificaci\u00f3n IP68 significa que es completamente a prueba de polvo y puede utilizarse en largos periodos de inmersi\u00f3n en agua, lo que la hace adecuada para una amplia gama de entornos dif\u00edciles.<\/p>\n<p>Baja resistencia de contacto: la resistencia de contacto de s\u00f3lo 0,5 miliohmios garantiza una transmisi\u00f3n eficaz de la potencia y una p\u00e9rdida m\u00ednima de energ\u00eda.<\/p>\n<p>Altas normas de seguridad: El cumplimiento de la clase de seguridad II garantiza la seguridad de uso.<\/p>\n<p>Materiales de alta calidad: se utiliza cobre esta\u00f1ado para los contactos y el material aislante es PPO, lo que proporciona una excelente conductividad y durabilidad.<\/p>\n<p>SISTEMA DE BLOQUEO FUERTE: El sistema de bloqueo a presi\u00f3n se utiliza para garantizar una conexi\u00f3n fuerte y un f\u00e1cil enchufado y desenchufado.<\/p>\n<p>Rendimiento ign\u00edfugo: Cumple con la clasificaci\u00f3n ign\u00edfuga UL-94-V0, que mejora la seguridad del producto.<\/p>\n<p>Adaptable a una amplia gama de cables: Compatible con tama\u00f1os de cable de 2,5 mm\u00b2 a 6,0 mm\u00b2, adecuado para una amplia gama de necesidades de instalaci\u00f3n.<\/p>\n<h2>Caracter\u00edsticas de los distintos modelos<\/h2>\n<p>Y3 Tee: Adecuado para DC1000V, corriente nominal 30A, adecuado para conexi\u00f3n en T.<br \/>\nY3 Phillips: adecuado para DC1500V, corriente nominal 30A, conexi\u00f3n tipo cruz.<br \/>\nY4 Cross: adecuado para DC1000V, corriente nominal 30A, con dise\u00f1o en cruz.<br \/>\nY5 Cross 1500V: Adecuado para DC1500V, corriente nominal 30A, dise\u00f1ado para entornos de alta tensi\u00f3n.<\/p>\n<h2 class=\"bot_tit flex f-js\">Par\u00e1metros del producto<\/h2>\n<div class=\"bot_con\">\n<div class=\"des show\">\n<figure class=\"wp-block-table\">\n<div class=\"scroll\">\n<table>\n<tbody>\n<tr>\n<td>N\u00famero de serie<\/td>\n<td>Par\u00e1metro<\/td>\n<td>Par\u00e1metro<\/td>\n<\/tr>\n<tr>\n<td>1<\/td>\n<td>Tipo<\/td>\n<td>Conector fusible solar<\/td>\n<\/tr>\n<tr>\n<td>2<\/td>\n<td>Tensi\u00f3n nominal<\/td>\n<td>1000V \/ 1500V CC<\/td>\n<\/tr>\n<tr>\n<td>3<\/td>\n<td>Corriente nominal<\/td>\n<td>2A-45A<\/td>\n<\/tr>\n<tr>\n<td>4<\/td>\n<td>Tensi\u00f3n de prueba<\/td>\n<td>8000V(50Hz,1min)<\/td>\n<\/tr>\n<tr>\n<td>5<\/td>\n<td>Temperatura<\/td>\n<td>-40\u00b0C ...+90\u00b0C<\/td>\n<\/tr>\n<tr>\n<td>6<\/td>\n<td>Temperatura l\u00edmite superior<\/td>\n<td>+105\u00b0C<\/td>\n<\/tr>\n<tr>\n<td>7<\/td>\n<td>Grado de protecci\u00f3n<\/td>\n<td>IP2X\/ IP68<\/td>\n<\/tr>\n<tr>\n<td>8<\/td>\n<td>Resistencia de contacto de los conectores<\/td>\n<td>0,5m\u03a9<\/td>\n<\/tr>\n<tr>\n<td>9<\/td>\n<td>Clase de seguridad<\/td>\n<td>\u2161<\/td>\n<\/tr>\n<tr>\n<td>10<\/td>\n<td>Material de contacto<\/td>\n<td>Cobre, esta\u00f1ado<\/td>\n<\/tr>\n<tr>\n<td>11<\/td>\n<td>Material aislante<\/td>\n<td>PPO<\/td>\n<\/tr>\n<tr>\n<td>12<\/td>\n<td>Fuerza de retirada\/Fuerza de inserci\u00f3n<\/td>\n<td>\u226550N\/\u226450N<\/td>\n<\/tr>\n<tr>\n<td>13<\/td>\n<td>Sistema de cierre<\/td>\n<td>Encaje a presi\u00f3n<\/td>\n<\/tr>\n<tr>\n<td>14<\/td>\n<td>Clase Flame<\/td>\n<td>UL-94-V0<\/td>\n<\/tr>\n<tr>\n<td>15<\/td>\n<td>Especificaciones del cable<\/td>\n<td>2,5mm\u00b2-6,0mm\u00b2 14AWG-10AWG<\/td>\n<\/tr>\n<tr>\n<td>16<\/td>\n<td>Tensi\u00f3n de prueba<\/td>\n<td>6000V CA(1Min) 2200V CC(1Min)<\/td>\n<\/tr>\n<\/tbody>\n<\/table>\n<\/div>\n<\/figure>\n<div class=\"wp-block-media-text is-stacked-on-mobile\">\n<figure class=\"wp-block-media-text__media\"><img fetchpriority=\"high\" decoding=\"async\" class=\"alignnone wp-image-1324 size-full\" src=\"https:\/\/www.jy-electric.com\/wp-content\/uploads\/2024\/09\/Y3-Tee-connector.webp\" alt=\"Y3 Conector en T\" width=\"693\" height=\"345\" srcset=\"https:\/\/www.jyiele.com\/wp-content\/uploads\/2024\/09\/Y3-Tee-connector.webp 693w, https:\/\/www.jyiele.com\/wp-content\/uploads\/2024\/09\/Y3-Tee-connector-300x149.webp 300w, https:\/\/www.jyiele.com\/wp-content\/uploads\/2024\/09\/Y3-Tee-connector-18x9.webp 18w, https:\/\/www.jyiele.com\/wp-content\/uploads\/2024\/09\/Y3-Tee-connector-600x299.webp 600w\" sizes=\"(max-width: 693px) 100vw, 693px\" \/><\/figure>\n<div class=\"wp-block-media-text__content\">\n<p>Modelo del producto:Y3 tee<br \/>\nMaterial del n\u00facleo Cobre esta\u00f1ado tipo abierto<br \/>\nTensi\u00f3n nominal\u2264DC1000V<br \/>\nCorriente nominal\u226430A<\/p>\n<\/div>\n<\/div>\n<div class=\"wp-block-media-text is-stacked-on-mobile\">\n<figure class=\"wp-block-media-text__media\"><img decoding=\"async\" class=\"alignnone wp-image-1323 size-full\" src=\"https:\/\/www.jy-electric.com\/wp-content\/uploads\/2024\/09\/Y3-Phillips-connector.webp\" alt=\"Y3 Conector Phillips\" width=\"719\" height=\"322\" srcset=\"https:\/\/www.jyiele.com\/wp-content\/uploads\/2024\/09\/Y3-Phillips-connector.webp 719w, https:\/\/www.jyiele.com\/wp-content\/uploads\/2024\/09\/Y3-Phillips-connector-300x134.webp 300w, https:\/\/www.jyiele.com\/wp-content\/uploads\/2024\/09\/Y3-Phillips-connector-18x8.webp 18w, https:\/\/www.jyiele.com\/wp-content\/uploads\/2024\/09\/Y3-Phillips-connector-600x269.webp 600w\" sizes=\"(max-width: 719px) 100vw, 719px\" \/><\/figure>\n<div class=\"wp-block-media-text__content\">\n<p>Modelo del producto: Y3 Cross<br \/>\nMaterial del n\u00facleo Tipo abierto chapado en cobre<br \/>\nTensi\u00f3n nominal\u2264DC1500V<br \/>\nCorriente nominal\u226430A<\/p>\n<\/div>\n<\/div>\n<div class=\"wp-block-media-text is-stacked-on-mobile\">\n<figure class=\"wp-block-media-text__media\"><img decoding=\"async\" class=\"alignnone wp-image-1325 size-full\" title=\"Conector solar Phillips Y4\" src=\"https:\/\/www.jy-electric.com\/wp-content\/uploads\/2024\/09\/Y4-Phillips-Solar-Connector.webp\" alt=\"Conector solar Phillips Y4\" width=\"779\" height=\"374\" srcset=\"https:\/\/www.jyiele.com\/wp-content\/uploads\/2024\/09\/Y4-Phillips-Solar-Connector.webp 779w, https:\/\/www.jyiele.com\/wp-content\/uploads\/2024\/09\/Y4-Phillips-Solar-Connector-300x144.webp 300w, https:\/\/www.jyiele.com\/wp-content\/uploads\/2024\/09\/Y4-Phillips-Solar-Connector-768x369.webp 768w, https:\/\/www.jyiele.com\/wp-content\/uploads\/2024\/09\/Y4-Phillips-Solar-Connector-18x9.webp 18w, https:\/\/www.jyiele.com\/wp-content\/uploads\/2024\/09\/Y4-Phillips-Solar-Connector-600x288.webp 600w\" sizes=\"(max-width: 779px) 100vw, 779px\" \/><\/figure>\n<div class=\"wp-block-media-text__content\">\n<p>Modelo del producto:Y4 Cross<br \/>\nMaterial del n\u00facleo: cobre esta\u00f1ado, tipo abierto<br \/>\nTensi\u00f3n nominal\u2264DC1000V<br \/>\nCorriente nominal\u226430A<\/p>\n<\/div>\n<\/div>\n<div class=\"wp-block-media-text is-stacked-on-mobile\">\n<figure class=\"wp-block-media-text__media\"><img loading=\"lazy\" decoding=\"async\" class=\"alignnone wp-image-1326 size-full\" title=\"Conector solar Y5 Cross 1500V\" src=\"https:\/\/www.jy-electric.com\/wp-content\/uploads\/2024\/09\/Y5-Cross-1500V-Solar-Connector.webp\" alt=\"Conector solar Y5 Cross 1500V\" width=\"734\" height=\"367\" srcset=\"https:\/\/www.jyiele.com\/wp-content\/uploads\/2024\/09\/Y5-Cross-1500V-Solar-Connector.webp 734w, https:\/\/www.jyiele.com\/wp-content\/uploads\/2024\/09\/Y5-Cross-1500V-Solar-Connector-300x150.webp 300w, https:\/\/www.jyiele.com\/wp-content\/uploads\/2024\/09\/Y5-Cross-1500V-Solar-Connector-18x9.webp 18w, https:\/\/www.jyiele.com\/wp-content\/uploads\/2024\/09\/Y5-Cross-1500V-Solar-Connector-600x300.webp 600w\" sizes=\"(max-width: 734px) 100vw, 734px\" \/><\/figure>\n<div class=\"wp-block-media-text__content\">\n<p>Modelo del producto: y5 Cross 1500V<br \/>\nMaterial del n\u00facleo Tipo abierto chapado en cobre<br \/>\nTensi\u00f3n nominal\u2264DC1500V<br \/>\nCorriente nominal\u226430A<\/p>\n<\/div>\n<\/div>\n<\/div>\n<\/div>","protected":false},"excerpt":{"rendered":"<p>Los conectores de cable solar de JYIELE pasan por rigurosos controles de calidad para garantizar que cada producto proporcione un rendimiento constante y fiable. Tanto si sus necesidades son de alta tensi\u00f3n, baja resistencia de contacto o alto nivel de protecci\u00f3n, este conector puede satisfacerlas todas.<\/p>","protected":false},"featured_media":1322,"template":"","meta":{"site-sidebar-layout":"default","site-content-layout":"","ast-site-content-layout":"default","site-content-style":"default","site-sidebar-style":"default","ast-global-header-display":"","ast-banner-title-visibility":"","ast-main-header-display":"","ast-hfb-above-header-display":"","ast-hfb-below-header-display":"","ast-hfb-mobile-header-display":"","site-post-title":"","ast-breadcrumbs-content":"","ast-featured-img":"","footer-sml-layout":"","ast-disable-related-posts":"","theme-transparent-header-meta":"default","adv-header-id-meta":"","stick-header-meta":"","header-above-stick-meta":"","header-main-stick-meta":"","header-below-stick-meta":"","astra-migrate-meta-layouts":"set","ast-page-background-enabled":"default","ast-page-background-meta":{"desktop":{"background-color":"var(--ast-global-color-4)","background-image":"","background-repeat":"repeat","background-position":"center center","background-size":"auto","background-attachment":"scroll","background-type":"","background-media":"","overlay-type":"","overlay-color":"","overlay-opacity":"","overlay-gradient":""},"tablet":{"background-color":"","background-image":"","background-repeat":"repeat","background-position":"center center","background-size":"auto","background-attachment":"scroll","background-type":"","background-media":"","overlay-type":"","overlay-color":"","overlay-opacity":"","overlay-gradient":""},"mobile":{"background-color":"","background-image":"","background-repeat":"repeat","background-position":"center center","background-size":"auto","background-attachment":"scroll","background-type":"","background-media":"","overlay-type":"","overlay-color":"","overlay-opacity":"","overlay-gradient":""}},"ast-content-background-meta":{"desktop":{"background-color":"var(--ast-global-color-5)","background-image":"","background-repeat":"repeat","background-position":"center center","background-size":"auto","background-attachment":"scroll","background-type":"","background-media":"","overlay-type":"","overlay-color":"","overlay-opacity":"","overlay-gradient":""},"tablet":{"background-color":"var(--ast-global-color-5)","background-image":"","background-repeat":"repeat","background-position":"center center","background-size":"auto","background-attachment":"scroll","background-type":"","background-media":"","overlay-type":"","overlay-color":"","overlay-opacity":"","overlay-gradient":""},"mobile":{"background-color":"var(--ast-global-color-5)","background-image":"","background-repeat":"repeat","background-position":"center center","background-size":"auto","background-attachment":"scroll","background-type":"","background-media":"","overlay-type":"","overlay-color":"","overlay-opacity":"","overlay-gradient":""}}},"product_brand":[],"product_cat":[19],"product_tag":[],"class_list":{"0":"post-1321","1":"product","2":"type-product","3":"status-publish","4":"has-post-thumbnail","6":"product_cat-mc4-connector","7":"desktop-align-left","8":"tablet-align-left","9":"mobile-align-left","11":"first","12":"instock","13":"shipping-taxable","14":"product-type-simple"},"yoast_head":"<!-- This site is optimized with the Yoast SEO plugin v24.8.1 - https:\/\/yoast.com\/wordpress\/plugins\/seo\/ -->\n<title>Best China Solar Wire Connectors Manufacturer - JYIELE<\/title>\n<meta name=\"description\" content=\"JYIELE&#039;s solar wire connectors pass rigorous quality checks to ensure that each product provides consistent and reliable performance. Whether your needs are for high voltage, low contact resistance, or a high level of protection, this connector will meet them all.\" \/>\n<meta name=\"robots\" content=\"index, follow, max-snippet:-1, max-image-preview:large, max-video-preview:-1\" \/>\n<link rel=\"canonical\" href=\"https:\/\/www.jyiele.com\/es\/product\/solar-wire-connectors\/\" \/>\n<meta property=\"og:locale\" content=\"es_ES\" \/>\n<meta property=\"og:type\" content=\"article\" \/>\n<meta property=\"og:title\" content=\"Best China Solar Wire Connectors Manufacturer - JYIELE\" \/>\n<meta property=\"og:description\" content=\"JYIELE&#039;s solar wire connectors pass rigorous quality checks to ensure that each product provides consistent and reliable performance. Whether your needs are for high voltage, low contact resistance, or a high level of protection, this connector will meet them all.\" \/>\n<meta property=\"og:url\" content=\"https:\/\/www.jyiele.com\/es\/product\/solar-wire-connectors\/\" \/>\n<meta property=\"og:site_name\" content=\"JYIELE\" \/>\n<meta property=\"article:modified_time\" content=\"2025-03-09T11:43:12+00:00\" \/>\n<meta property=\"og:image\" content=\"https:\/\/www.jyiele.com\/wp-content\/uploads\/2024\/09\/1000V-1500V-DC-50Amp-Y-branch-3-ways-Y3-Y4-solar-wire-connectors-parallel.webp\" \/>\n\t<meta property=\"og:image:width\" content=\"800\" \/>\n\t<meta property=\"og:image:height\" content=\"800\" \/>\n\t<meta property=\"og:image:type\" content=\"image\/webp\" \/>\n<meta name=\"twitter:card\" content=\"summary_large_image\" \/>\n<meta name=\"twitter:label1\" content=\"Tiempo de lectura\" \/>\n\t<meta name=\"twitter:data1\" content=\"3 minutos\" \/>\n<script type=\"application\/ld+json\" class=\"yoast-schema-graph\">{\"@context\":\"https:\/\/schema.org\",\"@graph\":[{\"@type\":\"WebPage\",\"@id\":\"https:\/\/www.jyiele.com\/product\/solar-wire-connectors\/\",\"url\":\"https:\/\/www.jyiele.com\/product\/solar-wire-connectors\/\",\"name\":\"Best China Solar Wire Connectors Manufacturer - JYIELE\",\"isPartOf\":{\"@id\":\"https:\/\/www.jyiele.com\/#website\"},\"primaryImageOfPage\":{\"@id\":\"https:\/\/www.jyiele.com\/product\/solar-wire-connectors\/#primaryimage\"},\"image\":{\"@id\":\"https:\/\/www.jyiele.com\/product\/solar-wire-connectors\/#primaryimage\"},\"thumbnailUrl\":\"https:\/\/www.jyiele.com\/wp-content\/uploads\/2024\/09\/1000V-1500V-DC-50Amp-Y-branch-3-ways-Y3-Y4-solar-wire-connectors-parallel.webp\",\"datePublished\":\"2024-11-03T10:59:29+00:00\",\"dateModified\":\"2025-03-09T11:43:12+00:00\",\"description\":\"JYIELE's solar wire connectors pass rigorous quality checks to ensure that each product provides consistent and reliable performance. Whether your needs are for high voltage, low contact resistance, or a high level of protection, this connector will meet them all.\",\"breadcrumb\":{\"@id\":\"https:\/\/www.jyiele.com\/product\/solar-wire-connectors\/#breadcrumb\"},\"inLanguage\":\"es\",\"potentialAction\":[{\"@type\":\"ReadAction\",\"target\":[\"https:\/\/www.jyiele.com\/product\/solar-wire-connectors\/\"]}]},{\"@type\":\"ImageObject\",\"inLanguage\":\"es\",\"@id\":\"https:\/\/www.jyiele.com\/product\/solar-wire-connectors\/#primaryimage\",\"url\":\"https:\/\/www.jyiele.com\/wp-content\/uploads\/2024\/09\/1000V-1500V-DC-50Amp-Y-branch-3-ways-Y3-Y4-solar-wire-connectors-parallel.webp\",\"contentUrl\":\"https:\/\/www.jyiele.com\/wp-content\/uploads\/2024\/09\/1000V-1500V-DC-50Amp-Y-branch-3-ways-Y3-Y4-solar-wire-connectors-parallel.webp\",\"width\":800,\"height\":800,\"caption\":\"1000V 1500V DC 50Amp Y branch 3 ways Y3 Y4 solar wire connectors parallel\"},{\"@type\":\"BreadcrumbList\",\"@id\":\"https:\/\/www.jyiele.com\/product\/solar-wire-connectors\/#breadcrumb\",\"itemListElement\":[{\"@type\":\"ListItem\",\"position\":1,\"name\":\"Home\",\"item\":\"https:\/\/www.jyiele.com\/\"},{\"@type\":\"ListItem\",\"position\":2,\"name\":\"Product\",\"item\":\"https:\/\/www.jyiele.com\/product\/\"},{\"@type\":\"ListItem\",\"position\":3,\"name\":\"MC4 Connector\",\"item\":\"https:\/\/www.jyiele.com\/product-category\/mc4-connector\/\"},{\"@type\":\"ListItem\",\"position\":4,\"name\":\"1000V 1500V DC 50Amp Y branch 3 ways Y3 Y4 solar wire connectors parallel\"}]},{\"@type\":\"WebSite\",\"@id\":\"https:\/\/www.jyiele.com\/#website\",\"url\":\"https:\/\/www.jyiele.com\/\",\"name\":\"JYIELE\",\"description\":\"Vacuum Circuit Breaker manufacturer\",\"publisher\":{\"@id\":\"https:\/\/www.jyiele.com\/#organization\"},\"potentialAction\":[{\"@type\":\"SearchAction\",\"target\":{\"@type\":\"EntryPoint\",\"urlTemplate\":\"https:\/\/www.jyiele.com\/?s={search_term_string}\"},\"query-input\":{\"@type\":\"PropertyValueSpecification\",\"valueRequired\":true,\"valueName\":\"search_term_string\"}}],\"inLanguage\":\"es\"},{\"@type\":\"Organization\",\"@id\":\"https:\/\/www.jyiele.com\/#organization\",\"name\":\"JYIELE\",\"url\":\"https:\/\/www.jyiele.com\/\",\"logo\":{\"@type\":\"ImageObject\",\"inLanguage\":\"es\",\"@id\":\"https:\/\/www.jyiele.com\/#\/schema\/logo\/image\/\",\"url\":\"https:\/\/www.jyiele.com\/wp-content\/uploads\/2024\/09\/cropped-jyele-1.webp\",\"contentUrl\":\"https:\/\/www.jyiele.com\/wp-content\/uploads\/2024\/09\/cropped-jyele-1.webp\",\"width\":137,\"height\":60,\"caption\":\"JYIELE\"},\"image\":{\"@id\":\"https:\/\/www.jyiele.com\/#\/schema\/logo\/image\/\"}}]}<\/script>\n<!-- \/ Yoast SEO plugin. -->","yoast_head_json":{"title":"El mejor fabricante de conectores de cable solar de China - JYIELE","description":"Los conectores de cable solar de JYIELE pasan rigurosos controles de calidad para garantizar que cada producto proporcione un rendimiento constante y fiable. Si sus necesidades son de alta tensi\u00f3n, baja resistencia de contacto, o un alto nivel de protecci\u00f3n, este conector se reunir\u00e1 con todos ellos.","robots":{"index":"index","follow":"follow","max-snippet":"max-snippet:-1","max-image-preview":"max-image-preview:large","max-video-preview":"max-video-preview:-1"},"canonical":"https:\/\/www.jyiele.com\/es\/product\/solar-wire-connectors\/","og_locale":"es_ES","og_type":"article","og_title":"Best China Solar Wire Connectors Manufacturer - JYIELE","og_description":"JYIELE's solar wire connectors pass rigorous quality checks to ensure that each product provides consistent and reliable performance. Whether your needs are for high voltage, low contact resistance, or a high level of protection, this connector will meet them all.","og_url":"https:\/\/www.jyiele.com\/es\/product\/solar-wire-connectors\/","og_site_name":"JYIELE","article_modified_time":"2025-03-09T11:43:12+00:00","og_image":[{"width":800,"height":800,"url":"https:\/\/www.jyiele.com\/wp-content\/uploads\/2024\/09\/1000V-1500V-DC-50Amp-Y-branch-3-ways-Y3-Y4-solar-wire-connectors-parallel.webp","type":"image\/webp"}],"twitter_card":"summary_large_image","twitter_misc":{"Tiempo de lectura":"3 minutos"},"schema":{"@context":"https:\/\/schema.org","@graph":[{"@type":"WebPage","@id":"https:\/\/www.jyiele.com\/product\/solar-wire-connectors\/","url":"https:\/\/www.jyiele.com\/product\/solar-wire-connectors\/","name":"El mejor fabricante de conectores de cable solar de China - JYIELE","isPartOf":{"@id":"https:\/\/www.jyiele.com\/#website"},"primaryImageOfPage":{"@id":"https:\/\/www.jyiele.com\/product\/solar-wire-connectors\/#primaryimage"},"image":{"@id":"https:\/\/www.jyiele.com\/product\/solar-wire-connectors\/#primaryimage"},"thumbnailUrl":"https:\/\/www.jyiele.com\/wp-content\/uploads\/2024\/09\/1000V-1500V-DC-50Amp-Y-branch-3-ways-Y3-Y4-solar-wire-connectors-parallel.webp","datePublished":"2024-11-03T10:59:29+00:00","dateModified":"2025-03-09T11:43:12+00:00","description":"Los conectores de cable solar de JYIELE pasan rigurosos controles de calidad para garantizar que cada producto proporcione un rendimiento constante y fiable. Si sus necesidades son de alta tensi\u00f3n, baja resistencia de contacto, o un alto nivel de protecci\u00f3n, este conector se reunir\u00e1 con todos ellos.","breadcrumb":{"@id":"https:\/\/www.jyiele.com\/product\/solar-wire-connectors\/#breadcrumb"},"inLanguage":"es","potentialAction":[{"@type":"ReadAction","target":["https:\/\/www.jyiele.com\/product\/solar-wire-connectors\/"]}]},{"@type":"ImageObject","inLanguage":"es","@id":"https:\/\/www.jyiele.com\/product\/solar-wire-connectors\/#primaryimage","url":"https:\/\/www.jyiele.com\/wp-content\/uploads\/2024\/09\/1000V-1500V-DC-50Amp-Y-branch-3-ways-Y3-Y4-solar-wire-connectors-parallel.webp","contentUrl":"https:\/\/www.jyiele.com\/wp-content\/uploads\/2024\/09\/1000V-1500V-DC-50Amp-Y-branch-3-ways-Y3-Y4-solar-wire-connectors-parallel.webp","width":800,"height":800,"caption":"1000V 1500V DC 50Amp Y branch 3 ways Y3 Y4 solar wire connectors parallel"},{"@type":"BreadcrumbList","@id":"https:\/\/www.jyiele.com\/product\/solar-wire-connectors\/#breadcrumb","itemListElement":[{"@type":"ListItem","position":1,"name":"Home","item":"https:\/\/www.jyiele.com\/"},{"@type":"ListItem","position":2,"name":"Product","item":"https:\/\/www.jyiele.com\/product\/"},{"@type":"ListItem","position":3,"name":"MC4 Connector","item":"https:\/\/www.jyiele.com\/product-category\/mc4-connector\/"},{"@type":"ListItem","position":4,"name":"1000V 1500V DC 50Amp Y branch 3 ways Y3 Y4 solar wire connectors parallel"}]},{"@type":"WebSite","@id":"https:\/\/www.jyiele.com\/#website","url":"https:\/\/www.jyiele.com\/","name":"JYIELE","description":"Fabricante de disyuntores de vac\u00edo","publisher":{"@id":"https:\/\/www.jyiele.com\/#organization"},"potentialAction":[{"@type":"SearchAction","target":{"@type":"EntryPoint","urlTemplate":"https:\/\/www.jyiele.com\/?s={search_term_string}"},"query-input":{"@type":"PropertyValueSpecification","valueRequired":true,"valueName":"search_term_string"}}],"inLanguage":"es"},{"@type":"Organization","@id":"https:\/\/www.jyiele.com\/#organization","name":"JYIELE","url":"https:\/\/www.jyiele.com\/","logo":{"@type":"ImageObject","inLanguage":"es","@id":"https:\/\/www.jyiele.com\/#\/schema\/logo\/image\/","url":"https:\/\/www.jyiele.com\/wp-content\/uploads\/2024\/09\/cropped-jyele-1.webp","contentUrl":"https:\/\/www.jyiele.com\/wp-content\/uploads\/2024\/09\/cropped-jyele-1.webp","width":137,"height":60,"caption":"JYIELE"},"image":{"@id":"https:\/\/www.jyiele.com\/#\/schema\/logo\/image\/"}}]}},"_links":{"self":[{"href":"https:\/\/www.jyiele.com\/es\/wp-json\/wp\/v2\/product\/1321","targetHints":{"allow":["GET"]}}],"collection":[{"href":"https:\/\/www.jyiele.com\/es\/wp-json\/wp\/v2\/product"}],"about":[{"href":"https:\/\/www.jyiele.com\/es\/wp-json\/wp\/v2\/types\/product"}],"version-history":[{"count":2,"href":"https:\/\/www.jyiele.com\/es\/wp-json\/wp\/v2\/product\/1321\/revisions"}],"predecessor-version":[{"id":1472,"href":"https:\/\/www.jyiele.com\/es\/wp-json\/wp\/v2\/product\/1321\/revisions\/1472"}],"wp:featuredmedia":[{"embeddable":true,"href":"https:\/\/www.jyiele.com\/es\/wp-json\/wp\/v2\/media\/1322"}],"wp:attachment":[{"href":"https:\/\/www.jyiele.com\/es\/wp-json\/wp\/v2\/media?parent=1321"}],"wp:term":[{"taxonomy":"product_brand","embeddable":true,"href":"https:\/\/www.jyiele.com\/es\/wp-json\/wp\/v2\/product_brand?post=1321"},{"taxonomy":"product_cat","embeddable":true,"href":"https:\/\/www.jyiele.com\/es\/wp-json\/wp\/v2\/product_cat?post=1321"},{"taxonomy":"product_tag","embeddable":true,"href":"https:\/\/www.jyiele.com\/es\/wp-json\/wp\/v2\/product_tag?post=1321"}],"curies":[{"name":"wp","href":"https:\/\/api.w.org\/{rel}","templated":true}]}}