{"id":1328,"date":"2024-11-03T11:26:49","date_gmt":"2024-11-03T11:26:49","guid":{"rendered":"https:\/\/www.jy-electric.com\/?post_type=product&#038;p=1328"},"modified":"2025-03-09T11:42:43","modified_gmt":"2025-03-09T11:42:43","slug":"mc4-solar-panel-connectors","status":"publish","type":"product","link":"https:\/\/www.jyiele.com\/es\/product\/mc4-solar-panel-connectors\/","title":{"rendered":"Personalizado MC4 panel solar cable conectores 1000V 1500V DC 50Amp"},"content":{"rendered":"<h2>Caracter\u00edsticas del producto<\/h2>\n<p>ALTA TENSI\u00d3N: Soporta hasta 1000V DC, lo que puede hacer frente a diversas demandas de potencia.<\/p>\n<p>Dise\u00f1o duradero: la carcasa es antienvejecimiento y resistente a los rayos UV, por lo que puede utilizarse durante mucho tiempo incluso en las duras condiciones clim\u00e1ticas del exterior.<\/p>\n<p>Corriente fuerte: Puede transportar alta corriente para garantizar una transmisi\u00f3n de potencia estable y eficiente.<\/p>\n<p>Seguro y fiable: Evita cortocircuitos y fugas para garantizar la seguridad del sistema.<\/p>\n<p>F\u00e1cil de instalar: El dise\u00f1o de banda ajustada se adapta a diferentes di\u00e1metros de cable, y enchufar y desenchufar tambi\u00e9n es sencillo, con una fuerza de inserci\u00f3n inferior a 50N y una fuerza de tracci\u00f3n superior a 50N.<\/p>\n<p>Materiales de alta calidad: cobre esta\u00f1ado para los contactos, resistencia inferior a 0,5 miliohmios, el material aislante es PPO, rendimiento fiable.<\/p>\n<p>Alto nivel de protecci\u00f3n: IP67 resistente al agua y al polvo, adecuado para diversos entornos exteriores. El nivel de contaminaci\u00f3n 2 y el nivel de protecci\u00f3n II mejoran la seguridad.<\/p>\n<p>Amplio rango de temperaturas: puede utilizarse a temperaturas de -40\u00b0C a +90\u00b0C, adapt\u00e1ndose a diversos climas.<\/p>\n<p>Gran compatibilidad: se adapta al cable solar de 4,0 mm\u00b2 con tama\u00f1o de clavija de 4,0 mm, que puede coincidir con la mayor\u00eda de los sistemas.<\/p>\n<p><img fetchpriority=\"high\" decoding=\"async\" class=\"alignnone wp-image-1329 size-full\" title=\"MC4 Conectores para paneles solares\" src=\"https:\/\/www.jy-electric.com\/wp-content\/uploads\/2024\/09\/MC4-Solar-panel-connectors.webp\" alt=\"MC4 Conectores para paneles solares\" width=\"750\" height=\"377\" srcset=\"https:\/\/www.jyiele.com\/wp-content\/uploads\/2024\/09\/MC4-Solar-panel-connectors.webp 750w, https:\/\/www.jyiele.com\/wp-content\/uploads\/2024\/09\/MC4-Solar-panel-connectors-300x151.webp 300w, https:\/\/www.jyiele.com\/wp-content\/uploads\/2024\/09\/MC4-Solar-panel-connectors-18x9.webp 18w, https:\/\/www.jyiele.com\/wp-content\/uploads\/2024\/09\/MC4-Solar-panel-connectors-600x302.webp 600w\" sizes=\"(max-width: 750px) 100vw, 750px\" \/><\/p>\n<h2>Par\u00e1metros del producto<\/h2>\n<table>\n<tbody>\n<tr>\n<td>N\u00famero de serie<\/td>\n<td>Par\u00e1metro<\/td>\n<td>Par\u00e1metro<\/td>\n<\/tr>\n<tr>\n<td>1<\/td>\n<td>Tipo<\/td>\n<td>Conector fusible solar<\/td>\n<\/tr>\n<tr>\n<td>2<\/td>\n<td>Tensi\u00f3n nominal<\/td>\n<td>1000V \/ 1500V CC<\/td>\n<\/tr>\n<tr>\n<td>3<\/td>\n<td>Corriente nominal<\/td>\n<td>2A-45A<\/td>\n<\/tr>\n<tr>\n<td>4<\/td>\n<td>Tensi\u00f3n de prueba<\/td>\n<td>8000V(50Hz,1min)<\/td>\n<\/tr>\n<tr>\n<td>5<\/td>\n<td>Temperatura<\/td>\n<td>-40\u00b0C ...+90\u00b0C<\/td>\n<\/tr>\n<tr>\n<td>6<\/td>\n<td>Temperatura l\u00edmite superior<\/td>\n<td>+105\u00b0C<\/td>\n<\/tr>\n<tr>\n<td>7<\/td>\n<td>Grado de protecci\u00f3n<\/td>\n<td>IP2X\/ IP68<\/td>\n<\/tr>\n<tr>\n<td>8<\/td>\n<td>Resistencia de contacto de los conectores<\/td>\n<td>0,5m\u03a9<\/td>\n<\/tr>\n<tr>\n<td>9<\/td>\n<td>Clase de seguridad<\/td>\n<td>\u2161<\/td>\n<\/tr>\n<tr>\n<td>10<\/td>\n<td>Material de contacto<\/td>\n<td>Cobre, esta\u00f1ado<\/td>\n<\/tr>\n<tr>\n<td>11<\/td>\n<td>Material aislante<\/td>\n<td>PPO<\/td>\n<\/tr>\n<tr>\n<td>12<\/td>\n<td>Fuerza de retirada\/Fuerza de inserci\u00f3n<\/td>\n<td>\u226550N\/\u226450N<\/td>\n<\/tr>\n<tr>\n<td>13<\/td>\n<td>Sistema de cierre<\/td>\n<td>Encaje a presi\u00f3n<\/td>\n<\/tr>\n<tr>\n<td>14<\/td>\n<td>Clase Flame<\/td>\n<td>UL-94-V0<\/td>\n<\/tr>\n<tr>\n<td>15<\/td>\n<td>Especificaciones del cable<\/td>\n<td>2,5mm\u00b2-6,0mm\u00b2 14AWG-10AWG<\/td>\n<\/tr>\n<\/tbody>\n<\/table>","protected":false},"excerpt":{"rendered":"<p>El conector de panel de cable solar MC4 de JYIELE es duradero, seguro y f\u00e1cil de instalar, es un buen ayudante para su sistema solar.<\/p>","protected":false},"featured_media":1330,"template":"","meta":{"site-sidebar-layout":"default","site-content-layout":"","ast-site-content-layout":"default","site-content-style":"default","site-sidebar-style":"default","ast-global-header-display":"","ast-banner-title-visibility":"","ast-main-header-display":"","ast-hfb-above-header-display":"","ast-hfb-below-header-display":"","ast-hfb-mobile-header-display":"","site-post-title":"","ast-breadcrumbs-content":"","ast-featured-img":"","footer-sml-layout":"","ast-disable-related-posts":"","theme-transparent-header-meta":"default","adv-header-id-meta":"","stick-header-meta":"","header-above-stick-meta":"","header-main-stick-meta":"","header-below-stick-meta":"","astra-migrate-meta-layouts":"set","ast-page-background-enabled":"default","ast-page-background-meta":{"desktop":{"background-color":"var(--ast-global-color-4)","background-image":"","background-repeat":"repeat","background-position":"center center","background-size":"auto","background-attachment":"scroll","background-type":"","background-media":"","overlay-type":"","overlay-color":"","overlay-opacity":"","overlay-gradient":""},"tablet":{"background-color":"","background-image":"","background-repeat":"repeat","background-position":"center center","background-size":"auto","background-attachment":"scroll","background-type":"","background-media":"","overlay-type":"","overlay-color":"","overlay-opacity":"","overlay-gradient":""},"mobile":{"background-color":"","background-image":"","background-repeat":"repeat","background-position":"center center","background-size":"auto","background-attachment":"scroll","background-type":"","background-media":"","overlay-type":"","overlay-color":"","overlay-opacity":"","overlay-gradient":""}},"ast-content-background-meta":{"desktop":{"background-color":"var(--ast-global-color-5)","background-image":"","background-repeat":"repeat","background-position":"center center","background-size":"auto","background-attachment":"scroll","background-type":"","background-media":"","overlay-type":"","overlay-color":"","overlay-opacity":"","overlay-gradient":""},"tablet":{"background-color":"var(--ast-global-color-5)","background-image":"","background-repeat":"repeat","background-position":"center center","background-size":"auto","background-attachment":"scroll","background-type":"","background-media":"","overlay-type":"","overlay-color":"","overlay-opacity":"","overlay-gradient":""},"mobile":{"background-color":"var(--ast-global-color-5)","background-image":"","background-repeat":"repeat","background-position":"center center","background-size":"auto","background-attachment":"scroll","background-type":"","background-media":"","overlay-type":"","overlay-color":"","overlay-opacity":"","overlay-gradient":""}}},"product_brand":[],"product_cat":[19],"product_tag":[40],"class_list":{"0":"post-1328","1":"product","2":"type-product","3":"status-publish","4":"has-post-thumbnail","6":"product_cat-mc4-connector","7":"product_tag-mc4-solar-connector","8":"desktop-align-left","9":"tablet-align-left","10":"mobile-align-left","12":"first","13":"instock","14":"shipping-taxable","15":"product-type-simple"},"yoast_head":"<!-- This site is optimized with the Yoast SEO plugin v24.8.1 - https:\/\/yoast.com\/wordpress\/plugins\/seo\/ -->\n<title>Factory customized MC4 solar cable panel connectors - JYIELE<\/title>\n<meta name=\"description\" content=\"MC4 solar cable board connector is durable and anti-aging, IP67 protection grade, high current bearing high quality raw materials, high cost performance.\" \/>\n<meta name=\"robots\" content=\"index, follow, max-snippet:-1, max-image-preview:large, max-video-preview:-1\" \/>\n<link rel=\"canonical\" href=\"https:\/\/www.jyiele.com\/es\/product\/mc4-solar-panel-connectors\/\" \/>\n<meta property=\"og:locale\" content=\"es_ES\" \/>\n<meta property=\"og:type\" content=\"article\" \/>\n<meta property=\"og:title\" content=\"Factory customized MC4 solar cable panel connectors - JYIELE\" \/>\n<meta property=\"og:description\" content=\"MC4 solar cable board connector is durable and anti-aging, IP67 protection grade, high current bearing high quality raw materials, high cost performance.\" \/>\n<meta property=\"og:url\" content=\"https:\/\/www.jyiele.com\/es\/product\/mc4-solar-panel-connectors\/\" \/>\n<meta property=\"og:site_name\" content=\"JYIELE\" \/>\n<meta property=\"article:modified_time\" content=\"2025-03-09T11:42:43+00:00\" \/>\n<meta property=\"og:image\" content=\"https:\/\/www.jyiele.com\/wp-content\/uploads\/2024\/09\/MC4-Solar-cable-panel-connectors.webp\" \/>\n\t<meta property=\"og:image:width\" content=\"800\" \/>\n\t<meta property=\"og:image:height\" content=\"800\" \/>\n\t<meta property=\"og:image:type\" content=\"image\/webp\" \/>\n<meta name=\"twitter:card\" content=\"summary_large_image\" \/>\n<meta name=\"twitter:label1\" content=\"Tiempo de lectura\" \/>\n\t<meta name=\"twitter:data1\" content=\"2 minutos\" \/>\n<script type=\"application\/ld+json\" class=\"yoast-schema-graph\">{\"@context\":\"https:\/\/schema.org\",\"@graph\":[{\"@type\":\"WebPage\",\"@id\":\"https:\/\/www.jyiele.com\/product\/mc4-solar-panel-connectors\/\",\"url\":\"https:\/\/www.jyiele.com\/product\/mc4-solar-panel-connectors\/\",\"name\":\"Factory customized MC4 solar cable panel connectors - JYIELE\",\"isPartOf\":{\"@id\":\"https:\/\/www.jyiele.com\/#website\"},\"primaryImageOfPage\":{\"@id\":\"https:\/\/www.jyiele.com\/product\/mc4-solar-panel-connectors\/#primaryimage\"},\"image\":{\"@id\":\"https:\/\/www.jyiele.com\/product\/mc4-solar-panel-connectors\/#primaryimage\"},\"thumbnailUrl\":\"https:\/\/www.jyiele.com\/wp-content\/uploads\/2024\/09\/MC4-Solar-cable-panel-connectors.webp\",\"datePublished\":\"2024-11-03T11:26:49+00:00\",\"dateModified\":\"2025-03-09T11:42:43+00:00\",\"description\":\"MC4 solar cable board connector is durable and anti-aging, IP67 protection grade, high current bearing high quality raw materials, high cost performance.\",\"breadcrumb\":{\"@id\":\"https:\/\/www.jyiele.com\/product\/mc4-solar-panel-connectors\/#breadcrumb\"},\"inLanguage\":\"es\",\"potentialAction\":[{\"@type\":\"ReadAction\",\"target\":[\"https:\/\/www.jyiele.com\/product\/mc4-solar-panel-connectors\/\"]}]},{\"@type\":\"ImageObject\",\"inLanguage\":\"es\",\"@id\":\"https:\/\/www.jyiele.com\/product\/mc4-solar-panel-connectors\/#primaryimage\",\"url\":\"https:\/\/www.jyiele.com\/wp-content\/uploads\/2024\/09\/MC4-Solar-cable-panel-connectors.webp\",\"contentUrl\":\"https:\/\/www.jyiele.com\/wp-content\/uploads\/2024\/09\/MC4-Solar-cable-panel-connectors.webp\",\"width\":800,\"height\":800,\"caption\":\"MC4 Solar cable panel connectors\"},{\"@type\":\"BreadcrumbList\",\"@id\":\"https:\/\/www.jyiele.com\/product\/mc4-solar-panel-connectors\/#breadcrumb\",\"itemListElement\":[{\"@type\":\"ListItem\",\"position\":1,\"name\":\"Home\",\"item\":\"https:\/\/www.jyiele.com\/\"},{\"@type\":\"ListItem\",\"position\":2,\"name\":\"Product\",\"item\":\"https:\/\/www.jyiele.com\/product\/\"},{\"@type\":\"ListItem\",\"position\":3,\"name\":\"MC4 Connector\",\"item\":\"https:\/\/www.jyiele.com\/product-category\/mc4-connector\/\"},{\"@type\":\"ListItem\",\"position\":4,\"name\":\"Customized MC4 Solar cable panel connectors 1000V 1500V DC 50Amp\"}]},{\"@type\":\"WebSite\",\"@id\":\"https:\/\/www.jyiele.com\/#website\",\"url\":\"https:\/\/www.jyiele.com\/\",\"name\":\"JYIELE\",\"description\":\"Vacuum Circuit Breaker manufacturer\",\"publisher\":{\"@id\":\"https:\/\/www.jyiele.com\/#organization\"},\"potentialAction\":[{\"@type\":\"SearchAction\",\"target\":{\"@type\":\"EntryPoint\",\"urlTemplate\":\"https:\/\/www.jyiele.com\/?s={search_term_string}\"},\"query-input\":{\"@type\":\"PropertyValueSpecification\",\"valueRequired\":true,\"valueName\":\"search_term_string\"}}],\"inLanguage\":\"es\"},{\"@type\":\"Organization\",\"@id\":\"https:\/\/www.jyiele.com\/#organization\",\"name\":\"JYIELE\",\"url\":\"https:\/\/www.jyiele.com\/\",\"logo\":{\"@type\":\"ImageObject\",\"inLanguage\":\"es\",\"@id\":\"https:\/\/www.jyiele.com\/#\/schema\/logo\/image\/\",\"url\":\"https:\/\/www.jyiele.com\/wp-content\/uploads\/2024\/09\/cropped-jyele-1.webp\",\"contentUrl\":\"https:\/\/www.jyiele.com\/wp-content\/uploads\/2024\/09\/cropped-jyele-1.webp\",\"width\":137,\"height\":60,\"caption\":\"JYIELE\"},\"image\":{\"@id\":\"https:\/\/www.jyiele.com\/#\/schema\/logo\/image\/\"}}]}<\/script>\n<!-- \/ Yoast SEO plugin. -->","yoast_head_json":{"title":"Conectores de panel de cable solar MC4 personalizados de f\u00e1brica - JYIELE","description":"El conector de placa de cable solar MC4 es duradero y antienvejecimiento, grado de protecci\u00f3n IP67, alta corriente que soporta materias primas de alta calidad, rendimiento de alto coste.","robots":{"index":"index","follow":"follow","max-snippet":"max-snippet:-1","max-image-preview":"max-image-preview:large","max-video-preview":"max-video-preview:-1"},"canonical":"https:\/\/www.jyiele.com\/es\/product\/mc4-solar-panel-connectors\/","og_locale":"es_ES","og_type":"article","og_title":"Factory customized MC4 solar cable panel connectors - JYIELE","og_description":"MC4 solar cable board connector is durable and anti-aging, IP67 protection grade, high current bearing high quality raw materials, high cost performance.","og_url":"https:\/\/www.jyiele.com\/es\/product\/mc4-solar-panel-connectors\/","og_site_name":"JYIELE","article_modified_time":"2025-03-09T11:42:43+00:00","og_image":[{"width":800,"height":800,"url":"https:\/\/www.jyiele.com\/wp-content\/uploads\/2024\/09\/MC4-Solar-cable-panel-connectors.webp","type":"image\/webp"}],"twitter_card":"summary_large_image","twitter_misc":{"Tiempo de lectura":"2 minutos"},"schema":{"@context":"https:\/\/schema.org","@graph":[{"@type":"WebPage","@id":"https:\/\/www.jyiele.com\/product\/mc4-solar-panel-connectors\/","url":"https:\/\/www.jyiele.com\/product\/mc4-solar-panel-connectors\/","name":"Conectores de panel de cable solar MC4 personalizados de f\u00e1brica - JYIELE","isPartOf":{"@id":"https:\/\/www.jyiele.com\/#website"},"primaryImageOfPage":{"@id":"https:\/\/www.jyiele.com\/product\/mc4-solar-panel-connectors\/#primaryimage"},"image":{"@id":"https:\/\/www.jyiele.com\/product\/mc4-solar-panel-connectors\/#primaryimage"},"thumbnailUrl":"https:\/\/www.jyiele.com\/wp-content\/uploads\/2024\/09\/MC4-Solar-cable-panel-connectors.webp","datePublished":"2024-11-03T11:26:49+00:00","dateModified":"2025-03-09T11:42:43+00:00","description":"El conector de placa de cable solar MC4 es duradero y antienvejecimiento, grado de protecci\u00f3n IP67, alta corriente que soporta materias primas de alta calidad, rendimiento de alto coste.","breadcrumb":{"@id":"https:\/\/www.jyiele.com\/product\/mc4-solar-panel-connectors\/#breadcrumb"},"inLanguage":"es","potentialAction":[{"@type":"ReadAction","target":["https:\/\/www.jyiele.com\/product\/mc4-solar-panel-connectors\/"]}]},{"@type":"ImageObject","inLanguage":"es","@id":"https:\/\/www.jyiele.com\/product\/mc4-solar-panel-connectors\/#primaryimage","url":"https:\/\/www.jyiele.com\/wp-content\/uploads\/2024\/09\/MC4-Solar-cable-panel-connectors.webp","contentUrl":"https:\/\/www.jyiele.com\/wp-content\/uploads\/2024\/09\/MC4-Solar-cable-panel-connectors.webp","width":800,"height":800,"caption":"MC4 Solar cable panel connectors"},{"@type":"BreadcrumbList","@id":"https:\/\/www.jyiele.com\/product\/mc4-solar-panel-connectors\/#breadcrumb","itemListElement":[{"@type":"ListItem","position":1,"name":"Home","item":"https:\/\/www.jyiele.com\/"},{"@type":"ListItem","position":2,"name":"Product","item":"https:\/\/www.jyiele.com\/product\/"},{"@type":"ListItem","position":3,"name":"MC4 Connector","item":"https:\/\/www.jyiele.com\/product-category\/mc4-connector\/"},{"@type":"ListItem","position":4,"name":"Customized MC4 Solar cable panel connectors 1000V 1500V DC 50Amp"}]},{"@type":"WebSite","@id":"https:\/\/www.jyiele.com\/#website","url":"https:\/\/www.jyiele.com\/","name":"JYIELE","description":"Fabricante de disyuntores de vac\u00edo","publisher":{"@id":"https:\/\/www.jyiele.com\/#organization"},"potentialAction":[{"@type":"SearchAction","target":{"@type":"EntryPoint","urlTemplate":"https:\/\/www.jyiele.com\/?s={search_term_string}"},"query-input":{"@type":"PropertyValueSpecification","valueRequired":true,"valueName":"search_term_string"}}],"inLanguage":"es"},{"@type":"Organization","@id":"https:\/\/www.jyiele.com\/#organization","name":"JYIELE","url":"https:\/\/www.jyiele.com\/","logo":{"@type":"ImageObject","inLanguage":"es","@id":"https:\/\/www.jyiele.com\/#\/schema\/logo\/image\/","url":"https:\/\/www.jyiele.com\/wp-content\/uploads\/2024\/09\/cropped-jyele-1.webp","contentUrl":"https:\/\/www.jyiele.com\/wp-content\/uploads\/2024\/09\/cropped-jyele-1.webp","width":137,"height":60,"caption":"JYIELE"},"image":{"@id":"https:\/\/www.jyiele.com\/#\/schema\/logo\/image\/"}}]}},"_links":{"self":[{"href":"https:\/\/www.jyiele.com\/es\/wp-json\/wp\/v2\/product\/1328","targetHints":{"allow":["GET"]}}],"collection":[{"href":"https:\/\/www.jyiele.com\/es\/wp-json\/wp\/v2\/product"}],"about":[{"href":"https:\/\/www.jyiele.com\/es\/wp-json\/wp\/v2\/types\/product"}],"version-history":[{"count":2,"href":"https:\/\/www.jyiele.com\/es\/wp-json\/wp\/v2\/product\/1328\/revisions"}],"predecessor-version":[{"id":1473,"href":"https:\/\/www.jyiele.com\/es\/wp-json\/wp\/v2\/product\/1328\/revisions\/1473"}],"wp:featuredmedia":[{"embeddable":true,"href":"https:\/\/www.jyiele.com\/es\/wp-json\/wp\/v2\/media\/1330"}],"wp:attachment":[{"href":"https:\/\/www.jyiele.com\/es\/wp-json\/wp\/v2\/media?parent=1328"}],"wp:term":[{"taxonomy":"product_brand","embeddable":true,"href":"https:\/\/www.jyiele.com\/es\/wp-json\/wp\/v2\/product_brand?post=1328"},{"taxonomy":"product_cat","embeddable":true,"href":"https:\/\/www.jyiele.com\/es\/wp-json\/wp\/v2\/product_cat?post=1328"},{"taxonomy":"product_tag","embeddable":true,"href":"https:\/\/www.jyiele.com\/es\/wp-json\/wp\/v2\/product_tag?post=1328"}],"curies":[{"name":"wp","href":"https:\/\/api.w.org\/{rel}","templated":true}]}}