{"id":1454,"date":"2022-08-22T13:04:15","date_gmt":"2022-08-22T13:04:15","guid":{"rendered":"https:\/\/www.jy-electric.com\/?post_type=product&#038;p=1454"},"modified":"2024-10-09T13:06:15","modified_gmt":"2024-10-09T13:06:15","slug":"small-low-voltage-standoff-support-insulator","status":"publish","type":"product","link":"https:\/\/www.jyiele.com\/es\/product\/small-low-voltage-standoff-support-insulator\/","title":{"rendered":"Kleine SM-Serie Niederspannungs-Abstandshalter-Isolatoren"},"content":{"rendered":"<h2>Qu\u00e9 son los aisladores de pilar de baja tensi\u00f3n serie SM peque\u00f1os<\/h2>\n<p>Los aisladores de barra colectora de la serie SM son de dise\u00f1o en forma de barril, utilizando material DMC, construidos para aplicaciones de baja tensi\u00f3n de 660V a 4500V, mediante el apoyo de la barra colectora, son eficaces en la fijaci\u00f3n, el apoyo y el aislamiento, con excelentes propiedades aislantes, alta resistencia, resistencia a altas temperaturas y seguridad fiable, son la soluci\u00f3n preferida para la fijaci\u00f3n de la barra colectora en los armarios de distribuci\u00f3n de BT.<\/p>\n<h2>Caracter\u00edsticas del producto<\/h2>\n<p>Alta seguridad: el uso de materiales aislantes de alta calidad puede evitar eficazmente las fugas de corriente y garantizar el funcionamiento seguro del sistema el\u00e9ctrico.<br \/>\nGran resistencia a la intemperie: con buena resistencia al calor, al fr\u00edo y a los rayos UV, puede adaptarse a todo tipo de condiciones clim\u00e1ticas adversas y prolongar su vida \u00fatil.<br \/>\nInstalaci\u00f3n c\u00f3moda: su peque\u00f1o dise\u00f1o facilita la instalaci\u00f3n y el mantenimiento, reduciendo el tiempo de construcci\u00f3n y los costes de mano de obra.<br \/>\nLigeros: Su menor peso en comparaci\u00f3n con los aislantes tradicionales reduce la tensi\u00f3n sobre la estructura de soporte y es adecuado para una amplia gama de entornos.<br \/>\nRentabilidad: Costes de producci\u00f3n reducidos y mayor econom\u00eda gracias a materiales y procesos eficientes, adecuados para aplicaciones a gran escala.<br \/>\nBuen rendimiento el\u00e9ctrico: con excelentes propiedades aislantes, puede prevenir eficazmente los fen\u00f3menos de arco el\u00e9ctrico y aver\u00eda, garantizando un funcionamiento estable de los sistemas de energ\u00eda.<\/p>\n<figure class=\"wp-block-table\">\n<div class=\"scroll\">\n<table>\n<tbody>\n<tr>\n<td rowspan=\"12\" width=\"160\"><img fetchpriority=\"high\" decoding=\"async\" class=\"alignnone wp-image-1455\" src=\"https:\/\/www.jy-electric.com\/wp-content\/uploads\/2024\/09\/Low-voltage-bearing-insulator-drawing-145x300.webp\" alt=\"Dibujo del aislador de rodamientos de baja tensi\u00f3n\" width=\"237\" height=\"490\" srcset=\"https:\/\/www.jyiele.com\/wp-content\/uploads\/2024\/09\/Low-voltage-bearing-insulator-drawing-145x300.webp 145w, https:\/\/www.jyiele.com\/wp-content\/uploads\/2024\/09\/Low-voltage-bearing-insulator-drawing-6x12.webp 6w, https:\/\/www.jyiele.com\/wp-content\/uploads\/2024\/09\/Low-voltage-bearing-insulator-drawing.webp 224w\" sizes=\"(max-width: 237px) 100vw, 237px\" \/><\/td>\n<td width=\"70\">Modelo<\/td>\n<td width=\"65\">D(mm)<\/td>\n<td width=\"59\">H(mm)<\/td>\n<td width=\"102\">espiral de huella dactilar<\/td>\n<td width=\"105\">personalizable<\/td>\n<\/tr>\n<tr>\n<td width=\"70\">SM20<\/td>\n<td width=\"65\">17<\/td>\n<td width=\"59\">20<\/td>\n<td width=\"102\">M5\/M6<\/td>\n<td rowspan=\"11\" width=\"105\">Disponemos de moldes personalizados para requisitos especiales<\/td>\n<\/tr>\n<tr>\n<td width=\"70\">SM25<\/td>\n<td width=\"65\">30<\/td>\n<td width=\"59\">25<\/td>\n<td width=\"102\">M5<\/td>\n<\/tr>\n<tr>\n<td width=\"70\">SM30<\/td>\n<td width=\"65\">32<\/td>\n<td width=\"59\">30<\/td>\n<td width=\"102\">M6\/M8<\/td>\n<\/tr>\n<tr>\n<td width=\"70\">SM35<\/td>\n<td width=\"65\">32<\/td>\n<td width=\"59\">35<\/td>\n<td width=\"102\">M6\/M8<\/td>\n<\/tr>\n<tr>\n<td width=\"70\">SM40<\/td>\n<td width=\"65\">40<\/td>\n<td width=\"59\">40<\/td>\n<td width=\"102\">M6\/M8<\/td>\n<\/tr>\n<tr>\n<td width=\"70\">SM45<\/td>\n<td width=\"65\">36<\/td>\n<td width=\"59\">45<\/td>\n<td width=\"102\">M6\/M8<\/td>\n<\/tr>\n<tr>\n<td width=\"70\">SM51<\/td>\n<td width=\"65\">36<\/td>\n<td width=\"59\">51<\/td>\n<td width=\"102\">M8\/M10<\/td>\n<\/tr>\n<tr>\n<td width=\"70\">SM60<\/td>\n<td width=\"65\">46<\/td>\n<td width=\"59\">60<\/td>\n<td width=\"102\">M8\/M10<\/td>\n<\/tr>\n<tr>\n<td width=\"70\">SM76<\/td>\n<td width=\"65\">50<\/td>\n<td width=\"59\">76<\/td>\n<td width=\"102\">M10\/M12<\/td>\n<\/tr>\n<tr>\n<td width=\"70\">SM80<\/td>\n<td width=\"65\">50<\/td>\n<td width=\"59\">80<\/td>\n<td width=\"102\">M10\/M12<\/td>\n<\/tr>\n<tr>\n<td width=\"70\">SM100<\/td>\n<td width=\"65\">65<\/td>\n<td width=\"59\">100<\/td>\n<td width=\"102\">M10\/M12<\/td>\n<\/tr>\n<\/tbody>\n<\/table>\n<\/div>\n<\/figure>\n<p>&nbsp;<\/p>\n<p>&nbsp;<\/p>","protected":false},"excerpt":{"rendered":"<p>Los aisladores de pilar de baja tensi\u00f3n peque\u00f1os de la serie SM son adecuados para armarios de distribuci\u00f3n de baja tensi\u00f3n, inversores y conmutadores, etc. Se utilizan principalmente para conectar barras colectoras, proporcionando soporte aislante y distancia de seguridad para garantizar el aislamiento el\u00e9ctrico.<\/p>\n<h2>Par\u00e1metros del producto:<\/h2>\n<p>Modelo Aislador SM<br \/>\nTemperatura de funcionamiento: -40\u00b0C a +140\u00b0C<br \/>\nMaterial del inserto: Disponible en lat\u00f3n o hierro<br \/>\nComposici\u00f3n del material: Pl\u00e1stico de compresi\u00f3n reforzado con fibra de vidrio de resina de poli\u00e9ster insaturada (BMC\/SMC)<br \/>\nOpciones de personalizaci\u00f3n: Apoyar la personalizaci\u00f3n no est\u00e1ndar, colores, insertos y materiales se pueden ajustar de acuerdo a las necesidades del cliente.<br \/>\nTornillos de montaje: opcional<br \/>\nClasificaci\u00f3n al fuego: UL94-V0<br \/>\nTodos los productos han superado las certificaciones CE, SGS y ROHS.<\/p>","protected":false},"featured_media":1456,"template":"","meta":{"site-sidebar-layout":"default","site-content-layout":"","ast-site-content-layout":"default","site-content-style":"default","site-sidebar-style":"default","ast-global-header-display":"","ast-banner-title-visibility":"","ast-main-header-display":"","ast-hfb-above-header-display":"","ast-hfb-below-header-display":"","ast-hfb-mobile-header-display":"","site-post-title":"","ast-breadcrumbs-content":"","ast-featured-img":"","footer-sml-layout":"","ast-disable-related-posts":"","theme-transparent-header-meta":"default","adv-header-id-meta":"","stick-header-meta":"","header-above-stick-meta":"","header-main-stick-meta":"","header-below-stick-meta":"","astra-migrate-meta-layouts":"set","ast-page-background-enabled":"default","ast-page-background-meta":{"desktop":{"background-color":"var(--ast-global-color-4)","background-image":"","background-repeat":"repeat","background-position":"center center","background-size":"auto","background-attachment":"scroll","background-type":"","background-media":"","overlay-type":"","overlay-color":"","overlay-opacity":"","overlay-gradient":""},"tablet":{"background-color":"","background-image":"","background-repeat":"repeat","background-position":"center center","background-size":"auto","background-attachment":"scroll","background-type":"","background-media":"","overlay-type":"","overlay-color":"","overlay-opacity":"","overlay-gradient":""},"mobile":{"background-color":"","background-image":"","background-repeat":"repeat","background-position":"center center","background-size":"auto","background-attachment":"scroll","background-type":"","background-media":"","overlay-type":"","overlay-color":"","overlay-opacity":"","overlay-gradient":""}},"ast-content-background-meta":{"desktop":{"background-color":"var(--ast-global-color-5)","background-image":"","background-repeat":"repeat","background-position":"center center","background-size":"auto","background-attachment":"scroll","background-type":"","background-media":"","overlay-type":"","overlay-color":"","overlay-opacity":"","overlay-gradient":""},"tablet":{"background-color":"var(--ast-global-color-5)","background-image":"","background-repeat":"repeat","background-position":"center center","background-size":"auto","background-attachment":"scroll","background-type":"","background-media":"","overlay-type":"","overlay-color":"","overlay-opacity":"","overlay-gradient":""},"mobile":{"background-color":"var(--ast-global-color-5)","background-image":"","background-repeat":"repeat","background-position":"center center","background-size":"auto","background-attachment":"scroll","background-type":"","background-media":"","overlay-type":"","overlay-color":"","overlay-opacity":"","overlay-gradient":""}}},"product_brand":[],"product_cat":[22],"product_tag":[],"class_list":{"0":"post-1454","1":"product","2":"type-product","3":"status-publish","4":"has-post-thumbnail","6":"product_cat-low-voltage-insulator","7":"desktop-align-left","8":"tablet-align-left","9":"mobile-align-left","11":"first","12":"instock","13":"shipping-taxable","14":"product-type-simple"},"yoast_head":"<!-- This site is optimized with the Yoast SEO plugin v24.8.1 - https:\/\/yoast.com\/wordpress\/plugins\/seo\/ -->\n<title>China Small SM Series Low Voltage Standoff Support Insulator Supplier Or Manufacturer - JYIELE<\/title>\n<meta name=\"description\" content=\"JYIELE low voltage bearing insulators are made of high quality raw materials with good insulating performance and long service life, support OEM&amp;ODM customization, very cost-effective price, welcome to consult the price comparison!\" \/>\n<meta name=\"robots\" content=\"index, follow, max-snippet:-1, max-image-preview:large, max-video-preview:-1\" \/>\n<link rel=\"canonical\" href=\"https:\/\/www.jyiele.com\/es\/product\/small-low-voltage-standoff-support-insulator\/\" \/>\n<meta property=\"og:locale\" content=\"es_ES\" \/>\n<meta property=\"og:type\" content=\"article\" \/>\n<meta property=\"og:title\" content=\"China Small SM Series Low Voltage Standoff Support Insulator Supplier Or Manufacturer - JYIELE\" \/>\n<meta property=\"og:description\" content=\"JYIELE low voltage bearing insulators are made of high quality raw materials with good insulating performance and long service life, support OEM&amp;ODM customization, very cost-effective price, welcome to consult the price comparison!\" \/>\n<meta property=\"og:url\" content=\"https:\/\/www.jyiele.com\/es\/product\/small-low-voltage-standoff-support-insulator\/\" \/>\n<meta property=\"og:site_name\" content=\"JYIELE\" \/>\n<meta property=\"article:modified_time\" content=\"2024-10-09T13:06:15+00:00\" \/>\n<meta property=\"og:image\" content=\"https:\/\/www.jyiele.com\/wp-content\/uploads\/2024\/09\/Small-SM-Series-Low-Voltage-Standoff-Support-Insulator.webp\" \/>\n\t<meta property=\"og:image:width\" content=\"800\" \/>\n\t<meta property=\"og:image:height\" content=\"800\" \/>\n\t<meta property=\"og:image:type\" content=\"image\/webp\" \/>\n<meta name=\"twitter:card\" content=\"summary_large_image\" \/>\n<meta name=\"twitter:label1\" content=\"Tiempo de lectura\" \/>\n\t<meta name=\"twitter:data1\" content=\"2 minutos\" \/>\n<script type=\"application\/ld+json\" class=\"yoast-schema-graph\">{\"@context\":\"https:\/\/schema.org\",\"@graph\":[{\"@type\":\"WebPage\",\"@id\":\"https:\/\/www.jyiele.com\/product\/small-low-voltage-standoff-support-insulator\/\",\"url\":\"https:\/\/www.jyiele.com\/product\/small-low-voltage-standoff-support-insulator\/\",\"name\":\"China Small SM Series Low Voltage Standoff Support Insulator Supplier Or Manufacturer - JYIELE\",\"isPartOf\":{\"@id\":\"https:\/\/www.jyiele.com\/#website\"},\"primaryImageOfPage\":{\"@id\":\"https:\/\/www.jyiele.com\/product\/small-low-voltage-standoff-support-insulator\/#primaryimage\"},\"image\":{\"@id\":\"https:\/\/www.jyiele.com\/product\/small-low-voltage-standoff-support-insulator\/#primaryimage\"},\"thumbnailUrl\":\"https:\/\/www.jyiele.com\/wp-content\/uploads\/2024\/09\/Small-SM-Series-Low-Voltage-Standoff-Support-Insulator.webp\",\"datePublished\":\"2022-08-22T13:04:15+00:00\",\"dateModified\":\"2024-10-09T13:06:15+00:00\",\"description\":\"JYIELE low voltage bearing insulators are made of high quality raw materials with good insulating performance and long service life, support OEM&ODM customization, very cost-effective price, welcome to consult the price comparison!\",\"breadcrumb\":{\"@id\":\"https:\/\/www.jyiele.com\/product\/small-low-voltage-standoff-support-insulator\/#breadcrumb\"},\"inLanguage\":\"es\",\"potentialAction\":[{\"@type\":\"ReadAction\",\"target\":[\"https:\/\/www.jyiele.com\/product\/small-low-voltage-standoff-support-insulator\/\"]}]},{\"@type\":\"ImageObject\",\"inLanguage\":\"es\",\"@id\":\"https:\/\/www.jyiele.com\/product\/small-low-voltage-standoff-support-insulator\/#primaryimage\",\"url\":\"https:\/\/www.jyiele.com\/wp-content\/uploads\/2024\/09\/Small-SM-Series-Low-Voltage-Standoff-Support-Insulator.webp\",\"contentUrl\":\"https:\/\/www.jyiele.com\/wp-content\/uploads\/2024\/09\/Small-SM-Series-Low-Voltage-Standoff-Support-Insulator.webp\",\"width\":800,\"height\":800,\"caption\":\"Small SM Series Low Voltage Standoff Support Insulator\"},{\"@type\":\"BreadcrumbList\",\"@id\":\"https:\/\/www.jyiele.com\/product\/small-low-voltage-standoff-support-insulator\/#breadcrumb\",\"itemListElement\":[{\"@type\":\"ListItem\",\"position\":1,\"name\":\"Home\",\"item\":\"https:\/\/www.jyiele.com\/\"},{\"@type\":\"ListItem\",\"position\":2,\"name\":\"Product\",\"item\":\"https:\/\/www.jyiele.com\/product\/\"},{\"@type\":\"ListItem\",\"position\":3,\"name\":\"Low Voltage Insulator\",\"item\":\"https:\/\/www.jyiele.com\/product-category\/low-voltage-insulator\/\"},{\"@type\":\"ListItem\",\"position\":4,\"name\":\"Small SM Series Low Voltage Standoff Support Insulator\"}]},{\"@type\":\"WebSite\",\"@id\":\"https:\/\/www.jyiele.com\/#website\",\"url\":\"https:\/\/www.jyiele.com\/\",\"name\":\"JYIELE\",\"description\":\"Vacuum Circuit Breaker manufacturer\",\"publisher\":{\"@id\":\"https:\/\/www.jyiele.com\/#organization\"},\"potentialAction\":[{\"@type\":\"SearchAction\",\"target\":{\"@type\":\"EntryPoint\",\"urlTemplate\":\"https:\/\/www.jyiele.com\/?s={search_term_string}\"},\"query-input\":{\"@type\":\"PropertyValueSpecification\",\"valueRequired\":true,\"valueName\":\"search_term_string\"}}],\"inLanguage\":\"es\"},{\"@type\":\"Organization\",\"@id\":\"https:\/\/www.jyiele.com\/#organization\",\"name\":\"JYIELE\",\"url\":\"https:\/\/www.jyiele.com\/\",\"logo\":{\"@type\":\"ImageObject\",\"inLanguage\":\"es\",\"@id\":\"https:\/\/www.jyiele.com\/#\/schema\/logo\/image\/\",\"url\":\"https:\/\/www.jyiele.com\/wp-content\/uploads\/2024\/09\/cropped-jyele-1.webp\",\"contentUrl\":\"https:\/\/www.jyiele.com\/wp-content\/uploads\/2024\/09\/cropped-jyele-1.webp\",\"width\":137,\"height\":60,\"caption\":\"JYIELE\"},\"image\":{\"@id\":\"https:\/\/www.jyiele.com\/#\/schema\/logo\/image\/\"}}]}<\/script>\n<!-- \/ Yoast SEO plugin. -->","yoast_head_json":{"title":"China Small SM Series Aislador de Soporte de Baja Tensi\u00f3n Proveedor O Fabricante - JYIELE","description":"\u00a1JYIELE aisladores de rodamientos de baja tensi\u00f3n est\u00e1n hechos de materias primas de alta calidad con un buen rendimiento de aislamiento y larga vida \u00fatil, el apoyo OEM &amp; ODM personalizaci\u00f3n, precio muy rentable, bienvenido a consultar la comparaci\u00f3n de precios!","robots":{"index":"index","follow":"follow","max-snippet":"max-snippet:-1","max-image-preview":"max-image-preview:large","max-video-preview":"max-video-preview:-1"},"canonical":"https:\/\/www.jyiele.com\/es\/product\/small-low-voltage-standoff-support-insulator\/","og_locale":"es_ES","og_type":"article","og_title":"China Small SM Series Low Voltage Standoff Support Insulator Supplier Or Manufacturer - JYIELE","og_description":"JYIELE low voltage bearing insulators are made of high quality raw materials with good insulating performance and long service life, support OEM&ODM customization, very cost-effective price, welcome to consult the price comparison!","og_url":"https:\/\/www.jyiele.com\/es\/product\/small-low-voltage-standoff-support-insulator\/","og_site_name":"JYIELE","article_modified_time":"2024-10-09T13:06:15+00:00","og_image":[{"width":800,"height":800,"url":"https:\/\/www.jyiele.com\/wp-content\/uploads\/2024\/09\/Small-SM-Series-Low-Voltage-Standoff-Support-Insulator.webp","type":"image\/webp"}],"twitter_card":"summary_large_image","twitter_misc":{"Tiempo de lectura":"2 minutos"},"schema":{"@context":"https:\/\/schema.org","@graph":[{"@type":"WebPage","@id":"https:\/\/www.jyiele.com\/product\/small-low-voltage-standoff-support-insulator\/","url":"https:\/\/www.jyiele.com\/product\/small-low-voltage-standoff-support-insulator\/","name":"China Small SM Series Aislador de Soporte de Baja Tensi\u00f3n Proveedor O Fabricante - JYIELE","isPartOf":{"@id":"https:\/\/www.jyiele.com\/#website"},"primaryImageOfPage":{"@id":"https:\/\/www.jyiele.com\/product\/small-low-voltage-standoff-support-insulator\/#primaryimage"},"image":{"@id":"https:\/\/www.jyiele.com\/product\/small-low-voltage-standoff-support-insulator\/#primaryimage"},"thumbnailUrl":"https:\/\/www.jyiele.com\/wp-content\/uploads\/2024\/09\/Small-SM-Series-Low-Voltage-Standoff-Support-Insulator.webp","datePublished":"2022-08-22T13:04:15+00:00","dateModified":"2024-10-09T13:06:15+00:00","description":"\u00a1JYIELE aisladores de rodamientos de baja tensi\u00f3n est\u00e1n hechos de materias primas de alta calidad con un buen rendimiento de aislamiento y larga vida \u00fatil, el apoyo OEM &amp; ODM personalizaci\u00f3n, precio muy rentable, bienvenido a consultar la comparaci\u00f3n de precios!","breadcrumb":{"@id":"https:\/\/www.jyiele.com\/product\/small-low-voltage-standoff-support-insulator\/#breadcrumb"},"inLanguage":"es","potentialAction":[{"@type":"ReadAction","target":["https:\/\/www.jyiele.com\/product\/small-low-voltage-standoff-support-insulator\/"]}]},{"@type":"ImageObject","inLanguage":"es","@id":"https:\/\/www.jyiele.com\/product\/small-low-voltage-standoff-support-insulator\/#primaryimage","url":"https:\/\/www.jyiele.com\/wp-content\/uploads\/2024\/09\/Small-SM-Series-Low-Voltage-Standoff-Support-Insulator.webp","contentUrl":"https:\/\/www.jyiele.com\/wp-content\/uploads\/2024\/09\/Small-SM-Series-Low-Voltage-Standoff-Support-Insulator.webp","width":800,"height":800,"caption":"Small SM Series Low Voltage Standoff Support Insulator"},{"@type":"BreadcrumbList","@id":"https:\/\/www.jyiele.com\/product\/small-low-voltage-standoff-support-insulator\/#breadcrumb","itemListElement":[{"@type":"ListItem","position":1,"name":"Home","item":"https:\/\/www.jyiele.com\/"},{"@type":"ListItem","position":2,"name":"Product","item":"https:\/\/www.jyiele.com\/product\/"},{"@type":"ListItem","position":3,"name":"Low Voltage Insulator","item":"https:\/\/www.jyiele.com\/product-category\/low-voltage-insulator\/"},{"@type":"ListItem","position":4,"name":"Small SM Series Low Voltage Standoff Support Insulator"}]},{"@type":"WebSite","@id":"https:\/\/www.jyiele.com\/#website","url":"https:\/\/www.jyiele.com\/","name":"JYIELE","description":"Fabricante de disyuntores de vac\u00edo","publisher":{"@id":"https:\/\/www.jyiele.com\/#organization"},"potentialAction":[{"@type":"SearchAction","target":{"@type":"EntryPoint","urlTemplate":"https:\/\/www.jyiele.com\/?s={search_term_string}"},"query-input":{"@type":"PropertyValueSpecification","valueRequired":true,"valueName":"search_term_string"}}],"inLanguage":"es"},{"@type":"Organization","@id":"https:\/\/www.jyiele.com\/#organization","name":"JYIELE","url":"https:\/\/www.jyiele.com\/","logo":{"@type":"ImageObject","inLanguage":"es","@id":"https:\/\/www.jyiele.com\/#\/schema\/logo\/image\/","url":"https:\/\/www.jyiele.com\/wp-content\/uploads\/2024\/09\/cropped-jyele-1.webp","contentUrl":"https:\/\/www.jyiele.com\/wp-content\/uploads\/2024\/09\/cropped-jyele-1.webp","width":137,"height":60,"caption":"JYIELE"},"image":{"@id":"https:\/\/www.jyiele.com\/#\/schema\/logo\/image\/"}}]}},"_links":{"self":[{"href":"https:\/\/www.jyiele.com\/es\/wp-json\/wp\/v2\/product\/1454","targetHints":{"allow":["GET"]}}],"collection":[{"href":"https:\/\/www.jyiele.com\/es\/wp-json\/wp\/v2\/product"}],"about":[{"href":"https:\/\/www.jyiele.com\/es\/wp-json\/wp\/v2\/types\/product"}],"version-history":[{"count":4,"href":"https:\/\/www.jyiele.com\/es\/wp-json\/wp\/v2\/product\/1454\/revisions"}],"predecessor-version":[{"id":1458,"href":"https:\/\/www.jyiele.com\/es\/wp-json\/wp\/v2\/product\/1454\/revisions\/1458"}],"wp:featuredmedia":[{"embeddable":true,"href":"https:\/\/www.jyiele.com\/es\/wp-json\/wp\/v2\/media\/1456"}],"wp:attachment":[{"href":"https:\/\/www.jyiele.com\/es\/wp-json\/wp\/v2\/media?parent=1454"}],"wp:term":[{"taxonomy":"product_brand","embeddable":true,"href":"https:\/\/www.jyiele.com\/es\/wp-json\/wp\/v2\/product_brand?post=1454"},{"taxonomy":"product_cat","embeddable":true,"href":"https:\/\/www.jyiele.com\/es\/wp-json\/wp\/v2\/product_cat?post=1454"},{"taxonomy":"product_tag","embeddable":true,"href":"https:\/\/www.jyiele.com\/es\/wp-json\/wp\/v2\/product_tag?post=1454"}],"curies":[{"name":"wp","href":"https:\/\/api.w.org\/{rel}","templated":true}]}}