{"id":1627,"date":"2023-10-01T05:58:51","date_gmt":"2023-10-01T05:58:51","guid":{"rendered":"https:\/\/www.jy-electric.com\/?post_type=product&#038;p=1627"},"modified":"2024-10-09T13:07:14","modified_gmt":"2024-10-09T13:07:14","slug":"shear-bolt-connector","status":"publish","type":"product","link":"https:\/\/www.jyiele.com\/es\/product\/shear-bolt-connector\/","title":{"rendered":"Conector de perno cortante de aluminio serie BSM"},"content":{"rendered":"<p>Los conectores de perno de cizallamiento est\u00e1n dise\u00f1ados para optimizar la conexi\u00f3n entre el conductor y el dispositivo. El mecanismo de perno de cizallamiento garantiza una fijaci\u00f3n estable y fiable con una mayor eficacia de instalaci\u00f3n y un par de cizallamiento constante en comparaci\u00f3n con los m\u00e9todos de crimpado tradicionales. El cuerpo del tubo est\u00e1 fabricado con una aleaci\u00f3n de aluminio esta\u00f1ado con un dise\u00f1o de pared interior acanalada que ayuda a mejorar las propiedades el\u00e9ctricas y mec\u00e1nicas a la vez que reduce la necesidad de manipulaci\u00f3n manual.<\/p>\n<p>La aleaci\u00f3n de aluminio de alta resistencia est\u00e1 chapada en cobre y esta\u00f1ada para mejorar a\u00fan m\u00e1s la idoneidad del conductor y su durabilidad.<\/p>\n<p>Pernos de par: Fabricado con precisi\u00f3n mediante mecanizado CNC, el proceso de instalaci\u00f3n es sencillo y se puede asegurar f\u00e1cilmente con un peque\u00f1o n\u00famero de pernos hexagonales.<\/p>\n<h2>Descripci\u00f3n del componente<\/h2>\n<p>Cuerpo principal: de aleaci\u00f3n de aluminio de alta calidad, mediante proceso de forja y tratamiento de esta\u00f1ado, el espesor del esta\u00f1ado es superior a 7\u03bcm.<br \/>\nTornillo de apriete (tornillo de cizallamiento): Procesado en torno CNC, alta precisi\u00f3n.<br \/>\nPlaca deflectora intermedia: Los productos se dividen en tipo bloqueador de aceite y tipo no bloqueador de aceite, el tipo bloqueador de aceite est\u00e1 equipado con placa deflectora.<br \/>\nEngarce: A partir del modelo BSM-500\/630, el tubo de conexi\u00f3n elimina el dise\u00f1o de engarce.<\/p>\n<h2>Caracter\u00edsticas estructurales<\/h2>\n<p>Amplia aplicabilidad: Admite conductores en el rango de 10 mm\u00b2 a 1000 mm\u00b2 y es adecuado para una amplia gama de tipos y materiales de conductores;<br \/>\nDise\u00f1o duradero: adecuado para accesorios de cables de alta tensi\u00f3n de hasta 42 kV;<br \/>\nConexi\u00f3n fiable: los conductores se fijan en el tubo de empalme mediante tornillos preapretados para garantizar un contacto firme;<br \/>\nF\u00e1cil instalaci\u00f3n: su dise\u00f1o compacto permite una f\u00e1cil instalaci\u00f3n con una llave de tubo est\u00e1ndar;<br \/>\nInstrucciones de instalaci\u00f3n: no se necesitan herramientas especiales para la instalaci\u00f3n, basta con una llave de tubo normal. Cada conector o terminal de cable viene con una gu\u00eda de instalaci\u00f3n detallada, y el dise\u00f1o de doble tornillo de cabeza cortante garantiza una conexi\u00f3n segura y estable. Para evitar que el conductor se doble, se recomienda utilizar la herramienta de soporte correspondiente .<\/p>\n<h4 class=\"wp-block-heading\"><strong>Tabla de par\u00e1metros del conector de perno cortante<\/strong><\/h4>\n<figure class=\"wp-block-image size-full is-resized\"><img fetchpriority=\"high\" decoding=\"async\" class=\"alignnone wp-image-1634 size-full\" src=\"https:\/\/www.jy-electric.com\/wp-content\/uploads\/2024\/10\/Shear-Bolt-Connector-Parameter-Table.webp\" alt=\"Tabla de par\u00e1metros del conector de perno cortante\" width=\"660\" height=\"254\" srcset=\"https:\/\/www.jyiele.com\/wp-content\/uploads\/2024\/10\/Shear-Bolt-Connector-Parameter-Table.webp 660w, https:\/\/www.jyiele.com\/wp-content\/uploads\/2024\/10\/Shear-Bolt-Connector-Parameter-Table-300x115.webp 300w, https:\/\/www.jyiele.com\/wp-content\/uploads\/2024\/10\/Shear-Bolt-Connector-Parameter-Table-18x7.webp 18w, https:\/\/www.jyiele.com\/wp-content\/uploads\/2024\/10\/Shear-Bolt-Connector-Parameter-Table-600x231.webp 600w\" sizes=\"(max-width: 660px) 100vw, 660px\" \/><\/figure>\n<figure class=\"wp-block-table\">\n<div class=\"scroll\">\n<table>\n<tbody>\n<tr>\n<td rowspan=\"2\">TIPO<\/td>\n<td rowspan=\"2\">Cruz de alambre<br \/>\nsecci\u00f3n mm\u00b2<\/td>\n<td rowspan=\"2\">Con la central<br \/>\nbarrera<br \/>\n(s\u00ed \/no)<\/td>\n<td colspan=\"4\">Dimensiones (mm)<\/td>\n<td rowspan=\"2\">N\u00famero de<br \/>\nPerno<\/td>\n<td>Cabeza de tornillo<br \/>\nespecificaciones<\/td>\n<\/tr>\n<tr>\n<td>L1<\/td>\n<td>D2<\/td>\n<td>D1<\/td>\n<td>D2<\/td>\n<td>AF(mm)<\/td>\n<\/tr>\n<tr>\n<td>BSM-10\/35<\/td>\n<td>10-35<\/td>\n<td>S\u00ed<\/td>\n<td>45<\/td>\n<td>20<\/td>\n<td>19<\/td>\n<td>8.5<\/td>\n<td>2<\/td>\n<td>10<\/td>\n<\/tr>\n<tr>\n<td>BSM-25\/95<\/td>\n<td>25-95<\/td>\n<td>S\u00ed<\/td>\n<td>65<\/td>\n<td>30<\/td>\n<td>24<\/td>\n<td>12.8<\/td>\n<td>2<\/td>\n<td>13<\/td>\n<\/tr>\n<tr>\n<td>BSMU-25\/95<\/td>\n<td>25-95<\/td>\n<td>no<\/td>\n<td>65<\/td>\n<td><\/td>\n<td>24<\/td>\n<td>12.8<\/td>\n<td>2<\/td>\n<td>13<\/td>\n<\/tr>\n<tr>\n<td>BSM-35\/150<\/td>\n<td>35-150<\/td>\n<td>S\u00ed<\/td>\n<td>80<\/td>\n<td>35<\/td>\n<td>28<\/td>\n<td>15.8<\/td>\n<td>2<\/td>\n<td>17<\/td>\n<\/tr>\n<tr>\n<td>BSMU-35\/150<\/td>\n<td>35-150<\/td>\n<td>no<\/td>\n<td>80<\/td>\n<td><\/td>\n<td>28<\/td>\n<td>15.8<\/td>\n<td>2<\/td>\n<td>17<\/td>\n<\/tr>\n<tr>\n<td>BSM-95\/240<\/td>\n<td>95-240<\/td>\n<td>S\u00ed<\/td>\n<td>125<\/td>\n<td>60<\/td>\n<td>33<\/td>\n<td>20<\/td>\n<td>4<\/td>\n<td>19<\/td>\n<\/tr>\n<tr>\n<td>BSMU-95\/240<\/td>\n<td>95-240<\/td>\n<td>no<\/td>\n<td>125<\/td>\n<td><\/td>\n<td>33<\/td>\n<td>20<\/td>\n<td>4<\/td>\n<td>19<\/td>\n<\/tr>\n<tr>\n<td>BSM-95\/240-34<\/td>\n<td>95-240<\/td>\n<td>S\u00ed<\/td>\n<td>125<\/td>\n<td>60<\/td>\n<td>34<\/td>\n<td>22<\/td>\n<td>4<\/td>\n<td>19<\/td>\n<\/tr>\n<tr>\n<td>BSM-120\/300<\/td>\n<td>120-300<\/td>\n<td>S\u00ed<\/td>\n<td>140<\/td>\n<td>65<\/td>\n<td>37<\/td>\n<td>24<\/td>\n<td>4<\/td>\n<td>22<\/td>\n<\/tr>\n<tr>\n<td>BSMU-120\/300<\/td>\n<td>120-300<\/td>\n<td>no<\/td>\n<td>140<\/td>\n<td><\/td>\n<td>37<\/td>\n<td>24<\/td>\n<td>4<\/td>\n<td>22<\/td>\n<\/tr>\n<tr>\n<td>BSM-185\/400<\/td>\n<td>185-400<\/td>\n<td>S\u00ed<\/td>\n<td>170<\/td>\n<td>80<\/td>\n<td>42<\/td>\n<td>25.5<\/td>\n<td>6<\/td>\n<td>22<\/td>\n<\/tr>\n<tr>\n<td>BSMU-185\/400<\/td>\n<td>185-400<\/td>\n<td>no<\/td>\n<td>170<\/td>\n<td><\/td>\n<td>42<\/td>\n<td>25.5<\/td>\n<td>6<\/td>\n<td>22<\/td>\n<\/tr>\n<tr>\n<td>BSM-500\/630<\/td>\n<td>500-630<\/td>\n<td>S\u00ed<\/td>\n<td>200<\/td>\n<td>95<\/td>\n<td>50<\/td>\n<td>33<\/td>\n<td>6<\/td>\n<td>27<\/td>\n<\/tr>\n<tr>\n<td>BSMU-500\/630<\/td>\n<td>500-630<\/td>\n<td>no<\/td>\n<td>200<\/td>\n<td>95<\/td>\n<td>50<\/td>\n<td>33<\/td>\n<td>6<\/td>\n<td>27<\/td>\n<\/tr>\n<tr>\n<td>BSM-800\/1000<\/td>\n<td>800-1000<\/td>\n<td>S\u00ed<\/td>\n<td>230<\/td>\n<td>110<\/td>\n<td>60<\/td>\n<td>40.5<\/td>\n<td>8<\/td>\n<td>13<\/td>\n<\/tr>\n<\/tbody>\n<\/table>\n<\/div>\n<\/figure>\n<figure class=\"wp-block-image size-full is-resized\"><img decoding=\"async\" class=\"alignnone wp-image-1635 size-full\" src=\"https:\/\/www.jy-electric.com\/wp-content\/uploads\/2024\/10\/Shear-Bolt-Connector-Parameter.webp\" alt=\"Par\u00e1metro del conector del perno de cizallamiento\" width=\"923\" height=\"321\" srcset=\"https:\/\/www.jyiele.com\/wp-content\/uploads\/2024\/10\/Shear-Bolt-Connector-Parameter.webp 923w, https:\/\/www.jyiele.com\/wp-content\/uploads\/2024\/10\/Shear-Bolt-Connector-Parameter-300x104.webp 300w, https:\/\/www.jyiele.com\/wp-content\/uploads\/2024\/10\/Shear-Bolt-Connector-Parameter-768x267.webp 768w, https:\/\/www.jyiele.com\/wp-content\/uploads\/2024\/10\/Shear-Bolt-Connector-Parameter-18x6.webp 18w, https:\/\/www.jyiele.com\/wp-content\/uploads\/2024\/10\/Shear-Bolt-Connector-Parameter-600x209.webp 600w\" sizes=\"(max-width: 923px) 100vw, 923px\" \/><\/figure>\n<figure class=\"wp-block-table\">\n<div class=\"scroll\">\n<table>\n<tbody>\n<tr>\n<td rowspan=\"2\">TIPO<\/td>\n<td colspan=\"2\">Secci\u00f3n transversal del conductor<br \/>\n\u00e1rea mm?<\/td>\n<td rowspan=\"2\">Con la central<br \/>\nbarrera<br \/>\n(s\u00ed\/no)<\/td>\n<td colspan=\"5\">Tama\u00f1o (mm)<\/td>\n<td colspan=\"2\">N\u00famero de tornillos<\/td>\n<td colspan=\"2\">Especificaci\u00f3n de la cabeza del tornillo<br \/>\nAF(mm )<\/td>\n<\/tr>\n<tr>\n<td>L\u00ednea principal<\/td>\n<td>Ramal<\/td>\n<td>\u00a0\u00a0\u00a0L<\/td>\n<td>D1<\/td>\n<td>D2<\/td>\n<td>D3<\/td>\n<td>D4<\/td>\n<td>L\u00ednea principal<\/td>\n<td>Rama<br \/>\nl\u00ednea<\/td>\n<td>L\u00ednea principal<\/td>\n<td>Rama<br \/>\nl\u00ednea<\/td>\n<\/tr>\n<tr>\n<td>BSMB 25\/95-95\/240<\/td>\n<td>95-240<\/td>\n<td>25-95<\/td>\n<td>S\u00ed<\/td>\n<td>125<\/td>\n<td>24<\/td>\n<td>33<\/td>\n<td>33<\/td>\n<td>20<\/td>\n<td>2<\/td>\n<td>1<\/td>\n<td>19<\/td>\n<td>13<\/td>\n<\/tr>\n<tr>\n<td>BSMB 95\/240-185\/400<\/td>\n<td>185-400<\/td>\n<td>95-240<\/td>\n<td>S\u00ed<\/td>\n<td>170<\/td>\n<td>33<\/td>\n<td>42<\/td>\n<td>42<\/td>\n<td>25.5<\/td>\n<td>3<\/td>\n<td>2<\/td>\n<td>22<\/td>\n<td>19<\/td>\n<\/tr>\n<tr>\n<td>BSMB 185\/400-500<\/td>\n<td>500<\/td>\n<td>185-400<\/td>\n<td>S\u00ed<\/td>\n<td>190<\/td>\n<td>42<\/td>\n<td>25.5<\/td>\n<td>46<\/td>\n<td>30<\/td>\n<td>3<\/td>\n<td>3<\/td>\n<td>27<\/td>\n<td>22<\/td>\n<\/tr>\n<tr>\n<td>BSMB 185\/400-630<\/td>\n<td>630<\/td>\n<td>185-400<\/td>\n<td>S\u00ed<\/td>\n<td>200<\/td>\n<td>42<\/td>\n<td>50<\/td>\n<td>50<\/td>\n<td>33<\/td>\n<td>3<\/td>\n<td>3<\/td>\n<td>27<\/td>\n<td>22<\/td>\n<\/tr>\n<tr>\n<td>BSMB 500-800<\/td>\n<td>800<\/td>\n<td>500<\/td>\n<td>S\u00ed<\/td>\n<td>180<\/td>\n<td>46<\/td>\n<td>56<\/td>\n<td>56<\/td>\n<td>36<\/td>\n<td>4<\/td>\n<td>3<\/td>\n<td>13<\/td>\n<td>13<\/td>\n<\/tr>\n<tr>\n<td>BSMB 630-800<\/td>\n<td>800<\/td>\n<td>630<\/td>\n<td>S\u00ed<\/td>\n<td>180<\/td>\n<td>50<\/td>\n<td>56<\/td>\n<td>56<\/td>\n<td>36<\/td>\n<td>4<\/td>\n<td>3<\/td>\n<td>13<\/td>\n<td>13<\/td>\n<\/tr>\n<tr>\n<td>BSMB 630-1000<\/td>\n<td>1000<\/td>\n<td>630<\/td>\n<td>S\u00ed<\/td>\n<td>180<\/td>\n<td>50<\/td>\n<td>60<\/td>\n<td>60<\/td>\n<td>40<\/td>\n<td>4<\/td>\n<td>3<\/td>\n<td>13<\/td>\n<td>13<\/td>\n<\/tr>\n<tr>\n<td>BSMB 800-1000<\/td>\n<td>1000<\/td>\n<td>800<\/td>\n<td>S\u00ed<\/td>\n<td>180<\/td>\n<td>56<\/td>\n<td>60<\/td>\n<td>60<\/td>\n<td>40<\/td>\n<td>4<\/td>\n<td>3<\/td>\n<td>13<\/td>\n<td>13<\/td>\n<\/tr>\n<tr>\n<td>BSMB 95\/240-34-120\/300<\/td>\n<td>120-300<\/td>\n<td>95-240<\/td>\n<td>S\u00ed<\/td>\n<td>140<\/td>\n<td>34<\/td>\n<td>22<\/td>\n<td>37<\/td>\n<td>24<\/td>\n<td>2<\/td>\n<td>2<\/td>\n<td>22<\/td>\n<td>19<\/td>\n<\/tr>\n<tr>\n<td>BSMB 95\/240-34-500<\/td>\n<td>500<\/td>\n<td>95-240<\/td>\n<td>S\u00ed<\/td>\n<td>160<\/td>\n<td>34<\/td>\n<td>22<\/td>\n<td>46<\/td>\n<td>30<\/td>\n<td>3<\/td>\n<td>2<\/td>\n<td>19<\/td>\n<td>13<\/td>\n<\/tr>\n<\/tbody>\n<\/table>\n<\/div>\n<\/figure>\n<h4 class=\"wp-block-heading\"><strong>C\u00f3mo cortar cables correctamente<\/strong><\/h4>\n<p>Al instalar el conector de empalme, aseg\u00farese de introducir el cable completamente en el orificio del tubo: no debe quedar ning\u00fan espacio entre el cable y el conector de empalme.<\/p>\n<figure class=\"wp-block-gallery has-nested-images columns-default is-cropped wp-block-gallery-1 is-layout-flex wp-block-gallery-is-layout-flex\">\n<figure class=\"wp-block-image size-large\"><img decoding=\"async\" class=\"alignnone wp-image-1631 size-full\" src=\"https:\/\/www.jy-electric.com\/wp-content\/uploads\/2024\/10\/installing-splice-connector.webp\" alt=\"instalaci\u00f3n del conector de empalme\" width=\"1024\" height=\"191\" srcset=\"https:\/\/www.jyiele.com\/wp-content\/uploads\/2024\/10\/installing-splice-connector.webp 1024w, https:\/\/www.jyiele.com\/wp-content\/uploads\/2024\/10\/installing-splice-connector-300x56.webp 300w, https:\/\/www.jyiele.com\/wp-content\/uploads\/2024\/10\/installing-splice-connector-768x143.webp 768w, https:\/\/www.jyiele.com\/wp-content\/uploads\/2024\/10\/installing-splice-connector-18x3.webp 18w, https:\/\/www.jyiele.com\/wp-content\/uploads\/2024\/10\/installing-splice-connector-600x112.webp 600w\" sizes=\"(max-width: 1024px) 100vw, 1024px\" \/><\/figure>\n<\/figure>","protected":false},"excerpt":{"rendered":"<p>Los conectores de perno de cizalladura BSM constan de un cuerpo de aleaci\u00f3n de aluminio esta\u00f1ado, una cabeza de perno de cizalladura y un inserto, y son adecuados para conectar conductores de peque\u00f1o tama\u00f1o. Los pernos est\u00e1n fabricados con una aleaci\u00f3n especial de aluminio de alta resistencia con un dise\u00f1o de doble cizalladura y cabeza hexagonal, y est\u00e1n lubricados para garantizar una instalaci\u00f3n sin problemas. La cabeza del perno se cizalla autom\u00e1ticamente cuando se alcanza el par de apriete establecido, lo que garantiza que no se pueda desmontar, aumentando as\u00ed la seguridad. El cuerpo de la orejeta tambi\u00e9n es de aleaci\u00f3n de aluminio esta\u00f1ado con ranuras en el interior de los orificios del conductor para mejorar la estabilidad del contacto.<\/p>","protected":false},"featured_media":1630,"template":"","meta":{"site-sidebar-layout":"default","site-content-layout":"","ast-site-content-layout":"default","site-content-style":"default","site-sidebar-style":"default","ast-global-header-display":"","ast-banner-title-visibility":"","ast-main-header-display":"","ast-hfb-above-header-display":"","ast-hfb-below-header-display":"","ast-hfb-mobile-header-display":"","site-post-title":"","ast-breadcrumbs-content":"","ast-featured-img":"","footer-sml-layout":"","ast-disable-related-posts":"","theme-transparent-header-meta":"default","adv-header-id-meta":"","stick-header-meta":"","header-above-stick-meta":"","header-main-stick-meta":"","header-below-stick-meta":"","astra-migrate-meta-layouts":"set","ast-page-background-enabled":"default","ast-page-background-meta":{"desktop":{"background-color":"var(--ast-global-color-4)","background-image":"","background-repeat":"repeat","background-position":"center center","background-size":"auto","background-attachment":"scroll","background-type":"","background-media":"","overlay-type":"","overlay-color":"","overlay-opacity":"","overlay-gradient":""},"tablet":{"background-color":"","background-image":"","background-repeat":"repeat","background-position":"center center","background-size":"auto","background-attachment":"scroll","background-type":"","background-media":"","overlay-type":"","overlay-color":"","overlay-opacity":"","overlay-gradient":""},"mobile":{"background-color":"","background-image":"","background-repeat":"repeat","background-position":"center center","background-size":"auto","background-attachment":"scroll","background-type":"","background-media":"","overlay-type":"","overlay-color":"","overlay-opacity":"","overlay-gradient":""}},"ast-content-background-meta":{"desktop":{"background-color":"var(--ast-global-color-5)","background-image":"","background-repeat":"repeat","background-position":"center center","background-size":"auto","background-attachment":"scroll","background-type":"","background-media":"","overlay-type":"","overlay-color":"","overlay-opacity":"","overlay-gradient":""},"tablet":{"background-color":"var(--ast-global-color-5)","background-image":"","background-repeat":"repeat","background-position":"center center","background-size":"auto","background-attachment":"scroll","background-type":"","background-media":"","overlay-type":"","overlay-color":"","overlay-opacity":"","overlay-gradient":""},"mobile":{"background-color":"var(--ast-global-color-5)","background-image":"","background-repeat":"repeat","background-position":"center center","background-size":"auto","background-attachment":"scroll","background-type":"","background-media":"","overlay-type":"","overlay-color":"","overlay-opacity":"","overlay-gradient":""}}},"product_brand":[],"product_cat":[21],"product_tag":[],"class_list":{"0":"post-1627","1":"product","2":"type-product","3":"status-publish","4":"has-post-thumbnail","6":"product_cat-power-fittings","7":"desktop-align-left","8":"tablet-align-left","9":"mobile-align-left","11":"first","12":"instock","13":"shipping-taxable","14":"product-type-simple"},"yoast_head":"<!-- This site is optimized with the Yoast SEO plugin v24.8.1 - https:\/\/yoast.com\/wordpress\/plugins\/seo\/ -->\n<title>China Aluminum Shear Bolt Connector Manufacturers &amp; Suppliers - JYIELE<\/title>\n<meta name=\"description\" content=\"JYIELE&#039;s shear stud connectors are made of high-strength tinned aluminum alloy to ensure stable electrical performance, easy and efficient installation, and are suitable for a wide range of wire sizes.\" \/>\n<meta name=\"robots\" content=\"index, follow, max-snippet:-1, max-image-preview:large, max-video-preview:-1\" \/>\n<link rel=\"canonical\" href=\"https:\/\/www.jyiele.com\/es\/product\/shear-bolt-connector\/\" \/>\n<meta property=\"og:locale\" content=\"es_ES\" \/>\n<meta property=\"og:type\" content=\"article\" \/>\n<meta property=\"og:title\" content=\"China Aluminum Shear Bolt Connector Manufacturers &amp; Suppliers - JYIELE\" \/>\n<meta property=\"og:description\" content=\"JYIELE&#039;s shear stud connectors are made of high-strength tinned aluminum alloy to ensure stable electrical performance, easy and efficient installation, and are suitable for a wide range of wire sizes.\" \/>\n<meta property=\"og:url\" content=\"https:\/\/www.jyiele.com\/es\/product\/shear-bolt-connector\/\" \/>\n<meta property=\"og:site_name\" content=\"JYIELE\" \/>\n<meta property=\"article:modified_time\" content=\"2024-10-09T13:07:14+00:00\" \/>\n<meta property=\"og:image\" content=\"https:\/\/www.jyiele.com\/wp-content\/uploads\/2024\/10\/Aluminum-Shear-Bolt-Connector.webp\" \/>\n\t<meta property=\"og:image:width\" content=\"800\" \/>\n\t<meta property=\"og:image:height\" content=\"800\" \/>\n\t<meta property=\"og:image:type\" content=\"image\/webp\" \/>\n<meta name=\"twitter:card\" content=\"summary_large_image\" \/>\n<meta name=\"twitter:label1\" content=\"Tiempo de lectura\" \/>\n\t<meta name=\"twitter:data1\" content=\"4 minutos\" \/>\n<script type=\"application\/ld+json\" class=\"yoast-schema-graph\">{\"@context\":\"https:\/\/schema.org\",\"@graph\":[{\"@type\":\"WebPage\",\"@id\":\"https:\/\/www.jyiele.com\/product\/shear-bolt-connector\/\",\"url\":\"https:\/\/www.jyiele.com\/product\/shear-bolt-connector\/\",\"name\":\"China Aluminum Shear Bolt Connector Manufacturers & Suppliers - JYIELE\",\"isPartOf\":{\"@id\":\"https:\/\/www.jyiele.com\/#website\"},\"primaryImageOfPage\":{\"@id\":\"https:\/\/www.jyiele.com\/product\/shear-bolt-connector\/#primaryimage\"},\"image\":{\"@id\":\"https:\/\/www.jyiele.com\/product\/shear-bolt-connector\/#primaryimage\"},\"thumbnailUrl\":\"https:\/\/www.jyiele.com\/wp-content\/uploads\/2024\/10\/Aluminum-Shear-Bolt-Connector.webp\",\"datePublished\":\"2023-10-01T05:58:51+00:00\",\"dateModified\":\"2024-10-09T13:07:14+00:00\",\"description\":\"JYIELE's shear stud connectors are made of high-strength tinned aluminum alloy to ensure stable electrical performance, easy and efficient installation, and are suitable for a wide range of wire sizes.\",\"breadcrumb\":{\"@id\":\"https:\/\/www.jyiele.com\/product\/shear-bolt-connector\/#breadcrumb\"},\"inLanguage\":\"es\",\"potentialAction\":[{\"@type\":\"ReadAction\",\"target\":[\"https:\/\/www.jyiele.com\/product\/shear-bolt-connector\/\"]}]},{\"@type\":\"ImageObject\",\"inLanguage\":\"es\",\"@id\":\"https:\/\/www.jyiele.com\/product\/shear-bolt-connector\/#primaryimage\",\"url\":\"https:\/\/www.jyiele.com\/wp-content\/uploads\/2024\/10\/Aluminum-Shear-Bolt-Connector.webp\",\"contentUrl\":\"https:\/\/www.jyiele.com\/wp-content\/uploads\/2024\/10\/Aluminum-Shear-Bolt-Connector.webp\",\"width\":800,\"height\":800,\"caption\":\"Aluminum Shear Bolt Connector\"},{\"@type\":\"BreadcrumbList\",\"@id\":\"https:\/\/www.jyiele.com\/product\/shear-bolt-connector\/#breadcrumb\",\"itemListElement\":[{\"@type\":\"ListItem\",\"position\":1,\"name\":\"Home\",\"item\":\"https:\/\/www.jyiele.com\/\"},{\"@type\":\"ListItem\",\"position\":2,\"name\":\"Product\",\"item\":\"https:\/\/www.jyiele.com\/product\/\"},{\"@type\":\"ListItem\",\"position\":3,\"name\":\"Power Fittings\",\"item\":\"https:\/\/www.jyiele.com\/product-category\/power-fittings\/\"},{\"@type\":\"ListItem\",\"position\":4,\"name\":\"BSM Series Aluminum Shear Bolt Connector\"}]},{\"@type\":\"WebSite\",\"@id\":\"https:\/\/www.jyiele.com\/#website\",\"url\":\"https:\/\/www.jyiele.com\/\",\"name\":\"JYIELE\",\"description\":\"Vacuum Circuit Breaker manufacturer\",\"publisher\":{\"@id\":\"https:\/\/www.jyiele.com\/#organization\"},\"potentialAction\":[{\"@type\":\"SearchAction\",\"target\":{\"@type\":\"EntryPoint\",\"urlTemplate\":\"https:\/\/www.jyiele.com\/?s={search_term_string}\"},\"query-input\":{\"@type\":\"PropertyValueSpecification\",\"valueRequired\":true,\"valueName\":\"search_term_string\"}}],\"inLanguage\":\"es\"},{\"@type\":\"Organization\",\"@id\":\"https:\/\/www.jyiele.com\/#organization\",\"name\":\"JYIELE\",\"url\":\"https:\/\/www.jyiele.com\/\",\"logo\":{\"@type\":\"ImageObject\",\"inLanguage\":\"es\",\"@id\":\"https:\/\/www.jyiele.com\/#\/schema\/logo\/image\/\",\"url\":\"https:\/\/www.jyiele.com\/wp-content\/uploads\/2024\/09\/cropped-jyele-1.webp\",\"contentUrl\":\"https:\/\/www.jyiele.com\/wp-content\/uploads\/2024\/09\/cropped-jyele-1.webp\",\"width\":137,\"height\":60,\"caption\":\"JYIELE\"},\"image\":{\"@id\":\"https:\/\/www.jyiele.com\/#\/schema\/logo\/image\/\"}}]}<\/script>\n<!-- \/ Yoast SEO plugin. -->","yoast_head_json":{"title":"China Conector de aluminio del perno de esquileo Fabricantes &amp; Proveedores - JYIELE","description":"Los conectores de perno cortante de JYIELE est\u00e1n fabricados con aleaci\u00f3n de aluminio esta\u00f1ado de alta resistencia para garantizar un rendimiento el\u00e9ctrico estable, una instalaci\u00f3n f\u00e1cil y eficiente, y son adecuados para una amplia gama de tama\u00f1os de cable.","robots":{"index":"index","follow":"follow","max-snippet":"max-snippet:-1","max-image-preview":"max-image-preview:large","max-video-preview":"max-video-preview:-1"},"canonical":"https:\/\/www.jyiele.com\/es\/product\/shear-bolt-connector\/","og_locale":"es_ES","og_type":"article","og_title":"China Aluminum Shear Bolt Connector Manufacturers & Suppliers - JYIELE","og_description":"JYIELE's shear stud connectors are made of high-strength tinned aluminum alloy to ensure stable electrical performance, easy and efficient installation, and are suitable for a wide range of wire sizes.","og_url":"https:\/\/www.jyiele.com\/es\/product\/shear-bolt-connector\/","og_site_name":"JYIELE","article_modified_time":"2024-10-09T13:07:14+00:00","og_image":[{"width":800,"height":800,"url":"https:\/\/www.jyiele.com\/wp-content\/uploads\/2024\/10\/Aluminum-Shear-Bolt-Connector.webp","type":"image\/webp"}],"twitter_card":"summary_large_image","twitter_misc":{"Tiempo de lectura":"4 minutos"},"schema":{"@context":"https:\/\/schema.org","@graph":[{"@type":"WebPage","@id":"https:\/\/www.jyiele.com\/product\/shear-bolt-connector\/","url":"https:\/\/www.jyiele.com\/product\/shear-bolt-connector\/","name":"China Conector de aluminio del perno de esquileo Fabricantes &amp; Proveedores - JYIELE","isPartOf":{"@id":"https:\/\/www.jyiele.com\/#website"},"primaryImageOfPage":{"@id":"https:\/\/www.jyiele.com\/product\/shear-bolt-connector\/#primaryimage"},"image":{"@id":"https:\/\/www.jyiele.com\/product\/shear-bolt-connector\/#primaryimage"},"thumbnailUrl":"https:\/\/www.jyiele.com\/wp-content\/uploads\/2024\/10\/Aluminum-Shear-Bolt-Connector.webp","datePublished":"2023-10-01T05:58:51+00:00","dateModified":"2024-10-09T13:07:14+00:00","description":"Los conectores de perno cortante de JYIELE est\u00e1n fabricados con aleaci\u00f3n de aluminio esta\u00f1ado de alta resistencia para garantizar un rendimiento el\u00e9ctrico estable, una instalaci\u00f3n f\u00e1cil y eficiente, y son adecuados para una amplia gama de tama\u00f1os de cable.","breadcrumb":{"@id":"https:\/\/www.jyiele.com\/product\/shear-bolt-connector\/#breadcrumb"},"inLanguage":"es","potentialAction":[{"@type":"ReadAction","target":["https:\/\/www.jyiele.com\/product\/shear-bolt-connector\/"]}]},{"@type":"ImageObject","inLanguage":"es","@id":"https:\/\/www.jyiele.com\/product\/shear-bolt-connector\/#primaryimage","url":"https:\/\/www.jyiele.com\/wp-content\/uploads\/2024\/10\/Aluminum-Shear-Bolt-Connector.webp","contentUrl":"https:\/\/www.jyiele.com\/wp-content\/uploads\/2024\/10\/Aluminum-Shear-Bolt-Connector.webp","width":800,"height":800,"caption":"Aluminum Shear Bolt Connector"},{"@type":"BreadcrumbList","@id":"https:\/\/www.jyiele.com\/product\/shear-bolt-connector\/#breadcrumb","itemListElement":[{"@type":"ListItem","position":1,"name":"Home","item":"https:\/\/www.jyiele.com\/"},{"@type":"ListItem","position":2,"name":"Product","item":"https:\/\/www.jyiele.com\/product\/"},{"@type":"ListItem","position":3,"name":"Power Fittings","item":"https:\/\/www.jyiele.com\/product-category\/power-fittings\/"},{"@type":"ListItem","position":4,"name":"BSM Series Aluminum Shear Bolt Connector"}]},{"@type":"WebSite","@id":"https:\/\/www.jyiele.com\/#website","url":"https:\/\/www.jyiele.com\/","name":"JYIELE","description":"Fabricante de disyuntores de vac\u00edo","publisher":{"@id":"https:\/\/www.jyiele.com\/#organization"},"potentialAction":[{"@type":"SearchAction","target":{"@type":"EntryPoint","urlTemplate":"https:\/\/www.jyiele.com\/?s={search_term_string}"},"query-input":{"@type":"PropertyValueSpecification","valueRequired":true,"valueName":"search_term_string"}}],"inLanguage":"es"},{"@type":"Organization","@id":"https:\/\/www.jyiele.com\/#organization","name":"JYIELE","url":"https:\/\/www.jyiele.com\/","logo":{"@type":"ImageObject","inLanguage":"es","@id":"https:\/\/www.jyiele.com\/#\/schema\/logo\/image\/","url":"https:\/\/www.jyiele.com\/wp-content\/uploads\/2024\/09\/cropped-jyele-1.webp","contentUrl":"https:\/\/www.jyiele.com\/wp-content\/uploads\/2024\/09\/cropped-jyele-1.webp","width":137,"height":60,"caption":"JYIELE"},"image":{"@id":"https:\/\/www.jyiele.com\/#\/schema\/logo\/image\/"}}]}},"_links":{"self":[{"href":"https:\/\/www.jyiele.com\/es\/wp-json\/wp\/v2\/product\/1627","targetHints":{"allow":["GET"]}}],"collection":[{"href":"https:\/\/www.jyiele.com\/es\/wp-json\/wp\/v2\/product"}],"about":[{"href":"https:\/\/www.jyiele.com\/es\/wp-json\/wp\/v2\/types\/product"}],"version-history":[{"count":3,"href":"https:\/\/www.jyiele.com\/es\/wp-json\/wp\/v2\/product\/1627\/revisions"}],"predecessor-version":[{"id":1629,"href":"https:\/\/www.jyiele.com\/es\/wp-json\/wp\/v2\/product\/1627\/revisions\/1629"}],"wp:featuredmedia":[{"embeddable":true,"href":"https:\/\/www.jyiele.com\/es\/wp-json\/wp\/v2\/media\/1630"}],"wp:attachment":[{"href":"https:\/\/www.jyiele.com\/es\/wp-json\/wp\/v2\/media?parent=1627"}],"wp:term":[{"taxonomy":"product_brand","embeddable":true,"href":"https:\/\/www.jyiele.com\/es\/wp-json\/wp\/v2\/product_brand?post=1627"},{"taxonomy":"product_cat","embeddable":true,"href":"https:\/\/www.jyiele.com\/es\/wp-json\/wp\/v2\/product_cat?post=1627"},{"taxonomy":"product_tag","embeddable":true,"href":"https:\/\/www.jyiele.com\/es\/wp-json\/wp\/v2\/product_tag?post=1627"}],"curies":[{"name":"wp","href":"https:\/\/api.w.org\/{rel}","templated":true}]}}