{"id":1654,"date":"2024-11-03T08:03:27","date_gmt":"2024-11-03T08:03:27","guid":{"rendered":"https:\/\/www.jy-electric.com\/?post_type=product&#038;p=1654"},"modified":"2025-03-09T11:43:21","modified_gmt":"2025-03-09T11:43:21","slug":"mc4-branch-connector","status":"publish","type":"product","link":"https:\/\/www.jyiele.com\/es\/product\/mc4-branch-connector\/","title":{"rendered":"Conector de derivaci\u00f3n Mc4 Un par de conectores macho hembra 1000V 1500V CC 50Amp uno dentro cuatro fuera sistema solar impermeable"},"content":{"rendered":"<h2>Conector de circuito derivado Mc4 Descripci\u00f3n del producto<\/h2>\n<p><strong>Material PPO de alta calidad<\/strong><br \/>\nAdopta material PPO duradero, con resistencia a la radiaci\u00f3n, baja temperatura, alta temperatura, resistencia al impacto, retardante de llama y excelente rendimiento impermeable, adecuado para una variedad de entornos dif\u00edciles.<\/p>\n<p><strong>Conductor de cobre T2<\/strong><br \/>\nEquipado con conductor de cobre abierto opcional tipo U o tipo O, tratamiento de esta\u00f1ado de cobre o plateado de cobre, con excelente resistencia al desgaste, resistencia a la corrosi\u00f3n, resistencia a la oxidaci\u00f3n, baja resistencia y fuerte conductividad.<\/p>\n<p><strong>Anillo impermeable de alta resistencia<\/strong><br \/>\nEl uso de un anillo impermeable de alta resistencia incrustado con silicona, para garantizar la impermeabilidad y la resistencia al polvo, para alcanzar el nivel de protecci\u00f3n IP68, para garantizar que el conector puede seguir funcionando con seguridad en condiciones adversas.<\/p>\n<p><strong>Estructura autobloqueante<\/strong><br \/>\nLos conectores macho y hembra adoptan una estructura de autobloqueo estable, que proporciona una conexi\u00f3n fuerte y puede abrirse y cerrarse f\u00e1cilmente, garantizando una instalaci\u00f3n y desmontaje sencillos.<\/p>\n<p><strong>Estructura impermeable integrada<\/strong><br \/>\nDise\u00f1o estructural simple, mejor rendimiento impermeable, montaje f\u00e1cil y r\u00e1pido.<\/p>\n<h2>Par\u00e1metros del producto<\/h2>\n<figure class=\"wp-block-table\">\n<div class=\"scroll\">\n<table>\n<tbody>\n<tr>\n<td>N\u00famero de serie<\/td>\n<td>Par\u00e1metro<\/td>\n<td>Par\u00e1metro<\/td>\n<\/tr>\n<tr>\n<td>1<\/td>\n<td>Tipo<\/td>\n<td>Conector fusible solar<\/td>\n<\/tr>\n<tr>\n<td>2<\/td>\n<td>Tensi\u00f3n nominal<\/td>\n<td>1000V \/ 1500V CC<\/td>\n<\/tr>\n<tr>\n<td>3<\/td>\n<td>Corriente nominal<\/td>\n<td>2A-45A<\/td>\n<\/tr>\n<tr>\n<td>4<\/td>\n<td>Tensi\u00f3n de prueba<\/td>\n<td>8000V(50Hz,1min)<\/td>\n<\/tr>\n<tr>\n<td>5<\/td>\n<td>Temperatura<\/td>\n<td>-40\u00b0C ...+90\u00b0C<\/td>\n<\/tr>\n<tr>\n<td>6<\/td>\n<td>Temperatura l\u00edmite superior<\/td>\n<td>+105\u00b0C<\/td>\n<\/tr>\n<tr>\n<td>7<\/td>\n<td>Grado de protecci\u00f3n<\/td>\n<td>IP2X\/ IP68<\/td>\n<\/tr>\n<tr>\n<td>8<\/td>\n<td>Resistencia de contacto de los conectores<\/td>\n<td>0,5m\u03a9<\/td>\n<\/tr>\n<tr>\n<td>9<\/td>\n<td>Clase de seguridad<\/td>\n<td>\u2161<\/td>\n<\/tr>\n<tr>\n<td>10<\/td>\n<td>Material de contacto<\/td>\n<td>Cobre, esta\u00f1ado<\/td>\n<\/tr>\n<tr>\n<td>11<\/td>\n<td>Material aislante<\/td>\n<td>PPO<\/td>\n<\/tr>\n<tr>\n<td>12<\/td>\n<td>Fuerza de retirada\/Fuerza de inserci\u00f3n<\/td>\n<td>\u226550N\/\u226450N<\/td>\n<\/tr>\n<tr>\n<td>13<\/td>\n<td>Sistema de cierre<\/td>\n<td>Encaje a presi\u00f3n<\/td>\n<\/tr>\n<tr>\n<td>14<\/td>\n<td>Clase Flame<\/td>\n<td>UL-94-V0<\/td>\n<\/tr>\n<tr>\n<td>15<\/td>\n<td>N\u00famero de modelo<\/td>\n<td>RMC4.0-T4<\/td>\n<\/tr>\n<tr>\n<td>16<\/td>\n<td>G\u00e9nero<\/td>\n<td>Mujer \/ Hombre<\/td>\n<\/tr>\n<tr>\n<td>17<\/td>\n<td>Aplicaci\u00f3n<\/td>\n<td>Conector de cable solar<\/td>\n<\/tr>\n<tr>\n<td>18<\/td>\n<td>Tipo<\/td>\n<td>ADAPTADOR<\/td>\n<\/tr>\n<\/tbody>\n<\/table>\n<\/div>\n<\/figure>\n<h4 class=\"wp-block-heading\"><\/h4>\n<h2>\u00bfPor qu\u00e9 elegirnos?<\/h2>\n<p><strong>Ventajas estructurales<\/strong><br \/>\nEl dise\u00f1o impermeable integrado garantiza una mayor protecci\u00f3n.<br \/>\nEstructura compacta, el conductor y el aislamiento est\u00e1n estrechamente combinados, baja fuerza de inserci\u00f3n, admite el uso de cables flexibles.<br \/>\nF\u00e1cil de montar, ahorra tiempo.<\/p>\n<p><strong>Grado de impermeabilidad<\/strong><br \/>\nCon el grado de impermeabilidad IP68, el efecto impermeable es excepcional, adecuado para uso en exteriores.<\/p>\n<p><strong>Material de alta calidad<\/strong><br \/>\nUtilizando material PPO de alta calidad, resistente a las altas temperaturas y a la corrosi\u00f3n, con buen aislamiento el\u00e9ctrico y resistencia a los impactos.<br \/>\nEl conductor de cobre esta\u00f1ado T2 mejora a\u00fan m\u00e1s la conductividad y la durabilidad.<br \/>\n<strong>Especificaciones de cableado<\/strong><\/p>\n<p>Adecuado para cables de 3 mm a 7,5 mm, compatible con cables solares fotovoltaicos y cables electr\u00f3nicos de menor di\u00e1metro, flexible para una amplia gama de aplicaciones.<\/p>","protected":false},"excerpt":{"rendered":"<p><strong>Conector de derivaci\u00f3n MC4<\/strong> est\u00e1 dise\u00f1ado para sistemas de energ\u00eda solar, soporta alto voltaje y corriente, adecuado para diversos requisitos de potencia. Es resistente a altas y bajas temperaturas, certificado IP68 a prueba de agua y polvo, y puede funcionar de forma estable en entornos dif\u00edciles. Su f\u00e1cil instalaci\u00f3n y baja resistencia de contacto reducen la p\u00e9rdida de energ\u00eda. Al utilizar materiales ign\u00edfugos y contactos de cobre esta\u00f1ado, es seguro y duradero, ideal para conectar cables solares.<\/p>","protected":false},"featured_media":1657,"template":"","meta":{"site-sidebar-layout":"default","site-content-layout":"","ast-site-content-layout":"default","site-content-style":"default","site-sidebar-style":"default","ast-global-header-display":"","ast-banner-title-visibility":"","ast-main-header-display":"","ast-hfb-above-header-display":"","ast-hfb-below-header-display":"","ast-hfb-mobile-header-display":"","site-post-title":"","ast-breadcrumbs-content":"","ast-featured-img":"","footer-sml-layout":"","ast-disable-related-posts":"","theme-transparent-header-meta":"default","adv-header-id-meta":"","stick-header-meta":"","header-above-stick-meta":"","header-main-stick-meta":"","header-below-stick-meta":"","astra-migrate-meta-layouts":"set","ast-page-background-enabled":"default","ast-page-background-meta":{"desktop":{"background-color":"var(--ast-global-color-4)","background-image":"","background-repeat":"repeat","background-position":"center center","background-size":"auto","background-attachment":"scroll","background-type":"","background-media":"","overlay-type":"","overlay-color":"","overlay-opacity":"","overlay-gradient":""},"tablet":{"background-color":"","background-image":"","background-repeat":"repeat","background-position":"center center","background-size":"auto","background-attachment":"scroll","background-type":"","background-media":"","overlay-type":"","overlay-color":"","overlay-opacity":"","overlay-gradient":""},"mobile":{"background-color":"","background-image":"","background-repeat":"repeat","background-position":"center center","background-size":"auto","background-attachment":"scroll","background-type":"","background-media":"","overlay-type":"","overlay-color":"","overlay-opacity":"","overlay-gradient":""}},"ast-content-background-meta":{"desktop":{"background-color":"var(--ast-global-color-5)","background-image":"","background-repeat":"repeat","background-position":"center center","background-size":"auto","background-attachment":"scroll","background-type":"","background-media":"","overlay-type":"","overlay-color":"","overlay-opacity":"","overlay-gradient":""},"tablet":{"background-color":"var(--ast-global-color-5)","background-image":"","background-repeat":"repeat","background-position":"center center","background-size":"auto","background-attachment":"scroll","background-type":"","background-media":"","overlay-type":"","overlay-color":"","overlay-opacity":"","overlay-gradient":""},"mobile":{"background-color":"var(--ast-global-color-5)","background-image":"","background-repeat":"repeat","background-position":"center center","background-size":"auto","background-attachment":"scroll","background-type":"","background-media":"","overlay-type":"","overlay-color":"","overlay-opacity":"","overlay-gradient":""}}},"product_brand":[],"product_cat":[19],"product_tag":[],"class_list":{"0":"post-1654","1":"product","2":"type-product","3":"status-publish","4":"has-post-thumbnail","6":"product_cat-mc4-connector","7":"desktop-align-left","8":"tablet-align-left","9":"mobile-align-left","11":"first","12":"instock","13":"shipping-taxable","14":"product-type-simple"},"yoast_head":"<!-- This site is optimized with the Yoast SEO plugin v24.8.1 - https:\/\/yoast.com\/wordpress\/plugins\/seo\/ -->\n<title>China Mc4 Branch Connector Manufacturers &amp; Suppliers- JYIELE<\/title>\n<meta name=\"description\" content=\"Mc4 Branch Connector is suitable for solar energy system, high efficiency, safety, easy to install, safety and durability, source manufacturers cost-effective, come and compare prices now.\" \/>\n<meta name=\"robots\" content=\"index, follow, max-snippet:-1, max-image-preview:large, max-video-preview:-1\" \/>\n<link rel=\"canonical\" href=\"https:\/\/www.jyiele.com\/es\/product\/mc4-branch-connector\/\" \/>\n<meta property=\"og:locale\" content=\"es_ES\" \/>\n<meta property=\"og:type\" content=\"article\" \/>\n<meta property=\"og:title\" content=\"China Mc4 Branch Connector Manufacturers &amp; Suppliers- JYIELE\" \/>\n<meta property=\"og:description\" content=\"Mc4 Branch Connector is suitable for solar energy system, high efficiency, safety, easy to install, safety and durability, source manufacturers cost-effective, come and compare prices now.\" \/>\n<meta property=\"og:url\" content=\"https:\/\/www.jyiele.com\/es\/product\/mc4-branch-connector\/\" \/>\n<meta property=\"og:site_name\" content=\"JYIELE\" \/>\n<meta property=\"article:modified_time\" content=\"2025-03-09T11:43:21+00:00\" \/>\n<meta property=\"og:image\" content=\"https:\/\/www.jyiele.com\/wp-content\/uploads\/2024\/10\/Mc4-Branch-Connector.webp\" \/>\n\t<meta property=\"og:image:width\" content=\"800\" \/>\n\t<meta property=\"og:image:height\" content=\"800\" \/>\n\t<meta property=\"og:image:type\" content=\"image\/webp\" \/>\n<meta name=\"twitter:card\" content=\"summary_large_image\" \/>\n<meta name=\"twitter:label1\" content=\"Tiempo de lectura\" \/>\n\t<meta name=\"twitter:data1\" content=\"2 minutos\" \/>\n<script type=\"application\/ld+json\" class=\"yoast-schema-graph\">{\"@context\":\"https:\/\/schema.org\",\"@graph\":[{\"@type\":\"WebPage\",\"@id\":\"https:\/\/www.jyiele.com\/product\/mc4-branch-connector\/\",\"url\":\"https:\/\/www.jyiele.com\/product\/mc4-branch-connector\/\",\"name\":\"China Mc4 Branch Connector Manufacturers & Suppliers- JYIELE\",\"isPartOf\":{\"@id\":\"https:\/\/www.jyiele.com\/#website\"},\"primaryImageOfPage\":{\"@id\":\"https:\/\/www.jyiele.com\/product\/mc4-branch-connector\/#primaryimage\"},\"image\":{\"@id\":\"https:\/\/www.jyiele.com\/product\/mc4-branch-connector\/#primaryimage\"},\"thumbnailUrl\":\"https:\/\/www.jyiele.com\/wp-content\/uploads\/2024\/10\/Mc4-Branch-Connector.webp\",\"datePublished\":\"2024-11-03T08:03:27+00:00\",\"dateModified\":\"2025-03-09T11:43:21+00:00\",\"description\":\"Mc4 Branch Connector is suitable for solar energy system, high efficiency, safety, easy to install, safety and durability, source manufacturers cost-effective, come and compare prices now.\",\"breadcrumb\":{\"@id\":\"https:\/\/www.jyiele.com\/product\/mc4-branch-connector\/#breadcrumb\"},\"inLanguage\":\"es\",\"potentialAction\":[{\"@type\":\"ReadAction\",\"target\":[\"https:\/\/www.jyiele.com\/product\/mc4-branch-connector\/\"]}]},{\"@type\":\"ImageObject\",\"inLanguage\":\"es\",\"@id\":\"https:\/\/www.jyiele.com\/product\/mc4-branch-connector\/#primaryimage\",\"url\":\"https:\/\/www.jyiele.com\/wp-content\/uploads\/2024\/10\/Mc4-Branch-Connector.webp\",\"contentUrl\":\"https:\/\/www.jyiele.com\/wp-content\/uploads\/2024\/10\/Mc4-Branch-Connector.webp\",\"width\":800,\"height\":800,\"caption\":\"Mc4 Branch Connector\"},{\"@type\":\"BreadcrumbList\",\"@id\":\"https:\/\/www.jyiele.com\/product\/mc4-branch-connector\/#breadcrumb\",\"itemListElement\":[{\"@type\":\"ListItem\",\"position\":1,\"name\":\"Home\",\"item\":\"https:\/\/www.jyiele.com\/\"},{\"@type\":\"ListItem\",\"position\":2,\"name\":\"Product\",\"item\":\"https:\/\/www.jyiele.com\/product\/\"},{\"@type\":\"ListItem\",\"position\":3,\"name\":\"MC4 Connector\",\"item\":\"https:\/\/www.jyiele.com\/product-category\/mc4-connector\/\"},{\"@type\":\"ListItem\",\"position\":4,\"name\":\"Mc4 Branch Connector A pair of Male Female 1000V 1500V DC 50Amp one in four out solar system waterproof\"}]},{\"@type\":\"WebSite\",\"@id\":\"https:\/\/www.jyiele.com\/#website\",\"url\":\"https:\/\/www.jyiele.com\/\",\"name\":\"JYIELE\",\"description\":\"Vacuum Circuit Breaker manufacturer\",\"publisher\":{\"@id\":\"https:\/\/www.jyiele.com\/#organization\"},\"potentialAction\":[{\"@type\":\"SearchAction\",\"target\":{\"@type\":\"EntryPoint\",\"urlTemplate\":\"https:\/\/www.jyiele.com\/?s={search_term_string}\"},\"query-input\":{\"@type\":\"PropertyValueSpecification\",\"valueRequired\":true,\"valueName\":\"search_term_string\"}}],\"inLanguage\":\"es\"},{\"@type\":\"Organization\",\"@id\":\"https:\/\/www.jyiele.com\/#organization\",\"name\":\"JYIELE\",\"url\":\"https:\/\/www.jyiele.com\/\",\"logo\":{\"@type\":\"ImageObject\",\"inLanguage\":\"es\",\"@id\":\"https:\/\/www.jyiele.com\/#\/schema\/logo\/image\/\",\"url\":\"https:\/\/www.jyiele.com\/wp-content\/uploads\/2024\/09\/cropped-jyele-1.webp\",\"contentUrl\":\"https:\/\/www.jyiele.com\/wp-content\/uploads\/2024\/09\/cropped-jyele-1.webp\",\"width\":137,\"height\":60,\"caption\":\"JYIELE\"},\"image\":{\"@id\":\"https:\/\/www.jyiele.com\/#\/schema\/logo\/image\/\"}}]}<\/script>\n<!-- \/ Yoast SEO plugin. -->","yoast_head_json":{"title":"China Conector de rama Mc4 Fabricantes &amp; Proveedores- JYIELE","description":"Conector de rama Mc4 es adecuado para el sistema de energ\u00eda solar, de alta eficiencia, seguridad, f\u00e1cil de instalar, seguridad y durabilidad, los fabricantes de origen rentable, ven y compara precios ahora.","robots":{"index":"index","follow":"follow","max-snippet":"max-snippet:-1","max-image-preview":"max-image-preview:large","max-video-preview":"max-video-preview:-1"},"canonical":"https:\/\/www.jyiele.com\/es\/product\/mc4-branch-connector\/","og_locale":"es_ES","og_type":"article","og_title":"China Mc4 Branch Connector Manufacturers & Suppliers- JYIELE","og_description":"Mc4 Branch Connector is suitable for solar energy system, high efficiency, safety, easy to install, safety and durability, source manufacturers cost-effective, come and compare prices now.","og_url":"https:\/\/www.jyiele.com\/es\/product\/mc4-branch-connector\/","og_site_name":"JYIELE","article_modified_time":"2025-03-09T11:43:21+00:00","og_image":[{"width":800,"height":800,"url":"https:\/\/www.jyiele.com\/wp-content\/uploads\/2024\/10\/Mc4-Branch-Connector.webp","type":"image\/webp"}],"twitter_card":"summary_large_image","twitter_misc":{"Tiempo de lectura":"2 minutos"},"schema":{"@context":"https:\/\/schema.org","@graph":[{"@type":"WebPage","@id":"https:\/\/www.jyiele.com\/product\/mc4-branch-connector\/","url":"https:\/\/www.jyiele.com\/product\/mc4-branch-connector\/","name":"China Conector de rama Mc4 Fabricantes &amp; Proveedores- JYIELE","isPartOf":{"@id":"https:\/\/www.jyiele.com\/#website"},"primaryImageOfPage":{"@id":"https:\/\/www.jyiele.com\/product\/mc4-branch-connector\/#primaryimage"},"image":{"@id":"https:\/\/www.jyiele.com\/product\/mc4-branch-connector\/#primaryimage"},"thumbnailUrl":"https:\/\/www.jyiele.com\/wp-content\/uploads\/2024\/10\/Mc4-Branch-Connector.webp","datePublished":"2024-11-03T08:03:27+00:00","dateModified":"2025-03-09T11:43:21+00:00","description":"Conector de rama Mc4 es adecuado para el sistema de energ\u00eda solar, de alta eficiencia, seguridad, f\u00e1cil de instalar, seguridad y durabilidad, los fabricantes de origen rentable, ven y compara precios ahora.","breadcrumb":{"@id":"https:\/\/www.jyiele.com\/product\/mc4-branch-connector\/#breadcrumb"},"inLanguage":"es","potentialAction":[{"@type":"ReadAction","target":["https:\/\/www.jyiele.com\/product\/mc4-branch-connector\/"]}]},{"@type":"ImageObject","inLanguage":"es","@id":"https:\/\/www.jyiele.com\/product\/mc4-branch-connector\/#primaryimage","url":"https:\/\/www.jyiele.com\/wp-content\/uploads\/2024\/10\/Mc4-Branch-Connector.webp","contentUrl":"https:\/\/www.jyiele.com\/wp-content\/uploads\/2024\/10\/Mc4-Branch-Connector.webp","width":800,"height":800,"caption":"Mc4 Branch Connector"},{"@type":"BreadcrumbList","@id":"https:\/\/www.jyiele.com\/product\/mc4-branch-connector\/#breadcrumb","itemListElement":[{"@type":"ListItem","position":1,"name":"Home","item":"https:\/\/www.jyiele.com\/"},{"@type":"ListItem","position":2,"name":"Product","item":"https:\/\/www.jyiele.com\/product\/"},{"@type":"ListItem","position":3,"name":"MC4 Connector","item":"https:\/\/www.jyiele.com\/product-category\/mc4-connector\/"},{"@type":"ListItem","position":4,"name":"Mc4 Branch Connector A pair of Male Female 1000V 1500V DC 50Amp one in four out solar system waterproof"}]},{"@type":"WebSite","@id":"https:\/\/www.jyiele.com\/#website","url":"https:\/\/www.jyiele.com\/","name":"JYIELE","description":"Fabricante de disyuntores de vac\u00edo","publisher":{"@id":"https:\/\/www.jyiele.com\/#organization"},"potentialAction":[{"@type":"SearchAction","target":{"@type":"EntryPoint","urlTemplate":"https:\/\/www.jyiele.com\/?s={search_term_string}"},"query-input":{"@type":"PropertyValueSpecification","valueRequired":true,"valueName":"search_term_string"}}],"inLanguage":"es"},{"@type":"Organization","@id":"https:\/\/www.jyiele.com\/#organization","name":"JYIELE","url":"https:\/\/www.jyiele.com\/","logo":{"@type":"ImageObject","inLanguage":"es","@id":"https:\/\/www.jyiele.com\/#\/schema\/logo\/image\/","url":"https:\/\/www.jyiele.com\/wp-content\/uploads\/2024\/09\/cropped-jyele-1.webp","contentUrl":"https:\/\/www.jyiele.com\/wp-content\/uploads\/2024\/09\/cropped-jyele-1.webp","width":137,"height":60,"caption":"JYIELE"},"image":{"@id":"https:\/\/www.jyiele.com\/#\/schema\/logo\/image\/"}}]}},"_links":{"self":[{"href":"https:\/\/www.jyiele.com\/es\/wp-json\/wp\/v2\/product\/1654","targetHints":{"allow":["GET"]}}],"collection":[{"href":"https:\/\/www.jyiele.com\/es\/wp-json\/wp\/v2\/product"}],"about":[{"href":"https:\/\/www.jyiele.com\/es\/wp-json\/wp\/v2\/types\/product"}],"version-history":[{"count":3,"href":"https:\/\/www.jyiele.com\/es\/wp-json\/wp\/v2\/product\/1654\/revisions"}],"predecessor-version":[{"id":1658,"href":"https:\/\/www.jyiele.com\/es\/wp-json\/wp\/v2\/product\/1654\/revisions\/1658"}],"wp:featuredmedia":[{"embeddable":true,"href":"https:\/\/www.jyiele.com\/es\/wp-json\/wp\/v2\/media\/1657"}],"wp:attachment":[{"href":"https:\/\/www.jyiele.com\/es\/wp-json\/wp\/v2\/media?parent=1654"}],"wp:term":[{"taxonomy":"product_brand","embeddable":true,"href":"https:\/\/www.jyiele.com\/es\/wp-json\/wp\/v2\/product_brand?post=1654"},{"taxonomy":"product_cat","embeddable":true,"href":"https:\/\/www.jyiele.com\/es\/wp-json\/wp\/v2\/product_cat?post=1654"},{"taxonomy":"product_tag","embeddable":true,"href":"https:\/\/www.jyiele.com\/es\/wp-json\/wp\/v2\/product_tag?post=1654"}],"curies":[{"name":"wp","href":"https:\/\/api.w.org\/{rel}","templated":true}]}}