{"id":1888,"date":"2022-10-11T13:06:57","date_gmt":"2022-10-11T13:06:57","guid":{"rendered":"https:\/\/www.jy-electric.com\/?post_type=product&#038;p=1888"},"modified":"2025-03-09T11:39:25","modified_gmt":"2025-03-09T11:39:25","slug":"ac-distribution-cabinets-metal-clad-switchgear-enclosed-kyn28-12kv","status":"publish","type":"product","link":"https:\/\/www.jyiele.com\/es\/product\/ac-distribution-cabinets-metal-clad-switchgear-enclosed-kyn28-12kv\/","title":{"rendered":"Armarios de distribuci\u00f3n de CA Celdas met\u00e1licas Cerradas KYN28-12KV"},"content":{"rendered":"<h2>Entorno de trabajo:<\/h2>\n<p>Temperatura ambiente: de -25\u00b0C a +45\u00b0C y con un valor medio no superior a 35\u00b0C por d\u00eda.<br \/>\nAltitud:1000m y max. 4500m con dise\u00f1o especial.<br \/>\nHumedad: Media diaria \u2264 95%, media mensual \u2264 90%.<br \/>\nActividad s\u00edsmica: El equipo es sismorresistente hasta la intensidad m\u00e1xima de 8 grados.<br \/>\nCondiciones ambientales: Lugar de montaje libre de inflamables, explosivos, productos qu\u00edmicos corrosivos y sin vibraciones fuertes.<\/p>\n<h2>Definici\u00f3n del producto<\/h2>\n<p><img fetchpriority=\"high\" decoding=\"async\" class=\"alignnone wp-image-1892 size-full\" src=\"https:\/\/www.jy-electric.com\/wp-content\/uploads\/2024\/10\/metal-clad-switchgear-Model-Meaning.webp\" alt=\"aparamenta met\u00e1lica Modelo Significado\" width=\"630\" height=\"310\" srcset=\"https:\/\/www.jyiele.com\/wp-content\/uploads\/2024\/10\/metal-clad-switchgear-Model-Meaning.webp 630w, https:\/\/www.jyiele.com\/wp-content\/uploads\/2024\/10\/metal-clad-switchgear-Model-Meaning-300x148.webp 300w, https:\/\/www.jyiele.com\/wp-content\/uploads\/2024\/10\/metal-clad-switchgear-Model-Meaning-18x9.webp 18w, https:\/\/www.jyiele.com\/wp-content\/uploads\/2024\/10\/metal-clad-switchgear-Model-Meaning-600x295.webp 600w\" sizes=\"(max-width: 630px) 100vw, 630px\" \/><\/p>\n<p>Nota: Apto para disyuntores de vac\u00edo de las marcas ABB\/Siemens, Schneider, etc.<\/p>\n<h2>Caracter\u00edsticas principales de la aparamenta met\u00e1lica KYN28-12KV:<\/h2>\n<p>Compatible: Compatible con nuestros interruptores autom\u00e1ticos de vac\u00edo embebidos o de manguito aislado GPyN-12kV patentados o con los interruptores autom\u00e1ticos de vac\u00edo VD4 de ABB. Adem\u00e1s, tambi\u00e9n es compatible con combinaciones de contactor-fusible de vac\u00edo GPVC o contactores de vac\u00edo VC de ABB, lo que permite a las celdas de bucle F-C satisfacer las necesidades el\u00e9ctricas de centrales el\u00e9ctricas y subestaciones \".<\/p>\n<p>Ingenier\u00eda de alta precisi\u00f3n : El armario utiliza t\u00e9cnicas de doble curvado con placas de acero de aluminio-cinc de alta resistencia mediante maquinaria CNC de \u00faltima generaci\u00f3n. Tiene una resistencia y precisi\u00f3n superiores.<\/p>\n<p>Tratamiento avanzado de la superficie: Las puertas de los armarios est\u00e1n revestidas con resina epoxi, tecnolog\u00eda de pulverizaci\u00f3n electrost\u00e1tica en polvo con capacidad de resistencia a la corrosi\u00f3n, la oxidaci\u00f3n y los impactos. De este modo, el armario es m\u00e1s duradero y resistente durante m\u00e1s tiempo.<\/p>\n<p>Construcci\u00f3n totalmente cerrada El dise\u00f1o blindado del armario a\u00edsla completamente las partes funcionales, proporcionando as\u00ed lo \u00faltimo en seguridad de funcionamiento. Permite el funcionamiento del disyuntor y del seccionador de puesta a tierra incluso con la puerta cerrada.<\/p>\n<p>Intercambiabilidad El chasis est\u00e1 equipado con un mecanismo de transmisi\u00f3n de tornillo de precisi\u00f3n. La intercambiabilidad de todos los chasis es excelente, lo que facilita el mantenimiento y el funcionamiento.<\/p>\n<p>Construcci\u00f3n primaria flexible Esta gama de dise\u00f1o primario hace realidad la variedad de requisitos de los usuarios. Ofrece un chasis doble opcional.<\/p>\n<p>Toma de tierra motorizada y protecci\u00f3n contra cortocircuitos: Un interruptor r\u00e1pido de puesta a tierra permite el funcionamiento el\u00e9ctrico (motorizado), asegurando as\u00ed una r\u00e1pida puesta a tierra y protecci\u00f3n contra cortocircuitos.<\/p>\n<p>Seguridad mejorada: El mecanismo de enclavamiento \"Five Protection\" impide el funcionamiento incorrecto, por lo que la protecci\u00f3n de los operarios est\u00e1 altamente garantizada.<\/p>\n<p>Dise\u00f1o a prueba de arcos: Los dispositivos de alivio de presi\u00f3n en el compartimento del bus, el compartimento del disyuntor y el compartimento del terminal del cable son algunas de las caracter\u00edsticas a prueba de arco, a\u00f1adiendo as\u00ed capas de seguridad.<\/p>\n<p>El compartimento para cables, dise\u00f1ado, es espacioso y permite unir varios cables a distancias adecuadas para permitir la correcta altura de instalaci\u00f3n de los cables en sus enchufes.<\/p>\n<p>Alto grado de protecci\u00f3n: La aparamenta tiene un grado de protecci\u00f3n IP4X que imposibilita la entrada de objetos extra\u00f1os o plagas.<\/p>\n<p>Supervisi\u00f3n y control avanzados: La integraci\u00f3n opcional con dispositivos secundarios de supervisi\u00f3n de la seguridad del sistema mediante autodiagn\u00f3stico hace posible el control remoto, la telemetr\u00eda y los ajustes en el sistema.<\/p>\n<p>Conformidad con las normas La aparamenta cumple las normas GB3906, GB\/T1022, DL404 e IEC62271-1. Ha completado pruebas generales de gran altitud a 3000 m y pruebas de compatibilidad electromagn\u00e9tica en condiciones confirmadas en laboratorios de equipos de alta tensi\u00f3n especificados.<\/p>\n<p>Esta combinaci\u00f3n de robustez, seguridad e ingenier\u00eda de vanguardia en un encapsulado con revestimiento met\u00e1lico proporciona soluciones adecuadas para una amplia gama de aplicaciones a media tensi\u00f3n. Gracias a ello, los sistemas de alimentaci\u00f3n de media tensi\u00f3n dispondr\u00e1n de una s\u00f3lida plataforma para un funcionamiento fiable y seguro.<\/p>\n<h2>Especificaciones t\u00e9cnicas<\/h2>\n<p><img decoding=\"async\" class=\"alignnone wp-image-1895 size-full\" src=\"https:\/\/www.jy-electric.com\/wp-content\/uploads\/2024\/10\/Distribution-Cabinets-Metal-Clad.webp\" alt=\"Armarios de distribuci\u00f3n Metal-Clad\" width=\"1292\" height=\"573\" srcset=\"https:\/\/www.jyiele.com\/wp-content\/uploads\/2024\/10\/Distribution-Cabinets-Metal-Clad.webp 1292w, https:\/\/www.jyiele.com\/wp-content\/uploads\/2024\/10\/Distribution-Cabinets-Metal-Clad-300x133.webp 300w, https:\/\/www.jyiele.com\/wp-content\/uploads\/2024\/10\/Distribution-Cabinets-Metal-Clad-1024x454.webp 1024w, https:\/\/www.jyiele.com\/wp-content\/uploads\/2024\/10\/Distribution-Cabinets-Metal-Clad-768x341.webp 768w, https:\/\/www.jyiele.com\/wp-content\/uploads\/2024\/10\/Distribution-Cabinets-Metal-Clad-18x8.webp 18w, https:\/\/www.jyiele.com\/wp-content\/uploads\/2024\/10\/Distribution-Cabinets-Metal-Clad-600x266.webp 600w\" sizes=\"(max-width: 1292px) 100vw, 1292px\" \/><\/p>\n<p><img decoding=\"async\" class=\"alignnone wp-image-1894 size-full\" src=\"https:\/\/www.jy-electric.com\/wp-content\/uploads\/2024\/10\/metal-clad-switchgear-Meaning.webp\" alt=\"aparamenta met\u00e1lica Significado\" width=\"1254\" height=\"670\" srcset=\"https:\/\/www.jyiele.com\/wp-content\/uploads\/2024\/10\/metal-clad-switchgear-Meaning.webp 1254w, https:\/\/www.jyiele.com\/wp-content\/uploads\/2024\/10\/metal-clad-switchgear-Meaning-300x160.webp 300w, https:\/\/www.jyiele.com\/wp-content\/uploads\/2024\/10\/metal-clad-switchgear-Meaning-1024x547.webp 1024w, https:\/\/www.jyiele.com\/wp-content\/uploads\/2024\/10\/metal-clad-switchgear-Meaning-768x410.webp 768w, https:\/\/www.jyiele.com\/wp-content\/uploads\/2024\/10\/metal-clad-switchgear-Meaning-18x10.webp 18w, https:\/\/www.jyiele.com\/wp-content\/uploads\/2024\/10\/metal-clad-switchgear-Meaning-600x321.webp 600w\" sizes=\"(max-width: 1254px) 100vw, 1254px\" \/><\/p>\n<h2>Dimensiones exteriores (mm)<\/h2>\n<p><img loading=\"lazy\" decoding=\"async\" class=\"alignnone wp-image-1896 size-full\" src=\"https:\/\/www.jy-electric.com\/wp-content\/uploads\/2024\/10\/Distribution-Cabinets.webp\" alt=\"Armarios de distribuci\u00f3n\" width=\"1300\" height=\"142\" srcset=\"https:\/\/www.jyiele.com\/wp-content\/uploads\/2024\/10\/Distribution-Cabinets.webp 1300w, https:\/\/www.jyiele.com\/wp-content\/uploads\/2024\/10\/Distribution-Cabinets-300x33.webp 300w, https:\/\/www.jyiele.com\/wp-content\/uploads\/2024\/10\/Distribution-Cabinets-1024x112.webp 1024w, https:\/\/www.jyiele.com\/wp-content\/uploads\/2024\/10\/Distribution-Cabinets-768x84.webp 768w, https:\/\/www.jyiele.com\/wp-content\/uploads\/2024\/10\/Distribution-Cabinets-18x2.webp 18w, https:\/\/www.jyiele.com\/wp-content\/uploads\/2024\/10\/Distribution-Cabinets-600x66.webp 600w\" sizes=\"(max-width: 1300px) 100vw, 1300px\" \/><\/p>","protected":false},"excerpt":{"rendered":"<p>En <strong>Aparamenta interior metal-clad de CA extra\u00edble KYN28-12KV<\/strong> es de alta calidad y resistente para su uso en redes trif\u00e1sicas de CA 50 Hz en los niveles de tensi\u00f3n objetivo entre 3,6kV y 12kV. Con su enfoque de sala breve o interior, la tecnolog\u00eda extranjera proporciona a esta aparamenta el rendimiento y la protecci\u00f3n de vanguardia dentro de entornos que son feroces. La aparamenta se fabrica como una estructura blindada cerrada, dise\u00f1ada con precisi\u00f3n mediante mecanizado CNC para mejorar la resistencia y la fiabilidad. Se est\u00e1 desarrollando con la seguridad como principal consideraci\u00f3n. Todas las construcciones a prueba de arcos, enclavamientos fuertes y sistemas de alta protecci\u00f3n se adoptan y cumplen las normas internacionales. Ha superado las pruebas de compatibilidad electromagn\u00e9tica y de meseta a 3000 m de altitud.<\/p>","protected":false},"featured_media":1890,"template":"","meta":{"site-sidebar-layout":"default","site-content-layout":"","ast-site-content-layout":"default","site-content-style":"default","site-sidebar-style":"default","ast-global-header-display":"","ast-banner-title-visibility":"","ast-main-header-display":"","ast-hfb-above-header-display":"","ast-hfb-below-header-display":"","ast-hfb-mobile-header-display":"","site-post-title":"","ast-breadcrumbs-content":"","ast-featured-img":"","footer-sml-layout":"","ast-disable-related-posts":"","theme-transparent-header-meta":"default","adv-header-id-meta":"","stick-header-meta":"","header-above-stick-meta":"","header-main-stick-meta":"","header-below-stick-meta":"","astra-migrate-meta-layouts":"set","ast-page-background-enabled":"default","ast-page-background-meta":{"desktop":{"background-color":"var(--ast-global-color-4)","background-image":"","background-repeat":"repeat","background-position":"center center","background-size":"auto","background-attachment":"scroll","background-type":"","background-media":"","overlay-type":"","overlay-color":"","overlay-opacity":"","overlay-gradient":""},"tablet":{"background-color":"","background-image":"","background-repeat":"repeat","background-position":"center center","background-size":"auto","background-attachment":"scroll","background-type":"","background-media":"","overlay-type":"","overlay-color":"","overlay-opacity":"","overlay-gradient":""},"mobile":{"background-color":"","background-image":"","background-repeat":"repeat","background-position":"center center","background-size":"auto","background-attachment":"scroll","background-type":"","background-media":"","overlay-type":"","overlay-color":"","overlay-opacity":"","overlay-gradient":""}},"ast-content-background-meta":{"desktop":{"background-color":"var(--ast-global-color-5)","background-image":"","background-repeat":"repeat","background-position":"center center","background-size":"auto","background-attachment":"scroll","background-type":"","background-media":"","overlay-type":"","overlay-color":"","overlay-opacity":"","overlay-gradient":""},"tablet":{"background-color":"var(--ast-global-color-5)","background-image":"","background-repeat":"repeat","background-position":"center center","background-size":"auto","background-attachment":"scroll","background-type":"","background-media":"","overlay-type":"","overlay-color":"","overlay-opacity":"","overlay-gradient":""},"mobile":{"background-color":"var(--ast-global-color-5)","background-image":"","background-repeat":"repeat","background-position":"center center","background-size":"auto","background-attachment":"scroll","background-type":"","background-media":"","overlay-type":"","overlay-color":"","overlay-opacity":"","overlay-gradient":""}}},"product_brand":[],"product_cat":[26],"product_tag":[],"class_list":{"0":"post-1888","1":"product","2":"type-product","3":"status-publish","4":"has-post-thumbnail","6":"product_cat-vacuum-circuit-breaker","7":"desktop-align-left","8":"tablet-align-left","9":"mobile-align-left","11":"first","12":"instock","13":"shipping-taxable","14":"product-type-simple"},"yoast_head":"<!-- This site is optimized with the Yoast SEO plugin v24.8.1 - https:\/\/yoast.com\/wordpress\/plugins\/seo\/ -->\n<title>KYN28-12KV Metal-clad Switchgear: Advanced, Reliable, Arc-proof<\/title>\n<meta name=\"description\" content=\"Discover the KYN28-12KV removable metal-clad switchgear, designed for 3.6~12kV networks. Offers arc-proof design, advanced protection, and compliance with global standards.\" \/>\n<meta name=\"robots\" content=\"index, follow, max-snippet:-1, max-image-preview:large, max-video-preview:-1\" \/>\n<link rel=\"canonical\" href=\"https:\/\/www.jyiele.com\/es\/product\/ac-distribution-cabinets-metal-clad-switchgear-enclosed-kyn28-12kv\/\" \/>\n<meta property=\"og:locale\" content=\"es_ES\" \/>\n<meta property=\"og:type\" content=\"article\" \/>\n<meta property=\"og:title\" content=\"KYN28-12KV Metal-clad Switchgear: Advanced, Reliable, Arc-proof\" \/>\n<meta property=\"og:description\" content=\"Discover the KYN28-12KV removable metal-clad switchgear, designed for 3.6~12kV networks. Offers arc-proof design, advanced protection, and compliance with global standards.\" \/>\n<meta property=\"og:url\" content=\"https:\/\/www.jyiele.com\/es\/product\/ac-distribution-cabinets-metal-clad-switchgear-enclosed-kyn28-12kv\/\" \/>\n<meta property=\"og:site_name\" content=\"JYIELE\" \/>\n<meta property=\"article:modified_time\" content=\"2025-03-09T11:39:25+00:00\" \/>\n<meta property=\"og:image\" content=\"https:\/\/www.jyiele.com\/wp-content\/uploads\/2024\/10\/Distribution-Cabinets-Metal-Clad-Switchgear-Kyn28-12Kv.webp\" \/>\n\t<meta property=\"og:image:width\" content=\"800\" \/>\n\t<meta property=\"og:image:height\" content=\"800\" \/>\n\t<meta property=\"og:image:type\" content=\"image\/webp\" \/>\n<meta name=\"twitter:card\" content=\"summary_large_image\" \/>\n<meta name=\"twitter:label1\" content=\"Tiempo de lectura\" \/>\n\t<meta name=\"twitter:data1\" content=\"4 minutos\" \/>\n<script type=\"application\/ld+json\" class=\"yoast-schema-graph\">{\"@context\":\"https:\/\/schema.org\",\"@graph\":[{\"@type\":\"WebPage\",\"@id\":\"https:\/\/www.jyiele.com\/product\/ac-distribution-cabinets-metal-clad-switchgear-enclosed-kyn28-12kv\/\",\"url\":\"https:\/\/www.jyiele.com\/product\/ac-distribution-cabinets-metal-clad-switchgear-enclosed-kyn28-12kv\/\",\"name\":\"KYN28-12KV Metal-clad Switchgear: Advanced, Reliable, Arc-proof\",\"isPartOf\":{\"@id\":\"https:\/\/www.jyiele.com\/#website\"},\"primaryImageOfPage\":{\"@id\":\"https:\/\/www.jyiele.com\/product\/ac-distribution-cabinets-metal-clad-switchgear-enclosed-kyn28-12kv\/#primaryimage\"},\"image\":{\"@id\":\"https:\/\/www.jyiele.com\/product\/ac-distribution-cabinets-metal-clad-switchgear-enclosed-kyn28-12kv\/#primaryimage\"},\"thumbnailUrl\":\"https:\/\/www.jyiele.com\/wp-content\/uploads\/2024\/10\/Distribution-Cabinets-Metal-Clad-Switchgear-Kyn28-12Kv.webp\",\"datePublished\":\"2022-10-11T13:06:57+00:00\",\"dateModified\":\"2025-03-09T11:39:25+00:00\",\"description\":\"Discover the KYN28-12KV removable metal-clad switchgear, designed for 3.6~12kV networks. Offers arc-proof design, advanced protection, and compliance with global standards.\",\"breadcrumb\":{\"@id\":\"https:\/\/www.jyiele.com\/product\/ac-distribution-cabinets-metal-clad-switchgear-enclosed-kyn28-12kv\/#breadcrumb\"},\"inLanguage\":\"es\",\"potentialAction\":[{\"@type\":\"ReadAction\",\"target\":[\"https:\/\/www.jyiele.com\/product\/ac-distribution-cabinets-metal-clad-switchgear-enclosed-kyn28-12kv\/\"]}]},{\"@type\":\"ImageObject\",\"inLanguage\":\"es\",\"@id\":\"https:\/\/www.jyiele.com\/product\/ac-distribution-cabinets-metal-clad-switchgear-enclosed-kyn28-12kv\/#primaryimage\",\"url\":\"https:\/\/www.jyiele.com\/wp-content\/uploads\/2024\/10\/Distribution-Cabinets-Metal-Clad-Switchgear-Kyn28-12Kv.webp\",\"contentUrl\":\"https:\/\/www.jyiele.com\/wp-content\/uploads\/2024\/10\/Distribution-Cabinets-Metal-Clad-Switchgear-Kyn28-12Kv.webp\",\"width\":800,\"height\":800,\"caption\":\"Distribution Cabinets Metal-Clad Switchgear Kyn28-12Kv\"},{\"@type\":\"BreadcrumbList\",\"@id\":\"https:\/\/www.jyiele.com\/product\/ac-distribution-cabinets-metal-clad-switchgear-enclosed-kyn28-12kv\/#breadcrumb\",\"itemListElement\":[{\"@type\":\"ListItem\",\"position\":1,\"name\":\"Home\",\"item\":\"https:\/\/www.jyiele.com\/\"},{\"@type\":\"ListItem\",\"position\":2,\"name\":\"Product\",\"item\":\"https:\/\/www.jyiele.com\/product\/\"},{\"@type\":\"ListItem\",\"position\":3,\"name\":\"Vacuum Circuit Breaker\",\"item\":\"https:\/\/www.jyiele.com\/product-category\/vacuum-circuit-breaker\/\"},{\"@type\":\"ListItem\",\"position\":4,\"name\":\"AC Distribution Cabinets Metal-Clad Switchgear Enclosed KYN28-12KV\"}]},{\"@type\":\"WebSite\",\"@id\":\"https:\/\/www.jyiele.com\/#website\",\"url\":\"https:\/\/www.jyiele.com\/\",\"name\":\"JYIELE\",\"description\":\"Vacuum Circuit Breaker manufacturer\",\"publisher\":{\"@id\":\"https:\/\/www.jyiele.com\/#organization\"},\"potentialAction\":[{\"@type\":\"SearchAction\",\"target\":{\"@type\":\"EntryPoint\",\"urlTemplate\":\"https:\/\/www.jyiele.com\/?s={search_term_string}\"},\"query-input\":{\"@type\":\"PropertyValueSpecification\",\"valueRequired\":true,\"valueName\":\"search_term_string\"}}],\"inLanguage\":\"es\"},{\"@type\":\"Organization\",\"@id\":\"https:\/\/www.jyiele.com\/#organization\",\"name\":\"JYIELE\",\"url\":\"https:\/\/www.jyiele.com\/\",\"logo\":{\"@type\":\"ImageObject\",\"inLanguage\":\"es\",\"@id\":\"https:\/\/www.jyiele.com\/#\/schema\/logo\/image\/\",\"url\":\"https:\/\/www.jyiele.com\/wp-content\/uploads\/2024\/09\/cropped-jyele-1.webp\",\"contentUrl\":\"https:\/\/www.jyiele.com\/wp-content\/uploads\/2024\/09\/cropped-jyele-1.webp\",\"width\":137,\"height\":60,\"caption\":\"JYIELE\"},\"image\":{\"@id\":\"https:\/\/www.jyiele.com\/#\/schema\/logo\/image\/\"}}]}<\/script>\n<!-- \/ Yoast SEO plugin. -->","yoast_head_json":{"title":"Celdas Metal-clad KYN28-12KV: Avanzadas, fiables y a prueba de arcos","description":"Descubra la aparamenta met\u00e1lica extra\u00edble KYN28-12KV, dise\u00f1ada para redes de 3,6~12kV. Ofrece un dise\u00f1o a prueba de arcos, protecci\u00f3n avanzada y cumplimiento de las normas mundiales.","robots":{"index":"index","follow":"follow","max-snippet":"max-snippet:-1","max-image-preview":"max-image-preview:large","max-video-preview":"max-video-preview:-1"},"canonical":"https:\/\/www.jyiele.com\/es\/product\/ac-distribution-cabinets-metal-clad-switchgear-enclosed-kyn28-12kv\/","og_locale":"es_ES","og_type":"article","og_title":"KYN28-12KV Metal-clad Switchgear: Advanced, Reliable, Arc-proof","og_description":"Discover the KYN28-12KV removable metal-clad switchgear, designed for 3.6~12kV networks. Offers arc-proof design, advanced protection, and compliance with global standards.","og_url":"https:\/\/www.jyiele.com\/es\/product\/ac-distribution-cabinets-metal-clad-switchgear-enclosed-kyn28-12kv\/","og_site_name":"JYIELE","article_modified_time":"2025-03-09T11:39:25+00:00","og_image":[{"width":800,"height":800,"url":"https:\/\/www.jyiele.com\/wp-content\/uploads\/2024\/10\/Distribution-Cabinets-Metal-Clad-Switchgear-Kyn28-12Kv.webp","type":"image\/webp"}],"twitter_card":"summary_large_image","twitter_misc":{"Tiempo de lectura":"4 minutos"},"schema":{"@context":"https:\/\/schema.org","@graph":[{"@type":"WebPage","@id":"https:\/\/www.jyiele.com\/product\/ac-distribution-cabinets-metal-clad-switchgear-enclosed-kyn28-12kv\/","url":"https:\/\/www.jyiele.com\/product\/ac-distribution-cabinets-metal-clad-switchgear-enclosed-kyn28-12kv\/","name":"Celdas Metal-clad KYN28-12KV: Avanzadas, fiables y a prueba de arcos","isPartOf":{"@id":"https:\/\/www.jyiele.com\/#website"},"primaryImageOfPage":{"@id":"https:\/\/www.jyiele.com\/product\/ac-distribution-cabinets-metal-clad-switchgear-enclosed-kyn28-12kv\/#primaryimage"},"image":{"@id":"https:\/\/www.jyiele.com\/product\/ac-distribution-cabinets-metal-clad-switchgear-enclosed-kyn28-12kv\/#primaryimage"},"thumbnailUrl":"https:\/\/www.jyiele.com\/wp-content\/uploads\/2024\/10\/Distribution-Cabinets-Metal-Clad-Switchgear-Kyn28-12Kv.webp","datePublished":"2022-10-11T13:06:57+00:00","dateModified":"2025-03-09T11:39:25+00:00","description":"Descubra la aparamenta met\u00e1lica extra\u00edble KYN28-12KV, dise\u00f1ada para redes de 3,6~12kV. Ofrece un dise\u00f1o a prueba de arcos, protecci\u00f3n avanzada y cumplimiento de las normas mundiales.","breadcrumb":{"@id":"https:\/\/www.jyiele.com\/product\/ac-distribution-cabinets-metal-clad-switchgear-enclosed-kyn28-12kv\/#breadcrumb"},"inLanguage":"es","potentialAction":[{"@type":"ReadAction","target":["https:\/\/www.jyiele.com\/product\/ac-distribution-cabinets-metal-clad-switchgear-enclosed-kyn28-12kv\/"]}]},{"@type":"ImageObject","inLanguage":"es","@id":"https:\/\/www.jyiele.com\/product\/ac-distribution-cabinets-metal-clad-switchgear-enclosed-kyn28-12kv\/#primaryimage","url":"https:\/\/www.jyiele.com\/wp-content\/uploads\/2024\/10\/Distribution-Cabinets-Metal-Clad-Switchgear-Kyn28-12Kv.webp","contentUrl":"https:\/\/www.jyiele.com\/wp-content\/uploads\/2024\/10\/Distribution-Cabinets-Metal-Clad-Switchgear-Kyn28-12Kv.webp","width":800,"height":800,"caption":"Distribution Cabinets Metal-Clad Switchgear Kyn28-12Kv"},{"@type":"BreadcrumbList","@id":"https:\/\/www.jyiele.com\/product\/ac-distribution-cabinets-metal-clad-switchgear-enclosed-kyn28-12kv\/#breadcrumb","itemListElement":[{"@type":"ListItem","position":1,"name":"Home","item":"https:\/\/www.jyiele.com\/"},{"@type":"ListItem","position":2,"name":"Product","item":"https:\/\/www.jyiele.com\/product\/"},{"@type":"ListItem","position":3,"name":"Vacuum Circuit Breaker","item":"https:\/\/www.jyiele.com\/product-category\/vacuum-circuit-breaker\/"},{"@type":"ListItem","position":4,"name":"AC Distribution Cabinets Metal-Clad Switchgear Enclosed KYN28-12KV"}]},{"@type":"WebSite","@id":"https:\/\/www.jyiele.com\/#website","url":"https:\/\/www.jyiele.com\/","name":"JYIELE","description":"Fabricante de disyuntores de vac\u00edo","publisher":{"@id":"https:\/\/www.jyiele.com\/#organization"},"potentialAction":[{"@type":"SearchAction","target":{"@type":"EntryPoint","urlTemplate":"https:\/\/www.jyiele.com\/?s={search_term_string}"},"query-input":{"@type":"PropertyValueSpecification","valueRequired":true,"valueName":"search_term_string"}}],"inLanguage":"es"},{"@type":"Organization","@id":"https:\/\/www.jyiele.com\/#organization","name":"JYIELE","url":"https:\/\/www.jyiele.com\/","logo":{"@type":"ImageObject","inLanguage":"es","@id":"https:\/\/www.jyiele.com\/#\/schema\/logo\/image\/","url":"https:\/\/www.jyiele.com\/wp-content\/uploads\/2024\/09\/cropped-jyele-1.webp","contentUrl":"https:\/\/www.jyiele.com\/wp-content\/uploads\/2024\/09\/cropped-jyele-1.webp","width":137,"height":60,"caption":"JYIELE"},"image":{"@id":"https:\/\/www.jyiele.com\/#\/schema\/logo\/image\/"}}]}},"_links":{"self":[{"href":"https:\/\/www.jyiele.com\/es\/wp-json\/wp\/v2\/product\/1888","targetHints":{"allow":["GET"]}}],"collection":[{"href":"https:\/\/www.jyiele.com\/es\/wp-json\/wp\/v2\/product"}],"about":[{"href":"https:\/\/www.jyiele.com\/es\/wp-json\/wp\/v2\/types\/product"}],"version-history":[{"count":4,"href":"https:\/\/www.jyiele.com\/es\/wp-json\/wp\/v2\/product\/1888\/revisions"}],"predecessor-version":[{"id":1897,"href":"https:\/\/www.jyiele.com\/es\/wp-json\/wp\/v2\/product\/1888\/revisions\/1897"}],"wp:featuredmedia":[{"embeddable":true,"href":"https:\/\/www.jyiele.com\/es\/wp-json\/wp\/v2\/media\/1890"}],"wp:attachment":[{"href":"https:\/\/www.jyiele.com\/es\/wp-json\/wp\/v2\/media?parent=1888"}],"wp:term":[{"taxonomy":"product_brand","embeddable":true,"href":"https:\/\/www.jyiele.com\/es\/wp-json\/wp\/v2\/product_brand?post=1888"},{"taxonomy":"product_cat","embeddable":true,"href":"https:\/\/www.jyiele.com\/es\/wp-json\/wp\/v2\/product_cat?post=1888"},{"taxonomy":"product_tag","embeddable":true,"href":"https:\/\/www.jyiele.com\/es\/wp-json\/wp\/v2\/product_tag?post=1888"}],"curies":[{"name":"wp","href":"https:\/\/api.w.org\/{rel}","templated":true}]}}