{"id":19,"date":"2022-09-07T08:57:09","date_gmt":"2022-09-07T08:57:09","guid":{"rendered":"http:\/\/jyiele.com\/?post_type=product&#038;p=19"},"modified":"2025-03-09T11:39:06","modified_gmt":"2025-03-09T11:39:06","slug":"three-station-indoor-vacuum-ckt-breaker","status":"publish","type":"product","link":"https:\/\/www.jyiele.com\/es\/product\/three-station-indoor-vacuum-ckt-breaker\/","title":{"rendered":"BQVN-12GD Interruptor autom\u00e1tico de vac\u00edo de tres estaciones para interiores"},"content":{"rendered":"<h2>Perfil del producto<\/h2>\n<p>Este disyuntor de vac\u00edo de tres posiciones integra un disyuntor de vac\u00edo, un seccionador, un interruptor de puesta a tierra y un sensor, todo en una unidad. Su dise\u00f1o de montaje lateral se ajusta a la tendencia de miniaturizaci\u00f3n y cabe en armarios de dimensiones 450 \u00d7 1000 \u00d7 1800. Es adecuado para redes de media tensi\u00f3n de 6-12 kV. El disyuntor as\u00ed dise\u00f1ado tiene excelentes propiedades el\u00e9ctricas y mec\u00e1nicas, una estructura fiable y estable, y requiere poco mantenimiento.<\/p>\n<p>Actualmente existen dos modelos: BQVN-12GD\/630-25 y BQVN-12GD\/1250-31,5.<\/p>\n<p>Las celdas de alta tensi\u00f3n tradicionales, como las XGN2 o XGN66, requieren la instalaci\u00f3n por separado de seccionadores, disyuntores de vac\u00edo, seccionadores de puesta a tierra, sensores y dispositivos mec\u00e1nicos de enclavamiento en toda la planta, lo que supone un proceso complejo y laborioso. Con este nuevo producto, equipado con un disyuntor de vac\u00edo multifuncional con estaci\u00f3n de desconexi\u00f3n, estaci\u00f3n de disyuntor y estaci\u00f3n de puesta a tierra integradas, la instalaci\u00f3n es m\u00e1s sencilla, r\u00e1pida y f\u00e1cil.<\/p>\n<p>Cuando est\u00e1 en uso, puede accionarse manual o el\u00e9ctricamente:<\/p>\n<h2>Funcionamiento manual:<\/h2>\n<p>Utiliza el asa especial para almacenar energ\u00eda.<br \/>\nCIERRE: Pulse el bot\u00f3n de cierre (si hay un bloqueo de cierre o un dispositivo de subtensi\u00f3n, primero debe conectarse la alimentaci\u00f3n del circuito secundario).<br \/>\nAbrir: Pulse el bot\u00f3n de apertura.<\/p>\n<h2>Funcionamiento motorizado:<\/h2>\n<p>Cuando se activa el circuito secundario, el dispositivo de almacenamiento de energ\u00eda almacena energ\u00eda autom\u00e1ticamente.<br \/>\nCERRAR: Pulse el bot\u00f3n de cierre en el circuito de control.<br \/>\nAbierto: pulse el bot\u00f3n de desconexi\u00f3n del circuito de control.<br \/>\nAl comprobar el disyuntor de vac\u00edo de alta tensi\u00f3n, preste atenci\u00f3n a los siguientes puntos:<\/p>\n<p>Cuando se utiliza el disyuntor de vac\u00edo para comprobar la electricidad, alguien debe operar y otra persona debe supervisar.<br \/>\nEl operador va delante y el guardi\u00e1n detr\u00e1s.<br \/>\nPreste atenci\u00f3n al nivel de tensi\u00f3n de los equipos el\u00e9ctricos para garantizar un funcionamiento seguro.<br \/>\nNo exponga el disyuntor al sol, gu\u00e1rdelo en un lugar seco y ventilado y evite el contacto con productos qu\u00edmicos corrosivos.<br \/>\nLa parte aislada es la que va desde el tornillo met\u00e1lico de conexi\u00f3n en la parte inferior del indicador hasta el extremo del anillo protector; la parte de agarre es la que est\u00e1 por debajo del anillo protector y la longitud de estas partes variar\u00e1 en funci\u00f3n del nivel de tensi\u00f3n.<br \/>\nLos disyuntores de vac\u00edo de alta tensi\u00f3n s\u00f3lo deben fabricarse y utilizarse de forma normal para garantizar el funcionamiento seguro del sistema.<\/p>\n<p>Pruebas de equipos que requieren verificaci\u00f3n el\u00e9ctrica.<br \/>\nCuando se verifican el\u00e9ctricamente l\u00edneas multicapa instaladas en el mismo poste, la baja tensi\u00f3n debe probarse antes que la alta tensi\u00f3n, y la capa inferior antes que la superior.<br \/>\nEvite fuertes vibraciones o impactos durante el almacenamiento y el transporte, no lo ajuste ni desmonte a voluntad, y no lo utilice con tiempo lluvioso o nevado, para no afectar al rendimiento aislante.<\/p>","protected":false},"excerpt":{"rendered":"<p>Este disyuntor de vac\u00edo de tres posiciones y alta tensi\u00f3n para interiores ofrece un excelente rendimiento en t\u00e9rminos de propiedades el\u00e9ctricas y mec\u00e1nicas, con una estructura estable y una larga vida \u00fatil. Utiliza polos de sellado fijos en el circuito principal, lo que permite que el disyuntor se adapte mejor al entorno y mejore la fiabilidad del aislamiento.<\/p>","protected":false},"featured_media":1217,"template":"","meta":{"site-sidebar-layout":"default","site-content-layout":"","ast-site-content-layout":"default","site-content-style":"default","site-sidebar-style":"default","ast-global-header-display":"","ast-banner-title-visibility":"","ast-main-header-display":"","ast-hfb-above-header-display":"","ast-hfb-below-header-display":"","ast-hfb-mobile-header-display":"","site-post-title":"","ast-breadcrumbs-content":"","ast-featured-img":"","footer-sml-layout":"","ast-disable-related-posts":"","theme-transparent-header-meta":"default","adv-header-id-meta":"","stick-header-meta":"","header-above-stick-meta":"","header-main-stick-meta":"","header-below-stick-meta":"","astra-migrate-meta-layouts":"set","ast-page-background-enabled":"default","ast-page-background-meta":{"desktop":{"background-color":"var(--ast-global-color-4)","background-image":"","background-repeat":"repeat","background-position":"center center","background-size":"auto","background-attachment":"scroll","background-type":"","background-media":"","overlay-type":"","overlay-color":"","overlay-opacity":"","overlay-gradient":""},"tablet":{"background-color":"","background-image":"","background-repeat":"repeat","background-position":"center center","background-size":"auto","background-attachment":"scroll","background-type":"","background-media":"","overlay-type":"","overlay-color":"","overlay-opacity":"","overlay-gradient":""},"mobile":{"background-color":"","background-image":"","background-repeat":"repeat","background-position":"center center","background-size":"auto","background-attachment":"scroll","background-type":"","background-media":"","overlay-type":"","overlay-color":"","overlay-opacity":"","overlay-gradient":""}},"ast-content-background-meta":{"desktop":{"background-color":"var(--ast-global-color-5)","background-image":"","background-repeat":"repeat","background-position":"center center","background-size":"auto","background-attachment":"scroll","background-type":"","background-media":"","overlay-type":"","overlay-color":"","overlay-opacity":"","overlay-gradient":""},"tablet":{"background-color":"var(--ast-global-color-5)","background-image":"","background-repeat":"repeat","background-position":"center center","background-size":"auto","background-attachment":"scroll","background-type":"","background-media":"","overlay-type":"","overlay-color":"","overlay-opacity":"","overlay-gradient":""},"mobile":{"background-color":"var(--ast-global-color-5)","background-image":"","background-repeat":"repeat","background-position":"center center","background-size":"auto","background-attachment":"scroll","background-type":"","background-media":"","overlay-type":"","overlay-color":"","overlay-opacity":"","overlay-gradient":""}}},"product_brand":[],"product_cat":[26],"product_tag":[],"class_list":{"0":"post-19","1":"product","2":"type-product","3":"status-publish","4":"has-post-thumbnail","6":"product_cat-vacuum-circuit-breaker","7":"desktop-align-left","8":"tablet-align-left","9":"mobile-align-left","11":"first","12":"instock","13":"virtual","14":"product-type-simple"},"yoast_head":"<!-- This site is optimized with the Yoast SEO plugin v24.8.1 - https:\/\/yoast.com\/wordpress\/plugins\/seo\/ -->\n<title>Indoor Vacuum Circuit Breaker | Three-Station Switchgear Solution - JYIELE<\/title>\n<meta name=\"description\" content=\"Explore the JYIELE indoor vacuum circuit breaker, featuring three stations for efficient electrical control and protection. Built for reliability and performance, this breaker ensures seamless operation in indoor environments, providing essential circuit protection for various applications.\" \/>\n<meta name=\"robots\" content=\"index, follow, max-snippet:-1, max-image-preview:large, max-video-preview:-1\" \/>\n<link rel=\"canonical\" href=\"https:\/\/www.jyiele.com\/es\/product\/three-station-indoor-vacuum-ckt-breaker\/\" \/>\n<meta property=\"og:locale\" content=\"es_ES\" \/>\n<meta property=\"og:type\" content=\"article\" \/>\n<meta property=\"og:title\" content=\"Indoor Vacuum Circuit Breaker | Three-Station Switchgear Solution - JYIELE\" \/>\n<meta property=\"og:description\" content=\"Explore the JYIELE indoor vacuum circuit breaker, featuring three stations for efficient electrical control and protection. Built for reliability and performance, this breaker ensures seamless operation in indoor environments, providing essential circuit protection for various applications.\" \/>\n<meta property=\"og:url\" content=\"https:\/\/www.jyiele.com\/es\/product\/three-station-indoor-vacuum-ckt-breaker\/\" \/>\n<meta property=\"og:site_name\" content=\"JYIELE\" \/>\n<meta property=\"article:modified_time\" content=\"2025-03-09T11:39:06+00:00\" \/>\n<meta property=\"og:image\" content=\"https:\/\/www.jyiele.com\/wp-content\/uploads\/2020\/04\/three-station-indoor-vacuum-ckt-breaker.webp\" \/>\n\t<meta property=\"og:image:width\" content=\"600\" \/>\n\t<meta property=\"og:image:height\" content=\"600\" \/>\n\t<meta property=\"og:image:type\" content=\"image\/webp\" \/>\n<meta name=\"twitter:card\" content=\"summary_large_image\" \/>\n<meta name=\"twitter:label1\" content=\"Tiempo de lectura\" \/>\n\t<meta name=\"twitter:data1\" content=\"3 minutos\" \/>\n<script type=\"application\/ld+json\" class=\"yoast-schema-graph\">{\"@context\":\"https:\/\/schema.org\",\"@graph\":[{\"@type\":\"WebPage\",\"@id\":\"https:\/\/www.jyiele.com\/product\/three-station-indoor-vacuum-ckt-breaker\/\",\"url\":\"https:\/\/www.jyiele.com\/product\/three-station-indoor-vacuum-ckt-breaker\/\",\"name\":\"Indoor Vacuum Circuit Breaker | Three-Station Switchgear Solution - JYIELE\",\"isPartOf\":{\"@id\":\"https:\/\/www.jyiele.com\/#website\"},\"primaryImageOfPage\":{\"@id\":\"https:\/\/www.jyiele.com\/product\/three-station-indoor-vacuum-ckt-breaker\/#primaryimage\"},\"image\":{\"@id\":\"https:\/\/www.jyiele.com\/product\/three-station-indoor-vacuum-ckt-breaker\/#primaryimage\"},\"thumbnailUrl\":\"https:\/\/www.jyiele.com\/wp-content\/uploads\/2020\/04\/three-station-indoor-vacuum-ckt-breaker.webp\",\"datePublished\":\"2022-09-07T08:57:09+00:00\",\"dateModified\":\"2025-03-09T11:39:06+00:00\",\"description\":\"Explore the JYIELE indoor vacuum circuit breaker, featuring three stations for efficient electrical control and protection. Built for reliability and performance, this breaker ensures seamless operation in indoor environments, providing essential circuit protection for various applications.\",\"breadcrumb\":{\"@id\":\"https:\/\/www.jyiele.com\/product\/three-station-indoor-vacuum-ckt-breaker\/#breadcrumb\"},\"inLanguage\":\"es\",\"potentialAction\":[{\"@type\":\"ReadAction\",\"target\":[\"https:\/\/www.jyiele.com\/product\/three-station-indoor-vacuum-ckt-breaker\/\"]}]},{\"@type\":\"ImageObject\",\"inLanguage\":\"es\",\"@id\":\"https:\/\/www.jyiele.com\/product\/three-station-indoor-vacuum-ckt-breaker\/#primaryimage\",\"url\":\"https:\/\/www.jyiele.com\/wp-content\/uploads\/2020\/04\/three-station-indoor-vacuum-ckt-breaker.webp\",\"contentUrl\":\"https:\/\/www.jyiele.com\/wp-content\/uploads\/2020\/04\/three-station-indoor-vacuum-ckt-breaker.webp\",\"width\":600,\"height\":600,\"caption\":\"three-station-indoor-vacuum-ckt-breaker\"},{\"@type\":\"BreadcrumbList\",\"@id\":\"https:\/\/www.jyiele.com\/product\/three-station-indoor-vacuum-ckt-breaker\/#breadcrumb\",\"itemListElement\":[{\"@type\":\"ListItem\",\"position\":1,\"name\":\"Home\",\"item\":\"https:\/\/www.jyiele.com\/\"},{\"@type\":\"ListItem\",\"position\":2,\"name\":\"Product\",\"item\":\"https:\/\/www.jyiele.com\/product\/\"},{\"@type\":\"ListItem\",\"position\":3,\"name\":\"Vacuum Circuit Breaker\",\"item\":\"https:\/\/www.jyiele.com\/product-category\/vacuum-circuit-breaker\/\"},{\"@type\":\"ListItem\",\"position\":4,\"name\":\"BQVN-12GD Three Station Indoor Vacuum Ckt Breaker\"}]},{\"@type\":\"WebSite\",\"@id\":\"https:\/\/www.jyiele.com\/#website\",\"url\":\"https:\/\/www.jyiele.com\/\",\"name\":\"JYIELE\",\"description\":\"Vacuum Circuit Breaker manufacturer\",\"publisher\":{\"@id\":\"https:\/\/www.jyiele.com\/#organization\"},\"potentialAction\":[{\"@type\":\"SearchAction\",\"target\":{\"@type\":\"EntryPoint\",\"urlTemplate\":\"https:\/\/www.jyiele.com\/?s={search_term_string}\"},\"query-input\":{\"@type\":\"PropertyValueSpecification\",\"valueRequired\":true,\"valueName\":\"search_term_string\"}}],\"inLanguage\":\"es\"},{\"@type\":\"Organization\",\"@id\":\"https:\/\/www.jyiele.com\/#organization\",\"name\":\"JYIELE\",\"url\":\"https:\/\/www.jyiele.com\/\",\"logo\":{\"@type\":\"ImageObject\",\"inLanguage\":\"es\",\"@id\":\"https:\/\/www.jyiele.com\/#\/schema\/logo\/image\/\",\"url\":\"https:\/\/www.jyiele.com\/wp-content\/uploads\/2024\/09\/cropped-jyele-1.webp\",\"contentUrl\":\"https:\/\/www.jyiele.com\/wp-content\/uploads\/2024\/09\/cropped-jyele-1.webp\",\"width\":137,\"height\":60,\"caption\":\"JYIELE\"},\"image\":{\"@id\":\"https:\/\/www.jyiele.com\/#\/schema\/logo\/image\/\"}}]}<\/script>\n<!-- \/ Yoast SEO plugin. -->","yoast_head_json":{"title":"Interruptor autom\u00e1tico de vac\u00edo para interiores | Soluci\u00f3n de aparamenta de tres estaciones - JYIELE","description":"Descubra el disyuntor de vac\u00edo para interiores de JYIELE, con tres estaciones para un control y una protecci\u00f3n el\u00e9ctricos eficaces. Fabricado para ofrecer fiabilidad y rendimiento, este disyuntor garantiza un funcionamiento perfecto en entornos interiores, proporcionando una protecci\u00f3n de circuito esencial para diversas aplicaciones.","robots":{"index":"index","follow":"follow","max-snippet":"max-snippet:-1","max-image-preview":"max-image-preview:large","max-video-preview":"max-video-preview:-1"},"canonical":"https:\/\/www.jyiele.com\/es\/product\/three-station-indoor-vacuum-ckt-breaker\/","og_locale":"es_ES","og_type":"article","og_title":"Indoor Vacuum Circuit Breaker | Three-Station Switchgear Solution - JYIELE","og_description":"Explore the JYIELE indoor vacuum circuit breaker, featuring three stations for efficient electrical control and protection. Built for reliability and performance, this breaker ensures seamless operation in indoor environments, providing essential circuit protection for various applications.","og_url":"https:\/\/www.jyiele.com\/es\/product\/three-station-indoor-vacuum-ckt-breaker\/","og_site_name":"JYIELE","article_modified_time":"2025-03-09T11:39:06+00:00","og_image":[{"width":600,"height":600,"url":"https:\/\/www.jyiele.com\/wp-content\/uploads\/2020\/04\/three-station-indoor-vacuum-ckt-breaker.webp","type":"image\/webp"}],"twitter_card":"summary_large_image","twitter_misc":{"Tiempo de lectura":"3 minutos"},"schema":{"@context":"https:\/\/schema.org","@graph":[{"@type":"WebPage","@id":"https:\/\/www.jyiele.com\/product\/three-station-indoor-vacuum-ckt-breaker\/","url":"https:\/\/www.jyiele.com\/product\/three-station-indoor-vacuum-ckt-breaker\/","name":"Interruptor autom\u00e1tico de vac\u00edo para interiores | Soluci\u00f3n de aparamenta de tres estaciones - JYIELE","isPartOf":{"@id":"https:\/\/www.jyiele.com\/#website"},"primaryImageOfPage":{"@id":"https:\/\/www.jyiele.com\/product\/three-station-indoor-vacuum-ckt-breaker\/#primaryimage"},"image":{"@id":"https:\/\/www.jyiele.com\/product\/three-station-indoor-vacuum-ckt-breaker\/#primaryimage"},"thumbnailUrl":"https:\/\/www.jyiele.com\/wp-content\/uploads\/2020\/04\/three-station-indoor-vacuum-ckt-breaker.webp","datePublished":"2022-09-07T08:57:09+00:00","dateModified":"2025-03-09T11:39:06+00:00","description":"Descubra el disyuntor de vac\u00edo para interiores de JYIELE, con tres estaciones para un control y una protecci\u00f3n el\u00e9ctricos eficaces. Fabricado para ofrecer fiabilidad y rendimiento, este disyuntor garantiza un funcionamiento perfecto en entornos interiores, proporcionando una protecci\u00f3n de circuito esencial para diversas aplicaciones.","breadcrumb":{"@id":"https:\/\/www.jyiele.com\/product\/three-station-indoor-vacuum-ckt-breaker\/#breadcrumb"},"inLanguage":"es","potentialAction":[{"@type":"ReadAction","target":["https:\/\/www.jyiele.com\/product\/three-station-indoor-vacuum-ckt-breaker\/"]}]},{"@type":"ImageObject","inLanguage":"es","@id":"https:\/\/www.jyiele.com\/product\/three-station-indoor-vacuum-ckt-breaker\/#primaryimage","url":"https:\/\/www.jyiele.com\/wp-content\/uploads\/2020\/04\/three-station-indoor-vacuum-ckt-breaker.webp","contentUrl":"https:\/\/www.jyiele.com\/wp-content\/uploads\/2020\/04\/three-station-indoor-vacuum-ckt-breaker.webp","width":600,"height":600,"caption":"three-station-indoor-vacuum-ckt-breaker"},{"@type":"BreadcrumbList","@id":"https:\/\/www.jyiele.com\/product\/three-station-indoor-vacuum-ckt-breaker\/#breadcrumb","itemListElement":[{"@type":"ListItem","position":1,"name":"Home","item":"https:\/\/www.jyiele.com\/"},{"@type":"ListItem","position":2,"name":"Product","item":"https:\/\/www.jyiele.com\/product\/"},{"@type":"ListItem","position":3,"name":"Vacuum Circuit Breaker","item":"https:\/\/www.jyiele.com\/product-category\/vacuum-circuit-breaker\/"},{"@type":"ListItem","position":4,"name":"BQVN-12GD Three Station Indoor Vacuum Ckt Breaker"}]},{"@type":"WebSite","@id":"https:\/\/www.jyiele.com\/#website","url":"https:\/\/www.jyiele.com\/","name":"JYIELE","description":"Fabricante de disyuntores de vac\u00edo","publisher":{"@id":"https:\/\/www.jyiele.com\/#organization"},"potentialAction":[{"@type":"SearchAction","target":{"@type":"EntryPoint","urlTemplate":"https:\/\/www.jyiele.com\/?s={search_term_string}"},"query-input":{"@type":"PropertyValueSpecification","valueRequired":true,"valueName":"search_term_string"}}],"inLanguage":"es"},{"@type":"Organization","@id":"https:\/\/www.jyiele.com\/#organization","name":"JYIELE","url":"https:\/\/www.jyiele.com\/","logo":{"@type":"ImageObject","inLanguage":"es","@id":"https:\/\/www.jyiele.com\/#\/schema\/logo\/image\/","url":"https:\/\/www.jyiele.com\/wp-content\/uploads\/2024\/09\/cropped-jyele-1.webp","contentUrl":"https:\/\/www.jyiele.com\/wp-content\/uploads\/2024\/09\/cropped-jyele-1.webp","width":137,"height":60,"caption":"JYIELE"},"image":{"@id":"https:\/\/www.jyiele.com\/#\/schema\/logo\/image\/"}}]}},"_links":{"self":[{"href":"https:\/\/www.jyiele.com\/es\/wp-json\/wp\/v2\/product\/19","targetHints":{"allow":["GET"]}}],"collection":[{"href":"https:\/\/www.jyiele.com\/es\/wp-json\/wp\/v2\/product"}],"about":[{"href":"https:\/\/www.jyiele.com\/es\/wp-json\/wp\/v2\/types\/product"}],"version-history":[{"count":1,"href":"https:\/\/www.jyiele.com\/es\/wp-json\/wp\/v2\/product\/19\/revisions"}],"predecessor-version":[{"id":1483,"href":"https:\/\/www.jyiele.com\/es\/wp-json\/wp\/v2\/product\/19\/revisions\/1483"}],"wp:featuredmedia":[{"embeddable":true,"href":"https:\/\/www.jyiele.com\/es\/wp-json\/wp\/v2\/media\/1217"}],"wp:attachment":[{"href":"https:\/\/www.jyiele.com\/es\/wp-json\/wp\/v2\/media?parent=19"}],"wp:term":[{"taxonomy":"product_brand","embeddable":true,"href":"https:\/\/www.jyiele.com\/es\/wp-json\/wp\/v2\/product_brand?post=19"},{"taxonomy":"product_cat","embeddable":true,"href":"https:\/\/www.jyiele.com\/es\/wp-json\/wp\/v2\/product_cat?post=19"},{"taxonomy":"product_tag","embeddable":true,"href":"https:\/\/www.jyiele.com\/es\/wp-json\/wp\/v2\/product_tag?post=19"}],"curies":[{"name":"wp","href":"https:\/\/api.w.org\/{rel}","templated":true}]}}